{"id":137403,"date":"2021-04-18T00:00:00","date_gmt":"2021-04-18T00:00:00","guid":{"rendered":"https:\/\/www.iplay.com\/games\/amandas-magic-book-3-the-spirt-world\/"},"modified":"2021-04-18T00:00:00","modified_gmt":"2021-04-18T00:00:00","slug":"amandas-magic-book-3-the-spirt-world","status":"publish","type":"product","link":"https:\/\/www.iplay.com\/es\/games\/amandas-magic-book-3-the-spirt-world\/","title":{"rendered":"Amanda&#8217;s Magic Book 3: The Spirt World"},"content":{"rendered":"<p>Amanda pens\u00f3 que su vida hab\u00eda vuelto a la normalidad despu\u00e9s de sus extra\u00f1os viajes en mundos m\u00e1gicos, pero cuando su abuelo desaparece, se encuentra viajando m\u00e1s all\u00e1 del mundo que conoce una vez m\u00e1s, esta vez al mundo de los esp\u00edritus. El mundo de los esp\u00edritus coexiste con el nuestro, pero los esp\u00edritus inquietos pueden poner en peligro a los vivos. Amanda se propone encontrarlo y descubrir la verdad sobre el misterioso esp\u00edritu enmascarado al que intentaba ayudar, usando solo su cuaderno como gu\u00eda.  <\/p>\n<p>&nbsp;<\/p>\n<p>&nbsp;<\/p>\n<p><strong>  Funciones:<\/strong><\/p>\n<p>&nbsp;<\/p>\n<p>&#8211; Una nueva historia sobre Amanda mientras viaja a otro mundo.<\/p>\n<p>&#8211; Termina los cinco cap\u00edtulos para salvar al abuelo de Amanda.<\/p>\n<p>&#8211; 20 mejoras, as\u00ed como personajes atractivos de la trama.<\/p>\n<p>&#8211; Ten cuidado con los fantasmas, los esp\u00edritus y los m\u00e9diums.<\/p>\n<p>&#8211; Nuevos puzles match-3 para resolver con el fin de terminar la misi\u00f3n.<\/p>\n","protected":false},"excerpt":{"rendered":"<p>Ayuda a Amanda en el Libro M\u00e1gico de Amanda 3: El Mundo de los Esp\u00edritus para salvar a su abuelo.<\/p>\n","protected":false},"author":42,"featured_media":80315,"comment_status":"open","ping_status":"closed","template":"","meta":{"_acf_changed":false,"inline_featured_image":false},"product_brand":[],"product_cat":[192],"product_tag":[],"class_list":{"0":"post-137403","1":"product","2":"type-product","3":"status-publish","4":"has-post-thumbnail","6":"product_cat-puzzle-es","8":"first","9":"instock","10":"shipping-taxable","11":"purchasable","12":"product-type-simple"},"acf":[],"yoast_head":"<!-- This site is optimized with the Yoast SEO Premium plugin v25.2 (Yoast SEO v25.2) - https:\/\/yoast.com\/wordpress\/plugins\/seo\/ -->\n<title>El Libro M\u00e1gico de Amanda 3: El Mundo Espiritual - Salva al abuelo de Amanda en el Libro M\u00e1gico 3 - Mundo de los Esp\u00edritus<\/title>\n<meta name=\"description\" content=\"Ayuda a Amanda en el Libro M\u00e1gico de Amanda 3: El Mundo de los Esp\u00edritus para salvar a su abuelo.\" \/>\n<meta name=\"robots\" content=\"index, follow, max-snippet:-1, max-image-preview:large, max-video-preview:-1\" \/>\n<link rel=\"canonical\" href=\"https:\/\/www.iplay.com\/es\/games\/amandas-magic-book-3-the-spirt-world\/\" \/>\n<meta property=\"og:locale\" content=\"es_ES\" \/>\n<meta property=\"og:type\" content=\"article\" \/>\n<meta property=\"og:title\" content=\"Amanda&#039;s Magic Book 3: The Spirt World\" \/>\n<meta property=\"og:description\" content=\"Ayuda a Amanda en el Libro M\u00e1gico de Amanda 3: El Mundo de los Esp\u00edritus para salvar a su abuelo.\" \/>\n<meta property=\"og:url\" content=\"https:\/\/www.iplay.com\/es\/games\/amandas-magic-book-3-the-spirt-world\/\" \/>\n<meta property=\"og:site_name\" content=\"IPlay\" \/>\n<meta property=\"og:image\" content=\"https:\/\/www.iplay.com\/wp-content\/uploads\/2023\/12\/large_square_tile_image-2524.jpg\" \/>\n\t<meta property=\"og:image:width\" content=\"310\" \/>\n\t<meta property=\"og:image:height\" content=\"310\" \/>\n\t<meta property=\"og:image:type\" content=\"image\/jpeg\" \/>\n<meta name=\"twitter:card\" content=\"summary_large_image\" \/>\n<meta name=\"twitter:label1\" content=\"Est. reading time\" \/>\n\t<meta name=\"twitter:data1\" content=\"1 minuto\" \/>\n<script type=\"application\/ld+json\" class=\"yoast-schema-graph\">{\"@context\":\"https:\/\/schema.org\",\"@graph\":[{\"@type\":\"WebPage\",\"@id\":\"https:\/\/www.iplay.com\/es\/games\/amandas-magic-book-3-the-spirt-world\/\",\"url\":\"https:\/\/www.iplay.com\/es\/games\/amandas-magic-book-3-the-spirt-world\/\",\"name\":\"El Libro M\u00e1gico de Amanda 3: El Mundo Espiritual - Salva al abuelo de Amanda en el Libro M\u00e1gico 3 - Mundo de los Esp\u00edritus\",\"isPartOf\":{\"@id\":\"https:\/\/www.iplay.com\/en\/#website\"},\"primaryImageOfPage\":{\"@id\":\"https:\/\/www.iplay.com\/es\/games\/amandas-magic-book-3-the-spirt-world\/#primaryimage\"},\"image\":{\"@id\":\"https:\/\/www.iplay.com\/es\/games\/amandas-magic-book-3-the-spirt-world\/#primaryimage\"},\"thumbnailUrl\":\"https:\/\/www.iplay.com\/wp-content\/uploads\/2023\/12\/large_square_tile_image-2524.jpg\",\"datePublished\":\"2021-04-18T00:00:00+00:00\",\"description\":\"Ayuda a Amanda en el Libro M\u00e1gico de Amanda 3: El Mundo de los Esp\u00edritus para salvar a su abuelo.\",\"breadcrumb\":{\"@id\":\"https:\/\/www.iplay.com\/es\/games\/amandas-magic-book-3-the-spirt-world\/#breadcrumb\"},\"inLanguage\":\"es\",\"potentialAction\":[{\"@type\":\"ReadAction\",\"target\":[\"https:\/\/www.iplay.com\/es\/games\/amandas-magic-book-3-the-spirt-world\/\"]}]},{\"@type\":\"ImageObject\",\"inLanguage\":\"es\",\"@id\":\"https:\/\/www.iplay.com\/es\/games\/amandas-magic-book-3-the-spirt-world\/#primaryimage\",\"url\":\"https:\/\/www.iplay.com\/wp-content\/uploads\/2023\/12\/large_square_tile_image-2524.jpg\",\"contentUrl\":\"https:\/\/www.iplay.com\/wp-content\/uploads\/2023\/12\/large_square_tile_image-2524.jpg\",\"width\":310,\"height\":310},{\"@type\":\"BreadcrumbList\",\"@id\":\"https:\/\/www.iplay.com\/es\/games\/amandas-magic-book-3-the-spirt-world\/#breadcrumb\",\"itemListElement\":[{\"@type\":\"ListItem\",\"position\":1,\"name\":\"Home\",\"item\":\"https:\/\/www.iplay.com\/es\/home-page-2\/\"},{\"@type\":\"ListItem\",\"position\":2,\"name\":\"Shop\",\"item\":\"https:\/\/www.iplay.com\/en\/shop\/\"},{\"@type\":\"ListItem\",\"position\":3,\"name\":\"Amanda&#8217;s Magic Book 3: The Spirt World\"}]},{\"@type\":\"WebSite\",\"@id\":\"https:\/\/www.iplay.com\/en\/#website\",\"url\":\"https:\/\/www.iplay.com\/en\/\",\"name\":\"IPlay\",\"description\":\"The Best Casual Games!\",\"publisher\":{\"@id\":\"https:\/\/www.iplay.com\/en\/#organization\"},\"potentialAction\":[{\"@type\":\"SearchAction\",\"target\":{\"@type\":\"EntryPoint\",\"urlTemplate\":\"https:\/\/www.iplay.com\/en\/?s={search_term_string}\"},\"query-input\":{\"@type\":\"PropertyValueSpecification\",\"valueRequired\":true,\"valueName\":\"search_term_string\"}}],\"inLanguage\":\"es\"},{\"@type\":\"Organization\",\"@id\":\"https:\/\/www.iplay.com\/en\/#organization\",\"name\":\"IPlay\",\"url\":\"https:\/\/www.iplay.com\/en\/\",\"logo\":{\"@type\":\"ImageObject\",\"inLanguage\":\"es\",\"@id\":\"https:\/\/www.iplay.com\/en\/#\/schema\/logo\/image\/\",\"url\":\"https:\/\/www.iplay.com\/wp-content\/uploads\/2023\/11\/Group-6100.svg\",\"contentUrl\":\"https:\/\/www.iplay.com\/wp-content\/uploads\/2023\/11\/Group-6100.svg\",\"width\":98,\"height\":25,\"caption\":\"IPlay\"},\"image\":{\"@id\":\"https:\/\/www.iplay.com\/en\/#\/schema\/logo\/image\/\"}}]}<\/script>\n<!-- \/ Yoast SEO Premium plugin. -->","yoast_head_json":{"title":"El Libro M\u00e1gico de Amanda 3: El Mundo Espiritual - Salva al abuelo de Amanda en el Libro M\u00e1gico 3 - Mundo de los Esp\u00edritus","description":"Ayuda a Amanda en el Libro M\u00e1gico de Amanda 3: El Mundo de los Esp\u00edritus para salvar a su abuelo.","robots":{"index":"index","follow":"follow","max-snippet":"max-snippet:-1","max-image-preview":"max-image-preview:large","max-video-preview":"max-video-preview:-1"},"canonical":"https:\/\/www.iplay.com\/es\/games\/amandas-magic-book-3-the-spirt-world\/","og_locale":"es_ES","og_type":"article","og_title":"Amanda's Magic Book 3: The Spirt World","og_description":"Ayuda a Amanda en el Libro M\u00e1gico de Amanda 3: El Mundo de los Esp\u00edritus para salvar a su abuelo.","og_url":"https:\/\/www.iplay.com\/es\/games\/amandas-magic-book-3-the-spirt-world\/","og_site_name":"IPlay","og_image":[{"width":310,"height":310,"url":"https:\/\/www.iplay.com\/wp-content\/uploads\/2023\/12\/large_square_tile_image-2524.jpg","type":"image\/jpeg"}],"twitter_card":"summary_large_image","twitter_misc":{"Est. reading time":"1 minuto"},"schema":{"@context":"https:\/\/schema.org","@graph":[{"@type":"WebPage","@id":"https:\/\/www.iplay.com\/es\/games\/amandas-magic-book-3-the-spirt-world\/","url":"https:\/\/www.iplay.com\/es\/games\/amandas-magic-book-3-the-spirt-world\/","name":"El Libro M\u00e1gico de Amanda 3: El Mundo Espiritual - Salva al abuelo de Amanda en el Libro M\u00e1gico 3 - Mundo de los Esp\u00edritus","isPartOf":{"@id":"https:\/\/www.iplay.com\/en\/#website"},"primaryImageOfPage":{"@id":"https:\/\/www.iplay.com\/es\/games\/amandas-magic-book-3-the-spirt-world\/#primaryimage"},"image":{"@id":"https:\/\/www.iplay.com\/es\/games\/amandas-magic-book-3-the-spirt-world\/#primaryimage"},"thumbnailUrl":"https:\/\/www.iplay.com\/wp-content\/uploads\/2023\/12\/large_square_tile_image-2524.jpg","datePublished":"2021-04-18T00:00:00+00:00","description":"Ayuda a Amanda en el Libro M\u00e1gico de Amanda 3: El Mundo de los Esp\u00edritus para salvar a su abuelo.","breadcrumb":{"@id":"https:\/\/www.iplay.com\/es\/games\/amandas-magic-book-3-the-spirt-world\/#breadcrumb"},"inLanguage":"es","potentialAction":[{"@type":"ReadAction","target":["https:\/\/www.iplay.com\/es\/games\/amandas-magic-book-3-the-spirt-world\/"]}]},{"@type":"ImageObject","inLanguage":"es","@id":"https:\/\/www.iplay.com\/es\/games\/amandas-magic-book-3-the-spirt-world\/#primaryimage","url":"https:\/\/www.iplay.com\/wp-content\/uploads\/2023\/12\/large_square_tile_image-2524.jpg","contentUrl":"https:\/\/www.iplay.com\/wp-content\/uploads\/2023\/12\/large_square_tile_image-2524.jpg","width":310,"height":310},{"@type":"BreadcrumbList","@id":"https:\/\/www.iplay.com\/es\/games\/amandas-magic-book-3-the-spirt-world\/#breadcrumb","itemListElement":[{"@type":"ListItem","position":1,"name":"Home","item":"https:\/\/www.iplay.com\/es\/home-page-2\/"},{"@type":"ListItem","position":2,"name":"Shop","item":"https:\/\/www.iplay.com\/en\/shop\/"},{"@type":"ListItem","position":3,"name":"Amanda&#8217;s Magic Book 3: The Spirt World"}]},{"@type":"WebSite","@id":"https:\/\/www.iplay.com\/en\/#website","url":"https:\/\/www.iplay.com\/en\/","name":"IPlay","description":"The Best Casual Games!","publisher":{"@id":"https:\/\/www.iplay.com\/en\/#organization"},"potentialAction":[{"@type":"SearchAction","target":{"@type":"EntryPoint","urlTemplate":"https:\/\/www.iplay.com\/en\/?s={search_term_string}"},"query-input":{"@type":"PropertyValueSpecification","valueRequired":true,"valueName":"search_term_string"}}],"inLanguage":"es"},{"@type":"Organization","@id":"https:\/\/www.iplay.com\/en\/#organization","name":"IPlay","url":"https:\/\/www.iplay.com\/en\/","logo":{"@type":"ImageObject","inLanguage":"es","@id":"https:\/\/www.iplay.com\/en\/#\/schema\/logo\/image\/","url":"https:\/\/www.iplay.com\/wp-content\/uploads\/2023\/11\/Group-6100.svg","contentUrl":"https:\/\/www.iplay.com\/wp-content\/uploads\/2023\/11\/Group-6100.svg","width":98,"height":25,"caption":"IPlay"},"image":{"@id":"https:\/\/www.iplay.com\/en\/#\/schema\/logo\/image\/"}}]}},"_links":{"self":[{"href":"https:\/\/www.iplay.com\/es\/wp-json\/wp\/v2\/product\/137403","targetHints":{"allow":["GET"]}}],"collection":[{"href":"https:\/\/www.iplay.com\/es\/wp-json\/wp\/v2\/product"}],"about":[{"href":"https:\/\/www.iplay.com\/es\/wp-json\/wp\/v2\/types\/product"}],"author":[{"embeddable":true,"href":"https:\/\/www.iplay.com\/es\/wp-json\/wp\/v2\/users\/42"}],"replies":[{"embeddable":true,"href":"https:\/\/www.iplay.com\/es\/wp-json\/wp\/v2\/comments?post=137403"}],"wp:featuredmedia":[{"embeddable":true,"href":"https:\/\/www.iplay.com\/es\/wp-json\/wp\/v2\/media\/80315"}],"wp:attachment":[{"href":"https:\/\/www.iplay.com\/es\/wp-json\/wp\/v2\/media?parent=137403"}],"wp:term":[{"taxonomy":"product_brand","embeddable":true,"href":"https:\/\/www.iplay.com\/es\/wp-json\/wp\/v2\/product_brand?post=137403"},{"taxonomy":"product_cat","embeddable":true,"href":"https:\/\/www.iplay.com\/es\/wp-json\/wp\/v2\/product_cat?post=137403"},{"taxonomy":"product_tag","embeddable":true,"href":"https:\/\/www.iplay.com\/es\/wp-json\/wp\/v2\/product_tag?post=137403"}],"curies":[{"name":"wp","href":"https:\/\/api.w.org\/{rel}","templated":true}]}}