{"id":137371,"date":"2021-03-14T00:00:00","date_gmt":"2021-03-14T00:00:00","guid":{"rendered":"https:\/\/www.iplay.com\/games\/murder-by-moonlight-crimson-night\/"},"modified":"2021-03-14T00:00:00","modified_gmt":"2021-03-14T00:00:00","slug":"murder-by-moonlight-crimson-night","status":"publish","type":"product","link":"https:\/\/www.iplay.com\/es\/games\/murder-by-moonlight-crimson-night\/","title":{"rendered":"Murder by Moonlight: Crimson Night"},"content":{"rendered":"<p>La ciudad se ha visto sacudida por extra\u00f1os asesinatos, cometidos por un asesino trastornado que solo aparece por la noche y agota las reservas de vida de sus v\u00edctimas. Despu\u00e9s de ser asignado al caso, el detective Elliot Moore comienza a sospechar de un psiquiatra llamado Dr. Lewis Holland. Carol, una de las pacientes de Lewis, todav\u00eda se est\u00e1 recuperando del horrible evento que tuvo en su antigua ciudad cuando fue atacada por un hombre lobo. Debido al apoyo que \u00e9l le ha brindado, ella se ha acercado m\u00e1s a \u00e9l con el tiempo y ahora lo ve como algo m\u00e1s que un simple m\u00e9dico. El caso de Elliot lo lleva directamente a Carol despu\u00e9s de que Lewis desaparece abruptamente, y mientras ambos buscan la verdad, surge una turbia red de falsedades.    <\/p>\n<p>&nbsp;<\/p>\n<p>&nbsp;<\/p>\n<p><strong>Funciones:<\/strong><\/p>\n<p>&nbsp;<\/p>\n<p>&#8211; Un emocionante misterio sobrenatural repartido en cinco cap\u00edtulos<\/p>\n<p>&#8211; \u00bfMentiras o verdades? \u00bfCarol es capaz de confiar en qui\u00e9n? <\/p>\n<p>&#8211; Dif\u00edciles acertijos de combina 3 para revelar la trama<\/p>\n<p>&#8211; Divertidos juegos de objetos ocultos<\/p>\n<p>&#8211; Descubre la siniestra verdad que subyace en la oleada de homicidios<\/p>\n","protected":false},"excerpt":{"rendered":"<p>Ayuda a Elliot Moore en Asesinato a la luz de la luna &#8211; Noche carmes\u00ed a resolver el peculiar caso.<\/p>\n","protected":false},"author":42,"featured_media":80603,"comment_status":"open","ping_status":"closed","template":"","meta":{"_acf_changed":false,"inline_featured_image":false},"product_brand":[],"product_cat":[192],"product_tag":[],"class_list":{"0":"post-137371","1":"product","2":"type-product","3":"status-publish","4":"has-post-thumbnail","6":"product_cat-puzzle-es","8":"first","9":"instock","10":"shipping-taxable","11":"purchasable","12":"product-type-simple"},"acf":[],"yoast_head":"<!-- This site is optimized with the Yoast SEO Premium plugin v25.2 (Yoast SEO v25.2) - https:\/\/yoast.com\/wordpress\/plugins\/seo\/ -->\n<title>Murder by Moonlight: Crimson Night - Resuelve un caso inusual en Murder by Moonlight - Crimson Night<\/title>\n<meta name=\"description\" content=\"Ayuda a Elliot Moore en Asesinato a la luz de la luna - Noche carmes\u00ed a resolver el peculiar caso.\" \/>\n<meta name=\"robots\" content=\"index, follow, max-snippet:-1, max-image-preview:large, max-video-preview:-1\" \/>\n<link rel=\"canonical\" href=\"https:\/\/www.iplay.com\/es\/games\/murder-by-moonlight-crimson-night\/\" \/>\n<meta property=\"og:locale\" content=\"es_ES\" \/>\n<meta property=\"og:type\" content=\"article\" \/>\n<meta property=\"og:title\" content=\"Murder by Moonlight: Crimson Night\" \/>\n<meta property=\"og:description\" content=\"Ayuda a Elliot Moore en Asesinato a la luz de la luna - Noche carmes\u00ed a resolver el peculiar caso.\" \/>\n<meta property=\"og:url\" content=\"https:\/\/www.iplay.com\/es\/games\/murder-by-moonlight-crimson-night\/\" \/>\n<meta property=\"og:site_name\" content=\"IPlay\" \/>\n<meta property=\"og:image\" content=\"https:\/\/www.iplay.com\/wp-content\/uploads\/2023\/12\/large_square_tile_image-2543.jpg\" \/>\n\t<meta property=\"og:image:width\" content=\"310\" \/>\n\t<meta property=\"og:image:height\" content=\"310\" \/>\n\t<meta property=\"og:image:type\" content=\"image\/jpeg\" \/>\n<meta name=\"twitter:card\" content=\"summary_large_image\" \/>\n<meta name=\"twitter:label1\" content=\"Est. reading time\" \/>\n\t<meta name=\"twitter:data1\" content=\"1 minuto\" \/>\n<script type=\"application\/ld+json\" class=\"yoast-schema-graph\">{\"@context\":\"https:\/\/schema.org\",\"@graph\":[{\"@type\":\"WebPage\",\"@id\":\"https:\/\/www.iplay.com\/es\/games\/murder-by-moonlight-crimson-night\/\",\"url\":\"https:\/\/www.iplay.com\/es\/games\/murder-by-moonlight-crimson-night\/\",\"name\":\"Murder by Moonlight: Crimson Night - Resuelve un caso inusual en Murder by Moonlight - Crimson Night\",\"isPartOf\":{\"@id\":\"https:\/\/www.iplay.com\/en\/#website\"},\"primaryImageOfPage\":{\"@id\":\"https:\/\/www.iplay.com\/es\/games\/murder-by-moonlight-crimson-night\/#primaryimage\"},\"image\":{\"@id\":\"https:\/\/www.iplay.com\/es\/games\/murder-by-moonlight-crimson-night\/#primaryimage\"},\"thumbnailUrl\":\"https:\/\/www.iplay.com\/wp-content\/uploads\/2023\/12\/large_square_tile_image-2543.jpg\",\"datePublished\":\"2021-03-14T00:00:00+00:00\",\"description\":\"Ayuda a Elliot Moore en Asesinato a la luz de la luna - Noche carmes\u00ed a resolver el peculiar caso.\",\"breadcrumb\":{\"@id\":\"https:\/\/www.iplay.com\/es\/games\/murder-by-moonlight-crimson-night\/#breadcrumb\"},\"inLanguage\":\"es\",\"potentialAction\":[{\"@type\":\"ReadAction\",\"target\":[\"https:\/\/www.iplay.com\/es\/games\/murder-by-moonlight-crimson-night\/\"]}]},{\"@type\":\"ImageObject\",\"inLanguage\":\"es\",\"@id\":\"https:\/\/www.iplay.com\/es\/games\/murder-by-moonlight-crimson-night\/#primaryimage\",\"url\":\"https:\/\/www.iplay.com\/wp-content\/uploads\/2023\/12\/large_square_tile_image-2543.jpg\",\"contentUrl\":\"https:\/\/www.iplay.com\/wp-content\/uploads\/2023\/12\/large_square_tile_image-2543.jpg\",\"width\":310,\"height\":310},{\"@type\":\"BreadcrumbList\",\"@id\":\"https:\/\/www.iplay.com\/es\/games\/murder-by-moonlight-crimson-night\/#breadcrumb\",\"itemListElement\":[{\"@type\":\"ListItem\",\"position\":1,\"name\":\"Home\",\"item\":\"https:\/\/www.iplay.com\/es\/home-page-2\/\"},{\"@type\":\"ListItem\",\"position\":2,\"name\":\"Shop\",\"item\":\"https:\/\/www.iplay.com\/en\/shop\/\"},{\"@type\":\"ListItem\",\"position\":3,\"name\":\"Murder by Moonlight: Crimson Night\"}]},{\"@type\":\"WebSite\",\"@id\":\"https:\/\/www.iplay.com\/en\/#website\",\"url\":\"https:\/\/www.iplay.com\/en\/\",\"name\":\"IPlay\",\"description\":\"The Best Casual Games!\",\"publisher\":{\"@id\":\"https:\/\/www.iplay.com\/en\/#organization\"},\"potentialAction\":[{\"@type\":\"SearchAction\",\"target\":{\"@type\":\"EntryPoint\",\"urlTemplate\":\"https:\/\/www.iplay.com\/en\/?s={search_term_string}\"},\"query-input\":{\"@type\":\"PropertyValueSpecification\",\"valueRequired\":true,\"valueName\":\"search_term_string\"}}],\"inLanguage\":\"es\"},{\"@type\":\"Organization\",\"@id\":\"https:\/\/www.iplay.com\/en\/#organization\",\"name\":\"IPlay\",\"url\":\"https:\/\/www.iplay.com\/en\/\",\"logo\":{\"@type\":\"ImageObject\",\"inLanguage\":\"es\",\"@id\":\"https:\/\/www.iplay.com\/en\/#\/schema\/logo\/image\/\",\"url\":\"https:\/\/www.iplay.com\/wp-content\/uploads\/2023\/11\/Group-6100.svg\",\"contentUrl\":\"https:\/\/www.iplay.com\/wp-content\/uploads\/2023\/11\/Group-6100.svg\",\"width\":98,\"height\":25,\"caption\":\"IPlay\"},\"image\":{\"@id\":\"https:\/\/www.iplay.com\/en\/#\/schema\/logo\/image\/\"}}]}<\/script>\n<!-- \/ Yoast SEO Premium plugin. -->","yoast_head_json":{"title":"Murder by Moonlight: Crimson Night - Resuelve un caso inusual en Murder by Moonlight - Crimson Night","description":"Ayuda a Elliot Moore en Asesinato a la luz de la luna - Noche carmes\u00ed a resolver el peculiar caso.","robots":{"index":"index","follow":"follow","max-snippet":"max-snippet:-1","max-image-preview":"max-image-preview:large","max-video-preview":"max-video-preview:-1"},"canonical":"https:\/\/www.iplay.com\/es\/games\/murder-by-moonlight-crimson-night\/","og_locale":"es_ES","og_type":"article","og_title":"Murder by Moonlight: Crimson Night","og_description":"Ayuda a Elliot Moore en Asesinato a la luz de la luna - Noche carmes\u00ed a resolver el peculiar caso.","og_url":"https:\/\/www.iplay.com\/es\/games\/murder-by-moonlight-crimson-night\/","og_site_name":"IPlay","og_image":[{"width":310,"height":310,"url":"https:\/\/www.iplay.com\/wp-content\/uploads\/2023\/12\/large_square_tile_image-2543.jpg","type":"image\/jpeg"}],"twitter_card":"summary_large_image","twitter_misc":{"Est. reading time":"1 minuto"},"schema":{"@context":"https:\/\/schema.org","@graph":[{"@type":"WebPage","@id":"https:\/\/www.iplay.com\/es\/games\/murder-by-moonlight-crimson-night\/","url":"https:\/\/www.iplay.com\/es\/games\/murder-by-moonlight-crimson-night\/","name":"Murder by Moonlight: Crimson Night - Resuelve un caso inusual en Murder by Moonlight - Crimson Night","isPartOf":{"@id":"https:\/\/www.iplay.com\/en\/#website"},"primaryImageOfPage":{"@id":"https:\/\/www.iplay.com\/es\/games\/murder-by-moonlight-crimson-night\/#primaryimage"},"image":{"@id":"https:\/\/www.iplay.com\/es\/games\/murder-by-moonlight-crimson-night\/#primaryimage"},"thumbnailUrl":"https:\/\/www.iplay.com\/wp-content\/uploads\/2023\/12\/large_square_tile_image-2543.jpg","datePublished":"2021-03-14T00:00:00+00:00","description":"Ayuda a Elliot Moore en Asesinato a la luz de la luna - Noche carmes\u00ed a resolver el peculiar caso.","breadcrumb":{"@id":"https:\/\/www.iplay.com\/es\/games\/murder-by-moonlight-crimson-night\/#breadcrumb"},"inLanguage":"es","potentialAction":[{"@type":"ReadAction","target":["https:\/\/www.iplay.com\/es\/games\/murder-by-moonlight-crimson-night\/"]}]},{"@type":"ImageObject","inLanguage":"es","@id":"https:\/\/www.iplay.com\/es\/games\/murder-by-moonlight-crimson-night\/#primaryimage","url":"https:\/\/www.iplay.com\/wp-content\/uploads\/2023\/12\/large_square_tile_image-2543.jpg","contentUrl":"https:\/\/www.iplay.com\/wp-content\/uploads\/2023\/12\/large_square_tile_image-2543.jpg","width":310,"height":310},{"@type":"BreadcrumbList","@id":"https:\/\/www.iplay.com\/es\/games\/murder-by-moonlight-crimson-night\/#breadcrumb","itemListElement":[{"@type":"ListItem","position":1,"name":"Home","item":"https:\/\/www.iplay.com\/es\/home-page-2\/"},{"@type":"ListItem","position":2,"name":"Shop","item":"https:\/\/www.iplay.com\/en\/shop\/"},{"@type":"ListItem","position":3,"name":"Murder by Moonlight: Crimson Night"}]},{"@type":"WebSite","@id":"https:\/\/www.iplay.com\/en\/#website","url":"https:\/\/www.iplay.com\/en\/","name":"IPlay","description":"The Best Casual Games!","publisher":{"@id":"https:\/\/www.iplay.com\/en\/#organization"},"potentialAction":[{"@type":"SearchAction","target":{"@type":"EntryPoint","urlTemplate":"https:\/\/www.iplay.com\/en\/?s={search_term_string}"},"query-input":{"@type":"PropertyValueSpecification","valueRequired":true,"valueName":"search_term_string"}}],"inLanguage":"es"},{"@type":"Organization","@id":"https:\/\/www.iplay.com\/en\/#organization","name":"IPlay","url":"https:\/\/www.iplay.com\/en\/","logo":{"@type":"ImageObject","inLanguage":"es","@id":"https:\/\/www.iplay.com\/en\/#\/schema\/logo\/image\/","url":"https:\/\/www.iplay.com\/wp-content\/uploads\/2023\/11\/Group-6100.svg","contentUrl":"https:\/\/www.iplay.com\/wp-content\/uploads\/2023\/11\/Group-6100.svg","width":98,"height":25,"caption":"IPlay"},"image":{"@id":"https:\/\/www.iplay.com\/en\/#\/schema\/logo\/image\/"}}]}},"_links":{"self":[{"href":"https:\/\/www.iplay.com\/es\/wp-json\/wp\/v2\/product\/137371","targetHints":{"allow":["GET"]}}],"collection":[{"href":"https:\/\/www.iplay.com\/es\/wp-json\/wp\/v2\/product"}],"about":[{"href":"https:\/\/www.iplay.com\/es\/wp-json\/wp\/v2\/types\/product"}],"author":[{"embeddable":true,"href":"https:\/\/www.iplay.com\/es\/wp-json\/wp\/v2\/users\/42"}],"replies":[{"embeddable":true,"href":"https:\/\/www.iplay.com\/es\/wp-json\/wp\/v2\/comments?post=137371"}],"wp:featuredmedia":[{"embeddable":true,"href":"https:\/\/www.iplay.com\/es\/wp-json\/wp\/v2\/media\/80603"}],"wp:attachment":[{"href":"https:\/\/www.iplay.com\/es\/wp-json\/wp\/v2\/media?parent=137371"}],"wp:term":[{"taxonomy":"product_brand","embeddable":true,"href":"https:\/\/www.iplay.com\/es\/wp-json\/wp\/v2\/product_brand?post=137371"},{"taxonomy":"product_cat","embeddable":true,"href":"https:\/\/www.iplay.com\/es\/wp-json\/wp\/v2\/product_cat?post=137371"},{"taxonomy":"product_tag","embeddable":true,"href":"https:\/\/www.iplay.com\/es\/wp-json\/wp\/v2\/product_tag?post=137371"}],"curies":[{"name":"wp","href":"https:\/\/api.w.org\/{rel}","templated":true}]}}