{"id":137343,"date":"2021-02-19T00:00:00","date_gmt":"2021-02-19T00:00:00","guid":{"rendered":"https:\/\/www.iplay.com\/games\/detective-notes-lighthouse-mystery-solitaire\/"},"modified":"2021-02-19T00:00:00","modified_gmt":"2021-02-19T00:00:00","slug":"detective-notes-lighthouse-mystery-solitaire","status":"publish","type":"product","link":"https:\/\/www.iplay.com\/es\/games\/detective-notes-lighthouse-mystery-solitaire\/","title":{"rendered":"Detective notes &#8211; Lighthouse Mystery Solitaire"},"content":{"rendered":"<p>Para lograr sus objetivos, Mark y su hermana Lily tomaron la decisi\u00f3n de abandonar su ciudad natal. Entonces se les revela que su padre ha desaparecido. Despu\u00e9s de enterarse de la noticia, regresan r\u00e1pidamente a casa y, con la ayuda de un detective, comienzan la b\u00fasqueda de su padre. Descubrir\u00e1n durante su investigaci\u00f3n que la desaparici\u00f3n de su padre es solo el comienzo. Alguien intenta despistarlos mientras se sumergen m\u00e1s profundamente en el misterio. Demasiadas personas sospechan y las pistas se enredan. Para descubrir a su padre, los h\u00e9roes y el detective tendr\u00e1n que seguir el rastro del criminal. Sin embargo, eso no es todo. \u00a1Termina 200 dise\u00f1os de solitario con diferentes niveles de dificultad, busca pistas en 20 niveles de objetos ocultos, desentierra historias olvidadas hace mucho tiempo y resuelve el enigm\u00e1tico asesinato!        <\/p>\n<p>&nbsp;<\/p>\n<p>&nbsp;<\/p>\n<p><strong>Funciones:<\/strong><\/p>\n<p>&nbsp;<\/p>\n<p>&#8211; \u00a1Un misterio en torno a una desaparici\u00f3n y una emocionante investigaci\u00f3n!<br \/>\n&#8211; \u00a1Una combinaci\u00f3n de objetos ocultos y juegos de solitario!<br \/>\n&#8211; \u00a1Un juego entretenido y f\u00e1cil de aprender!<br \/>\n&#8211; \u00a1Magn\u00edficas escenas con objetos ocultos!<br \/>\n&#8211; \u00a1Asistencia y potenciadores en el juego! \u00a1Doscientas incre\u00edbles jugadas de cartas!<br \/>\n&#8211; \u00a1Termina tareas para obtener premios y trofeos! \u00a1Supera los desaf\u00edos enfrent\u00e1ndote a las barreras!<\/p>\n","protected":false},"excerpt":{"rendered":"<p>\u00a1Maneja un caso desconcertante! Notas de detective &#8211; Faro del Solitario Misterioso <\/p>\n","protected":false},"author":39,"featured_media":80816,"comment_status":"open","ping_status":"closed","template":"","meta":{"_acf_changed":false,"inline_featured_image":false},"product_brand":[],"product_cat":[154,209],"product_tag":[288],"class_list":{"0":"post-137343","1":"product","2":"type-product","3":"status-publish","4":"has-post-thumbnail","6":"product_cat-card-es","7":"product_cat-solitaire-es","8":"product_tag-play-on-pc-es","10":"first","11":"instock","12":"shipping-taxable","13":"purchasable","14":"product-type-simple"},"acf":[],"yoast_head":"<!-- This site is optimized with the Yoast SEO Premium plugin v25.2 (Yoast SEO v25.2) - https:\/\/yoast.com\/wordpress\/plugins\/seo\/ -->\n<title>Notas de detective - Lighthouse Mystery Solitaire - Resuelve un caso desconcertante en Lighthouse Mystery Solitaire<\/title>\n<meta name=\"description\" content=\"\u00a1Maneja un caso desconcertante! Notas de detective - Faro del Solitario Misterioso\" \/>\n<meta name=\"robots\" content=\"index, follow, max-snippet:-1, max-image-preview:large, max-video-preview:-1\" \/>\n<link rel=\"canonical\" href=\"https:\/\/www.iplay.com\/es\/games\/detective-notes-lighthouse-mystery-solitaire\/\" \/>\n<meta property=\"og:locale\" content=\"es_ES\" \/>\n<meta property=\"og:type\" content=\"article\" \/>\n<meta property=\"og:title\" content=\"Detective notes - Lighthouse Mystery Solitaire\" \/>\n<meta property=\"og:description\" content=\"\u00a1Maneja un caso desconcertante! Notas de detective - Faro del Solitario Misterioso\" \/>\n<meta property=\"og:url\" content=\"https:\/\/www.iplay.com\/es\/games\/detective-notes-lighthouse-mystery-solitaire\/\" \/>\n<meta property=\"og:site_name\" content=\"IPlay\" \/>\n<meta property=\"og:image\" content=\"https:\/\/www.iplay.com\/wp-content\/uploads\/2023\/12\/large_square_tile_image-2556.jpg\" \/>\n\t<meta property=\"og:image:width\" content=\"310\" \/>\n\t<meta property=\"og:image:height\" content=\"310\" \/>\n\t<meta property=\"og:image:type\" content=\"image\/jpeg\" \/>\n<meta name=\"twitter:card\" content=\"summary_large_image\" \/>\n<meta name=\"twitter:label1\" content=\"Est. reading time\" \/>\n\t<meta name=\"twitter:data1\" content=\"1 minuto\" \/>\n<script type=\"application\/ld+json\" class=\"yoast-schema-graph\">{\"@context\":\"https:\/\/schema.org\",\"@graph\":[{\"@type\":\"WebPage\",\"@id\":\"https:\/\/www.iplay.com\/es\/games\/detective-notes-lighthouse-mystery-solitaire\/\",\"url\":\"https:\/\/www.iplay.com\/es\/games\/detective-notes-lighthouse-mystery-solitaire\/\",\"name\":\"Notas de detective - Lighthouse Mystery Solitaire - Resuelve un caso desconcertante en Lighthouse Mystery Solitaire\",\"isPartOf\":{\"@id\":\"https:\/\/www.iplay.com\/en\/#website\"},\"primaryImageOfPage\":{\"@id\":\"https:\/\/www.iplay.com\/es\/games\/detective-notes-lighthouse-mystery-solitaire\/#primaryimage\"},\"image\":{\"@id\":\"https:\/\/www.iplay.com\/es\/games\/detective-notes-lighthouse-mystery-solitaire\/#primaryimage\"},\"thumbnailUrl\":\"https:\/\/www.iplay.com\/wp-content\/uploads\/2023\/12\/large_square_tile_image-2556.jpg\",\"datePublished\":\"2021-02-19T00:00:00+00:00\",\"description\":\"\u00a1Maneja un caso desconcertante! Notas de detective - Faro del Solitario Misterioso\",\"breadcrumb\":{\"@id\":\"https:\/\/www.iplay.com\/es\/games\/detective-notes-lighthouse-mystery-solitaire\/#breadcrumb\"},\"inLanguage\":\"es\",\"potentialAction\":[{\"@type\":\"ReadAction\",\"target\":[\"https:\/\/www.iplay.com\/es\/games\/detective-notes-lighthouse-mystery-solitaire\/\"]}]},{\"@type\":\"ImageObject\",\"inLanguage\":\"es\",\"@id\":\"https:\/\/www.iplay.com\/es\/games\/detective-notes-lighthouse-mystery-solitaire\/#primaryimage\",\"url\":\"https:\/\/www.iplay.com\/wp-content\/uploads\/2023\/12\/large_square_tile_image-2556.jpg\",\"contentUrl\":\"https:\/\/www.iplay.com\/wp-content\/uploads\/2023\/12\/large_square_tile_image-2556.jpg\",\"width\":310,\"height\":310},{\"@type\":\"BreadcrumbList\",\"@id\":\"https:\/\/www.iplay.com\/es\/games\/detective-notes-lighthouse-mystery-solitaire\/#breadcrumb\",\"itemListElement\":[{\"@type\":\"ListItem\",\"position\":1,\"name\":\"Home\",\"item\":\"https:\/\/www.iplay.com\/es\/home-page-2\/\"},{\"@type\":\"ListItem\",\"position\":2,\"name\":\"Shop\",\"item\":\"https:\/\/www.iplay.com\/en\/shop\/\"},{\"@type\":\"ListItem\",\"position\":3,\"name\":\"Detective notes &#8211; Lighthouse Mystery Solitaire\"}]},{\"@type\":\"WebSite\",\"@id\":\"https:\/\/www.iplay.com\/en\/#website\",\"url\":\"https:\/\/www.iplay.com\/en\/\",\"name\":\"IPlay\",\"description\":\"The Best Casual Games!\",\"publisher\":{\"@id\":\"https:\/\/www.iplay.com\/en\/#organization\"},\"potentialAction\":[{\"@type\":\"SearchAction\",\"target\":{\"@type\":\"EntryPoint\",\"urlTemplate\":\"https:\/\/www.iplay.com\/en\/?s={search_term_string}\"},\"query-input\":{\"@type\":\"PropertyValueSpecification\",\"valueRequired\":true,\"valueName\":\"search_term_string\"}}],\"inLanguage\":\"es\"},{\"@type\":\"Organization\",\"@id\":\"https:\/\/www.iplay.com\/en\/#organization\",\"name\":\"IPlay\",\"url\":\"https:\/\/www.iplay.com\/en\/\",\"logo\":{\"@type\":\"ImageObject\",\"inLanguage\":\"es\",\"@id\":\"https:\/\/www.iplay.com\/en\/#\/schema\/logo\/image\/\",\"url\":\"https:\/\/www.iplay.com\/wp-content\/uploads\/2023\/11\/Group-6100.svg\",\"contentUrl\":\"https:\/\/www.iplay.com\/wp-content\/uploads\/2023\/11\/Group-6100.svg\",\"width\":98,\"height\":25,\"caption\":\"IPlay\"},\"image\":{\"@id\":\"https:\/\/www.iplay.com\/en\/#\/schema\/logo\/image\/\"}}]}<\/script>\n<!-- \/ Yoast SEO Premium plugin. -->","yoast_head_json":{"title":"Notas de detective - Lighthouse Mystery Solitaire - Resuelve un caso desconcertante en Lighthouse Mystery Solitaire","description":"\u00a1Maneja un caso desconcertante! Notas de detective - Faro del Solitario Misterioso","robots":{"index":"index","follow":"follow","max-snippet":"max-snippet:-1","max-image-preview":"max-image-preview:large","max-video-preview":"max-video-preview:-1"},"canonical":"https:\/\/www.iplay.com\/es\/games\/detective-notes-lighthouse-mystery-solitaire\/","og_locale":"es_ES","og_type":"article","og_title":"Detective notes - Lighthouse Mystery Solitaire","og_description":"\u00a1Maneja un caso desconcertante! Notas de detective - Faro del Solitario Misterioso","og_url":"https:\/\/www.iplay.com\/es\/games\/detective-notes-lighthouse-mystery-solitaire\/","og_site_name":"IPlay","og_image":[{"width":310,"height":310,"url":"https:\/\/www.iplay.com\/wp-content\/uploads\/2023\/12\/large_square_tile_image-2556.jpg","type":"image\/jpeg"}],"twitter_card":"summary_large_image","twitter_misc":{"Est. reading time":"1 minuto"},"schema":{"@context":"https:\/\/schema.org","@graph":[{"@type":"WebPage","@id":"https:\/\/www.iplay.com\/es\/games\/detective-notes-lighthouse-mystery-solitaire\/","url":"https:\/\/www.iplay.com\/es\/games\/detective-notes-lighthouse-mystery-solitaire\/","name":"Notas de detective - Lighthouse Mystery Solitaire - Resuelve un caso desconcertante en Lighthouse Mystery Solitaire","isPartOf":{"@id":"https:\/\/www.iplay.com\/en\/#website"},"primaryImageOfPage":{"@id":"https:\/\/www.iplay.com\/es\/games\/detective-notes-lighthouse-mystery-solitaire\/#primaryimage"},"image":{"@id":"https:\/\/www.iplay.com\/es\/games\/detective-notes-lighthouse-mystery-solitaire\/#primaryimage"},"thumbnailUrl":"https:\/\/www.iplay.com\/wp-content\/uploads\/2023\/12\/large_square_tile_image-2556.jpg","datePublished":"2021-02-19T00:00:00+00:00","description":"\u00a1Maneja un caso desconcertante! Notas de detective - Faro del Solitario Misterioso","breadcrumb":{"@id":"https:\/\/www.iplay.com\/es\/games\/detective-notes-lighthouse-mystery-solitaire\/#breadcrumb"},"inLanguage":"es","potentialAction":[{"@type":"ReadAction","target":["https:\/\/www.iplay.com\/es\/games\/detective-notes-lighthouse-mystery-solitaire\/"]}]},{"@type":"ImageObject","inLanguage":"es","@id":"https:\/\/www.iplay.com\/es\/games\/detective-notes-lighthouse-mystery-solitaire\/#primaryimage","url":"https:\/\/www.iplay.com\/wp-content\/uploads\/2023\/12\/large_square_tile_image-2556.jpg","contentUrl":"https:\/\/www.iplay.com\/wp-content\/uploads\/2023\/12\/large_square_tile_image-2556.jpg","width":310,"height":310},{"@type":"BreadcrumbList","@id":"https:\/\/www.iplay.com\/es\/games\/detective-notes-lighthouse-mystery-solitaire\/#breadcrumb","itemListElement":[{"@type":"ListItem","position":1,"name":"Home","item":"https:\/\/www.iplay.com\/es\/home-page-2\/"},{"@type":"ListItem","position":2,"name":"Shop","item":"https:\/\/www.iplay.com\/en\/shop\/"},{"@type":"ListItem","position":3,"name":"Detective notes &#8211; Lighthouse Mystery Solitaire"}]},{"@type":"WebSite","@id":"https:\/\/www.iplay.com\/en\/#website","url":"https:\/\/www.iplay.com\/en\/","name":"IPlay","description":"The Best Casual Games!","publisher":{"@id":"https:\/\/www.iplay.com\/en\/#organization"},"potentialAction":[{"@type":"SearchAction","target":{"@type":"EntryPoint","urlTemplate":"https:\/\/www.iplay.com\/en\/?s={search_term_string}"},"query-input":{"@type":"PropertyValueSpecification","valueRequired":true,"valueName":"search_term_string"}}],"inLanguage":"es"},{"@type":"Organization","@id":"https:\/\/www.iplay.com\/en\/#organization","name":"IPlay","url":"https:\/\/www.iplay.com\/en\/","logo":{"@type":"ImageObject","inLanguage":"es","@id":"https:\/\/www.iplay.com\/en\/#\/schema\/logo\/image\/","url":"https:\/\/www.iplay.com\/wp-content\/uploads\/2023\/11\/Group-6100.svg","contentUrl":"https:\/\/www.iplay.com\/wp-content\/uploads\/2023\/11\/Group-6100.svg","width":98,"height":25,"caption":"IPlay"},"image":{"@id":"https:\/\/www.iplay.com\/en\/#\/schema\/logo\/image\/"}}]}},"_links":{"self":[{"href":"https:\/\/www.iplay.com\/es\/wp-json\/wp\/v2\/product\/137343","targetHints":{"allow":["GET"]}}],"collection":[{"href":"https:\/\/www.iplay.com\/es\/wp-json\/wp\/v2\/product"}],"about":[{"href":"https:\/\/www.iplay.com\/es\/wp-json\/wp\/v2\/types\/product"}],"author":[{"embeddable":true,"href":"https:\/\/www.iplay.com\/es\/wp-json\/wp\/v2\/users\/39"}],"replies":[{"embeddable":true,"href":"https:\/\/www.iplay.com\/es\/wp-json\/wp\/v2\/comments?post=137343"}],"wp:featuredmedia":[{"embeddable":true,"href":"https:\/\/www.iplay.com\/es\/wp-json\/wp\/v2\/media\/80816"}],"wp:attachment":[{"href":"https:\/\/www.iplay.com\/es\/wp-json\/wp\/v2\/media?parent=137343"}],"wp:term":[{"taxonomy":"product_brand","embeddable":true,"href":"https:\/\/www.iplay.com\/es\/wp-json\/wp\/v2\/product_brand?post=137343"},{"taxonomy":"product_cat","embeddable":true,"href":"https:\/\/www.iplay.com\/es\/wp-json\/wp\/v2\/product_cat?post=137343"},{"taxonomy":"product_tag","embeddable":true,"href":"https:\/\/www.iplay.com\/es\/wp-json\/wp\/v2\/product_tag?post=137343"}],"curies":[{"name":"wp","href":"https:\/\/api.w.org\/{rel}","templated":true}]}}