{"id":137281,"date":"2020-11-29T00:00:00","date_gmt":"2020-11-29T00:00:00","guid":{"rendered":"https:\/\/www.iplay.com\/games\/time-twins-mosaics-winter-splash\/"},"modified":"2020-11-29T00:00:00","modified_gmt":"2020-11-29T00:00:00","slug":"time-twins-mosaics-winter-splash","status":"publish","type":"product","link":"https:\/\/www.iplay.com\/es\/games\/time-twins-mosaics-winter-splash\/","title":{"rendered":"Time Twins Mosaics &#8211; Winter Splash"},"content":{"rendered":"<p>Emprende un emocionante viaje a trav\u00e9s de un pa\u00eds de las maravillas invernal con los Gemelos del Tiempo y sus compa\u00f1eros. Abre estos dif\u00edciles rompecabezas de picross multicolor para ver c\u00f3mo las piezas cobran vida ante tus ojos. Hay paseos en trineo, \u00e1rboles de Navidad, mu\u00f1ecos de nieve y mucho m\u00e1s en este agradable viaje helado. Te va a encantar, tanto si eres un solucionador serio de picross como si simplemente est\u00e1s deseando que lleguen las vacaciones. Winter Splash: \u00a1Mosaicos de Time Twins! Coloque fichas multicolores en una cuadr\u00edcula y descubra una imagen usando pistas num\u00e9ricas. A medida que viaja a trav\u00e9s de alegres pueblos festivos y paisajes cubiertos de nieve, pasar\u00e1 de simples y divertidos rompecabezas de picross a grandes cuadr\u00edculas multicolores que desafiar\u00e1n la inteligencia incluso del solucionador de acertijos m\u00e1s experimentado. Cada acertijo que resuelvas contribuye al panorama general, y cada destino en tu viaje de vacaciones presenta una escena fresca y cubierta de nieve para que la termines. Cuando resuelvas todos los acertijos de una etapa, el escenario que hayas armado aparecer\u00e1 ante tus propios ojos. \u00a1Time Twins Mosaics es enigm\u00e1tico y gratificante, relajante y exigente! \u00a1Pasa en trineo, esqu\u00ed o raqueta de nieve!          <\/p>\n<p>&nbsp;<\/p>\n<p>&nbsp;<\/p>\n<p><strong>Funciones:<\/strong><\/p>\n<p>&nbsp;<\/p>\n<p>&#8211; \u00a1Haz un viaje a trav\u00e9s de un pa\u00eds de las maravillas nevado!<br \/>\n&#8211; \u00a1Los rompecabezas son lo que Pap\u00e1 Noel est\u00e1 entregando para Navidad!<br \/>\n&#8211; \u00a1Construye un mu\u00f1eco de nieve con los Gemelos del Tiempo!<br \/>\n&#8211; \u00a1A\u00f1ade un poco de alegr\u00eda a la temporada de invierno!<br \/>\n&#8211; \u00a1Paseos en trineo, rompecabezas de picross y mu\u00f1ecos de nieve! \u00a1Un cordial saludo para la temporada de parte de los Time Twins!<\/p>\n","protected":false},"excerpt":{"rendered":"<p>Emprende un emocionante viaje a trav\u00e9s de un pa\u00eds de las maravillas invernal con los Gemelos del Tiempo y sus compa\u00f1eros.<\/p>\n","protected":false},"author":35,"featured_media":81429,"comment_status":"open","ping_status":"closed","template":"","meta":{"_acf_changed":false,"inline_featured_image":false},"product_brand":[],"product_cat":[192],"product_tag":[],"class_list":{"0":"post-137281","1":"product","2":"type-product","3":"status-publish","4":"has-post-thumbnail","6":"product_cat-puzzle-es","8":"first","9":"instock","10":"shipping-taxable","11":"purchasable","12":"product-type-simple"},"acf":[],"yoast_head":"<!-- This site is optimized with the Yoast SEO Premium plugin v25.2 (Yoast SEO v25.2) - https:\/\/yoast.com\/wordpress\/plugins\/seo\/ -->\n<title>Mosaicos de los Gemelos del Tiempo - Chapoteo de invierno - \u00danete a los Gemelos del Tiempo en una aventura invernal en el pa\u00eds de las maravillas<\/title>\n<meta name=\"description\" content=\"Emprende un emocionante viaje a trav\u00e9s de un pa\u00eds de las maravillas invernal con los Gemelos del Tiempo y sus compa\u00f1eros.\" \/>\n<meta name=\"robots\" content=\"index, follow, max-snippet:-1, max-image-preview:large, max-video-preview:-1\" \/>\n<link rel=\"canonical\" href=\"https:\/\/www.iplay.com\/es\/games\/time-twins-mosaics-winter-splash\/\" \/>\n<meta property=\"og:locale\" content=\"es_ES\" \/>\n<meta property=\"og:type\" content=\"article\" \/>\n<meta property=\"og:title\" content=\"Time Twins Mosaics - Winter Splash\" \/>\n<meta property=\"og:description\" content=\"Emprende un emocionante viaje a trav\u00e9s de un pa\u00eds de las maravillas invernal con los Gemelos del Tiempo y sus compa\u00f1eros.\" \/>\n<meta property=\"og:url\" content=\"https:\/\/www.iplay.com\/es\/games\/time-twins-mosaics-winter-splash\/\" \/>\n<meta property=\"og:site_name\" content=\"IPlay\" \/>\n<meta property=\"og:image\" content=\"https:\/\/www.iplay.com\/wp-content\/uploads\/2023\/12\/large_square_tile_image-2595.jpg\" \/>\n\t<meta property=\"og:image:width\" content=\"310\" \/>\n\t<meta property=\"og:image:height\" content=\"310\" \/>\n\t<meta property=\"og:image:type\" content=\"image\/jpeg\" \/>\n<meta name=\"twitter:card\" content=\"summary_large_image\" \/>\n<meta name=\"twitter:label1\" content=\"Est. reading time\" \/>\n\t<meta name=\"twitter:data1\" content=\"1 minuto\" \/>\n<script type=\"application\/ld+json\" class=\"yoast-schema-graph\">{\"@context\":\"https:\/\/schema.org\",\"@graph\":[{\"@type\":\"WebPage\",\"@id\":\"https:\/\/www.iplay.com\/es\/games\/time-twins-mosaics-winter-splash\/\",\"url\":\"https:\/\/www.iplay.com\/es\/games\/time-twins-mosaics-winter-splash\/\",\"name\":\"Mosaicos de los Gemelos del Tiempo - Chapoteo de invierno - \u00danete a los Gemelos del Tiempo en una aventura invernal en el pa\u00eds de las maravillas\",\"isPartOf\":{\"@id\":\"https:\/\/www.iplay.com\/en\/#website\"},\"primaryImageOfPage\":{\"@id\":\"https:\/\/www.iplay.com\/es\/games\/time-twins-mosaics-winter-splash\/#primaryimage\"},\"image\":{\"@id\":\"https:\/\/www.iplay.com\/es\/games\/time-twins-mosaics-winter-splash\/#primaryimage\"},\"thumbnailUrl\":\"https:\/\/www.iplay.com\/wp-content\/uploads\/2023\/12\/large_square_tile_image-2595.jpg\",\"datePublished\":\"2020-11-29T00:00:00+00:00\",\"description\":\"Emprende un emocionante viaje a trav\u00e9s de un pa\u00eds de las maravillas invernal con los Gemelos del Tiempo y sus compa\u00f1eros.\",\"breadcrumb\":{\"@id\":\"https:\/\/www.iplay.com\/es\/games\/time-twins-mosaics-winter-splash\/#breadcrumb\"},\"inLanguage\":\"es\",\"potentialAction\":[{\"@type\":\"ReadAction\",\"target\":[\"https:\/\/www.iplay.com\/es\/games\/time-twins-mosaics-winter-splash\/\"]}]},{\"@type\":\"ImageObject\",\"inLanguage\":\"es\",\"@id\":\"https:\/\/www.iplay.com\/es\/games\/time-twins-mosaics-winter-splash\/#primaryimage\",\"url\":\"https:\/\/www.iplay.com\/wp-content\/uploads\/2023\/12\/large_square_tile_image-2595.jpg\",\"contentUrl\":\"https:\/\/www.iplay.com\/wp-content\/uploads\/2023\/12\/large_square_tile_image-2595.jpg\",\"width\":310,\"height\":310},{\"@type\":\"BreadcrumbList\",\"@id\":\"https:\/\/www.iplay.com\/es\/games\/time-twins-mosaics-winter-splash\/#breadcrumb\",\"itemListElement\":[{\"@type\":\"ListItem\",\"position\":1,\"name\":\"Home\",\"item\":\"https:\/\/www.iplay.com\/es\/home-page-2\/\"},{\"@type\":\"ListItem\",\"position\":2,\"name\":\"Shop\",\"item\":\"https:\/\/www.iplay.com\/en\/shop\/\"},{\"@type\":\"ListItem\",\"position\":3,\"name\":\"Time Twins Mosaics &#8211; Winter Splash\"}]},{\"@type\":\"WebSite\",\"@id\":\"https:\/\/www.iplay.com\/en\/#website\",\"url\":\"https:\/\/www.iplay.com\/en\/\",\"name\":\"IPlay\",\"description\":\"The Best Casual Games!\",\"publisher\":{\"@id\":\"https:\/\/www.iplay.com\/en\/#organization\"},\"potentialAction\":[{\"@type\":\"SearchAction\",\"target\":{\"@type\":\"EntryPoint\",\"urlTemplate\":\"https:\/\/www.iplay.com\/en\/?s={search_term_string}\"},\"query-input\":{\"@type\":\"PropertyValueSpecification\",\"valueRequired\":true,\"valueName\":\"search_term_string\"}}],\"inLanguage\":\"es\"},{\"@type\":\"Organization\",\"@id\":\"https:\/\/www.iplay.com\/en\/#organization\",\"name\":\"IPlay\",\"url\":\"https:\/\/www.iplay.com\/en\/\",\"logo\":{\"@type\":\"ImageObject\",\"inLanguage\":\"es\",\"@id\":\"https:\/\/www.iplay.com\/en\/#\/schema\/logo\/image\/\",\"url\":\"https:\/\/www.iplay.com\/wp-content\/uploads\/2023\/11\/Group-6100.svg\",\"contentUrl\":\"https:\/\/www.iplay.com\/wp-content\/uploads\/2023\/11\/Group-6100.svg\",\"width\":98,\"height\":25,\"caption\":\"IPlay\"},\"image\":{\"@id\":\"https:\/\/www.iplay.com\/en\/#\/schema\/logo\/image\/\"}}]}<\/script>\n<!-- \/ Yoast SEO Premium plugin. -->","yoast_head_json":{"title":"Mosaicos de los Gemelos del Tiempo - Chapoteo de invierno - \u00danete a los Gemelos del Tiempo en una aventura invernal en el pa\u00eds de las maravillas","description":"Emprende un emocionante viaje a trav\u00e9s de un pa\u00eds de las maravillas invernal con los Gemelos del Tiempo y sus compa\u00f1eros.","robots":{"index":"index","follow":"follow","max-snippet":"max-snippet:-1","max-image-preview":"max-image-preview:large","max-video-preview":"max-video-preview:-1"},"canonical":"https:\/\/www.iplay.com\/es\/games\/time-twins-mosaics-winter-splash\/","og_locale":"es_ES","og_type":"article","og_title":"Time Twins Mosaics - Winter Splash","og_description":"Emprende un emocionante viaje a trav\u00e9s de un pa\u00eds de las maravillas invernal con los Gemelos del Tiempo y sus compa\u00f1eros.","og_url":"https:\/\/www.iplay.com\/es\/games\/time-twins-mosaics-winter-splash\/","og_site_name":"IPlay","og_image":[{"width":310,"height":310,"url":"https:\/\/www.iplay.com\/wp-content\/uploads\/2023\/12\/large_square_tile_image-2595.jpg","type":"image\/jpeg"}],"twitter_card":"summary_large_image","twitter_misc":{"Est. reading time":"1 minuto"},"schema":{"@context":"https:\/\/schema.org","@graph":[{"@type":"WebPage","@id":"https:\/\/www.iplay.com\/es\/games\/time-twins-mosaics-winter-splash\/","url":"https:\/\/www.iplay.com\/es\/games\/time-twins-mosaics-winter-splash\/","name":"Mosaicos de los Gemelos del Tiempo - Chapoteo de invierno - \u00danete a los Gemelos del Tiempo en una aventura invernal en el pa\u00eds de las maravillas","isPartOf":{"@id":"https:\/\/www.iplay.com\/en\/#website"},"primaryImageOfPage":{"@id":"https:\/\/www.iplay.com\/es\/games\/time-twins-mosaics-winter-splash\/#primaryimage"},"image":{"@id":"https:\/\/www.iplay.com\/es\/games\/time-twins-mosaics-winter-splash\/#primaryimage"},"thumbnailUrl":"https:\/\/www.iplay.com\/wp-content\/uploads\/2023\/12\/large_square_tile_image-2595.jpg","datePublished":"2020-11-29T00:00:00+00:00","description":"Emprende un emocionante viaje a trav\u00e9s de un pa\u00eds de las maravillas invernal con los Gemelos del Tiempo y sus compa\u00f1eros.","breadcrumb":{"@id":"https:\/\/www.iplay.com\/es\/games\/time-twins-mosaics-winter-splash\/#breadcrumb"},"inLanguage":"es","potentialAction":[{"@type":"ReadAction","target":["https:\/\/www.iplay.com\/es\/games\/time-twins-mosaics-winter-splash\/"]}]},{"@type":"ImageObject","inLanguage":"es","@id":"https:\/\/www.iplay.com\/es\/games\/time-twins-mosaics-winter-splash\/#primaryimage","url":"https:\/\/www.iplay.com\/wp-content\/uploads\/2023\/12\/large_square_tile_image-2595.jpg","contentUrl":"https:\/\/www.iplay.com\/wp-content\/uploads\/2023\/12\/large_square_tile_image-2595.jpg","width":310,"height":310},{"@type":"BreadcrumbList","@id":"https:\/\/www.iplay.com\/es\/games\/time-twins-mosaics-winter-splash\/#breadcrumb","itemListElement":[{"@type":"ListItem","position":1,"name":"Home","item":"https:\/\/www.iplay.com\/es\/home-page-2\/"},{"@type":"ListItem","position":2,"name":"Shop","item":"https:\/\/www.iplay.com\/en\/shop\/"},{"@type":"ListItem","position":3,"name":"Time Twins Mosaics &#8211; Winter Splash"}]},{"@type":"WebSite","@id":"https:\/\/www.iplay.com\/en\/#website","url":"https:\/\/www.iplay.com\/en\/","name":"IPlay","description":"The Best Casual Games!","publisher":{"@id":"https:\/\/www.iplay.com\/en\/#organization"},"potentialAction":[{"@type":"SearchAction","target":{"@type":"EntryPoint","urlTemplate":"https:\/\/www.iplay.com\/en\/?s={search_term_string}"},"query-input":{"@type":"PropertyValueSpecification","valueRequired":true,"valueName":"search_term_string"}}],"inLanguage":"es"},{"@type":"Organization","@id":"https:\/\/www.iplay.com\/en\/#organization","name":"IPlay","url":"https:\/\/www.iplay.com\/en\/","logo":{"@type":"ImageObject","inLanguage":"es","@id":"https:\/\/www.iplay.com\/en\/#\/schema\/logo\/image\/","url":"https:\/\/www.iplay.com\/wp-content\/uploads\/2023\/11\/Group-6100.svg","contentUrl":"https:\/\/www.iplay.com\/wp-content\/uploads\/2023\/11\/Group-6100.svg","width":98,"height":25,"caption":"IPlay"},"image":{"@id":"https:\/\/www.iplay.com\/en\/#\/schema\/logo\/image\/"}}]}},"_links":{"self":[{"href":"https:\/\/www.iplay.com\/es\/wp-json\/wp\/v2\/product\/137281","targetHints":{"allow":["GET"]}}],"collection":[{"href":"https:\/\/www.iplay.com\/es\/wp-json\/wp\/v2\/product"}],"about":[{"href":"https:\/\/www.iplay.com\/es\/wp-json\/wp\/v2\/types\/product"}],"author":[{"embeddable":true,"href":"https:\/\/www.iplay.com\/es\/wp-json\/wp\/v2\/users\/35"}],"replies":[{"embeddable":true,"href":"https:\/\/www.iplay.com\/es\/wp-json\/wp\/v2\/comments?post=137281"}],"wp:featuredmedia":[{"embeddable":true,"href":"https:\/\/www.iplay.com\/es\/wp-json\/wp\/v2\/media\/81429"}],"wp:attachment":[{"href":"https:\/\/www.iplay.com\/es\/wp-json\/wp\/v2\/media?parent=137281"}],"wp:term":[{"taxonomy":"product_brand","embeddable":true,"href":"https:\/\/www.iplay.com\/es\/wp-json\/wp\/v2\/product_brand?post=137281"},{"taxonomy":"product_cat","embeddable":true,"href":"https:\/\/www.iplay.com\/es\/wp-json\/wp\/v2\/product_cat?post=137281"},{"taxonomy":"product_tag","embeddable":true,"href":"https:\/\/www.iplay.com\/es\/wp-json\/wp\/v2\/product_tag?post=137281"}],"curies":[{"name":"wp","href":"https:\/\/api.w.org\/{rel}","templated":true}]}}