{"id":137255,"date":"2025-05-23T08:30:01","date_gmt":"2025-05-23T08:30:01","guid":{"rendered":"https:\/\/www.iplay.com\/games\/gaslamp-cases-10-the-loch-ness-enigma\/"},"modified":"2025-05-23T16:18:59","modified_gmt":"2025-05-23T16:18:59","slug":"gaslamp-cases-10-the-loch-ness-enigma","status":"publish","type":"product","link":"https:\/\/www.iplay.com\/es\/games\/gaslamp-cases-10-the-loch-ness-enigma\/","title":{"rendered":"Gaslamp Cases 10: The Loch Ness Enigma"},"content":{"rendered":"<p class=\"whitespace-normal break-words\">Londres se ve azotada por una ola de emoci\u00f3n a medida que los rumores sobre el Monstruo del Lago Ness capturan la imaginaci\u00f3n de la ciudad. Un frenes\u00ed se agita con la recompensa de \u00a3 20,000 de The Daily Mail por capturar a la escurridiza bestia. Los buscadores de fortuna y los exploradores audaces son atra\u00eddos de todo el pa\u00eds. A medida que el caos se extiende, Scotland Yard asigna a los detectives Morgan Johnson y Jack Brown la tarea de investigar esta enigm\u00e1tica leyenda que ha hipnotizado a todo el mundo.   <\/p>\n<p class=\"whitespace-normal break-words\">A trav\u00e9s de su investigaci\u00f3n se llega a las inquietantes orillas del lago Ness, donde el p\u00e1nico se extiende entre los aldeanos locales. Se encuentran botes rotos a la deriva sin rumbo fijo, se ven columnas de humo que se elevan desde la orilla del agua y se escuchan susurros aterradores que resuenan en la ciudad. La verdad detr\u00e1s de esta criatura legendaria debe ser descubierta por Morgan y Jack a medida que se filtran capas de enga\u00f1o, superstici\u00f3n y secreto. Sin embargo, se descubren secretos mucho m\u00e1s siniestros de lo que jam\u00e1s imagin\u00f3 a medida que se arma el rompecabezas.   <\/p>\n<p>&nbsp;<\/p>\n<p class=\"whitespace-normal break-words\"><strong>Funciones:<\/strong><\/p>\n<ul class=\"[&amp;:not(:last-child)_ul]:pb-1 [&amp;:not(:last-child)_ol]:pb-1 list-disc space-y-1.5 pl-7\">\n<li class=\"whitespace-normal break-words\"><strong>Escenario de misterio inmersivo<\/strong> : se explora el legendario lago Ness, donde el folclore choca con la agitaci\u00f3n de la vida real<\/li>\n<li class=\"whitespace-normal break-words\"><strong>Juego de rompecabezas de combina 3<\/strong> : se resuelven acertijos atractivos para desbloquear pistas cruciales y avanzar en la emocionante investigaci\u00f3n<\/li>\n<li class=\"whitespace-normal break-words\"><strong>Mejoras del kit de herramientas de detective<\/strong> : se pueden recolectar 20 elementos \u00fanicos, incluidas reliquias legendarias y poderosas ayudas de investigaci\u00f3n.<\/li>\n<li class=\"whitespace-normal break-words\"><strong>Interacciones de los personajes<\/strong> : se encuentran aldeanos exc\u00e9ntricos y se descubren motivos ocultos en un mundo de enga\u00f1o y suspenso.<\/li>\n<li class=\"whitespace-normal break-words\"><strong>Paisajes impresionantes<\/strong> &#8211; Se explora el impresionante paisaje del lago Ness mientras se revela la verdad detr\u00e1s de su leyenda m\u00e1s famosa<\/li>\n<\/ul>\n<p>&nbsp;<\/p>\n<p class=\"whitespace-normal break-words\">Perfecto para los amantes del misterio que buscan una atractiva aventura detectivesca en la que se investigan antiguas leyendas y se revelan oscuros secretos.<\/p>\n","protected":false},"excerpt":{"rendered":"<p>Resuelve el misterio del lago Ness en este emocionante juego de detectives repleto de desafiantes acertijos e intriga.<\/p>\n","protected":false},"author":42,"featured_media":137188,"comment_status":"open","ping_status":"closed","template":"","meta":{"_acf_changed":false,"inline_featured_image":false},"product_brand":[],"product_cat":[178],"product_tag":[288],"class_list":{"0":"post-137255","1":"product","2":"type-product","3":"status-publish","4":"has-post-thumbnail","6":"product_cat-match-3-es","7":"product_tag-play-on-pc-es","9":"first","10":"instock","11":"shipping-taxable","12":"purchasable","13":"product-type-simple"},"acf":[],"yoast_head":"<!-- This site is optimized with the Yoast SEO Premium plugin v25.2 (Yoast SEO v25.2) - https:\/\/yoast.com\/wordpress\/plugins\/seo\/ -->\n<title>Gaslamp Cases 10: El enigma del lago Ness - Aventura detectivesca con puzles<\/title>\n<meta name=\"description\" content=\"Resuelve el misterio del lago Ness en este emocionante juego de detectives repleto de desafiantes acertijos e intriga.\" \/>\n<meta name=\"robots\" content=\"index, follow, max-snippet:-1, max-image-preview:large, max-video-preview:-1\" \/>\n<link rel=\"canonical\" href=\"https:\/\/www.iplay.com\/es\/games\/gaslamp-cases-10-the-loch-ness-enigma\/\" \/>\n<meta property=\"og:locale\" content=\"es_ES\" \/>\n<meta property=\"og:type\" content=\"article\" \/>\n<meta property=\"og:title\" content=\"Gaslamp Cases 10: The Loch Ness Enigma\" \/>\n<meta property=\"og:description\" content=\"Resuelve el misterio del lago Ness en este emocionante juego de detectives repleto de desafiantes acertijos e intriga.\" \/>\n<meta property=\"og:url\" content=\"https:\/\/www.iplay.com\/es\/games\/gaslamp-cases-10-the-loch-ness-enigma\/\" \/>\n<meta property=\"og:site_name\" content=\"IPlay\" \/>\n<meta property=\"article:modified_time\" content=\"2025-05-23T16:18:59+00:00\" \/>\n<meta property=\"og:image\" content=\"https:\/\/www.iplay.com\/wp-content\/uploads\/2025\/05\/gaslamp_cases_10_the_loch_ness_enigma_large_square_tile_image.webp\" \/>\n\t<meta property=\"og:image:width\" content=\"310\" \/>\n\t<meta property=\"og:image:height\" content=\"310\" \/>\n\t<meta property=\"og:image:type\" content=\"image\/webp\" \/>\n<meta name=\"twitter:card\" content=\"summary_large_image\" \/>\n<meta name=\"twitter:label1\" content=\"Est. reading time\" \/>\n\t<meta name=\"twitter:data1\" content=\"2 minutos\" \/>\n<script type=\"application\/ld+json\" class=\"yoast-schema-graph\">{\"@context\":\"https:\/\/schema.org\",\"@graph\":[{\"@type\":\"WebPage\",\"@id\":\"https:\/\/www.iplay.com\/es\/games\/gaslamp-cases-10-the-loch-ness-enigma\/\",\"url\":\"https:\/\/www.iplay.com\/es\/games\/gaslamp-cases-10-the-loch-ness-enigma\/\",\"name\":\"Gaslamp Cases 10: El enigma del lago Ness - Aventura detectivesca con puzles\",\"isPartOf\":{\"@id\":\"https:\/\/www.iplay.com\/en\/#website\"},\"primaryImageOfPage\":{\"@id\":\"https:\/\/www.iplay.com\/es\/games\/gaslamp-cases-10-the-loch-ness-enigma\/#primaryimage\"},\"image\":{\"@id\":\"https:\/\/www.iplay.com\/es\/games\/gaslamp-cases-10-the-loch-ness-enigma\/#primaryimage\"},\"thumbnailUrl\":\"https:\/\/www.iplay.com\/wp-content\/uploads\/2025\/05\/gaslamp_cases_10_the_loch_ness_enigma_large_square_tile_image.webp\",\"datePublished\":\"2025-05-23T08:30:01+00:00\",\"dateModified\":\"2025-05-23T16:18:59+00:00\",\"description\":\"Resuelve el misterio del lago Ness en este emocionante juego de detectives repleto de desafiantes acertijos e intriga.\",\"breadcrumb\":{\"@id\":\"https:\/\/www.iplay.com\/es\/games\/gaslamp-cases-10-the-loch-ness-enigma\/#breadcrumb\"},\"inLanguage\":\"es\",\"potentialAction\":[{\"@type\":\"ReadAction\",\"target\":[\"https:\/\/www.iplay.com\/es\/games\/gaslamp-cases-10-the-loch-ness-enigma\/\"]}]},{\"@type\":\"ImageObject\",\"inLanguage\":\"es\",\"@id\":\"https:\/\/www.iplay.com\/es\/games\/gaslamp-cases-10-the-loch-ness-enigma\/#primaryimage\",\"url\":\"https:\/\/www.iplay.com\/wp-content\/uploads\/2025\/05\/gaslamp_cases_10_the_loch_ness_enigma_large_square_tile_image.webp\",\"contentUrl\":\"https:\/\/www.iplay.com\/wp-content\/uploads\/2025\/05\/gaslamp_cases_10_the_loch_ness_enigma_large_square_tile_image.webp\",\"width\":310,\"height\":310},{\"@type\":\"BreadcrumbList\",\"@id\":\"https:\/\/www.iplay.com\/es\/games\/gaslamp-cases-10-the-loch-ness-enigma\/#breadcrumb\",\"itemListElement\":[{\"@type\":\"ListItem\",\"position\":1,\"name\":\"Home\",\"item\":\"https:\/\/www.iplay.com\/es\/home-page-2\/\"},{\"@type\":\"ListItem\",\"position\":2,\"name\":\"Shop\",\"item\":\"https:\/\/www.iplay.com\/en\/shop\/\"},{\"@type\":\"ListItem\",\"position\":3,\"name\":\"Gaslamp Cases 10: The Loch Ness Enigma\"}]},{\"@type\":\"WebSite\",\"@id\":\"https:\/\/www.iplay.com\/en\/#website\",\"url\":\"https:\/\/www.iplay.com\/en\/\",\"name\":\"IPlay\",\"description\":\"The Best Casual Games!\",\"publisher\":{\"@id\":\"https:\/\/www.iplay.com\/en\/#organization\"},\"potentialAction\":[{\"@type\":\"SearchAction\",\"target\":{\"@type\":\"EntryPoint\",\"urlTemplate\":\"https:\/\/www.iplay.com\/en\/?s={search_term_string}\"},\"query-input\":{\"@type\":\"PropertyValueSpecification\",\"valueRequired\":true,\"valueName\":\"search_term_string\"}}],\"inLanguage\":\"es\"},{\"@type\":\"Organization\",\"@id\":\"https:\/\/www.iplay.com\/en\/#organization\",\"name\":\"IPlay\",\"url\":\"https:\/\/www.iplay.com\/en\/\",\"logo\":{\"@type\":\"ImageObject\",\"inLanguage\":\"es\",\"@id\":\"https:\/\/www.iplay.com\/en\/#\/schema\/logo\/image\/\",\"url\":\"https:\/\/www.iplay.com\/wp-content\/uploads\/2023\/11\/Group-6100.svg\",\"contentUrl\":\"https:\/\/www.iplay.com\/wp-content\/uploads\/2023\/11\/Group-6100.svg\",\"width\":98,\"height\":25,\"caption\":\"IPlay\"},\"image\":{\"@id\":\"https:\/\/www.iplay.com\/en\/#\/schema\/logo\/image\/\"}}]}<\/script>\n<!-- \/ Yoast SEO Premium plugin. -->","yoast_head_json":{"title":"Gaslamp Cases 10: El enigma del lago Ness - Aventura detectivesca con puzles","description":"Resuelve el misterio del lago Ness en este emocionante juego de detectives repleto de desafiantes acertijos e intriga.","robots":{"index":"index","follow":"follow","max-snippet":"max-snippet:-1","max-image-preview":"max-image-preview:large","max-video-preview":"max-video-preview:-1"},"canonical":"https:\/\/www.iplay.com\/es\/games\/gaslamp-cases-10-the-loch-ness-enigma\/","og_locale":"es_ES","og_type":"article","og_title":"Gaslamp Cases 10: The Loch Ness Enigma","og_description":"Resuelve el misterio del lago Ness en este emocionante juego de detectives repleto de desafiantes acertijos e intriga.","og_url":"https:\/\/www.iplay.com\/es\/games\/gaslamp-cases-10-the-loch-ness-enigma\/","og_site_name":"IPlay","article_modified_time":"2025-05-23T16:18:59+00:00","og_image":[{"width":310,"height":310,"url":"https:\/\/www.iplay.com\/wp-content\/uploads\/2025\/05\/gaslamp_cases_10_the_loch_ness_enigma_large_square_tile_image.webp","type":"image\/webp"}],"twitter_card":"summary_large_image","twitter_misc":{"Est. reading time":"2 minutos"},"schema":{"@context":"https:\/\/schema.org","@graph":[{"@type":"WebPage","@id":"https:\/\/www.iplay.com\/es\/games\/gaslamp-cases-10-the-loch-ness-enigma\/","url":"https:\/\/www.iplay.com\/es\/games\/gaslamp-cases-10-the-loch-ness-enigma\/","name":"Gaslamp Cases 10: El enigma del lago Ness - Aventura detectivesca con puzles","isPartOf":{"@id":"https:\/\/www.iplay.com\/en\/#website"},"primaryImageOfPage":{"@id":"https:\/\/www.iplay.com\/es\/games\/gaslamp-cases-10-the-loch-ness-enigma\/#primaryimage"},"image":{"@id":"https:\/\/www.iplay.com\/es\/games\/gaslamp-cases-10-the-loch-ness-enigma\/#primaryimage"},"thumbnailUrl":"https:\/\/www.iplay.com\/wp-content\/uploads\/2025\/05\/gaslamp_cases_10_the_loch_ness_enigma_large_square_tile_image.webp","datePublished":"2025-05-23T08:30:01+00:00","dateModified":"2025-05-23T16:18:59+00:00","description":"Resuelve el misterio del lago Ness en este emocionante juego de detectives repleto de desafiantes acertijos e intriga.","breadcrumb":{"@id":"https:\/\/www.iplay.com\/es\/games\/gaslamp-cases-10-the-loch-ness-enigma\/#breadcrumb"},"inLanguage":"es","potentialAction":[{"@type":"ReadAction","target":["https:\/\/www.iplay.com\/es\/games\/gaslamp-cases-10-the-loch-ness-enigma\/"]}]},{"@type":"ImageObject","inLanguage":"es","@id":"https:\/\/www.iplay.com\/es\/games\/gaslamp-cases-10-the-loch-ness-enigma\/#primaryimage","url":"https:\/\/www.iplay.com\/wp-content\/uploads\/2025\/05\/gaslamp_cases_10_the_loch_ness_enigma_large_square_tile_image.webp","contentUrl":"https:\/\/www.iplay.com\/wp-content\/uploads\/2025\/05\/gaslamp_cases_10_the_loch_ness_enigma_large_square_tile_image.webp","width":310,"height":310},{"@type":"BreadcrumbList","@id":"https:\/\/www.iplay.com\/es\/games\/gaslamp-cases-10-the-loch-ness-enigma\/#breadcrumb","itemListElement":[{"@type":"ListItem","position":1,"name":"Home","item":"https:\/\/www.iplay.com\/es\/home-page-2\/"},{"@type":"ListItem","position":2,"name":"Shop","item":"https:\/\/www.iplay.com\/en\/shop\/"},{"@type":"ListItem","position":3,"name":"Gaslamp Cases 10: The Loch Ness Enigma"}]},{"@type":"WebSite","@id":"https:\/\/www.iplay.com\/en\/#website","url":"https:\/\/www.iplay.com\/en\/","name":"IPlay","description":"The Best Casual Games!","publisher":{"@id":"https:\/\/www.iplay.com\/en\/#organization"},"potentialAction":[{"@type":"SearchAction","target":{"@type":"EntryPoint","urlTemplate":"https:\/\/www.iplay.com\/en\/?s={search_term_string}"},"query-input":{"@type":"PropertyValueSpecification","valueRequired":true,"valueName":"search_term_string"}}],"inLanguage":"es"},{"@type":"Organization","@id":"https:\/\/www.iplay.com\/en\/#organization","name":"IPlay","url":"https:\/\/www.iplay.com\/en\/","logo":{"@type":"ImageObject","inLanguage":"es","@id":"https:\/\/www.iplay.com\/en\/#\/schema\/logo\/image\/","url":"https:\/\/www.iplay.com\/wp-content\/uploads\/2023\/11\/Group-6100.svg","contentUrl":"https:\/\/www.iplay.com\/wp-content\/uploads\/2023\/11\/Group-6100.svg","width":98,"height":25,"caption":"IPlay"},"image":{"@id":"https:\/\/www.iplay.com\/en\/#\/schema\/logo\/image\/"}}]}},"_links":{"self":[{"href":"https:\/\/www.iplay.com\/es\/wp-json\/wp\/v2\/product\/137255","targetHints":{"allow":["GET"]}}],"collection":[{"href":"https:\/\/www.iplay.com\/es\/wp-json\/wp\/v2\/product"}],"about":[{"href":"https:\/\/www.iplay.com\/es\/wp-json\/wp\/v2\/types\/product"}],"author":[{"embeddable":true,"href":"https:\/\/www.iplay.com\/es\/wp-json\/wp\/v2\/users\/42"}],"replies":[{"embeddable":true,"href":"https:\/\/www.iplay.com\/es\/wp-json\/wp\/v2\/comments?post=137255"}],"wp:featuredmedia":[{"embeddable":true,"href":"https:\/\/www.iplay.com\/es\/wp-json\/wp\/v2\/media\/137188"}],"wp:attachment":[{"href":"https:\/\/www.iplay.com\/es\/wp-json\/wp\/v2\/media?parent=137255"}],"wp:term":[{"taxonomy":"product_brand","embeddable":true,"href":"https:\/\/www.iplay.com\/es\/wp-json\/wp\/v2\/product_brand?post=137255"},{"taxonomy":"product_cat","embeddable":true,"href":"https:\/\/www.iplay.com\/es\/wp-json\/wp\/v2\/product_cat?post=137255"},{"taxonomy":"product_tag","embeddable":true,"href":"https:\/\/www.iplay.com\/es\/wp-json\/wp\/v2\/product_tag?post=137255"}],"curies":[{"name":"wp","href":"https:\/\/api.w.org\/{rel}","templated":true}]}}