{"id":137253,"date":"2025-05-23T07:30:08","date_gmt":"2025-05-23T07:30:08","guid":{"rendered":"https:\/\/www.iplay.com\/games\/sweet-home-look-and-find-3-collectors-edition\/"},"modified":"2026-01-13T16:56:01","modified_gmt":"2026-01-13T16:56:01","slug":"sweet-home-look-and-find-3-collectors-edition","status":"publish","type":"product","link":"https:\/\/www.iplay.com\/es\/games\/sweet-home-look-and-find-3-collectors-edition\/","title":{"rendered":"Sweet Home: Look and Find 3 Collector&#8217;s Edition"},"content":{"rendered":"<p class=\"whitespace-normal break-words\">Un mundo de relajaci\u00f3n y descubrimiento te espera en esta encantadora aventura de objetos ocultos. Los entornos bellamente detallados est\u00e1n llenos de tesoros ingeniosamente escondidos que esperan ser encontrados. Se pueden explorar escenas pintorescas mientras se resuelven atractivos acertijos y se disfrutan entretenidos minijuegos.  <\/p>\n<p class=\"whitespace-normal break-words\">Lugares acogedores llenos de calidez y encanto se pueden descubrir a lo largo de su viaje. Su espacio personal se puede personalizar con una variedad de muebles decorativos. Se pueden dise\u00f1ar habitaciones de ensue\u00f1o, coleccionar art\u00edculos elegantes y crear el ambiente hogare\u00f1o perfecto. La tranquilidad y la diversi\u00f3n se experimentan en cada momento, ya sea que se realicen caminatas por la naturaleza, se disfrute de la relajaci\u00f3n junto a la piscina o se asista a barbacoas en el patio trasero.   <\/p>\n<p class=\"whitespace-normal break-words\">Los efectos visuales mejorados y la jugabilidad inmersiva se ofrecen en esta Edici\u00f3n de Coleccionista. Se incluye contenido adicional exclusivo para garantizar que tu aventura sea realmente inolvidable. <\/p>\n<p>&nbsp;<\/p>\n<p class=\"whitespace-normal break-words\"><strong>Caracter\u00edsticas de la Edici\u00f3n de Coleccionista<\/strong><\/p>\n<ul class=\"[&amp;:not(:last-child)_ul]:pb-1 [&amp;:not(:last-child)_ol]:pb-1 list-disc space-y-1.5 pl-7\">\n<li class=\"whitespace-normal break-words\"><strong>8 nuevas ubicaciones<\/strong> : a\u00fan m\u00e1s objetos est\u00e1n ocultos y listos para ser descubiertos<\/li>\n<li class=\"whitespace-normal break-words\"><strong>8 nuevos minijuegos<\/strong> : se proporcionan nueva variedad y entretenimiento<\/li>\n<li class=\"whitespace-normal break-words\"><strong>8 minijuegos adicionales<\/strong> : se incluyen juegos populares de ediciones anteriores<\/li>\n<li class=\"whitespace-normal break-words\"><strong>Fondos de pantalla de escritorio exclusivos<\/strong> : se ofrecen hermosos paisajes y entornos acogedores<\/li>\n<li class=\"whitespace-normal break-words\"><strong>Reproductor de m\u00fasica incorporado<\/strong> : se mejora tu relajante experiencia de juego<\/li>\n<li class=\"whitespace-normal break-words\"><strong>Sistema de decoraci\u00f3n de apartamentos<\/strong> : se pueden decorar varios espacios con muebles elegantes y art\u00edculos de colecci\u00f3n<\/li>\n<\/ul>\n<p>&nbsp;<\/p>\n<p class=\"whitespace-normal break-words\">Perfecto para cualquiera que busque una experiencia de juego tranquila donde se alivie el estr\u00e9s y se despierte la creatividad.<\/p>\n","protected":false},"excerpt":{"rendered":"<p>La aventura se encuentra con la relajaci\u00f3n en este juego de buscar y encontrar: disfruta de esta Edici\u00f3n de Coleccionista con contenido adicional y efectos visuales impresionantes.<\/p>\n","protected":false},"author":130,"featured_media":137157,"comment_status":"open","ping_status":"closed","template":"","meta":{"_acf_changed":false,"inline_featured_image":false},"product_brand":[],"product_cat":[166],"product_tag":[288],"class_list":{"0":"post-137253","1":"product","2":"type-product","3":"status-publish","4":"has-post-thumbnail","6":"product_cat-hidden-object-es","7":"product_tag-play-on-pc-es","9":"first","10":"instock","11":"shipping-taxable","12":"purchasable","13":"product-type-simple"},"acf":[],"yoast_head":"<!-- This site is optimized with the Yoast SEO Premium plugin v25.2 (Yoast SEO v25.2) - https:\/\/yoast.com\/wordpress\/plugins\/seo\/ -->\n<title>Sweet Home: Busca y Encuentra 3 Edici\u00f3n Coleccionista Aventura<\/title>\n<meta name=\"description\" content=\"La aventura se encuentra con la relajaci\u00f3n en este juego de buscar y encontrar: disfruta de esta Edici\u00f3n de Coleccionista con contenido adicional y efectos visuales impresionantes.\" \/>\n<meta name=\"robots\" content=\"index, follow, max-snippet:-1, max-image-preview:large, max-video-preview:-1\" \/>\n<link rel=\"canonical\" href=\"https:\/\/www.iplay.com\/es\/games\/sweet-home-look-and-find-3-collectors-edition\/\" \/>\n<meta property=\"og:locale\" content=\"es_ES\" \/>\n<meta property=\"og:type\" content=\"article\" \/>\n<meta property=\"og:title\" content=\"Sweet Home: Look and Find 3 Collector&#039;s Edition\" \/>\n<meta property=\"og:description\" content=\"La aventura se encuentra con la relajaci\u00f3n en este juego de buscar y encontrar: disfruta de esta Edici\u00f3n de Coleccionista con contenido adicional y efectos visuales impresionantes.\" \/>\n<meta property=\"og:url\" content=\"https:\/\/www.iplay.com\/es\/games\/sweet-home-look-and-find-3-collectors-edition\/\" \/>\n<meta property=\"og:site_name\" content=\"IPlay\" \/>\n<meta property=\"article:modified_time\" content=\"2026-01-13T16:56:01+00:00\" \/>\n<meta property=\"og:image\" content=\"https:\/\/www.iplay.com\/wp-content\/uploads\/2025\/05\/sweet_home_look_and_find_3_collectors_edition_large_square_tile_image.webp\" \/>\n\t<meta property=\"og:image:width\" content=\"310\" \/>\n\t<meta property=\"og:image:height\" content=\"310\" \/>\n\t<meta property=\"og:image:type\" content=\"image\/webp\" \/>\n<meta name=\"twitter:card\" content=\"summary_large_image\" \/>\n<meta name=\"twitter:label1\" content=\"Est. reading time\" \/>\n\t<meta name=\"twitter:data1\" content=\"1 minuto\" \/>\n<script type=\"application\/ld+json\" class=\"yoast-schema-graph\">{\"@context\":\"https:\/\/schema.org\",\"@graph\":[{\"@type\":\"WebPage\",\"@id\":\"https:\/\/www.iplay.com\/es\/games\/sweet-home-look-and-find-3-collectors-edition\/\",\"url\":\"https:\/\/www.iplay.com\/es\/games\/sweet-home-look-and-find-3-collectors-edition\/\",\"name\":\"Sweet Home: Busca y Encuentra 3 Edici\u00f3n Coleccionista Aventura\",\"isPartOf\":{\"@id\":\"https:\/\/www.iplay.com\/en\/#website\"},\"primaryImageOfPage\":{\"@id\":\"https:\/\/www.iplay.com\/es\/games\/sweet-home-look-and-find-3-collectors-edition\/#primaryimage\"},\"image\":{\"@id\":\"https:\/\/www.iplay.com\/es\/games\/sweet-home-look-and-find-3-collectors-edition\/#primaryimage\"},\"thumbnailUrl\":\"https:\/\/www.iplay.com\/wp-content\/uploads\/2025\/05\/sweet_home_look_and_find_3_collectors_edition_large_square_tile_image.webp\",\"datePublished\":\"2025-05-23T07:30:08+00:00\",\"dateModified\":\"2026-01-13T16:56:01+00:00\",\"description\":\"La aventura se encuentra con la relajaci\u00f3n en este juego de buscar y encontrar: disfruta de esta Edici\u00f3n de Coleccionista con contenido adicional y efectos visuales impresionantes.\",\"breadcrumb\":{\"@id\":\"https:\/\/www.iplay.com\/es\/games\/sweet-home-look-and-find-3-collectors-edition\/#breadcrumb\"},\"inLanguage\":\"es\",\"potentialAction\":[{\"@type\":\"ReadAction\",\"target\":[\"https:\/\/www.iplay.com\/es\/games\/sweet-home-look-and-find-3-collectors-edition\/\"]}]},{\"@type\":\"ImageObject\",\"inLanguage\":\"es\",\"@id\":\"https:\/\/www.iplay.com\/es\/games\/sweet-home-look-and-find-3-collectors-edition\/#primaryimage\",\"url\":\"https:\/\/www.iplay.com\/wp-content\/uploads\/2025\/05\/sweet_home_look_and_find_3_collectors_edition_large_square_tile_image.webp\",\"contentUrl\":\"https:\/\/www.iplay.com\/wp-content\/uploads\/2025\/05\/sweet_home_look_and_find_3_collectors_edition_large_square_tile_image.webp\",\"width\":310,\"height\":310},{\"@type\":\"BreadcrumbList\",\"@id\":\"https:\/\/www.iplay.com\/es\/games\/sweet-home-look-and-find-3-collectors-edition\/#breadcrumb\",\"itemListElement\":[{\"@type\":\"ListItem\",\"position\":1,\"name\":\"Home\",\"item\":\"https:\/\/www.iplay.com\/es\/home-page-2\/\"},{\"@type\":\"ListItem\",\"position\":2,\"name\":\"Shop\",\"item\":\"https:\/\/www.iplay.com\/en\/shop\/\"},{\"@type\":\"ListItem\",\"position\":3,\"name\":\"Sweet Home: Look and Find 3 Collector&#8217;s Edition\"}]},{\"@type\":\"WebSite\",\"@id\":\"https:\/\/www.iplay.com\/en\/#website\",\"url\":\"https:\/\/www.iplay.com\/en\/\",\"name\":\"IPlay\",\"description\":\"The Best Casual Games!\",\"publisher\":{\"@id\":\"https:\/\/www.iplay.com\/en\/#organization\"},\"potentialAction\":[{\"@type\":\"SearchAction\",\"target\":{\"@type\":\"EntryPoint\",\"urlTemplate\":\"https:\/\/www.iplay.com\/en\/?s={search_term_string}\"},\"query-input\":{\"@type\":\"PropertyValueSpecification\",\"valueRequired\":true,\"valueName\":\"search_term_string\"}}],\"inLanguage\":\"es\"},{\"@type\":\"Organization\",\"@id\":\"https:\/\/www.iplay.com\/en\/#organization\",\"name\":\"IPlay\",\"url\":\"https:\/\/www.iplay.com\/en\/\",\"logo\":{\"@type\":\"ImageObject\",\"inLanguage\":\"es\",\"@id\":\"https:\/\/www.iplay.com\/en\/#\/schema\/logo\/image\/\",\"url\":\"https:\/\/www.iplay.com\/wp-content\/uploads\/2023\/11\/Group-6100.svg\",\"contentUrl\":\"https:\/\/www.iplay.com\/wp-content\/uploads\/2023\/11\/Group-6100.svg\",\"width\":98,\"height\":25,\"caption\":\"IPlay\"},\"image\":{\"@id\":\"https:\/\/www.iplay.com\/en\/#\/schema\/logo\/image\/\"}}]}<\/script>\n<!-- \/ Yoast SEO Premium plugin. -->","yoast_head_json":{"title":"Sweet Home: Busca y Encuentra 3 Edici\u00f3n Coleccionista Aventura","description":"La aventura se encuentra con la relajaci\u00f3n en este juego de buscar y encontrar: disfruta de esta Edici\u00f3n de Coleccionista con contenido adicional y efectos visuales impresionantes.","robots":{"index":"index","follow":"follow","max-snippet":"max-snippet:-1","max-image-preview":"max-image-preview:large","max-video-preview":"max-video-preview:-1"},"canonical":"https:\/\/www.iplay.com\/es\/games\/sweet-home-look-and-find-3-collectors-edition\/","og_locale":"es_ES","og_type":"article","og_title":"Sweet Home: Look and Find 3 Collector's Edition","og_description":"La aventura se encuentra con la relajaci\u00f3n en este juego de buscar y encontrar: disfruta de esta Edici\u00f3n de Coleccionista con contenido adicional y efectos visuales impresionantes.","og_url":"https:\/\/www.iplay.com\/es\/games\/sweet-home-look-and-find-3-collectors-edition\/","og_site_name":"IPlay","article_modified_time":"2026-01-13T16:56:01+00:00","og_image":[{"width":310,"height":310,"url":"https:\/\/www.iplay.com\/wp-content\/uploads\/2025\/05\/sweet_home_look_and_find_3_collectors_edition_large_square_tile_image.webp","type":"image\/webp"}],"twitter_card":"summary_large_image","twitter_misc":{"Est. reading time":"1 minuto"},"schema":{"@context":"https:\/\/schema.org","@graph":[{"@type":"WebPage","@id":"https:\/\/www.iplay.com\/es\/games\/sweet-home-look-and-find-3-collectors-edition\/","url":"https:\/\/www.iplay.com\/es\/games\/sweet-home-look-and-find-3-collectors-edition\/","name":"Sweet Home: Busca y Encuentra 3 Edici\u00f3n Coleccionista Aventura","isPartOf":{"@id":"https:\/\/www.iplay.com\/en\/#website"},"primaryImageOfPage":{"@id":"https:\/\/www.iplay.com\/es\/games\/sweet-home-look-and-find-3-collectors-edition\/#primaryimage"},"image":{"@id":"https:\/\/www.iplay.com\/es\/games\/sweet-home-look-and-find-3-collectors-edition\/#primaryimage"},"thumbnailUrl":"https:\/\/www.iplay.com\/wp-content\/uploads\/2025\/05\/sweet_home_look_and_find_3_collectors_edition_large_square_tile_image.webp","datePublished":"2025-05-23T07:30:08+00:00","dateModified":"2026-01-13T16:56:01+00:00","description":"La aventura se encuentra con la relajaci\u00f3n en este juego de buscar y encontrar: disfruta de esta Edici\u00f3n de Coleccionista con contenido adicional y efectos visuales impresionantes.","breadcrumb":{"@id":"https:\/\/www.iplay.com\/es\/games\/sweet-home-look-and-find-3-collectors-edition\/#breadcrumb"},"inLanguage":"es","potentialAction":[{"@type":"ReadAction","target":["https:\/\/www.iplay.com\/es\/games\/sweet-home-look-and-find-3-collectors-edition\/"]}]},{"@type":"ImageObject","inLanguage":"es","@id":"https:\/\/www.iplay.com\/es\/games\/sweet-home-look-and-find-3-collectors-edition\/#primaryimage","url":"https:\/\/www.iplay.com\/wp-content\/uploads\/2025\/05\/sweet_home_look_and_find_3_collectors_edition_large_square_tile_image.webp","contentUrl":"https:\/\/www.iplay.com\/wp-content\/uploads\/2025\/05\/sweet_home_look_and_find_3_collectors_edition_large_square_tile_image.webp","width":310,"height":310},{"@type":"BreadcrumbList","@id":"https:\/\/www.iplay.com\/es\/games\/sweet-home-look-and-find-3-collectors-edition\/#breadcrumb","itemListElement":[{"@type":"ListItem","position":1,"name":"Home","item":"https:\/\/www.iplay.com\/es\/home-page-2\/"},{"@type":"ListItem","position":2,"name":"Shop","item":"https:\/\/www.iplay.com\/en\/shop\/"},{"@type":"ListItem","position":3,"name":"Sweet Home: Look and Find 3 Collector&#8217;s Edition"}]},{"@type":"WebSite","@id":"https:\/\/www.iplay.com\/en\/#website","url":"https:\/\/www.iplay.com\/en\/","name":"IPlay","description":"The Best Casual Games!","publisher":{"@id":"https:\/\/www.iplay.com\/en\/#organization"},"potentialAction":[{"@type":"SearchAction","target":{"@type":"EntryPoint","urlTemplate":"https:\/\/www.iplay.com\/en\/?s={search_term_string}"},"query-input":{"@type":"PropertyValueSpecification","valueRequired":true,"valueName":"search_term_string"}}],"inLanguage":"es"},{"@type":"Organization","@id":"https:\/\/www.iplay.com\/en\/#organization","name":"IPlay","url":"https:\/\/www.iplay.com\/en\/","logo":{"@type":"ImageObject","inLanguage":"es","@id":"https:\/\/www.iplay.com\/en\/#\/schema\/logo\/image\/","url":"https:\/\/www.iplay.com\/wp-content\/uploads\/2023\/11\/Group-6100.svg","contentUrl":"https:\/\/www.iplay.com\/wp-content\/uploads\/2023\/11\/Group-6100.svg","width":98,"height":25,"caption":"IPlay"},"image":{"@id":"https:\/\/www.iplay.com\/en\/#\/schema\/logo\/image\/"}}]}},"_links":{"self":[{"href":"https:\/\/www.iplay.com\/es\/wp-json\/wp\/v2\/product\/137253","targetHints":{"allow":["GET"]}}],"collection":[{"href":"https:\/\/www.iplay.com\/es\/wp-json\/wp\/v2\/product"}],"about":[{"href":"https:\/\/www.iplay.com\/es\/wp-json\/wp\/v2\/types\/product"}],"author":[{"embeddable":true,"href":"https:\/\/www.iplay.com\/es\/wp-json\/wp\/v2\/users\/130"}],"replies":[{"embeddable":true,"href":"https:\/\/www.iplay.com\/es\/wp-json\/wp\/v2\/comments?post=137253"}],"wp:featuredmedia":[{"embeddable":true,"href":"https:\/\/www.iplay.com\/es\/wp-json\/wp\/v2\/media\/137157"}],"wp:attachment":[{"href":"https:\/\/www.iplay.com\/es\/wp-json\/wp\/v2\/media?parent=137253"}],"wp:term":[{"taxonomy":"product_brand","embeddable":true,"href":"https:\/\/www.iplay.com\/es\/wp-json\/wp\/v2\/product_brand?post=137253"},{"taxonomy":"product_cat","embeddable":true,"href":"https:\/\/www.iplay.com\/es\/wp-json\/wp\/v2\/product_cat?post=137253"},{"taxonomy":"product_tag","embeddable":true,"href":"https:\/\/www.iplay.com\/es\/wp-json\/wp\/v2\/product_tag?post=137253"}],"curies":[{"name":"wp","href":"https:\/\/api.w.org\/{rel}","templated":true}]}}