{"id":137244,"date":"2025-05-23T10:30:54","date_gmt":"2025-05-23T10:30:54","guid":{"rendered":"https:\/\/www.iplay.com\/games\/art-coloring-45\/"},"modified":"2025-05-23T10:30:54","modified_gmt":"2025-05-23T10:30:54","slug":"art-coloring-45","status":"publish","type":"product","link":"https:\/\/www.iplay.com\/es\/games\/art-coloring-45\/","title":{"rendered":"Art Coloring 45"},"content":{"rendered":"<p class=\"whitespace-normal break-words\">Art Coloring est\u00e1 dise\u00f1ado para ser m\u00e1s que un simple juego de pintura. Se proporciona todo un mundo de maravillosas pinturas, curvas elegantes y colores brillantes para su disfrute creativo. Solo se necesitan tus ganas para convertirte en un verdadero artista digital. Se pueden seleccionar colores, se pueden encontrar los n\u00fameros correctos y las im\u00e1genes se pueden rellenar con pinturas vibrantes.   <\/p>\n<p class=\"whitespace-normal break-words\">Se ofrecen dos estilos de color distintos para sus preferencias: \u00e1reas numeradas o pintura p\u00edxel por p\u00edxel. Se pueden completar incre\u00edbles obras de arte a medida que se desarrollan y refinan sus habilidades art\u00edsticas. <\/p>\n<p>&nbsp;<\/p>\n<p class=\"whitespace-normal break-words\"><strong>Funciones:<\/strong><\/p>\n<ul class=\"[&amp;:not(:last-child)_ul]:pb-1 [&amp;:not(:last-child)_ol]:pb-1 list-disc space-y-1.5 pl-7\">\n<li class=\"whitespace-normal break-words\"><strong>128 pinturas en total<\/strong> : se proporcionan 64 hermosas pinturas art\u00edsticas y 64 pinturas de p\u00edxeles detalladas<\/li>\n<li class=\"whitespace-normal break-words\"><strong>Estilos de coloraci\u00f3n flexibles<\/strong> : se puede elegir una coloraci\u00f3n de \u00e1rea numerada o una pintura de p\u00edxeles precisa seg\u00fan su estado de \u00e1nimo<\/li>\n<li class=\"whitespace-normal break-words\"><strong>Opciones visuales<\/strong> : los efectos de pintura texturizados o los colores planos limpios se pueden cambiar para obtener diferentes estilos art\u00edsticos<\/li>\n<li class=\"whitespace-normal break-words\"><strong>Controles intuitivos<\/strong> : los colores se seleccionan y aplican f\u00e1cilmente para crear impresionantes obras de arte terminadas<\/li>\n<li class=\"whitespace-normal break-words\"><strong>Experiencia relajante<\/strong> : horas de coloraci\u00f3n tranquila y meditativa se pueden disfrutar a su propio ritmo<\/li>\n<\/ul>\n<p>&nbsp;<\/p>\n<p class=\"whitespace-normal break-words\">Perfecto para cualquiera que busque una salida creativa relajante donde se puedan completar hermosas obras de arte digitales sin necesidad de tener experiencia art\u00edstica. El estr\u00e9s se puede aliviar mientras las obras maestras se crean de un color a la vez. <\/p>\n","protected":false},"excerpt":{"rendered":"<p>Completa 45 incre\u00edbles obras de arte en este relajante juego de colorear: \u00a1da rienda suelta a tu creatividad y convi\u00e9rtete en un artista digital!<\/p>\n","protected":false},"author":16,"featured_media":137235,"comment_status":"open","ping_status":"closed","template":"","meta":{"_acf_changed":false,"inline_featured_image":false},"product_brand":[],"product_cat":[184],"product_tag":[237,288],"class_list":{"0":"post-137244","1":"product","2":"type-product","3":"status-publish","4":"has-post-thumbnail","6":"product_cat-paint-by-numbers-series-es","7":"product_tag-art-coloring-series-es","8":"product_tag-play-on-pc-es","10":"first","11":"instock","12":"shipping-taxable","13":"purchasable","14":"product-type-simple"},"acf":[],"yoast_head":"<!-- This site is optimized with the Yoast SEO Premium plugin v25.2 (Yoast SEO v25.2) - https:\/\/yoast.com\/wordpress\/plugins\/seo\/ -->\n<title>Art Coloring 45: Completa la obra de arte y convi\u00e9rtete en un artista<\/title>\n<meta name=\"description\" content=\"Completa 45 incre\u00edbles obras de arte en este relajante juego de colorear: \u00a1da rienda suelta a tu creatividad y convi\u00e9rtete en un artista digital!\" \/>\n<meta name=\"robots\" content=\"index, follow, max-snippet:-1, max-image-preview:large, max-video-preview:-1\" \/>\n<link rel=\"canonical\" href=\"https:\/\/www.iplay.com\/es\/games\/art-coloring-45\/\" \/>\n<meta property=\"og:locale\" content=\"es_ES\" \/>\n<meta property=\"og:type\" content=\"article\" \/>\n<meta property=\"og:title\" content=\"Art Coloring 45\" \/>\n<meta property=\"og:description\" content=\"Completa 45 incre\u00edbles obras de arte en este relajante juego de colorear: \u00a1da rienda suelta a tu creatividad y convi\u00e9rtete en un artista digital!\" \/>\n<meta property=\"og:url\" content=\"https:\/\/www.iplay.com\/es\/games\/art-coloring-45\/\" \/>\n<meta property=\"og:site_name\" content=\"IPlay\" \/>\n<meta property=\"og:image\" content=\"https:\/\/www.iplay.com\/wp-content\/uploads\/2025\/05\/art_coloring_45_large_video_screenshot.webp\" \/>\n\t<meta property=\"og:image:width\" content=\"715\" \/>\n\t<meta property=\"og:image:height\" content=\"485\" \/>\n\t<meta property=\"og:image:type\" content=\"image\/webp\" \/>\n<meta name=\"twitter:card\" content=\"summary_large_image\" \/>\n<meta name=\"twitter:label1\" content=\"Est. reading time\" \/>\n\t<meta name=\"twitter:data1\" content=\"1 minuto\" \/>\n<script type=\"application\/ld+json\" class=\"yoast-schema-graph\">{\"@context\":\"https:\/\/schema.org\",\"@graph\":[{\"@type\":\"WebPage\",\"@id\":\"https:\/\/www.iplay.com\/es\/games\/art-coloring-45\/\",\"url\":\"https:\/\/www.iplay.com\/es\/games\/art-coloring-45\/\",\"name\":\"Art Coloring 45: Completa la obra de arte y convi\u00e9rtete en un artista\",\"isPartOf\":{\"@id\":\"https:\/\/www.iplay.com\/en\/#website\"},\"primaryImageOfPage\":{\"@id\":\"https:\/\/www.iplay.com\/es\/games\/art-coloring-45\/#primaryimage\"},\"image\":{\"@id\":\"https:\/\/www.iplay.com\/es\/games\/art-coloring-45\/#primaryimage\"},\"thumbnailUrl\":\"https:\/\/www.iplay.com\/wp-content\/uploads\/2025\/05\/art_coloring_45_large_square_tile_image.webp\",\"datePublished\":\"2025-05-23T10:30:54+00:00\",\"description\":\"Completa 45 incre\u00edbles obras de arte en este relajante juego de colorear: \u00a1da rienda suelta a tu creatividad y convi\u00e9rtete en un artista digital!\",\"breadcrumb\":{\"@id\":\"https:\/\/www.iplay.com\/es\/games\/art-coloring-45\/#breadcrumb\"},\"inLanguage\":\"es\",\"potentialAction\":[{\"@type\":\"ReadAction\",\"target\":[\"https:\/\/www.iplay.com\/es\/games\/art-coloring-45\/\"]}]},{\"@type\":\"ImageObject\",\"inLanguage\":\"es\",\"@id\":\"https:\/\/www.iplay.com\/es\/games\/art-coloring-45\/#primaryimage\",\"url\":\"https:\/\/www.iplay.com\/wp-content\/uploads\/2025\/05\/art_coloring_45_large_square_tile_image.webp\",\"contentUrl\":\"https:\/\/www.iplay.com\/wp-content\/uploads\/2025\/05\/art_coloring_45_large_square_tile_image.webp\",\"width\":310,\"height\":310},{\"@type\":\"BreadcrumbList\",\"@id\":\"https:\/\/www.iplay.com\/es\/games\/art-coloring-45\/#breadcrumb\",\"itemListElement\":[{\"@type\":\"ListItem\",\"position\":1,\"name\":\"Home\",\"item\":\"https:\/\/www.iplay.com\/es\/home-page-2\/\"},{\"@type\":\"ListItem\",\"position\":2,\"name\":\"Shop\",\"item\":\"https:\/\/www.iplay.com\/en\/shop\/\"},{\"@type\":\"ListItem\",\"position\":3,\"name\":\"Art Coloring 45\"}]},{\"@type\":\"WebSite\",\"@id\":\"https:\/\/www.iplay.com\/en\/#website\",\"url\":\"https:\/\/www.iplay.com\/en\/\",\"name\":\"IPlay\",\"description\":\"The Best Casual Games!\",\"publisher\":{\"@id\":\"https:\/\/www.iplay.com\/en\/#organization\"},\"potentialAction\":[{\"@type\":\"SearchAction\",\"target\":{\"@type\":\"EntryPoint\",\"urlTemplate\":\"https:\/\/www.iplay.com\/en\/?s={search_term_string}\"},\"query-input\":{\"@type\":\"PropertyValueSpecification\",\"valueRequired\":true,\"valueName\":\"search_term_string\"}}],\"inLanguage\":\"es\"},{\"@type\":\"Organization\",\"@id\":\"https:\/\/www.iplay.com\/en\/#organization\",\"name\":\"IPlay\",\"url\":\"https:\/\/www.iplay.com\/en\/\",\"logo\":{\"@type\":\"ImageObject\",\"inLanguage\":\"es\",\"@id\":\"https:\/\/www.iplay.com\/en\/#\/schema\/logo\/image\/\",\"url\":\"https:\/\/www.iplay.com\/wp-content\/uploads\/2023\/11\/Group-6100.svg\",\"contentUrl\":\"https:\/\/www.iplay.com\/wp-content\/uploads\/2023\/11\/Group-6100.svg\",\"width\":98,\"height\":25,\"caption\":\"IPlay\"},\"image\":{\"@id\":\"https:\/\/www.iplay.com\/en\/#\/schema\/logo\/image\/\"}}]}<\/script>\n<!-- \/ Yoast SEO Premium plugin. -->","yoast_head_json":{"title":"Art Coloring 45: Completa la obra de arte y convi\u00e9rtete en un artista","description":"Completa 45 incre\u00edbles obras de arte en este relajante juego de colorear: \u00a1da rienda suelta a tu creatividad y convi\u00e9rtete en un artista digital!","robots":{"index":"index","follow":"follow","max-snippet":"max-snippet:-1","max-image-preview":"max-image-preview:large","max-video-preview":"max-video-preview:-1"},"canonical":"https:\/\/www.iplay.com\/es\/games\/art-coloring-45\/","og_locale":"es_ES","og_type":"article","og_title":"Art Coloring 45","og_description":"Completa 45 incre\u00edbles obras de arte en este relajante juego de colorear: \u00a1da rienda suelta a tu creatividad y convi\u00e9rtete en un artista digital!","og_url":"https:\/\/www.iplay.com\/es\/games\/art-coloring-45\/","og_site_name":"IPlay","og_image":[{"width":715,"height":485,"url":"https:\/\/www.iplay.com\/wp-content\/uploads\/2025\/05\/art_coloring_45_large_video_screenshot.webp","type":"image\/webp"}],"twitter_card":"summary_large_image","twitter_misc":{"Est. reading time":"1 minuto"},"schema":{"@context":"https:\/\/schema.org","@graph":[{"@type":"WebPage","@id":"https:\/\/www.iplay.com\/es\/games\/art-coloring-45\/","url":"https:\/\/www.iplay.com\/es\/games\/art-coloring-45\/","name":"Art Coloring 45: Completa la obra de arte y convi\u00e9rtete en un artista","isPartOf":{"@id":"https:\/\/www.iplay.com\/en\/#website"},"primaryImageOfPage":{"@id":"https:\/\/www.iplay.com\/es\/games\/art-coloring-45\/#primaryimage"},"image":{"@id":"https:\/\/www.iplay.com\/es\/games\/art-coloring-45\/#primaryimage"},"thumbnailUrl":"https:\/\/www.iplay.com\/wp-content\/uploads\/2025\/05\/art_coloring_45_large_square_tile_image.webp","datePublished":"2025-05-23T10:30:54+00:00","description":"Completa 45 incre\u00edbles obras de arte en este relajante juego de colorear: \u00a1da rienda suelta a tu creatividad y convi\u00e9rtete en un artista digital!","breadcrumb":{"@id":"https:\/\/www.iplay.com\/es\/games\/art-coloring-45\/#breadcrumb"},"inLanguage":"es","potentialAction":[{"@type":"ReadAction","target":["https:\/\/www.iplay.com\/es\/games\/art-coloring-45\/"]}]},{"@type":"ImageObject","inLanguage":"es","@id":"https:\/\/www.iplay.com\/es\/games\/art-coloring-45\/#primaryimage","url":"https:\/\/www.iplay.com\/wp-content\/uploads\/2025\/05\/art_coloring_45_large_square_tile_image.webp","contentUrl":"https:\/\/www.iplay.com\/wp-content\/uploads\/2025\/05\/art_coloring_45_large_square_tile_image.webp","width":310,"height":310},{"@type":"BreadcrumbList","@id":"https:\/\/www.iplay.com\/es\/games\/art-coloring-45\/#breadcrumb","itemListElement":[{"@type":"ListItem","position":1,"name":"Home","item":"https:\/\/www.iplay.com\/es\/home-page-2\/"},{"@type":"ListItem","position":2,"name":"Shop","item":"https:\/\/www.iplay.com\/en\/shop\/"},{"@type":"ListItem","position":3,"name":"Art Coloring 45"}]},{"@type":"WebSite","@id":"https:\/\/www.iplay.com\/en\/#website","url":"https:\/\/www.iplay.com\/en\/","name":"IPlay","description":"The Best Casual Games!","publisher":{"@id":"https:\/\/www.iplay.com\/en\/#organization"},"potentialAction":[{"@type":"SearchAction","target":{"@type":"EntryPoint","urlTemplate":"https:\/\/www.iplay.com\/en\/?s={search_term_string}"},"query-input":{"@type":"PropertyValueSpecification","valueRequired":true,"valueName":"search_term_string"}}],"inLanguage":"es"},{"@type":"Organization","@id":"https:\/\/www.iplay.com\/en\/#organization","name":"IPlay","url":"https:\/\/www.iplay.com\/en\/","logo":{"@type":"ImageObject","inLanguage":"es","@id":"https:\/\/www.iplay.com\/en\/#\/schema\/logo\/image\/","url":"https:\/\/www.iplay.com\/wp-content\/uploads\/2023\/11\/Group-6100.svg","contentUrl":"https:\/\/www.iplay.com\/wp-content\/uploads\/2023\/11\/Group-6100.svg","width":98,"height":25,"caption":"IPlay"},"image":{"@id":"https:\/\/www.iplay.com\/en\/#\/schema\/logo\/image\/"}}]}},"_links":{"self":[{"href":"https:\/\/www.iplay.com\/es\/wp-json\/wp\/v2\/product\/137244","targetHints":{"allow":["GET"]}}],"collection":[{"href":"https:\/\/www.iplay.com\/es\/wp-json\/wp\/v2\/product"}],"about":[{"href":"https:\/\/www.iplay.com\/es\/wp-json\/wp\/v2\/types\/product"}],"author":[{"embeddable":true,"href":"https:\/\/www.iplay.com\/es\/wp-json\/wp\/v2\/users\/16"}],"replies":[{"embeddable":true,"href":"https:\/\/www.iplay.com\/es\/wp-json\/wp\/v2\/comments?post=137244"}],"wp:featuredmedia":[{"embeddable":true,"href":"https:\/\/www.iplay.com\/es\/wp-json\/wp\/v2\/media\/137235"}],"wp:attachment":[{"href":"https:\/\/www.iplay.com\/es\/wp-json\/wp\/v2\/media?parent=137244"}],"wp:term":[{"taxonomy":"product_brand","embeddable":true,"href":"https:\/\/www.iplay.com\/es\/wp-json\/wp\/v2\/product_brand?post=137244"},{"taxonomy":"product_cat","embeddable":true,"href":"https:\/\/www.iplay.com\/es\/wp-json\/wp\/v2\/product_cat?post=137244"},{"taxonomy":"product_tag","embeddable":true,"href":"https:\/\/www.iplay.com\/es\/wp-json\/wp\/v2\/product_tag?post=137244"}],"curies":[{"name":"wp","href":"https:\/\/api.w.org\/{rel}","templated":true}]}}