{"id":137001,"date":"2021-07-20T00:00:00","date_gmt":"2021-07-20T00:00:00","guid":{"rendered":"https:\/\/www.iplay.com\/games\/the-mysterious-cities-of-gold-secret-paths\/"},"modified":"2021-07-20T00:00:00","modified_gmt":"2021-07-20T00:00:00","slug":"the-mysterious-cities-of-gold-secret-paths","status":"publish","type":"product","link":"https:\/\/www.iplay.com\/es\/games\/the-mysterious-cities-of-gold-secret-paths\/","title":{"rendered":"The Mysterious Cities of Gold: Secret Paths"},"content":{"rendered":"<p>Navega por una multitud de niveles con desafiantes acertijos y astutas trampas para Esteban, Zia y Tao en una variedad de entornos impresionantes y variados. En busca de la perdida Ciudad de Oro, explora todos los rincones de China y elude a las tropas hostiles de Zar. Manteni\u00e9ndose fiel a la trama y la est\u00e9tica visual del famoso anime Mysterious Cities of Gold, Secret Paths te permite profundizar en este incre\u00edble reino multimedia. Cualquiera de los personajes principales est\u00e1 disponible para que juegues, y cada h\u00e9roe tiene habilidades \u00fanicas que debes usar a tu favor al asumir las diversas tareas. Sin embargo, \u00a1tienes que elegir cuidadosamente su personalidad cuenta!    <\/p>\n<p>&nbsp;<\/p>\n<p>&nbsp;<\/p>\n<p><strong>Funciones:<\/strong><\/p>\n<p>&nbsp;<\/p>\n<p>&#8211; Exquisitos gr\u00e1ficos fieles al estilo<br \/>\n art\u00edstico original y apreciado de Mysterious Cities of Gold- Descubre una variedad de entornos, desde los densos bosques asi\u00e1ticos hasta el centro de la Ciudad Prohibida y la legendaria Ciudad de Oro<br \/>\n china- Desbloquea excelentes escenas cinem\u00e1ticas tomadas directamente de la caricatura Mysterious Cities of Gold junto con obras de arte \u00fanicas y bienes virtuales.<br \/>\n&#8211; Aprovecha las habilidades y rasgos \u00fanicos de los tres amigos a tu favor cuando navegues por las numerosas trampas, acertijos y obst\u00e1culos que se interpongan en tu camino.<\/p>\n","protected":false},"excerpt":{"rendered":"<p>\u00a1Ayuda a Tao, Zia y Esteban a escapar de Zar y sus matones!<\/p>\n","protected":false},"author":122,"featured_media":79515,"comment_status":"open","ping_status":"closed","template":"","meta":{"_acf_changed":false,"inline_featured_image":false},"product_brand":[],"product_cat":[150],"product_tag":[288],"class_list":{"0":"post-137001","1":"product","2":"type-product","3":"status-publish","4":"has-post-thumbnail","6":"product_cat-adventure-es","7":"product_tag-play-on-pc-es","9":"first","10":"instock","11":"shipping-taxable","12":"purchasable","13":"product-type-simple"},"acf":[],"yoast_head":"<!-- This site is optimized with the Yoast SEO Premium plugin v25.2 (Yoast SEO v25.2) - https:\/\/yoast.com\/wordpress\/plugins\/seo\/ -->\n<title>Las Misteriosas Ciudades de Oro: Caminos Secretos - Ayuda a Esteban, Zia y Tao a escapar de Zar\u00e8s y sus secuaces<\/title>\n<meta name=\"description\" content=\"\u00a1Ayuda a Tao, Zia y Esteban a escapar de Zar y sus matones!\" \/>\n<meta name=\"robots\" content=\"index, follow, max-snippet:-1, max-image-preview:large, max-video-preview:-1\" \/>\n<link rel=\"canonical\" href=\"https:\/\/www.iplay.com\/es\/games\/the-mysterious-cities-of-gold-secret-paths\/\" \/>\n<meta property=\"og:locale\" content=\"es_ES\" \/>\n<meta property=\"og:type\" content=\"article\" \/>\n<meta property=\"og:title\" content=\"The Mysterious Cities of Gold: Secret Paths\" \/>\n<meta property=\"og:description\" content=\"\u00a1Ayuda a Tao, Zia y Esteban a escapar de Zar y sus matones!\" \/>\n<meta property=\"og:url\" content=\"https:\/\/www.iplay.com\/es\/games\/the-mysterious-cities-of-gold-secret-paths\/\" \/>\n<meta property=\"og:site_name\" content=\"IPlay\" \/>\n<meta property=\"og:image\" content=\"https:\/\/www.iplay.com\/wp-content\/uploads\/2023\/12\/large_square_tile_image-2471.jpg\" \/>\n\t<meta property=\"og:image:width\" content=\"310\" \/>\n\t<meta property=\"og:image:height\" content=\"310\" \/>\n\t<meta property=\"og:image:type\" content=\"image\/jpeg\" \/>\n<meta name=\"twitter:card\" content=\"summary_large_image\" \/>\n<meta name=\"twitter:label1\" content=\"Est. reading time\" \/>\n\t<meta name=\"twitter:data1\" content=\"1 minuto\" \/>\n<script type=\"application\/ld+json\" class=\"yoast-schema-graph\">{\"@context\":\"https:\/\/schema.org\",\"@graph\":[{\"@type\":\"WebPage\",\"@id\":\"https:\/\/www.iplay.com\/es\/games\/the-mysterious-cities-of-gold-secret-paths\/\",\"url\":\"https:\/\/www.iplay.com\/es\/games\/the-mysterious-cities-of-gold-secret-paths\/\",\"name\":\"Las Misteriosas Ciudades de Oro: Caminos Secretos - Ayuda a Esteban, Zia y Tao a escapar de Zar\u00e8s y sus secuaces\",\"isPartOf\":{\"@id\":\"https:\/\/www.iplay.com\/en\/#website\"},\"primaryImageOfPage\":{\"@id\":\"https:\/\/www.iplay.com\/es\/games\/the-mysterious-cities-of-gold-secret-paths\/#primaryimage\"},\"image\":{\"@id\":\"https:\/\/www.iplay.com\/es\/games\/the-mysterious-cities-of-gold-secret-paths\/#primaryimage\"},\"thumbnailUrl\":\"https:\/\/www.iplay.com\/wp-content\/uploads\/2023\/12\/large_square_tile_image-2471.jpg\",\"datePublished\":\"2021-07-20T00:00:00+00:00\",\"description\":\"\u00a1Ayuda a Tao, Zia y Esteban a escapar de Zar y sus matones!\",\"breadcrumb\":{\"@id\":\"https:\/\/www.iplay.com\/es\/games\/the-mysterious-cities-of-gold-secret-paths\/#breadcrumb\"},\"inLanguage\":\"es\",\"potentialAction\":[{\"@type\":\"ReadAction\",\"target\":[\"https:\/\/www.iplay.com\/es\/games\/the-mysterious-cities-of-gold-secret-paths\/\"]}]},{\"@type\":\"ImageObject\",\"inLanguage\":\"es\",\"@id\":\"https:\/\/www.iplay.com\/es\/games\/the-mysterious-cities-of-gold-secret-paths\/#primaryimage\",\"url\":\"https:\/\/www.iplay.com\/wp-content\/uploads\/2023\/12\/large_square_tile_image-2471.jpg\",\"contentUrl\":\"https:\/\/www.iplay.com\/wp-content\/uploads\/2023\/12\/large_square_tile_image-2471.jpg\",\"width\":310,\"height\":310},{\"@type\":\"BreadcrumbList\",\"@id\":\"https:\/\/www.iplay.com\/es\/games\/the-mysterious-cities-of-gold-secret-paths\/#breadcrumb\",\"itemListElement\":[{\"@type\":\"ListItem\",\"position\":1,\"name\":\"Home\",\"item\":\"https:\/\/www.iplay.com\/es\/home-page-2\/\"},{\"@type\":\"ListItem\",\"position\":2,\"name\":\"Shop\",\"item\":\"https:\/\/www.iplay.com\/en\/shop\/\"},{\"@type\":\"ListItem\",\"position\":3,\"name\":\"The Mysterious Cities of Gold: Secret Paths\"}]},{\"@type\":\"WebSite\",\"@id\":\"https:\/\/www.iplay.com\/en\/#website\",\"url\":\"https:\/\/www.iplay.com\/en\/\",\"name\":\"IPlay\",\"description\":\"The Best Casual Games!\",\"publisher\":{\"@id\":\"https:\/\/www.iplay.com\/en\/#organization\"},\"potentialAction\":[{\"@type\":\"SearchAction\",\"target\":{\"@type\":\"EntryPoint\",\"urlTemplate\":\"https:\/\/www.iplay.com\/en\/?s={search_term_string}\"},\"query-input\":{\"@type\":\"PropertyValueSpecification\",\"valueRequired\":true,\"valueName\":\"search_term_string\"}}],\"inLanguage\":\"es\"},{\"@type\":\"Organization\",\"@id\":\"https:\/\/www.iplay.com\/en\/#organization\",\"name\":\"IPlay\",\"url\":\"https:\/\/www.iplay.com\/en\/\",\"logo\":{\"@type\":\"ImageObject\",\"inLanguage\":\"es\",\"@id\":\"https:\/\/www.iplay.com\/en\/#\/schema\/logo\/image\/\",\"url\":\"https:\/\/www.iplay.com\/wp-content\/uploads\/2023\/11\/Group-6100.svg\",\"contentUrl\":\"https:\/\/www.iplay.com\/wp-content\/uploads\/2023\/11\/Group-6100.svg\",\"width\":98,\"height\":25,\"caption\":\"IPlay\"},\"image\":{\"@id\":\"https:\/\/www.iplay.com\/en\/#\/schema\/logo\/image\/\"}}]}<\/script>\n<!-- \/ Yoast SEO Premium plugin. -->","yoast_head_json":{"title":"Las Misteriosas Ciudades de Oro: Caminos Secretos - Ayuda a Esteban, Zia y Tao a escapar de Zar\u00e8s y sus secuaces","description":"\u00a1Ayuda a Tao, Zia y Esteban a escapar de Zar y sus matones!","robots":{"index":"index","follow":"follow","max-snippet":"max-snippet:-1","max-image-preview":"max-image-preview:large","max-video-preview":"max-video-preview:-1"},"canonical":"https:\/\/www.iplay.com\/es\/games\/the-mysterious-cities-of-gold-secret-paths\/","og_locale":"es_ES","og_type":"article","og_title":"The Mysterious Cities of Gold: Secret Paths","og_description":"\u00a1Ayuda a Tao, Zia y Esteban a escapar de Zar y sus matones!","og_url":"https:\/\/www.iplay.com\/es\/games\/the-mysterious-cities-of-gold-secret-paths\/","og_site_name":"IPlay","og_image":[{"width":310,"height":310,"url":"https:\/\/www.iplay.com\/wp-content\/uploads\/2023\/12\/large_square_tile_image-2471.jpg","type":"image\/jpeg"}],"twitter_card":"summary_large_image","twitter_misc":{"Est. reading time":"1 minuto"},"schema":{"@context":"https:\/\/schema.org","@graph":[{"@type":"WebPage","@id":"https:\/\/www.iplay.com\/es\/games\/the-mysterious-cities-of-gold-secret-paths\/","url":"https:\/\/www.iplay.com\/es\/games\/the-mysterious-cities-of-gold-secret-paths\/","name":"Las Misteriosas Ciudades de Oro: Caminos Secretos - Ayuda a Esteban, Zia y Tao a escapar de Zar\u00e8s y sus secuaces","isPartOf":{"@id":"https:\/\/www.iplay.com\/en\/#website"},"primaryImageOfPage":{"@id":"https:\/\/www.iplay.com\/es\/games\/the-mysterious-cities-of-gold-secret-paths\/#primaryimage"},"image":{"@id":"https:\/\/www.iplay.com\/es\/games\/the-mysterious-cities-of-gold-secret-paths\/#primaryimage"},"thumbnailUrl":"https:\/\/www.iplay.com\/wp-content\/uploads\/2023\/12\/large_square_tile_image-2471.jpg","datePublished":"2021-07-20T00:00:00+00:00","description":"\u00a1Ayuda a Tao, Zia y Esteban a escapar de Zar y sus matones!","breadcrumb":{"@id":"https:\/\/www.iplay.com\/es\/games\/the-mysterious-cities-of-gold-secret-paths\/#breadcrumb"},"inLanguage":"es","potentialAction":[{"@type":"ReadAction","target":["https:\/\/www.iplay.com\/es\/games\/the-mysterious-cities-of-gold-secret-paths\/"]}]},{"@type":"ImageObject","inLanguage":"es","@id":"https:\/\/www.iplay.com\/es\/games\/the-mysterious-cities-of-gold-secret-paths\/#primaryimage","url":"https:\/\/www.iplay.com\/wp-content\/uploads\/2023\/12\/large_square_tile_image-2471.jpg","contentUrl":"https:\/\/www.iplay.com\/wp-content\/uploads\/2023\/12\/large_square_tile_image-2471.jpg","width":310,"height":310},{"@type":"BreadcrumbList","@id":"https:\/\/www.iplay.com\/es\/games\/the-mysterious-cities-of-gold-secret-paths\/#breadcrumb","itemListElement":[{"@type":"ListItem","position":1,"name":"Home","item":"https:\/\/www.iplay.com\/es\/home-page-2\/"},{"@type":"ListItem","position":2,"name":"Shop","item":"https:\/\/www.iplay.com\/en\/shop\/"},{"@type":"ListItem","position":3,"name":"The Mysterious Cities of Gold: Secret Paths"}]},{"@type":"WebSite","@id":"https:\/\/www.iplay.com\/en\/#website","url":"https:\/\/www.iplay.com\/en\/","name":"IPlay","description":"The Best Casual Games!","publisher":{"@id":"https:\/\/www.iplay.com\/en\/#organization"},"potentialAction":[{"@type":"SearchAction","target":{"@type":"EntryPoint","urlTemplate":"https:\/\/www.iplay.com\/en\/?s={search_term_string}"},"query-input":{"@type":"PropertyValueSpecification","valueRequired":true,"valueName":"search_term_string"}}],"inLanguage":"es"},{"@type":"Organization","@id":"https:\/\/www.iplay.com\/en\/#organization","name":"IPlay","url":"https:\/\/www.iplay.com\/en\/","logo":{"@type":"ImageObject","inLanguage":"es","@id":"https:\/\/www.iplay.com\/en\/#\/schema\/logo\/image\/","url":"https:\/\/www.iplay.com\/wp-content\/uploads\/2023\/11\/Group-6100.svg","contentUrl":"https:\/\/www.iplay.com\/wp-content\/uploads\/2023\/11\/Group-6100.svg","width":98,"height":25,"caption":"IPlay"},"image":{"@id":"https:\/\/www.iplay.com\/en\/#\/schema\/logo\/image\/"}}]}},"_links":{"self":[{"href":"https:\/\/www.iplay.com\/es\/wp-json\/wp\/v2\/product\/137001","targetHints":{"allow":["GET"]}}],"collection":[{"href":"https:\/\/www.iplay.com\/es\/wp-json\/wp\/v2\/product"}],"about":[{"href":"https:\/\/www.iplay.com\/es\/wp-json\/wp\/v2\/types\/product"}],"author":[{"embeddable":true,"href":"https:\/\/www.iplay.com\/es\/wp-json\/wp\/v2\/users\/122"}],"replies":[{"embeddable":true,"href":"https:\/\/www.iplay.com\/es\/wp-json\/wp\/v2\/comments?post=137001"}],"wp:featuredmedia":[{"embeddable":true,"href":"https:\/\/www.iplay.com\/es\/wp-json\/wp\/v2\/media\/79515"}],"wp:attachment":[{"href":"https:\/\/www.iplay.com\/es\/wp-json\/wp\/v2\/media?parent=137001"}],"wp:term":[{"taxonomy":"product_brand","embeddable":true,"href":"https:\/\/www.iplay.com\/es\/wp-json\/wp\/v2\/product_brand?post=137001"},{"taxonomy":"product_cat","embeddable":true,"href":"https:\/\/www.iplay.com\/es\/wp-json\/wp\/v2\/product_cat?post=137001"},{"taxonomy":"product_tag","embeddable":true,"href":"https:\/\/www.iplay.com\/es\/wp-json\/wp\/v2\/product_tag?post=137001"}],"curies":[{"name":"wp","href":"https:\/\/api.w.org\/{rel}","templated":true}]}}