{"id":136825,"date":"2021-12-15T00:00:00","date_gmt":"2021-12-15T00:00:00","guid":{"rendered":"https:\/\/www.iplay.com\/games\/matchventures-3\/"},"modified":"2025-08-29T11:33:14","modified_gmt":"2025-08-29T11:33:14","slug":"matchventures-3","status":"publish","type":"product","link":"https:\/\/www.iplay.com\/es\/games\/matchventures-3\/","title":{"rendered":"MatchVentures 3"},"content":{"rendered":"<p>\u00a1Descubre las espeluznantes cavernas debajo del castillo de Cliffmont en este emocionante misterio de combina 3! Para restaurar magn\u00edficas fortalezas, descubre pasadizos secretos y adquiere riquezas invaluables, ten cuidado con los enemigos que merodean por las mazmorras. Con la ayuda de Finlea, la cuidadora del duende, y su peculiar grupo de amigos, completa desafiantes acertijos y tareas. Para comprar nuevas mejoras de castillo, busca dinero y recursos en las \u00e1reas sombr\u00edas de cada nivel final. Investiga niveles expansivos en busca de los elementos que necesitar\u00e1s para superar los obst\u00e1culos. \u00a1Descubre las llaves para abrir cofres del tesoro, luchar contra enemigos y resolver acertijos desafiantes en este innovador juego de combinar 3!     <\/p>\n<p>&nbsp;<\/p>\n<p>&nbsp;<\/p>\n<p><strong>Funciones:<\/strong><\/p>\n<p>&nbsp;<\/p>\n<p>&#8211; Cuida de tu burro<br \/>\n&#8211; Juega en dos modos<br \/>\n diferentes- Explora niveles<br \/>\n masivos- Reconstruye tres majestuosos castillos<br \/>\n&#8211; Resuelve docenas de misiones<br \/>\n&#8211; Recoge innumerables tesoros<br \/>\n de valor incalculable- Hermosa banda sonora orquestal<\/p>\n","protected":false},"excerpt":{"rendered":"<p>\u00a1Emb\u00e1rcate en una emocionante aventura de misterio de combina 3 en un castillo! El juego MatchVentures 3 <\/p>\n","protected":false},"author":20,"featured_media":78251,"comment_status":"open","ping_status":"closed","template":"","meta":{"_acf_changed":false,"inline_featured_image":false},"product_brand":[],"product_cat":[192],"product_tag":[],"class_list":{"0":"post-136825","1":"product","2":"type-product","3":"status-publish","4":"has-post-thumbnail","6":"product_cat-puzzle-es","8":"first","9":"instock","10":"shipping-taxable","11":"purchasable","12":"product-type-simple"},"acf":[],"yoast_head":"<!-- This site is optimized with the Yoast SEO Premium plugin v25.2 (Yoast SEO v25.2) - https:\/\/yoast.com\/wordpress\/plugins\/seo\/ -->\n<title>MatchVentures 3 - Emb\u00e1rcate en una emocionante aventura de misterio y castillo de combina 3<\/title>\n<meta name=\"description\" content=\"\u00a1Emb\u00e1rcate en una emocionante aventura de misterio de combina 3 en un castillo! El juego MatchVentures 3\" \/>\n<meta name=\"robots\" content=\"index, follow, max-snippet:-1, max-image-preview:large, max-video-preview:-1\" \/>\n<link rel=\"canonical\" href=\"https:\/\/www.iplay.com\/es\/games\/matchventures-3\/\" \/>\n<meta property=\"og:locale\" content=\"es_ES\" \/>\n<meta property=\"og:type\" content=\"article\" \/>\n<meta property=\"og:title\" content=\"MatchVentures 3\" \/>\n<meta property=\"og:description\" content=\"\u00a1Emb\u00e1rcate en una emocionante aventura de misterio de combina 3 en un castillo! El juego MatchVentures 3\" \/>\n<meta property=\"og:url\" content=\"https:\/\/www.iplay.com\/es\/games\/matchventures-3\/\" \/>\n<meta property=\"og:site_name\" content=\"IPlay\" \/>\n<meta property=\"article:modified_time\" content=\"2025-08-29T11:33:14+00:00\" \/>\n<meta property=\"og:image\" content=\"https:\/\/www.iplay.com\/wp-content\/uploads\/2023\/12\/large_square_tile_image-2390.jpg\" \/>\n\t<meta property=\"og:image:width\" content=\"310\" \/>\n\t<meta property=\"og:image:height\" content=\"310\" \/>\n\t<meta property=\"og:image:type\" content=\"image\/jpeg\" \/>\n<meta name=\"twitter:card\" content=\"summary_large_image\" \/>\n<meta name=\"twitter:label1\" content=\"Est. reading time\" \/>\n\t<meta name=\"twitter:data1\" content=\"1 minuto\" \/>\n<script type=\"application\/ld+json\" class=\"yoast-schema-graph\">{\"@context\":\"https:\/\/schema.org\",\"@graph\":[{\"@type\":\"WebPage\",\"@id\":\"https:\/\/www.iplay.com\/es\/games\/matchventures-3\/\",\"url\":\"https:\/\/www.iplay.com\/es\/games\/matchventures-3\/\",\"name\":\"MatchVentures 3 - Emb\u00e1rcate en una emocionante aventura de misterio y castillo de combina 3\",\"isPartOf\":{\"@id\":\"https:\/\/www.iplay.com\/en\/#website\"},\"primaryImageOfPage\":{\"@id\":\"https:\/\/www.iplay.com\/es\/games\/matchventures-3\/#primaryimage\"},\"image\":{\"@id\":\"https:\/\/www.iplay.com\/es\/games\/matchventures-3\/#primaryimage\"},\"thumbnailUrl\":\"https:\/\/www.iplay.com\/wp-content\/uploads\/2023\/12\/large_square_tile_image-2390.jpg\",\"datePublished\":\"2021-12-15T00:00:00+00:00\",\"dateModified\":\"2025-08-29T11:33:14+00:00\",\"description\":\"\u00a1Emb\u00e1rcate en una emocionante aventura de misterio de combina 3 en un castillo! El juego MatchVentures 3\",\"breadcrumb\":{\"@id\":\"https:\/\/www.iplay.com\/es\/games\/matchventures-3\/#breadcrumb\"},\"inLanguage\":\"es\",\"potentialAction\":[{\"@type\":\"ReadAction\",\"target\":[\"https:\/\/www.iplay.com\/es\/games\/matchventures-3\/\"]}]},{\"@type\":\"ImageObject\",\"inLanguage\":\"es\",\"@id\":\"https:\/\/www.iplay.com\/es\/games\/matchventures-3\/#primaryimage\",\"url\":\"https:\/\/www.iplay.com\/wp-content\/uploads\/2023\/12\/large_square_tile_image-2390.jpg\",\"contentUrl\":\"https:\/\/www.iplay.com\/wp-content\/uploads\/2023\/12\/large_square_tile_image-2390.jpg\",\"width\":310,\"height\":310},{\"@type\":\"BreadcrumbList\",\"@id\":\"https:\/\/www.iplay.com\/es\/games\/matchventures-3\/#breadcrumb\",\"itemListElement\":[{\"@type\":\"ListItem\",\"position\":1,\"name\":\"Home\",\"item\":\"https:\/\/www.iplay.com\/es\/home-page-2\/\"},{\"@type\":\"ListItem\",\"position\":2,\"name\":\"Shop\",\"item\":\"https:\/\/www.iplay.com\/en\/shop\/\"},{\"@type\":\"ListItem\",\"position\":3,\"name\":\"MatchVentures 3\"}]},{\"@type\":\"WebSite\",\"@id\":\"https:\/\/www.iplay.com\/en\/#website\",\"url\":\"https:\/\/www.iplay.com\/en\/\",\"name\":\"IPlay\",\"description\":\"The Best Casual Games!\",\"publisher\":{\"@id\":\"https:\/\/www.iplay.com\/en\/#organization\"},\"potentialAction\":[{\"@type\":\"SearchAction\",\"target\":{\"@type\":\"EntryPoint\",\"urlTemplate\":\"https:\/\/www.iplay.com\/en\/?s={search_term_string}\"},\"query-input\":{\"@type\":\"PropertyValueSpecification\",\"valueRequired\":true,\"valueName\":\"search_term_string\"}}],\"inLanguage\":\"es\"},{\"@type\":\"Organization\",\"@id\":\"https:\/\/www.iplay.com\/en\/#organization\",\"name\":\"IPlay\",\"url\":\"https:\/\/www.iplay.com\/en\/\",\"logo\":{\"@type\":\"ImageObject\",\"inLanguage\":\"es\",\"@id\":\"https:\/\/www.iplay.com\/en\/#\/schema\/logo\/image\/\",\"url\":\"https:\/\/www.iplay.com\/wp-content\/uploads\/2023\/11\/Group-6100.svg\",\"contentUrl\":\"https:\/\/www.iplay.com\/wp-content\/uploads\/2023\/11\/Group-6100.svg\",\"width\":98,\"height\":25,\"caption\":\"IPlay\"},\"image\":{\"@id\":\"https:\/\/www.iplay.com\/en\/#\/schema\/logo\/image\/\"}}]}<\/script>\n<!-- \/ Yoast SEO Premium plugin. -->","yoast_head_json":{"title":"MatchVentures 3 - Emb\u00e1rcate en una emocionante aventura de misterio y castillo de combina 3","description":"\u00a1Emb\u00e1rcate en una emocionante aventura de misterio de combina 3 en un castillo! El juego MatchVentures 3","robots":{"index":"index","follow":"follow","max-snippet":"max-snippet:-1","max-image-preview":"max-image-preview:large","max-video-preview":"max-video-preview:-1"},"canonical":"https:\/\/www.iplay.com\/es\/games\/matchventures-3\/","og_locale":"es_ES","og_type":"article","og_title":"MatchVentures 3","og_description":"\u00a1Emb\u00e1rcate en una emocionante aventura de misterio de combina 3 en un castillo! El juego MatchVentures 3","og_url":"https:\/\/www.iplay.com\/es\/games\/matchventures-3\/","og_site_name":"IPlay","article_modified_time":"2025-08-29T11:33:14+00:00","og_image":[{"width":310,"height":310,"url":"https:\/\/www.iplay.com\/wp-content\/uploads\/2023\/12\/large_square_tile_image-2390.jpg","type":"image\/jpeg"}],"twitter_card":"summary_large_image","twitter_misc":{"Est. reading time":"1 minuto"},"schema":{"@context":"https:\/\/schema.org","@graph":[{"@type":"WebPage","@id":"https:\/\/www.iplay.com\/es\/games\/matchventures-3\/","url":"https:\/\/www.iplay.com\/es\/games\/matchventures-3\/","name":"MatchVentures 3 - Emb\u00e1rcate en una emocionante aventura de misterio y castillo de combina 3","isPartOf":{"@id":"https:\/\/www.iplay.com\/en\/#website"},"primaryImageOfPage":{"@id":"https:\/\/www.iplay.com\/es\/games\/matchventures-3\/#primaryimage"},"image":{"@id":"https:\/\/www.iplay.com\/es\/games\/matchventures-3\/#primaryimage"},"thumbnailUrl":"https:\/\/www.iplay.com\/wp-content\/uploads\/2023\/12\/large_square_tile_image-2390.jpg","datePublished":"2021-12-15T00:00:00+00:00","dateModified":"2025-08-29T11:33:14+00:00","description":"\u00a1Emb\u00e1rcate en una emocionante aventura de misterio de combina 3 en un castillo! El juego MatchVentures 3","breadcrumb":{"@id":"https:\/\/www.iplay.com\/es\/games\/matchventures-3\/#breadcrumb"},"inLanguage":"es","potentialAction":[{"@type":"ReadAction","target":["https:\/\/www.iplay.com\/es\/games\/matchventures-3\/"]}]},{"@type":"ImageObject","inLanguage":"es","@id":"https:\/\/www.iplay.com\/es\/games\/matchventures-3\/#primaryimage","url":"https:\/\/www.iplay.com\/wp-content\/uploads\/2023\/12\/large_square_tile_image-2390.jpg","contentUrl":"https:\/\/www.iplay.com\/wp-content\/uploads\/2023\/12\/large_square_tile_image-2390.jpg","width":310,"height":310},{"@type":"BreadcrumbList","@id":"https:\/\/www.iplay.com\/es\/games\/matchventures-3\/#breadcrumb","itemListElement":[{"@type":"ListItem","position":1,"name":"Home","item":"https:\/\/www.iplay.com\/es\/home-page-2\/"},{"@type":"ListItem","position":2,"name":"Shop","item":"https:\/\/www.iplay.com\/en\/shop\/"},{"@type":"ListItem","position":3,"name":"MatchVentures 3"}]},{"@type":"WebSite","@id":"https:\/\/www.iplay.com\/en\/#website","url":"https:\/\/www.iplay.com\/en\/","name":"IPlay","description":"The Best Casual Games!","publisher":{"@id":"https:\/\/www.iplay.com\/en\/#organization"},"potentialAction":[{"@type":"SearchAction","target":{"@type":"EntryPoint","urlTemplate":"https:\/\/www.iplay.com\/en\/?s={search_term_string}"},"query-input":{"@type":"PropertyValueSpecification","valueRequired":true,"valueName":"search_term_string"}}],"inLanguage":"es"},{"@type":"Organization","@id":"https:\/\/www.iplay.com\/en\/#organization","name":"IPlay","url":"https:\/\/www.iplay.com\/en\/","logo":{"@type":"ImageObject","inLanguage":"es","@id":"https:\/\/www.iplay.com\/en\/#\/schema\/logo\/image\/","url":"https:\/\/www.iplay.com\/wp-content\/uploads\/2023\/11\/Group-6100.svg","contentUrl":"https:\/\/www.iplay.com\/wp-content\/uploads\/2023\/11\/Group-6100.svg","width":98,"height":25,"caption":"IPlay"},"image":{"@id":"https:\/\/www.iplay.com\/en\/#\/schema\/logo\/image\/"}}]}},"_links":{"self":[{"href":"https:\/\/www.iplay.com\/es\/wp-json\/wp\/v2\/product\/136825","targetHints":{"allow":["GET"]}}],"collection":[{"href":"https:\/\/www.iplay.com\/es\/wp-json\/wp\/v2\/product"}],"about":[{"href":"https:\/\/www.iplay.com\/es\/wp-json\/wp\/v2\/types\/product"}],"author":[{"embeddable":true,"href":"https:\/\/www.iplay.com\/es\/wp-json\/wp\/v2\/users\/20"}],"replies":[{"embeddable":true,"href":"https:\/\/www.iplay.com\/es\/wp-json\/wp\/v2\/comments?post=136825"}],"wp:featuredmedia":[{"embeddable":true,"href":"https:\/\/www.iplay.com\/es\/wp-json\/wp\/v2\/media\/78251"}],"wp:attachment":[{"href":"https:\/\/www.iplay.com\/es\/wp-json\/wp\/v2\/media?parent=136825"}],"wp:term":[{"taxonomy":"product_brand","embeddable":true,"href":"https:\/\/www.iplay.com\/es\/wp-json\/wp\/v2\/product_brand?post=136825"},{"taxonomy":"product_cat","embeddable":true,"href":"https:\/\/www.iplay.com\/es\/wp-json\/wp\/v2\/product_cat?post=136825"},{"taxonomy":"product_tag","embeddable":true,"href":"https:\/\/www.iplay.com\/es\/wp-json\/wp\/v2\/product_tag?post=136825"}],"curies":[{"name":"wp","href":"https:\/\/api.w.org\/{rel}","templated":true}]}}