{"id":136777,"date":"2022-02-20T00:00:00","date_gmt":"2022-02-20T00:00:00","guid":{"rendered":"https:\/\/www.iplay.com\/games\/shopping-clutter-14-winter-garden\/"},"modified":"2022-02-20T00:00:00","modified_gmt":"2022-02-20T00:00:00","slug":"shopping-clutter-14-winter-garden","status":"publish","type":"product","link":"https:\/\/www.iplay.com\/es\/games\/shopping-clutter-14-winter-garden\/","title":{"rendered":"Shopping Clutter 14: Winter Garden"},"content":{"rendered":"<p>Los Walker estaban pasando un buen rato decidiendo c\u00f3mo pasar una hermosa ma\u00f1ana de invierno. Todas sus intenciones se vieron frustradas cuando un preocupado Sr. Rata lleg\u00f3 a la puerta de su casa. Declar\u00f3 que su esposa estaba angustiada y toda la familia se apresur\u00f3 a ver a la triste y encantadora t\u00eda oveja. Estaba deprimida y hab\u00eda pasado los \u00faltimos d\u00edas en cama porque no pod\u00eda hacer lo que m\u00e1s le gustaba, que era cultivar plantas en el jard\u00edn. El Sr. Rata pidi\u00f3 a los Walker que lo ayudaran a construir un invernadero en el que su amada esposa, la t\u00eda Oveja, pudiera cultivar flores durante todo el a\u00f1o. En pleno invierno, es dif\u00edcil encontrar plantas verdes. \u00a1Pero los Caminantes no van a abandonar a la t\u00eda oveja hasta la primavera! Como resultado, la familia animal requiere un recurso de superh\u00e9roe: \u00a1t\u00fa! \u00a1Ayuda a los caminantes a hacer feliz a la t\u00eda oveja haci\u00e9ndole un jard\u00edn de invierno!        <\/p>\n<p>&nbsp;<\/p>\n<p>&nbsp;<\/p>\n<p><strong>Funciones:<\/strong><\/p>\n<p>&nbsp;<\/p>\n<p>&#8211; \u00a1200 NUEVOS objetos NUEVOS con tem\u00e1tica de jard\u00edn con los que jugar!<br \/>\n&#8211; 140 rompecabezas de &#8220;desorden&#8221; y 20 rompecabezas<br \/>\n adicionales- Sonidos relajantes y obras maestras de m\u00fasica para un juego<br \/>\n divertido- Personajes favoritos y di\u00e1logos divertidos<br \/>\n&#8211; Gr\u00e1ficos coloridos y desaf\u00edos reales para todos los fan\u00e1ticos de los rompecabezas<br \/>\n&#8211; Jard\u00edn florido contra campos nevados en el fondo!<br \/>\n&#8211; \u00a1Salva a la t\u00eda oveja de la depresi\u00f3n invernal!<\/p>\n","protected":false},"excerpt":{"rendered":"<p>\u00a1Ayuda a la familia Walker a construir un invernadero de invierno para la t\u00eda oveja!<\/p>\n","protected":false},"author":14,"featured_media":106213,"comment_status":"open","ping_status":"closed","template":"","meta":{"_acf_changed":false,"inline_featured_image":false},"product_brand":[],"product_cat":[192],"product_tag":[],"class_list":{"0":"post-136777","1":"product","2":"type-product","3":"status-publish","4":"has-post-thumbnail","6":"product_cat-puzzle-es","8":"first","9":"instock","10":"shipping-taxable","11":"purchasable","12":"product-type-simple"},"acf":[],"yoast_head":"<!-- This site is optimized with the Yoast SEO Premium plugin v25.2 (Yoast SEO v25.2) - https:\/\/yoast.com\/wordpress\/plugins\/seo\/ -->\n<title>Shopping Clutter 14: Winter Garden - Ayuda a los caminantes a construir un invernadero de invierno<\/title>\n<meta name=\"description\" content=\"\u00a1Ayuda a la familia Walker a construir un invernadero de invierno para la t\u00eda oveja!\" \/>\n<meta name=\"robots\" content=\"index, follow, max-snippet:-1, max-image-preview:large, max-video-preview:-1\" \/>\n<link rel=\"canonical\" href=\"https:\/\/www.iplay.com\/es\/games\/shopping-clutter-14-winter-garden\/\" \/>\n<meta property=\"og:locale\" content=\"es_ES\" \/>\n<meta property=\"og:type\" content=\"article\" \/>\n<meta property=\"og:title\" content=\"Shopping Clutter 14: Winter Garden\" \/>\n<meta property=\"og:description\" content=\"\u00a1Ayuda a la familia Walker a construir un invernadero de invierno para la t\u00eda oveja!\" \/>\n<meta property=\"og:url\" content=\"https:\/\/www.iplay.com\/es\/games\/shopping-clutter-14-winter-garden\/\" \/>\n<meta property=\"og:site_name\" content=\"IPlay\" \/>\n<meta property=\"og:image\" content=\"https:\/\/www.iplay.com\/wp-content\/uploads\/2023\/12\/large_square_tile_image-4156.jpg\" \/>\n\t<meta property=\"og:image:width\" content=\"310\" \/>\n\t<meta property=\"og:image:height\" content=\"310\" \/>\n\t<meta property=\"og:image:type\" content=\"image\/jpeg\" \/>\n<meta name=\"twitter:card\" content=\"summary_large_image\" \/>\n<meta name=\"twitter:label1\" content=\"Est. reading time\" \/>\n\t<meta name=\"twitter:data1\" content=\"1 minuto\" \/>\n<script type=\"application\/ld+json\" class=\"yoast-schema-graph\">{\"@context\":\"https:\/\/schema.org\",\"@graph\":[{\"@type\":\"WebPage\",\"@id\":\"https:\/\/www.iplay.com\/es\/games\/shopping-clutter-14-winter-garden\/\",\"url\":\"https:\/\/www.iplay.com\/es\/games\/shopping-clutter-14-winter-garden\/\",\"name\":\"Shopping Clutter 14: Winter Garden - Ayuda a los caminantes a construir un invernadero de invierno\",\"isPartOf\":{\"@id\":\"https:\/\/www.iplay.com\/en\/#website\"},\"primaryImageOfPage\":{\"@id\":\"https:\/\/www.iplay.com\/es\/games\/shopping-clutter-14-winter-garden\/#primaryimage\"},\"image\":{\"@id\":\"https:\/\/www.iplay.com\/es\/games\/shopping-clutter-14-winter-garden\/#primaryimage\"},\"thumbnailUrl\":\"https:\/\/www.iplay.com\/wp-content\/uploads\/2023\/12\/large_square_tile_image-4156.jpg\",\"datePublished\":\"2022-02-20T00:00:00+00:00\",\"description\":\"\u00a1Ayuda a la familia Walker a construir un invernadero de invierno para la t\u00eda oveja!\",\"breadcrumb\":{\"@id\":\"https:\/\/www.iplay.com\/es\/games\/shopping-clutter-14-winter-garden\/#breadcrumb\"},\"inLanguage\":\"es\",\"potentialAction\":[{\"@type\":\"ReadAction\",\"target\":[\"https:\/\/www.iplay.com\/es\/games\/shopping-clutter-14-winter-garden\/\"]}]},{\"@type\":\"ImageObject\",\"inLanguage\":\"es\",\"@id\":\"https:\/\/www.iplay.com\/es\/games\/shopping-clutter-14-winter-garden\/#primaryimage\",\"url\":\"https:\/\/www.iplay.com\/wp-content\/uploads\/2023\/12\/large_square_tile_image-4156.jpg\",\"contentUrl\":\"https:\/\/www.iplay.com\/wp-content\/uploads\/2023\/12\/large_square_tile_image-4156.jpg\",\"width\":310,\"height\":310},{\"@type\":\"BreadcrumbList\",\"@id\":\"https:\/\/www.iplay.com\/es\/games\/shopping-clutter-14-winter-garden\/#breadcrumb\",\"itemListElement\":[{\"@type\":\"ListItem\",\"position\":1,\"name\":\"Home\",\"item\":\"https:\/\/www.iplay.com\/es\/home-page-2\/\"},{\"@type\":\"ListItem\",\"position\":2,\"name\":\"Shop\",\"item\":\"https:\/\/www.iplay.com\/en\/shop\/\"},{\"@type\":\"ListItem\",\"position\":3,\"name\":\"Shopping Clutter 14: Winter Garden\"}]},{\"@type\":\"WebSite\",\"@id\":\"https:\/\/www.iplay.com\/en\/#website\",\"url\":\"https:\/\/www.iplay.com\/en\/\",\"name\":\"IPlay\",\"description\":\"The Best Casual Games!\",\"publisher\":{\"@id\":\"https:\/\/www.iplay.com\/en\/#organization\"},\"potentialAction\":[{\"@type\":\"SearchAction\",\"target\":{\"@type\":\"EntryPoint\",\"urlTemplate\":\"https:\/\/www.iplay.com\/en\/?s={search_term_string}\"},\"query-input\":{\"@type\":\"PropertyValueSpecification\",\"valueRequired\":true,\"valueName\":\"search_term_string\"}}],\"inLanguage\":\"es\"},{\"@type\":\"Organization\",\"@id\":\"https:\/\/www.iplay.com\/en\/#organization\",\"name\":\"IPlay\",\"url\":\"https:\/\/www.iplay.com\/en\/\",\"logo\":{\"@type\":\"ImageObject\",\"inLanguage\":\"es\",\"@id\":\"https:\/\/www.iplay.com\/en\/#\/schema\/logo\/image\/\",\"url\":\"https:\/\/www.iplay.com\/wp-content\/uploads\/2023\/11\/Group-6100.svg\",\"contentUrl\":\"https:\/\/www.iplay.com\/wp-content\/uploads\/2023\/11\/Group-6100.svg\",\"width\":98,\"height\":25,\"caption\":\"IPlay\"},\"image\":{\"@id\":\"https:\/\/www.iplay.com\/en\/#\/schema\/logo\/image\/\"}}]}<\/script>\n<!-- \/ Yoast SEO Premium plugin. -->","yoast_head_json":{"title":"Shopping Clutter 14: Winter Garden - Ayuda a los caminantes a construir un invernadero de invierno","description":"\u00a1Ayuda a la familia Walker a construir un invernadero de invierno para la t\u00eda oveja!","robots":{"index":"index","follow":"follow","max-snippet":"max-snippet:-1","max-image-preview":"max-image-preview:large","max-video-preview":"max-video-preview:-1"},"canonical":"https:\/\/www.iplay.com\/es\/games\/shopping-clutter-14-winter-garden\/","og_locale":"es_ES","og_type":"article","og_title":"Shopping Clutter 14: Winter Garden","og_description":"\u00a1Ayuda a la familia Walker a construir un invernadero de invierno para la t\u00eda oveja!","og_url":"https:\/\/www.iplay.com\/es\/games\/shopping-clutter-14-winter-garden\/","og_site_name":"IPlay","og_image":[{"width":310,"height":310,"url":"https:\/\/www.iplay.com\/wp-content\/uploads\/2023\/12\/large_square_tile_image-4156.jpg","type":"image\/jpeg"}],"twitter_card":"summary_large_image","twitter_misc":{"Est. reading time":"1 minuto"},"schema":{"@context":"https:\/\/schema.org","@graph":[{"@type":"WebPage","@id":"https:\/\/www.iplay.com\/es\/games\/shopping-clutter-14-winter-garden\/","url":"https:\/\/www.iplay.com\/es\/games\/shopping-clutter-14-winter-garden\/","name":"Shopping Clutter 14: Winter Garden - Ayuda a los caminantes a construir un invernadero de invierno","isPartOf":{"@id":"https:\/\/www.iplay.com\/en\/#website"},"primaryImageOfPage":{"@id":"https:\/\/www.iplay.com\/es\/games\/shopping-clutter-14-winter-garden\/#primaryimage"},"image":{"@id":"https:\/\/www.iplay.com\/es\/games\/shopping-clutter-14-winter-garden\/#primaryimage"},"thumbnailUrl":"https:\/\/www.iplay.com\/wp-content\/uploads\/2023\/12\/large_square_tile_image-4156.jpg","datePublished":"2022-02-20T00:00:00+00:00","description":"\u00a1Ayuda a la familia Walker a construir un invernadero de invierno para la t\u00eda oveja!","breadcrumb":{"@id":"https:\/\/www.iplay.com\/es\/games\/shopping-clutter-14-winter-garden\/#breadcrumb"},"inLanguage":"es","potentialAction":[{"@type":"ReadAction","target":["https:\/\/www.iplay.com\/es\/games\/shopping-clutter-14-winter-garden\/"]}]},{"@type":"ImageObject","inLanguage":"es","@id":"https:\/\/www.iplay.com\/es\/games\/shopping-clutter-14-winter-garden\/#primaryimage","url":"https:\/\/www.iplay.com\/wp-content\/uploads\/2023\/12\/large_square_tile_image-4156.jpg","contentUrl":"https:\/\/www.iplay.com\/wp-content\/uploads\/2023\/12\/large_square_tile_image-4156.jpg","width":310,"height":310},{"@type":"BreadcrumbList","@id":"https:\/\/www.iplay.com\/es\/games\/shopping-clutter-14-winter-garden\/#breadcrumb","itemListElement":[{"@type":"ListItem","position":1,"name":"Home","item":"https:\/\/www.iplay.com\/es\/home-page-2\/"},{"@type":"ListItem","position":2,"name":"Shop","item":"https:\/\/www.iplay.com\/en\/shop\/"},{"@type":"ListItem","position":3,"name":"Shopping Clutter 14: Winter Garden"}]},{"@type":"WebSite","@id":"https:\/\/www.iplay.com\/en\/#website","url":"https:\/\/www.iplay.com\/en\/","name":"IPlay","description":"The Best Casual Games!","publisher":{"@id":"https:\/\/www.iplay.com\/en\/#organization"},"potentialAction":[{"@type":"SearchAction","target":{"@type":"EntryPoint","urlTemplate":"https:\/\/www.iplay.com\/en\/?s={search_term_string}"},"query-input":{"@type":"PropertyValueSpecification","valueRequired":true,"valueName":"search_term_string"}}],"inLanguage":"es"},{"@type":"Organization","@id":"https:\/\/www.iplay.com\/en\/#organization","name":"IPlay","url":"https:\/\/www.iplay.com\/en\/","logo":{"@type":"ImageObject","inLanguage":"es","@id":"https:\/\/www.iplay.com\/en\/#\/schema\/logo\/image\/","url":"https:\/\/www.iplay.com\/wp-content\/uploads\/2023\/11\/Group-6100.svg","contentUrl":"https:\/\/www.iplay.com\/wp-content\/uploads\/2023\/11\/Group-6100.svg","width":98,"height":25,"caption":"IPlay"},"image":{"@id":"https:\/\/www.iplay.com\/en\/#\/schema\/logo\/image\/"}}]}},"_links":{"self":[{"href":"https:\/\/www.iplay.com\/es\/wp-json\/wp\/v2\/product\/136777","targetHints":{"allow":["GET"]}}],"collection":[{"href":"https:\/\/www.iplay.com\/es\/wp-json\/wp\/v2\/product"}],"about":[{"href":"https:\/\/www.iplay.com\/es\/wp-json\/wp\/v2\/types\/product"}],"author":[{"embeddable":true,"href":"https:\/\/www.iplay.com\/es\/wp-json\/wp\/v2\/users\/14"}],"replies":[{"embeddable":true,"href":"https:\/\/www.iplay.com\/es\/wp-json\/wp\/v2\/comments?post=136777"}],"wp:featuredmedia":[{"embeddable":true,"href":"https:\/\/www.iplay.com\/es\/wp-json\/wp\/v2\/media\/106213"}],"wp:attachment":[{"href":"https:\/\/www.iplay.com\/es\/wp-json\/wp\/v2\/media?parent=136777"}],"wp:term":[{"taxonomy":"product_brand","embeddable":true,"href":"https:\/\/www.iplay.com\/es\/wp-json\/wp\/v2\/product_brand?post=136777"},{"taxonomy":"product_cat","embeddable":true,"href":"https:\/\/www.iplay.com\/es\/wp-json\/wp\/v2\/product_cat?post=136777"},{"taxonomy":"product_tag","embeddable":true,"href":"https:\/\/www.iplay.com\/es\/wp-json\/wp\/v2\/product_tag?post=136777"}],"curies":[{"name":"wp","href":"https:\/\/api.w.org\/{rel}","templated":true}]}}