{"id":136752,"date":"2025-05-16T09:30:04","date_gmt":"2025-05-16T09:30:04","guid":{"rendered":"https:\/\/www.iplay.com\/?post_type=product&p=136752"},"modified":"2025-05-16T09:30:04","modified_gmt":"2025-05-16T09:30:04","slug":"restorart-horizon-bay-collectors-edition","status":"publish","type":"product","link":"https:\/\/www.iplay.com\/es\/games\/restorart-horizon-bay-collectors-edition\/","title":{"rendered":"RestorArt: Horizon Bay &#8211; Collector&#8217;s Edition"},"content":{"rendered":"<p class=\"whitespace-normal\">Se puede adentrarse en el pintoresco mundo de Horizon Bay, donde tesoros olvidados y obras maestras descoloridas esperan ser tocadas por manos expertas. Un viaje de restauraci\u00f3n art\u00edstica como ning\u00fan otro es presentado por RestorArt: Horizon Bay Collector&#8217;s Edition. Se extiende una invitaci\u00f3n para explorar este para\u00edso costero como un c\u00e9lebre restaurador reci\u00e9n llegado de Fairwood Hills, donde se sabe que florecen la rica cultura y el vibrante esp\u00edritu creativo.  <\/p>\n<p class=\"whitespace-normal\">Los misterios detr\u00e1s de cada obra de arte se pueden desenterrar a medida que se restauran pinturas impresionantes y se descubren historias ocultas. Se puede participar en una amplia gama de juegos interactivos, que incluyen b\u00fasquedas de objetos ocultos, intrincados rompecabezas de combinaci\u00f3n, tareas relajantes para colorear y desaf\u00edos detallados de restauraci\u00f3n de arte. Se pueden buscar artefactos raros encerrados en cajas secretas, y se pueden reconstruir narrativas cautivadoras entretejidas en cada obra maestra. Se ofrece una mezcla satisfactoria de creatividad, descubrimiento y relajaci\u00f3n.   <\/p>\n<p>&nbsp;<\/p>\n<p class=\"text-lg font-bold text-text-100 mt-1 -mb-1.5\"><strong>Funciones:<\/strong><\/p>\n<ul class=\"[&amp;:not(:last-child)_ul]:pb-1 [&amp;:not(:last-child)_ol]:pb-1 list-disc space-y-1.5 pl-7\">\n<li class=\"whitespace-normal break-words\">Su propio estudio de restauraci\u00f3n se puede construir y personalizar<\/li>\n<li class=\"whitespace-normal break-words\">Se pueden descubrir modos de juego exclusivos, niveles de bonificaci\u00f3n y rompecabezas atractivos<\/li>\n<li class=\"whitespace-normal break-words\">La relajaci\u00f3n es proporcionada por una banda sonora inmersiva a trav\u00e9s del reproductor de m\u00fasica del juego<\/li>\n<\/ul>\n<p>&nbsp;<\/p>\n<p class=\"text-lg font-bold text-text-100 mt-1 -mb-1.5\"><strong>Caracter\u00edsticas de la Edici\u00f3n de Coleccionista:<\/strong><\/p>\n<ul class=\"[&amp;:not(:last-child)_ul]:pb-1 [&amp;:not(:last-child)_ol]:pb-1 list-disc space-y-1.5 pl-7\">\n<li class=\"whitespace-normal break-words\">Se presenta un juego adicional con tres mapas y 24 niveles de rompecabezas adicionales<\/li>\n<li class=\"whitespace-normal break-words\">Un gui\u00f3n gr\u00e1fico especial se puede restaurar en nueve niveles dedicados<\/li>\n<li class=\"whitespace-normal break-words\">Su estudio se puede ampliar mediante la compra de interiores mejorados y herramientas de restauraci\u00f3n<\/li>\n<\/ul>\n","protected":false},"excerpt":{"rendered":"<p>Restaura hermosas obras de arte, desbloquea secretos y construye el estudio de tus sue\u00f1os en esta aventura art\u00edstica inmersiva.<\/p>\n","protected":false},"author":77,"featured_media":136684,"comment_status":"open","ping_status":"closed","template":"","meta":{"_acf_changed":false,"inline_featured_image":false},"product_brand":[],"product_cat":[166,192],"product_tag":[288],"class_list":{"0":"post-136752","1":"product","2":"type-product","3":"status-publish","4":"has-post-thumbnail","6":"product_cat-hidden-object-es","7":"product_cat-puzzle-es","8":"product_tag-play-on-pc-es","10":"first","11":"instock","12":"shipping-taxable","13":"purchasable","14":"product-type-simple"},"acf":[],"yoast_head":"<!-- This site is optimized with the Yoast SEO Premium plugin v25.2 (Yoast SEO v25.2) - https:\/\/yoast.com\/wordpress\/plugins\/seo\/ -->\n<title>RestorArt: Horizon Bay CE - Restaura obras maestras y construye tu estudio<\/title>\n<meta name=\"description\" content=\"Restaura hermosas obras de arte, desbloquea secretos y construye el estudio de tus sue\u00f1os en esta aventura art\u00edstica inmersiva.\" \/>\n<meta name=\"robots\" content=\"index, follow, max-snippet:-1, max-image-preview:large, max-video-preview:-1\" \/>\n<link rel=\"canonical\" href=\"https:\/\/www.iplay.com\/en\/games\/restorart-horizon-bay-collectors-edition\/\" \/>\n<meta property=\"og:locale\" content=\"es_ES\" \/>\n<meta property=\"og:type\" content=\"article\" \/>\n<meta property=\"og:title\" content=\"RestorArt: Horizon Bay - Collector&#039;s Edition\" \/>\n<meta property=\"og:description\" content=\"Restaura hermosas obras de arte, desbloquea secretos y construye el estudio de tus sue\u00f1os en esta aventura art\u00edstica inmersiva.\" \/>\n<meta property=\"og:url\" content=\"https:\/\/www.iplay.com\/en\/games\/restorart-horizon-bay-collectors-edition\/\" \/>\n<meta property=\"og:site_name\" content=\"IPlay\" \/>\n<meta property=\"og:image\" content=\"https:\/\/www.iplay.com\/wp-content\/uploads\/2025\/05\/restorart_horizon_bay_collectors_edition_large_video_screenshot.webp\" \/>\n\t<meta property=\"og:image:width\" content=\"715\" \/>\n\t<meta property=\"og:image:height\" content=\"485\" \/>\n\t<meta property=\"og:image:type\" content=\"image\/webp\" \/>\n<meta name=\"twitter:card\" content=\"summary_large_image\" \/>\n<meta name=\"twitter:label1\" content=\"Est. reading time\" \/>\n\t<meta name=\"twitter:data1\" content=\"1 minuto\" \/>\n<script type=\"application\/ld+json\" class=\"yoast-schema-graph\">{\"@context\":\"https:\/\/schema.org\",\"@graph\":[{\"@type\":\"WebPage\",\"@id\":\"https:\/\/www.iplay.com\/en\/games\/restorart-horizon-bay-collectors-edition\/\",\"url\":\"https:\/\/www.iplay.com\/en\/games\/restorart-horizon-bay-collectors-edition\/\",\"name\":\"RestorArt: Horizon Bay CE - Restaura obras maestras y construye tu estudio\",\"isPartOf\":{\"@id\":\"https:\/\/www.iplay.com\/en\/#website\"},\"primaryImageOfPage\":{\"@id\":\"https:\/\/www.iplay.com\/en\/games\/restorart-horizon-bay-collectors-edition\/#primaryimage\"},\"image\":{\"@id\":\"https:\/\/www.iplay.com\/en\/games\/restorart-horizon-bay-collectors-edition\/#primaryimage\"},\"thumbnailUrl\":\"https:\/\/www.iplay.com\/wp-content\/uploads\/2025\/05\/restorart_horizon_bay_collectors_edition_large_square_tile_image.webp\",\"datePublished\":\"2025-05-16T09:30:04+00:00\",\"description\":\"Restaura hermosas obras de arte, desbloquea secretos y construye el estudio de tus sue\u00f1os en esta aventura art\u00edstica inmersiva.\",\"breadcrumb\":{\"@id\":\"https:\/\/www.iplay.com\/en\/games\/restorart-horizon-bay-collectors-edition\/#breadcrumb\"},\"inLanguage\":\"es\",\"potentialAction\":[{\"@type\":\"ReadAction\",\"target\":[\"https:\/\/www.iplay.com\/en\/games\/restorart-horizon-bay-collectors-edition\/\"]}]},{\"@type\":\"ImageObject\",\"inLanguage\":\"es\",\"@id\":\"https:\/\/www.iplay.com\/en\/games\/restorart-horizon-bay-collectors-edition\/#primaryimage\",\"url\":\"https:\/\/www.iplay.com\/wp-content\/uploads\/2025\/05\/restorart_horizon_bay_collectors_edition_large_square_tile_image.webp\",\"contentUrl\":\"https:\/\/www.iplay.com\/wp-content\/uploads\/2025\/05\/restorart_horizon_bay_collectors_edition_large_square_tile_image.webp\",\"width\":310,\"height\":310},{\"@type\":\"BreadcrumbList\",\"@id\":\"https:\/\/www.iplay.com\/en\/games\/restorart-horizon-bay-collectors-edition\/#breadcrumb\",\"itemListElement\":[{\"@type\":\"ListItem\",\"position\":1,\"name\":\"Home\",\"item\":\"https:\/\/www.iplay.com\/es\/home-page-2\/\"},{\"@type\":\"ListItem\",\"position\":2,\"name\":\"Shop\",\"item\":\"https:\/\/www.iplay.com\/en\/shop\/\"},{\"@type\":\"ListItem\",\"position\":3,\"name\":\"RestorArt: Horizon Bay &#8211; Collector&#8217;s Edition\"}]},{\"@type\":\"WebSite\",\"@id\":\"https:\/\/www.iplay.com\/en\/#website\",\"url\":\"https:\/\/www.iplay.com\/en\/\",\"name\":\"IPlay\",\"description\":\"The Best Casual Games!\",\"publisher\":{\"@id\":\"https:\/\/www.iplay.com\/en\/#organization\"},\"potentialAction\":[{\"@type\":\"SearchAction\",\"target\":{\"@type\":\"EntryPoint\",\"urlTemplate\":\"https:\/\/www.iplay.com\/en\/?s={search_term_string}\"},\"query-input\":{\"@type\":\"PropertyValueSpecification\",\"valueRequired\":true,\"valueName\":\"search_term_string\"}}],\"inLanguage\":\"es\"},{\"@type\":\"Organization\",\"@id\":\"https:\/\/www.iplay.com\/en\/#organization\",\"name\":\"IPlay\",\"url\":\"https:\/\/www.iplay.com\/en\/\",\"logo\":{\"@type\":\"ImageObject\",\"inLanguage\":\"es\",\"@id\":\"https:\/\/www.iplay.com\/en\/#\/schema\/logo\/image\/\",\"url\":\"https:\/\/www.iplay.com\/wp-content\/uploads\/2023\/11\/Group-6100.svg\",\"contentUrl\":\"https:\/\/www.iplay.com\/wp-content\/uploads\/2023\/11\/Group-6100.svg\",\"width\":98,\"height\":25,\"caption\":\"IPlay\"},\"image\":{\"@id\":\"https:\/\/www.iplay.com\/en\/#\/schema\/logo\/image\/\"}}]}<\/script>\n<!-- \/ Yoast SEO Premium plugin. -->","yoast_head_json":{"title":"RestorArt: Horizon Bay CE - Restaura obras maestras y construye tu estudio","description":"Restaura hermosas obras de arte, desbloquea secretos y construye el estudio de tus sue\u00f1os en esta aventura art\u00edstica inmersiva.","robots":{"index":"index","follow":"follow","max-snippet":"max-snippet:-1","max-image-preview":"max-image-preview:large","max-video-preview":"max-video-preview:-1"},"canonical":"https:\/\/www.iplay.com\/en\/games\/restorart-horizon-bay-collectors-edition\/","og_locale":"es_ES","og_type":"article","og_title":"RestorArt: Horizon Bay - Collector's Edition","og_description":"Restaura hermosas obras de arte, desbloquea secretos y construye el estudio de tus sue\u00f1os en esta aventura art\u00edstica inmersiva.","og_url":"https:\/\/www.iplay.com\/en\/games\/restorart-horizon-bay-collectors-edition\/","og_site_name":"IPlay","og_image":[{"width":715,"height":485,"url":"https:\/\/www.iplay.com\/wp-content\/uploads\/2025\/05\/restorart_horizon_bay_collectors_edition_large_video_screenshot.webp","type":"image\/webp"}],"twitter_card":"summary_large_image","twitter_misc":{"Est. reading time":"1 minuto"},"schema":{"@context":"https:\/\/schema.org","@graph":[{"@type":"WebPage","@id":"https:\/\/www.iplay.com\/en\/games\/restorart-horizon-bay-collectors-edition\/","url":"https:\/\/www.iplay.com\/en\/games\/restorart-horizon-bay-collectors-edition\/","name":"RestorArt: Horizon Bay CE - Restaura obras maestras y construye tu estudio","isPartOf":{"@id":"https:\/\/www.iplay.com\/en\/#website"},"primaryImageOfPage":{"@id":"https:\/\/www.iplay.com\/en\/games\/restorart-horizon-bay-collectors-edition\/#primaryimage"},"image":{"@id":"https:\/\/www.iplay.com\/en\/games\/restorart-horizon-bay-collectors-edition\/#primaryimage"},"thumbnailUrl":"https:\/\/www.iplay.com\/wp-content\/uploads\/2025\/05\/restorart_horizon_bay_collectors_edition_large_square_tile_image.webp","datePublished":"2025-05-16T09:30:04+00:00","description":"Restaura hermosas obras de arte, desbloquea secretos y construye el estudio de tus sue\u00f1os en esta aventura art\u00edstica inmersiva.","breadcrumb":{"@id":"https:\/\/www.iplay.com\/en\/games\/restorart-horizon-bay-collectors-edition\/#breadcrumb"},"inLanguage":"es","potentialAction":[{"@type":"ReadAction","target":["https:\/\/www.iplay.com\/en\/games\/restorart-horizon-bay-collectors-edition\/"]}]},{"@type":"ImageObject","inLanguage":"es","@id":"https:\/\/www.iplay.com\/en\/games\/restorart-horizon-bay-collectors-edition\/#primaryimage","url":"https:\/\/www.iplay.com\/wp-content\/uploads\/2025\/05\/restorart_horizon_bay_collectors_edition_large_square_tile_image.webp","contentUrl":"https:\/\/www.iplay.com\/wp-content\/uploads\/2025\/05\/restorart_horizon_bay_collectors_edition_large_square_tile_image.webp","width":310,"height":310},{"@type":"BreadcrumbList","@id":"https:\/\/www.iplay.com\/en\/games\/restorart-horizon-bay-collectors-edition\/#breadcrumb","itemListElement":[{"@type":"ListItem","position":1,"name":"Home","item":"https:\/\/www.iplay.com\/es\/home-page-2\/"},{"@type":"ListItem","position":2,"name":"Shop","item":"https:\/\/www.iplay.com\/en\/shop\/"},{"@type":"ListItem","position":3,"name":"RestorArt: Horizon Bay &#8211; Collector&#8217;s Edition"}]},{"@type":"WebSite","@id":"https:\/\/www.iplay.com\/en\/#website","url":"https:\/\/www.iplay.com\/en\/","name":"IPlay","description":"The Best Casual Games!","publisher":{"@id":"https:\/\/www.iplay.com\/en\/#organization"},"potentialAction":[{"@type":"SearchAction","target":{"@type":"EntryPoint","urlTemplate":"https:\/\/www.iplay.com\/en\/?s={search_term_string}"},"query-input":{"@type":"PropertyValueSpecification","valueRequired":true,"valueName":"search_term_string"}}],"inLanguage":"es"},{"@type":"Organization","@id":"https:\/\/www.iplay.com\/en\/#organization","name":"IPlay","url":"https:\/\/www.iplay.com\/en\/","logo":{"@type":"ImageObject","inLanguage":"es","@id":"https:\/\/www.iplay.com\/en\/#\/schema\/logo\/image\/","url":"https:\/\/www.iplay.com\/wp-content\/uploads\/2023\/11\/Group-6100.svg","contentUrl":"https:\/\/www.iplay.com\/wp-content\/uploads\/2023\/11\/Group-6100.svg","width":98,"height":25,"caption":"IPlay"},"image":{"@id":"https:\/\/www.iplay.com\/en\/#\/schema\/logo\/image\/"}}]}},"_links":{"self":[{"href":"https:\/\/www.iplay.com\/es\/wp-json\/wp\/v2\/product\/136752","targetHints":{"allow":["GET"]}}],"collection":[{"href":"https:\/\/www.iplay.com\/es\/wp-json\/wp\/v2\/product"}],"about":[{"href":"https:\/\/www.iplay.com\/es\/wp-json\/wp\/v2\/types\/product"}],"author":[{"embeddable":true,"href":"https:\/\/www.iplay.com\/es\/wp-json\/wp\/v2\/users\/77"}],"replies":[{"embeddable":true,"href":"https:\/\/www.iplay.com\/es\/wp-json\/wp\/v2\/comments?post=136752"}],"wp:featuredmedia":[{"embeddable":true,"href":"https:\/\/www.iplay.com\/es\/wp-json\/wp\/v2\/media\/136684"}],"wp:attachment":[{"href":"https:\/\/www.iplay.com\/es\/wp-json\/wp\/v2\/media?parent=136752"}],"wp:term":[{"taxonomy":"product_brand","embeddable":true,"href":"https:\/\/www.iplay.com\/es\/wp-json\/wp\/v2\/product_brand?post=136752"},{"taxonomy":"product_cat","embeddable":true,"href":"https:\/\/www.iplay.com\/es\/wp-json\/wp\/v2\/product_cat?post=136752"},{"taxonomy":"product_tag","embeddable":true,"href":"https:\/\/www.iplay.com\/es\/wp-json\/wp\/v2\/product_tag?post=136752"}],"curies":[{"name":"wp","href":"https:\/\/api.w.org\/{rel}","templated":true}]}}