{"id":136598,"date":"2022-03-27T00:00:00","date_gmt":"2022-03-27T00:00:00","guid":{"rendered":"https:\/\/www.iplay.com\/games\/mystery-solitaire-powerful-alchemist-2\/"},"modified":"2022-03-27T00:00:00","modified_gmt":"2022-03-27T00:00:00","slug":"mystery-solitaire-powerful-alchemist-2","status":"publish","type":"product","link":"https:\/\/www.iplay.com\/es\/games\/mystery-solitaire-powerful-alchemist-2\/","title":{"rendered":"Mystery Solitaire Powerful Alchemist 2"},"content":{"rendered":"<p>\u00a1Convi\u00e9rtete en un poderoso alquimista viajando en el tiempo a la Edad Media! Esta es la \u00faltima entrega de la popular serie. El juego consta de 200 etapas repartidas en 20 ubicaciones, cada una de las cuales debes terminar para ganar pociones especiales. \u00a1Jugar 200 niveles al d\u00eda es muy divertido! Puedes disfrutar y desafiar tu intelecto al mismo tiempo gracias al equilibrio \u00fanico del juego y a las desafiantes etapas.    <\/p>\n<p>&nbsp;<\/p>\n<p>&nbsp;<\/p>\n<p><strong>  Funciones:<\/strong><\/p>\n<p>&#8211; Niveles que son agradables de abordar<br \/>\n&#8211; Juego de cartas de solitario: \u00a1construye una cadena de cartas!<\/p>\n<p>&#8211; \u00a1Im\u00e1genes vibrantes y una banda sonora pegadiza hacen de este el juego solitario ideal!<br \/>\n&#8211; El comod\u00edn te ayuda a robar cartas m\u00e1s r\u00e1pidamente.<\/p>\n<p>&#8211; Cuando mejoras el combo de multiplicadores, \u00a1obtienes monedas extra!<\/p>\n<p>&#8211; \u00a1Re\u00fane quince remedios alqu\u00edmicos!<\/p>\n","protected":false},"excerpt":{"rendered":"<p>En Mystery Solitaire Powerful Alchemist 2, viaja en el tiempo para convertirte en un formidable alquimista.<\/p>\n","protected":false},"author":13,"featured_media":90327,"comment_status":"open","ping_status":"closed","template":"","meta":{"_acf_changed":false,"inline_featured_image":false},"product_brand":[],"product_cat":[154,209],"product_tag":[288],"class_list":{"0":"post-136598","1":"product","2":"type-product","3":"status-publish","4":"has-post-thumbnail","6":"product_cat-card-es","7":"product_cat-solitaire-es","8":"product_tag-play-on-pc-es","10":"first","11":"instock","12":"shipping-taxable","13":"purchasable","14":"product-type-simple"},"acf":[],"yoast_head":"<!-- This site is optimized with the Yoast SEO Premium plugin v25.2 (Yoast SEO v25.2) - https:\/\/yoast.com\/wordpress\/plugins\/seo\/ -->\n<title>Mystery Solitaire Powerful Alchemist 2 - Regresa a la Edad Media como un formidable alquimista<\/title>\n<meta name=\"description\" content=\"En Mystery Solitaire Powerful Alchemist 2, viaja en el tiempo para convertirte en un formidable alquimista.\" \/>\n<meta name=\"robots\" content=\"index, follow, max-snippet:-1, max-image-preview:large, max-video-preview:-1\" \/>\n<link rel=\"canonical\" href=\"https:\/\/www.iplay.com\/es\/games\/mystery-solitaire-powerful-alchemist-2\/\" \/>\n<meta property=\"og:locale\" content=\"es_ES\" \/>\n<meta property=\"og:type\" content=\"article\" \/>\n<meta property=\"og:title\" content=\"Mystery Solitaire Powerful Alchemist 2\" \/>\n<meta property=\"og:description\" content=\"En Mystery Solitaire Powerful Alchemist 2, viaja en el tiempo para convertirte en un formidable alquimista.\" \/>\n<meta property=\"og:url\" content=\"https:\/\/www.iplay.com\/es\/games\/mystery-solitaire-powerful-alchemist-2\/\" \/>\n<meta property=\"og:site_name\" content=\"IPlay\" \/>\n<meta property=\"og:image\" content=\"https:\/\/www.iplay.com\/wp-content\/uploads\/2023\/12\/large_square_tile_image-3159.jpg\" \/>\n\t<meta property=\"og:image:width\" content=\"310\" \/>\n\t<meta property=\"og:image:height\" content=\"310\" \/>\n\t<meta property=\"og:image:type\" content=\"image\/jpeg\" \/>\n<meta name=\"twitter:card\" content=\"summary_large_image\" \/>\n<meta name=\"twitter:label1\" content=\"Est. reading time\" \/>\n\t<meta name=\"twitter:data1\" content=\"1 minuto\" \/>\n<script type=\"application\/ld+json\" class=\"yoast-schema-graph\">{\"@context\":\"https:\/\/schema.org\",\"@graph\":[{\"@type\":\"WebPage\",\"@id\":\"https:\/\/www.iplay.com\/es\/games\/mystery-solitaire-powerful-alchemist-2\/\",\"url\":\"https:\/\/www.iplay.com\/es\/games\/mystery-solitaire-powerful-alchemist-2\/\",\"name\":\"Mystery Solitaire Powerful Alchemist 2 - Regresa a la Edad Media como un formidable alquimista\",\"isPartOf\":{\"@id\":\"https:\/\/www.iplay.com\/en\/#website\"},\"primaryImageOfPage\":{\"@id\":\"https:\/\/www.iplay.com\/es\/games\/mystery-solitaire-powerful-alchemist-2\/#primaryimage\"},\"image\":{\"@id\":\"https:\/\/www.iplay.com\/es\/games\/mystery-solitaire-powerful-alchemist-2\/#primaryimage\"},\"thumbnailUrl\":\"https:\/\/www.iplay.com\/wp-content\/uploads\/2023\/12\/large_square_tile_image-3159.jpg\",\"datePublished\":\"2022-03-27T00:00:00+00:00\",\"description\":\"En Mystery Solitaire Powerful Alchemist 2, viaja en el tiempo para convertirte en un formidable alquimista.\",\"breadcrumb\":{\"@id\":\"https:\/\/www.iplay.com\/es\/games\/mystery-solitaire-powerful-alchemist-2\/#breadcrumb\"},\"inLanguage\":\"es\",\"potentialAction\":[{\"@type\":\"ReadAction\",\"target\":[\"https:\/\/www.iplay.com\/es\/games\/mystery-solitaire-powerful-alchemist-2\/\"]}]},{\"@type\":\"ImageObject\",\"inLanguage\":\"es\",\"@id\":\"https:\/\/www.iplay.com\/es\/games\/mystery-solitaire-powerful-alchemist-2\/#primaryimage\",\"url\":\"https:\/\/www.iplay.com\/wp-content\/uploads\/2023\/12\/large_square_tile_image-3159.jpg\",\"contentUrl\":\"https:\/\/www.iplay.com\/wp-content\/uploads\/2023\/12\/large_square_tile_image-3159.jpg\",\"width\":310,\"height\":310},{\"@type\":\"BreadcrumbList\",\"@id\":\"https:\/\/www.iplay.com\/es\/games\/mystery-solitaire-powerful-alchemist-2\/#breadcrumb\",\"itemListElement\":[{\"@type\":\"ListItem\",\"position\":1,\"name\":\"Home\",\"item\":\"https:\/\/www.iplay.com\/es\/home-page-2\/\"},{\"@type\":\"ListItem\",\"position\":2,\"name\":\"Shop\",\"item\":\"https:\/\/www.iplay.com\/en\/shop\/\"},{\"@type\":\"ListItem\",\"position\":3,\"name\":\"Mystery Solitaire Powerful Alchemist 2\"}]},{\"@type\":\"WebSite\",\"@id\":\"https:\/\/www.iplay.com\/en\/#website\",\"url\":\"https:\/\/www.iplay.com\/en\/\",\"name\":\"IPlay\",\"description\":\"The Best Casual Games!\",\"publisher\":{\"@id\":\"https:\/\/www.iplay.com\/en\/#organization\"},\"potentialAction\":[{\"@type\":\"SearchAction\",\"target\":{\"@type\":\"EntryPoint\",\"urlTemplate\":\"https:\/\/www.iplay.com\/en\/?s={search_term_string}\"},\"query-input\":{\"@type\":\"PropertyValueSpecification\",\"valueRequired\":true,\"valueName\":\"search_term_string\"}}],\"inLanguage\":\"es\"},{\"@type\":\"Organization\",\"@id\":\"https:\/\/www.iplay.com\/en\/#organization\",\"name\":\"IPlay\",\"url\":\"https:\/\/www.iplay.com\/en\/\",\"logo\":{\"@type\":\"ImageObject\",\"inLanguage\":\"es\",\"@id\":\"https:\/\/www.iplay.com\/en\/#\/schema\/logo\/image\/\",\"url\":\"https:\/\/www.iplay.com\/wp-content\/uploads\/2023\/11\/Group-6100.svg\",\"contentUrl\":\"https:\/\/www.iplay.com\/wp-content\/uploads\/2023\/11\/Group-6100.svg\",\"width\":98,\"height\":25,\"caption\":\"IPlay\"},\"image\":{\"@id\":\"https:\/\/www.iplay.com\/en\/#\/schema\/logo\/image\/\"}}]}<\/script>\n<!-- \/ Yoast SEO Premium plugin. -->","yoast_head_json":{"title":"Mystery Solitaire Powerful Alchemist 2 - Regresa a la Edad Media como un formidable alquimista","description":"En Mystery Solitaire Powerful Alchemist 2, viaja en el tiempo para convertirte en un formidable alquimista.","robots":{"index":"index","follow":"follow","max-snippet":"max-snippet:-1","max-image-preview":"max-image-preview:large","max-video-preview":"max-video-preview:-1"},"canonical":"https:\/\/www.iplay.com\/es\/games\/mystery-solitaire-powerful-alchemist-2\/","og_locale":"es_ES","og_type":"article","og_title":"Mystery Solitaire Powerful Alchemist 2","og_description":"En Mystery Solitaire Powerful Alchemist 2, viaja en el tiempo para convertirte en un formidable alquimista.","og_url":"https:\/\/www.iplay.com\/es\/games\/mystery-solitaire-powerful-alchemist-2\/","og_site_name":"IPlay","og_image":[{"width":310,"height":310,"url":"https:\/\/www.iplay.com\/wp-content\/uploads\/2023\/12\/large_square_tile_image-3159.jpg","type":"image\/jpeg"}],"twitter_card":"summary_large_image","twitter_misc":{"Est. reading time":"1 minuto"},"schema":{"@context":"https:\/\/schema.org","@graph":[{"@type":"WebPage","@id":"https:\/\/www.iplay.com\/es\/games\/mystery-solitaire-powerful-alchemist-2\/","url":"https:\/\/www.iplay.com\/es\/games\/mystery-solitaire-powerful-alchemist-2\/","name":"Mystery Solitaire Powerful Alchemist 2 - Regresa a la Edad Media como un formidable alquimista","isPartOf":{"@id":"https:\/\/www.iplay.com\/en\/#website"},"primaryImageOfPage":{"@id":"https:\/\/www.iplay.com\/es\/games\/mystery-solitaire-powerful-alchemist-2\/#primaryimage"},"image":{"@id":"https:\/\/www.iplay.com\/es\/games\/mystery-solitaire-powerful-alchemist-2\/#primaryimage"},"thumbnailUrl":"https:\/\/www.iplay.com\/wp-content\/uploads\/2023\/12\/large_square_tile_image-3159.jpg","datePublished":"2022-03-27T00:00:00+00:00","description":"En Mystery Solitaire Powerful Alchemist 2, viaja en el tiempo para convertirte en un formidable alquimista.","breadcrumb":{"@id":"https:\/\/www.iplay.com\/es\/games\/mystery-solitaire-powerful-alchemist-2\/#breadcrumb"},"inLanguage":"es","potentialAction":[{"@type":"ReadAction","target":["https:\/\/www.iplay.com\/es\/games\/mystery-solitaire-powerful-alchemist-2\/"]}]},{"@type":"ImageObject","inLanguage":"es","@id":"https:\/\/www.iplay.com\/es\/games\/mystery-solitaire-powerful-alchemist-2\/#primaryimage","url":"https:\/\/www.iplay.com\/wp-content\/uploads\/2023\/12\/large_square_tile_image-3159.jpg","contentUrl":"https:\/\/www.iplay.com\/wp-content\/uploads\/2023\/12\/large_square_tile_image-3159.jpg","width":310,"height":310},{"@type":"BreadcrumbList","@id":"https:\/\/www.iplay.com\/es\/games\/mystery-solitaire-powerful-alchemist-2\/#breadcrumb","itemListElement":[{"@type":"ListItem","position":1,"name":"Home","item":"https:\/\/www.iplay.com\/es\/home-page-2\/"},{"@type":"ListItem","position":2,"name":"Shop","item":"https:\/\/www.iplay.com\/en\/shop\/"},{"@type":"ListItem","position":3,"name":"Mystery Solitaire Powerful Alchemist 2"}]},{"@type":"WebSite","@id":"https:\/\/www.iplay.com\/en\/#website","url":"https:\/\/www.iplay.com\/en\/","name":"IPlay","description":"The Best Casual Games!","publisher":{"@id":"https:\/\/www.iplay.com\/en\/#organization"},"potentialAction":[{"@type":"SearchAction","target":{"@type":"EntryPoint","urlTemplate":"https:\/\/www.iplay.com\/en\/?s={search_term_string}"},"query-input":{"@type":"PropertyValueSpecification","valueRequired":true,"valueName":"search_term_string"}}],"inLanguage":"es"},{"@type":"Organization","@id":"https:\/\/www.iplay.com\/en\/#organization","name":"IPlay","url":"https:\/\/www.iplay.com\/en\/","logo":{"@type":"ImageObject","inLanguage":"es","@id":"https:\/\/www.iplay.com\/en\/#\/schema\/logo\/image\/","url":"https:\/\/www.iplay.com\/wp-content\/uploads\/2023\/11\/Group-6100.svg","contentUrl":"https:\/\/www.iplay.com\/wp-content\/uploads\/2023\/11\/Group-6100.svg","width":98,"height":25,"caption":"IPlay"},"image":{"@id":"https:\/\/www.iplay.com\/en\/#\/schema\/logo\/image\/"}}]}},"_links":{"self":[{"href":"https:\/\/www.iplay.com\/es\/wp-json\/wp\/v2\/product\/136598","targetHints":{"allow":["GET"]}}],"collection":[{"href":"https:\/\/www.iplay.com\/es\/wp-json\/wp\/v2\/product"}],"about":[{"href":"https:\/\/www.iplay.com\/es\/wp-json\/wp\/v2\/types\/product"}],"author":[{"embeddable":true,"href":"https:\/\/www.iplay.com\/es\/wp-json\/wp\/v2\/users\/13"}],"replies":[{"embeddable":true,"href":"https:\/\/www.iplay.com\/es\/wp-json\/wp\/v2\/comments?post=136598"}],"wp:featuredmedia":[{"embeddable":true,"href":"https:\/\/www.iplay.com\/es\/wp-json\/wp\/v2\/media\/90327"}],"wp:attachment":[{"href":"https:\/\/www.iplay.com\/es\/wp-json\/wp\/v2\/media?parent=136598"}],"wp:term":[{"taxonomy":"product_brand","embeddable":true,"href":"https:\/\/www.iplay.com\/es\/wp-json\/wp\/v2\/product_brand?post=136598"},{"taxonomy":"product_cat","embeddable":true,"href":"https:\/\/www.iplay.com\/es\/wp-json\/wp\/v2\/product_cat?post=136598"},{"taxonomy":"product_tag","embeddable":true,"href":"https:\/\/www.iplay.com\/es\/wp-json\/wp\/v2\/product_tag?post=136598"}],"curies":[{"name":"wp","href":"https:\/\/api.w.org\/{rel}","templated":true}]}}