{"id":136482,"date":"2025-05-06T09:00:32","date_gmt":"2025-05-06T09:00:32","guid":{"rendered":"https:\/\/www.iplay.com\/games\/mahjong-tour\/"},"modified":"2025-05-06T09:00:32","modified_gmt":"2025-05-06T09:00:32","slug":"mahjong-tour","status":"publish","type":"product","link":"https:\/\/www.iplay.com\/es\/games\/mahjong-tour\/","title":{"rendered":"Mahjong Tour"},"content":{"rendered":"<p>Un divertido juego de mahjong con gr\u00e1ficos vibrantes, niveles dif\u00edciles y temas cautivadores es Mahjong Tour. Observa c\u00f3mo se agitan las fichas cuando combinas fichas del mismo tipo. El nivel se completa cuando se borra la pantalla y puede pasar al siguiente.<\/p>\n","protected":false},"excerpt":{"rendered":"<p>Este juego de mahjong seguramente proporcionar\u00e1 un entrenamiento mental.<\/p>\n","protected":false},"author":325,"featured_media":136372,"comment_status":"open","ping_status":"closed","template":"","meta":{"_acf_changed":false,"inline_featured_image":false},"product_brand":[],"product_cat":[174,182],"product_tag":[304,286,303,288],"class_list":{"0":"post-136482","1":"product","2":"type-product","3":"status-publish","4":"has-post-thumbnail","6":"product_cat-mahjong-es","7":"product_cat-mobile-games-es","8":"product_tag-play-for-free-es","9":"product_tag-play-on-mac-es","10":"product_tag-play-on-mobile-es","11":"product_tag-play-on-pc-es","13":"first","14":"instock","15":"shipping-taxable","16":"purchasable","17":"product-type-html5_game"},"acf":[],"yoast_head":"<!-- This site is optimized with the Yoast SEO Premium plugin v25.2 (Yoast SEO v25.2) - https:\/\/yoast.com\/wordpress\/plugins\/seo\/ -->\n<title>Mahjong Tour - \u00a1Disfruta de Mahjong en todas partes en este tour!<\/title>\n<meta name=\"description\" content=\"Este juego de mahjong seguramente proporcionar\u00e1 un entrenamiento mental.\" \/>\n<meta name=\"robots\" content=\"index, follow, max-snippet:-1, max-image-preview:large, max-video-preview:-1\" \/>\n<link rel=\"canonical\" href=\"https:\/\/www.iplay.com\/es\/games\/mahjong-tour\/\" \/>\n<meta property=\"og:locale\" content=\"es_ES\" \/>\n<meta property=\"og:type\" content=\"article\" \/>\n<meta property=\"og:title\" content=\"Mahjong Tour\" \/>\n<meta property=\"og:description\" content=\"Este juego de mahjong seguramente proporcionar\u00e1 un entrenamiento mental.\" \/>\n<meta property=\"og:url\" content=\"https:\/\/www.iplay.com\/es\/games\/mahjong-tour\/\" \/>\n<meta property=\"og:site_name\" content=\"IPlay\" \/>\n<meta property=\"og:image\" content=\"https:\/\/www.iplay.com\/wp-content\/uploads\/2025\/05\/mahjongtour-html5_310x310.webp\" \/>\n\t<meta property=\"og:image:width\" content=\"310\" \/>\n\t<meta property=\"og:image:height\" content=\"310\" \/>\n\t<meta property=\"og:image:type\" content=\"image\/webp\" \/>\n<meta name=\"twitter:card\" content=\"summary_large_image\" \/>\n<script type=\"application\/ld+json\" class=\"yoast-schema-graph\">{\"@context\":\"https:\/\/schema.org\",\"@graph\":[{\"@type\":\"WebPage\",\"@id\":\"https:\/\/www.iplay.com\/es\/games\/mahjong-tour\/\",\"url\":\"https:\/\/www.iplay.com\/es\/games\/mahjong-tour\/\",\"name\":\"Mahjong Tour - \u00a1Disfruta de Mahjong en todas partes en este tour!\",\"isPartOf\":{\"@id\":\"https:\/\/www.iplay.com\/en\/#website\"},\"primaryImageOfPage\":{\"@id\":\"https:\/\/www.iplay.com\/es\/games\/mahjong-tour\/#primaryimage\"},\"image\":{\"@id\":\"https:\/\/www.iplay.com\/es\/games\/mahjong-tour\/#primaryimage\"},\"thumbnailUrl\":\"https:\/\/www.iplay.com\/wp-content\/uploads\/2025\/05\/mahjongtour-html5_310x310.webp\",\"datePublished\":\"2025-05-06T09:00:32+00:00\",\"description\":\"Este juego de mahjong seguramente proporcionar\u00e1 un entrenamiento mental.\",\"breadcrumb\":{\"@id\":\"https:\/\/www.iplay.com\/es\/games\/mahjong-tour\/#breadcrumb\"},\"inLanguage\":\"es\",\"potentialAction\":[{\"@type\":\"ReadAction\",\"target\":[\"https:\/\/www.iplay.com\/es\/games\/mahjong-tour\/\"]}]},{\"@type\":\"ImageObject\",\"inLanguage\":\"es\",\"@id\":\"https:\/\/www.iplay.com\/es\/games\/mahjong-tour\/#primaryimage\",\"url\":\"https:\/\/www.iplay.com\/wp-content\/uploads\/2025\/05\/mahjongtour-html5_310x310.webp\",\"contentUrl\":\"https:\/\/www.iplay.com\/wp-content\/uploads\/2025\/05\/mahjongtour-html5_310x310.webp\",\"width\":310,\"height\":310},{\"@type\":\"BreadcrumbList\",\"@id\":\"https:\/\/www.iplay.com\/es\/games\/mahjong-tour\/#breadcrumb\",\"itemListElement\":[{\"@type\":\"ListItem\",\"position\":1,\"name\":\"Home\",\"item\":\"https:\/\/www.iplay.com\/es\/home-page-2\/\"},{\"@type\":\"ListItem\",\"position\":2,\"name\":\"Shop\",\"item\":\"https:\/\/www.iplay.com\/en\/shop\/\"},{\"@type\":\"ListItem\",\"position\":3,\"name\":\"Mahjong Tour\"}]},{\"@type\":\"WebSite\",\"@id\":\"https:\/\/www.iplay.com\/en\/#website\",\"url\":\"https:\/\/www.iplay.com\/en\/\",\"name\":\"IPlay\",\"description\":\"The Best Casual Games!\",\"publisher\":{\"@id\":\"https:\/\/www.iplay.com\/en\/#organization\"},\"potentialAction\":[{\"@type\":\"SearchAction\",\"target\":{\"@type\":\"EntryPoint\",\"urlTemplate\":\"https:\/\/www.iplay.com\/en\/?s={search_term_string}\"},\"query-input\":{\"@type\":\"PropertyValueSpecification\",\"valueRequired\":true,\"valueName\":\"search_term_string\"}}],\"inLanguage\":\"es\"},{\"@type\":\"Organization\",\"@id\":\"https:\/\/www.iplay.com\/en\/#organization\",\"name\":\"IPlay\",\"url\":\"https:\/\/www.iplay.com\/en\/\",\"logo\":{\"@type\":\"ImageObject\",\"inLanguage\":\"es\",\"@id\":\"https:\/\/www.iplay.com\/en\/#\/schema\/logo\/image\/\",\"url\":\"https:\/\/www.iplay.com\/wp-content\/uploads\/2023\/11\/Group-6100.svg\",\"contentUrl\":\"https:\/\/www.iplay.com\/wp-content\/uploads\/2023\/11\/Group-6100.svg\",\"width\":98,\"height\":25,\"caption\":\"IPlay\"},\"image\":{\"@id\":\"https:\/\/www.iplay.com\/en\/#\/schema\/logo\/image\/\"}}]}<\/script>\n<!-- \/ Yoast SEO Premium plugin. -->","yoast_head_json":{"title":"Mahjong Tour - \u00a1Disfruta de Mahjong en todas partes en este tour!","description":"Este juego de mahjong seguramente proporcionar\u00e1 un entrenamiento mental.","robots":{"index":"index","follow":"follow","max-snippet":"max-snippet:-1","max-image-preview":"max-image-preview:large","max-video-preview":"max-video-preview:-1"},"canonical":"https:\/\/www.iplay.com\/es\/games\/mahjong-tour\/","og_locale":"es_ES","og_type":"article","og_title":"Mahjong Tour","og_description":"Este juego de mahjong seguramente proporcionar\u00e1 un entrenamiento mental.","og_url":"https:\/\/www.iplay.com\/es\/games\/mahjong-tour\/","og_site_name":"IPlay","og_image":[{"width":310,"height":310,"url":"https:\/\/www.iplay.com\/wp-content\/uploads\/2025\/05\/mahjongtour-html5_310x310.webp","type":"image\/webp"}],"twitter_card":"summary_large_image","schema":{"@context":"https:\/\/schema.org","@graph":[{"@type":"WebPage","@id":"https:\/\/www.iplay.com\/es\/games\/mahjong-tour\/","url":"https:\/\/www.iplay.com\/es\/games\/mahjong-tour\/","name":"Mahjong Tour - \u00a1Disfruta de Mahjong en todas partes en este tour!","isPartOf":{"@id":"https:\/\/www.iplay.com\/en\/#website"},"primaryImageOfPage":{"@id":"https:\/\/www.iplay.com\/es\/games\/mahjong-tour\/#primaryimage"},"image":{"@id":"https:\/\/www.iplay.com\/es\/games\/mahjong-tour\/#primaryimage"},"thumbnailUrl":"https:\/\/www.iplay.com\/wp-content\/uploads\/2025\/05\/mahjongtour-html5_310x310.webp","datePublished":"2025-05-06T09:00:32+00:00","description":"Este juego de mahjong seguramente proporcionar\u00e1 un entrenamiento mental.","breadcrumb":{"@id":"https:\/\/www.iplay.com\/es\/games\/mahjong-tour\/#breadcrumb"},"inLanguage":"es","potentialAction":[{"@type":"ReadAction","target":["https:\/\/www.iplay.com\/es\/games\/mahjong-tour\/"]}]},{"@type":"ImageObject","inLanguage":"es","@id":"https:\/\/www.iplay.com\/es\/games\/mahjong-tour\/#primaryimage","url":"https:\/\/www.iplay.com\/wp-content\/uploads\/2025\/05\/mahjongtour-html5_310x310.webp","contentUrl":"https:\/\/www.iplay.com\/wp-content\/uploads\/2025\/05\/mahjongtour-html5_310x310.webp","width":310,"height":310},{"@type":"BreadcrumbList","@id":"https:\/\/www.iplay.com\/es\/games\/mahjong-tour\/#breadcrumb","itemListElement":[{"@type":"ListItem","position":1,"name":"Home","item":"https:\/\/www.iplay.com\/es\/home-page-2\/"},{"@type":"ListItem","position":2,"name":"Shop","item":"https:\/\/www.iplay.com\/en\/shop\/"},{"@type":"ListItem","position":3,"name":"Mahjong Tour"}]},{"@type":"WebSite","@id":"https:\/\/www.iplay.com\/en\/#website","url":"https:\/\/www.iplay.com\/en\/","name":"IPlay","description":"The Best Casual Games!","publisher":{"@id":"https:\/\/www.iplay.com\/en\/#organization"},"potentialAction":[{"@type":"SearchAction","target":{"@type":"EntryPoint","urlTemplate":"https:\/\/www.iplay.com\/en\/?s={search_term_string}"},"query-input":{"@type":"PropertyValueSpecification","valueRequired":true,"valueName":"search_term_string"}}],"inLanguage":"es"},{"@type":"Organization","@id":"https:\/\/www.iplay.com\/en\/#organization","name":"IPlay","url":"https:\/\/www.iplay.com\/en\/","logo":{"@type":"ImageObject","inLanguage":"es","@id":"https:\/\/www.iplay.com\/en\/#\/schema\/logo\/image\/","url":"https:\/\/www.iplay.com\/wp-content\/uploads\/2023\/11\/Group-6100.svg","contentUrl":"https:\/\/www.iplay.com\/wp-content\/uploads\/2023\/11\/Group-6100.svg","width":98,"height":25,"caption":"IPlay"},"image":{"@id":"https:\/\/www.iplay.com\/en\/#\/schema\/logo\/image\/"}}]}},"_links":{"self":[{"href":"https:\/\/www.iplay.com\/es\/wp-json\/wp\/v2\/product\/136482","targetHints":{"allow":["GET"]}}],"collection":[{"href":"https:\/\/www.iplay.com\/es\/wp-json\/wp\/v2\/product"}],"about":[{"href":"https:\/\/www.iplay.com\/es\/wp-json\/wp\/v2\/types\/product"}],"author":[{"embeddable":true,"href":"https:\/\/www.iplay.com\/es\/wp-json\/wp\/v2\/users\/325"}],"replies":[{"embeddable":true,"href":"https:\/\/www.iplay.com\/es\/wp-json\/wp\/v2\/comments?post=136482"}],"wp:featuredmedia":[{"embeddable":true,"href":"https:\/\/www.iplay.com\/es\/wp-json\/wp\/v2\/media\/136372"}],"wp:attachment":[{"href":"https:\/\/www.iplay.com\/es\/wp-json\/wp\/v2\/media?parent=136482"}],"wp:term":[{"taxonomy":"product_brand","embeddable":true,"href":"https:\/\/www.iplay.com\/es\/wp-json\/wp\/v2\/product_brand?post=136482"},{"taxonomy":"product_cat","embeddable":true,"href":"https:\/\/www.iplay.com\/es\/wp-json\/wp\/v2\/product_cat?post=136482"},{"taxonomy":"product_tag","embeddable":true,"href":"https:\/\/www.iplay.com\/es\/wp-json\/wp\/v2\/product_tag?post=136482"}],"curies":[{"name":"wp","href":"https:\/\/api.w.org\/{rel}","templated":true}]}}