{"id":136476,"date":"2025-05-12T10:00:40","date_gmt":"2025-05-12T10:00:40","guid":{"rendered":"https:\/\/www.iplay.com\/games\/not-like-the-others\/"},"modified":"2025-05-12T10:00:40","modified_gmt":"2025-05-12T10:00:40","slug":"not-like-the-others","status":"publish","type":"product","link":"https:\/\/www.iplay.com\/es\/games\/not-like-the-others\/","title":{"rendered":"Not Like The Others"},"content":{"rendered":"<p>Se fomenta el pensamiento l\u00f3gico y se agudiza la capacidad del ni\u00f1o para identificar los atributos de los objetos a trav\u00e9s de este juego educativo cuidadosamente dise\u00f1ado. Se muestran cuatro elementos en la pantalla durante cada ronda de participaci\u00f3n. Una caracter\u00edstica com\u00fan es compartida por tres art\u00edculos, que forman una categor\u00eda espec\u00edfica (como muebles, frutas o juguetes), mientras que el cuarto elemento se distingue como &#8220;no como los dem\u00e1s&#8221;. El valor at\u00edpico debe detectarse examinando las caracter\u00edsticas compartidas.   <\/p>\n<p>En el juego se incluyen varias categor\u00edas, desde objetos cotidianos hasta elementos naturales y criaturas vivas. Juguetes, utensilios de cocina, herramientas, ropa, material escolar, flores, hongos, frutas, verduras, postres, mam\u00edferos, aves, insectos y vida marina est\u00e1n todos incluidos. La experiencia de aprendizaje se enriquece con esta variedad, y los jugadores se mantienen intrigados mientras su comprensi\u00f3n del mundo se organiza sistem\u00e1ticamente.  <\/p>\n<p>La comprensi\u00f3n de conceptos abstractos de un ni\u00f1o mejora y su capacidad para aplicar estas ideas en escenarios de la vida real se fortalece cuando se juega este juego. El desarrollo cognitivo y el razonamiento cr\u00edtico se promueven de una manera entretenida, mientras que la curiosidad y la alegr\u00eda se inspiran simult\u00e1neamente.<\/p>\n","protected":false},"excerpt":{"rendered":"<p>Desarrolla habilidades de razonamiento l\u00f3gico con este extra\u00f1o juego de rompecabezas que desaf\u00eda tu cerebro de maneras entretenidas.<\/p>\n","protected":false},"author":320,"featured_media":136440,"comment_status":"open","ping_status":"closed","template":"","meta":{"_acf_changed":false,"inline_featured_image":false},"product_brand":[],"product_cat":[192,199],"product_tag":[288],"class_list":{"0":"post-136476","1":"product","2":"type-product","3":"status-publish","4":"has-post-thumbnail","6":"product_cat-puzzle-es","7":"product_cat-removed-content-es","8":"product_tag-play-on-pc-es","10":"first","11":"instock","12":"shipping-taxable","13":"purchasable","14":"product-type-simple"},"acf":[],"yoast_head":"<!-- This site is optimized with the Yoast SEO Premium plugin v25.2 (Yoast SEO v25.2) - https:\/\/yoast.com\/wordpress\/plugins\/seo\/ -->\n<title>No como los dem\u00e1s: Impulsa el razonamiento l\u00f3gico Encontrar objetos extra\u00f1os<\/title>\n<meta name=\"description\" content=\"Desarrolla habilidades de razonamiento l\u00f3gico con este extra\u00f1o juego de rompecabezas que desaf\u00eda tu cerebro de maneras entretenidas.\" \/>\n<meta name=\"robots\" content=\"index, follow, max-snippet:-1, max-image-preview:large, max-video-preview:-1\" \/>\n<link rel=\"canonical\" href=\"https:\/\/www.iplay.com\/es\/games\/not-like-the-others\/\" \/>\n<meta property=\"og:locale\" content=\"es_ES\" \/>\n<meta property=\"og:type\" content=\"article\" \/>\n<meta property=\"og:title\" content=\"Not Like The Others\" \/>\n<meta property=\"og:description\" content=\"Desarrolla habilidades de razonamiento l\u00f3gico con este extra\u00f1o juego de rompecabezas que desaf\u00eda tu cerebro de maneras entretenidas.\" \/>\n<meta property=\"og:url\" content=\"https:\/\/www.iplay.com\/es\/games\/not-like-the-others\/\" \/>\n<meta property=\"og:site_name\" content=\"IPlay\" \/>\n<meta property=\"og:image\" content=\"https:\/\/www.iplay.com\/wp-content\/uploads\/2025\/05\/not_like_the_others_large_video_screenshot.webp\" \/>\n\t<meta property=\"og:image:width\" content=\"715\" \/>\n\t<meta property=\"og:image:height\" content=\"485\" \/>\n\t<meta property=\"og:image:type\" content=\"image\/webp\" \/>\n<meta name=\"twitter:card\" content=\"summary_large_image\" \/>\n<meta name=\"twitter:label1\" content=\"Est. reading time\" \/>\n\t<meta name=\"twitter:data1\" content=\"1 minuto\" \/>\n<script type=\"application\/ld+json\" class=\"yoast-schema-graph\">{\"@context\":\"https:\/\/schema.org\",\"@graph\":[{\"@type\":\"WebPage\",\"@id\":\"https:\/\/www.iplay.com\/es\/games\/not-like-the-others\/\",\"url\":\"https:\/\/www.iplay.com\/es\/games\/not-like-the-others\/\",\"name\":\"No como los dem\u00e1s: Impulsa el razonamiento l\u00f3gico Encontrar objetos extra\u00f1os\",\"isPartOf\":{\"@id\":\"https:\/\/www.iplay.com\/en\/#website\"},\"primaryImageOfPage\":{\"@id\":\"https:\/\/www.iplay.com\/es\/games\/not-like-the-others\/#primaryimage\"},\"image\":{\"@id\":\"https:\/\/www.iplay.com\/es\/games\/not-like-the-others\/#primaryimage\"},\"thumbnailUrl\":\"https:\/\/www.iplay.com\/wp-content\/uploads\/2025\/05\/not_like_the_others_large_square_tile_image.webp\",\"datePublished\":\"2025-05-12T10:00:40+00:00\",\"description\":\"Desarrolla habilidades de razonamiento l\u00f3gico con este extra\u00f1o juego de rompecabezas que desaf\u00eda tu cerebro de maneras entretenidas.\",\"breadcrumb\":{\"@id\":\"https:\/\/www.iplay.com\/es\/games\/not-like-the-others\/#breadcrumb\"},\"inLanguage\":\"es\",\"potentialAction\":[{\"@type\":\"ReadAction\",\"target\":[\"https:\/\/www.iplay.com\/es\/games\/not-like-the-others\/\"]}]},{\"@type\":\"ImageObject\",\"inLanguage\":\"es\",\"@id\":\"https:\/\/www.iplay.com\/es\/games\/not-like-the-others\/#primaryimage\",\"url\":\"https:\/\/www.iplay.com\/wp-content\/uploads\/2025\/05\/not_like_the_others_large_square_tile_image.webp\",\"contentUrl\":\"https:\/\/www.iplay.com\/wp-content\/uploads\/2025\/05\/not_like_the_others_large_square_tile_image.webp\",\"width\":310,\"height\":310},{\"@type\":\"BreadcrumbList\",\"@id\":\"https:\/\/www.iplay.com\/es\/games\/not-like-the-others\/#breadcrumb\",\"itemListElement\":[{\"@type\":\"ListItem\",\"position\":1,\"name\":\"Home\",\"item\":\"https:\/\/www.iplay.com\/es\/home-page-2\/\"},{\"@type\":\"ListItem\",\"position\":2,\"name\":\"Shop\",\"item\":\"https:\/\/www.iplay.com\/en\/shop\/\"},{\"@type\":\"ListItem\",\"position\":3,\"name\":\"Not Like The Others\"}]},{\"@type\":\"WebSite\",\"@id\":\"https:\/\/www.iplay.com\/en\/#website\",\"url\":\"https:\/\/www.iplay.com\/en\/\",\"name\":\"IPlay\",\"description\":\"The Best Casual Games!\",\"publisher\":{\"@id\":\"https:\/\/www.iplay.com\/en\/#organization\"},\"potentialAction\":[{\"@type\":\"SearchAction\",\"target\":{\"@type\":\"EntryPoint\",\"urlTemplate\":\"https:\/\/www.iplay.com\/en\/?s={search_term_string}\"},\"query-input\":{\"@type\":\"PropertyValueSpecification\",\"valueRequired\":true,\"valueName\":\"search_term_string\"}}],\"inLanguage\":\"es\"},{\"@type\":\"Organization\",\"@id\":\"https:\/\/www.iplay.com\/en\/#organization\",\"name\":\"IPlay\",\"url\":\"https:\/\/www.iplay.com\/en\/\",\"logo\":{\"@type\":\"ImageObject\",\"inLanguage\":\"es\",\"@id\":\"https:\/\/www.iplay.com\/en\/#\/schema\/logo\/image\/\",\"url\":\"https:\/\/www.iplay.com\/wp-content\/uploads\/2023\/11\/Group-6100.svg\",\"contentUrl\":\"https:\/\/www.iplay.com\/wp-content\/uploads\/2023\/11\/Group-6100.svg\",\"width\":98,\"height\":25,\"caption\":\"IPlay\"},\"image\":{\"@id\":\"https:\/\/www.iplay.com\/en\/#\/schema\/logo\/image\/\"}}]}<\/script>\n<!-- \/ Yoast SEO Premium plugin. -->","yoast_head_json":{"title":"No como los dem\u00e1s: Impulsa el razonamiento l\u00f3gico Encontrar objetos extra\u00f1os","description":"Desarrolla habilidades de razonamiento l\u00f3gico con este extra\u00f1o juego de rompecabezas que desaf\u00eda tu cerebro de maneras entretenidas.","robots":{"index":"index","follow":"follow","max-snippet":"max-snippet:-1","max-image-preview":"max-image-preview:large","max-video-preview":"max-video-preview:-1"},"canonical":"https:\/\/www.iplay.com\/es\/games\/not-like-the-others\/","og_locale":"es_ES","og_type":"article","og_title":"Not Like The Others","og_description":"Desarrolla habilidades de razonamiento l\u00f3gico con este extra\u00f1o juego de rompecabezas que desaf\u00eda tu cerebro de maneras entretenidas.","og_url":"https:\/\/www.iplay.com\/es\/games\/not-like-the-others\/","og_site_name":"IPlay","og_image":[{"width":715,"height":485,"url":"https:\/\/www.iplay.com\/wp-content\/uploads\/2025\/05\/not_like_the_others_large_video_screenshot.webp","type":"image\/webp"}],"twitter_card":"summary_large_image","twitter_misc":{"Est. reading time":"1 minuto"},"schema":{"@context":"https:\/\/schema.org","@graph":[{"@type":"WebPage","@id":"https:\/\/www.iplay.com\/es\/games\/not-like-the-others\/","url":"https:\/\/www.iplay.com\/es\/games\/not-like-the-others\/","name":"No como los dem\u00e1s: Impulsa el razonamiento l\u00f3gico Encontrar objetos extra\u00f1os","isPartOf":{"@id":"https:\/\/www.iplay.com\/en\/#website"},"primaryImageOfPage":{"@id":"https:\/\/www.iplay.com\/es\/games\/not-like-the-others\/#primaryimage"},"image":{"@id":"https:\/\/www.iplay.com\/es\/games\/not-like-the-others\/#primaryimage"},"thumbnailUrl":"https:\/\/www.iplay.com\/wp-content\/uploads\/2025\/05\/not_like_the_others_large_square_tile_image.webp","datePublished":"2025-05-12T10:00:40+00:00","description":"Desarrolla habilidades de razonamiento l\u00f3gico con este extra\u00f1o juego de rompecabezas que desaf\u00eda tu cerebro de maneras entretenidas.","breadcrumb":{"@id":"https:\/\/www.iplay.com\/es\/games\/not-like-the-others\/#breadcrumb"},"inLanguage":"es","potentialAction":[{"@type":"ReadAction","target":["https:\/\/www.iplay.com\/es\/games\/not-like-the-others\/"]}]},{"@type":"ImageObject","inLanguage":"es","@id":"https:\/\/www.iplay.com\/es\/games\/not-like-the-others\/#primaryimage","url":"https:\/\/www.iplay.com\/wp-content\/uploads\/2025\/05\/not_like_the_others_large_square_tile_image.webp","contentUrl":"https:\/\/www.iplay.com\/wp-content\/uploads\/2025\/05\/not_like_the_others_large_square_tile_image.webp","width":310,"height":310},{"@type":"BreadcrumbList","@id":"https:\/\/www.iplay.com\/es\/games\/not-like-the-others\/#breadcrumb","itemListElement":[{"@type":"ListItem","position":1,"name":"Home","item":"https:\/\/www.iplay.com\/es\/home-page-2\/"},{"@type":"ListItem","position":2,"name":"Shop","item":"https:\/\/www.iplay.com\/en\/shop\/"},{"@type":"ListItem","position":3,"name":"Not Like The Others"}]},{"@type":"WebSite","@id":"https:\/\/www.iplay.com\/en\/#website","url":"https:\/\/www.iplay.com\/en\/","name":"IPlay","description":"The Best Casual Games!","publisher":{"@id":"https:\/\/www.iplay.com\/en\/#organization"},"potentialAction":[{"@type":"SearchAction","target":{"@type":"EntryPoint","urlTemplate":"https:\/\/www.iplay.com\/en\/?s={search_term_string}"},"query-input":{"@type":"PropertyValueSpecification","valueRequired":true,"valueName":"search_term_string"}}],"inLanguage":"es"},{"@type":"Organization","@id":"https:\/\/www.iplay.com\/en\/#organization","name":"IPlay","url":"https:\/\/www.iplay.com\/en\/","logo":{"@type":"ImageObject","inLanguage":"es","@id":"https:\/\/www.iplay.com\/en\/#\/schema\/logo\/image\/","url":"https:\/\/www.iplay.com\/wp-content\/uploads\/2023\/11\/Group-6100.svg","contentUrl":"https:\/\/www.iplay.com\/wp-content\/uploads\/2023\/11\/Group-6100.svg","width":98,"height":25,"caption":"IPlay"},"image":{"@id":"https:\/\/www.iplay.com\/en\/#\/schema\/logo\/image\/"}}]}},"_links":{"self":[{"href":"https:\/\/www.iplay.com\/es\/wp-json\/wp\/v2\/product\/136476","targetHints":{"allow":["GET"]}}],"collection":[{"href":"https:\/\/www.iplay.com\/es\/wp-json\/wp\/v2\/product"}],"about":[{"href":"https:\/\/www.iplay.com\/es\/wp-json\/wp\/v2\/types\/product"}],"author":[{"embeddable":true,"href":"https:\/\/www.iplay.com\/es\/wp-json\/wp\/v2\/users\/320"}],"replies":[{"embeddable":true,"href":"https:\/\/www.iplay.com\/es\/wp-json\/wp\/v2\/comments?post=136476"}],"wp:featuredmedia":[{"embeddable":true,"href":"https:\/\/www.iplay.com\/es\/wp-json\/wp\/v2\/media\/136440"}],"wp:attachment":[{"href":"https:\/\/www.iplay.com\/es\/wp-json\/wp\/v2\/media?parent=136476"}],"wp:term":[{"taxonomy":"product_brand","embeddable":true,"href":"https:\/\/www.iplay.com\/es\/wp-json\/wp\/v2\/product_brand?post=136476"},{"taxonomy":"product_cat","embeddable":true,"href":"https:\/\/www.iplay.com\/es\/wp-json\/wp\/v2\/product_cat?post=136476"},{"taxonomy":"product_tag","embeddable":true,"href":"https:\/\/www.iplay.com\/es\/wp-json\/wp\/v2\/product_tag?post=136476"}],"curies":[{"name":"wp","href":"https:\/\/api.w.org\/{rel}","templated":true}]}}