{"id":136322,"date":"2025-05-09T07:30:00","date_gmt":"2025-05-09T07:30:00","guid":{"rendered":"https:\/\/www.iplay.com\/?post_type=product&#038;p=136322"},"modified":"2025-08-25T17:04:50","modified_gmt":"2025-08-25T17:04:50","slug":"pixel-art-79","status":"publish","type":"product","link":"https:\/\/www.iplay.com\/es\/games\/pixel-art-79\/","title":{"rendered":"Pixel Art 79"},"content":{"rendered":"<p class=\"whitespace-pre-wrap break-words\">La alegr\u00eda relajante de la creaci\u00f3n art\u00edstica se experimenta a trav\u00e9s de esta aplicaci\u00f3n de pintura sin esfuerzo, donde el estr\u00e9s de la selecci\u00f3n de color se elimina por completo del proceso creativo. La satisfacci\u00f3n pura se centra en la vida de im\u00e1genes vibrantes a trav\u00e9s de un sistema intuitivo basado en n\u00fameros. <\/p>\n<p class=\"whitespace-pre-wrap break-words\">Se proporciona una amplia selecci\u00f3n de im\u00e1genes encantadoras para que los usuarios elijan, a trav\u00e9s de las cuales se crean impresionantes obras maestras a su propio ritmo c\u00f3modo. Los n\u00fameros son simplemente seguidos, lo que permite que la expresi\u00f3n art\u00edstica se logre sin complejidad t\u00e9cnica ni presi\u00f3n. <\/p>\n<p class=\"whitespace-pre-wrap break-words\">Esta opci\u00f3n de entretenimiento casual sirve como el escape perfecto del estr\u00e9s diario, donde se ofrecen innumerables horas de creatividad y relajaci\u00f3n en un formato accesible. El arte digital se disfruta sin la complejidad t\u00edpicamente asociada con las aplicaciones de pintura. <\/p>\n<p>&nbsp;<\/p>\n<p class=\"whitespace-pre-wrap break-words\"><strong>Funciones:<\/strong><\/p>\n<ul class=\"[&amp;:not(:last-child)_ul]:pb-1 [&amp;:not(:last-child)_ol]:pb-1 list-disc space-y-1.5 pl-7\">\n<li class=\"whitespace-normal break-words\">Se descubren 80 im\u00e1genes bellamente dise\u00f1adas, a trav\u00e9s de las cuales se da rienda suelta al artista interior<\/li>\n<li class=\"whitespace-normal break-words\">Las ilustraciones se completan sin esfuerzo con la intuitiva herramienta de \u00e1rea de relleno<\/li>\n<li class=\"whitespace-normal break-words\">Se proporcionan horas de diversi\u00f3n y ocio a trav\u00e9s de un juego relajante que reduce el estr\u00e9s<\/li>\n<li class=\"whitespace-normal break-words\">Se crean im\u00e1genes asombrosas a trav\u00e9s de un proceso simplificado: se siguen los n\u00fameros y se producen hermosas obras de arte<\/li>\n<\/ul>\n","protected":false},"excerpt":{"rendered":"<p>Crea impresionantes obras de arte sin el estr\u00e9s de elegir colores: sigue los n\u00fameros para dar vida a im\u00e1genes de p\u00edxeles vibrantes a tu propio ritmo relajante.<\/p>\n","protected":false},"author":21,"featured_media":136260,"comment_status":"open","ping_status":"closed","template":"","meta":{"_acf_changed":false,"inline_featured_image":false},"product_brand":[],"product_cat":[222],"product_tag":[281,288],"class_list":{"0":"post-136322","1":"product","2":"type-product","3":"status-publish","4":"has-post-thumbnail","6":"product_cat-uncategorized-es","7":"product_tag-pixel-art-series-es","8":"product_tag-play-on-pc-es","10":"first","11":"instock","12":"shipping-taxable","13":"purchasable","14":"product-type-simple"},"acf":[],"yoast_head":"<!-- This site is optimized with the Yoast SEO Premium plugin v25.2 (Yoast SEO v25.2) - https:\/\/yoast.com\/wordpress\/plugins\/seo\/ -->\n<title>Pixel Art 79: Rel\u00e1jate y da vida a im\u00e1genes vibrantes<\/title>\n<meta name=\"description\" content=\"Crea impresionantes obras de arte sin el estr\u00e9s de elegir colores: sigue los n\u00fameros para dar vida a im\u00e1genes de p\u00edxeles vibrantes a tu propio ritmo relajante.\" \/>\n<meta name=\"robots\" content=\"index, follow, max-snippet:-1, max-image-preview:large, max-video-preview:-1\" \/>\n<link rel=\"canonical\" href=\"https:\/\/www.iplay.com\/es\/games\/pixel-art-79\/\" \/>\n<meta property=\"og:locale\" content=\"es_ES\" \/>\n<meta property=\"og:type\" content=\"article\" \/>\n<meta property=\"og:title\" content=\"Pixel Art 79\" \/>\n<meta property=\"og:description\" content=\"Crea impresionantes obras de arte sin el estr\u00e9s de elegir colores: sigue los n\u00fameros para dar vida a im\u00e1genes de p\u00edxeles vibrantes a tu propio ritmo relajante.\" \/>\n<meta property=\"og:url\" content=\"https:\/\/www.iplay.com\/es\/games\/pixel-art-79\/\" \/>\n<meta property=\"og:site_name\" content=\"IPlay\" \/>\n<meta property=\"article:modified_time\" content=\"2025-08-25T17:04:50+00:00\" \/>\n<meta property=\"og:image\" content=\"https:\/\/www.iplay.com\/wp-content\/uploads\/2025\/05\/pixel_art_79_large_square_tile_image.webp\" \/>\n\t<meta property=\"og:image:width\" content=\"310\" \/>\n\t<meta property=\"og:image:height\" content=\"310\" \/>\n\t<meta property=\"og:image:type\" content=\"image\/webp\" \/>\n<meta name=\"twitter:card\" content=\"summary_large_image\" \/>\n<meta name=\"twitter:label1\" content=\"Est. reading time\" \/>\n\t<meta name=\"twitter:data1\" content=\"1 minuto\" \/>\n<script type=\"application\/ld+json\" class=\"yoast-schema-graph\">{\"@context\":\"https:\/\/schema.org\",\"@graph\":[{\"@type\":\"WebPage\",\"@id\":\"https:\/\/www.iplay.com\/es\/games\/pixel-art-79\/\",\"url\":\"https:\/\/www.iplay.com\/es\/games\/pixel-art-79\/\",\"name\":\"Pixel Art 79: Rel\u00e1jate y da vida a im\u00e1genes vibrantes\",\"isPartOf\":{\"@id\":\"https:\/\/www.iplay.com\/en\/#website\"},\"primaryImageOfPage\":{\"@id\":\"https:\/\/www.iplay.com\/es\/games\/pixel-art-79\/#primaryimage\"},\"image\":{\"@id\":\"https:\/\/www.iplay.com\/es\/games\/pixel-art-79\/#primaryimage\"},\"thumbnailUrl\":\"https:\/\/www.iplay.com\/wp-content\/uploads\/2025\/05\/pixel_art_79_large_square_tile_image.webp\",\"datePublished\":\"2025-05-09T07:30:00+00:00\",\"dateModified\":\"2025-08-25T17:04:50+00:00\",\"description\":\"Crea impresionantes obras de arte sin el estr\u00e9s de elegir colores: sigue los n\u00fameros para dar vida a im\u00e1genes de p\u00edxeles vibrantes a tu propio ritmo relajante.\",\"breadcrumb\":{\"@id\":\"https:\/\/www.iplay.com\/es\/games\/pixel-art-79\/#breadcrumb\"},\"inLanguage\":\"es\",\"potentialAction\":[{\"@type\":\"ReadAction\",\"target\":[\"https:\/\/www.iplay.com\/es\/games\/pixel-art-79\/\"]}]},{\"@type\":\"ImageObject\",\"inLanguage\":\"es\",\"@id\":\"https:\/\/www.iplay.com\/es\/games\/pixel-art-79\/#primaryimage\",\"url\":\"https:\/\/www.iplay.com\/wp-content\/uploads\/2025\/05\/pixel_art_79_large_square_tile_image.webp\",\"contentUrl\":\"https:\/\/www.iplay.com\/wp-content\/uploads\/2025\/05\/pixel_art_79_large_square_tile_image.webp\",\"width\":310,\"height\":310},{\"@type\":\"BreadcrumbList\",\"@id\":\"https:\/\/www.iplay.com\/es\/games\/pixel-art-79\/#breadcrumb\",\"itemListElement\":[{\"@type\":\"ListItem\",\"position\":1,\"name\":\"Home\",\"item\":\"https:\/\/www.iplay.com\/es\/home-page-2\/\"},{\"@type\":\"ListItem\",\"position\":2,\"name\":\"Shop\",\"item\":\"https:\/\/www.iplay.com\/en\/shop\/\"},{\"@type\":\"ListItem\",\"position\":3,\"name\":\"Pixel Art 79\"}]},{\"@type\":\"WebSite\",\"@id\":\"https:\/\/www.iplay.com\/en\/#website\",\"url\":\"https:\/\/www.iplay.com\/en\/\",\"name\":\"IPlay\",\"description\":\"The Best Casual Games!\",\"publisher\":{\"@id\":\"https:\/\/www.iplay.com\/en\/#organization\"},\"potentialAction\":[{\"@type\":\"SearchAction\",\"target\":{\"@type\":\"EntryPoint\",\"urlTemplate\":\"https:\/\/www.iplay.com\/en\/?s={search_term_string}\"},\"query-input\":{\"@type\":\"PropertyValueSpecification\",\"valueRequired\":true,\"valueName\":\"search_term_string\"}}],\"inLanguage\":\"es\"},{\"@type\":\"Organization\",\"@id\":\"https:\/\/www.iplay.com\/en\/#organization\",\"name\":\"IPlay\",\"url\":\"https:\/\/www.iplay.com\/en\/\",\"logo\":{\"@type\":\"ImageObject\",\"inLanguage\":\"es\",\"@id\":\"https:\/\/www.iplay.com\/en\/#\/schema\/logo\/image\/\",\"url\":\"https:\/\/www.iplay.com\/wp-content\/uploads\/2023\/11\/Group-6100.svg\",\"contentUrl\":\"https:\/\/www.iplay.com\/wp-content\/uploads\/2023\/11\/Group-6100.svg\",\"width\":98,\"height\":25,\"caption\":\"IPlay\"},\"image\":{\"@id\":\"https:\/\/www.iplay.com\/en\/#\/schema\/logo\/image\/\"}}]}<\/script>\n<!-- \/ Yoast SEO Premium plugin. -->","yoast_head_json":{"title":"Pixel Art 79: Rel\u00e1jate y da vida a im\u00e1genes vibrantes","description":"Crea impresionantes obras de arte sin el estr\u00e9s de elegir colores: sigue los n\u00fameros para dar vida a im\u00e1genes de p\u00edxeles vibrantes a tu propio ritmo relajante.","robots":{"index":"index","follow":"follow","max-snippet":"max-snippet:-1","max-image-preview":"max-image-preview:large","max-video-preview":"max-video-preview:-1"},"canonical":"https:\/\/www.iplay.com\/es\/games\/pixel-art-79\/","og_locale":"es_ES","og_type":"article","og_title":"Pixel Art 79","og_description":"Crea impresionantes obras de arte sin el estr\u00e9s de elegir colores: sigue los n\u00fameros para dar vida a im\u00e1genes de p\u00edxeles vibrantes a tu propio ritmo relajante.","og_url":"https:\/\/www.iplay.com\/es\/games\/pixel-art-79\/","og_site_name":"IPlay","article_modified_time":"2025-08-25T17:04:50+00:00","og_image":[{"width":310,"height":310,"url":"https:\/\/www.iplay.com\/wp-content\/uploads\/2025\/05\/pixel_art_79_large_square_tile_image.webp","type":"image\/webp"}],"twitter_card":"summary_large_image","twitter_misc":{"Est. reading time":"1 minuto"},"schema":{"@context":"https:\/\/schema.org","@graph":[{"@type":"WebPage","@id":"https:\/\/www.iplay.com\/es\/games\/pixel-art-79\/","url":"https:\/\/www.iplay.com\/es\/games\/pixel-art-79\/","name":"Pixel Art 79: Rel\u00e1jate y da vida a im\u00e1genes vibrantes","isPartOf":{"@id":"https:\/\/www.iplay.com\/en\/#website"},"primaryImageOfPage":{"@id":"https:\/\/www.iplay.com\/es\/games\/pixel-art-79\/#primaryimage"},"image":{"@id":"https:\/\/www.iplay.com\/es\/games\/pixel-art-79\/#primaryimage"},"thumbnailUrl":"https:\/\/www.iplay.com\/wp-content\/uploads\/2025\/05\/pixel_art_79_large_square_tile_image.webp","datePublished":"2025-05-09T07:30:00+00:00","dateModified":"2025-08-25T17:04:50+00:00","description":"Crea impresionantes obras de arte sin el estr\u00e9s de elegir colores: sigue los n\u00fameros para dar vida a im\u00e1genes de p\u00edxeles vibrantes a tu propio ritmo relajante.","breadcrumb":{"@id":"https:\/\/www.iplay.com\/es\/games\/pixel-art-79\/#breadcrumb"},"inLanguage":"es","potentialAction":[{"@type":"ReadAction","target":["https:\/\/www.iplay.com\/es\/games\/pixel-art-79\/"]}]},{"@type":"ImageObject","inLanguage":"es","@id":"https:\/\/www.iplay.com\/es\/games\/pixel-art-79\/#primaryimage","url":"https:\/\/www.iplay.com\/wp-content\/uploads\/2025\/05\/pixel_art_79_large_square_tile_image.webp","contentUrl":"https:\/\/www.iplay.com\/wp-content\/uploads\/2025\/05\/pixel_art_79_large_square_tile_image.webp","width":310,"height":310},{"@type":"BreadcrumbList","@id":"https:\/\/www.iplay.com\/es\/games\/pixel-art-79\/#breadcrumb","itemListElement":[{"@type":"ListItem","position":1,"name":"Home","item":"https:\/\/www.iplay.com\/es\/home-page-2\/"},{"@type":"ListItem","position":2,"name":"Shop","item":"https:\/\/www.iplay.com\/en\/shop\/"},{"@type":"ListItem","position":3,"name":"Pixel Art 79"}]},{"@type":"WebSite","@id":"https:\/\/www.iplay.com\/en\/#website","url":"https:\/\/www.iplay.com\/en\/","name":"IPlay","description":"The Best Casual Games!","publisher":{"@id":"https:\/\/www.iplay.com\/en\/#organization"},"potentialAction":[{"@type":"SearchAction","target":{"@type":"EntryPoint","urlTemplate":"https:\/\/www.iplay.com\/en\/?s={search_term_string}"},"query-input":{"@type":"PropertyValueSpecification","valueRequired":true,"valueName":"search_term_string"}}],"inLanguage":"es"},{"@type":"Organization","@id":"https:\/\/www.iplay.com\/en\/#organization","name":"IPlay","url":"https:\/\/www.iplay.com\/en\/","logo":{"@type":"ImageObject","inLanguage":"es","@id":"https:\/\/www.iplay.com\/en\/#\/schema\/logo\/image\/","url":"https:\/\/www.iplay.com\/wp-content\/uploads\/2023\/11\/Group-6100.svg","contentUrl":"https:\/\/www.iplay.com\/wp-content\/uploads\/2023\/11\/Group-6100.svg","width":98,"height":25,"caption":"IPlay"},"image":{"@id":"https:\/\/www.iplay.com\/en\/#\/schema\/logo\/image\/"}}]}},"_links":{"self":[{"href":"https:\/\/www.iplay.com\/es\/wp-json\/wp\/v2\/product\/136322","targetHints":{"allow":["GET"]}}],"collection":[{"href":"https:\/\/www.iplay.com\/es\/wp-json\/wp\/v2\/product"}],"about":[{"href":"https:\/\/www.iplay.com\/es\/wp-json\/wp\/v2\/types\/product"}],"author":[{"embeddable":true,"href":"https:\/\/www.iplay.com\/es\/wp-json\/wp\/v2\/users\/21"}],"replies":[{"embeddable":true,"href":"https:\/\/www.iplay.com\/es\/wp-json\/wp\/v2\/comments?post=136322"}],"wp:featuredmedia":[{"embeddable":true,"href":"https:\/\/www.iplay.com\/es\/wp-json\/wp\/v2\/media\/136260"}],"wp:attachment":[{"href":"https:\/\/www.iplay.com\/es\/wp-json\/wp\/v2\/media?parent=136322"}],"wp:term":[{"taxonomy":"product_brand","embeddable":true,"href":"https:\/\/www.iplay.com\/es\/wp-json\/wp\/v2\/product_brand?post=136322"},{"taxonomy":"product_cat","embeddable":true,"href":"https:\/\/www.iplay.com\/es\/wp-json\/wp\/v2\/product_cat?post=136322"},{"taxonomy":"product_tag","embeddable":true,"href":"https:\/\/www.iplay.com\/es\/wp-json\/wp\/v2\/product_tag?post=136322"}],"curies":[{"name":"wp","href":"https:\/\/api.w.org\/{rel}","templated":true}]}}