{"id":136320,"date":"2025-05-09T08:30:04","date_gmt":"2025-05-09T08:30:04","guid":{"rendered":"https:\/\/www.iplay.com\/?post_type=product&p=136320"},"modified":"2025-05-09T08:30:04","modified_gmt":"2025-05-09T08:30:04","slug":"catori","status":"publish","type":"product","link":"https:\/\/www.iplay.com\/es\/games\/catori\/","title":{"rendered":"Catori"},"content":{"rendered":"<p class=\"whitespace-pre-wrap break-words\">Se entra en un mundo encantador a trav\u00e9s de este encantador juego de rompecabezas, donde el cl\u00e1sico japon\u00e9s Hitori se reinventa con adorables gatos pixel-art como tema central. La misi\u00f3n del jugador se establece como la identificaci\u00f3n y eliminaci\u00f3n de gatos adicionales del tablero de juego, mientras que tres reglas cr\u00edticas deben seguirse cuidadosamente. <\/p>\n<p class=\"whitespace-pre-wrap break-words\">Se requiere un pensamiento estrat\u00e9gico y una planificaci\u00f3n cuidadosa para cada movimiento, ya que se restablece el orden en este para\u00edso de rompecabezas lleno de felinos a trav\u00e9s de la toma de decisiones met\u00f3dica. El desaf\u00edo aumenta gradualmente a medida que los jugadores avanzan a trav\u00e9s de los niveles cuidadosamente dise\u00f1ados. <\/p>\n<p>&nbsp;<\/p>\n<p class=\"whitespace-pre-wrap break-words\"><strong>C\u00f3mo jugar<\/strong><\/p>\n<ul class=\"[&amp;:not(:last-child)_ul]:pb-1 [&amp;:not(:last-child)_ol]:pb-1 list-disc space-y-1.5 pl-7\">\n<li class=\"whitespace-normal break-words\">Se debe mantener la singularidad, ya que cada gato indivisible (restante) debe aparecer solo una vez dentro de cada fila y columna<\/li>\n<li class=\"whitespace-normal break-words\">Se obliga a la separaci\u00f3n f\u00edsica entre los gatos retirados, ya que no pueden tocarse a lo largo de sus bordes: no se permite descansar uno al lado del otro<\/li>\n<li class=\"whitespace-normal break-words\">Se requiere una conexi\u00f3n continua entre gatos indivisos, formando un solo grupo unido sin felinos aislados<\/li>\n<\/ul>\n<p>&nbsp;<\/p>\n<p class=\"whitespace-pre-wrap break-words\">Se proporciona una experiencia de juego relajante junto con una est\u00e9tica irresistiblemente linda, a trav\u00e9s de la cual se presenta un desaf\u00edo atractivo que atrae tanto a los entusiastas de los rompecabezas como a los amantes de los gatos. Las habilidades l\u00f3gicas y la atenci\u00f3n al detalle se ponen a prueba a trav\u00e9s de acertijos cada vez m\u00e1s complejos, todo mientras se disfruta de la conmovedora vista de juguetones gatitos de pixel-art. <\/p>\n","protected":false},"excerpt":{"rendered":"<p>Juego de rompecabezas estrat\u00e9gico con adorables gatos pixel-art: elimina a los felinos adicionales del tablero siguiendo tres reglas simples en este encantador desaf\u00edo.<\/p>\n","protected":false},"author":44,"featured_media":136286,"comment_status":"open","ping_status":"closed","template":"","meta":{"_acf_changed":false,"inline_featured_image":false},"product_brand":[],"product_cat":[192],"product_tag":[288],"class_list":{"0":"post-136320","1":"product","2":"type-product","3":"status-publish","4":"has-post-thumbnail","6":"product_cat-puzzle-es","7":"product_tag-play-on-pc-es","9":"first","10":"instock","11":"shipping-taxable","12":"purchasable","13":"product-type-simple"},"acf":[],"yoast_head":"<!-- This site is optimized with the Yoast SEO Premium plugin v25.2 (Yoast SEO v25.2) - https:\/\/yoast.com\/wordpress\/plugins\/seo\/ -->\n<title>Catori: Resuelve adorables rompecabezas de gatos con l\u00f3gica y encanto de p\u00edxeles<\/title>\n<meta name=\"description\" content=\"Juego de rompecabezas estrat\u00e9gico con adorables gatos pixel-art: elimina a los felinos adicionales del tablero siguiendo tres reglas simples en este encantador desaf\u00edo.\" \/>\n<meta name=\"robots\" content=\"index, follow, max-snippet:-1, max-image-preview:large, max-video-preview:-1\" \/>\n<link rel=\"canonical\" href=\"https:\/\/www.iplay.com\/en\/games\/catori\/\" \/>\n<meta property=\"og:locale\" content=\"es_ES\" \/>\n<meta property=\"og:type\" content=\"article\" \/>\n<meta property=\"og:title\" content=\"Catori\" \/>\n<meta property=\"og:description\" content=\"Juego de rompecabezas estrat\u00e9gico con adorables gatos pixel-art: elimina a los felinos adicionales del tablero siguiendo tres reglas simples en este encantador desaf\u00edo.\" \/>\n<meta property=\"og:url\" content=\"https:\/\/www.iplay.com\/en\/games\/catori\/\" \/>\n<meta property=\"og:site_name\" content=\"IPlay\" \/>\n<meta property=\"og:image\" content=\"https:\/\/www.iplay.com\/wp-content\/uploads\/2025\/05\/catori_large_video_screenshot.webp\" \/>\n\t<meta property=\"og:image:width\" content=\"715\" \/>\n\t<meta property=\"og:image:height\" content=\"485\" \/>\n\t<meta property=\"og:image:type\" content=\"image\/webp\" \/>\n<meta name=\"twitter:card\" content=\"summary_large_image\" \/>\n<meta name=\"twitter:label1\" content=\"Est. reading time\" \/>\n\t<meta name=\"twitter:data1\" content=\"1 minuto\" \/>\n<script type=\"application\/ld+json\" class=\"yoast-schema-graph\">{\"@context\":\"https:\/\/schema.org\",\"@graph\":[{\"@type\":\"WebPage\",\"@id\":\"https:\/\/www.iplay.com\/en\/games\/catori\/\",\"url\":\"https:\/\/www.iplay.com\/en\/games\/catori\/\",\"name\":\"Catori: Resuelve adorables rompecabezas de gatos con l\u00f3gica y encanto de p\u00edxeles\",\"isPartOf\":{\"@id\":\"https:\/\/www.iplay.com\/en\/#website\"},\"primaryImageOfPage\":{\"@id\":\"https:\/\/www.iplay.com\/en\/games\/catori\/#primaryimage\"},\"image\":{\"@id\":\"https:\/\/www.iplay.com\/en\/games\/catori\/#primaryimage\"},\"thumbnailUrl\":\"https:\/\/www.iplay.com\/wp-content\/uploads\/2025\/05\/catori_large_square_tile_image.webp\",\"datePublished\":\"2025-05-09T08:30:04+00:00\",\"description\":\"Juego de rompecabezas estrat\u00e9gico con adorables gatos pixel-art: elimina a los felinos adicionales del tablero siguiendo tres reglas simples en este encantador desaf\u00edo.\",\"breadcrumb\":{\"@id\":\"https:\/\/www.iplay.com\/en\/games\/catori\/#breadcrumb\"},\"inLanguage\":\"es\",\"potentialAction\":[{\"@type\":\"ReadAction\",\"target\":[\"https:\/\/www.iplay.com\/en\/games\/catori\/\"]}]},{\"@type\":\"ImageObject\",\"inLanguage\":\"es\",\"@id\":\"https:\/\/www.iplay.com\/en\/games\/catori\/#primaryimage\",\"url\":\"https:\/\/www.iplay.com\/wp-content\/uploads\/2025\/05\/catori_large_square_tile_image.webp\",\"contentUrl\":\"https:\/\/www.iplay.com\/wp-content\/uploads\/2025\/05\/catori_large_square_tile_image.webp\",\"width\":310,\"height\":310},{\"@type\":\"BreadcrumbList\",\"@id\":\"https:\/\/www.iplay.com\/en\/games\/catori\/#breadcrumb\",\"itemListElement\":[{\"@type\":\"ListItem\",\"position\":1,\"name\":\"Home\",\"item\":\"https:\/\/www.iplay.com\/es\/home-page-2\/\"},{\"@type\":\"ListItem\",\"position\":2,\"name\":\"Shop\",\"item\":\"https:\/\/www.iplay.com\/en\/shop\/\"},{\"@type\":\"ListItem\",\"position\":3,\"name\":\"Catori\"}]},{\"@type\":\"WebSite\",\"@id\":\"https:\/\/www.iplay.com\/en\/#website\",\"url\":\"https:\/\/www.iplay.com\/en\/\",\"name\":\"IPlay\",\"description\":\"The Best Casual Games!\",\"publisher\":{\"@id\":\"https:\/\/www.iplay.com\/en\/#organization\"},\"potentialAction\":[{\"@type\":\"SearchAction\",\"target\":{\"@type\":\"EntryPoint\",\"urlTemplate\":\"https:\/\/www.iplay.com\/en\/?s={search_term_string}\"},\"query-input\":{\"@type\":\"PropertyValueSpecification\",\"valueRequired\":true,\"valueName\":\"search_term_string\"}}],\"inLanguage\":\"es\"},{\"@type\":\"Organization\",\"@id\":\"https:\/\/www.iplay.com\/en\/#organization\",\"name\":\"IPlay\",\"url\":\"https:\/\/www.iplay.com\/en\/\",\"logo\":{\"@type\":\"ImageObject\",\"inLanguage\":\"es\",\"@id\":\"https:\/\/www.iplay.com\/en\/#\/schema\/logo\/image\/\",\"url\":\"https:\/\/www.iplay.com\/wp-content\/uploads\/2023\/11\/Group-6100.svg\",\"contentUrl\":\"https:\/\/www.iplay.com\/wp-content\/uploads\/2023\/11\/Group-6100.svg\",\"width\":98,\"height\":25,\"caption\":\"IPlay\"},\"image\":{\"@id\":\"https:\/\/www.iplay.com\/en\/#\/schema\/logo\/image\/\"}}]}<\/script>\n<!-- \/ Yoast SEO Premium plugin. -->","yoast_head_json":{"title":"Catori: Resuelve adorables rompecabezas de gatos con l\u00f3gica y encanto de p\u00edxeles","description":"Juego de rompecabezas estrat\u00e9gico con adorables gatos pixel-art: elimina a los felinos adicionales del tablero siguiendo tres reglas simples en este encantador desaf\u00edo.","robots":{"index":"index","follow":"follow","max-snippet":"max-snippet:-1","max-image-preview":"max-image-preview:large","max-video-preview":"max-video-preview:-1"},"canonical":"https:\/\/www.iplay.com\/en\/games\/catori\/","og_locale":"es_ES","og_type":"article","og_title":"Catori","og_description":"Juego de rompecabezas estrat\u00e9gico con adorables gatos pixel-art: elimina a los felinos adicionales del tablero siguiendo tres reglas simples en este encantador desaf\u00edo.","og_url":"https:\/\/www.iplay.com\/en\/games\/catori\/","og_site_name":"IPlay","og_image":[{"width":715,"height":485,"url":"https:\/\/www.iplay.com\/wp-content\/uploads\/2025\/05\/catori_large_video_screenshot.webp","type":"image\/webp"}],"twitter_card":"summary_large_image","twitter_misc":{"Est. reading time":"1 minuto"},"schema":{"@context":"https:\/\/schema.org","@graph":[{"@type":"WebPage","@id":"https:\/\/www.iplay.com\/en\/games\/catori\/","url":"https:\/\/www.iplay.com\/en\/games\/catori\/","name":"Catori: Resuelve adorables rompecabezas de gatos con l\u00f3gica y encanto de p\u00edxeles","isPartOf":{"@id":"https:\/\/www.iplay.com\/en\/#website"},"primaryImageOfPage":{"@id":"https:\/\/www.iplay.com\/en\/games\/catori\/#primaryimage"},"image":{"@id":"https:\/\/www.iplay.com\/en\/games\/catori\/#primaryimage"},"thumbnailUrl":"https:\/\/www.iplay.com\/wp-content\/uploads\/2025\/05\/catori_large_square_tile_image.webp","datePublished":"2025-05-09T08:30:04+00:00","description":"Juego de rompecabezas estrat\u00e9gico con adorables gatos pixel-art: elimina a los felinos adicionales del tablero siguiendo tres reglas simples en este encantador desaf\u00edo.","breadcrumb":{"@id":"https:\/\/www.iplay.com\/en\/games\/catori\/#breadcrumb"},"inLanguage":"es","potentialAction":[{"@type":"ReadAction","target":["https:\/\/www.iplay.com\/en\/games\/catori\/"]}]},{"@type":"ImageObject","inLanguage":"es","@id":"https:\/\/www.iplay.com\/en\/games\/catori\/#primaryimage","url":"https:\/\/www.iplay.com\/wp-content\/uploads\/2025\/05\/catori_large_square_tile_image.webp","contentUrl":"https:\/\/www.iplay.com\/wp-content\/uploads\/2025\/05\/catori_large_square_tile_image.webp","width":310,"height":310},{"@type":"BreadcrumbList","@id":"https:\/\/www.iplay.com\/en\/games\/catori\/#breadcrumb","itemListElement":[{"@type":"ListItem","position":1,"name":"Home","item":"https:\/\/www.iplay.com\/es\/home-page-2\/"},{"@type":"ListItem","position":2,"name":"Shop","item":"https:\/\/www.iplay.com\/en\/shop\/"},{"@type":"ListItem","position":3,"name":"Catori"}]},{"@type":"WebSite","@id":"https:\/\/www.iplay.com\/en\/#website","url":"https:\/\/www.iplay.com\/en\/","name":"IPlay","description":"The Best Casual Games!","publisher":{"@id":"https:\/\/www.iplay.com\/en\/#organization"},"potentialAction":[{"@type":"SearchAction","target":{"@type":"EntryPoint","urlTemplate":"https:\/\/www.iplay.com\/en\/?s={search_term_string}"},"query-input":{"@type":"PropertyValueSpecification","valueRequired":true,"valueName":"search_term_string"}}],"inLanguage":"es"},{"@type":"Organization","@id":"https:\/\/www.iplay.com\/en\/#organization","name":"IPlay","url":"https:\/\/www.iplay.com\/en\/","logo":{"@type":"ImageObject","inLanguage":"es","@id":"https:\/\/www.iplay.com\/en\/#\/schema\/logo\/image\/","url":"https:\/\/www.iplay.com\/wp-content\/uploads\/2023\/11\/Group-6100.svg","contentUrl":"https:\/\/www.iplay.com\/wp-content\/uploads\/2023\/11\/Group-6100.svg","width":98,"height":25,"caption":"IPlay"},"image":{"@id":"https:\/\/www.iplay.com\/en\/#\/schema\/logo\/image\/"}}]}},"_links":{"self":[{"href":"https:\/\/www.iplay.com\/es\/wp-json\/wp\/v2\/product\/136320","targetHints":{"allow":["GET"]}}],"collection":[{"href":"https:\/\/www.iplay.com\/es\/wp-json\/wp\/v2\/product"}],"about":[{"href":"https:\/\/www.iplay.com\/es\/wp-json\/wp\/v2\/types\/product"}],"author":[{"embeddable":true,"href":"https:\/\/www.iplay.com\/es\/wp-json\/wp\/v2\/users\/44"}],"replies":[{"embeddable":true,"href":"https:\/\/www.iplay.com\/es\/wp-json\/wp\/v2\/comments?post=136320"}],"wp:featuredmedia":[{"embeddable":true,"href":"https:\/\/www.iplay.com\/es\/wp-json\/wp\/v2\/media\/136286"}],"wp:attachment":[{"href":"https:\/\/www.iplay.com\/es\/wp-json\/wp\/v2\/media?parent=136320"}],"wp:term":[{"taxonomy":"product_brand","embeddable":true,"href":"https:\/\/www.iplay.com\/es\/wp-json\/wp\/v2\/product_brand?post=136320"},{"taxonomy":"product_cat","embeddable":true,"href":"https:\/\/www.iplay.com\/es\/wp-json\/wp\/v2\/product_cat?post=136320"},{"taxonomy":"product_tag","embeddable":true,"href":"https:\/\/www.iplay.com\/es\/wp-json\/wp\/v2\/product_tag?post=136320"}],"curies":[{"name":"wp","href":"https:\/\/api.w.org\/{rel}","templated":true}]}}