{"id":136030,"date":"2016-04-01T00:00:00","date_gmt":"2016-04-01T00:00:00","guid":{"rendered":"https:\/\/www.iplay.com\/games\/monument-builders-rushmore\/"},"modified":"2016-04-01T00:00:00","modified_gmt":"2016-04-01T00:00:00","slug":"monument-builders-rushmore","status":"publish","type":"product","link":"https:\/\/www.iplay.com\/es\/games\/monument-builders-rushmore\/","title":{"rendered":"Monument Builders: Rushmore"},"content":{"rendered":"<p>Adem\u00e1s de ser uno de los monumentos m\u00e1s conocidos del mundo, el Monte Rushmore aparece con frecuencia como un s\u00edmbolo en la literatura y el cine estadounidenses, sirviendo de inspiraci\u00f3n para obras como Mars Attacks de Tim Burton, Superman 2 de Richard Lester e incluso el manga Naruto. Con m\u00e1s de 150 a\u00f1os de historia estadounidense, el Monte Rushmore atrae actualmente a m\u00e1s de 2 millones de turistas al a\u00f1o. \u00a1Retrocede en el tiempo y asume el papel de la persona responsable de construir el famoso Monte Rushmore!  <\/p>\n<p>&nbsp;<\/p>\n<p>&nbsp;<\/p>\n<p><strong>Funciones:<\/strong><\/p>\n<p>&nbsp;<\/p>\n<p>&#8211; \u00a130 NIVELES \u00daNICOS con objetivos cada vez m\u00e1s dif\u00edciles!<\/p>\n<p>&#8211; \u00a1Cuatro \u00e1reas de construcci\u00f3n distintas, cada una con desaf\u00edos \u00fanicos! (Blacks Hills, Badlands, Rapid City, Monte Rushmore, etc.) <\/p>\n<p>&#8211; \u00a1Organice el personal y los recursos para completar las tareas a tiempo!<\/p>\n<p>&#8211; \u00a1Para terminar tus proyectos m\u00e1s r\u00e1pido, construye tiendas y f\u00e1bricas!<\/p>\n<p>&#8211; \u00a1Mant\u00e9n a los ladrones alejados de tus \u00e1reas de trabajo para que no puedan arruinar tus ideas!<\/p>\n<p>&#8211; Para terminar las etapas a tiempo, \u00a1pon en pr\u00e1ctica tus talentos de gesti\u00f3n del tiempo!<\/p>\n<p>&#8211; \u00a1Descubre detalles fascinantes sobre la construcci\u00f3n del Monte Rushmore!<\/p>\n","protected":false},"excerpt":{"rendered":"<p>\u00a1Construye el Monte Rushmore con nosotros en Monument Builders: Rushmore!<\/p>\n","protected":false},"author":26,"featured_media":70872,"comment_status":"open","ping_status":"closed","template":"","meta":{"_acf_changed":false,"inline_featured_image":false},"product_brand":[],"product_cat":[212],"product_tag":[288],"class_list":{"0":"post-136030","1":"product","2":"type-product","3":"status-publish","4":"has-post-thumbnail","6":"product_cat-time-management-es","7":"product_tag-play-on-pc-es","9":"first","10":"instock","11":"shipping-taxable","12":"purchasable","13":"product-type-simple"},"acf":[],"yoast_head":"<!-- This site is optimized with the Yoast SEO Premium plugin v25.2 (Yoast SEO v25.2) - https:\/\/yoast.com\/wordpress\/plugins\/seo\/ -->\n<title>Constructores de monumentos: Rushmore - Contribuye a la construcci\u00f3n del Monte Rushmore<\/title>\n<meta name=\"description\" content=\"\u00a1Construye el Monte Rushmore con nosotros en Monument Builders: Rushmore!\" \/>\n<meta name=\"robots\" content=\"index, follow, max-snippet:-1, max-image-preview:large, max-video-preview:-1\" \/>\n<link rel=\"canonical\" href=\"https:\/\/www.iplay.com\/es\/games\/monument-builders-rushmore\/\" \/>\n<meta property=\"og:locale\" content=\"es_ES\" \/>\n<meta property=\"og:type\" content=\"article\" \/>\n<meta property=\"og:title\" content=\"Monument Builders: Rushmore\" \/>\n<meta property=\"og:description\" content=\"\u00a1Construye el Monte Rushmore con nosotros en Monument Builders: Rushmore!\" \/>\n<meta property=\"og:url\" content=\"https:\/\/www.iplay.com\/es\/games\/monument-builders-rushmore\/\" \/>\n<meta property=\"og:site_name\" content=\"IPlay\" \/>\n<meta property=\"og:image\" content=\"https:\/\/www.iplay.com\/wp-content\/uploads\/2023\/12\/large_square_tile_image-1918.jpg\" \/>\n\t<meta property=\"og:image:width\" content=\"310\" \/>\n\t<meta property=\"og:image:height\" content=\"310\" \/>\n\t<meta property=\"og:image:type\" content=\"image\/jpeg\" \/>\n<meta name=\"twitter:card\" content=\"summary_large_image\" \/>\n<meta name=\"twitter:label1\" content=\"Est. reading time\" \/>\n\t<meta name=\"twitter:data1\" content=\"1 minuto\" \/>\n<script type=\"application\/ld+json\" class=\"yoast-schema-graph\">{\"@context\":\"https:\/\/schema.org\",\"@graph\":[{\"@type\":\"WebPage\",\"@id\":\"https:\/\/www.iplay.com\/es\/games\/monument-builders-rushmore\/\",\"url\":\"https:\/\/www.iplay.com\/es\/games\/monument-builders-rushmore\/\",\"name\":\"Constructores de monumentos: Rushmore - Contribuye a la construcci\u00f3n del Monte Rushmore\",\"isPartOf\":{\"@id\":\"https:\/\/www.iplay.com\/en\/#website\"},\"primaryImageOfPage\":{\"@id\":\"https:\/\/www.iplay.com\/es\/games\/monument-builders-rushmore\/#primaryimage\"},\"image\":{\"@id\":\"https:\/\/www.iplay.com\/es\/games\/monument-builders-rushmore\/#primaryimage\"},\"thumbnailUrl\":\"https:\/\/www.iplay.com\/wp-content\/uploads\/2023\/12\/large_square_tile_image-1918.jpg\",\"datePublished\":\"2016-04-01T00:00:00+00:00\",\"description\":\"\u00a1Construye el Monte Rushmore con nosotros en Monument Builders: Rushmore!\",\"breadcrumb\":{\"@id\":\"https:\/\/www.iplay.com\/es\/games\/monument-builders-rushmore\/#breadcrumb\"},\"inLanguage\":\"es\",\"potentialAction\":[{\"@type\":\"ReadAction\",\"target\":[\"https:\/\/www.iplay.com\/es\/games\/monument-builders-rushmore\/\"]}]},{\"@type\":\"ImageObject\",\"inLanguage\":\"es\",\"@id\":\"https:\/\/www.iplay.com\/es\/games\/monument-builders-rushmore\/#primaryimage\",\"url\":\"https:\/\/www.iplay.com\/wp-content\/uploads\/2023\/12\/large_square_tile_image-1918.jpg\",\"contentUrl\":\"https:\/\/www.iplay.com\/wp-content\/uploads\/2023\/12\/large_square_tile_image-1918.jpg\",\"width\":310,\"height\":310},{\"@type\":\"BreadcrumbList\",\"@id\":\"https:\/\/www.iplay.com\/es\/games\/monument-builders-rushmore\/#breadcrumb\",\"itemListElement\":[{\"@type\":\"ListItem\",\"position\":1,\"name\":\"Home\",\"item\":\"https:\/\/www.iplay.com\/es\/home-page-2\/\"},{\"@type\":\"ListItem\",\"position\":2,\"name\":\"Shop\",\"item\":\"https:\/\/www.iplay.com\/en\/shop\/\"},{\"@type\":\"ListItem\",\"position\":3,\"name\":\"Monument Builders: Rushmore\"}]},{\"@type\":\"WebSite\",\"@id\":\"https:\/\/www.iplay.com\/en\/#website\",\"url\":\"https:\/\/www.iplay.com\/en\/\",\"name\":\"IPlay\",\"description\":\"The Best Casual Games!\",\"publisher\":{\"@id\":\"https:\/\/www.iplay.com\/en\/#organization\"},\"potentialAction\":[{\"@type\":\"SearchAction\",\"target\":{\"@type\":\"EntryPoint\",\"urlTemplate\":\"https:\/\/www.iplay.com\/en\/?s={search_term_string}\"},\"query-input\":{\"@type\":\"PropertyValueSpecification\",\"valueRequired\":true,\"valueName\":\"search_term_string\"}}],\"inLanguage\":\"es\"},{\"@type\":\"Organization\",\"@id\":\"https:\/\/www.iplay.com\/en\/#organization\",\"name\":\"IPlay\",\"url\":\"https:\/\/www.iplay.com\/en\/\",\"logo\":{\"@type\":\"ImageObject\",\"inLanguage\":\"es\",\"@id\":\"https:\/\/www.iplay.com\/en\/#\/schema\/logo\/image\/\",\"url\":\"https:\/\/www.iplay.com\/wp-content\/uploads\/2023\/11\/Group-6100.svg\",\"contentUrl\":\"https:\/\/www.iplay.com\/wp-content\/uploads\/2023\/11\/Group-6100.svg\",\"width\":98,\"height\":25,\"caption\":\"IPlay\"},\"image\":{\"@id\":\"https:\/\/www.iplay.com\/en\/#\/schema\/logo\/image\/\"}}]}<\/script>\n<!-- \/ Yoast SEO Premium plugin. -->","yoast_head_json":{"title":"Constructores de monumentos: Rushmore - Contribuye a la construcci\u00f3n del Monte Rushmore","description":"\u00a1Construye el Monte Rushmore con nosotros en Monument Builders: Rushmore!","robots":{"index":"index","follow":"follow","max-snippet":"max-snippet:-1","max-image-preview":"max-image-preview:large","max-video-preview":"max-video-preview:-1"},"canonical":"https:\/\/www.iplay.com\/es\/games\/monument-builders-rushmore\/","og_locale":"es_ES","og_type":"article","og_title":"Monument Builders: Rushmore","og_description":"\u00a1Construye el Monte Rushmore con nosotros en Monument Builders: Rushmore!","og_url":"https:\/\/www.iplay.com\/es\/games\/monument-builders-rushmore\/","og_site_name":"IPlay","og_image":[{"width":310,"height":310,"url":"https:\/\/www.iplay.com\/wp-content\/uploads\/2023\/12\/large_square_tile_image-1918.jpg","type":"image\/jpeg"}],"twitter_card":"summary_large_image","twitter_misc":{"Est. reading time":"1 minuto"},"schema":{"@context":"https:\/\/schema.org","@graph":[{"@type":"WebPage","@id":"https:\/\/www.iplay.com\/es\/games\/monument-builders-rushmore\/","url":"https:\/\/www.iplay.com\/es\/games\/monument-builders-rushmore\/","name":"Constructores de monumentos: Rushmore - Contribuye a la construcci\u00f3n del Monte Rushmore","isPartOf":{"@id":"https:\/\/www.iplay.com\/en\/#website"},"primaryImageOfPage":{"@id":"https:\/\/www.iplay.com\/es\/games\/monument-builders-rushmore\/#primaryimage"},"image":{"@id":"https:\/\/www.iplay.com\/es\/games\/monument-builders-rushmore\/#primaryimage"},"thumbnailUrl":"https:\/\/www.iplay.com\/wp-content\/uploads\/2023\/12\/large_square_tile_image-1918.jpg","datePublished":"2016-04-01T00:00:00+00:00","description":"\u00a1Construye el Monte Rushmore con nosotros en Monument Builders: Rushmore!","breadcrumb":{"@id":"https:\/\/www.iplay.com\/es\/games\/monument-builders-rushmore\/#breadcrumb"},"inLanguage":"es","potentialAction":[{"@type":"ReadAction","target":["https:\/\/www.iplay.com\/es\/games\/monument-builders-rushmore\/"]}]},{"@type":"ImageObject","inLanguage":"es","@id":"https:\/\/www.iplay.com\/es\/games\/monument-builders-rushmore\/#primaryimage","url":"https:\/\/www.iplay.com\/wp-content\/uploads\/2023\/12\/large_square_tile_image-1918.jpg","contentUrl":"https:\/\/www.iplay.com\/wp-content\/uploads\/2023\/12\/large_square_tile_image-1918.jpg","width":310,"height":310},{"@type":"BreadcrumbList","@id":"https:\/\/www.iplay.com\/es\/games\/monument-builders-rushmore\/#breadcrumb","itemListElement":[{"@type":"ListItem","position":1,"name":"Home","item":"https:\/\/www.iplay.com\/es\/home-page-2\/"},{"@type":"ListItem","position":2,"name":"Shop","item":"https:\/\/www.iplay.com\/en\/shop\/"},{"@type":"ListItem","position":3,"name":"Monument Builders: Rushmore"}]},{"@type":"WebSite","@id":"https:\/\/www.iplay.com\/en\/#website","url":"https:\/\/www.iplay.com\/en\/","name":"IPlay","description":"The Best Casual Games!","publisher":{"@id":"https:\/\/www.iplay.com\/en\/#organization"},"potentialAction":[{"@type":"SearchAction","target":{"@type":"EntryPoint","urlTemplate":"https:\/\/www.iplay.com\/en\/?s={search_term_string}"},"query-input":{"@type":"PropertyValueSpecification","valueRequired":true,"valueName":"search_term_string"}}],"inLanguage":"es"},{"@type":"Organization","@id":"https:\/\/www.iplay.com\/en\/#organization","name":"IPlay","url":"https:\/\/www.iplay.com\/en\/","logo":{"@type":"ImageObject","inLanguage":"es","@id":"https:\/\/www.iplay.com\/en\/#\/schema\/logo\/image\/","url":"https:\/\/www.iplay.com\/wp-content\/uploads\/2023\/11\/Group-6100.svg","contentUrl":"https:\/\/www.iplay.com\/wp-content\/uploads\/2023\/11\/Group-6100.svg","width":98,"height":25,"caption":"IPlay"},"image":{"@id":"https:\/\/www.iplay.com\/en\/#\/schema\/logo\/image\/"}}]}},"_links":{"self":[{"href":"https:\/\/www.iplay.com\/es\/wp-json\/wp\/v2\/product\/136030","targetHints":{"allow":["GET"]}}],"collection":[{"href":"https:\/\/www.iplay.com\/es\/wp-json\/wp\/v2\/product"}],"about":[{"href":"https:\/\/www.iplay.com\/es\/wp-json\/wp\/v2\/types\/product"}],"author":[{"embeddable":true,"href":"https:\/\/www.iplay.com\/es\/wp-json\/wp\/v2\/users\/26"}],"replies":[{"embeddable":true,"href":"https:\/\/www.iplay.com\/es\/wp-json\/wp\/v2\/comments?post=136030"}],"wp:featuredmedia":[{"embeddable":true,"href":"https:\/\/www.iplay.com\/es\/wp-json\/wp\/v2\/media\/70872"}],"wp:attachment":[{"href":"https:\/\/www.iplay.com\/es\/wp-json\/wp\/v2\/media?parent=136030"}],"wp:term":[{"taxonomy":"product_brand","embeddable":true,"href":"https:\/\/www.iplay.com\/es\/wp-json\/wp\/v2\/product_brand?post=136030"},{"taxonomy":"product_cat","embeddable":true,"href":"https:\/\/www.iplay.com\/es\/wp-json\/wp\/v2\/product_cat?post=136030"},{"taxonomy":"product_tag","embeddable":true,"href":"https:\/\/www.iplay.com\/es\/wp-json\/wp\/v2\/product_tag?post=136030"}],"curies":[{"name":"wp","href":"https:\/\/api.w.org\/{rel}","templated":true}]}}