{"id":136017,"date":"2016-05-02T00:00:00","date_gmt":"2016-05-02T00:00:00","guid":{"rendered":"https:\/\/www.iplay.com\/games\/delicious-emilys-motherly-love-value-pack\/"},"modified":"2016-05-02T00:00:00","modified_gmt":"2016-05-02T00:00:00","slug":"delicious-emilys-motherly-love-value-pack","status":"publish","type":"product","link":"https:\/\/www.iplay.com\/es\/games\/delicious-emilys-motherly-love-value-pack\/","title":{"rendered":"Delicious &#8211; Emily&#8217;s Motherly Love Value Pack"},"content":{"rendered":"<p>Emily ha construido una pr\u00f3spera carrera como propietaria de un restaurante, \u00a1pero est\u00e1 lista para asumir un papel completamente nuevo como madre primeriza! En este exclusivo Value Pack, que incluye los tres juegos m\u00e1s recientes de la serie <em>Delicious<\/em> time management, juega junto a Emily mientras se enfrenta a las pruebas de la maternidad. En <em>Delicious &#8211; Emily&#8217;s New Beginning<\/em>, Emily intenta hacer malabarismos con la reapertura de Emily&#8217;s Place, su restaurante, con convertirse en madre primeriza. A\u00fan m\u00e1s obst\u00e1culos se avecinan para Emily y su esposo Patrick en <em>Delicious &#8211; Emily&#8217;s Home Sweet Home<\/em> mientras trabajan para transformar la casa de sus sue\u00f1os en un hogar de ensue\u00f1o para su familia en crecimiento. En <em>Delicious &#8211; Emily&#8217;s Hopes &amp; Fears<\/em>, Paige, la hija de Emily y Patrick, est\u00e1 luchando contra una enfermedad enigm\u00e1tica. \u00bfDescubrir\u00e1n sus padres el tratamiento a tiempo para rescatar a su hijo peque\u00f1o? \u00a1Resume las haza\u00f1as m\u00e1s recientes de <em>Delicious<\/em> y obt\u00e9n un 30% de descuento en los tres juegos!<\/p>\n","protected":false},"excerpt":{"rendered":"<p>\u00a1Honra la vida de Emily con Delicious &#8211; Emily&#8217;s Maternal Love Value Pack!<\/p>\n","protected":false},"author":10,"featured_media":103109,"comment_status":"open","ping_status":"closed","template":"","meta":{"_acf_changed":false,"inline_featured_image":false},"product_brand":[],"product_cat":[212],"product_tag":[288],"class_list":{"0":"post-136017","1":"product","2":"type-product","3":"status-publish","4":"has-post-thumbnail","6":"product_cat-time-management-es","7":"product_tag-play-on-pc-es","9":"first","10":"instock","11":"shipping-taxable","12":"purchasable","13":"product-type-simple"},"acf":[],"yoast_head":"<!-- This site is optimized with the Yoast SEO Premium plugin v25.2 (Yoast SEO v25.2) - https:\/\/yoast.com\/wordpress\/plugins\/seo\/ -->\n<title>Delicious - Paquete de valor de amor maternal de Emily - Celebra la nueva vida de Emily como una madre alegre<\/title>\n<meta name=\"description\" content=\"\u00a1Honra la vida de Emily con Delicious - Emily&#039;s Maternal Love Value Pack!\" \/>\n<meta name=\"robots\" content=\"index, follow, max-snippet:-1, max-image-preview:large, max-video-preview:-1\" \/>\n<link rel=\"canonical\" href=\"https:\/\/www.iplay.com\/es\/games\/delicious-emilys-motherly-love-value-pack\/\" \/>\n<meta property=\"og:locale\" content=\"es_ES\" \/>\n<meta property=\"og:type\" content=\"article\" \/>\n<meta property=\"og:title\" content=\"Delicious - Emily&#039;s Motherly Love Value Pack\" \/>\n<meta property=\"og:description\" content=\"\u00a1Honra la vida de Emily con Delicious - Emily&#039;s Maternal Love Value Pack!\" \/>\n<meta property=\"og:url\" content=\"https:\/\/www.iplay.com\/es\/games\/delicious-emilys-motherly-love-value-pack\/\" \/>\n<meta property=\"og:site_name\" content=\"IPlay\" \/>\n<meta property=\"og:image\" content=\"https:\/\/www.iplay.com\/wp-content\/uploads\/2023\/12\/large_square_tile_image-3958.jpg\" \/>\n\t<meta property=\"og:image:width\" content=\"310\" \/>\n\t<meta property=\"og:image:height\" content=\"310\" \/>\n\t<meta property=\"og:image:type\" content=\"image\/jpeg\" \/>\n<meta name=\"twitter:card\" content=\"summary_large_image\" \/>\n<meta name=\"twitter:label1\" content=\"Est. reading time\" \/>\n\t<meta name=\"twitter:data1\" content=\"1 minuto\" \/>\n<script type=\"application\/ld+json\" class=\"yoast-schema-graph\">{\"@context\":\"https:\/\/schema.org\",\"@graph\":[{\"@type\":\"WebPage\",\"@id\":\"https:\/\/www.iplay.com\/es\/games\/delicious-emilys-motherly-love-value-pack\/\",\"url\":\"https:\/\/www.iplay.com\/es\/games\/delicious-emilys-motherly-love-value-pack\/\",\"name\":\"Delicious - Paquete de valor de amor maternal de Emily - Celebra la nueva vida de Emily como una madre alegre\",\"isPartOf\":{\"@id\":\"https:\/\/www.iplay.com\/en\/#website\"},\"primaryImageOfPage\":{\"@id\":\"https:\/\/www.iplay.com\/es\/games\/delicious-emilys-motherly-love-value-pack\/#primaryimage\"},\"image\":{\"@id\":\"https:\/\/www.iplay.com\/es\/games\/delicious-emilys-motherly-love-value-pack\/#primaryimage\"},\"thumbnailUrl\":\"https:\/\/www.iplay.com\/wp-content\/uploads\/2023\/12\/large_square_tile_image-3958.jpg\",\"datePublished\":\"2016-05-02T00:00:00+00:00\",\"description\":\"\u00a1Honra la vida de Emily con Delicious - Emily's Maternal Love Value Pack!\",\"breadcrumb\":{\"@id\":\"https:\/\/www.iplay.com\/es\/games\/delicious-emilys-motherly-love-value-pack\/#breadcrumb\"},\"inLanguage\":\"es\",\"potentialAction\":[{\"@type\":\"ReadAction\",\"target\":[\"https:\/\/www.iplay.com\/es\/games\/delicious-emilys-motherly-love-value-pack\/\"]}]},{\"@type\":\"ImageObject\",\"inLanguage\":\"es\",\"@id\":\"https:\/\/www.iplay.com\/es\/games\/delicious-emilys-motherly-love-value-pack\/#primaryimage\",\"url\":\"https:\/\/www.iplay.com\/wp-content\/uploads\/2023\/12\/large_square_tile_image-3958.jpg\",\"contentUrl\":\"https:\/\/www.iplay.com\/wp-content\/uploads\/2023\/12\/large_square_tile_image-3958.jpg\",\"width\":310,\"height\":310},{\"@type\":\"BreadcrumbList\",\"@id\":\"https:\/\/www.iplay.com\/es\/games\/delicious-emilys-motherly-love-value-pack\/#breadcrumb\",\"itemListElement\":[{\"@type\":\"ListItem\",\"position\":1,\"name\":\"Home\",\"item\":\"https:\/\/www.iplay.com\/es\/home-page-2\/\"},{\"@type\":\"ListItem\",\"position\":2,\"name\":\"Shop\",\"item\":\"https:\/\/www.iplay.com\/en\/shop\/\"},{\"@type\":\"ListItem\",\"position\":3,\"name\":\"Delicious &#8211; Emily&#8217;s Motherly Love Value Pack\"}]},{\"@type\":\"WebSite\",\"@id\":\"https:\/\/www.iplay.com\/en\/#website\",\"url\":\"https:\/\/www.iplay.com\/en\/\",\"name\":\"IPlay\",\"description\":\"The Best Casual Games!\",\"publisher\":{\"@id\":\"https:\/\/www.iplay.com\/en\/#organization\"},\"potentialAction\":[{\"@type\":\"SearchAction\",\"target\":{\"@type\":\"EntryPoint\",\"urlTemplate\":\"https:\/\/www.iplay.com\/en\/?s={search_term_string}\"},\"query-input\":{\"@type\":\"PropertyValueSpecification\",\"valueRequired\":true,\"valueName\":\"search_term_string\"}}],\"inLanguage\":\"es\"},{\"@type\":\"Organization\",\"@id\":\"https:\/\/www.iplay.com\/en\/#organization\",\"name\":\"IPlay\",\"url\":\"https:\/\/www.iplay.com\/en\/\",\"logo\":{\"@type\":\"ImageObject\",\"inLanguage\":\"es\",\"@id\":\"https:\/\/www.iplay.com\/en\/#\/schema\/logo\/image\/\",\"url\":\"https:\/\/www.iplay.com\/wp-content\/uploads\/2023\/11\/Group-6100.svg\",\"contentUrl\":\"https:\/\/www.iplay.com\/wp-content\/uploads\/2023\/11\/Group-6100.svg\",\"width\":98,\"height\":25,\"caption\":\"IPlay\"},\"image\":{\"@id\":\"https:\/\/www.iplay.com\/en\/#\/schema\/logo\/image\/\"}}]}<\/script>\n<!-- \/ Yoast SEO Premium plugin. -->","yoast_head_json":{"title":"Delicious - Paquete de valor de amor maternal de Emily - Celebra la nueva vida de Emily como una madre alegre","description":"\u00a1Honra la vida de Emily con Delicious - Emily's Maternal Love Value Pack!","robots":{"index":"index","follow":"follow","max-snippet":"max-snippet:-1","max-image-preview":"max-image-preview:large","max-video-preview":"max-video-preview:-1"},"canonical":"https:\/\/www.iplay.com\/es\/games\/delicious-emilys-motherly-love-value-pack\/","og_locale":"es_ES","og_type":"article","og_title":"Delicious - Emily's Motherly Love Value Pack","og_description":"\u00a1Honra la vida de Emily con Delicious - Emily's Maternal Love Value Pack!","og_url":"https:\/\/www.iplay.com\/es\/games\/delicious-emilys-motherly-love-value-pack\/","og_site_name":"IPlay","og_image":[{"width":310,"height":310,"url":"https:\/\/www.iplay.com\/wp-content\/uploads\/2023\/12\/large_square_tile_image-3958.jpg","type":"image\/jpeg"}],"twitter_card":"summary_large_image","twitter_misc":{"Est. reading time":"1 minuto"},"schema":{"@context":"https:\/\/schema.org","@graph":[{"@type":"WebPage","@id":"https:\/\/www.iplay.com\/es\/games\/delicious-emilys-motherly-love-value-pack\/","url":"https:\/\/www.iplay.com\/es\/games\/delicious-emilys-motherly-love-value-pack\/","name":"Delicious - Paquete de valor de amor maternal de Emily - Celebra la nueva vida de Emily como una madre alegre","isPartOf":{"@id":"https:\/\/www.iplay.com\/en\/#website"},"primaryImageOfPage":{"@id":"https:\/\/www.iplay.com\/es\/games\/delicious-emilys-motherly-love-value-pack\/#primaryimage"},"image":{"@id":"https:\/\/www.iplay.com\/es\/games\/delicious-emilys-motherly-love-value-pack\/#primaryimage"},"thumbnailUrl":"https:\/\/www.iplay.com\/wp-content\/uploads\/2023\/12\/large_square_tile_image-3958.jpg","datePublished":"2016-05-02T00:00:00+00:00","description":"\u00a1Honra la vida de Emily con Delicious - Emily's Maternal Love Value Pack!","breadcrumb":{"@id":"https:\/\/www.iplay.com\/es\/games\/delicious-emilys-motherly-love-value-pack\/#breadcrumb"},"inLanguage":"es","potentialAction":[{"@type":"ReadAction","target":["https:\/\/www.iplay.com\/es\/games\/delicious-emilys-motherly-love-value-pack\/"]}]},{"@type":"ImageObject","inLanguage":"es","@id":"https:\/\/www.iplay.com\/es\/games\/delicious-emilys-motherly-love-value-pack\/#primaryimage","url":"https:\/\/www.iplay.com\/wp-content\/uploads\/2023\/12\/large_square_tile_image-3958.jpg","contentUrl":"https:\/\/www.iplay.com\/wp-content\/uploads\/2023\/12\/large_square_tile_image-3958.jpg","width":310,"height":310},{"@type":"BreadcrumbList","@id":"https:\/\/www.iplay.com\/es\/games\/delicious-emilys-motherly-love-value-pack\/#breadcrumb","itemListElement":[{"@type":"ListItem","position":1,"name":"Home","item":"https:\/\/www.iplay.com\/es\/home-page-2\/"},{"@type":"ListItem","position":2,"name":"Shop","item":"https:\/\/www.iplay.com\/en\/shop\/"},{"@type":"ListItem","position":3,"name":"Delicious &#8211; Emily&#8217;s Motherly Love Value Pack"}]},{"@type":"WebSite","@id":"https:\/\/www.iplay.com\/en\/#website","url":"https:\/\/www.iplay.com\/en\/","name":"IPlay","description":"The Best Casual Games!","publisher":{"@id":"https:\/\/www.iplay.com\/en\/#organization"},"potentialAction":[{"@type":"SearchAction","target":{"@type":"EntryPoint","urlTemplate":"https:\/\/www.iplay.com\/en\/?s={search_term_string}"},"query-input":{"@type":"PropertyValueSpecification","valueRequired":true,"valueName":"search_term_string"}}],"inLanguage":"es"},{"@type":"Organization","@id":"https:\/\/www.iplay.com\/en\/#organization","name":"IPlay","url":"https:\/\/www.iplay.com\/en\/","logo":{"@type":"ImageObject","inLanguage":"es","@id":"https:\/\/www.iplay.com\/en\/#\/schema\/logo\/image\/","url":"https:\/\/www.iplay.com\/wp-content\/uploads\/2023\/11\/Group-6100.svg","contentUrl":"https:\/\/www.iplay.com\/wp-content\/uploads\/2023\/11\/Group-6100.svg","width":98,"height":25,"caption":"IPlay"},"image":{"@id":"https:\/\/www.iplay.com\/en\/#\/schema\/logo\/image\/"}}]}},"_links":{"self":[{"href":"https:\/\/www.iplay.com\/es\/wp-json\/wp\/v2\/product\/136017","targetHints":{"allow":["GET"]}}],"collection":[{"href":"https:\/\/www.iplay.com\/es\/wp-json\/wp\/v2\/product"}],"about":[{"href":"https:\/\/www.iplay.com\/es\/wp-json\/wp\/v2\/types\/product"}],"author":[{"embeddable":true,"href":"https:\/\/www.iplay.com\/es\/wp-json\/wp\/v2\/users\/10"}],"replies":[{"embeddable":true,"href":"https:\/\/www.iplay.com\/es\/wp-json\/wp\/v2\/comments?post=136017"}],"wp:featuredmedia":[{"embeddable":true,"href":"https:\/\/www.iplay.com\/es\/wp-json\/wp\/v2\/media\/103109"}],"wp:attachment":[{"href":"https:\/\/www.iplay.com\/es\/wp-json\/wp\/v2\/media?parent=136017"}],"wp:term":[{"taxonomy":"product_brand","embeddable":true,"href":"https:\/\/www.iplay.com\/es\/wp-json\/wp\/v2\/product_brand?post=136017"},{"taxonomy":"product_cat","embeddable":true,"href":"https:\/\/www.iplay.com\/es\/wp-json\/wp\/v2\/product_cat?post=136017"},{"taxonomy":"product_tag","embeddable":true,"href":"https:\/\/www.iplay.com\/es\/wp-json\/wp\/v2\/product_tag?post=136017"}],"curies":[{"name":"wp","href":"https:\/\/api.w.org\/{rel}","templated":true}]}}