{"id":135996,"date":"2016-06-05T00:00:00","date_gmt":"2016-06-05T00:00:00","guid":{"rendered":"https:\/\/www.iplay.com\/games\/campgrounds-the-endorus-expedition-collectors-edition\/"},"modified":"2016-06-05T00:00:00","modified_gmt":"2016-06-05T00:00:00","slug":"campgrounds-the-endorus-expedition-collectors-edition","status":"publish","type":"product","link":"https:\/\/www.iplay.com\/es\/games\/campgrounds-the-endorus-expedition-collectors-edition\/","title":{"rendered":"Campgrounds: The Endorus Expedition Collector&#8217;s Edition"},"content":{"rendered":"<p>Addie y t\u00fa lider\u00e1is una expedici\u00f3n de intr\u00e9pidos exploradores a trav\u00e9s de regiones olvidadas hace mucho tiempo, guiados por un objeto raro. Estos aventureros dependen de ti para construir campamentos para que puedan desafiar lo desconocido con seguridad y calidez. Experimenta la historia de una sociedad antigua contada a trav\u00e9s del artefacto mientras viaja a playas de arena, a trav\u00e9s de exuberantes selvas tropicales, monta\u00f1as imponentes y cuevas enigm\u00e1ticas. Reconstruye estructuras hist\u00f3ricas, encu\u00e9ntrate con personalidades extra\u00f1as y desentierra tesoros secretos. \u00bfC\u00f3mo termina la historia del art\u00edculo? \u00a1Desc\u00fabrelo en el nuevo juego de gesti\u00f3n del tiempo lleno de acci\u00f3n, Campgrounds: The Endorus Expedition!     <\/p>\n<p>Hay un mont\u00f3n de art\u00edculos exclusivos incluidos en este lanzamiento especial de la Edici\u00f3n de Coleccionista que no est\u00e1n incluidos en la edici\u00f3n regular.<\/p>\n<p>&nbsp;<\/p>\n<p>&nbsp;<\/p>\n<p><strong>Funciones:<\/strong><\/p>\n<p>&nbsp;<\/p>\n<p>&#8211; \u00a1Desafiante juego de bonificaci\u00f3n!<\/p>\n<p>&#8211; Gu\u00eda de Estrategia Integrada<\/p>\n<p>&#8211; La &#8220;Galer\u00eda de Arte&#8221;<\/p>\n","protected":false},"excerpt":{"rendered":"<p>Addie y t\u00fa lider\u00e1is una expedici\u00f3n de intr\u00e9pidos exploradores a trav\u00e9s de regiones olvidadas hace mucho tiempo, guiados por un objeto raro.<\/p>\n","protected":false},"author":17,"featured_media":65880,"comment_status":"open","ping_status":"closed","template":"","meta":{"_acf_changed":false,"inline_featured_image":false},"product_brand":[],"product_cat":[212],"product_tag":[288],"class_list":{"0":"post-135996","1":"product","2":"type-product","3":"status-publish","4":"has-post-thumbnail","6":"product_cat-time-management-es","7":"product_tag-play-on-pc-es","9":"first","10":"instock","11":"shipping-taxable","12":"purchasable","13":"product-type-simple"},"acf":[],"yoast_head":"<!-- This site is optimized with the Yoast SEO Premium plugin v25.2 (Yoast SEO v25.2) - https:\/\/yoast.com\/wordpress\/plugins\/seo\/ -->\n<title>Campgrounds: The Endorus Expedition Collector&#039;s Edition - \u00danete a Addie para liderar una emocionante expedici\u00f3n a territorios perdidos<\/title>\n<meta name=\"description\" content=\"Addie y t\u00fa lider\u00e1is una expedici\u00f3n de intr\u00e9pidos exploradores a trav\u00e9s de regiones olvidadas hace mucho tiempo, guiados por un objeto raro.\" \/>\n<meta name=\"robots\" content=\"index, follow, max-snippet:-1, max-image-preview:large, max-video-preview:-1\" \/>\n<link rel=\"canonical\" href=\"https:\/\/www.iplay.com\/es\/games\/campgrounds-the-endorus-expedition-collectors-edition\/\" \/>\n<meta property=\"og:locale\" content=\"es_ES\" \/>\n<meta property=\"og:type\" content=\"article\" \/>\n<meta property=\"og:title\" content=\"Campgrounds: The Endorus Expedition Collector&#039;s Edition\" \/>\n<meta property=\"og:description\" content=\"Addie y t\u00fa lider\u00e1is una expedici\u00f3n de intr\u00e9pidos exploradores a trav\u00e9s de regiones olvidadas hace mucho tiempo, guiados por un objeto raro.\" \/>\n<meta property=\"og:url\" content=\"https:\/\/www.iplay.com\/es\/games\/campgrounds-the-endorus-expedition-collectors-edition\/\" \/>\n<meta property=\"og:site_name\" content=\"IPlay\" \/>\n<meta property=\"og:image\" content=\"https:\/\/www.iplay.com\/wp-content\/uploads\/2023\/12\/large_square_tile_image-1604.jpg\" \/>\n\t<meta property=\"og:image:width\" content=\"310\" \/>\n\t<meta property=\"og:image:height\" content=\"310\" \/>\n\t<meta property=\"og:image:type\" content=\"image\/jpeg\" \/>\n<meta name=\"twitter:card\" content=\"summary_large_image\" \/>\n<meta name=\"twitter:label1\" content=\"Est. reading time\" \/>\n\t<meta name=\"twitter:data1\" content=\"1 minuto\" \/>\n<script type=\"application\/ld+json\" class=\"yoast-schema-graph\">{\"@context\":\"https:\/\/schema.org\",\"@graph\":[{\"@type\":\"WebPage\",\"@id\":\"https:\/\/www.iplay.com\/es\/games\/campgrounds-the-endorus-expedition-collectors-edition\/\",\"url\":\"https:\/\/www.iplay.com\/es\/games\/campgrounds-the-endorus-expedition-collectors-edition\/\",\"name\":\"Campgrounds: The Endorus Expedition Collector's Edition - \u00danete a Addie para liderar una emocionante expedici\u00f3n a territorios perdidos\",\"isPartOf\":{\"@id\":\"https:\/\/www.iplay.com\/en\/#website\"},\"primaryImageOfPage\":{\"@id\":\"https:\/\/www.iplay.com\/es\/games\/campgrounds-the-endorus-expedition-collectors-edition\/#primaryimage\"},\"image\":{\"@id\":\"https:\/\/www.iplay.com\/es\/games\/campgrounds-the-endorus-expedition-collectors-edition\/#primaryimage\"},\"thumbnailUrl\":\"https:\/\/www.iplay.com\/wp-content\/uploads\/2023\/12\/large_square_tile_image-1604.jpg\",\"datePublished\":\"2016-06-05T00:00:00+00:00\",\"description\":\"Addie y t\u00fa lider\u00e1is una expedici\u00f3n de intr\u00e9pidos exploradores a trav\u00e9s de regiones olvidadas hace mucho tiempo, guiados por un objeto raro.\",\"breadcrumb\":{\"@id\":\"https:\/\/www.iplay.com\/es\/games\/campgrounds-the-endorus-expedition-collectors-edition\/#breadcrumb\"},\"inLanguage\":\"es\",\"potentialAction\":[{\"@type\":\"ReadAction\",\"target\":[\"https:\/\/www.iplay.com\/es\/games\/campgrounds-the-endorus-expedition-collectors-edition\/\"]}]},{\"@type\":\"ImageObject\",\"inLanguage\":\"es\",\"@id\":\"https:\/\/www.iplay.com\/es\/games\/campgrounds-the-endorus-expedition-collectors-edition\/#primaryimage\",\"url\":\"https:\/\/www.iplay.com\/wp-content\/uploads\/2023\/12\/large_square_tile_image-1604.jpg\",\"contentUrl\":\"https:\/\/www.iplay.com\/wp-content\/uploads\/2023\/12\/large_square_tile_image-1604.jpg\",\"width\":310,\"height\":310},{\"@type\":\"BreadcrumbList\",\"@id\":\"https:\/\/www.iplay.com\/es\/games\/campgrounds-the-endorus-expedition-collectors-edition\/#breadcrumb\",\"itemListElement\":[{\"@type\":\"ListItem\",\"position\":1,\"name\":\"Home\",\"item\":\"https:\/\/www.iplay.com\/es\/home-page-2\/\"},{\"@type\":\"ListItem\",\"position\":2,\"name\":\"Shop\",\"item\":\"https:\/\/www.iplay.com\/en\/shop\/\"},{\"@type\":\"ListItem\",\"position\":3,\"name\":\"Campgrounds: The Endorus Expedition Collector&#8217;s Edition\"}]},{\"@type\":\"WebSite\",\"@id\":\"https:\/\/www.iplay.com\/en\/#website\",\"url\":\"https:\/\/www.iplay.com\/en\/\",\"name\":\"IPlay\",\"description\":\"The Best Casual Games!\",\"publisher\":{\"@id\":\"https:\/\/www.iplay.com\/en\/#organization\"},\"potentialAction\":[{\"@type\":\"SearchAction\",\"target\":{\"@type\":\"EntryPoint\",\"urlTemplate\":\"https:\/\/www.iplay.com\/en\/?s={search_term_string}\"},\"query-input\":{\"@type\":\"PropertyValueSpecification\",\"valueRequired\":true,\"valueName\":\"search_term_string\"}}],\"inLanguage\":\"es\"},{\"@type\":\"Organization\",\"@id\":\"https:\/\/www.iplay.com\/en\/#organization\",\"name\":\"IPlay\",\"url\":\"https:\/\/www.iplay.com\/en\/\",\"logo\":{\"@type\":\"ImageObject\",\"inLanguage\":\"es\",\"@id\":\"https:\/\/www.iplay.com\/en\/#\/schema\/logo\/image\/\",\"url\":\"https:\/\/www.iplay.com\/wp-content\/uploads\/2023\/11\/Group-6100.svg\",\"contentUrl\":\"https:\/\/www.iplay.com\/wp-content\/uploads\/2023\/11\/Group-6100.svg\",\"width\":98,\"height\":25,\"caption\":\"IPlay\"},\"image\":{\"@id\":\"https:\/\/www.iplay.com\/en\/#\/schema\/logo\/image\/\"}}]}<\/script>\n<!-- \/ Yoast SEO Premium plugin. -->","yoast_head_json":{"title":"Campgrounds: The Endorus Expedition Collector's Edition - \u00danete a Addie para liderar una emocionante expedici\u00f3n a territorios perdidos","description":"Addie y t\u00fa lider\u00e1is una expedici\u00f3n de intr\u00e9pidos exploradores a trav\u00e9s de regiones olvidadas hace mucho tiempo, guiados por un objeto raro.","robots":{"index":"index","follow":"follow","max-snippet":"max-snippet:-1","max-image-preview":"max-image-preview:large","max-video-preview":"max-video-preview:-1"},"canonical":"https:\/\/www.iplay.com\/es\/games\/campgrounds-the-endorus-expedition-collectors-edition\/","og_locale":"es_ES","og_type":"article","og_title":"Campgrounds: The Endorus Expedition Collector's Edition","og_description":"Addie y t\u00fa lider\u00e1is una expedici\u00f3n de intr\u00e9pidos exploradores a trav\u00e9s de regiones olvidadas hace mucho tiempo, guiados por un objeto raro.","og_url":"https:\/\/www.iplay.com\/es\/games\/campgrounds-the-endorus-expedition-collectors-edition\/","og_site_name":"IPlay","og_image":[{"width":310,"height":310,"url":"https:\/\/www.iplay.com\/wp-content\/uploads\/2023\/12\/large_square_tile_image-1604.jpg","type":"image\/jpeg"}],"twitter_card":"summary_large_image","twitter_misc":{"Est. reading time":"1 minuto"},"schema":{"@context":"https:\/\/schema.org","@graph":[{"@type":"WebPage","@id":"https:\/\/www.iplay.com\/es\/games\/campgrounds-the-endorus-expedition-collectors-edition\/","url":"https:\/\/www.iplay.com\/es\/games\/campgrounds-the-endorus-expedition-collectors-edition\/","name":"Campgrounds: The Endorus Expedition Collector's Edition - \u00danete a Addie para liderar una emocionante expedici\u00f3n a territorios perdidos","isPartOf":{"@id":"https:\/\/www.iplay.com\/en\/#website"},"primaryImageOfPage":{"@id":"https:\/\/www.iplay.com\/es\/games\/campgrounds-the-endorus-expedition-collectors-edition\/#primaryimage"},"image":{"@id":"https:\/\/www.iplay.com\/es\/games\/campgrounds-the-endorus-expedition-collectors-edition\/#primaryimage"},"thumbnailUrl":"https:\/\/www.iplay.com\/wp-content\/uploads\/2023\/12\/large_square_tile_image-1604.jpg","datePublished":"2016-06-05T00:00:00+00:00","description":"Addie y t\u00fa lider\u00e1is una expedici\u00f3n de intr\u00e9pidos exploradores a trav\u00e9s de regiones olvidadas hace mucho tiempo, guiados por un objeto raro.","breadcrumb":{"@id":"https:\/\/www.iplay.com\/es\/games\/campgrounds-the-endorus-expedition-collectors-edition\/#breadcrumb"},"inLanguage":"es","potentialAction":[{"@type":"ReadAction","target":["https:\/\/www.iplay.com\/es\/games\/campgrounds-the-endorus-expedition-collectors-edition\/"]}]},{"@type":"ImageObject","inLanguage":"es","@id":"https:\/\/www.iplay.com\/es\/games\/campgrounds-the-endorus-expedition-collectors-edition\/#primaryimage","url":"https:\/\/www.iplay.com\/wp-content\/uploads\/2023\/12\/large_square_tile_image-1604.jpg","contentUrl":"https:\/\/www.iplay.com\/wp-content\/uploads\/2023\/12\/large_square_tile_image-1604.jpg","width":310,"height":310},{"@type":"BreadcrumbList","@id":"https:\/\/www.iplay.com\/es\/games\/campgrounds-the-endorus-expedition-collectors-edition\/#breadcrumb","itemListElement":[{"@type":"ListItem","position":1,"name":"Home","item":"https:\/\/www.iplay.com\/es\/home-page-2\/"},{"@type":"ListItem","position":2,"name":"Shop","item":"https:\/\/www.iplay.com\/en\/shop\/"},{"@type":"ListItem","position":3,"name":"Campgrounds: The Endorus Expedition Collector&#8217;s Edition"}]},{"@type":"WebSite","@id":"https:\/\/www.iplay.com\/en\/#website","url":"https:\/\/www.iplay.com\/en\/","name":"IPlay","description":"The Best Casual Games!","publisher":{"@id":"https:\/\/www.iplay.com\/en\/#organization"},"potentialAction":[{"@type":"SearchAction","target":{"@type":"EntryPoint","urlTemplate":"https:\/\/www.iplay.com\/en\/?s={search_term_string}"},"query-input":{"@type":"PropertyValueSpecification","valueRequired":true,"valueName":"search_term_string"}}],"inLanguage":"es"},{"@type":"Organization","@id":"https:\/\/www.iplay.com\/en\/#organization","name":"IPlay","url":"https:\/\/www.iplay.com\/en\/","logo":{"@type":"ImageObject","inLanguage":"es","@id":"https:\/\/www.iplay.com\/en\/#\/schema\/logo\/image\/","url":"https:\/\/www.iplay.com\/wp-content\/uploads\/2023\/11\/Group-6100.svg","contentUrl":"https:\/\/www.iplay.com\/wp-content\/uploads\/2023\/11\/Group-6100.svg","width":98,"height":25,"caption":"IPlay"},"image":{"@id":"https:\/\/www.iplay.com\/en\/#\/schema\/logo\/image\/"}}]}},"_links":{"self":[{"href":"https:\/\/www.iplay.com\/es\/wp-json\/wp\/v2\/product\/135996","targetHints":{"allow":["GET"]}}],"collection":[{"href":"https:\/\/www.iplay.com\/es\/wp-json\/wp\/v2\/product"}],"about":[{"href":"https:\/\/www.iplay.com\/es\/wp-json\/wp\/v2\/types\/product"}],"author":[{"embeddable":true,"href":"https:\/\/www.iplay.com\/es\/wp-json\/wp\/v2\/users\/17"}],"replies":[{"embeddable":true,"href":"https:\/\/www.iplay.com\/es\/wp-json\/wp\/v2\/comments?post=135996"}],"wp:featuredmedia":[{"embeddable":true,"href":"https:\/\/www.iplay.com\/es\/wp-json\/wp\/v2\/media\/65880"}],"wp:attachment":[{"href":"https:\/\/www.iplay.com\/es\/wp-json\/wp\/v2\/media?parent=135996"}],"wp:term":[{"taxonomy":"product_brand","embeddable":true,"href":"https:\/\/www.iplay.com\/es\/wp-json\/wp\/v2\/product_brand?post=135996"},{"taxonomy":"product_cat","embeddable":true,"href":"https:\/\/www.iplay.com\/es\/wp-json\/wp\/v2\/product_cat?post=135996"},{"taxonomy":"product_tag","embeddable":true,"href":"https:\/\/www.iplay.com\/es\/wp-json\/wp\/v2\/product_tag?post=135996"}],"curies":[{"name":"wp","href":"https:\/\/api.w.org\/{rel}","templated":true}]}}