{"id":135911,"date":"2017-02-14T00:00:00","date_gmt":"2017-02-14T00:00:00","guid":{"rendered":"https:\/\/www.iplay.com\/games\/maggies-movies-camera-action-collectors-edition\/"},"modified":"2017-02-14T00:00:00","modified_gmt":"2017-02-14T00:00:00","slug":"maggies-movies-camera-action-collectors-edition","status":"publish","type":"product","link":"https:\/\/www.iplay.com\/es\/games\/maggies-movies-camera-action-collectors-edition\/","title":{"rendered":"Maggie&#8217;s Movies: Camera, Action! Collector&#8217;s Edition"},"content":{"rendered":"<p>Maggie siempre ha tenido una pasi\u00f3n por el cine y aspira a dirigir pel\u00edculas. Pero la productora sigue interponi\u00e9ndose en el camino de su deseo cuando tiene su gran oportunidad como asistente de direcci\u00f3n en la pr\u00f3xima pel\u00edcula de Sure Shot Pictures, Waves of Love. \u00a1Los trabajadores diligentes amenazan con ir a la huelga ya que Susan no les paga las horas extras! Susan tiene que encontrar una manera de mantener al equipo en el set sin violar su moral porque, para empeorar las cosas, hace a Maggie responsable de su descontento. Maggie debe persuadir al hijo del due\u00f1o del estudio de que puede completar el proyecto a tiempo y dentro del presupuesto, \u00a1de lo contrario, corre el riesgo de perder su trabajo!    <\/p>\n<p>&nbsp;<\/p>\n<p>Maggie siempre ha sido una trabajadora dedicada, honesta y modesta, pero le resulta dif\u00edcil ser ella misma en este entorno. \u00bfPodr\u00e1 dirigir el espect\u00e1culo, evitar verse involucrada en el drama de Hollywood y perseguir su sue\u00f1o hasta llegar a la silla del director? <\/p>\n<p>&nbsp;<\/p>\n<p>&nbsp;<\/p>\n<p><strong>Funciones:<\/strong><\/p>\n<p>&nbsp;<\/p>\n<p>&#8211; Un cap\u00edtulo extra que describe los primeros a\u00f1os de Maggie y c\u00f3mo su abuelo la introdujo en el mundo del cine.<\/p>\n<p>&#8211; \u00a1Experimenta 78 niveles repartidos en 6 cap\u00edtulos, 18 de los cuales son niveles DESAF\u00cdO!<\/p>\n<p>&#8211; Revestimientos murales y arte conceptual.<\/p>\n<p>&#8211; \u00a1Elogios y logros adicionales!<\/p>\n","protected":false},"excerpt":{"rendered":"<p>\u00a1Un nuevo juego de gesti\u00f3n del tiempo que fomenta la persecuci\u00f3n de sue\u00f1os!<\/p>\n","protected":false},"author":4,"featured_media":101269,"comment_status":"open","ping_status":"closed","template":"","meta":{"_acf_changed":false,"inline_featured_image":false},"product_brand":[],"product_cat":[212],"product_tag":[288],"class_list":{"0":"post-135911","1":"product","2":"type-product","3":"status-publish","4":"has-post-thumbnail","6":"product_cat-time-management-es","7":"product_tag-play-on-pc-es","9":"first","10":"instock","11":"shipping-taxable","12":"purchasable","13":"product-type-simple"},"acf":[],"yoast_head":"<!-- This site is optimized with the Yoast SEO Premium plugin v25.2 (Yoast SEO v25.2) - https:\/\/yoast.com\/wordpress\/plugins\/seo\/ -->\n<title>Maggie&#039;s Movies: \u00a1C\u00e1mara, Acci\u00f3n! Collector&#039;s Edition - Un nuevo juego de gesti\u00f3n del tiempo sobre perseguir tus sue\u00f1os<\/title>\n<meta name=\"description\" content=\"\u00a1Un nuevo juego de gesti\u00f3n del tiempo que fomenta la persecuci\u00f3n de sue\u00f1os!\" \/>\n<meta name=\"robots\" content=\"index, follow, max-snippet:-1, max-image-preview:large, max-video-preview:-1\" \/>\n<link rel=\"canonical\" href=\"https:\/\/www.iplay.com\/es\/games\/maggies-movies-camera-action-collectors-edition\/\" \/>\n<meta property=\"og:locale\" content=\"es_ES\" \/>\n<meta property=\"og:type\" content=\"article\" \/>\n<meta property=\"og:title\" content=\"Maggie&#039;s Movies: Camera, Action! Collector&#039;s Edition\" \/>\n<meta property=\"og:description\" content=\"\u00a1Un nuevo juego de gesti\u00f3n del tiempo que fomenta la persecuci\u00f3n de sue\u00f1os!\" \/>\n<meta property=\"og:url\" content=\"https:\/\/www.iplay.com\/es\/games\/maggies-movies-camera-action-collectors-edition\/\" \/>\n<meta property=\"og:site_name\" content=\"IPlay\" \/>\n<meta property=\"og:image\" content=\"https:\/\/www.iplay.com\/wp-content\/uploads\/2023\/12\/large_square_tile_image-3839.jpg\" \/>\n\t<meta property=\"og:image:width\" content=\"310\" \/>\n\t<meta property=\"og:image:height\" content=\"310\" \/>\n\t<meta property=\"og:image:type\" content=\"image\/jpeg\" \/>\n<meta name=\"twitter:card\" content=\"summary_large_image\" \/>\n<meta name=\"twitter:label1\" content=\"Est. reading time\" \/>\n\t<meta name=\"twitter:data1\" content=\"1 minuto\" \/>\n<script type=\"application\/ld+json\" class=\"yoast-schema-graph\">{\"@context\":\"https:\/\/schema.org\",\"@graph\":[{\"@type\":\"WebPage\",\"@id\":\"https:\/\/www.iplay.com\/es\/games\/maggies-movies-camera-action-collectors-edition\/\",\"url\":\"https:\/\/www.iplay.com\/es\/games\/maggies-movies-camera-action-collectors-edition\/\",\"name\":\"Maggie's Movies: \u00a1C\u00e1mara, Acci\u00f3n! Collector's Edition - Un nuevo juego de gesti\u00f3n del tiempo sobre perseguir tus sue\u00f1os\",\"isPartOf\":{\"@id\":\"https:\/\/www.iplay.com\/en\/#website\"},\"primaryImageOfPage\":{\"@id\":\"https:\/\/www.iplay.com\/es\/games\/maggies-movies-camera-action-collectors-edition\/#primaryimage\"},\"image\":{\"@id\":\"https:\/\/www.iplay.com\/es\/games\/maggies-movies-camera-action-collectors-edition\/#primaryimage\"},\"thumbnailUrl\":\"https:\/\/www.iplay.com\/wp-content\/uploads\/2023\/12\/large_square_tile_image-3839.jpg\",\"datePublished\":\"2017-02-14T00:00:00+00:00\",\"description\":\"\u00a1Un nuevo juego de gesti\u00f3n del tiempo que fomenta la persecuci\u00f3n de sue\u00f1os!\",\"breadcrumb\":{\"@id\":\"https:\/\/www.iplay.com\/es\/games\/maggies-movies-camera-action-collectors-edition\/#breadcrumb\"},\"inLanguage\":\"es\",\"potentialAction\":[{\"@type\":\"ReadAction\",\"target\":[\"https:\/\/www.iplay.com\/es\/games\/maggies-movies-camera-action-collectors-edition\/\"]}]},{\"@type\":\"ImageObject\",\"inLanguage\":\"es\",\"@id\":\"https:\/\/www.iplay.com\/es\/games\/maggies-movies-camera-action-collectors-edition\/#primaryimage\",\"url\":\"https:\/\/www.iplay.com\/wp-content\/uploads\/2023\/12\/large_square_tile_image-3839.jpg\",\"contentUrl\":\"https:\/\/www.iplay.com\/wp-content\/uploads\/2023\/12\/large_square_tile_image-3839.jpg\",\"width\":310,\"height\":310},{\"@type\":\"BreadcrumbList\",\"@id\":\"https:\/\/www.iplay.com\/es\/games\/maggies-movies-camera-action-collectors-edition\/#breadcrumb\",\"itemListElement\":[{\"@type\":\"ListItem\",\"position\":1,\"name\":\"Home\",\"item\":\"https:\/\/www.iplay.com\/es\/home-page-2\/\"},{\"@type\":\"ListItem\",\"position\":2,\"name\":\"Shop\",\"item\":\"https:\/\/www.iplay.com\/en\/shop\/\"},{\"@type\":\"ListItem\",\"position\":3,\"name\":\"Maggie&#8217;s Movies: Camera, Action! Collector&#8217;s Edition\"}]},{\"@type\":\"WebSite\",\"@id\":\"https:\/\/www.iplay.com\/en\/#website\",\"url\":\"https:\/\/www.iplay.com\/en\/\",\"name\":\"IPlay\",\"description\":\"The Best Casual Games!\",\"publisher\":{\"@id\":\"https:\/\/www.iplay.com\/en\/#organization\"},\"potentialAction\":[{\"@type\":\"SearchAction\",\"target\":{\"@type\":\"EntryPoint\",\"urlTemplate\":\"https:\/\/www.iplay.com\/en\/?s={search_term_string}\"},\"query-input\":{\"@type\":\"PropertyValueSpecification\",\"valueRequired\":true,\"valueName\":\"search_term_string\"}}],\"inLanguage\":\"es\"},{\"@type\":\"Organization\",\"@id\":\"https:\/\/www.iplay.com\/en\/#organization\",\"name\":\"IPlay\",\"url\":\"https:\/\/www.iplay.com\/en\/\",\"logo\":{\"@type\":\"ImageObject\",\"inLanguage\":\"es\",\"@id\":\"https:\/\/www.iplay.com\/en\/#\/schema\/logo\/image\/\",\"url\":\"https:\/\/www.iplay.com\/wp-content\/uploads\/2023\/11\/Group-6100.svg\",\"contentUrl\":\"https:\/\/www.iplay.com\/wp-content\/uploads\/2023\/11\/Group-6100.svg\",\"width\":98,\"height\":25,\"caption\":\"IPlay\"},\"image\":{\"@id\":\"https:\/\/www.iplay.com\/en\/#\/schema\/logo\/image\/\"}}]}<\/script>\n<!-- \/ Yoast SEO Premium plugin. -->","yoast_head_json":{"title":"Maggie's Movies: \u00a1C\u00e1mara, Acci\u00f3n! Collector's Edition - Un nuevo juego de gesti\u00f3n del tiempo sobre perseguir tus sue\u00f1os","description":"\u00a1Un nuevo juego de gesti\u00f3n del tiempo que fomenta la persecuci\u00f3n de sue\u00f1os!","robots":{"index":"index","follow":"follow","max-snippet":"max-snippet:-1","max-image-preview":"max-image-preview:large","max-video-preview":"max-video-preview:-1"},"canonical":"https:\/\/www.iplay.com\/es\/games\/maggies-movies-camera-action-collectors-edition\/","og_locale":"es_ES","og_type":"article","og_title":"Maggie's Movies: Camera, Action! Collector's Edition","og_description":"\u00a1Un nuevo juego de gesti\u00f3n del tiempo que fomenta la persecuci\u00f3n de sue\u00f1os!","og_url":"https:\/\/www.iplay.com\/es\/games\/maggies-movies-camera-action-collectors-edition\/","og_site_name":"IPlay","og_image":[{"width":310,"height":310,"url":"https:\/\/www.iplay.com\/wp-content\/uploads\/2023\/12\/large_square_tile_image-3839.jpg","type":"image\/jpeg"}],"twitter_card":"summary_large_image","twitter_misc":{"Est. reading time":"1 minuto"},"schema":{"@context":"https:\/\/schema.org","@graph":[{"@type":"WebPage","@id":"https:\/\/www.iplay.com\/es\/games\/maggies-movies-camera-action-collectors-edition\/","url":"https:\/\/www.iplay.com\/es\/games\/maggies-movies-camera-action-collectors-edition\/","name":"Maggie's Movies: \u00a1C\u00e1mara, Acci\u00f3n! Collector's Edition - Un nuevo juego de gesti\u00f3n del tiempo sobre perseguir tus sue\u00f1os","isPartOf":{"@id":"https:\/\/www.iplay.com\/en\/#website"},"primaryImageOfPage":{"@id":"https:\/\/www.iplay.com\/es\/games\/maggies-movies-camera-action-collectors-edition\/#primaryimage"},"image":{"@id":"https:\/\/www.iplay.com\/es\/games\/maggies-movies-camera-action-collectors-edition\/#primaryimage"},"thumbnailUrl":"https:\/\/www.iplay.com\/wp-content\/uploads\/2023\/12\/large_square_tile_image-3839.jpg","datePublished":"2017-02-14T00:00:00+00:00","description":"\u00a1Un nuevo juego de gesti\u00f3n del tiempo que fomenta la persecuci\u00f3n de sue\u00f1os!","breadcrumb":{"@id":"https:\/\/www.iplay.com\/es\/games\/maggies-movies-camera-action-collectors-edition\/#breadcrumb"},"inLanguage":"es","potentialAction":[{"@type":"ReadAction","target":["https:\/\/www.iplay.com\/es\/games\/maggies-movies-camera-action-collectors-edition\/"]}]},{"@type":"ImageObject","inLanguage":"es","@id":"https:\/\/www.iplay.com\/es\/games\/maggies-movies-camera-action-collectors-edition\/#primaryimage","url":"https:\/\/www.iplay.com\/wp-content\/uploads\/2023\/12\/large_square_tile_image-3839.jpg","contentUrl":"https:\/\/www.iplay.com\/wp-content\/uploads\/2023\/12\/large_square_tile_image-3839.jpg","width":310,"height":310},{"@type":"BreadcrumbList","@id":"https:\/\/www.iplay.com\/es\/games\/maggies-movies-camera-action-collectors-edition\/#breadcrumb","itemListElement":[{"@type":"ListItem","position":1,"name":"Home","item":"https:\/\/www.iplay.com\/es\/home-page-2\/"},{"@type":"ListItem","position":2,"name":"Shop","item":"https:\/\/www.iplay.com\/en\/shop\/"},{"@type":"ListItem","position":3,"name":"Maggie&#8217;s Movies: Camera, Action! Collector&#8217;s Edition"}]},{"@type":"WebSite","@id":"https:\/\/www.iplay.com\/en\/#website","url":"https:\/\/www.iplay.com\/en\/","name":"IPlay","description":"The Best Casual Games!","publisher":{"@id":"https:\/\/www.iplay.com\/en\/#organization"},"potentialAction":[{"@type":"SearchAction","target":{"@type":"EntryPoint","urlTemplate":"https:\/\/www.iplay.com\/en\/?s={search_term_string}"},"query-input":{"@type":"PropertyValueSpecification","valueRequired":true,"valueName":"search_term_string"}}],"inLanguage":"es"},{"@type":"Organization","@id":"https:\/\/www.iplay.com\/en\/#organization","name":"IPlay","url":"https:\/\/www.iplay.com\/en\/","logo":{"@type":"ImageObject","inLanguage":"es","@id":"https:\/\/www.iplay.com\/en\/#\/schema\/logo\/image\/","url":"https:\/\/www.iplay.com\/wp-content\/uploads\/2023\/11\/Group-6100.svg","contentUrl":"https:\/\/www.iplay.com\/wp-content\/uploads\/2023\/11\/Group-6100.svg","width":98,"height":25,"caption":"IPlay"},"image":{"@id":"https:\/\/www.iplay.com\/en\/#\/schema\/logo\/image\/"}}]}},"_links":{"self":[{"href":"https:\/\/www.iplay.com\/es\/wp-json\/wp\/v2\/product\/135911","targetHints":{"allow":["GET"]}}],"collection":[{"href":"https:\/\/www.iplay.com\/es\/wp-json\/wp\/v2\/product"}],"about":[{"href":"https:\/\/www.iplay.com\/es\/wp-json\/wp\/v2\/types\/product"}],"author":[{"embeddable":true,"href":"https:\/\/www.iplay.com\/es\/wp-json\/wp\/v2\/users\/4"}],"replies":[{"embeddable":true,"href":"https:\/\/www.iplay.com\/es\/wp-json\/wp\/v2\/comments?post=135911"}],"wp:featuredmedia":[{"embeddable":true,"href":"https:\/\/www.iplay.com\/es\/wp-json\/wp\/v2\/media\/101269"}],"wp:attachment":[{"href":"https:\/\/www.iplay.com\/es\/wp-json\/wp\/v2\/media?parent=135911"}],"wp:term":[{"taxonomy":"product_brand","embeddable":true,"href":"https:\/\/www.iplay.com\/es\/wp-json\/wp\/v2\/product_brand?post=135911"},{"taxonomy":"product_cat","embeddable":true,"href":"https:\/\/www.iplay.com\/es\/wp-json\/wp\/v2\/product_cat?post=135911"},{"taxonomy":"product_tag","embeddable":true,"href":"https:\/\/www.iplay.com\/es\/wp-json\/wp\/v2\/product_tag?post=135911"}],"curies":[{"name":"wp","href":"https:\/\/api.w.org\/{rel}","templated":true}]}}