{"id":135848,"date":"2017-09-13T00:00:01","date_gmt":"2017-09-13T00:00:01","guid":{"rendered":"https:\/\/www.iplay.com\/games\/rose-riddle-the-fairy-tale-detective-collectors-edition\/"},"modified":"2017-09-13T00:00:01","modified_gmt":"2017-09-13T00:00:01","slug":"rose-riddle-the-fairy-tale-detective-collectors-edition","status":"publish","type":"product","link":"https:\/\/www.iplay.com\/es\/games\/rose-riddle-the-fairy-tale-detective-collectors-edition\/","title":{"rendered":"Rose Riddle: The Fairy Tale Detective Collector&#8217;s Edition"},"content":{"rendered":"<p>\u00a1Salva dos mundos en Revived Legends: Road of the Kings! Lo que iba a ser un d\u00eda normal se transforma en algo espectacular al adentrarse en un extra\u00f1o banco de niebla. Descubres que la niebla est\u00e1 mezclando progresivamente una dimensi\u00f3n sobrenatural con nuestro universo. \u00a1Eres el \u00fanico que puede salvar a los dos mundos de la aniquilaci\u00f3n inminente! Ahora tienes que embarcarte en una misi\u00f3n a lo largo del legendario Camino de los Reyes para enfrentarte al villano y su terrible nube. \u00a1Descubre lugares encantados, interact\u00faa con criaturas fascinantes y resuelve acertijos dif\u00edciles en esta encantadora aventura de objetos ocultos para convertirte en el h\u00e9roe de dos mundos!     <\/p>\n<p>&nbsp;<\/p>\n<p>&nbsp;<\/p>\n<p><strong>Funciones:<\/strong><\/p>\n<p>&nbsp;<\/p>\n<p>&#8211; \u00a1Una aventura extra en la que debes evitar que el pasado se derrumbe!<br \/>\n&#8211; Minijuegos jugables;-Arte conceptual m\u00e1gico, fondos de pantalla y protectores<br \/>\n de pantalla- Una gu\u00eda de estrategia accesible<\/p>\n","protected":false},"excerpt":{"rendered":"<p>\u00a1Emb\u00e1rcate en un incre\u00edble y loco viaje por carretera!<\/p>\n","protected":false},"author":8,"featured_media":98997,"comment_status":"open","ping_status":"closed","template":"","meta":{"_acf_changed":false,"inline_featured_image":false},"product_brand":[],"product_cat":[212],"product_tag":[288],"class_list":{"0":"post-135848","1":"product","2":"type-product","3":"status-publish","4":"has-post-thumbnail","6":"product_cat-time-management-es","7":"product_tag-play-on-pc-es","9":"first","10":"instock","11":"shipping-taxable","12":"purchasable","13":"product-type-simple"},"acf":[],"yoast_head":"<!-- This site is optimized with the Yoast SEO Premium plugin v25.2 (Yoast SEO v25.2) - https:\/\/yoast.com\/wordpress\/plugins\/seo\/ -->\n<title>Rose Riddle: The Fairy Tale Detective Collector&#039;s Edition - Emb\u00e1rcate en un viaje por carretera salvaje y encantador<\/title>\n<meta name=\"description\" content=\"\u00a1Emb\u00e1rcate en un incre\u00edble y loco viaje por carretera!\" \/>\n<meta name=\"robots\" content=\"index, follow, max-snippet:-1, max-image-preview:large, max-video-preview:-1\" \/>\n<link rel=\"canonical\" href=\"https:\/\/www.iplay.com\/es\/games\/rose-riddle-the-fairy-tale-detective-collectors-edition\/\" \/>\n<meta property=\"og:locale\" content=\"es_ES\" \/>\n<meta property=\"og:type\" content=\"article\" \/>\n<meta property=\"og:title\" content=\"Rose Riddle: The Fairy Tale Detective Collector&#039;s Edition\" \/>\n<meta property=\"og:description\" content=\"\u00a1Emb\u00e1rcate en un incre\u00edble y loco viaje por carretera!\" \/>\n<meta property=\"og:url\" content=\"https:\/\/www.iplay.com\/es\/games\/rose-riddle-the-fairy-tale-detective-collectors-edition\/\" \/>\n<meta property=\"og:site_name\" content=\"IPlay\" \/>\n<meta property=\"og:image\" content=\"https:\/\/www.iplay.com\/wp-content\/uploads\/2023\/12\/large_square_tile_image-3693.jpg\" \/>\n\t<meta property=\"og:image:width\" content=\"310\" \/>\n\t<meta property=\"og:image:height\" content=\"310\" \/>\n\t<meta property=\"og:image:type\" content=\"image\/jpeg\" \/>\n<meta name=\"twitter:card\" content=\"summary_large_image\" \/>\n<meta name=\"twitter:label1\" content=\"Est. reading time\" \/>\n\t<meta name=\"twitter:data1\" content=\"1 minuto\" \/>\n<script type=\"application\/ld+json\" class=\"yoast-schema-graph\">{\"@context\":\"https:\/\/schema.org\",\"@graph\":[{\"@type\":\"WebPage\",\"@id\":\"https:\/\/www.iplay.com\/es\/games\/rose-riddle-the-fairy-tale-detective-collectors-edition\/\",\"url\":\"https:\/\/www.iplay.com\/es\/games\/rose-riddle-the-fairy-tale-detective-collectors-edition\/\",\"name\":\"Rose Riddle: The Fairy Tale Detective Collector's Edition - Emb\u00e1rcate en un viaje por carretera salvaje y encantador\",\"isPartOf\":{\"@id\":\"https:\/\/www.iplay.com\/en\/#website\"},\"primaryImageOfPage\":{\"@id\":\"https:\/\/www.iplay.com\/es\/games\/rose-riddle-the-fairy-tale-detective-collectors-edition\/#primaryimage\"},\"image\":{\"@id\":\"https:\/\/www.iplay.com\/es\/games\/rose-riddle-the-fairy-tale-detective-collectors-edition\/#primaryimage\"},\"thumbnailUrl\":\"https:\/\/www.iplay.com\/wp-content\/uploads\/2023\/12\/large_square_tile_image-3693.jpg\",\"datePublished\":\"2017-09-13T00:00:01+00:00\",\"description\":\"\u00a1Emb\u00e1rcate en un incre\u00edble y loco viaje por carretera!\",\"breadcrumb\":{\"@id\":\"https:\/\/www.iplay.com\/es\/games\/rose-riddle-the-fairy-tale-detective-collectors-edition\/#breadcrumb\"},\"inLanguage\":\"es\",\"potentialAction\":[{\"@type\":\"ReadAction\",\"target\":[\"https:\/\/www.iplay.com\/es\/games\/rose-riddle-the-fairy-tale-detective-collectors-edition\/\"]}]},{\"@type\":\"ImageObject\",\"inLanguage\":\"es\",\"@id\":\"https:\/\/www.iplay.com\/es\/games\/rose-riddle-the-fairy-tale-detective-collectors-edition\/#primaryimage\",\"url\":\"https:\/\/www.iplay.com\/wp-content\/uploads\/2023\/12\/large_square_tile_image-3693.jpg\",\"contentUrl\":\"https:\/\/www.iplay.com\/wp-content\/uploads\/2023\/12\/large_square_tile_image-3693.jpg\",\"width\":310,\"height\":310},{\"@type\":\"BreadcrumbList\",\"@id\":\"https:\/\/www.iplay.com\/es\/games\/rose-riddle-the-fairy-tale-detective-collectors-edition\/#breadcrumb\",\"itemListElement\":[{\"@type\":\"ListItem\",\"position\":1,\"name\":\"Home\",\"item\":\"https:\/\/www.iplay.com\/es\/home-page-2\/\"},{\"@type\":\"ListItem\",\"position\":2,\"name\":\"Shop\",\"item\":\"https:\/\/www.iplay.com\/en\/shop\/\"},{\"@type\":\"ListItem\",\"position\":3,\"name\":\"Rose Riddle: The Fairy Tale Detective Collector&#8217;s Edition\"}]},{\"@type\":\"WebSite\",\"@id\":\"https:\/\/www.iplay.com\/en\/#website\",\"url\":\"https:\/\/www.iplay.com\/en\/\",\"name\":\"IPlay\",\"description\":\"The Best Casual Games!\",\"publisher\":{\"@id\":\"https:\/\/www.iplay.com\/en\/#organization\"},\"potentialAction\":[{\"@type\":\"SearchAction\",\"target\":{\"@type\":\"EntryPoint\",\"urlTemplate\":\"https:\/\/www.iplay.com\/en\/?s={search_term_string}\"},\"query-input\":{\"@type\":\"PropertyValueSpecification\",\"valueRequired\":true,\"valueName\":\"search_term_string\"}}],\"inLanguage\":\"es\"},{\"@type\":\"Organization\",\"@id\":\"https:\/\/www.iplay.com\/en\/#organization\",\"name\":\"IPlay\",\"url\":\"https:\/\/www.iplay.com\/en\/\",\"logo\":{\"@type\":\"ImageObject\",\"inLanguage\":\"es\",\"@id\":\"https:\/\/www.iplay.com\/en\/#\/schema\/logo\/image\/\",\"url\":\"https:\/\/www.iplay.com\/wp-content\/uploads\/2023\/11\/Group-6100.svg\",\"contentUrl\":\"https:\/\/www.iplay.com\/wp-content\/uploads\/2023\/11\/Group-6100.svg\",\"width\":98,\"height\":25,\"caption\":\"IPlay\"},\"image\":{\"@id\":\"https:\/\/www.iplay.com\/en\/#\/schema\/logo\/image\/\"}}]}<\/script>\n<!-- \/ Yoast SEO Premium plugin. -->","yoast_head_json":{"title":"Rose Riddle: The Fairy Tale Detective Collector's Edition - Emb\u00e1rcate en un viaje por carretera salvaje y encantador","description":"\u00a1Emb\u00e1rcate en un incre\u00edble y loco viaje por carretera!","robots":{"index":"index","follow":"follow","max-snippet":"max-snippet:-1","max-image-preview":"max-image-preview:large","max-video-preview":"max-video-preview:-1"},"canonical":"https:\/\/www.iplay.com\/es\/games\/rose-riddle-the-fairy-tale-detective-collectors-edition\/","og_locale":"es_ES","og_type":"article","og_title":"Rose Riddle: The Fairy Tale Detective Collector's Edition","og_description":"\u00a1Emb\u00e1rcate en un incre\u00edble y loco viaje por carretera!","og_url":"https:\/\/www.iplay.com\/es\/games\/rose-riddle-the-fairy-tale-detective-collectors-edition\/","og_site_name":"IPlay","og_image":[{"width":310,"height":310,"url":"https:\/\/www.iplay.com\/wp-content\/uploads\/2023\/12\/large_square_tile_image-3693.jpg","type":"image\/jpeg"}],"twitter_card":"summary_large_image","twitter_misc":{"Est. reading time":"1 minuto"},"schema":{"@context":"https:\/\/schema.org","@graph":[{"@type":"WebPage","@id":"https:\/\/www.iplay.com\/es\/games\/rose-riddle-the-fairy-tale-detective-collectors-edition\/","url":"https:\/\/www.iplay.com\/es\/games\/rose-riddle-the-fairy-tale-detective-collectors-edition\/","name":"Rose Riddle: The Fairy Tale Detective Collector's Edition - Emb\u00e1rcate en un viaje por carretera salvaje y encantador","isPartOf":{"@id":"https:\/\/www.iplay.com\/en\/#website"},"primaryImageOfPage":{"@id":"https:\/\/www.iplay.com\/es\/games\/rose-riddle-the-fairy-tale-detective-collectors-edition\/#primaryimage"},"image":{"@id":"https:\/\/www.iplay.com\/es\/games\/rose-riddle-the-fairy-tale-detective-collectors-edition\/#primaryimage"},"thumbnailUrl":"https:\/\/www.iplay.com\/wp-content\/uploads\/2023\/12\/large_square_tile_image-3693.jpg","datePublished":"2017-09-13T00:00:01+00:00","description":"\u00a1Emb\u00e1rcate en un incre\u00edble y loco viaje por carretera!","breadcrumb":{"@id":"https:\/\/www.iplay.com\/es\/games\/rose-riddle-the-fairy-tale-detective-collectors-edition\/#breadcrumb"},"inLanguage":"es","potentialAction":[{"@type":"ReadAction","target":["https:\/\/www.iplay.com\/es\/games\/rose-riddle-the-fairy-tale-detective-collectors-edition\/"]}]},{"@type":"ImageObject","inLanguage":"es","@id":"https:\/\/www.iplay.com\/es\/games\/rose-riddle-the-fairy-tale-detective-collectors-edition\/#primaryimage","url":"https:\/\/www.iplay.com\/wp-content\/uploads\/2023\/12\/large_square_tile_image-3693.jpg","contentUrl":"https:\/\/www.iplay.com\/wp-content\/uploads\/2023\/12\/large_square_tile_image-3693.jpg","width":310,"height":310},{"@type":"BreadcrumbList","@id":"https:\/\/www.iplay.com\/es\/games\/rose-riddle-the-fairy-tale-detective-collectors-edition\/#breadcrumb","itemListElement":[{"@type":"ListItem","position":1,"name":"Home","item":"https:\/\/www.iplay.com\/es\/home-page-2\/"},{"@type":"ListItem","position":2,"name":"Shop","item":"https:\/\/www.iplay.com\/en\/shop\/"},{"@type":"ListItem","position":3,"name":"Rose Riddle: The Fairy Tale Detective Collector&#8217;s Edition"}]},{"@type":"WebSite","@id":"https:\/\/www.iplay.com\/en\/#website","url":"https:\/\/www.iplay.com\/en\/","name":"IPlay","description":"The Best Casual Games!","publisher":{"@id":"https:\/\/www.iplay.com\/en\/#organization"},"potentialAction":[{"@type":"SearchAction","target":{"@type":"EntryPoint","urlTemplate":"https:\/\/www.iplay.com\/en\/?s={search_term_string}"},"query-input":{"@type":"PropertyValueSpecification","valueRequired":true,"valueName":"search_term_string"}}],"inLanguage":"es"},{"@type":"Organization","@id":"https:\/\/www.iplay.com\/en\/#organization","name":"IPlay","url":"https:\/\/www.iplay.com\/en\/","logo":{"@type":"ImageObject","inLanguage":"es","@id":"https:\/\/www.iplay.com\/en\/#\/schema\/logo\/image\/","url":"https:\/\/www.iplay.com\/wp-content\/uploads\/2023\/11\/Group-6100.svg","contentUrl":"https:\/\/www.iplay.com\/wp-content\/uploads\/2023\/11\/Group-6100.svg","width":98,"height":25,"caption":"IPlay"},"image":{"@id":"https:\/\/www.iplay.com\/en\/#\/schema\/logo\/image\/"}}]}},"_links":{"self":[{"href":"https:\/\/www.iplay.com\/es\/wp-json\/wp\/v2\/product\/135848","targetHints":{"allow":["GET"]}}],"collection":[{"href":"https:\/\/www.iplay.com\/es\/wp-json\/wp\/v2\/product"}],"about":[{"href":"https:\/\/www.iplay.com\/es\/wp-json\/wp\/v2\/types\/product"}],"author":[{"embeddable":true,"href":"https:\/\/www.iplay.com\/es\/wp-json\/wp\/v2\/users\/8"}],"replies":[{"embeddable":true,"href":"https:\/\/www.iplay.com\/es\/wp-json\/wp\/v2\/comments?post=135848"}],"wp:featuredmedia":[{"embeddable":true,"href":"https:\/\/www.iplay.com\/es\/wp-json\/wp\/v2\/media\/98997"}],"wp:attachment":[{"href":"https:\/\/www.iplay.com\/es\/wp-json\/wp\/v2\/media?parent=135848"}],"wp:term":[{"taxonomy":"product_brand","embeddable":true,"href":"https:\/\/www.iplay.com\/es\/wp-json\/wp\/v2\/product_brand?post=135848"},{"taxonomy":"product_cat","embeddable":true,"href":"https:\/\/www.iplay.com\/es\/wp-json\/wp\/v2\/product_cat?post=135848"},{"taxonomy":"product_tag","embeddable":true,"href":"https:\/\/www.iplay.com\/es\/wp-json\/wp\/v2\/product_tag?post=135848"}],"curies":[{"name":"wp","href":"https:\/\/api.w.org\/{rel}","templated":true}]}}