{"id":135803,"date":"2018-02-17T00:00:00","date_gmt":"2018-02-17T00:00:00","guid":{"rendered":"https:\/\/www.iplay.com\/games\/the-witchs-apprentice-a-magical-mishap-ce\/"},"modified":"2018-02-17T00:00:00","modified_gmt":"2018-02-17T00:00:00","slug":"the-witchs-apprentice-a-magical-mishap-ce","status":"publish","type":"product","link":"https:\/\/www.iplay.com\/es\/games\/the-witchs-apprentice-a-magical-mishap-ce\/","title":{"rendered":"The Witch&#8217;s Apprentice: A Magical Mishap CE"},"content":{"rendered":"<p>\u00a1No es posible! Grimelda, la joven bruja, estaba a punto de te\u00f1irse el pelo cuando una peque\u00f1a gota de tinte cay\u00f3 accidentalmente en el caldero m\u00e1gico de su t\u00eda y&#8230; \u00a1GOLPE! \u00a1Despu\u00e9s de una gran explosi\u00f3n, el bosque est\u00e1 cubierto de una sustancia sucia y pegajosa! \u00a1Grimelda necesita terminar de ordenar las cosas antes de que regrese su t\u00eda! \u00bfAyudar\u00edas a Grimelda a poner fin a la confusi\u00f3n en este l\u00edo de gesti\u00f3n de clics?     <\/p>\n<p>&nbsp;<\/p>\n<p>&nbsp;<\/p>\n<p><strong>Funciones:<\/strong><\/p>\n<p>&nbsp;<\/p>\n<p>&#8211; \u00danete a Grimelda en un emocionante viaje<\/p>\n<p>&#8211; Domina innumerables tareas de gesti\u00f3n de clics con la estrategia correcta<\/p>\n<p>&#8211; Elige tu nivel de dificultad ideal<\/p>\n<p>&#8211; \u00a1Prep\u00e1rate para 40 niveles repletos de acci\u00f3n de gesti\u00f3n de clics!<\/p>\n","protected":false},"excerpt":{"rendered":"<p>\u00a1Ayuda a Grimelda a escapar de un l\u00edo m\u00e1gico!<\/p>\n","protected":false},"author":205,"featured_media":87858,"comment_status":"open","ping_status":"closed","template":"","meta":{"_acf_changed":false,"inline_featured_image":false},"product_brand":[],"product_cat":[199,212],"product_tag":[288],"class_list":{"0":"post-135803","1":"product","2":"type-product","3":"status-publish","4":"has-post-thumbnail","6":"product_cat-removed-content-es","7":"product_cat-time-management-es","8":"product_tag-play-on-pc-es","10":"first","11":"instock","12":"shipping-taxable","13":"purchasable","14":"product-type-simple"},"acf":[],"yoast_head":"<!-- This site is optimized with the Yoast SEO Premium plugin v25.2 (Yoast SEO v25.2) - https:\/\/yoast.com\/wordpress\/plugins\/seo\/ -->\n<title>The Witch&#039;s Apprentice: A Magical Mishap CE - Ayuda a Grimelda a escapar de un aprieto m\u00e1gico<\/title>\n<meta name=\"description\" content=\"\u00a1Ayuda a Grimelda a escapar de un l\u00edo m\u00e1gico!\" \/>\n<meta name=\"robots\" content=\"index, follow, max-snippet:-1, max-image-preview:large, max-video-preview:-1\" \/>\n<link rel=\"canonical\" href=\"https:\/\/www.iplay.com\/es\/games\/the-witchs-apprentice-a-magical-mishap-ce\/\" \/>\n<meta property=\"og:locale\" content=\"es_ES\" \/>\n<meta property=\"og:type\" content=\"article\" \/>\n<meta property=\"og:title\" content=\"The Witch&#039;s Apprentice: A Magical Mishap CE\" \/>\n<meta property=\"og:description\" content=\"\u00a1Ayuda a Grimelda a escapar de un l\u00edo m\u00e1gico!\" \/>\n<meta property=\"og:url\" content=\"https:\/\/www.iplay.com\/es\/games\/the-witchs-apprentice-a-magical-mishap-ce\/\" \/>\n<meta property=\"og:site_name\" content=\"IPlay\" \/>\n<meta property=\"og:image\" content=\"https:\/\/www.iplay.com\/wp-content\/uploads\/2023\/12\/large_square_tile_image-3003.jpg\" \/>\n\t<meta property=\"og:image:width\" content=\"310\" \/>\n\t<meta property=\"og:image:height\" content=\"310\" \/>\n\t<meta property=\"og:image:type\" content=\"image\/jpeg\" \/>\n<meta name=\"twitter:card\" content=\"summary_large_image\" \/>\n<meta name=\"twitter:label1\" content=\"Est. reading time\" \/>\n\t<meta name=\"twitter:data1\" content=\"1 minuto\" \/>\n<script type=\"application\/ld+json\" class=\"yoast-schema-graph\">{\"@context\":\"https:\/\/schema.org\",\"@graph\":[{\"@type\":\"WebPage\",\"@id\":\"https:\/\/www.iplay.com\/es\/games\/the-witchs-apprentice-a-magical-mishap-ce\/\",\"url\":\"https:\/\/www.iplay.com\/es\/games\/the-witchs-apprentice-a-magical-mishap-ce\/\",\"name\":\"The Witch's Apprentice: A Magical Mishap CE - Ayuda a Grimelda a escapar de un aprieto m\u00e1gico\",\"isPartOf\":{\"@id\":\"https:\/\/www.iplay.com\/en\/#website\"},\"primaryImageOfPage\":{\"@id\":\"https:\/\/www.iplay.com\/es\/games\/the-witchs-apprentice-a-magical-mishap-ce\/#primaryimage\"},\"image\":{\"@id\":\"https:\/\/www.iplay.com\/es\/games\/the-witchs-apprentice-a-magical-mishap-ce\/#primaryimage\"},\"thumbnailUrl\":\"https:\/\/www.iplay.com\/wp-content\/uploads\/2023\/12\/large_square_tile_image-3003.jpg\",\"datePublished\":\"2018-02-17T00:00:00+00:00\",\"description\":\"\u00a1Ayuda a Grimelda a escapar de un l\u00edo m\u00e1gico!\",\"breadcrumb\":{\"@id\":\"https:\/\/www.iplay.com\/es\/games\/the-witchs-apprentice-a-magical-mishap-ce\/#breadcrumb\"},\"inLanguage\":\"es\",\"potentialAction\":[{\"@type\":\"ReadAction\",\"target\":[\"https:\/\/www.iplay.com\/es\/games\/the-witchs-apprentice-a-magical-mishap-ce\/\"]}]},{\"@type\":\"ImageObject\",\"inLanguage\":\"es\",\"@id\":\"https:\/\/www.iplay.com\/es\/games\/the-witchs-apprentice-a-magical-mishap-ce\/#primaryimage\",\"url\":\"https:\/\/www.iplay.com\/wp-content\/uploads\/2023\/12\/large_square_tile_image-3003.jpg\",\"contentUrl\":\"https:\/\/www.iplay.com\/wp-content\/uploads\/2023\/12\/large_square_tile_image-3003.jpg\",\"width\":310,\"height\":310},{\"@type\":\"BreadcrumbList\",\"@id\":\"https:\/\/www.iplay.com\/es\/games\/the-witchs-apprentice-a-magical-mishap-ce\/#breadcrumb\",\"itemListElement\":[{\"@type\":\"ListItem\",\"position\":1,\"name\":\"Home\",\"item\":\"https:\/\/www.iplay.com\/es\/home-page-2\/\"},{\"@type\":\"ListItem\",\"position\":2,\"name\":\"Shop\",\"item\":\"https:\/\/www.iplay.com\/en\/shop\/\"},{\"@type\":\"ListItem\",\"position\":3,\"name\":\"The Witch&#8217;s Apprentice: A Magical Mishap CE\"}]},{\"@type\":\"WebSite\",\"@id\":\"https:\/\/www.iplay.com\/en\/#website\",\"url\":\"https:\/\/www.iplay.com\/en\/\",\"name\":\"IPlay\",\"description\":\"The Best Casual Games!\",\"publisher\":{\"@id\":\"https:\/\/www.iplay.com\/en\/#organization\"},\"potentialAction\":[{\"@type\":\"SearchAction\",\"target\":{\"@type\":\"EntryPoint\",\"urlTemplate\":\"https:\/\/www.iplay.com\/en\/?s={search_term_string}\"},\"query-input\":{\"@type\":\"PropertyValueSpecification\",\"valueRequired\":true,\"valueName\":\"search_term_string\"}}],\"inLanguage\":\"es\"},{\"@type\":\"Organization\",\"@id\":\"https:\/\/www.iplay.com\/en\/#organization\",\"name\":\"IPlay\",\"url\":\"https:\/\/www.iplay.com\/en\/\",\"logo\":{\"@type\":\"ImageObject\",\"inLanguage\":\"es\",\"@id\":\"https:\/\/www.iplay.com\/en\/#\/schema\/logo\/image\/\",\"url\":\"https:\/\/www.iplay.com\/wp-content\/uploads\/2023\/11\/Group-6100.svg\",\"contentUrl\":\"https:\/\/www.iplay.com\/wp-content\/uploads\/2023\/11\/Group-6100.svg\",\"width\":98,\"height\":25,\"caption\":\"IPlay\"},\"image\":{\"@id\":\"https:\/\/www.iplay.com\/en\/#\/schema\/logo\/image\/\"}}]}<\/script>\n<!-- \/ Yoast SEO Premium plugin. -->","yoast_head_json":{"title":"The Witch's Apprentice: A Magical Mishap CE - Ayuda a Grimelda a escapar de un aprieto m\u00e1gico","description":"\u00a1Ayuda a Grimelda a escapar de un l\u00edo m\u00e1gico!","robots":{"index":"index","follow":"follow","max-snippet":"max-snippet:-1","max-image-preview":"max-image-preview:large","max-video-preview":"max-video-preview:-1"},"canonical":"https:\/\/www.iplay.com\/es\/games\/the-witchs-apprentice-a-magical-mishap-ce\/","og_locale":"es_ES","og_type":"article","og_title":"The Witch's Apprentice: A Magical Mishap CE","og_description":"\u00a1Ayuda a Grimelda a escapar de un l\u00edo m\u00e1gico!","og_url":"https:\/\/www.iplay.com\/es\/games\/the-witchs-apprentice-a-magical-mishap-ce\/","og_site_name":"IPlay","og_image":[{"width":310,"height":310,"url":"https:\/\/www.iplay.com\/wp-content\/uploads\/2023\/12\/large_square_tile_image-3003.jpg","type":"image\/jpeg"}],"twitter_card":"summary_large_image","twitter_misc":{"Est. reading time":"1 minuto"},"schema":{"@context":"https:\/\/schema.org","@graph":[{"@type":"WebPage","@id":"https:\/\/www.iplay.com\/es\/games\/the-witchs-apprentice-a-magical-mishap-ce\/","url":"https:\/\/www.iplay.com\/es\/games\/the-witchs-apprentice-a-magical-mishap-ce\/","name":"The Witch's Apprentice: A Magical Mishap CE - Ayuda a Grimelda a escapar de un aprieto m\u00e1gico","isPartOf":{"@id":"https:\/\/www.iplay.com\/en\/#website"},"primaryImageOfPage":{"@id":"https:\/\/www.iplay.com\/es\/games\/the-witchs-apprentice-a-magical-mishap-ce\/#primaryimage"},"image":{"@id":"https:\/\/www.iplay.com\/es\/games\/the-witchs-apprentice-a-magical-mishap-ce\/#primaryimage"},"thumbnailUrl":"https:\/\/www.iplay.com\/wp-content\/uploads\/2023\/12\/large_square_tile_image-3003.jpg","datePublished":"2018-02-17T00:00:00+00:00","description":"\u00a1Ayuda a Grimelda a escapar de un l\u00edo m\u00e1gico!","breadcrumb":{"@id":"https:\/\/www.iplay.com\/es\/games\/the-witchs-apprentice-a-magical-mishap-ce\/#breadcrumb"},"inLanguage":"es","potentialAction":[{"@type":"ReadAction","target":["https:\/\/www.iplay.com\/es\/games\/the-witchs-apprentice-a-magical-mishap-ce\/"]}]},{"@type":"ImageObject","inLanguage":"es","@id":"https:\/\/www.iplay.com\/es\/games\/the-witchs-apprentice-a-magical-mishap-ce\/#primaryimage","url":"https:\/\/www.iplay.com\/wp-content\/uploads\/2023\/12\/large_square_tile_image-3003.jpg","contentUrl":"https:\/\/www.iplay.com\/wp-content\/uploads\/2023\/12\/large_square_tile_image-3003.jpg","width":310,"height":310},{"@type":"BreadcrumbList","@id":"https:\/\/www.iplay.com\/es\/games\/the-witchs-apprentice-a-magical-mishap-ce\/#breadcrumb","itemListElement":[{"@type":"ListItem","position":1,"name":"Home","item":"https:\/\/www.iplay.com\/es\/home-page-2\/"},{"@type":"ListItem","position":2,"name":"Shop","item":"https:\/\/www.iplay.com\/en\/shop\/"},{"@type":"ListItem","position":3,"name":"The Witch&#8217;s Apprentice: A Magical Mishap CE"}]},{"@type":"WebSite","@id":"https:\/\/www.iplay.com\/en\/#website","url":"https:\/\/www.iplay.com\/en\/","name":"IPlay","description":"The Best Casual Games!","publisher":{"@id":"https:\/\/www.iplay.com\/en\/#organization"},"potentialAction":[{"@type":"SearchAction","target":{"@type":"EntryPoint","urlTemplate":"https:\/\/www.iplay.com\/en\/?s={search_term_string}"},"query-input":{"@type":"PropertyValueSpecification","valueRequired":true,"valueName":"search_term_string"}}],"inLanguage":"es"},{"@type":"Organization","@id":"https:\/\/www.iplay.com\/en\/#organization","name":"IPlay","url":"https:\/\/www.iplay.com\/en\/","logo":{"@type":"ImageObject","inLanguage":"es","@id":"https:\/\/www.iplay.com\/en\/#\/schema\/logo\/image\/","url":"https:\/\/www.iplay.com\/wp-content\/uploads\/2023\/11\/Group-6100.svg","contentUrl":"https:\/\/www.iplay.com\/wp-content\/uploads\/2023\/11\/Group-6100.svg","width":98,"height":25,"caption":"IPlay"},"image":{"@id":"https:\/\/www.iplay.com\/en\/#\/schema\/logo\/image\/"}}]}},"_links":{"self":[{"href":"https:\/\/www.iplay.com\/es\/wp-json\/wp\/v2\/product\/135803","targetHints":{"allow":["GET"]}}],"collection":[{"href":"https:\/\/www.iplay.com\/es\/wp-json\/wp\/v2\/product"}],"about":[{"href":"https:\/\/www.iplay.com\/es\/wp-json\/wp\/v2\/types\/product"}],"author":[{"embeddable":true,"href":"https:\/\/www.iplay.com\/es\/wp-json\/wp\/v2\/users\/205"}],"replies":[{"embeddable":true,"href":"https:\/\/www.iplay.com\/es\/wp-json\/wp\/v2\/comments?post=135803"}],"wp:featuredmedia":[{"embeddable":true,"href":"https:\/\/www.iplay.com\/es\/wp-json\/wp\/v2\/media\/87858"}],"wp:attachment":[{"href":"https:\/\/www.iplay.com\/es\/wp-json\/wp\/v2\/media?parent=135803"}],"wp:term":[{"taxonomy":"product_brand","embeddable":true,"href":"https:\/\/www.iplay.com\/es\/wp-json\/wp\/v2\/product_brand?post=135803"},{"taxonomy":"product_cat","embeddable":true,"href":"https:\/\/www.iplay.com\/es\/wp-json\/wp\/v2\/product_cat?post=135803"},{"taxonomy":"product_tag","embeddable":true,"href":"https:\/\/www.iplay.com\/es\/wp-json\/wp\/v2\/product_tag?post=135803"}],"curies":[{"name":"wp","href":"https:\/\/api.w.org\/{rel}","templated":true}]}}