{"id":135718,"date":"2018-08-23T00:00:02","date_gmt":"2018-08-23T00:00:02","guid":{"rendered":"https:\/\/www.iplay.com\/games\/ambers-airlines-high-hopes\/"},"modified":"2018-08-23T00:00:02","modified_gmt":"2018-08-23T00:00:02","slug":"ambers-airlines-high-hopes","status":"publish","type":"product","link":"https:\/\/www.iplay.com\/es\/games\/ambers-airlines-high-hopes\/","title":{"rendered":"Amber&#8217;s Airlines &#8211; High Hopes"},"content":{"rendered":"<p>Los creadores de Delicious, Fabulous y Heart&#8217;s Medicine presentan una experiencia de gesti\u00f3n del tiempo completamente nueva que har\u00e1 que tu coraz\u00f3n se dispare. Conoce a Amber Hope, una aspirante a azafata de Snuggford Airlines. Amber ha querido ir a lugares ex\u00f3ticos de todo el mundo desde que era una ni\u00f1a. Pero primero, debe aprobar sus ex\u00e1menes para unirse a la tripulaci\u00f3n de \u00e9lite de azafatas. Eso no ser\u00e1 sencillo, y ella necesitar\u00e1 tu ayuda. La vida de Amber parece ser id\u00edlica. Sushi, su pez mascota, comparte su residencia. Disfruta de su trabajo y espera alg\u00fan d\u00eda estar en un avi\u00f3n como azafata de cabina de pleno derecho atendiendo a los pasajeros. Las opciones son ilimitadas: como dicen, el cielo es el l\u00edmite. Sin embargo, las apariencias enga\u00f1an. Todo est\u00e1 nublado por lo que le sucedi\u00f3 cuando era ni\u00f1a, y no puede escapar de su pasado. Su verg\u00fcenza y preocupaci\u00f3n persistentes le impiden lograr lo que est\u00e1 haciendo. Amber se ve obligada a enfrentarse a sus miedos despu\u00e9s de que su avi\u00f3n se estrella. Amber tendr\u00e1 que ayudarse a s\u00ed misma antes de poder ayudar a los dem\u00e1s, como has escuchado muchas veces durante las demostraciones de seguridad. \u00bfEst\u00e1 a la altura del reto? Comparte los altibajos de la vida de Amber. \u00a1Est\u00e9 ah\u00ed para ella y ay\u00fadela a alcanzar nuevas alturas!                <\/p>\n<p>&nbsp;<\/p>\n<p>&nbsp;<\/p>\n<p><strong>Funciones:<\/strong><\/p>\n<p>&nbsp;<\/p>\n<ul>\n<li>D\u00e9jate transportar por una maravillosa historia de amor y p\u00e9rdida<\/li>\n<li>Vuela a trav\u00e9s de 60 niveles tem\u00e1ticos de viajes y 30 niveles desafiantes adicionales<\/li>\n<li>Explora el mundo y echa un vistazo entre bastidores a la vida en el aeropuerto con 6 ubicaciones \u00fanicas<\/li>\n<li>Domina 18 minijuegos que cubren todos los aspectos del vuelo, desde el check-in hasta los controles de seguridad, desde las maletas hasta los pasaportes, desde las demostraciones de seguridad hasta el servicio a los pasajeros.<\/li>\n<li>Abr\u00f3chate el cintur\u00f3n de seguridad para disfrutar de incre\u00edbles cinem\u00e1ticas totalmente nuevas<\/li>\n<\/ul>\n","protected":false},"excerpt":{"rendered":"<p>\u00a1En un nuevo juego de aerol\u00edneas, abr\u00f3chate el cintur\u00f3n y levanta el vuelo con Amber Hope!<\/p>\n","protected":false},"author":10,"featured_media":95847,"comment_status":"open","ping_status":"closed","template":"","meta":{"_acf_changed":false,"inline_featured_image":false},"product_brand":[],"product_cat":[212],"product_tag":[288],"class_list":{"0":"post-135718","1":"product","2":"type-product","3":"status-publish","4":"has-post-thumbnail","6":"product_cat-time-management-es","7":"product_tag-play-on-pc-es","9":"first","10":"instock","11":"shipping-taxable","12":"purchasable","13":"product-type-simple"},"acf":[],"yoast_head":"<!-- This site is optimized with the Yoast SEO Premium plugin v25.2 (Yoast SEO v25.2) - https:\/\/yoast.com\/wordpress\/plugins\/seo\/ -->\n<title>Amber&#039;s Airlines - High Hopes - Despega con Amber Hope en un nuevo juego de aerol\u00edneas<\/title>\n<meta name=\"description\" content=\"\u00a1En un nuevo juego de aerol\u00edneas, abr\u00f3chate el cintur\u00f3n y levanta el vuelo con Amber Hope!\" \/>\n<meta name=\"robots\" content=\"index, follow, max-snippet:-1, max-image-preview:large, max-video-preview:-1\" \/>\n<link rel=\"canonical\" href=\"https:\/\/www.iplay.com\/es\/games\/ambers-airlines-high-hopes\/\" \/>\n<meta property=\"og:locale\" content=\"es_ES\" \/>\n<meta property=\"og:type\" content=\"article\" \/>\n<meta property=\"og:title\" content=\"Amber&#039;s Airlines - High Hopes\" \/>\n<meta property=\"og:description\" content=\"\u00a1En un nuevo juego de aerol\u00edneas, abr\u00f3chate el cintur\u00f3n y levanta el vuelo con Amber Hope!\" \/>\n<meta property=\"og:url\" content=\"https:\/\/www.iplay.com\/es\/games\/ambers-airlines-high-hopes\/\" \/>\n<meta property=\"og:site_name\" content=\"IPlay\" \/>\n<meta property=\"og:image\" content=\"https:\/\/www.iplay.com\/wp-content\/uploads\/2023\/12\/large_square_tile_image-3509.jpg\" \/>\n\t<meta property=\"og:image:width\" content=\"310\" \/>\n\t<meta property=\"og:image:height\" content=\"310\" \/>\n\t<meta property=\"og:image:type\" content=\"image\/jpeg\" \/>\n<meta name=\"twitter:card\" content=\"summary_large_image\" \/>\n<meta name=\"twitter:label1\" content=\"Est. reading time\" \/>\n\t<meta name=\"twitter:data1\" content=\"2 minutos\" \/>\n<script type=\"application\/ld+json\" class=\"yoast-schema-graph\">{\"@context\":\"https:\/\/schema.org\",\"@graph\":[{\"@type\":\"WebPage\",\"@id\":\"https:\/\/www.iplay.com\/es\/games\/ambers-airlines-high-hopes\/\",\"url\":\"https:\/\/www.iplay.com\/es\/games\/ambers-airlines-high-hopes\/\",\"name\":\"Amber's Airlines - High Hopes - Despega con Amber Hope en un nuevo juego de aerol\u00edneas\",\"isPartOf\":{\"@id\":\"https:\/\/www.iplay.com\/en\/#website\"},\"primaryImageOfPage\":{\"@id\":\"https:\/\/www.iplay.com\/es\/games\/ambers-airlines-high-hopes\/#primaryimage\"},\"image\":{\"@id\":\"https:\/\/www.iplay.com\/es\/games\/ambers-airlines-high-hopes\/#primaryimage\"},\"thumbnailUrl\":\"https:\/\/www.iplay.com\/wp-content\/uploads\/2023\/12\/large_square_tile_image-3509.jpg\",\"datePublished\":\"2018-08-23T00:00:02+00:00\",\"description\":\"\u00a1En un nuevo juego de aerol\u00edneas, abr\u00f3chate el cintur\u00f3n y levanta el vuelo con Amber Hope!\",\"breadcrumb\":{\"@id\":\"https:\/\/www.iplay.com\/es\/games\/ambers-airlines-high-hopes\/#breadcrumb\"},\"inLanguage\":\"es\",\"potentialAction\":[{\"@type\":\"ReadAction\",\"target\":[\"https:\/\/www.iplay.com\/es\/games\/ambers-airlines-high-hopes\/\"]}]},{\"@type\":\"ImageObject\",\"inLanguage\":\"es\",\"@id\":\"https:\/\/www.iplay.com\/es\/games\/ambers-airlines-high-hopes\/#primaryimage\",\"url\":\"https:\/\/www.iplay.com\/wp-content\/uploads\/2023\/12\/large_square_tile_image-3509.jpg\",\"contentUrl\":\"https:\/\/www.iplay.com\/wp-content\/uploads\/2023\/12\/large_square_tile_image-3509.jpg\",\"width\":310,\"height\":310},{\"@type\":\"BreadcrumbList\",\"@id\":\"https:\/\/www.iplay.com\/es\/games\/ambers-airlines-high-hopes\/#breadcrumb\",\"itemListElement\":[{\"@type\":\"ListItem\",\"position\":1,\"name\":\"Home\",\"item\":\"https:\/\/www.iplay.com\/es\/home-page-2\/\"},{\"@type\":\"ListItem\",\"position\":2,\"name\":\"Shop\",\"item\":\"https:\/\/www.iplay.com\/en\/shop\/\"},{\"@type\":\"ListItem\",\"position\":3,\"name\":\"Amber&#8217;s Airlines &#8211; High Hopes\"}]},{\"@type\":\"WebSite\",\"@id\":\"https:\/\/www.iplay.com\/en\/#website\",\"url\":\"https:\/\/www.iplay.com\/en\/\",\"name\":\"IPlay\",\"description\":\"The Best Casual Games!\",\"publisher\":{\"@id\":\"https:\/\/www.iplay.com\/en\/#organization\"},\"potentialAction\":[{\"@type\":\"SearchAction\",\"target\":{\"@type\":\"EntryPoint\",\"urlTemplate\":\"https:\/\/www.iplay.com\/en\/?s={search_term_string}\"},\"query-input\":{\"@type\":\"PropertyValueSpecification\",\"valueRequired\":true,\"valueName\":\"search_term_string\"}}],\"inLanguage\":\"es\"},{\"@type\":\"Organization\",\"@id\":\"https:\/\/www.iplay.com\/en\/#organization\",\"name\":\"IPlay\",\"url\":\"https:\/\/www.iplay.com\/en\/\",\"logo\":{\"@type\":\"ImageObject\",\"inLanguage\":\"es\",\"@id\":\"https:\/\/www.iplay.com\/en\/#\/schema\/logo\/image\/\",\"url\":\"https:\/\/www.iplay.com\/wp-content\/uploads\/2023\/11\/Group-6100.svg\",\"contentUrl\":\"https:\/\/www.iplay.com\/wp-content\/uploads\/2023\/11\/Group-6100.svg\",\"width\":98,\"height\":25,\"caption\":\"IPlay\"},\"image\":{\"@id\":\"https:\/\/www.iplay.com\/en\/#\/schema\/logo\/image\/\"}}]}<\/script>\n<!-- \/ Yoast SEO Premium plugin. -->","yoast_head_json":{"title":"Amber's Airlines - High Hopes - Despega con Amber Hope en un nuevo juego de aerol\u00edneas","description":"\u00a1En un nuevo juego de aerol\u00edneas, abr\u00f3chate el cintur\u00f3n y levanta el vuelo con Amber Hope!","robots":{"index":"index","follow":"follow","max-snippet":"max-snippet:-1","max-image-preview":"max-image-preview:large","max-video-preview":"max-video-preview:-1"},"canonical":"https:\/\/www.iplay.com\/es\/games\/ambers-airlines-high-hopes\/","og_locale":"es_ES","og_type":"article","og_title":"Amber's Airlines - High Hopes","og_description":"\u00a1En un nuevo juego de aerol\u00edneas, abr\u00f3chate el cintur\u00f3n y levanta el vuelo con Amber Hope!","og_url":"https:\/\/www.iplay.com\/es\/games\/ambers-airlines-high-hopes\/","og_site_name":"IPlay","og_image":[{"width":310,"height":310,"url":"https:\/\/www.iplay.com\/wp-content\/uploads\/2023\/12\/large_square_tile_image-3509.jpg","type":"image\/jpeg"}],"twitter_card":"summary_large_image","twitter_misc":{"Est. reading time":"2 minutos"},"schema":{"@context":"https:\/\/schema.org","@graph":[{"@type":"WebPage","@id":"https:\/\/www.iplay.com\/es\/games\/ambers-airlines-high-hopes\/","url":"https:\/\/www.iplay.com\/es\/games\/ambers-airlines-high-hopes\/","name":"Amber's Airlines - High Hopes - Despega con Amber Hope en un nuevo juego de aerol\u00edneas","isPartOf":{"@id":"https:\/\/www.iplay.com\/en\/#website"},"primaryImageOfPage":{"@id":"https:\/\/www.iplay.com\/es\/games\/ambers-airlines-high-hopes\/#primaryimage"},"image":{"@id":"https:\/\/www.iplay.com\/es\/games\/ambers-airlines-high-hopes\/#primaryimage"},"thumbnailUrl":"https:\/\/www.iplay.com\/wp-content\/uploads\/2023\/12\/large_square_tile_image-3509.jpg","datePublished":"2018-08-23T00:00:02+00:00","description":"\u00a1En un nuevo juego de aerol\u00edneas, abr\u00f3chate el cintur\u00f3n y levanta el vuelo con Amber Hope!","breadcrumb":{"@id":"https:\/\/www.iplay.com\/es\/games\/ambers-airlines-high-hopes\/#breadcrumb"},"inLanguage":"es","potentialAction":[{"@type":"ReadAction","target":["https:\/\/www.iplay.com\/es\/games\/ambers-airlines-high-hopes\/"]}]},{"@type":"ImageObject","inLanguage":"es","@id":"https:\/\/www.iplay.com\/es\/games\/ambers-airlines-high-hopes\/#primaryimage","url":"https:\/\/www.iplay.com\/wp-content\/uploads\/2023\/12\/large_square_tile_image-3509.jpg","contentUrl":"https:\/\/www.iplay.com\/wp-content\/uploads\/2023\/12\/large_square_tile_image-3509.jpg","width":310,"height":310},{"@type":"BreadcrumbList","@id":"https:\/\/www.iplay.com\/es\/games\/ambers-airlines-high-hopes\/#breadcrumb","itemListElement":[{"@type":"ListItem","position":1,"name":"Home","item":"https:\/\/www.iplay.com\/es\/home-page-2\/"},{"@type":"ListItem","position":2,"name":"Shop","item":"https:\/\/www.iplay.com\/en\/shop\/"},{"@type":"ListItem","position":3,"name":"Amber&#8217;s Airlines &#8211; High Hopes"}]},{"@type":"WebSite","@id":"https:\/\/www.iplay.com\/en\/#website","url":"https:\/\/www.iplay.com\/en\/","name":"IPlay","description":"The Best Casual Games!","publisher":{"@id":"https:\/\/www.iplay.com\/en\/#organization"},"potentialAction":[{"@type":"SearchAction","target":{"@type":"EntryPoint","urlTemplate":"https:\/\/www.iplay.com\/en\/?s={search_term_string}"},"query-input":{"@type":"PropertyValueSpecification","valueRequired":true,"valueName":"search_term_string"}}],"inLanguage":"es"},{"@type":"Organization","@id":"https:\/\/www.iplay.com\/en\/#organization","name":"IPlay","url":"https:\/\/www.iplay.com\/en\/","logo":{"@type":"ImageObject","inLanguage":"es","@id":"https:\/\/www.iplay.com\/en\/#\/schema\/logo\/image\/","url":"https:\/\/www.iplay.com\/wp-content\/uploads\/2023\/11\/Group-6100.svg","contentUrl":"https:\/\/www.iplay.com\/wp-content\/uploads\/2023\/11\/Group-6100.svg","width":98,"height":25,"caption":"IPlay"},"image":{"@id":"https:\/\/www.iplay.com\/en\/#\/schema\/logo\/image\/"}}]}},"_links":{"self":[{"href":"https:\/\/www.iplay.com\/es\/wp-json\/wp\/v2\/product\/135718","targetHints":{"allow":["GET"]}}],"collection":[{"href":"https:\/\/www.iplay.com\/es\/wp-json\/wp\/v2\/product"}],"about":[{"href":"https:\/\/www.iplay.com\/es\/wp-json\/wp\/v2\/types\/product"}],"author":[{"embeddable":true,"href":"https:\/\/www.iplay.com\/es\/wp-json\/wp\/v2\/users\/10"}],"replies":[{"embeddable":true,"href":"https:\/\/www.iplay.com\/es\/wp-json\/wp\/v2\/comments?post=135718"}],"wp:featuredmedia":[{"embeddable":true,"href":"https:\/\/www.iplay.com\/es\/wp-json\/wp\/v2\/media\/95847"}],"wp:attachment":[{"href":"https:\/\/www.iplay.com\/es\/wp-json\/wp\/v2\/media?parent=135718"}],"wp:term":[{"taxonomy":"product_brand","embeddable":true,"href":"https:\/\/www.iplay.com\/es\/wp-json\/wp\/v2\/product_brand?post=135718"},{"taxonomy":"product_cat","embeddable":true,"href":"https:\/\/www.iplay.com\/es\/wp-json\/wp\/v2\/product_cat?post=135718"},{"taxonomy":"product_tag","embeddable":true,"href":"https:\/\/www.iplay.com\/es\/wp-json\/wp\/v2\/product_tag?post=135718"}],"curies":[{"name":"wp","href":"https:\/\/api.w.org\/{rel}","templated":true}]}}