{"id":135711,"date":"2018-06-28T00:00:00","date_gmt":"2018-06-28T00:00:00","guid":{"rendered":"https:\/\/www.iplay.com\/games\/airport-madness-time-machine\/"},"modified":"2025-05-02T08:23:56","modified_gmt":"2025-05-02T08:23:56","slug":"airport-madness-time-machine","status":"publish","type":"product","link":"https:\/\/www.iplay.com\/es\/games\/airport-madness-time-machine\/","title":{"rendered":"Airport Madness: Time Machine"},"content":{"rendered":"<p>En 1925, usted trabajaba como controlador de tr\u00e1fico a\u00e9reo en una modesta pista de aterrizaje de hierba. Observa c\u00f3mo el aeropuerto crece con el tiempo, convirti\u00e9ndose finalmente en un importante aeropuerto internacional en 1970. A medida que se desarrolla el juego, ver\u00e1s c\u00f3mo el aeropuerto evoluciona de un peque\u00f1o campo de hierba en 1925 a un aer\u00f3dromo de guerra de m\u00faltiples pistas en 1944 y, finalmente, a un aeropuerto masivo y expansivo con aviones de pasajeros y muchos edificios terminales en 1970. S\u00e9 testigo de los logros de Charles Lindbergh, la ruptura de la barrera del sonido, el primer avi\u00f3n de pasajeros y el nacimiento del Boeing 737.   <\/p>\n<p>&nbsp;<\/p>\n<p>&nbsp;<\/p>\n<p><strong>Funciones:<\/strong><\/p>\n<p>&nbsp;<\/p>\n<p>&#8211; \u00a1Hay 60 niveles para dominar!<\/p>\n<p>&#8211; Ver Historia de la Aviaci\u00f3n<\/p>\n<p>&#8211; Incre\u00edbles gr\u00e1ficos de alta calidad<\/p>\n","protected":false},"excerpt":{"rendered":"<p>\u00a1Siente la emoci\u00f3n de trabajar como controlador de tr\u00e1fico a\u00e9reo en cualquier momento!<\/p>\n","protected":false},"author":61,"featured_media":96215,"comment_status":"open","ping_status":"closed","template":"","meta":{"_acf_changed":false,"inline_featured_image":false},"product_brand":[],"product_cat":[212],"product_tag":[288],"class_list":{"0":"post-135711","1":"product","2":"type-product","3":"status-publish","4":"has-post-thumbnail","6":"product_cat-time-management-es","7":"product_tag-play-on-pc-es","9":"first","10":"instock","11":"shipping-taxable","12":"purchasable","13":"product-type-simple"},"acf":[],"yoast_head":"<!-- This site is optimized with the Yoast SEO Premium plugin v25.2 (Yoast SEO v25.2) - https:\/\/yoast.com\/wordpress\/plugins\/seo\/ -->\n<title>Airport Madness: Time Machine - Experiencia como controlador de tr\u00e1fico a\u00e9reo a trav\u00e9s de las \u00e9pocas<\/title>\n<meta name=\"description\" content=\"\u00a1Siente la emoci\u00f3n de trabajar como controlador de tr\u00e1fico a\u00e9reo en cualquier momento!\" \/>\n<meta name=\"robots\" content=\"index, follow, max-snippet:-1, max-image-preview:large, max-video-preview:-1\" \/>\n<link rel=\"canonical\" href=\"https:\/\/www.iplay.com\/es\/games\/airport-madness-time-machine\/\" \/>\n<meta property=\"og:locale\" content=\"es_ES\" \/>\n<meta property=\"og:type\" content=\"article\" \/>\n<meta property=\"og:title\" content=\"Airport Madness: Time Machine\" \/>\n<meta property=\"og:description\" content=\"\u00a1Siente la emoci\u00f3n de trabajar como controlador de tr\u00e1fico a\u00e9reo en cualquier momento!\" \/>\n<meta property=\"og:url\" content=\"https:\/\/www.iplay.com\/es\/games\/airport-madness-time-machine\/\" \/>\n<meta property=\"og:site_name\" content=\"IPlay\" \/>\n<meta property=\"article:modified_time\" content=\"2025-05-02T08:23:56+00:00\" \/>\n<meta property=\"og:image\" content=\"https:\/\/www.iplay.com\/wp-content\/uploads\/2023\/12\/large_square_tile_image-3530.jpg\" \/>\n\t<meta property=\"og:image:width\" content=\"310\" \/>\n\t<meta property=\"og:image:height\" content=\"310\" \/>\n\t<meta property=\"og:image:type\" content=\"image\/jpeg\" \/>\n<meta name=\"twitter:card\" content=\"summary_large_image\" \/>\n<meta name=\"twitter:label1\" content=\"Est. reading time\" \/>\n\t<meta name=\"twitter:data1\" content=\"1 minuto\" \/>\n<script type=\"application\/ld+json\" class=\"yoast-schema-graph\">{\"@context\":\"https:\/\/schema.org\",\"@graph\":[{\"@type\":\"WebPage\",\"@id\":\"https:\/\/www.iplay.com\/es\/games\/airport-madness-time-machine\/\",\"url\":\"https:\/\/www.iplay.com\/es\/games\/airport-madness-time-machine\/\",\"name\":\"Airport Madness: Time Machine - Experiencia como controlador de tr\u00e1fico a\u00e9reo a trav\u00e9s de las \u00e9pocas\",\"isPartOf\":{\"@id\":\"https:\/\/www.iplay.com\/en\/#website\"},\"primaryImageOfPage\":{\"@id\":\"https:\/\/www.iplay.com\/es\/games\/airport-madness-time-machine\/#primaryimage\"},\"image\":{\"@id\":\"https:\/\/www.iplay.com\/es\/games\/airport-madness-time-machine\/#primaryimage\"},\"thumbnailUrl\":\"https:\/\/www.iplay.com\/wp-content\/uploads\/2023\/12\/large_square_tile_image-3530.jpg\",\"datePublished\":\"2018-06-28T00:00:00+00:00\",\"dateModified\":\"2025-05-02T08:23:56+00:00\",\"description\":\"\u00a1Siente la emoci\u00f3n de trabajar como controlador de tr\u00e1fico a\u00e9reo en cualquier momento!\",\"breadcrumb\":{\"@id\":\"https:\/\/www.iplay.com\/es\/games\/airport-madness-time-machine\/#breadcrumb\"},\"inLanguage\":\"es\",\"potentialAction\":[{\"@type\":\"ReadAction\",\"target\":[\"https:\/\/www.iplay.com\/es\/games\/airport-madness-time-machine\/\"]}]},{\"@type\":\"ImageObject\",\"inLanguage\":\"es\",\"@id\":\"https:\/\/www.iplay.com\/es\/games\/airport-madness-time-machine\/#primaryimage\",\"url\":\"https:\/\/www.iplay.com\/wp-content\/uploads\/2023\/12\/large_square_tile_image-3530.jpg\",\"contentUrl\":\"https:\/\/www.iplay.com\/wp-content\/uploads\/2023\/12\/large_square_tile_image-3530.jpg\",\"width\":310,\"height\":310},{\"@type\":\"BreadcrumbList\",\"@id\":\"https:\/\/www.iplay.com\/es\/games\/airport-madness-time-machine\/#breadcrumb\",\"itemListElement\":[{\"@type\":\"ListItem\",\"position\":1,\"name\":\"Home\",\"item\":\"https:\/\/www.iplay.com\/es\/home-page-2\/\"},{\"@type\":\"ListItem\",\"position\":2,\"name\":\"Shop\",\"item\":\"https:\/\/www.iplay.com\/en\/shop\/\"},{\"@type\":\"ListItem\",\"position\":3,\"name\":\"Airport Madness: Time Machine\"}]},{\"@type\":\"WebSite\",\"@id\":\"https:\/\/www.iplay.com\/en\/#website\",\"url\":\"https:\/\/www.iplay.com\/en\/\",\"name\":\"IPlay\",\"description\":\"The Best Casual Games!\",\"publisher\":{\"@id\":\"https:\/\/www.iplay.com\/en\/#organization\"},\"potentialAction\":[{\"@type\":\"SearchAction\",\"target\":{\"@type\":\"EntryPoint\",\"urlTemplate\":\"https:\/\/www.iplay.com\/en\/?s={search_term_string}\"},\"query-input\":{\"@type\":\"PropertyValueSpecification\",\"valueRequired\":true,\"valueName\":\"search_term_string\"}}],\"inLanguage\":\"es\"},{\"@type\":\"Organization\",\"@id\":\"https:\/\/www.iplay.com\/en\/#organization\",\"name\":\"IPlay\",\"url\":\"https:\/\/www.iplay.com\/en\/\",\"logo\":{\"@type\":\"ImageObject\",\"inLanguage\":\"es\",\"@id\":\"https:\/\/www.iplay.com\/en\/#\/schema\/logo\/image\/\",\"url\":\"https:\/\/www.iplay.com\/wp-content\/uploads\/2023\/11\/Group-6100.svg\",\"contentUrl\":\"https:\/\/www.iplay.com\/wp-content\/uploads\/2023\/11\/Group-6100.svg\",\"width\":98,\"height\":25,\"caption\":\"IPlay\"},\"image\":{\"@id\":\"https:\/\/www.iplay.com\/en\/#\/schema\/logo\/image\/\"}}]}<\/script>\n<!-- \/ Yoast SEO Premium plugin. -->","yoast_head_json":{"title":"Airport Madness: Time Machine - Experiencia como controlador de tr\u00e1fico a\u00e9reo a trav\u00e9s de las \u00e9pocas","description":"\u00a1Siente la emoci\u00f3n de trabajar como controlador de tr\u00e1fico a\u00e9reo en cualquier momento!","robots":{"index":"index","follow":"follow","max-snippet":"max-snippet:-1","max-image-preview":"max-image-preview:large","max-video-preview":"max-video-preview:-1"},"canonical":"https:\/\/www.iplay.com\/es\/games\/airport-madness-time-machine\/","og_locale":"es_ES","og_type":"article","og_title":"Airport Madness: Time Machine","og_description":"\u00a1Siente la emoci\u00f3n de trabajar como controlador de tr\u00e1fico a\u00e9reo en cualquier momento!","og_url":"https:\/\/www.iplay.com\/es\/games\/airport-madness-time-machine\/","og_site_name":"IPlay","article_modified_time":"2025-05-02T08:23:56+00:00","og_image":[{"width":310,"height":310,"url":"https:\/\/www.iplay.com\/wp-content\/uploads\/2023\/12\/large_square_tile_image-3530.jpg","type":"image\/jpeg"}],"twitter_card":"summary_large_image","twitter_misc":{"Est. reading time":"1 minuto"},"schema":{"@context":"https:\/\/schema.org","@graph":[{"@type":"WebPage","@id":"https:\/\/www.iplay.com\/es\/games\/airport-madness-time-machine\/","url":"https:\/\/www.iplay.com\/es\/games\/airport-madness-time-machine\/","name":"Airport Madness: Time Machine - Experiencia como controlador de tr\u00e1fico a\u00e9reo a trav\u00e9s de las \u00e9pocas","isPartOf":{"@id":"https:\/\/www.iplay.com\/en\/#website"},"primaryImageOfPage":{"@id":"https:\/\/www.iplay.com\/es\/games\/airport-madness-time-machine\/#primaryimage"},"image":{"@id":"https:\/\/www.iplay.com\/es\/games\/airport-madness-time-machine\/#primaryimage"},"thumbnailUrl":"https:\/\/www.iplay.com\/wp-content\/uploads\/2023\/12\/large_square_tile_image-3530.jpg","datePublished":"2018-06-28T00:00:00+00:00","dateModified":"2025-05-02T08:23:56+00:00","description":"\u00a1Siente la emoci\u00f3n de trabajar como controlador de tr\u00e1fico a\u00e9reo en cualquier momento!","breadcrumb":{"@id":"https:\/\/www.iplay.com\/es\/games\/airport-madness-time-machine\/#breadcrumb"},"inLanguage":"es","potentialAction":[{"@type":"ReadAction","target":["https:\/\/www.iplay.com\/es\/games\/airport-madness-time-machine\/"]}]},{"@type":"ImageObject","inLanguage":"es","@id":"https:\/\/www.iplay.com\/es\/games\/airport-madness-time-machine\/#primaryimage","url":"https:\/\/www.iplay.com\/wp-content\/uploads\/2023\/12\/large_square_tile_image-3530.jpg","contentUrl":"https:\/\/www.iplay.com\/wp-content\/uploads\/2023\/12\/large_square_tile_image-3530.jpg","width":310,"height":310},{"@type":"BreadcrumbList","@id":"https:\/\/www.iplay.com\/es\/games\/airport-madness-time-machine\/#breadcrumb","itemListElement":[{"@type":"ListItem","position":1,"name":"Home","item":"https:\/\/www.iplay.com\/es\/home-page-2\/"},{"@type":"ListItem","position":2,"name":"Shop","item":"https:\/\/www.iplay.com\/en\/shop\/"},{"@type":"ListItem","position":3,"name":"Airport Madness: Time Machine"}]},{"@type":"WebSite","@id":"https:\/\/www.iplay.com\/en\/#website","url":"https:\/\/www.iplay.com\/en\/","name":"IPlay","description":"The Best Casual Games!","publisher":{"@id":"https:\/\/www.iplay.com\/en\/#organization"},"potentialAction":[{"@type":"SearchAction","target":{"@type":"EntryPoint","urlTemplate":"https:\/\/www.iplay.com\/en\/?s={search_term_string}"},"query-input":{"@type":"PropertyValueSpecification","valueRequired":true,"valueName":"search_term_string"}}],"inLanguage":"es"},{"@type":"Organization","@id":"https:\/\/www.iplay.com\/en\/#organization","name":"IPlay","url":"https:\/\/www.iplay.com\/en\/","logo":{"@type":"ImageObject","inLanguage":"es","@id":"https:\/\/www.iplay.com\/en\/#\/schema\/logo\/image\/","url":"https:\/\/www.iplay.com\/wp-content\/uploads\/2023\/11\/Group-6100.svg","contentUrl":"https:\/\/www.iplay.com\/wp-content\/uploads\/2023\/11\/Group-6100.svg","width":98,"height":25,"caption":"IPlay"},"image":{"@id":"https:\/\/www.iplay.com\/en\/#\/schema\/logo\/image\/"}}]}},"_links":{"self":[{"href":"https:\/\/www.iplay.com\/es\/wp-json\/wp\/v2\/product\/135711","targetHints":{"allow":["GET"]}}],"collection":[{"href":"https:\/\/www.iplay.com\/es\/wp-json\/wp\/v2\/product"}],"about":[{"href":"https:\/\/www.iplay.com\/es\/wp-json\/wp\/v2\/types\/product"}],"author":[{"embeddable":true,"href":"https:\/\/www.iplay.com\/es\/wp-json\/wp\/v2\/users\/61"}],"replies":[{"embeddable":true,"href":"https:\/\/www.iplay.com\/es\/wp-json\/wp\/v2\/comments?post=135711"}],"wp:featuredmedia":[{"embeddable":true,"href":"https:\/\/www.iplay.com\/es\/wp-json\/wp\/v2\/media\/96215"}],"wp:attachment":[{"href":"https:\/\/www.iplay.com\/es\/wp-json\/wp\/v2\/media?parent=135711"}],"wp:term":[{"taxonomy":"product_brand","embeddable":true,"href":"https:\/\/www.iplay.com\/es\/wp-json\/wp\/v2\/product_brand?post=135711"},{"taxonomy":"product_cat","embeddable":true,"href":"https:\/\/www.iplay.com\/es\/wp-json\/wp\/v2\/product_cat?post=135711"},{"taxonomy":"product_tag","embeddable":true,"href":"https:\/\/www.iplay.com\/es\/wp-json\/wp\/v2\/product_tag?post=135711"}],"curies":[{"name":"wp","href":"https:\/\/api.w.org\/{rel}","templated":true}]}}