{"id":135681,"date":"2018-10-24T00:00:00","date_gmt":"2018-10-24T00:00:00","guid":{"rendered":"https:\/\/www.iplay.com\/games\/virtual-villagers-origins-2\/"},"modified":"2018-10-24T00:00:00","modified_gmt":"2018-10-24T00:00:00","slug":"virtual-villagers-origins-2","status":"publish","type":"product","link":"https:\/\/www.iplay.com\/es\/games\/virtual-villagers-origins-2\/","title":{"rendered":"Virtual Villagers Origins 2"},"content":{"rendered":"<p>En la \u00faltima entrega de la querida serie Virtual Villagers, \u00a1viaja de vuelta a la famosa y et\u00e9rea isla de Isola! Una familia ha huido a Isola en busca de un nuevo hogar tras una erupci\u00f3n volc\u00e1nica en la cercana isla de Asura. Se encuentran con un hombre extra\u00f1o cuando su barco aterriza en la orilla, y se disponen a explorar este extra\u00f1o mundo nuevo. Isola, una isla impresionante e intrigante, fue anteriormente un para\u00edso con una civilizaci\u00f3n floreciente, pero ahora es un desierto salvaje. \u00a1Experimentar\u00e1s momentos nuevos, interactivos y espectaculares a la vuelta de cada esquina como resultado de los giros y vueltas!    <\/p>\n<p>&nbsp;<\/p>\n<p>&nbsp;<\/p>\n<p><strong>Funciones:<\/strong><\/p>\n<p>&nbsp;<\/p>\n<p>&#8211; \u00a1Construye y explora para convertir tu ciudad en un emocionante simulador de ciudades! \u00a1Ayuda a tus aldeanos a descubrir el amor para que tu tribu pueda convertirse en una civilizaci\u00f3n! \u00a1En tu juego, planta, fertiliza y riega para crear un hermoso jard\u00edn!<br \/>\n&#8211; Gobierna tu propia aldea: Con la simulaci\u00f3n en tiempo real, la personalizaci\u00f3n de nombres para tus habitantes y los eventos aleatorios de la isla que alteran el juego, \u00a1no habr\u00e1 dos tribus iguales!<br \/>\n&#8211; Ense\u00f1ar a la gente a dominar una variedad de talentos para que puedan realizar trabajos en la isla y sobrevivir a su nueva existencia. Descubre la isla encantada resolviendo nuevos acertijos y aprendiendo sus enigm\u00e1ticos secretos. Para crear recursos poco comunes y desbloquear recompensas de las colecciones completadas, re\u00fane y mezcla recursos que encuentres en tu nuevo hogar virtual. Cr\u00eda, cura y atiende a tus queridos ni\u00f1os y familias del pueblo; reconstruir una ciudad sostenible desde los cimientos; utilizar la agricultura y la pesca para abrir mejores fuentes de alimentos; crear materiales \u00fanicos para rompecabezas y colecciones; \u00a1Y mucho m\u00e1s!<br \/>\n&#8211; \u00a1Usa collares m\u00e1gicos para empoderar a tus aldeanos y usa t\u00f3tems y pociones m\u00e1gicas para mejorar la esperanza de vida, la productividad y muchos otros aspectos de tu ciudad! Consigue hogares para dos mascotas isle\u00f1as distintas que te ayudar\u00e1n a eliminar plagas y a encontrar objetos encantados por toda la isla. Resucita a los queridos aldeanos usando todas sus habilidades.<\/p>\n","protected":false},"excerpt":{"rendered":"<p>\u00a1En la \u00faltima entrega de la serie Virtual Villagers, regresa a la et\u00e9rea isla de Isola!<\/p>\n","protected":false},"author":69,"featured_media":86723,"comment_status":"open","ping_status":"closed","template":"","meta":{"_acf_changed":false,"inline_featured_image":false},"product_brand":[],"product_cat":[199,212],"product_tag":[288],"class_list":{"0":"post-135681","1":"product","2":"type-product","3":"status-publish","4":"has-post-thumbnail","6":"product_cat-removed-content-es","7":"product_cat-time-management-es","8":"product_tag-play-on-pc-es","10":"first","11":"instock","12":"shipping-taxable","13":"purchasable","14":"product-type-simple"},"acf":[],"yoast_head":"<!-- This site is optimized with the Yoast SEO Premium plugin v25.2 (Yoast SEO v25.2) - https:\/\/yoast.com\/wordpress\/plugins\/seo\/ -->\n<title>Virtual Villagers Origins 2 - Regresa a la m\u00edstica isla de Isola en esta secuela<\/title>\n<meta name=\"description\" content=\"\u00a1En la \u00faltima entrega de la serie Virtual Villagers, regresa a la et\u00e9rea isla de Isola!\" \/>\n<meta name=\"robots\" content=\"index, follow, max-snippet:-1, max-image-preview:large, max-video-preview:-1\" \/>\n<link rel=\"canonical\" href=\"https:\/\/www.iplay.com\/es\/games\/virtual-villagers-origins-2\/\" \/>\n<meta property=\"og:locale\" content=\"es_ES\" \/>\n<meta property=\"og:type\" content=\"article\" \/>\n<meta property=\"og:title\" content=\"Virtual Villagers Origins 2\" \/>\n<meta property=\"og:description\" content=\"\u00a1En la \u00faltima entrega de la serie Virtual Villagers, regresa a la et\u00e9rea isla de Isola!\" \/>\n<meta property=\"og:url\" content=\"https:\/\/www.iplay.com\/es\/games\/virtual-villagers-origins-2\/\" \/>\n<meta property=\"og:site_name\" content=\"IPlay\" \/>\n<meta property=\"og:image\" content=\"https:\/\/www.iplay.com\/wp-content\/uploads\/2023\/12\/large_square_tile_image-2932.jpg\" \/>\n\t<meta property=\"og:image:width\" content=\"310\" \/>\n\t<meta property=\"og:image:height\" content=\"310\" \/>\n\t<meta property=\"og:image:type\" content=\"image\/jpeg\" \/>\n<meta name=\"twitter:card\" content=\"summary_large_image\" \/>\n<meta name=\"twitter:label1\" content=\"Est. reading time\" \/>\n\t<meta name=\"twitter:data1\" content=\"2 minutos\" \/>\n<script type=\"application\/ld+json\" class=\"yoast-schema-graph\">{\"@context\":\"https:\/\/schema.org\",\"@graph\":[{\"@type\":\"WebPage\",\"@id\":\"https:\/\/www.iplay.com\/es\/games\/virtual-villagers-origins-2\/\",\"url\":\"https:\/\/www.iplay.com\/es\/games\/virtual-villagers-origins-2\/\",\"name\":\"Virtual Villagers Origins 2 - Regresa a la m\u00edstica isla de Isola en esta secuela\",\"isPartOf\":{\"@id\":\"https:\/\/www.iplay.com\/en\/#website\"},\"primaryImageOfPage\":{\"@id\":\"https:\/\/www.iplay.com\/es\/games\/virtual-villagers-origins-2\/#primaryimage\"},\"image\":{\"@id\":\"https:\/\/www.iplay.com\/es\/games\/virtual-villagers-origins-2\/#primaryimage\"},\"thumbnailUrl\":\"https:\/\/www.iplay.com\/wp-content\/uploads\/2023\/12\/large_square_tile_image-2932.jpg\",\"datePublished\":\"2018-10-24T00:00:00+00:00\",\"description\":\"\u00a1En la \u00faltima entrega de la serie Virtual Villagers, regresa a la et\u00e9rea isla de Isola!\",\"breadcrumb\":{\"@id\":\"https:\/\/www.iplay.com\/es\/games\/virtual-villagers-origins-2\/#breadcrumb\"},\"inLanguage\":\"es\",\"potentialAction\":[{\"@type\":\"ReadAction\",\"target\":[\"https:\/\/www.iplay.com\/es\/games\/virtual-villagers-origins-2\/\"]}]},{\"@type\":\"ImageObject\",\"inLanguage\":\"es\",\"@id\":\"https:\/\/www.iplay.com\/es\/games\/virtual-villagers-origins-2\/#primaryimage\",\"url\":\"https:\/\/www.iplay.com\/wp-content\/uploads\/2023\/12\/large_square_tile_image-2932.jpg\",\"contentUrl\":\"https:\/\/www.iplay.com\/wp-content\/uploads\/2023\/12\/large_square_tile_image-2932.jpg\",\"width\":310,\"height\":310},{\"@type\":\"BreadcrumbList\",\"@id\":\"https:\/\/www.iplay.com\/es\/games\/virtual-villagers-origins-2\/#breadcrumb\",\"itemListElement\":[{\"@type\":\"ListItem\",\"position\":1,\"name\":\"Home\",\"item\":\"https:\/\/www.iplay.com\/es\/home-page-2\/\"},{\"@type\":\"ListItem\",\"position\":2,\"name\":\"Shop\",\"item\":\"https:\/\/www.iplay.com\/en\/shop\/\"},{\"@type\":\"ListItem\",\"position\":3,\"name\":\"Virtual Villagers Origins 2\"}]},{\"@type\":\"WebSite\",\"@id\":\"https:\/\/www.iplay.com\/en\/#website\",\"url\":\"https:\/\/www.iplay.com\/en\/\",\"name\":\"IPlay\",\"description\":\"The Best Casual Games!\",\"publisher\":{\"@id\":\"https:\/\/www.iplay.com\/en\/#organization\"},\"potentialAction\":[{\"@type\":\"SearchAction\",\"target\":{\"@type\":\"EntryPoint\",\"urlTemplate\":\"https:\/\/www.iplay.com\/en\/?s={search_term_string}\"},\"query-input\":{\"@type\":\"PropertyValueSpecification\",\"valueRequired\":true,\"valueName\":\"search_term_string\"}}],\"inLanguage\":\"es\"},{\"@type\":\"Organization\",\"@id\":\"https:\/\/www.iplay.com\/en\/#organization\",\"name\":\"IPlay\",\"url\":\"https:\/\/www.iplay.com\/en\/\",\"logo\":{\"@type\":\"ImageObject\",\"inLanguage\":\"es\",\"@id\":\"https:\/\/www.iplay.com\/en\/#\/schema\/logo\/image\/\",\"url\":\"https:\/\/www.iplay.com\/wp-content\/uploads\/2023\/11\/Group-6100.svg\",\"contentUrl\":\"https:\/\/www.iplay.com\/wp-content\/uploads\/2023\/11\/Group-6100.svg\",\"width\":98,\"height\":25,\"caption\":\"IPlay\"},\"image\":{\"@id\":\"https:\/\/www.iplay.com\/en\/#\/schema\/logo\/image\/\"}}]}<\/script>\n<!-- \/ Yoast SEO Premium plugin. -->","yoast_head_json":{"title":"Virtual Villagers Origins 2 - Regresa a la m\u00edstica isla de Isola en esta secuela","description":"\u00a1En la \u00faltima entrega de la serie Virtual Villagers, regresa a la et\u00e9rea isla de Isola!","robots":{"index":"index","follow":"follow","max-snippet":"max-snippet:-1","max-image-preview":"max-image-preview:large","max-video-preview":"max-video-preview:-1"},"canonical":"https:\/\/www.iplay.com\/es\/games\/virtual-villagers-origins-2\/","og_locale":"es_ES","og_type":"article","og_title":"Virtual Villagers Origins 2","og_description":"\u00a1En la \u00faltima entrega de la serie Virtual Villagers, regresa a la et\u00e9rea isla de Isola!","og_url":"https:\/\/www.iplay.com\/es\/games\/virtual-villagers-origins-2\/","og_site_name":"IPlay","og_image":[{"width":310,"height":310,"url":"https:\/\/www.iplay.com\/wp-content\/uploads\/2023\/12\/large_square_tile_image-2932.jpg","type":"image\/jpeg"}],"twitter_card":"summary_large_image","twitter_misc":{"Est. reading time":"2 minutos"},"schema":{"@context":"https:\/\/schema.org","@graph":[{"@type":"WebPage","@id":"https:\/\/www.iplay.com\/es\/games\/virtual-villagers-origins-2\/","url":"https:\/\/www.iplay.com\/es\/games\/virtual-villagers-origins-2\/","name":"Virtual Villagers Origins 2 - Regresa a la m\u00edstica isla de Isola en esta secuela","isPartOf":{"@id":"https:\/\/www.iplay.com\/en\/#website"},"primaryImageOfPage":{"@id":"https:\/\/www.iplay.com\/es\/games\/virtual-villagers-origins-2\/#primaryimage"},"image":{"@id":"https:\/\/www.iplay.com\/es\/games\/virtual-villagers-origins-2\/#primaryimage"},"thumbnailUrl":"https:\/\/www.iplay.com\/wp-content\/uploads\/2023\/12\/large_square_tile_image-2932.jpg","datePublished":"2018-10-24T00:00:00+00:00","description":"\u00a1En la \u00faltima entrega de la serie Virtual Villagers, regresa a la et\u00e9rea isla de Isola!","breadcrumb":{"@id":"https:\/\/www.iplay.com\/es\/games\/virtual-villagers-origins-2\/#breadcrumb"},"inLanguage":"es","potentialAction":[{"@type":"ReadAction","target":["https:\/\/www.iplay.com\/es\/games\/virtual-villagers-origins-2\/"]}]},{"@type":"ImageObject","inLanguage":"es","@id":"https:\/\/www.iplay.com\/es\/games\/virtual-villagers-origins-2\/#primaryimage","url":"https:\/\/www.iplay.com\/wp-content\/uploads\/2023\/12\/large_square_tile_image-2932.jpg","contentUrl":"https:\/\/www.iplay.com\/wp-content\/uploads\/2023\/12\/large_square_tile_image-2932.jpg","width":310,"height":310},{"@type":"BreadcrumbList","@id":"https:\/\/www.iplay.com\/es\/games\/virtual-villagers-origins-2\/#breadcrumb","itemListElement":[{"@type":"ListItem","position":1,"name":"Home","item":"https:\/\/www.iplay.com\/es\/home-page-2\/"},{"@type":"ListItem","position":2,"name":"Shop","item":"https:\/\/www.iplay.com\/en\/shop\/"},{"@type":"ListItem","position":3,"name":"Virtual Villagers Origins 2"}]},{"@type":"WebSite","@id":"https:\/\/www.iplay.com\/en\/#website","url":"https:\/\/www.iplay.com\/en\/","name":"IPlay","description":"The Best Casual Games!","publisher":{"@id":"https:\/\/www.iplay.com\/en\/#organization"},"potentialAction":[{"@type":"SearchAction","target":{"@type":"EntryPoint","urlTemplate":"https:\/\/www.iplay.com\/en\/?s={search_term_string}"},"query-input":{"@type":"PropertyValueSpecification","valueRequired":true,"valueName":"search_term_string"}}],"inLanguage":"es"},{"@type":"Organization","@id":"https:\/\/www.iplay.com\/en\/#organization","name":"IPlay","url":"https:\/\/www.iplay.com\/en\/","logo":{"@type":"ImageObject","inLanguage":"es","@id":"https:\/\/www.iplay.com\/en\/#\/schema\/logo\/image\/","url":"https:\/\/www.iplay.com\/wp-content\/uploads\/2023\/11\/Group-6100.svg","contentUrl":"https:\/\/www.iplay.com\/wp-content\/uploads\/2023\/11\/Group-6100.svg","width":98,"height":25,"caption":"IPlay"},"image":{"@id":"https:\/\/www.iplay.com\/en\/#\/schema\/logo\/image\/"}}]}},"_links":{"self":[{"href":"https:\/\/www.iplay.com\/es\/wp-json\/wp\/v2\/product\/135681","targetHints":{"allow":["GET"]}}],"collection":[{"href":"https:\/\/www.iplay.com\/es\/wp-json\/wp\/v2\/product"}],"about":[{"href":"https:\/\/www.iplay.com\/es\/wp-json\/wp\/v2\/types\/product"}],"author":[{"embeddable":true,"href":"https:\/\/www.iplay.com\/es\/wp-json\/wp\/v2\/users\/69"}],"replies":[{"embeddable":true,"href":"https:\/\/www.iplay.com\/es\/wp-json\/wp\/v2\/comments?post=135681"}],"wp:featuredmedia":[{"embeddable":true,"href":"https:\/\/www.iplay.com\/es\/wp-json\/wp\/v2\/media\/86723"}],"wp:attachment":[{"href":"https:\/\/www.iplay.com\/es\/wp-json\/wp\/v2\/media?parent=135681"}],"wp:term":[{"taxonomy":"product_brand","embeddable":true,"href":"https:\/\/www.iplay.com\/es\/wp-json\/wp\/v2\/product_brand?post=135681"},{"taxonomy":"product_cat","embeddable":true,"href":"https:\/\/www.iplay.com\/es\/wp-json\/wp\/v2\/product_cat?post=135681"},{"taxonomy":"product_tag","embeddable":true,"href":"https:\/\/www.iplay.com\/es\/wp-json\/wp\/v2\/product_tag?post=135681"}],"curies":[{"name":"wp","href":"https:\/\/api.w.org\/{rel}","templated":true}]}}