{"id":135644,"date":"2019-02-28T00:00:00","date_gmt":"2019-02-28T00:00:00","guid":{"rendered":"https:\/\/www.iplay.com\/games\/viking-sisters\/"},"modified":"2019-02-28T00:00:00","modified_gmt":"2019-02-28T00:00:00","slug":"viking-sisters","status":"publish","type":"product","link":"https:\/\/www.iplay.com\/es\/games\/viking-sisters\/","title":{"rendered":"Viking Sisters"},"content":{"rendered":"<p>Las hermanas vikingas estaban demostrando el verdadero significado de la fuerza femenina para los malhechores mucho antes de que las mujeres contempor\u00e1neas rompieran el techo de cristal. Acompa\u00f1a a la guerrera Brunilda y al druida Helga en su salida para liberar a los hombres de su aldea de los poderes de una cruel hechicera. Mientras las hermanas siguen a la Hechicera hasta los confines de la Tierra y m\u00e1s all\u00e1, gu\u00edalas a trav\u00e9s de un bosque encantado, a trav\u00e9s de g\u00e9lidos picos monta\u00f1osos y hacia el mism\u00edsimo infierno. Despu\u00e9s de forjar armas fuertes en el pa\u00eds de los enanos, participa en combates con gigantes, escorpiones y otros seres malvados. Por \u00faltimo, recopila y crea los materiales que las hermanas necesitan para cada etapa de su expedici\u00f3n. Podr\u00e1s jugar a minijuegos, aplicar potenciadores de mejora de trabajadores y desbloquear logros que demostrar\u00e1n tus habilidades a lo largo de la ruta. Un mundo rebosante de color, creatividad y encanto tambi\u00e9n te encantar\u00e1. \u00a1Todos pueden disfrutar de este cl\u00e1sico instant\u00e1neo, que demuestra que las chicas quieren divertirse, pero tambi\u00e9n pueden patear un poco cuando sea necesario, con las opciones de modos de juego Casual, Normal y Experto!       <\/p>\n<p>&nbsp;<\/p>\n<p>&nbsp;<\/p>\n<p><strong>Funciones:<\/strong><\/p>\n<p>&nbsp;<\/p>\n<p>&#8211; \u00a1Narrativa emocionante y emocionante!<br \/>\n&#8211; \u00a1Ambientes luminosos con gente divertid\u00edsima!<br \/>\n&#8211; \u00a1Jugabilidad f\u00e1cil de aprender pero dif\u00edcil!<br \/>\n&#8211; \u00a1Minijuegos, piezas de rompecabezas enterradas y m\u00e1s!<br \/>\n&#8211; \u00a1Un modo no cronometrado ideal para jugadores novatos y ni\u00f1os!<\/p>\n","protected":false},"excerpt":{"rendered":"<p>\u00a1Preserva a los hombres del pueblo! \u00a1Y demu\u00e9strales a los malhechores el verdadero significado de la fuerza de las ni\u00f1as! <\/p>\n","protected":false},"author":8,"featured_media":85934,"comment_status":"open","ping_status":"closed","template":"","meta":{"_acf_changed":false,"inline_featured_image":false},"product_brand":[],"product_cat":[212],"product_tag":[288],"class_list":{"0":"post-135644","1":"product","2":"type-product","3":"status-publish","4":"has-post-thumbnail","6":"product_cat-time-management-es","7":"product_tag-play-on-pc-es","9":"first","10":"instock","11":"shipping-taxable","12":"purchasable","13":"product-type-simple"},"acf":[],"yoast_head":"<!-- This site is optimized with the Yoast SEO Premium plugin v25.2 (Yoast SEO v25.2) - https:\/\/yoast.com\/wordpress\/plugins\/seo\/ -->\n<title>Viking Sisters - Muestra el poder femenino y salva a los hombres de la aldea<\/title>\n<meta name=\"description\" content=\"\u00a1Preserva a los hombres del pueblo! \u00a1Y demu\u00e9strales a los malhechores el verdadero significado de la fuerza de las ni\u00f1as!\" \/>\n<meta name=\"robots\" content=\"index, follow, max-snippet:-1, max-image-preview:large, max-video-preview:-1\" \/>\n<link rel=\"canonical\" href=\"https:\/\/www.iplay.com\/es\/games\/viking-sisters\/\" \/>\n<meta property=\"og:locale\" content=\"es_ES\" \/>\n<meta property=\"og:type\" content=\"article\" \/>\n<meta property=\"og:title\" content=\"Viking Sisters\" \/>\n<meta property=\"og:description\" content=\"\u00a1Preserva a los hombres del pueblo! \u00a1Y demu\u00e9strales a los malhechores el verdadero significado de la fuerza de las ni\u00f1as!\" \/>\n<meta property=\"og:url\" content=\"https:\/\/www.iplay.com\/es\/games\/viking-sisters\/\" \/>\n<meta property=\"og:site_name\" content=\"IPlay\" \/>\n<meta property=\"og:image\" content=\"https:\/\/www.iplay.com\/wp-content\/uploads\/2023\/12\/large_square_tile_image-2882.jpg\" \/>\n\t<meta property=\"og:image:width\" content=\"310\" \/>\n\t<meta property=\"og:image:height\" content=\"310\" \/>\n\t<meta property=\"og:image:type\" content=\"image\/jpeg\" \/>\n<meta name=\"twitter:card\" content=\"summary_large_image\" \/>\n<meta name=\"twitter:label1\" content=\"Est. reading time\" \/>\n\t<meta name=\"twitter:data1\" content=\"1 minuto\" \/>\n<script type=\"application\/ld+json\" class=\"yoast-schema-graph\">{\"@context\":\"https:\/\/schema.org\",\"@graph\":[{\"@type\":\"WebPage\",\"@id\":\"https:\/\/www.iplay.com\/es\/games\/viking-sisters\/\",\"url\":\"https:\/\/www.iplay.com\/es\/games\/viking-sisters\/\",\"name\":\"Viking Sisters - Muestra el poder femenino y salva a los hombres de la aldea\",\"isPartOf\":{\"@id\":\"https:\/\/www.iplay.com\/en\/#website\"},\"primaryImageOfPage\":{\"@id\":\"https:\/\/www.iplay.com\/es\/games\/viking-sisters\/#primaryimage\"},\"image\":{\"@id\":\"https:\/\/www.iplay.com\/es\/games\/viking-sisters\/#primaryimage\"},\"thumbnailUrl\":\"https:\/\/www.iplay.com\/wp-content\/uploads\/2023\/12\/large_square_tile_image-2882.jpg\",\"datePublished\":\"2019-02-28T00:00:00+00:00\",\"description\":\"\u00a1Preserva a los hombres del pueblo! \u00a1Y demu\u00e9strales a los malhechores el verdadero significado de la fuerza de las ni\u00f1as!\",\"breadcrumb\":{\"@id\":\"https:\/\/www.iplay.com\/es\/games\/viking-sisters\/#breadcrumb\"},\"inLanguage\":\"es\",\"potentialAction\":[{\"@type\":\"ReadAction\",\"target\":[\"https:\/\/www.iplay.com\/es\/games\/viking-sisters\/\"]}]},{\"@type\":\"ImageObject\",\"inLanguage\":\"es\",\"@id\":\"https:\/\/www.iplay.com\/es\/games\/viking-sisters\/#primaryimage\",\"url\":\"https:\/\/www.iplay.com\/wp-content\/uploads\/2023\/12\/large_square_tile_image-2882.jpg\",\"contentUrl\":\"https:\/\/www.iplay.com\/wp-content\/uploads\/2023\/12\/large_square_tile_image-2882.jpg\",\"width\":310,\"height\":310},{\"@type\":\"BreadcrumbList\",\"@id\":\"https:\/\/www.iplay.com\/es\/games\/viking-sisters\/#breadcrumb\",\"itemListElement\":[{\"@type\":\"ListItem\",\"position\":1,\"name\":\"Home\",\"item\":\"https:\/\/www.iplay.com\/es\/home-page-2\/\"},{\"@type\":\"ListItem\",\"position\":2,\"name\":\"Shop\",\"item\":\"https:\/\/www.iplay.com\/en\/shop\/\"},{\"@type\":\"ListItem\",\"position\":3,\"name\":\"Viking Sisters\"}]},{\"@type\":\"WebSite\",\"@id\":\"https:\/\/www.iplay.com\/en\/#website\",\"url\":\"https:\/\/www.iplay.com\/en\/\",\"name\":\"IPlay\",\"description\":\"The Best Casual Games!\",\"publisher\":{\"@id\":\"https:\/\/www.iplay.com\/en\/#organization\"},\"potentialAction\":[{\"@type\":\"SearchAction\",\"target\":{\"@type\":\"EntryPoint\",\"urlTemplate\":\"https:\/\/www.iplay.com\/en\/?s={search_term_string}\"},\"query-input\":{\"@type\":\"PropertyValueSpecification\",\"valueRequired\":true,\"valueName\":\"search_term_string\"}}],\"inLanguage\":\"es\"},{\"@type\":\"Organization\",\"@id\":\"https:\/\/www.iplay.com\/en\/#organization\",\"name\":\"IPlay\",\"url\":\"https:\/\/www.iplay.com\/en\/\",\"logo\":{\"@type\":\"ImageObject\",\"inLanguage\":\"es\",\"@id\":\"https:\/\/www.iplay.com\/en\/#\/schema\/logo\/image\/\",\"url\":\"https:\/\/www.iplay.com\/wp-content\/uploads\/2023\/11\/Group-6100.svg\",\"contentUrl\":\"https:\/\/www.iplay.com\/wp-content\/uploads\/2023\/11\/Group-6100.svg\",\"width\":98,\"height\":25,\"caption\":\"IPlay\"},\"image\":{\"@id\":\"https:\/\/www.iplay.com\/en\/#\/schema\/logo\/image\/\"}}]}<\/script>\n<!-- \/ Yoast SEO Premium plugin. -->","yoast_head_json":{"title":"Viking Sisters - Muestra el poder femenino y salva a los hombres de la aldea","description":"\u00a1Preserva a los hombres del pueblo! \u00a1Y demu\u00e9strales a los malhechores el verdadero significado de la fuerza de las ni\u00f1as!","robots":{"index":"index","follow":"follow","max-snippet":"max-snippet:-1","max-image-preview":"max-image-preview:large","max-video-preview":"max-video-preview:-1"},"canonical":"https:\/\/www.iplay.com\/es\/games\/viking-sisters\/","og_locale":"es_ES","og_type":"article","og_title":"Viking Sisters","og_description":"\u00a1Preserva a los hombres del pueblo! \u00a1Y demu\u00e9strales a los malhechores el verdadero significado de la fuerza de las ni\u00f1as!","og_url":"https:\/\/www.iplay.com\/es\/games\/viking-sisters\/","og_site_name":"IPlay","og_image":[{"width":310,"height":310,"url":"https:\/\/www.iplay.com\/wp-content\/uploads\/2023\/12\/large_square_tile_image-2882.jpg","type":"image\/jpeg"}],"twitter_card":"summary_large_image","twitter_misc":{"Est. reading time":"1 minuto"},"schema":{"@context":"https:\/\/schema.org","@graph":[{"@type":"WebPage","@id":"https:\/\/www.iplay.com\/es\/games\/viking-sisters\/","url":"https:\/\/www.iplay.com\/es\/games\/viking-sisters\/","name":"Viking Sisters - Muestra el poder femenino y salva a los hombres de la aldea","isPartOf":{"@id":"https:\/\/www.iplay.com\/en\/#website"},"primaryImageOfPage":{"@id":"https:\/\/www.iplay.com\/es\/games\/viking-sisters\/#primaryimage"},"image":{"@id":"https:\/\/www.iplay.com\/es\/games\/viking-sisters\/#primaryimage"},"thumbnailUrl":"https:\/\/www.iplay.com\/wp-content\/uploads\/2023\/12\/large_square_tile_image-2882.jpg","datePublished":"2019-02-28T00:00:00+00:00","description":"\u00a1Preserva a los hombres del pueblo! \u00a1Y demu\u00e9strales a los malhechores el verdadero significado de la fuerza de las ni\u00f1as!","breadcrumb":{"@id":"https:\/\/www.iplay.com\/es\/games\/viking-sisters\/#breadcrumb"},"inLanguage":"es","potentialAction":[{"@type":"ReadAction","target":["https:\/\/www.iplay.com\/es\/games\/viking-sisters\/"]}]},{"@type":"ImageObject","inLanguage":"es","@id":"https:\/\/www.iplay.com\/es\/games\/viking-sisters\/#primaryimage","url":"https:\/\/www.iplay.com\/wp-content\/uploads\/2023\/12\/large_square_tile_image-2882.jpg","contentUrl":"https:\/\/www.iplay.com\/wp-content\/uploads\/2023\/12\/large_square_tile_image-2882.jpg","width":310,"height":310},{"@type":"BreadcrumbList","@id":"https:\/\/www.iplay.com\/es\/games\/viking-sisters\/#breadcrumb","itemListElement":[{"@type":"ListItem","position":1,"name":"Home","item":"https:\/\/www.iplay.com\/es\/home-page-2\/"},{"@type":"ListItem","position":2,"name":"Shop","item":"https:\/\/www.iplay.com\/en\/shop\/"},{"@type":"ListItem","position":3,"name":"Viking Sisters"}]},{"@type":"WebSite","@id":"https:\/\/www.iplay.com\/en\/#website","url":"https:\/\/www.iplay.com\/en\/","name":"IPlay","description":"The Best Casual Games!","publisher":{"@id":"https:\/\/www.iplay.com\/en\/#organization"},"potentialAction":[{"@type":"SearchAction","target":{"@type":"EntryPoint","urlTemplate":"https:\/\/www.iplay.com\/en\/?s={search_term_string}"},"query-input":{"@type":"PropertyValueSpecification","valueRequired":true,"valueName":"search_term_string"}}],"inLanguage":"es"},{"@type":"Organization","@id":"https:\/\/www.iplay.com\/en\/#organization","name":"IPlay","url":"https:\/\/www.iplay.com\/en\/","logo":{"@type":"ImageObject","inLanguage":"es","@id":"https:\/\/www.iplay.com\/en\/#\/schema\/logo\/image\/","url":"https:\/\/www.iplay.com\/wp-content\/uploads\/2023\/11\/Group-6100.svg","contentUrl":"https:\/\/www.iplay.com\/wp-content\/uploads\/2023\/11\/Group-6100.svg","width":98,"height":25,"caption":"IPlay"},"image":{"@id":"https:\/\/www.iplay.com\/en\/#\/schema\/logo\/image\/"}}]}},"_links":{"self":[{"href":"https:\/\/www.iplay.com\/es\/wp-json\/wp\/v2\/product\/135644","targetHints":{"allow":["GET"]}}],"collection":[{"href":"https:\/\/www.iplay.com\/es\/wp-json\/wp\/v2\/product"}],"about":[{"href":"https:\/\/www.iplay.com\/es\/wp-json\/wp\/v2\/types\/product"}],"author":[{"embeddable":true,"href":"https:\/\/www.iplay.com\/es\/wp-json\/wp\/v2\/users\/8"}],"replies":[{"embeddable":true,"href":"https:\/\/www.iplay.com\/es\/wp-json\/wp\/v2\/comments?post=135644"}],"wp:featuredmedia":[{"embeddable":true,"href":"https:\/\/www.iplay.com\/es\/wp-json\/wp\/v2\/media\/85934"}],"wp:attachment":[{"href":"https:\/\/www.iplay.com\/es\/wp-json\/wp\/v2\/media?parent=135644"}],"wp:term":[{"taxonomy":"product_brand","embeddable":true,"href":"https:\/\/www.iplay.com\/es\/wp-json\/wp\/v2\/product_brand?post=135644"},{"taxonomy":"product_cat","embeddable":true,"href":"https:\/\/www.iplay.com\/es\/wp-json\/wp\/v2\/product_cat?post=135644"},{"taxonomy":"product_tag","embeddable":true,"href":"https:\/\/www.iplay.com\/es\/wp-json\/wp\/v2\/product_tag?post=135644"}],"curies":[{"name":"wp","href":"https:\/\/api.w.org\/{rel}","templated":true}]}}