{"id":135623,"date":"2019-04-18T00:00:01","date_gmt":"2019-04-18T00:00:01","guid":{"rendered":"https:\/\/www.iplay.com\/games\/ambers-airline-7-wonders\/"},"modified":"2019-04-18T00:00:01","modified_gmt":"2019-04-18T00:00:01","slug":"ambers-airline-7-wonders","status":"publish","type":"product","link":"https:\/\/www.iplay.com\/es\/games\/ambers-airline-7-wonders\/","title":{"rendered":"Amber&#8217;s Airline &#8211; 7 Wonders"},"content":{"rendered":"<p>\u00a1Amber est\u00e1 a punto de embarcarse en una aventura \u00fanica en la vida a bordo de Amber&#8217;s Airline &#8211; 7 Wonders! \u00bfAlguna vez has querido visitar las 7 Nuevas Maravillas del Mundo? \u00a1Ya puedes! En Ambers Airline 7 Wonders, un nuevo juego de gesti\u00f3n del tiempo, \u00fanete a Amber y a las chicas mientras vuelan por todo el mundo. Har\u00e1s algo m\u00e1s que ayudar a los pasajeros en el avi\u00f3n en este juego de historia. Despu\u00e9s de servir como auxiliar de vuelo en el aire, asistir\u00e1 a sus pasajeros VIP en tierra. Cuida sus maletas, pasaportes y su seguridad. Aseg\u00farese de que tengan todo el conocimiento y el equipo necesarios para disfrutar completamente de sus vacaciones de fantas\u00eda en el juego. Pon a prueba tus habilidades de gesti\u00f3n del tiempo. Aunque la gira de las 7 Maravillas hace que las chicas tengan un buen comienzo, el desastre pronto sigue. El drama ocurre entre la tripulaci\u00f3n con la majestuosidad de la Gran Muralla, Chich\u00e9n Itz\u00e1, el Taj Mahal, el Cristo Redentor, el Coliseo, Petra y Machu Picchu. Amber debe estar a la altura de las circunstancias y ayudar a sus compa\u00f1eros de trabajo. \u00a1Este juego pondr\u00e1 a prueba tus habilidades de gesti\u00f3n del tiempo mientras haces malabarismos con el trabajo y las conexiones personales! En t\u00e9rminos de conexiones personales, Amber est\u00e1 pasando por su per\u00edodo emocional m\u00e1s dif\u00edcil hasta el momento. No ser\u00e1 sencillo. \u00bfPuedes ayudar a Amber?               <\/p>\n<p>&nbsp;<\/p>\n<p>&nbsp;<\/p>\n<p><strong>Funciones:<\/strong><\/p>\n<p>&nbsp;<\/p>\n<p>&#8211; Vuela con las chicas para descubrir las 7 Maravillas<\/p>\n<p>&#8211; Disfruta de la misma maravillosa jugabilidad que Ambers Airline High Hopes<\/p>\n<p>&#8211; \u00a1Consigue esa sensaci\u00f3n de viaje volando a cada lugar antes de visitarlo!<\/p>\n<p>&#8211; Explora 60 niveles de historia y 30 niveles de gesti\u00f3n del tiempo dif\u00edcil<\/p>\n<p>&#8211; \u00a1Desbloquea impresionantes dise\u00f1os de Angela Napoli y elige lo que usan las azafatas!<\/p>\n<p>&#8211; Abr\u00f3chate el cintur\u00f3n para 19 minijuegos con tem\u00e1tica de viajes<\/p>\n<p>&#8211; \u00a1Algunas chicas llevan diarios en los que leen \u00e1mbar!<\/p>\n","protected":false},"excerpt":{"rendered":"<p>\u00a1Prep\u00e1rate para volar en esta &#8220;maravillosa&#8221; aventura de gesti\u00f3n del tiempo con Amber!<\/p>\n","protected":false},"author":10,"featured_media":85566,"comment_status":"open","ping_status":"closed","template":"","meta":{"_acf_changed":false,"inline_featured_image":false},"product_brand":[],"product_cat":[212],"product_tag":[288],"class_list":{"0":"post-135623","1":"product","2":"type-product","3":"status-publish","4":"has-post-thumbnail","6":"product_cat-time-management-es","7":"product_tag-play-on-pc-es","9":"first","10":"instock","11":"shipping-taxable","12":"purchasable","13":"product-type-simple"},"acf":[],"yoast_head":"<!-- This site is optimized with the Yoast SEO Premium plugin v25.2 (Yoast SEO v25.2) - https:\/\/yoast.com\/wordpress\/plugins\/seo\/ -->\n<title>Amber&#039;s Airline - 7 Wonders - Vuela con Amber en una &quot;maravillosa&quot; aventura de gesti\u00f3n del tiempo<\/title>\n<meta name=\"description\" content=\"\u00a1Prep\u00e1rate para volar en esta &quot;maravillosa&quot; aventura de gesti\u00f3n del tiempo con Amber!\" \/>\n<meta name=\"robots\" content=\"index, follow, max-snippet:-1, max-image-preview:large, max-video-preview:-1\" \/>\n<link rel=\"canonical\" href=\"https:\/\/www.iplay.com\/es\/games\/ambers-airline-7-wonders\/\" \/>\n<meta property=\"og:locale\" content=\"es_ES\" \/>\n<meta property=\"og:type\" content=\"article\" \/>\n<meta property=\"og:title\" content=\"Amber&#039;s Airline - 7 Wonders\" \/>\n<meta property=\"og:description\" content=\"\u00a1Prep\u00e1rate para volar en esta &quot;maravillosa&quot; aventura de gesti\u00f3n del tiempo con Amber!\" \/>\n<meta property=\"og:url\" content=\"https:\/\/www.iplay.com\/es\/games\/ambers-airline-7-wonders\/\" \/>\n<meta property=\"og:site_name\" content=\"IPlay\" \/>\n<meta property=\"og:image\" content=\"https:\/\/www.iplay.com\/wp-content\/uploads\/2023\/12\/large_square_tile_image-2859.jpg\" \/>\n\t<meta property=\"og:image:width\" content=\"310\" \/>\n\t<meta property=\"og:image:height\" content=\"310\" \/>\n\t<meta property=\"og:image:type\" content=\"image\/jpeg\" \/>\n<meta name=\"twitter:card\" content=\"summary_large_image\" \/>\n<meta name=\"twitter:label1\" content=\"Est. reading time\" \/>\n\t<meta name=\"twitter:data1\" content=\"2 minutos\" \/>\n<script type=\"application\/ld+json\" class=\"yoast-schema-graph\">{\"@context\":\"https:\/\/schema.org\",\"@graph\":[{\"@type\":\"WebPage\",\"@id\":\"https:\/\/www.iplay.com\/es\/games\/ambers-airline-7-wonders\/\",\"url\":\"https:\/\/www.iplay.com\/es\/games\/ambers-airline-7-wonders\/\",\"name\":\"Amber's Airline - 7 Wonders - Vuela con Amber en una \\\"maravillosa\\\" aventura de gesti\u00f3n del tiempo\",\"isPartOf\":{\"@id\":\"https:\/\/www.iplay.com\/en\/#website\"},\"primaryImageOfPage\":{\"@id\":\"https:\/\/www.iplay.com\/es\/games\/ambers-airline-7-wonders\/#primaryimage\"},\"image\":{\"@id\":\"https:\/\/www.iplay.com\/es\/games\/ambers-airline-7-wonders\/#primaryimage\"},\"thumbnailUrl\":\"https:\/\/www.iplay.com\/wp-content\/uploads\/2023\/12\/large_square_tile_image-2859.jpg\",\"datePublished\":\"2019-04-18T00:00:01+00:00\",\"description\":\"\u00a1Prep\u00e1rate para volar en esta \\\"maravillosa\\\" aventura de gesti\u00f3n del tiempo con Amber!\",\"breadcrumb\":{\"@id\":\"https:\/\/www.iplay.com\/es\/games\/ambers-airline-7-wonders\/#breadcrumb\"},\"inLanguage\":\"es\",\"potentialAction\":[{\"@type\":\"ReadAction\",\"target\":[\"https:\/\/www.iplay.com\/es\/games\/ambers-airline-7-wonders\/\"]}]},{\"@type\":\"ImageObject\",\"inLanguage\":\"es\",\"@id\":\"https:\/\/www.iplay.com\/es\/games\/ambers-airline-7-wonders\/#primaryimage\",\"url\":\"https:\/\/www.iplay.com\/wp-content\/uploads\/2023\/12\/large_square_tile_image-2859.jpg\",\"contentUrl\":\"https:\/\/www.iplay.com\/wp-content\/uploads\/2023\/12\/large_square_tile_image-2859.jpg\",\"width\":310,\"height\":310},{\"@type\":\"BreadcrumbList\",\"@id\":\"https:\/\/www.iplay.com\/es\/games\/ambers-airline-7-wonders\/#breadcrumb\",\"itemListElement\":[{\"@type\":\"ListItem\",\"position\":1,\"name\":\"Home\",\"item\":\"https:\/\/www.iplay.com\/es\/home-page-2\/\"},{\"@type\":\"ListItem\",\"position\":2,\"name\":\"Shop\",\"item\":\"https:\/\/www.iplay.com\/en\/shop\/\"},{\"@type\":\"ListItem\",\"position\":3,\"name\":\"Amber&#8217;s Airline &#8211; 7 Wonders\"}]},{\"@type\":\"WebSite\",\"@id\":\"https:\/\/www.iplay.com\/en\/#website\",\"url\":\"https:\/\/www.iplay.com\/en\/\",\"name\":\"IPlay\",\"description\":\"The Best Casual Games!\",\"publisher\":{\"@id\":\"https:\/\/www.iplay.com\/en\/#organization\"},\"potentialAction\":[{\"@type\":\"SearchAction\",\"target\":{\"@type\":\"EntryPoint\",\"urlTemplate\":\"https:\/\/www.iplay.com\/en\/?s={search_term_string}\"},\"query-input\":{\"@type\":\"PropertyValueSpecification\",\"valueRequired\":true,\"valueName\":\"search_term_string\"}}],\"inLanguage\":\"es\"},{\"@type\":\"Organization\",\"@id\":\"https:\/\/www.iplay.com\/en\/#organization\",\"name\":\"IPlay\",\"url\":\"https:\/\/www.iplay.com\/en\/\",\"logo\":{\"@type\":\"ImageObject\",\"inLanguage\":\"es\",\"@id\":\"https:\/\/www.iplay.com\/en\/#\/schema\/logo\/image\/\",\"url\":\"https:\/\/www.iplay.com\/wp-content\/uploads\/2023\/11\/Group-6100.svg\",\"contentUrl\":\"https:\/\/www.iplay.com\/wp-content\/uploads\/2023\/11\/Group-6100.svg\",\"width\":98,\"height\":25,\"caption\":\"IPlay\"},\"image\":{\"@id\":\"https:\/\/www.iplay.com\/en\/#\/schema\/logo\/image\/\"}}]}<\/script>\n<!-- \/ Yoast SEO Premium plugin. -->","yoast_head_json":{"title":"Amber's Airline - 7 Wonders - Vuela con Amber en una \"maravillosa\" aventura de gesti\u00f3n del tiempo","description":"\u00a1Prep\u00e1rate para volar en esta \"maravillosa\" aventura de gesti\u00f3n del tiempo con Amber!","robots":{"index":"index","follow":"follow","max-snippet":"max-snippet:-1","max-image-preview":"max-image-preview:large","max-video-preview":"max-video-preview:-1"},"canonical":"https:\/\/www.iplay.com\/es\/games\/ambers-airline-7-wonders\/","og_locale":"es_ES","og_type":"article","og_title":"Amber's Airline - 7 Wonders","og_description":"\u00a1Prep\u00e1rate para volar en esta \"maravillosa\" aventura de gesti\u00f3n del tiempo con Amber!","og_url":"https:\/\/www.iplay.com\/es\/games\/ambers-airline-7-wonders\/","og_site_name":"IPlay","og_image":[{"width":310,"height":310,"url":"https:\/\/www.iplay.com\/wp-content\/uploads\/2023\/12\/large_square_tile_image-2859.jpg","type":"image\/jpeg"}],"twitter_card":"summary_large_image","twitter_misc":{"Est. reading time":"2 minutos"},"schema":{"@context":"https:\/\/schema.org","@graph":[{"@type":"WebPage","@id":"https:\/\/www.iplay.com\/es\/games\/ambers-airline-7-wonders\/","url":"https:\/\/www.iplay.com\/es\/games\/ambers-airline-7-wonders\/","name":"Amber's Airline - 7 Wonders - Vuela con Amber en una \"maravillosa\" aventura de gesti\u00f3n del tiempo","isPartOf":{"@id":"https:\/\/www.iplay.com\/en\/#website"},"primaryImageOfPage":{"@id":"https:\/\/www.iplay.com\/es\/games\/ambers-airline-7-wonders\/#primaryimage"},"image":{"@id":"https:\/\/www.iplay.com\/es\/games\/ambers-airline-7-wonders\/#primaryimage"},"thumbnailUrl":"https:\/\/www.iplay.com\/wp-content\/uploads\/2023\/12\/large_square_tile_image-2859.jpg","datePublished":"2019-04-18T00:00:01+00:00","description":"\u00a1Prep\u00e1rate para volar en esta \"maravillosa\" aventura de gesti\u00f3n del tiempo con Amber!","breadcrumb":{"@id":"https:\/\/www.iplay.com\/es\/games\/ambers-airline-7-wonders\/#breadcrumb"},"inLanguage":"es","potentialAction":[{"@type":"ReadAction","target":["https:\/\/www.iplay.com\/es\/games\/ambers-airline-7-wonders\/"]}]},{"@type":"ImageObject","inLanguage":"es","@id":"https:\/\/www.iplay.com\/es\/games\/ambers-airline-7-wonders\/#primaryimage","url":"https:\/\/www.iplay.com\/wp-content\/uploads\/2023\/12\/large_square_tile_image-2859.jpg","contentUrl":"https:\/\/www.iplay.com\/wp-content\/uploads\/2023\/12\/large_square_tile_image-2859.jpg","width":310,"height":310},{"@type":"BreadcrumbList","@id":"https:\/\/www.iplay.com\/es\/games\/ambers-airline-7-wonders\/#breadcrumb","itemListElement":[{"@type":"ListItem","position":1,"name":"Home","item":"https:\/\/www.iplay.com\/es\/home-page-2\/"},{"@type":"ListItem","position":2,"name":"Shop","item":"https:\/\/www.iplay.com\/en\/shop\/"},{"@type":"ListItem","position":3,"name":"Amber&#8217;s Airline &#8211; 7 Wonders"}]},{"@type":"WebSite","@id":"https:\/\/www.iplay.com\/en\/#website","url":"https:\/\/www.iplay.com\/en\/","name":"IPlay","description":"The Best Casual Games!","publisher":{"@id":"https:\/\/www.iplay.com\/en\/#organization"},"potentialAction":[{"@type":"SearchAction","target":{"@type":"EntryPoint","urlTemplate":"https:\/\/www.iplay.com\/en\/?s={search_term_string}"},"query-input":{"@type":"PropertyValueSpecification","valueRequired":true,"valueName":"search_term_string"}}],"inLanguage":"es"},{"@type":"Organization","@id":"https:\/\/www.iplay.com\/en\/#organization","name":"IPlay","url":"https:\/\/www.iplay.com\/en\/","logo":{"@type":"ImageObject","inLanguage":"es","@id":"https:\/\/www.iplay.com\/en\/#\/schema\/logo\/image\/","url":"https:\/\/www.iplay.com\/wp-content\/uploads\/2023\/11\/Group-6100.svg","contentUrl":"https:\/\/www.iplay.com\/wp-content\/uploads\/2023\/11\/Group-6100.svg","width":98,"height":25,"caption":"IPlay"},"image":{"@id":"https:\/\/www.iplay.com\/en\/#\/schema\/logo\/image\/"}}]}},"_links":{"self":[{"href":"https:\/\/www.iplay.com\/es\/wp-json\/wp\/v2\/product\/135623","targetHints":{"allow":["GET"]}}],"collection":[{"href":"https:\/\/www.iplay.com\/es\/wp-json\/wp\/v2\/product"}],"about":[{"href":"https:\/\/www.iplay.com\/es\/wp-json\/wp\/v2\/types\/product"}],"author":[{"embeddable":true,"href":"https:\/\/www.iplay.com\/es\/wp-json\/wp\/v2\/users\/10"}],"replies":[{"embeddable":true,"href":"https:\/\/www.iplay.com\/es\/wp-json\/wp\/v2\/comments?post=135623"}],"wp:featuredmedia":[{"embeddable":true,"href":"https:\/\/www.iplay.com\/es\/wp-json\/wp\/v2\/media\/85566"}],"wp:attachment":[{"href":"https:\/\/www.iplay.com\/es\/wp-json\/wp\/v2\/media?parent=135623"}],"wp:term":[{"taxonomy":"product_brand","embeddable":true,"href":"https:\/\/www.iplay.com\/es\/wp-json\/wp\/v2\/product_brand?post=135623"},{"taxonomy":"product_cat","embeddable":true,"href":"https:\/\/www.iplay.com\/es\/wp-json\/wp\/v2\/product_cat?post=135623"},{"taxonomy":"product_tag","embeddable":true,"href":"https:\/\/www.iplay.com\/es\/wp-json\/wp\/v2\/product_tag?post=135623"}],"curies":[{"name":"wp","href":"https:\/\/api.w.org\/{rel}","templated":true}]}}