{"id":135581,"date":"2019-08-24T00:00:00","date_gmt":"2019-08-24T00:00:00","guid":{"rendered":"https:\/\/www.iplay.com\/games\/alicia-quatermain-4-da-vinci-and-the-time-machine-collectors-edition\/"},"modified":"2019-08-24T00:00:00","modified_gmt":"2019-08-24T00:00:00","slug":"alicia-quatermain-4-da-vinci-and-the-time-machine-collectors-edition","status":"publish","type":"product","link":"https:\/\/www.iplay.com\/es\/games\/alicia-quatermain-4-da-vinci-and-the-time-machine-collectors-edition\/","title":{"rendered":"Alicia Quatermain 4: Da Vinci and the Time Machine Collector&#8217;s Edition"},"content":{"rendered":"<p>\u00a1Resulta que Da Vinci invent\u00f3 la m\u00e1quina del tiempo! Sin embargo, el nuevo invento no sali\u00f3 como se esperaba. \u00a1Debido a un error de c\u00e1lculo, la amada Cecilia de Da Vinci fue arrojada atr\u00e1s en el tiempo! Da Vinci decidi\u00f3 perseguirla en un intento de salvar a la dama que amaba, pero en su lugar viaj\u00f3 al futuro. No es demasiado tarde para reparar el da\u00f1o, \u00a1pero el brillante cient\u00edfico querr\u00e1 la ayuda de Alicia Quatermain! \u00a1Los dos viajar\u00e1n a trav\u00e9s del tiempo y el espacio, visitando lugares m\u00edticos! \u00bfPodr\u00e1n Alicia y Leonardo Da Vinci salvar a Cecilia y evitar una cat\u00e1strofe de viajes en el tiempo? Las aventuras de Alicia Quatermas contin\u00faan.       <\/p>\n<p>&nbsp;<\/p>\n<p>&nbsp;<\/p>\n<p><strong>Funciones:<\/strong><\/p>\n<p>&nbsp;<\/p>\n<p>&#8211; Impresionantes gr\u00e1ficos Full HD<\/p>\n<p>&#8211; Desaf\u00edos especiales para jugadores talentosos en modo dif\u00edcil<\/p>\n<p>&#8211; Una trama cautivadora y personajes interesantes<\/p>\n<p>&#8211; Rompecabezas y niveles de bonificaci\u00f3n para jugadores atentos<\/p>\n<p>&#8211; La oportunidad de salvaguardar una reliquia rara<\/p>\n","protected":false},"excerpt":{"rendered":"<p>\u00a1Alicia se embarca en una incre\u00edble aventura con Da Vinci! Dentro de la Edici\u00f3n de Coleccionista de Alicia Quatermain 4 <\/p>\n","protected":false},"author":14,"featured_media":84782,"comment_status":"open","ping_status":"closed","template":"","meta":{"_acf_changed":false,"inline_featured_image":false},"product_brand":[],"product_cat":[212],"product_tag":[288],"class_list":{"0":"post-135581","1":"product","2":"type-product","3":"status-publish","4":"has-post-thumbnail","6":"product_cat-time-management-es","7":"product_tag-play-on-pc-es","9":"first","10":"instock","11":"shipping-taxable","12":"purchasable","13":"product-type-simple"},"acf":[],"yoast_head":"<!-- This site is optimized with the Yoast SEO Premium plugin v25.2 (Yoast SEO v25.2) - https:\/\/yoast.com\/wordpress\/plugins\/seo\/ -->\n<title>Alicia Quatermain 4: Da Vinci y la M\u00e1quina del Tiempo Edici\u00f3n Coleccionista - \u00danete a Alicia Quatermain en un viaje de aventuras<\/title>\n<meta name=\"description\" content=\"\u00a1Alicia se embarca en una incre\u00edble aventura con Da Vinci! Dentro de la Edici\u00f3n de Coleccionista de Alicia Quatermain 4\" \/>\n<meta name=\"robots\" content=\"index, follow, max-snippet:-1, max-image-preview:large, max-video-preview:-1\" \/>\n<link rel=\"canonical\" href=\"https:\/\/www.iplay.com\/es\/games\/alicia-quatermain-4-da-vinci-and-the-time-machine-collectors-edition\/\" \/>\n<meta property=\"og:locale\" content=\"es_ES\" \/>\n<meta property=\"og:type\" content=\"article\" \/>\n<meta property=\"og:title\" content=\"Alicia Quatermain 4: Da Vinci and the Time Machine Collector&#039;s Edition\" \/>\n<meta property=\"og:description\" content=\"\u00a1Alicia se embarca en una incre\u00edble aventura con Da Vinci! Dentro de la Edici\u00f3n de Coleccionista de Alicia Quatermain 4\" \/>\n<meta property=\"og:url\" content=\"https:\/\/www.iplay.com\/es\/games\/alicia-quatermain-4-da-vinci-and-the-time-machine-collectors-edition\/\" \/>\n<meta property=\"og:site_name\" content=\"IPlay\" \/>\n<meta property=\"og:image\" content=\"https:\/\/www.iplay.com\/wp-content\/uploads\/2023\/12\/large_square_tile_image-2809.jpg\" \/>\n\t<meta property=\"og:image:width\" content=\"310\" \/>\n\t<meta property=\"og:image:height\" content=\"310\" \/>\n\t<meta property=\"og:image:type\" content=\"image\/jpeg\" \/>\n<meta name=\"twitter:card\" content=\"summary_large_image\" \/>\n<meta name=\"twitter:label1\" content=\"Est. reading time\" \/>\n\t<meta name=\"twitter:data1\" content=\"1 minuto\" \/>\n<script type=\"application\/ld+json\" class=\"yoast-schema-graph\">{\"@context\":\"https:\/\/schema.org\",\"@graph\":[{\"@type\":\"WebPage\",\"@id\":\"https:\/\/www.iplay.com\/es\/games\/alicia-quatermain-4-da-vinci-and-the-time-machine-collectors-edition\/\",\"url\":\"https:\/\/www.iplay.com\/es\/games\/alicia-quatermain-4-da-vinci-and-the-time-machine-collectors-edition\/\",\"name\":\"Alicia Quatermain 4: Da Vinci y la M\u00e1quina del Tiempo Edici\u00f3n Coleccionista - \u00danete a Alicia Quatermain en un viaje de aventuras\",\"isPartOf\":{\"@id\":\"https:\/\/www.iplay.com\/en\/#website\"},\"primaryImageOfPage\":{\"@id\":\"https:\/\/www.iplay.com\/es\/games\/alicia-quatermain-4-da-vinci-and-the-time-machine-collectors-edition\/#primaryimage\"},\"image\":{\"@id\":\"https:\/\/www.iplay.com\/es\/games\/alicia-quatermain-4-da-vinci-and-the-time-machine-collectors-edition\/#primaryimage\"},\"thumbnailUrl\":\"https:\/\/www.iplay.com\/wp-content\/uploads\/2023\/12\/large_square_tile_image-2809.jpg\",\"datePublished\":\"2019-08-24T00:00:00+00:00\",\"description\":\"\u00a1Alicia se embarca en una incre\u00edble aventura con Da Vinci! Dentro de la Edici\u00f3n de Coleccionista de Alicia Quatermain 4\",\"breadcrumb\":{\"@id\":\"https:\/\/www.iplay.com\/es\/games\/alicia-quatermain-4-da-vinci-and-the-time-machine-collectors-edition\/#breadcrumb\"},\"inLanguage\":\"es\",\"potentialAction\":[{\"@type\":\"ReadAction\",\"target\":[\"https:\/\/www.iplay.com\/es\/games\/alicia-quatermain-4-da-vinci-and-the-time-machine-collectors-edition\/\"]}]},{\"@type\":\"ImageObject\",\"inLanguage\":\"es\",\"@id\":\"https:\/\/www.iplay.com\/es\/games\/alicia-quatermain-4-da-vinci-and-the-time-machine-collectors-edition\/#primaryimage\",\"url\":\"https:\/\/www.iplay.com\/wp-content\/uploads\/2023\/12\/large_square_tile_image-2809.jpg\",\"contentUrl\":\"https:\/\/www.iplay.com\/wp-content\/uploads\/2023\/12\/large_square_tile_image-2809.jpg\",\"width\":310,\"height\":310},{\"@type\":\"BreadcrumbList\",\"@id\":\"https:\/\/www.iplay.com\/es\/games\/alicia-quatermain-4-da-vinci-and-the-time-machine-collectors-edition\/#breadcrumb\",\"itemListElement\":[{\"@type\":\"ListItem\",\"position\":1,\"name\":\"Home\",\"item\":\"https:\/\/www.iplay.com\/es\/home-page-2\/\"},{\"@type\":\"ListItem\",\"position\":2,\"name\":\"Shop\",\"item\":\"https:\/\/www.iplay.com\/en\/shop\/\"},{\"@type\":\"ListItem\",\"position\":3,\"name\":\"Alicia Quatermain 4: Da Vinci and the Time Machine Collector&#8217;s Edition\"}]},{\"@type\":\"WebSite\",\"@id\":\"https:\/\/www.iplay.com\/en\/#website\",\"url\":\"https:\/\/www.iplay.com\/en\/\",\"name\":\"IPlay\",\"description\":\"The Best Casual Games!\",\"publisher\":{\"@id\":\"https:\/\/www.iplay.com\/en\/#organization\"},\"potentialAction\":[{\"@type\":\"SearchAction\",\"target\":{\"@type\":\"EntryPoint\",\"urlTemplate\":\"https:\/\/www.iplay.com\/en\/?s={search_term_string}\"},\"query-input\":{\"@type\":\"PropertyValueSpecification\",\"valueRequired\":true,\"valueName\":\"search_term_string\"}}],\"inLanguage\":\"es\"},{\"@type\":\"Organization\",\"@id\":\"https:\/\/www.iplay.com\/en\/#organization\",\"name\":\"IPlay\",\"url\":\"https:\/\/www.iplay.com\/en\/\",\"logo\":{\"@type\":\"ImageObject\",\"inLanguage\":\"es\",\"@id\":\"https:\/\/www.iplay.com\/en\/#\/schema\/logo\/image\/\",\"url\":\"https:\/\/www.iplay.com\/wp-content\/uploads\/2023\/11\/Group-6100.svg\",\"contentUrl\":\"https:\/\/www.iplay.com\/wp-content\/uploads\/2023\/11\/Group-6100.svg\",\"width\":98,\"height\":25,\"caption\":\"IPlay\"},\"image\":{\"@id\":\"https:\/\/www.iplay.com\/en\/#\/schema\/logo\/image\/\"}}]}<\/script>\n<!-- \/ Yoast SEO Premium plugin. -->","yoast_head_json":{"title":"Alicia Quatermain 4: Da Vinci y la M\u00e1quina del Tiempo Edici\u00f3n Coleccionista - \u00danete a Alicia Quatermain en un viaje de aventuras","description":"\u00a1Alicia se embarca en una incre\u00edble aventura con Da Vinci! Dentro de la Edici\u00f3n de Coleccionista de Alicia Quatermain 4","robots":{"index":"index","follow":"follow","max-snippet":"max-snippet:-1","max-image-preview":"max-image-preview:large","max-video-preview":"max-video-preview:-1"},"canonical":"https:\/\/www.iplay.com\/es\/games\/alicia-quatermain-4-da-vinci-and-the-time-machine-collectors-edition\/","og_locale":"es_ES","og_type":"article","og_title":"Alicia Quatermain 4: Da Vinci and the Time Machine Collector's Edition","og_description":"\u00a1Alicia se embarca en una incre\u00edble aventura con Da Vinci! Dentro de la Edici\u00f3n de Coleccionista de Alicia Quatermain 4","og_url":"https:\/\/www.iplay.com\/es\/games\/alicia-quatermain-4-da-vinci-and-the-time-machine-collectors-edition\/","og_site_name":"IPlay","og_image":[{"width":310,"height":310,"url":"https:\/\/www.iplay.com\/wp-content\/uploads\/2023\/12\/large_square_tile_image-2809.jpg","type":"image\/jpeg"}],"twitter_card":"summary_large_image","twitter_misc":{"Est. reading time":"1 minuto"},"schema":{"@context":"https:\/\/schema.org","@graph":[{"@type":"WebPage","@id":"https:\/\/www.iplay.com\/es\/games\/alicia-quatermain-4-da-vinci-and-the-time-machine-collectors-edition\/","url":"https:\/\/www.iplay.com\/es\/games\/alicia-quatermain-4-da-vinci-and-the-time-machine-collectors-edition\/","name":"Alicia Quatermain 4: Da Vinci y la M\u00e1quina del Tiempo Edici\u00f3n Coleccionista - \u00danete a Alicia Quatermain en un viaje de aventuras","isPartOf":{"@id":"https:\/\/www.iplay.com\/en\/#website"},"primaryImageOfPage":{"@id":"https:\/\/www.iplay.com\/es\/games\/alicia-quatermain-4-da-vinci-and-the-time-machine-collectors-edition\/#primaryimage"},"image":{"@id":"https:\/\/www.iplay.com\/es\/games\/alicia-quatermain-4-da-vinci-and-the-time-machine-collectors-edition\/#primaryimage"},"thumbnailUrl":"https:\/\/www.iplay.com\/wp-content\/uploads\/2023\/12\/large_square_tile_image-2809.jpg","datePublished":"2019-08-24T00:00:00+00:00","description":"\u00a1Alicia se embarca en una incre\u00edble aventura con Da Vinci! Dentro de la Edici\u00f3n de Coleccionista de Alicia Quatermain 4","breadcrumb":{"@id":"https:\/\/www.iplay.com\/es\/games\/alicia-quatermain-4-da-vinci-and-the-time-machine-collectors-edition\/#breadcrumb"},"inLanguage":"es","potentialAction":[{"@type":"ReadAction","target":["https:\/\/www.iplay.com\/es\/games\/alicia-quatermain-4-da-vinci-and-the-time-machine-collectors-edition\/"]}]},{"@type":"ImageObject","inLanguage":"es","@id":"https:\/\/www.iplay.com\/es\/games\/alicia-quatermain-4-da-vinci-and-the-time-machine-collectors-edition\/#primaryimage","url":"https:\/\/www.iplay.com\/wp-content\/uploads\/2023\/12\/large_square_tile_image-2809.jpg","contentUrl":"https:\/\/www.iplay.com\/wp-content\/uploads\/2023\/12\/large_square_tile_image-2809.jpg","width":310,"height":310},{"@type":"BreadcrumbList","@id":"https:\/\/www.iplay.com\/es\/games\/alicia-quatermain-4-da-vinci-and-the-time-machine-collectors-edition\/#breadcrumb","itemListElement":[{"@type":"ListItem","position":1,"name":"Home","item":"https:\/\/www.iplay.com\/es\/home-page-2\/"},{"@type":"ListItem","position":2,"name":"Shop","item":"https:\/\/www.iplay.com\/en\/shop\/"},{"@type":"ListItem","position":3,"name":"Alicia Quatermain 4: Da Vinci and the Time Machine Collector&#8217;s Edition"}]},{"@type":"WebSite","@id":"https:\/\/www.iplay.com\/en\/#website","url":"https:\/\/www.iplay.com\/en\/","name":"IPlay","description":"The Best Casual Games!","publisher":{"@id":"https:\/\/www.iplay.com\/en\/#organization"},"potentialAction":[{"@type":"SearchAction","target":{"@type":"EntryPoint","urlTemplate":"https:\/\/www.iplay.com\/en\/?s={search_term_string}"},"query-input":{"@type":"PropertyValueSpecification","valueRequired":true,"valueName":"search_term_string"}}],"inLanguage":"es"},{"@type":"Organization","@id":"https:\/\/www.iplay.com\/en\/#organization","name":"IPlay","url":"https:\/\/www.iplay.com\/en\/","logo":{"@type":"ImageObject","inLanguage":"es","@id":"https:\/\/www.iplay.com\/en\/#\/schema\/logo\/image\/","url":"https:\/\/www.iplay.com\/wp-content\/uploads\/2023\/11\/Group-6100.svg","contentUrl":"https:\/\/www.iplay.com\/wp-content\/uploads\/2023\/11\/Group-6100.svg","width":98,"height":25,"caption":"IPlay"},"image":{"@id":"https:\/\/www.iplay.com\/en\/#\/schema\/logo\/image\/"}}]}},"_links":{"self":[{"href":"https:\/\/www.iplay.com\/es\/wp-json\/wp\/v2\/product\/135581","targetHints":{"allow":["GET"]}}],"collection":[{"href":"https:\/\/www.iplay.com\/es\/wp-json\/wp\/v2\/product"}],"about":[{"href":"https:\/\/www.iplay.com\/es\/wp-json\/wp\/v2\/types\/product"}],"author":[{"embeddable":true,"href":"https:\/\/www.iplay.com\/es\/wp-json\/wp\/v2\/users\/14"}],"replies":[{"embeddable":true,"href":"https:\/\/www.iplay.com\/es\/wp-json\/wp\/v2\/comments?post=135581"}],"wp:featuredmedia":[{"embeddable":true,"href":"https:\/\/www.iplay.com\/es\/wp-json\/wp\/v2\/media\/84782"}],"wp:attachment":[{"href":"https:\/\/www.iplay.com\/es\/wp-json\/wp\/v2\/media?parent=135581"}],"wp:term":[{"taxonomy":"product_brand","embeddable":true,"href":"https:\/\/www.iplay.com\/es\/wp-json\/wp\/v2\/product_brand?post=135581"},{"taxonomy":"product_cat","embeddable":true,"href":"https:\/\/www.iplay.com\/es\/wp-json\/wp\/v2\/product_cat?post=135581"},{"taxonomy":"product_tag","embeddable":true,"href":"https:\/\/www.iplay.com\/es\/wp-json\/wp\/v2\/product_tag?post=135581"}],"curies":[{"name":"wp","href":"https:\/\/api.w.org\/{rel}","templated":true}]}}