{"id":135565,"date":"2019-10-10T00:00:00","date_gmt":"2019-10-10T00:00:00","guid":{"rendered":"https:\/\/www.iplay.com\/games\/magic-farm-3-the-ice-danger\/"},"modified":"2019-10-10T00:00:00","modified_gmt":"2019-10-10T00:00:00","slug":"magic-farm-3-the-ice-danger","status":"publish","type":"product","link":"https:\/\/www.iplay.com\/es\/games\/magic-farm-3-the-ice-danger\/","title":{"rendered":"Magic Farm 3 &#8211; The Ice Danger"},"content":{"rendered":"<p>Puedes ir a tu propio ritmo en Magic Farm 3: Ice Danger. Mantenga sus granjas y haga los cambios que considere oportunos. Conoce gente, completa misiones, explora el reino m\u00e1gico e intercambia productos por objetos \u00fanicos. \u00a1La protagonista del juego, Iris, con la incre\u00edble capacidad de generar flores impresionantes! \u00bfQui\u00e9n hubiera adivinado que justo cuando las cosas se pon\u00edan realmente dif\u00edciles, esta habilidad ser\u00eda \u00fatil? La tierra natal de Iris fue golpeada inesperadamente por la nieve y las ventiscas. Para averiguar lo ocurrido, se embarc\u00f3 en una aventura con sus antiguos camaradas y su mejor amigo, el drag\u00f3n Robin. Iris tendr\u00e1 que salvar a Robin y ayudar a todos los dem\u00e1s que encuentre en su viaje despu\u00e9s de que se meti\u00f3 en problemas a lo largo de la ruta. \u00a1Cultiva y comercializa flores milagrosas para proteger el mundo del inminente invierno! Tienes que planificar las operaciones de tu granja, animar a las plantas a crecer m\u00e1s r\u00e1pidamente, cosecharlas y mantener las plagas alejadas de tus preciosas flores.         <\/p>\n<p>&nbsp;<\/p>\n<p>&nbsp;<\/p>\n<p><strong>Funciones:<\/strong><\/p>\n<p>&nbsp;<\/p>\n<p>&#8211; Hermosas ilustraciones creadas a mano<\/p>\n<p>&#8211; Vuelve a reunirte con personalidades conocidas del pasado y forja nuevas amistades<\/p>\n<p>Jugabilidad favorita con numerosas mejoras<\/p>\n<p>&#8211; Cuatro nuevas e incre\u00edbles ubicaciones<\/p>\n<p>&#8211; M\u00e1s de 100 misiones en total<\/p>\n<p>&#8211; Utilizar el pensamiento estrat\u00e9gico al decidir c\u00f3mo lograr los objetivos.<\/p>\n<p>&#8211; A medida que los personajes principales suben de nivel, el juego se vuelve cada vez m\u00e1s cautivador.<\/p>\n<p>&#8211; Tienes la libertad de decidir si quieres ser un jardinero que usa un movimiento de la mano para hacer que las cosas florezcan o un peleador que se involucra en combates con adversarios.<\/p>\n<p>&#8211; Misiones adicionales y juego sin restricciones en \u00e1reas p\u00fablicas- M\u00fasica alegre<\/p>\n","protected":false},"excerpt":{"rendered":"<p>\u00a1La Granja M\u00e1gica est\u00e1 de vuelta! \u00a1M\u00e1s diversi\u00f3n, m\u00e1s funciones y una nueva historia! En El Peligro del Hielo, Granja M\u00e1gica 3  <\/p>\n","protected":false},"author":73,"featured_media":84505,"comment_status":"open","ping_status":"closed","template":"","meta":{"_acf_changed":false,"inline_featured_image":false},"product_brand":[],"product_cat":[212],"product_tag":[288],"class_list":{"0":"post-135565","1":"product","2":"type-product","3":"status-publish","4":"has-post-thumbnail","6":"product_cat-time-management-es","7":"product_tag-play-on-pc-es","9":"first","10":"instock","11":"shipping-taxable","12":"purchasable","13":"product-type-simple"},"acf":[],"yoast_head":"<!-- This site is optimized with the Yoast SEO Premium plugin v25.2 (Yoast SEO v25.2) - https:\/\/yoast.com\/wordpress\/plugins\/seo\/ -->\n<title>Magic Farm 3 - The Ice Danger - \u00a1Magic Farm regresa con m\u00e1s diversi\u00f3n! (Granja M\u00e1gica 3: El Peligro del Hielo)<\/title>\n<meta name=\"description\" content=\"\u00a1La Granja M\u00e1gica est\u00e1 de vuelta! \u00a1M\u00e1s diversi\u00f3n, m\u00e1s funciones y una nueva historia! En El Peligro del Hielo, Granja M\u00e1gica 3\" \/>\n<meta name=\"robots\" content=\"index, follow, max-snippet:-1, max-image-preview:large, max-video-preview:-1\" \/>\n<link rel=\"canonical\" href=\"https:\/\/www.iplay.com\/es\/games\/magic-farm-3-the-ice-danger\/\" \/>\n<meta property=\"og:locale\" content=\"es_ES\" \/>\n<meta property=\"og:type\" content=\"article\" \/>\n<meta property=\"og:title\" content=\"Magic Farm 3 - The Ice Danger\" \/>\n<meta property=\"og:description\" content=\"\u00a1La Granja M\u00e1gica est\u00e1 de vuelta! \u00a1M\u00e1s diversi\u00f3n, m\u00e1s funciones y una nueva historia! En El Peligro del Hielo, Granja M\u00e1gica 3\" \/>\n<meta property=\"og:url\" content=\"https:\/\/www.iplay.com\/es\/games\/magic-farm-3-the-ice-danger\/\" \/>\n<meta property=\"og:site_name\" content=\"IPlay\" \/>\n<meta property=\"og:image\" content=\"https:\/\/www.iplay.com\/wp-content\/uploads\/2023\/12\/large_square_tile_image-2792.jpg\" \/>\n\t<meta property=\"og:image:width\" content=\"310\" \/>\n\t<meta property=\"og:image:height\" content=\"310\" \/>\n\t<meta property=\"og:image:type\" content=\"image\/jpeg\" \/>\n<meta name=\"twitter:card\" content=\"summary_large_image\" \/>\n<meta name=\"twitter:label1\" content=\"Est. reading time\" \/>\n\t<meta name=\"twitter:data1\" content=\"1 minuto\" \/>\n<script type=\"application\/ld+json\" class=\"yoast-schema-graph\">{\"@context\":\"https:\/\/schema.org\",\"@graph\":[{\"@type\":\"WebPage\",\"@id\":\"https:\/\/www.iplay.com\/es\/games\/magic-farm-3-the-ice-danger\/\",\"url\":\"https:\/\/www.iplay.com\/es\/games\/magic-farm-3-the-ice-danger\/\",\"name\":\"Magic Farm 3 - The Ice Danger - \u00a1Magic Farm regresa con m\u00e1s diversi\u00f3n! (Granja M\u00e1gica 3: El Peligro del Hielo)\",\"isPartOf\":{\"@id\":\"https:\/\/www.iplay.com\/en\/#website\"},\"primaryImageOfPage\":{\"@id\":\"https:\/\/www.iplay.com\/es\/games\/magic-farm-3-the-ice-danger\/#primaryimage\"},\"image\":{\"@id\":\"https:\/\/www.iplay.com\/es\/games\/magic-farm-3-the-ice-danger\/#primaryimage\"},\"thumbnailUrl\":\"https:\/\/www.iplay.com\/wp-content\/uploads\/2023\/12\/large_square_tile_image-2792.jpg\",\"datePublished\":\"2019-10-10T00:00:00+00:00\",\"description\":\"\u00a1La Granja M\u00e1gica est\u00e1 de vuelta! \u00a1M\u00e1s diversi\u00f3n, m\u00e1s funciones y una nueva historia! En El Peligro del Hielo, Granja M\u00e1gica 3\",\"breadcrumb\":{\"@id\":\"https:\/\/www.iplay.com\/es\/games\/magic-farm-3-the-ice-danger\/#breadcrumb\"},\"inLanguage\":\"es\",\"potentialAction\":[{\"@type\":\"ReadAction\",\"target\":[\"https:\/\/www.iplay.com\/es\/games\/magic-farm-3-the-ice-danger\/\"]}]},{\"@type\":\"ImageObject\",\"inLanguage\":\"es\",\"@id\":\"https:\/\/www.iplay.com\/es\/games\/magic-farm-3-the-ice-danger\/#primaryimage\",\"url\":\"https:\/\/www.iplay.com\/wp-content\/uploads\/2023\/12\/large_square_tile_image-2792.jpg\",\"contentUrl\":\"https:\/\/www.iplay.com\/wp-content\/uploads\/2023\/12\/large_square_tile_image-2792.jpg\",\"width\":310,\"height\":310},{\"@type\":\"BreadcrumbList\",\"@id\":\"https:\/\/www.iplay.com\/es\/games\/magic-farm-3-the-ice-danger\/#breadcrumb\",\"itemListElement\":[{\"@type\":\"ListItem\",\"position\":1,\"name\":\"Home\",\"item\":\"https:\/\/www.iplay.com\/es\/home-page-2\/\"},{\"@type\":\"ListItem\",\"position\":2,\"name\":\"Shop\",\"item\":\"https:\/\/www.iplay.com\/en\/shop\/\"},{\"@type\":\"ListItem\",\"position\":3,\"name\":\"Magic Farm 3 &#8211; The Ice Danger\"}]},{\"@type\":\"WebSite\",\"@id\":\"https:\/\/www.iplay.com\/en\/#website\",\"url\":\"https:\/\/www.iplay.com\/en\/\",\"name\":\"IPlay\",\"description\":\"The Best Casual Games!\",\"publisher\":{\"@id\":\"https:\/\/www.iplay.com\/en\/#organization\"},\"potentialAction\":[{\"@type\":\"SearchAction\",\"target\":{\"@type\":\"EntryPoint\",\"urlTemplate\":\"https:\/\/www.iplay.com\/en\/?s={search_term_string}\"},\"query-input\":{\"@type\":\"PropertyValueSpecification\",\"valueRequired\":true,\"valueName\":\"search_term_string\"}}],\"inLanguage\":\"es\"},{\"@type\":\"Organization\",\"@id\":\"https:\/\/www.iplay.com\/en\/#organization\",\"name\":\"IPlay\",\"url\":\"https:\/\/www.iplay.com\/en\/\",\"logo\":{\"@type\":\"ImageObject\",\"inLanguage\":\"es\",\"@id\":\"https:\/\/www.iplay.com\/en\/#\/schema\/logo\/image\/\",\"url\":\"https:\/\/www.iplay.com\/wp-content\/uploads\/2023\/11\/Group-6100.svg\",\"contentUrl\":\"https:\/\/www.iplay.com\/wp-content\/uploads\/2023\/11\/Group-6100.svg\",\"width\":98,\"height\":25,\"caption\":\"IPlay\"},\"image\":{\"@id\":\"https:\/\/www.iplay.com\/en\/#\/schema\/logo\/image\/\"}}]}<\/script>\n<!-- \/ Yoast SEO Premium plugin. -->","yoast_head_json":{"title":"Magic Farm 3 - The Ice Danger - \u00a1Magic Farm regresa con m\u00e1s diversi\u00f3n! (Granja M\u00e1gica 3: El Peligro del Hielo)","description":"\u00a1La Granja M\u00e1gica est\u00e1 de vuelta! \u00a1M\u00e1s diversi\u00f3n, m\u00e1s funciones y una nueva historia! En El Peligro del Hielo, Granja M\u00e1gica 3","robots":{"index":"index","follow":"follow","max-snippet":"max-snippet:-1","max-image-preview":"max-image-preview:large","max-video-preview":"max-video-preview:-1"},"canonical":"https:\/\/www.iplay.com\/es\/games\/magic-farm-3-the-ice-danger\/","og_locale":"es_ES","og_type":"article","og_title":"Magic Farm 3 - The Ice Danger","og_description":"\u00a1La Granja M\u00e1gica est\u00e1 de vuelta! \u00a1M\u00e1s diversi\u00f3n, m\u00e1s funciones y una nueva historia! En El Peligro del Hielo, Granja M\u00e1gica 3","og_url":"https:\/\/www.iplay.com\/es\/games\/magic-farm-3-the-ice-danger\/","og_site_name":"IPlay","og_image":[{"width":310,"height":310,"url":"https:\/\/www.iplay.com\/wp-content\/uploads\/2023\/12\/large_square_tile_image-2792.jpg","type":"image\/jpeg"}],"twitter_card":"summary_large_image","twitter_misc":{"Est. reading time":"1 minuto"},"schema":{"@context":"https:\/\/schema.org","@graph":[{"@type":"WebPage","@id":"https:\/\/www.iplay.com\/es\/games\/magic-farm-3-the-ice-danger\/","url":"https:\/\/www.iplay.com\/es\/games\/magic-farm-3-the-ice-danger\/","name":"Magic Farm 3 - The Ice Danger - \u00a1Magic Farm regresa con m\u00e1s diversi\u00f3n! (Granja M\u00e1gica 3: El Peligro del Hielo)","isPartOf":{"@id":"https:\/\/www.iplay.com\/en\/#website"},"primaryImageOfPage":{"@id":"https:\/\/www.iplay.com\/es\/games\/magic-farm-3-the-ice-danger\/#primaryimage"},"image":{"@id":"https:\/\/www.iplay.com\/es\/games\/magic-farm-3-the-ice-danger\/#primaryimage"},"thumbnailUrl":"https:\/\/www.iplay.com\/wp-content\/uploads\/2023\/12\/large_square_tile_image-2792.jpg","datePublished":"2019-10-10T00:00:00+00:00","description":"\u00a1La Granja M\u00e1gica est\u00e1 de vuelta! \u00a1M\u00e1s diversi\u00f3n, m\u00e1s funciones y una nueva historia! En El Peligro del Hielo, Granja M\u00e1gica 3","breadcrumb":{"@id":"https:\/\/www.iplay.com\/es\/games\/magic-farm-3-the-ice-danger\/#breadcrumb"},"inLanguage":"es","potentialAction":[{"@type":"ReadAction","target":["https:\/\/www.iplay.com\/es\/games\/magic-farm-3-the-ice-danger\/"]}]},{"@type":"ImageObject","inLanguage":"es","@id":"https:\/\/www.iplay.com\/es\/games\/magic-farm-3-the-ice-danger\/#primaryimage","url":"https:\/\/www.iplay.com\/wp-content\/uploads\/2023\/12\/large_square_tile_image-2792.jpg","contentUrl":"https:\/\/www.iplay.com\/wp-content\/uploads\/2023\/12\/large_square_tile_image-2792.jpg","width":310,"height":310},{"@type":"BreadcrumbList","@id":"https:\/\/www.iplay.com\/es\/games\/magic-farm-3-the-ice-danger\/#breadcrumb","itemListElement":[{"@type":"ListItem","position":1,"name":"Home","item":"https:\/\/www.iplay.com\/es\/home-page-2\/"},{"@type":"ListItem","position":2,"name":"Shop","item":"https:\/\/www.iplay.com\/en\/shop\/"},{"@type":"ListItem","position":3,"name":"Magic Farm 3 &#8211; The Ice Danger"}]},{"@type":"WebSite","@id":"https:\/\/www.iplay.com\/en\/#website","url":"https:\/\/www.iplay.com\/en\/","name":"IPlay","description":"The Best Casual Games!","publisher":{"@id":"https:\/\/www.iplay.com\/en\/#organization"},"potentialAction":[{"@type":"SearchAction","target":{"@type":"EntryPoint","urlTemplate":"https:\/\/www.iplay.com\/en\/?s={search_term_string}"},"query-input":{"@type":"PropertyValueSpecification","valueRequired":true,"valueName":"search_term_string"}}],"inLanguage":"es"},{"@type":"Organization","@id":"https:\/\/www.iplay.com\/en\/#organization","name":"IPlay","url":"https:\/\/www.iplay.com\/en\/","logo":{"@type":"ImageObject","inLanguage":"es","@id":"https:\/\/www.iplay.com\/en\/#\/schema\/logo\/image\/","url":"https:\/\/www.iplay.com\/wp-content\/uploads\/2023\/11\/Group-6100.svg","contentUrl":"https:\/\/www.iplay.com\/wp-content\/uploads\/2023\/11\/Group-6100.svg","width":98,"height":25,"caption":"IPlay"},"image":{"@id":"https:\/\/www.iplay.com\/en\/#\/schema\/logo\/image\/"}}]}},"_links":{"self":[{"href":"https:\/\/www.iplay.com\/es\/wp-json\/wp\/v2\/product\/135565","targetHints":{"allow":["GET"]}}],"collection":[{"href":"https:\/\/www.iplay.com\/es\/wp-json\/wp\/v2\/product"}],"about":[{"href":"https:\/\/www.iplay.com\/es\/wp-json\/wp\/v2\/types\/product"}],"author":[{"embeddable":true,"href":"https:\/\/www.iplay.com\/es\/wp-json\/wp\/v2\/users\/73"}],"replies":[{"embeddable":true,"href":"https:\/\/www.iplay.com\/es\/wp-json\/wp\/v2\/comments?post=135565"}],"wp:featuredmedia":[{"embeddable":true,"href":"https:\/\/www.iplay.com\/es\/wp-json\/wp\/v2\/media\/84505"}],"wp:attachment":[{"href":"https:\/\/www.iplay.com\/es\/wp-json\/wp\/v2\/media?parent=135565"}],"wp:term":[{"taxonomy":"product_brand","embeddable":true,"href":"https:\/\/www.iplay.com\/es\/wp-json\/wp\/v2\/product_brand?post=135565"},{"taxonomy":"product_cat","embeddable":true,"href":"https:\/\/www.iplay.com\/es\/wp-json\/wp\/v2\/product_cat?post=135565"},{"taxonomy":"product_tag","embeddable":true,"href":"https:\/\/www.iplay.com\/es\/wp-json\/wp\/v2\/product_tag?post=135565"}],"curies":[{"name":"wp","href":"https:\/\/api.w.org\/{rel}","templated":true}]}}