{"id":135564,"date":"2019-10-11T00:00:00","date_gmt":"2019-10-11T00:00:00","guid":{"rendered":"https:\/\/www.iplay.com\/games\/fabulous-angela-new-york-to-la\/"},"modified":"2019-10-11T00:00:00","modified_gmt":"2019-10-11T00:00:00","slug":"fabulous-angela-new-york-to-la","status":"publish","type":"product","link":"https:\/\/www.iplay.com\/es\/games\/fabulous-angela-new-york-to-la\/","title":{"rendered":"Fabulous Angela &#8211; New York to LA"},"content":{"rendered":"<p>En Fabulous: New York to Los Angeles, Angela est\u00e1 preparada para perseguir su ambici\u00f3n de ser un conocido y estimado icono de la moda mundial. \u00a1Parece ser justo la oportunidad que Angela ha estado esperando cuando la actriz de Hollywood Kelly Harper le pide que cree su vestido para una ceremonia de premios! Se muda a Los \u00c1ngeles e inmediatamente se establece como la dise\u00f1adora de moda de Hollywood. Pero como la fama tiene su precio, r\u00e1pidamente aprende que est\u00e1 perdiendo un aspecto importante de su identidad y se est\u00e1 convirtiendo en su peor enemigo.   <\/p>\n<p>&nbsp;<\/p>\n<p>&nbsp;<\/p>\n<p><strong>Funciones:<\/strong><\/p>\n<p>&nbsp;<\/p>\n<p>&#8211; \u00a1En esta nueva y emocionante historia sobre la moda y la fama, sigue a Angela mientras se embarca en sus aventuras de Hollywood!<br \/>\n&#8211; Completa 265 niveles de emocionante juego de gesti\u00f3n del tiempo<br \/>\n&#8211; Ayuda a Angela a conquistar Hollywood<br \/>\n&#8211; Impulsa tus ventas de moda con emocionantes potenciadores<br \/>\n&#8211; Juega niveles de bonificaci\u00f3n para ganar incre\u00edbles recompensas<br \/>\n&#8211; Sube de nivel a Angela para hacerla a\u00fan m\u00e1s fabulosa<br \/>\n&#8211; Gana cajas de recompensa completando desaf\u00edos diarios y ganando trofeos<br \/>\n&#8211; Alcanza la puntuaci\u00f3n m\u00e1s alta # 1 en <strong>niveles interminables<\/strong> dif\u00edciles para ganar <strong>a\u00fan m\u00e1s<\/strong> recompensas<br \/>\n&#8211; Convi\u00e9rtete en un dise\u00f1ador de moda profesional a trav\u00e9s de emocionantes minijuegos<br \/>\n con temas de moda- Intenta obtener la puntuaci\u00f3n m\u00e1s alta posible \u00a1No siempre es simple!<\/p>\n","protected":false},"excerpt":{"rendered":"<p>\u00bfEl crecimiento de Angela en Los \u00c1ngeles resultar\u00e1 en un Paseo de la Verg\u00fcenza o un Paseo de la Fama?<\/p>\n","protected":false},"author":10,"featured_media":84489,"comment_status":"open","ping_status":"closed","template":"","meta":{"_acf_changed":false,"inline_featured_image":false},"product_brand":[],"product_cat":[212],"product_tag":[288],"class_list":{"0":"post-135564","1":"product","2":"type-product","3":"status-publish","4":"has-post-thumbnail","6":"product_cat-time-management-es","7":"product_tag-play-on-pc-es","9":"first","10":"instock","11":"shipping-taxable","12":"purchasable","13":"product-type-simple"},"acf":[],"yoast_head":"<!-- This site is optimized with the Yoast SEO Premium plugin v25.2 (Yoast SEO v25.2) - https:\/\/yoast.com\/wordpress\/plugins\/seo\/ -->\n<title>Fabulous Angela - Nueva York a Los \u00c1ngeles - \u00bfLa aventura de Angela en Los \u00c1ngeles conducir\u00e1 a la fama o a la verg\u00fcenza?<\/title>\n<meta name=\"description\" content=\"\u00bfEl crecimiento de Angela en Los \u00c1ngeles resultar\u00e1 en un Paseo de la Verg\u00fcenza o un Paseo de la Fama?\" \/>\n<meta name=\"robots\" content=\"index, follow, max-snippet:-1, max-image-preview:large, max-video-preview:-1\" \/>\n<link rel=\"canonical\" href=\"https:\/\/www.iplay.com\/es\/games\/fabulous-angela-new-york-to-la\/\" \/>\n<meta property=\"og:locale\" content=\"es_ES\" \/>\n<meta property=\"og:type\" content=\"article\" \/>\n<meta property=\"og:title\" content=\"Fabulous Angela - New York to LA\" \/>\n<meta property=\"og:description\" content=\"\u00bfEl crecimiento de Angela en Los \u00c1ngeles resultar\u00e1 en un Paseo de la Verg\u00fcenza o un Paseo de la Fama?\" \/>\n<meta property=\"og:url\" content=\"https:\/\/www.iplay.com\/es\/games\/fabulous-angela-new-york-to-la\/\" \/>\n<meta property=\"og:site_name\" content=\"IPlay\" \/>\n<meta property=\"og:image\" content=\"https:\/\/www.iplay.com\/wp-content\/uploads\/2023\/12\/large_square_tile_image-2791.jpg\" \/>\n\t<meta property=\"og:image:width\" content=\"310\" \/>\n\t<meta property=\"og:image:height\" content=\"310\" \/>\n\t<meta property=\"og:image:type\" content=\"image\/jpeg\" \/>\n<meta name=\"twitter:card\" content=\"summary_large_image\" \/>\n<meta name=\"twitter:label1\" content=\"Est. reading time\" \/>\n\t<meta name=\"twitter:data1\" content=\"1 minuto\" \/>\n<script type=\"application\/ld+json\" class=\"yoast-schema-graph\">{\"@context\":\"https:\/\/schema.org\",\"@graph\":[{\"@type\":\"WebPage\",\"@id\":\"https:\/\/www.iplay.com\/es\/games\/fabulous-angela-new-york-to-la\/\",\"url\":\"https:\/\/www.iplay.com\/es\/games\/fabulous-angela-new-york-to-la\/\",\"name\":\"Fabulous Angela - Nueva York a Los \u00c1ngeles - \u00bfLa aventura de Angela en Los \u00c1ngeles conducir\u00e1 a la fama o a la verg\u00fcenza?\",\"isPartOf\":{\"@id\":\"https:\/\/www.iplay.com\/en\/#website\"},\"primaryImageOfPage\":{\"@id\":\"https:\/\/www.iplay.com\/es\/games\/fabulous-angela-new-york-to-la\/#primaryimage\"},\"image\":{\"@id\":\"https:\/\/www.iplay.com\/es\/games\/fabulous-angela-new-york-to-la\/#primaryimage\"},\"thumbnailUrl\":\"https:\/\/www.iplay.com\/wp-content\/uploads\/2023\/12\/large_square_tile_image-2791.jpg\",\"datePublished\":\"2019-10-11T00:00:00+00:00\",\"description\":\"\u00bfEl crecimiento de Angela en Los \u00c1ngeles resultar\u00e1 en un Paseo de la Verg\u00fcenza o un Paseo de la Fama?\",\"breadcrumb\":{\"@id\":\"https:\/\/www.iplay.com\/es\/games\/fabulous-angela-new-york-to-la\/#breadcrumb\"},\"inLanguage\":\"es\",\"potentialAction\":[{\"@type\":\"ReadAction\",\"target\":[\"https:\/\/www.iplay.com\/es\/games\/fabulous-angela-new-york-to-la\/\"]}]},{\"@type\":\"ImageObject\",\"inLanguage\":\"es\",\"@id\":\"https:\/\/www.iplay.com\/es\/games\/fabulous-angela-new-york-to-la\/#primaryimage\",\"url\":\"https:\/\/www.iplay.com\/wp-content\/uploads\/2023\/12\/large_square_tile_image-2791.jpg\",\"contentUrl\":\"https:\/\/www.iplay.com\/wp-content\/uploads\/2023\/12\/large_square_tile_image-2791.jpg\",\"width\":310,\"height\":310},{\"@type\":\"BreadcrumbList\",\"@id\":\"https:\/\/www.iplay.com\/es\/games\/fabulous-angela-new-york-to-la\/#breadcrumb\",\"itemListElement\":[{\"@type\":\"ListItem\",\"position\":1,\"name\":\"Home\",\"item\":\"https:\/\/www.iplay.com\/es\/home-page-2\/\"},{\"@type\":\"ListItem\",\"position\":2,\"name\":\"Shop\",\"item\":\"https:\/\/www.iplay.com\/en\/shop\/\"},{\"@type\":\"ListItem\",\"position\":3,\"name\":\"Fabulous Angela &#8211; New York to LA\"}]},{\"@type\":\"WebSite\",\"@id\":\"https:\/\/www.iplay.com\/en\/#website\",\"url\":\"https:\/\/www.iplay.com\/en\/\",\"name\":\"IPlay\",\"description\":\"The Best Casual Games!\",\"publisher\":{\"@id\":\"https:\/\/www.iplay.com\/en\/#organization\"},\"potentialAction\":[{\"@type\":\"SearchAction\",\"target\":{\"@type\":\"EntryPoint\",\"urlTemplate\":\"https:\/\/www.iplay.com\/en\/?s={search_term_string}\"},\"query-input\":{\"@type\":\"PropertyValueSpecification\",\"valueRequired\":true,\"valueName\":\"search_term_string\"}}],\"inLanguage\":\"es\"},{\"@type\":\"Organization\",\"@id\":\"https:\/\/www.iplay.com\/en\/#organization\",\"name\":\"IPlay\",\"url\":\"https:\/\/www.iplay.com\/en\/\",\"logo\":{\"@type\":\"ImageObject\",\"inLanguage\":\"es\",\"@id\":\"https:\/\/www.iplay.com\/en\/#\/schema\/logo\/image\/\",\"url\":\"https:\/\/www.iplay.com\/wp-content\/uploads\/2023\/11\/Group-6100.svg\",\"contentUrl\":\"https:\/\/www.iplay.com\/wp-content\/uploads\/2023\/11\/Group-6100.svg\",\"width\":98,\"height\":25,\"caption\":\"IPlay\"},\"image\":{\"@id\":\"https:\/\/www.iplay.com\/en\/#\/schema\/logo\/image\/\"}}]}<\/script>\n<!-- \/ Yoast SEO Premium plugin. -->","yoast_head_json":{"title":"Fabulous Angela - Nueva York a Los \u00c1ngeles - \u00bfLa aventura de Angela en Los \u00c1ngeles conducir\u00e1 a la fama o a la verg\u00fcenza?","description":"\u00bfEl crecimiento de Angela en Los \u00c1ngeles resultar\u00e1 en un Paseo de la Verg\u00fcenza o un Paseo de la Fama?","robots":{"index":"index","follow":"follow","max-snippet":"max-snippet:-1","max-image-preview":"max-image-preview:large","max-video-preview":"max-video-preview:-1"},"canonical":"https:\/\/www.iplay.com\/es\/games\/fabulous-angela-new-york-to-la\/","og_locale":"es_ES","og_type":"article","og_title":"Fabulous Angela - New York to LA","og_description":"\u00bfEl crecimiento de Angela en Los \u00c1ngeles resultar\u00e1 en un Paseo de la Verg\u00fcenza o un Paseo de la Fama?","og_url":"https:\/\/www.iplay.com\/es\/games\/fabulous-angela-new-york-to-la\/","og_site_name":"IPlay","og_image":[{"width":310,"height":310,"url":"https:\/\/www.iplay.com\/wp-content\/uploads\/2023\/12\/large_square_tile_image-2791.jpg","type":"image\/jpeg"}],"twitter_card":"summary_large_image","twitter_misc":{"Est. reading time":"1 minuto"},"schema":{"@context":"https:\/\/schema.org","@graph":[{"@type":"WebPage","@id":"https:\/\/www.iplay.com\/es\/games\/fabulous-angela-new-york-to-la\/","url":"https:\/\/www.iplay.com\/es\/games\/fabulous-angela-new-york-to-la\/","name":"Fabulous Angela - Nueva York a Los \u00c1ngeles - \u00bfLa aventura de Angela en Los \u00c1ngeles conducir\u00e1 a la fama o a la verg\u00fcenza?","isPartOf":{"@id":"https:\/\/www.iplay.com\/en\/#website"},"primaryImageOfPage":{"@id":"https:\/\/www.iplay.com\/es\/games\/fabulous-angela-new-york-to-la\/#primaryimage"},"image":{"@id":"https:\/\/www.iplay.com\/es\/games\/fabulous-angela-new-york-to-la\/#primaryimage"},"thumbnailUrl":"https:\/\/www.iplay.com\/wp-content\/uploads\/2023\/12\/large_square_tile_image-2791.jpg","datePublished":"2019-10-11T00:00:00+00:00","description":"\u00bfEl crecimiento de Angela en Los \u00c1ngeles resultar\u00e1 en un Paseo de la Verg\u00fcenza o un Paseo de la Fama?","breadcrumb":{"@id":"https:\/\/www.iplay.com\/es\/games\/fabulous-angela-new-york-to-la\/#breadcrumb"},"inLanguage":"es","potentialAction":[{"@type":"ReadAction","target":["https:\/\/www.iplay.com\/es\/games\/fabulous-angela-new-york-to-la\/"]}]},{"@type":"ImageObject","inLanguage":"es","@id":"https:\/\/www.iplay.com\/es\/games\/fabulous-angela-new-york-to-la\/#primaryimage","url":"https:\/\/www.iplay.com\/wp-content\/uploads\/2023\/12\/large_square_tile_image-2791.jpg","contentUrl":"https:\/\/www.iplay.com\/wp-content\/uploads\/2023\/12\/large_square_tile_image-2791.jpg","width":310,"height":310},{"@type":"BreadcrumbList","@id":"https:\/\/www.iplay.com\/es\/games\/fabulous-angela-new-york-to-la\/#breadcrumb","itemListElement":[{"@type":"ListItem","position":1,"name":"Home","item":"https:\/\/www.iplay.com\/es\/home-page-2\/"},{"@type":"ListItem","position":2,"name":"Shop","item":"https:\/\/www.iplay.com\/en\/shop\/"},{"@type":"ListItem","position":3,"name":"Fabulous Angela &#8211; New York to LA"}]},{"@type":"WebSite","@id":"https:\/\/www.iplay.com\/en\/#website","url":"https:\/\/www.iplay.com\/en\/","name":"IPlay","description":"The Best Casual Games!","publisher":{"@id":"https:\/\/www.iplay.com\/en\/#organization"},"potentialAction":[{"@type":"SearchAction","target":{"@type":"EntryPoint","urlTemplate":"https:\/\/www.iplay.com\/en\/?s={search_term_string}"},"query-input":{"@type":"PropertyValueSpecification","valueRequired":true,"valueName":"search_term_string"}}],"inLanguage":"es"},{"@type":"Organization","@id":"https:\/\/www.iplay.com\/en\/#organization","name":"IPlay","url":"https:\/\/www.iplay.com\/en\/","logo":{"@type":"ImageObject","inLanguage":"es","@id":"https:\/\/www.iplay.com\/en\/#\/schema\/logo\/image\/","url":"https:\/\/www.iplay.com\/wp-content\/uploads\/2023\/11\/Group-6100.svg","contentUrl":"https:\/\/www.iplay.com\/wp-content\/uploads\/2023\/11\/Group-6100.svg","width":98,"height":25,"caption":"IPlay"},"image":{"@id":"https:\/\/www.iplay.com\/en\/#\/schema\/logo\/image\/"}}]}},"_links":{"self":[{"href":"https:\/\/www.iplay.com\/es\/wp-json\/wp\/v2\/product\/135564","targetHints":{"allow":["GET"]}}],"collection":[{"href":"https:\/\/www.iplay.com\/es\/wp-json\/wp\/v2\/product"}],"about":[{"href":"https:\/\/www.iplay.com\/es\/wp-json\/wp\/v2\/types\/product"}],"author":[{"embeddable":true,"href":"https:\/\/www.iplay.com\/es\/wp-json\/wp\/v2\/users\/10"}],"replies":[{"embeddable":true,"href":"https:\/\/www.iplay.com\/es\/wp-json\/wp\/v2\/comments?post=135564"}],"wp:featuredmedia":[{"embeddable":true,"href":"https:\/\/www.iplay.com\/es\/wp-json\/wp\/v2\/media\/84489"}],"wp:attachment":[{"href":"https:\/\/www.iplay.com\/es\/wp-json\/wp\/v2\/media?parent=135564"}],"wp:term":[{"taxonomy":"product_brand","embeddable":true,"href":"https:\/\/www.iplay.com\/es\/wp-json\/wp\/v2\/product_brand?post=135564"},{"taxonomy":"product_cat","embeddable":true,"href":"https:\/\/www.iplay.com\/es\/wp-json\/wp\/v2\/product_cat?post=135564"},{"taxonomy":"product_tag","embeddable":true,"href":"https:\/\/www.iplay.com\/es\/wp-json\/wp\/v2\/product_tag?post=135564"}],"curies":[{"name":"wp","href":"https:\/\/api.w.org\/{rel}","templated":true}]}}