{"id":135552,"date":"2019-11-08T00:00:00","date_gmt":"2019-11-08T00:00:00","guid":{"rendered":"https:\/\/www.iplay.com\/games\/maggies-movies-second-shot\/"},"modified":"2019-11-08T00:00:00","modified_gmt":"2019-11-08T00:00:00","slug":"maggies-movies-second-shot","status":"publish","type":"product","link":"https:\/\/www.iplay.com\/es\/games\/maggies-movies-second-shot\/","title":{"rendered":"Maggie&#8217;s Movies &#8211; Second Shot"},"content":{"rendered":"<p>Desde su primer largometraje, Maggie Welles ha avanzado significativamente. Maggie se siente optimista ahora que Al Lyons est\u00e1 detr\u00e1s de ella, pero luego descubre que su nuevo contrato cinematogr\u00e1fico implica muchas responsabilidades imprevistas. Maggie se ve obligada a negociar un mar turbulento de egos fr\u00e1giles, incluido el suyo propio, despu\u00e9s de aceptar la ayuda de un viejo conocedor de Hollywood. Maggie nos lleva en una b\u00fasqueda personal para definir el \u00e9xito en su historia sobre la compleja relaci\u00f3n entre padres e hijas. \u00bfPodr\u00e1 Maggie demostrar finalmente que tiene lo que se necesita para soportar su segunda oportunidad de fama?    <\/p>\n<p>&nbsp;<\/p>\n<p>&nbsp;<\/p>\n<p><strong>Funciones:<\/strong><\/p>\n<p>&nbsp;<\/p>\n<p>&#8211; Seis cap\u00edtulos en los que la ambientaci\u00f3n es inusual.<\/p>\n<p>&#8211; Hay tres niveles de desaf\u00edo en cada cap\u00edtulo, que ofrecen innumerables horas de juego en todos los escenarios.<\/p>\n<p>&#8211; Tiempo de juego de m\u00e1s de diez horas.<\/p>\n<p>&#8211; En cada escenario se incorporan minijuegos r\u00e1pidos y entretenidos para hacer pel\u00edculas.<\/p>\n<p>&#8211; El medidor de flujo ofrece un valor de repetici\u00f3n infinito porque siempre hay un nuevo m\u00e9todo para aumentar las bonificaciones de puntuaci\u00f3n.<\/p>\n","protected":false},"excerpt":{"rendered":"<p>\u00bfPodr\u00e1 Maggie superar su segundo intento de fama?<\/p>\n","protected":false},"author":4,"featured_media":92151,"comment_status":"open","ping_status":"closed","template":"","meta":{"_acf_changed":false,"inline_featured_image":false},"product_brand":[],"product_cat":[212],"product_tag":[288],"class_list":{"0":"post-135552","1":"product","2":"type-product","3":"status-publish","4":"has-post-thumbnail","6":"product_cat-time-management-es","7":"product_tag-play-on-pc-es","9":"first","10":"instock","11":"shipping-taxable","12":"purchasable","13":"product-type-simple"},"acf":[],"yoast_head":"<!-- This site is optimized with the Yoast SEO Premium plugin v25.2 (Yoast SEO v25.2) - https:\/\/yoast.com\/wordpress\/plugins\/seo\/ -->\n<title>Las pel\u00edculas de Maggie - Segunda oportunidad - \u00bfSobrevivir\u00e1 Maggie a su segunda oportunidad de fama?<\/title>\n<meta name=\"description\" content=\"\u00bfPodr\u00e1 Maggie superar su segundo intento de fama?\" \/>\n<meta name=\"robots\" content=\"index, follow, max-snippet:-1, max-image-preview:large, max-video-preview:-1\" \/>\n<link rel=\"canonical\" href=\"https:\/\/www.iplay.com\/es\/games\/maggies-movies-second-shot\/\" \/>\n<meta property=\"og:locale\" content=\"es_ES\" \/>\n<meta property=\"og:type\" content=\"article\" \/>\n<meta property=\"og:title\" content=\"Maggie&#039;s Movies - Second Shot\" \/>\n<meta property=\"og:description\" content=\"\u00bfPodr\u00e1 Maggie superar su segundo intento de fama?\" \/>\n<meta property=\"og:url\" content=\"https:\/\/www.iplay.com\/es\/games\/maggies-movies-second-shot\/\" \/>\n<meta property=\"og:site_name\" content=\"IPlay\" \/>\n<meta property=\"og:image\" content=\"https:\/\/www.iplay.com\/wp-content\/uploads\/2023\/12\/large_square_tile_image-3275.jpg\" \/>\n\t<meta property=\"og:image:width\" content=\"310\" \/>\n\t<meta property=\"og:image:height\" content=\"310\" \/>\n\t<meta property=\"og:image:type\" content=\"image\/jpeg\" \/>\n<meta name=\"twitter:card\" content=\"summary_large_image\" \/>\n<meta name=\"twitter:label1\" content=\"Est. reading time\" \/>\n\t<meta name=\"twitter:data1\" content=\"1 minuto\" \/>\n<script type=\"application\/ld+json\" class=\"yoast-schema-graph\">{\"@context\":\"https:\/\/schema.org\",\"@graph\":[{\"@type\":\"WebPage\",\"@id\":\"https:\/\/www.iplay.com\/es\/games\/maggies-movies-second-shot\/\",\"url\":\"https:\/\/www.iplay.com\/es\/games\/maggies-movies-second-shot\/\",\"name\":\"Las pel\u00edculas de Maggie - Segunda oportunidad - \u00bfSobrevivir\u00e1 Maggie a su segunda oportunidad de fama?\",\"isPartOf\":{\"@id\":\"https:\/\/www.iplay.com\/en\/#website\"},\"primaryImageOfPage\":{\"@id\":\"https:\/\/www.iplay.com\/es\/games\/maggies-movies-second-shot\/#primaryimage\"},\"image\":{\"@id\":\"https:\/\/www.iplay.com\/es\/games\/maggies-movies-second-shot\/#primaryimage\"},\"thumbnailUrl\":\"https:\/\/www.iplay.com\/wp-content\/uploads\/2023\/12\/large_square_tile_image-3275.jpg\",\"datePublished\":\"2019-11-08T00:00:00+00:00\",\"description\":\"\u00bfPodr\u00e1 Maggie superar su segundo intento de fama?\",\"breadcrumb\":{\"@id\":\"https:\/\/www.iplay.com\/es\/games\/maggies-movies-second-shot\/#breadcrumb\"},\"inLanguage\":\"es\",\"potentialAction\":[{\"@type\":\"ReadAction\",\"target\":[\"https:\/\/www.iplay.com\/es\/games\/maggies-movies-second-shot\/\"]}]},{\"@type\":\"ImageObject\",\"inLanguage\":\"es\",\"@id\":\"https:\/\/www.iplay.com\/es\/games\/maggies-movies-second-shot\/#primaryimage\",\"url\":\"https:\/\/www.iplay.com\/wp-content\/uploads\/2023\/12\/large_square_tile_image-3275.jpg\",\"contentUrl\":\"https:\/\/www.iplay.com\/wp-content\/uploads\/2023\/12\/large_square_tile_image-3275.jpg\",\"width\":310,\"height\":310},{\"@type\":\"BreadcrumbList\",\"@id\":\"https:\/\/www.iplay.com\/es\/games\/maggies-movies-second-shot\/#breadcrumb\",\"itemListElement\":[{\"@type\":\"ListItem\",\"position\":1,\"name\":\"Home\",\"item\":\"https:\/\/www.iplay.com\/es\/home-page-2\/\"},{\"@type\":\"ListItem\",\"position\":2,\"name\":\"Shop\",\"item\":\"https:\/\/www.iplay.com\/en\/shop\/\"},{\"@type\":\"ListItem\",\"position\":3,\"name\":\"Maggie&#8217;s Movies &#8211; Second Shot\"}]},{\"@type\":\"WebSite\",\"@id\":\"https:\/\/www.iplay.com\/en\/#website\",\"url\":\"https:\/\/www.iplay.com\/en\/\",\"name\":\"IPlay\",\"description\":\"The Best Casual Games!\",\"publisher\":{\"@id\":\"https:\/\/www.iplay.com\/en\/#organization\"},\"potentialAction\":[{\"@type\":\"SearchAction\",\"target\":{\"@type\":\"EntryPoint\",\"urlTemplate\":\"https:\/\/www.iplay.com\/en\/?s={search_term_string}\"},\"query-input\":{\"@type\":\"PropertyValueSpecification\",\"valueRequired\":true,\"valueName\":\"search_term_string\"}}],\"inLanguage\":\"es\"},{\"@type\":\"Organization\",\"@id\":\"https:\/\/www.iplay.com\/en\/#organization\",\"name\":\"IPlay\",\"url\":\"https:\/\/www.iplay.com\/en\/\",\"logo\":{\"@type\":\"ImageObject\",\"inLanguage\":\"es\",\"@id\":\"https:\/\/www.iplay.com\/en\/#\/schema\/logo\/image\/\",\"url\":\"https:\/\/www.iplay.com\/wp-content\/uploads\/2023\/11\/Group-6100.svg\",\"contentUrl\":\"https:\/\/www.iplay.com\/wp-content\/uploads\/2023\/11\/Group-6100.svg\",\"width\":98,\"height\":25,\"caption\":\"IPlay\"},\"image\":{\"@id\":\"https:\/\/www.iplay.com\/en\/#\/schema\/logo\/image\/\"}}]}<\/script>\n<!-- \/ Yoast SEO Premium plugin. -->","yoast_head_json":{"title":"Las pel\u00edculas de Maggie - Segunda oportunidad - \u00bfSobrevivir\u00e1 Maggie a su segunda oportunidad de fama?","description":"\u00bfPodr\u00e1 Maggie superar su segundo intento de fama?","robots":{"index":"index","follow":"follow","max-snippet":"max-snippet:-1","max-image-preview":"max-image-preview:large","max-video-preview":"max-video-preview:-1"},"canonical":"https:\/\/www.iplay.com\/es\/games\/maggies-movies-second-shot\/","og_locale":"es_ES","og_type":"article","og_title":"Maggie's Movies - Second Shot","og_description":"\u00bfPodr\u00e1 Maggie superar su segundo intento de fama?","og_url":"https:\/\/www.iplay.com\/es\/games\/maggies-movies-second-shot\/","og_site_name":"IPlay","og_image":[{"width":310,"height":310,"url":"https:\/\/www.iplay.com\/wp-content\/uploads\/2023\/12\/large_square_tile_image-3275.jpg","type":"image\/jpeg"}],"twitter_card":"summary_large_image","twitter_misc":{"Est. reading time":"1 minuto"},"schema":{"@context":"https:\/\/schema.org","@graph":[{"@type":"WebPage","@id":"https:\/\/www.iplay.com\/es\/games\/maggies-movies-second-shot\/","url":"https:\/\/www.iplay.com\/es\/games\/maggies-movies-second-shot\/","name":"Las pel\u00edculas de Maggie - Segunda oportunidad - \u00bfSobrevivir\u00e1 Maggie a su segunda oportunidad de fama?","isPartOf":{"@id":"https:\/\/www.iplay.com\/en\/#website"},"primaryImageOfPage":{"@id":"https:\/\/www.iplay.com\/es\/games\/maggies-movies-second-shot\/#primaryimage"},"image":{"@id":"https:\/\/www.iplay.com\/es\/games\/maggies-movies-second-shot\/#primaryimage"},"thumbnailUrl":"https:\/\/www.iplay.com\/wp-content\/uploads\/2023\/12\/large_square_tile_image-3275.jpg","datePublished":"2019-11-08T00:00:00+00:00","description":"\u00bfPodr\u00e1 Maggie superar su segundo intento de fama?","breadcrumb":{"@id":"https:\/\/www.iplay.com\/es\/games\/maggies-movies-second-shot\/#breadcrumb"},"inLanguage":"es","potentialAction":[{"@type":"ReadAction","target":["https:\/\/www.iplay.com\/es\/games\/maggies-movies-second-shot\/"]}]},{"@type":"ImageObject","inLanguage":"es","@id":"https:\/\/www.iplay.com\/es\/games\/maggies-movies-second-shot\/#primaryimage","url":"https:\/\/www.iplay.com\/wp-content\/uploads\/2023\/12\/large_square_tile_image-3275.jpg","contentUrl":"https:\/\/www.iplay.com\/wp-content\/uploads\/2023\/12\/large_square_tile_image-3275.jpg","width":310,"height":310},{"@type":"BreadcrumbList","@id":"https:\/\/www.iplay.com\/es\/games\/maggies-movies-second-shot\/#breadcrumb","itemListElement":[{"@type":"ListItem","position":1,"name":"Home","item":"https:\/\/www.iplay.com\/es\/home-page-2\/"},{"@type":"ListItem","position":2,"name":"Shop","item":"https:\/\/www.iplay.com\/en\/shop\/"},{"@type":"ListItem","position":3,"name":"Maggie&#8217;s Movies &#8211; Second Shot"}]},{"@type":"WebSite","@id":"https:\/\/www.iplay.com\/en\/#website","url":"https:\/\/www.iplay.com\/en\/","name":"IPlay","description":"The Best Casual Games!","publisher":{"@id":"https:\/\/www.iplay.com\/en\/#organization"},"potentialAction":[{"@type":"SearchAction","target":{"@type":"EntryPoint","urlTemplate":"https:\/\/www.iplay.com\/en\/?s={search_term_string}"},"query-input":{"@type":"PropertyValueSpecification","valueRequired":true,"valueName":"search_term_string"}}],"inLanguage":"es"},{"@type":"Organization","@id":"https:\/\/www.iplay.com\/en\/#organization","name":"IPlay","url":"https:\/\/www.iplay.com\/en\/","logo":{"@type":"ImageObject","inLanguage":"es","@id":"https:\/\/www.iplay.com\/en\/#\/schema\/logo\/image\/","url":"https:\/\/www.iplay.com\/wp-content\/uploads\/2023\/11\/Group-6100.svg","contentUrl":"https:\/\/www.iplay.com\/wp-content\/uploads\/2023\/11\/Group-6100.svg","width":98,"height":25,"caption":"IPlay"},"image":{"@id":"https:\/\/www.iplay.com\/en\/#\/schema\/logo\/image\/"}}]}},"_links":{"self":[{"href":"https:\/\/www.iplay.com\/es\/wp-json\/wp\/v2\/product\/135552","targetHints":{"allow":["GET"]}}],"collection":[{"href":"https:\/\/www.iplay.com\/es\/wp-json\/wp\/v2\/product"}],"about":[{"href":"https:\/\/www.iplay.com\/es\/wp-json\/wp\/v2\/types\/product"}],"author":[{"embeddable":true,"href":"https:\/\/www.iplay.com\/es\/wp-json\/wp\/v2\/users\/4"}],"replies":[{"embeddable":true,"href":"https:\/\/www.iplay.com\/es\/wp-json\/wp\/v2\/comments?post=135552"}],"wp:featuredmedia":[{"embeddable":true,"href":"https:\/\/www.iplay.com\/es\/wp-json\/wp\/v2\/media\/92151"}],"wp:attachment":[{"href":"https:\/\/www.iplay.com\/es\/wp-json\/wp\/v2\/media?parent=135552"}],"wp:term":[{"taxonomy":"product_brand","embeddable":true,"href":"https:\/\/www.iplay.com\/es\/wp-json\/wp\/v2\/product_brand?post=135552"},{"taxonomy":"product_cat","embeddable":true,"href":"https:\/\/www.iplay.com\/es\/wp-json\/wp\/v2\/product_cat?post=135552"},{"taxonomy":"product_tag","embeddable":true,"href":"https:\/\/www.iplay.com\/es\/wp-json\/wp\/v2\/product_tag?post=135552"}],"curies":[{"name":"wp","href":"https:\/\/api.w.org\/{rel}","templated":true}]}}