{"id":135514,"date":"2020-04-17T00:00:00","date_gmt":"2020-04-17T00:00:00","guid":{"rendered":"https:\/\/www.iplay.com\/games\/unsung-heroes-the-golden-mask\/"},"modified":"2020-04-17T00:00:00","modified_gmt":"2020-04-17T00:00:00","slug":"unsung-heroes-the-golden-mask","status":"publish","type":"product","link":"https:\/\/www.iplay.com\/es\/games\/unsung-heroes-the-golden-mask\/","title":{"rendered":"Unsung Heroes &#8211; The Golden Mask"},"content":{"rendered":"<p>\u00a1Ser\u00e1n tres j\u00f3venes arque\u00f3logos audaces los que descubran la verdad donde chocan el pasado y el presente! \u00a1Sigue los pasos de tres arque\u00f3logos entusiastas que se comprometen a revelar el pasado! Las tres mujeres de Unsung Heroes &#8211; The Golden Mask est\u00e1n excavando en China. Descubren la historia de la ni\u00f1a china Xi Niu, que vivi\u00f3 hace m\u00e1s de un milenio. A medida que restaures artefactos y comiences a completar gradualmente la historia detr\u00e1s de ellos, alternar\u00e1s entre la China actual y la antigua. Asume los papeles de la audaz Ivy, la astuta Stephanie y la formidable Diana mientras se proponen encontrar un tesoro enterrado. A continuaci\u00f3n, viaja en el tiempo para asumir el papel de la valiente Xi Niu, una joven que quiere vengarse de su familia. Xi Niu vio a sus padres brutalmente asesinados cuando eran ni\u00f1os por un extra\u00f1o que vest\u00eda una m\u00e1scara dorada. De alguna manera, ella jura vengarse. Una d\u00e9cada m\u00e1s tarde, recibe una inesperada oferta de trabajo del palacio como cortesana. Ella aprovecha la oportunidad, ya que proporciona un medio para encontrar al hombre que lleva la m\u00e1scara dorada. Sin embargo, las cosas no son f\u00e1ciles en el palacio. Un error podr\u00eda resultar en la muerte en este campo minado lleno de intrigas y pol\u00edticas. Para sobrevivir, Xi Niu tendr\u00e1 que aprender el juego. \u00bfEs posible que esta campesina se abra camino a trav\u00e9s de las peligrosas aguas del palacio y tenga su venganza? \u00a1Ayuda a las tres chicas a localizar las piezas del rompecabezas para que puedan armar la historia del heroico Xi Niu!               <\/p>\n<p>&nbsp;<\/p>\n<p>&nbsp;<\/p>\n<p><strong>Funciones:<\/strong><\/p>\n<p>&nbsp;<\/p>\n<p>&#8211; \u00a1Juega tanto en el pasado como en el presente!<br \/>\n&#8211; Descubre piezas de antig\u00fcedades perdidas hace mucho tiempo;<br \/>\n&#8211; Juega un minijuego \u00fanico para desbloquear la historia a medida que terminas cada artefacto;<br \/>\n&#8211; Descubrir una cultura antigua;<br \/>\n&#8211; \u00a1Descubre detalles sobre artefactos basados en descubrimientos reales!<br \/>\n&#8211; Domina 14 emocionantes minijuegos, 7 de los cuales est\u00e1n ambientados en el pasado y 7 en el presente.<br \/>\n&#8211; \u00a1Visita 4 sitios de excavaci\u00f3n distintos, cada uno con 4 artefactos distintos para descubrir!<br \/>\n&#8211; \u00a1Disfruta de un nuevo y encantador juego de historia de gesti\u00f3n del tiempo de GameHouse!<br \/>\n&#8211; \u00a1Ayuda a Xi Niu a encontrar su camino explorando seis lugares ex\u00f3ticos en el pasado!<br \/>\n&#8211; \u00a1Encuentra y repara 16 artefactos principales y 40 artefactos opcionales adicionales!<\/p>\n","protected":false},"excerpt":{"rendered":"<p>Unsung Heroes: The Golden Mask cuenta la historia de Xi Niu a trav\u00e9s de los ojos de tres j\u00f3venes arque\u00f3logos.<\/p>\n","protected":false},"author":10,"featured_media":83338,"comment_status":"open","ping_status":"closed","template":"","meta":{"_acf_changed":false,"inline_featured_image":false},"product_brand":[],"product_cat":[212],"product_tag":[288],"class_list":{"0":"post-135514","1":"product","2":"type-product","3":"status-publish","4":"has-post-thumbnail","6":"product_cat-time-management-es","7":"product_tag-play-on-pc-es","9":"first","10":"instock","11":"shipping-taxable","12":"purchasable","13":"product-type-simple"},"acf":[],"yoast_head":"<!-- This site is optimized with the Yoast SEO Premium plugin v25.2 (Yoast SEO v25.2) - https:\/\/yoast.com\/wordpress\/plugins\/seo\/ -->\n<title>H\u00e9roes an\u00f3nimos - La m\u00e1scara dorada - Viaje a la historia de Xi Niu con j\u00f3venes arque\u00f3logos<\/title>\n<meta name=\"description\" content=\"Unsung Heroes: The Golden Mask cuenta la historia de Xi Niu a trav\u00e9s de los ojos de tres j\u00f3venes arque\u00f3logos.\" \/>\n<meta name=\"robots\" content=\"index, follow, max-snippet:-1, max-image-preview:large, max-video-preview:-1\" \/>\n<link rel=\"canonical\" href=\"https:\/\/www.iplay.com\/es\/games\/unsung-heroes-the-golden-mask\/\" \/>\n<meta property=\"og:locale\" content=\"es_ES\" \/>\n<meta property=\"og:type\" content=\"article\" \/>\n<meta property=\"og:title\" content=\"Unsung Heroes - The Golden Mask\" \/>\n<meta property=\"og:description\" content=\"Unsung Heroes: The Golden Mask cuenta la historia de Xi Niu a trav\u00e9s de los ojos de tres j\u00f3venes arque\u00f3logos.\" \/>\n<meta property=\"og:url\" content=\"https:\/\/www.iplay.com\/es\/games\/unsung-heroes-the-golden-mask\/\" \/>\n<meta property=\"og:site_name\" content=\"IPlay\" \/>\n<meta property=\"og:image\" content=\"https:\/\/www.iplay.com\/wp-content\/uploads\/2023\/12\/large_square_tile_image-2718.jpg\" \/>\n\t<meta property=\"og:image:width\" content=\"206\" \/>\n\t<meta property=\"og:image:height\" content=\"206\" \/>\n\t<meta property=\"og:image:type\" content=\"image\/jpeg\" \/>\n<meta name=\"twitter:card\" content=\"summary_large_image\" \/>\n<meta name=\"twitter:label1\" content=\"Est. reading time\" \/>\n\t<meta name=\"twitter:data1\" content=\"2 minutos\" \/>\n<script type=\"application\/ld+json\" class=\"yoast-schema-graph\">{\"@context\":\"https:\/\/schema.org\",\"@graph\":[{\"@type\":\"WebPage\",\"@id\":\"https:\/\/www.iplay.com\/es\/games\/unsung-heroes-the-golden-mask\/\",\"url\":\"https:\/\/www.iplay.com\/es\/games\/unsung-heroes-the-golden-mask\/\",\"name\":\"H\u00e9roes an\u00f3nimos - La m\u00e1scara dorada - Viaje a la historia de Xi Niu con j\u00f3venes arque\u00f3logos\",\"isPartOf\":{\"@id\":\"https:\/\/www.iplay.com\/en\/#website\"},\"primaryImageOfPage\":{\"@id\":\"https:\/\/www.iplay.com\/es\/games\/unsung-heroes-the-golden-mask\/#primaryimage\"},\"image\":{\"@id\":\"https:\/\/www.iplay.com\/es\/games\/unsung-heroes-the-golden-mask\/#primaryimage\"},\"thumbnailUrl\":\"https:\/\/www.iplay.com\/wp-content\/uploads\/2023\/12\/large_square_tile_image-2718.jpg\",\"datePublished\":\"2020-04-17T00:00:00+00:00\",\"description\":\"Unsung Heroes: The Golden Mask cuenta la historia de Xi Niu a trav\u00e9s de los ojos de tres j\u00f3venes arque\u00f3logos.\",\"breadcrumb\":{\"@id\":\"https:\/\/www.iplay.com\/es\/games\/unsung-heroes-the-golden-mask\/#breadcrumb\"},\"inLanguage\":\"es\",\"potentialAction\":[{\"@type\":\"ReadAction\",\"target\":[\"https:\/\/www.iplay.com\/es\/games\/unsung-heroes-the-golden-mask\/\"]}]},{\"@type\":\"ImageObject\",\"inLanguage\":\"es\",\"@id\":\"https:\/\/www.iplay.com\/es\/games\/unsung-heroes-the-golden-mask\/#primaryimage\",\"url\":\"https:\/\/www.iplay.com\/wp-content\/uploads\/2023\/12\/large_square_tile_image-2718.jpg\",\"contentUrl\":\"https:\/\/www.iplay.com\/wp-content\/uploads\/2023\/12\/large_square_tile_image-2718.jpg\",\"width\":206,\"height\":206},{\"@type\":\"BreadcrumbList\",\"@id\":\"https:\/\/www.iplay.com\/es\/games\/unsung-heroes-the-golden-mask\/#breadcrumb\",\"itemListElement\":[{\"@type\":\"ListItem\",\"position\":1,\"name\":\"Home\",\"item\":\"https:\/\/www.iplay.com\/es\/home-page-2\/\"},{\"@type\":\"ListItem\",\"position\":2,\"name\":\"Shop\",\"item\":\"https:\/\/www.iplay.com\/en\/shop\/\"},{\"@type\":\"ListItem\",\"position\":3,\"name\":\"Unsung Heroes &#8211; The Golden Mask\"}]},{\"@type\":\"WebSite\",\"@id\":\"https:\/\/www.iplay.com\/en\/#website\",\"url\":\"https:\/\/www.iplay.com\/en\/\",\"name\":\"IPlay\",\"description\":\"The Best Casual Games!\",\"publisher\":{\"@id\":\"https:\/\/www.iplay.com\/en\/#organization\"},\"potentialAction\":[{\"@type\":\"SearchAction\",\"target\":{\"@type\":\"EntryPoint\",\"urlTemplate\":\"https:\/\/www.iplay.com\/en\/?s={search_term_string}\"},\"query-input\":{\"@type\":\"PropertyValueSpecification\",\"valueRequired\":true,\"valueName\":\"search_term_string\"}}],\"inLanguage\":\"es\"},{\"@type\":\"Organization\",\"@id\":\"https:\/\/www.iplay.com\/en\/#organization\",\"name\":\"IPlay\",\"url\":\"https:\/\/www.iplay.com\/en\/\",\"logo\":{\"@type\":\"ImageObject\",\"inLanguage\":\"es\",\"@id\":\"https:\/\/www.iplay.com\/en\/#\/schema\/logo\/image\/\",\"url\":\"https:\/\/www.iplay.com\/wp-content\/uploads\/2023\/11\/Group-6100.svg\",\"contentUrl\":\"https:\/\/www.iplay.com\/wp-content\/uploads\/2023\/11\/Group-6100.svg\",\"width\":98,\"height\":25,\"caption\":\"IPlay\"},\"image\":{\"@id\":\"https:\/\/www.iplay.com\/en\/#\/schema\/logo\/image\/\"}}]}<\/script>\n<!-- \/ Yoast SEO Premium plugin. -->","yoast_head_json":{"title":"H\u00e9roes an\u00f3nimos - La m\u00e1scara dorada - Viaje a la historia de Xi Niu con j\u00f3venes arque\u00f3logos","description":"Unsung Heroes: The Golden Mask cuenta la historia de Xi Niu a trav\u00e9s de los ojos de tres j\u00f3venes arque\u00f3logos.","robots":{"index":"index","follow":"follow","max-snippet":"max-snippet:-1","max-image-preview":"max-image-preview:large","max-video-preview":"max-video-preview:-1"},"canonical":"https:\/\/www.iplay.com\/es\/games\/unsung-heroes-the-golden-mask\/","og_locale":"es_ES","og_type":"article","og_title":"Unsung Heroes - The Golden Mask","og_description":"Unsung Heroes: The Golden Mask cuenta la historia de Xi Niu a trav\u00e9s de los ojos de tres j\u00f3venes arque\u00f3logos.","og_url":"https:\/\/www.iplay.com\/es\/games\/unsung-heroes-the-golden-mask\/","og_site_name":"IPlay","og_image":[{"width":206,"height":206,"url":"https:\/\/www.iplay.com\/wp-content\/uploads\/2023\/12\/large_square_tile_image-2718.jpg","type":"image\/jpeg"}],"twitter_card":"summary_large_image","twitter_misc":{"Est. reading time":"2 minutos"},"schema":{"@context":"https:\/\/schema.org","@graph":[{"@type":"WebPage","@id":"https:\/\/www.iplay.com\/es\/games\/unsung-heroes-the-golden-mask\/","url":"https:\/\/www.iplay.com\/es\/games\/unsung-heroes-the-golden-mask\/","name":"H\u00e9roes an\u00f3nimos - La m\u00e1scara dorada - Viaje a la historia de Xi Niu con j\u00f3venes arque\u00f3logos","isPartOf":{"@id":"https:\/\/www.iplay.com\/en\/#website"},"primaryImageOfPage":{"@id":"https:\/\/www.iplay.com\/es\/games\/unsung-heroes-the-golden-mask\/#primaryimage"},"image":{"@id":"https:\/\/www.iplay.com\/es\/games\/unsung-heroes-the-golden-mask\/#primaryimage"},"thumbnailUrl":"https:\/\/www.iplay.com\/wp-content\/uploads\/2023\/12\/large_square_tile_image-2718.jpg","datePublished":"2020-04-17T00:00:00+00:00","description":"Unsung Heroes: The Golden Mask cuenta la historia de Xi Niu a trav\u00e9s de los ojos de tres j\u00f3venes arque\u00f3logos.","breadcrumb":{"@id":"https:\/\/www.iplay.com\/es\/games\/unsung-heroes-the-golden-mask\/#breadcrumb"},"inLanguage":"es","potentialAction":[{"@type":"ReadAction","target":["https:\/\/www.iplay.com\/es\/games\/unsung-heroes-the-golden-mask\/"]}]},{"@type":"ImageObject","inLanguage":"es","@id":"https:\/\/www.iplay.com\/es\/games\/unsung-heroes-the-golden-mask\/#primaryimage","url":"https:\/\/www.iplay.com\/wp-content\/uploads\/2023\/12\/large_square_tile_image-2718.jpg","contentUrl":"https:\/\/www.iplay.com\/wp-content\/uploads\/2023\/12\/large_square_tile_image-2718.jpg","width":206,"height":206},{"@type":"BreadcrumbList","@id":"https:\/\/www.iplay.com\/es\/games\/unsung-heroes-the-golden-mask\/#breadcrumb","itemListElement":[{"@type":"ListItem","position":1,"name":"Home","item":"https:\/\/www.iplay.com\/es\/home-page-2\/"},{"@type":"ListItem","position":2,"name":"Shop","item":"https:\/\/www.iplay.com\/en\/shop\/"},{"@type":"ListItem","position":3,"name":"Unsung Heroes &#8211; The Golden Mask"}]},{"@type":"WebSite","@id":"https:\/\/www.iplay.com\/en\/#website","url":"https:\/\/www.iplay.com\/en\/","name":"IPlay","description":"The Best Casual Games!","publisher":{"@id":"https:\/\/www.iplay.com\/en\/#organization"},"potentialAction":[{"@type":"SearchAction","target":{"@type":"EntryPoint","urlTemplate":"https:\/\/www.iplay.com\/en\/?s={search_term_string}"},"query-input":{"@type":"PropertyValueSpecification","valueRequired":true,"valueName":"search_term_string"}}],"inLanguage":"es"},{"@type":"Organization","@id":"https:\/\/www.iplay.com\/en\/#organization","name":"IPlay","url":"https:\/\/www.iplay.com\/en\/","logo":{"@type":"ImageObject","inLanguage":"es","@id":"https:\/\/www.iplay.com\/en\/#\/schema\/logo\/image\/","url":"https:\/\/www.iplay.com\/wp-content\/uploads\/2023\/11\/Group-6100.svg","contentUrl":"https:\/\/www.iplay.com\/wp-content\/uploads\/2023\/11\/Group-6100.svg","width":98,"height":25,"caption":"IPlay"},"image":{"@id":"https:\/\/www.iplay.com\/en\/#\/schema\/logo\/image\/"}}]}},"_links":{"self":[{"href":"https:\/\/www.iplay.com\/es\/wp-json\/wp\/v2\/product\/135514","targetHints":{"allow":["GET"]}}],"collection":[{"href":"https:\/\/www.iplay.com\/es\/wp-json\/wp\/v2\/product"}],"about":[{"href":"https:\/\/www.iplay.com\/es\/wp-json\/wp\/v2\/types\/product"}],"author":[{"embeddable":true,"href":"https:\/\/www.iplay.com\/es\/wp-json\/wp\/v2\/users\/10"}],"replies":[{"embeddable":true,"href":"https:\/\/www.iplay.com\/es\/wp-json\/wp\/v2\/comments?post=135514"}],"wp:featuredmedia":[{"embeddable":true,"href":"https:\/\/www.iplay.com\/es\/wp-json\/wp\/v2\/media\/83338"}],"wp:attachment":[{"href":"https:\/\/www.iplay.com\/es\/wp-json\/wp\/v2\/media?parent=135514"}],"wp:term":[{"taxonomy":"product_brand","embeddable":true,"href":"https:\/\/www.iplay.com\/es\/wp-json\/wp\/v2\/product_brand?post=135514"},{"taxonomy":"product_cat","embeddable":true,"href":"https:\/\/www.iplay.com\/es\/wp-json\/wp\/v2\/product_cat?post=135514"},{"taxonomy":"product_tag","embeddable":true,"href":"https:\/\/www.iplay.com\/es\/wp-json\/wp\/v2\/product_tag?post=135514"}],"curies":[{"name":"wp","href":"https:\/\/api.w.org\/{rel}","templated":true}]}}