{"id":135505,"date":"2020-05-06T00:00:00","date_gmt":"2020-05-06T00:00:00","guid":{"rendered":"https:\/\/www.iplay.com\/games\/new-yankee-8-journey-of-odysseus-collectors-edition\/"},"modified":"2020-05-06T00:00:00","modified_gmt":"2020-05-06T00:00:00","slug":"new-yankee-8-journey-of-odysseus-collectors-edition","status":"publish","type":"product","link":"https:\/\/www.iplay.com\/es\/games\/new-yankee-8-journey-of-odysseus-collectors-edition\/","title":{"rendered":"New Yankee 8: Journey of Odysseus Collector&#8217;s Edition"},"content":{"rendered":"<p>\u00a1Vuelve a casa con la pareja m\u00e1s viajada del mundo en un emocionante viaje en el tiempo! Mientras hace magia, Mary rompe el tiempo y el espacio una vez m\u00e1s, envi\u00e1ndose a s\u00ed misma y a su esposo, John, en espiral hacia atr\u00e1s en el tiempo. Llegan a las afueras de Troya, donde ayudan al m\u00edtico guerrero griego Odiseo a ganar el conflicto antes de partir para devolverlo a su perdurable esposa. \u00a1Tu capacidad para perseverar en situaciones desafiantes, animales legendarios peligrosos y el apetito voraz del h\u00e9roe se pondr\u00e1n a prueba! \u00a1Acepta el encanto de la narraci\u00f3n interactiva y emb\u00e1rcate con John y Mary en su aventura m\u00e1s incre\u00edble hasta la fecha!    <\/p>\n<p>&nbsp;<\/p>\n<p>&nbsp;<\/p>\n<p><strong>Funciones:<\/strong><\/p>\n<p>&nbsp;<\/p>\n<p>&#8211; Una fascinante narraci\u00f3n de viajes en el tiempo<\/p>\n<p>&#8211; Entornos de juego brillantes y vibrantes<\/p>\n<p>&#8211; Logros desconocidos<\/p>\n<p>&#8211; Niveles apropiados tanto para jugadores novatos como expertosUn tutorial del que puedes aprender sobre la marcha.<\/p>\n<p>&#8211; Controles de apuntar y hacer clic f\u00e1ciles de usar<\/p>\n<p>&nbsp;<\/p>\n<p>&nbsp;<\/p>\n<p><strong>Caracter\u00edsticas de la Edici\u00f3n de Coleccionista:<\/strong><\/p>\n<p>&nbsp;<\/p>\n<p>&#8211; Un cap\u00edtulo extra que consta de quince niveles<\/p>\n<p>&#8211; 42 triunfos no reconocidos<\/p>\n<p>&#8211; Una gu\u00eda de estrategia completa<\/p>\n<p>&#8211; Banda sonora descargable para la epopeya<\/p>\n<p>&#8211; Cuatro llamativos fondos de escritorio<\/p>\n<p>&#8211; Un rompecabezas para resolver que est\u00e1 oculto<\/p>\n<p>&#8211; Historias interesantes para cada personaje<\/p>\n","protected":false},"excerpt":{"rendered":"<p>\u00a1Aprovecha el encantamiento! Dentro de la nueva edici\u00f3n coleccionista de Yankee 8: Odysseus&#8217;s Journey <\/p>\n","protected":false},"author":8,"featured_media":91063,"comment_status":"open","ping_status":"closed","template":"","meta":{"_acf_changed":false,"inline_featured_image":false},"product_brand":[],"product_cat":[212],"product_tag":[276,288],"class_list":{"0":"post-135505","1":"product","2":"type-product","3":"status-publish","4":"has-post-thumbnail","6":"product_cat-time-management-es","7":"product_tag-new-yankee-series-es","8":"product_tag-play-on-pc-es","10":"first","11":"instock","12":"shipping-taxable","13":"purchasable","14":"product-type-simple"},"acf":[],"yoast_head":"<!-- This site is optimized with the Yoast SEO Premium plugin v25.2 (Yoast SEO v25.2) - https:\/\/yoast.com\/wordpress\/plugins\/seo\/ -->\n<title>New Yankee 8: Journey of Odysseus Collector&#039;s Edition - Sum\u00e9rgete en la magia con New Yankee 8: Journey of Odysseus CE<\/title>\n<meta name=\"description\" content=\"\u00a1Aprovecha el encantamiento! Dentro de la nueva edici\u00f3n coleccionista de Yankee 8: Odysseus&#039;s Journey\" \/>\n<meta name=\"robots\" content=\"index, follow, max-snippet:-1, max-image-preview:large, max-video-preview:-1\" \/>\n<link rel=\"canonical\" href=\"https:\/\/www.iplay.com\/es\/games\/new-yankee-8-journey-of-odysseus-collectors-edition\/\" \/>\n<meta property=\"og:locale\" content=\"es_ES\" \/>\n<meta property=\"og:type\" content=\"article\" \/>\n<meta property=\"og:title\" content=\"New Yankee 8: Journey of Odysseus Collector&#039;s Edition\" \/>\n<meta property=\"og:description\" content=\"\u00a1Aprovecha el encantamiento! Dentro de la nueva edici\u00f3n coleccionista de Yankee 8: Odysseus&#039;s Journey\" \/>\n<meta property=\"og:url\" content=\"https:\/\/www.iplay.com\/es\/games\/new-yankee-8-journey-of-odysseus-collectors-edition\/\" \/>\n<meta property=\"og:site_name\" content=\"IPlay\" \/>\n<meta property=\"og:image\" content=\"https:\/\/www.iplay.com\/wp-content\/uploads\/2023\/12\/large_square_tile_image-3206.jpg\" \/>\n\t<meta property=\"og:image:width\" content=\"310\" \/>\n\t<meta property=\"og:image:height\" content=\"310\" \/>\n\t<meta property=\"og:image:type\" content=\"image\/jpeg\" \/>\n<meta name=\"twitter:card\" content=\"summary_large_image\" \/>\n<meta name=\"twitter:label1\" content=\"Est. reading time\" \/>\n\t<meta name=\"twitter:data1\" content=\"1 minuto\" \/>\n<script type=\"application\/ld+json\" class=\"yoast-schema-graph\">{\"@context\":\"https:\/\/schema.org\",\"@graph\":[{\"@type\":\"WebPage\",\"@id\":\"https:\/\/www.iplay.com\/es\/games\/new-yankee-8-journey-of-odysseus-collectors-edition\/\",\"url\":\"https:\/\/www.iplay.com\/es\/games\/new-yankee-8-journey-of-odysseus-collectors-edition\/\",\"name\":\"New Yankee 8: Journey of Odysseus Collector's Edition - Sum\u00e9rgete en la magia con New Yankee 8: Journey of Odysseus CE\",\"isPartOf\":{\"@id\":\"https:\/\/www.iplay.com\/en\/#website\"},\"primaryImageOfPage\":{\"@id\":\"https:\/\/www.iplay.com\/es\/games\/new-yankee-8-journey-of-odysseus-collectors-edition\/#primaryimage\"},\"image\":{\"@id\":\"https:\/\/www.iplay.com\/es\/games\/new-yankee-8-journey-of-odysseus-collectors-edition\/#primaryimage\"},\"thumbnailUrl\":\"https:\/\/www.iplay.com\/wp-content\/uploads\/2023\/12\/large_square_tile_image-3206.jpg\",\"datePublished\":\"2020-05-06T00:00:00+00:00\",\"description\":\"\u00a1Aprovecha el encantamiento! Dentro de la nueva edici\u00f3n coleccionista de Yankee 8: Odysseus's Journey\",\"breadcrumb\":{\"@id\":\"https:\/\/www.iplay.com\/es\/games\/new-yankee-8-journey-of-odysseus-collectors-edition\/#breadcrumb\"},\"inLanguage\":\"es\",\"potentialAction\":[{\"@type\":\"ReadAction\",\"target\":[\"https:\/\/www.iplay.com\/es\/games\/new-yankee-8-journey-of-odysseus-collectors-edition\/\"]}]},{\"@type\":\"ImageObject\",\"inLanguage\":\"es\",\"@id\":\"https:\/\/www.iplay.com\/es\/games\/new-yankee-8-journey-of-odysseus-collectors-edition\/#primaryimage\",\"url\":\"https:\/\/www.iplay.com\/wp-content\/uploads\/2023\/12\/large_square_tile_image-3206.jpg\",\"contentUrl\":\"https:\/\/www.iplay.com\/wp-content\/uploads\/2023\/12\/large_square_tile_image-3206.jpg\",\"width\":310,\"height\":310},{\"@type\":\"BreadcrumbList\",\"@id\":\"https:\/\/www.iplay.com\/es\/games\/new-yankee-8-journey-of-odysseus-collectors-edition\/#breadcrumb\",\"itemListElement\":[{\"@type\":\"ListItem\",\"position\":1,\"name\":\"Home\",\"item\":\"https:\/\/www.iplay.com\/es\/home-page-2\/\"},{\"@type\":\"ListItem\",\"position\":2,\"name\":\"Shop\",\"item\":\"https:\/\/www.iplay.com\/en\/shop\/\"},{\"@type\":\"ListItem\",\"position\":3,\"name\":\"New Yankee 8: Journey of Odysseus Collector&#8217;s Edition\"}]},{\"@type\":\"WebSite\",\"@id\":\"https:\/\/www.iplay.com\/en\/#website\",\"url\":\"https:\/\/www.iplay.com\/en\/\",\"name\":\"IPlay\",\"description\":\"The Best Casual Games!\",\"publisher\":{\"@id\":\"https:\/\/www.iplay.com\/en\/#organization\"},\"potentialAction\":[{\"@type\":\"SearchAction\",\"target\":{\"@type\":\"EntryPoint\",\"urlTemplate\":\"https:\/\/www.iplay.com\/en\/?s={search_term_string}\"},\"query-input\":{\"@type\":\"PropertyValueSpecification\",\"valueRequired\":true,\"valueName\":\"search_term_string\"}}],\"inLanguage\":\"es\"},{\"@type\":\"Organization\",\"@id\":\"https:\/\/www.iplay.com\/en\/#organization\",\"name\":\"IPlay\",\"url\":\"https:\/\/www.iplay.com\/en\/\",\"logo\":{\"@type\":\"ImageObject\",\"inLanguage\":\"es\",\"@id\":\"https:\/\/www.iplay.com\/en\/#\/schema\/logo\/image\/\",\"url\":\"https:\/\/www.iplay.com\/wp-content\/uploads\/2023\/11\/Group-6100.svg\",\"contentUrl\":\"https:\/\/www.iplay.com\/wp-content\/uploads\/2023\/11\/Group-6100.svg\",\"width\":98,\"height\":25,\"caption\":\"IPlay\"},\"image\":{\"@id\":\"https:\/\/www.iplay.com\/en\/#\/schema\/logo\/image\/\"}}]}<\/script>\n<!-- \/ Yoast SEO Premium plugin. -->","yoast_head_json":{"title":"New Yankee 8: Journey of Odysseus Collector's Edition - Sum\u00e9rgete en la magia con New Yankee 8: Journey of Odysseus CE","description":"\u00a1Aprovecha el encantamiento! Dentro de la nueva edici\u00f3n coleccionista de Yankee 8: Odysseus's Journey","robots":{"index":"index","follow":"follow","max-snippet":"max-snippet:-1","max-image-preview":"max-image-preview:large","max-video-preview":"max-video-preview:-1"},"canonical":"https:\/\/www.iplay.com\/es\/games\/new-yankee-8-journey-of-odysseus-collectors-edition\/","og_locale":"es_ES","og_type":"article","og_title":"New Yankee 8: Journey of Odysseus Collector's Edition","og_description":"\u00a1Aprovecha el encantamiento! Dentro de la nueva edici\u00f3n coleccionista de Yankee 8: Odysseus's Journey","og_url":"https:\/\/www.iplay.com\/es\/games\/new-yankee-8-journey-of-odysseus-collectors-edition\/","og_site_name":"IPlay","og_image":[{"width":310,"height":310,"url":"https:\/\/www.iplay.com\/wp-content\/uploads\/2023\/12\/large_square_tile_image-3206.jpg","type":"image\/jpeg"}],"twitter_card":"summary_large_image","twitter_misc":{"Est. reading time":"1 minuto"},"schema":{"@context":"https:\/\/schema.org","@graph":[{"@type":"WebPage","@id":"https:\/\/www.iplay.com\/es\/games\/new-yankee-8-journey-of-odysseus-collectors-edition\/","url":"https:\/\/www.iplay.com\/es\/games\/new-yankee-8-journey-of-odysseus-collectors-edition\/","name":"New Yankee 8: Journey of Odysseus Collector's Edition - Sum\u00e9rgete en la magia con New Yankee 8: Journey of Odysseus CE","isPartOf":{"@id":"https:\/\/www.iplay.com\/en\/#website"},"primaryImageOfPage":{"@id":"https:\/\/www.iplay.com\/es\/games\/new-yankee-8-journey-of-odysseus-collectors-edition\/#primaryimage"},"image":{"@id":"https:\/\/www.iplay.com\/es\/games\/new-yankee-8-journey-of-odysseus-collectors-edition\/#primaryimage"},"thumbnailUrl":"https:\/\/www.iplay.com\/wp-content\/uploads\/2023\/12\/large_square_tile_image-3206.jpg","datePublished":"2020-05-06T00:00:00+00:00","description":"\u00a1Aprovecha el encantamiento! Dentro de la nueva edici\u00f3n coleccionista de Yankee 8: Odysseus's Journey","breadcrumb":{"@id":"https:\/\/www.iplay.com\/es\/games\/new-yankee-8-journey-of-odysseus-collectors-edition\/#breadcrumb"},"inLanguage":"es","potentialAction":[{"@type":"ReadAction","target":["https:\/\/www.iplay.com\/es\/games\/new-yankee-8-journey-of-odysseus-collectors-edition\/"]}]},{"@type":"ImageObject","inLanguage":"es","@id":"https:\/\/www.iplay.com\/es\/games\/new-yankee-8-journey-of-odysseus-collectors-edition\/#primaryimage","url":"https:\/\/www.iplay.com\/wp-content\/uploads\/2023\/12\/large_square_tile_image-3206.jpg","contentUrl":"https:\/\/www.iplay.com\/wp-content\/uploads\/2023\/12\/large_square_tile_image-3206.jpg","width":310,"height":310},{"@type":"BreadcrumbList","@id":"https:\/\/www.iplay.com\/es\/games\/new-yankee-8-journey-of-odysseus-collectors-edition\/#breadcrumb","itemListElement":[{"@type":"ListItem","position":1,"name":"Home","item":"https:\/\/www.iplay.com\/es\/home-page-2\/"},{"@type":"ListItem","position":2,"name":"Shop","item":"https:\/\/www.iplay.com\/en\/shop\/"},{"@type":"ListItem","position":3,"name":"New Yankee 8: Journey of Odysseus Collector&#8217;s Edition"}]},{"@type":"WebSite","@id":"https:\/\/www.iplay.com\/en\/#website","url":"https:\/\/www.iplay.com\/en\/","name":"IPlay","description":"The Best Casual Games!","publisher":{"@id":"https:\/\/www.iplay.com\/en\/#organization"},"potentialAction":[{"@type":"SearchAction","target":{"@type":"EntryPoint","urlTemplate":"https:\/\/www.iplay.com\/en\/?s={search_term_string}"},"query-input":{"@type":"PropertyValueSpecification","valueRequired":true,"valueName":"search_term_string"}}],"inLanguage":"es"},{"@type":"Organization","@id":"https:\/\/www.iplay.com\/en\/#organization","name":"IPlay","url":"https:\/\/www.iplay.com\/en\/","logo":{"@type":"ImageObject","inLanguage":"es","@id":"https:\/\/www.iplay.com\/en\/#\/schema\/logo\/image\/","url":"https:\/\/www.iplay.com\/wp-content\/uploads\/2023\/11\/Group-6100.svg","contentUrl":"https:\/\/www.iplay.com\/wp-content\/uploads\/2023\/11\/Group-6100.svg","width":98,"height":25,"caption":"IPlay"},"image":{"@id":"https:\/\/www.iplay.com\/en\/#\/schema\/logo\/image\/"}}]}},"_links":{"self":[{"href":"https:\/\/www.iplay.com\/es\/wp-json\/wp\/v2\/product\/135505","targetHints":{"allow":["GET"]}}],"collection":[{"href":"https:\/\/www.iplay.com\/es\/wp-json\/wp\/v2\/product"}],"about":[{"href":"https:\/\/www.iplay.com\/es\/wp-json\/wp\/v2\/types\/product"}],"author":[{"embeddable":true,"href":"https:\/\/www.iplay.com\/es\/wp-json\/wp\/v2\/users\/8"}],"replies":[{"embeddable":true,"href":"https:\/\/www.iplay.com\/es\/wp-json\/wp\/v2\/comments?post=135505"}],"wp:featuredmedia":[{"embeddable":true,"href":"https:\/\/www.iplay.com\/es\/wp-json\/wp\/v2\/media\/91063"}],"wp:attachment":[{"href":"https:\/\/www.iplay.com\/es\/wp-json\/wp\/v2\/media?parent=135505"}],"wp:term":[{"taxonomy":"product_brand","embeddable":true,"href":"https:\/\/www.iplay.com\/es\/wp-json\/wp\/v2\/product_brand?post=135505"},{"taxonomy":"product_cat","embeddable":true,"href":"https:\/\/www.iplay.com\/es\/wp-json\/wp\/v2\/product_cat?post=135505"},{"taxonomy":"product_tag","embeddable":true,"href":"https:\/\/www.iplay.com\/es\/wp-json\/wp\/v2\/product_tag?post=135505"}],"curies":[{"name":"wp","href":"https:\/\/api.w.org\/{rel}","templated":true}]}}