{"id":135452,"date":"2020-10-05T00:00:00","date_gmt":"2020-10-05T00:00:00","guid":{"rendered":"https:\/\/www.iplay.com\/games\/gnomes-garden-return-of-the-queen-collectors-edition\/"},"modified":"2020-10-05T00:00:00","modified_gmt":"2020-10-05T00:00:00","slug":"gnomes-garden-return-of-the-queen-collectors-edition","status":"publish","type":"product","link":"https:\/\/www.iplay.com\/es\/games\/gnomes-garden-return-of-the-queen-collectors-edition\/","title":{"rendered":"Gnomes Garden &#8211; Return Of The Queen Collector&#8217;s Edition"},"content":{"rendered":"<p>\u00bfQui\u00e9n es ese, corriendo sobre las aguas salvajes a bordo de un barco? La Reina Gnomo est\u00e1 de camino al Reino de las Arp\u00edas con sus fieles compa\u00f1eros. Sin embargo, debes permanecer atento porque los piratas pueden estar al acecho en estas aguas. Despu\u00e9s de una larga batalla de artiller\u00eda, los villanos atacaron y hundieron el barco. El Se\u00f1or Supremo del Mar encarcel\u00f3 a los amigos despu\u00e9s de que llegaran a las profundidades. Ese severo monarca accedi\u00f3 a liberar a los h\u00e9roes solo si cumpl\u00edan con sus requisitos. \u00a1Tus devotos s\u00fabditos est\u00e1n esperando tu ayuda! En un nuevo y fant\u00e1stico viaje con la Reina y sus amigos, visita lugares incre\u00edbles como el Reino Submarino, un Monasterio M\u00e1gico y muchos m\u00e1s. La Edici\u00f3n Coleccionista de El Regreso de la Reina del Jard\u00edn de los Gnomos incluye secretos, criaturas extra\u00f1as y sucesos enigm\u00e1ticos. Te esperan una variedad de trabajos, m\u00e1s de 40 niveles, una historia atractiva, una jugabilidad sencilla y divertida y un universo intrigante. El Regreso de la Reina Edici\u00f3n Coleccionista de El Jard\u00edn de los Gnomos          <\/p>\n<p>&nbsp;<\/p>\n<p>&nbsp;<\/p>\n<p><strong>Funciones:<\/strong><\/p>\n<p>&nbsp;<\/p>\n<p>&#8211; \u00a1Ayuda a la Reina a rescatar a sus amigos!<\/p>\n<p>&#8211; \u00a1Ayuda a la Reina a rescatar a sus amigos!<\/p>\n<p>&#8211; M\u00e1s de 40 niveles y una amplia gama de misiones.<\/p>\n<p>&#8211; Jugabilidad emocionante para personas de todas las edades.<\/p>\n<p>&#8211; Una introducci\u00f3n f\u00e1cil, una dificultad creciente y una gran cantidad de premios para los profesionales<\/p>\n<p>&#8211; Una trama alegre, personajes coloridos y un universo m\u00e1gico fant\u00e1stico<\/p>\n","protected":false},"excerpt":{"rendered":"<p>Gnomes Garden Return of the Queen Collector&#8217;s Edition: \u00a1tus devotos sujetos requieren tu ayuda!<\/p>\n","protected":false},"author":13,"featured_media":81973,"comment_status":"open","ping_status":"closed","template":"","meta":{"_acf_changed":false,"inline_featured_image":false},"product_brand":[],"product_cat":[212],"product_tag":[288],"class_list":{"0":"post-135452","1":"product","2":"type-product","3":"status-publish","4":"has-post-thumbnail","6":"product_cat-time-management-es","7":"product_tag-play-on-pc-es","9":"first","10":"instock","11":"shipping-taxable","12":"purchasable","13":"product-type-simple"},"acf":[],"yoast_head":"<!-- This site is optimized with the Yoast SEO Premium plugin v25.2 (Yoast SEO v25.2) - https:\/\/yoast.com\/wordpress\/plugins\/seo\/ -->\n<title>Gnomes Garden - Return Of The Queen Collector&#039;s Edition - Los s\u00fabditos leales buscan ayuda en Gnomes Garden: Return of the Queen<\/title>\n<meta name=\"description\" content=\"Gnomes Garden Return of the Queen Collector&#039;s Edition: \u00a1tus devotos sujetos requieren tu ayuda!\" \/>\n<meta name=\"robots\" content=\"index, follow, max-snippet:-1, max-image-preview:large, max-video-preview:-1\" \/>\n<link rel=\"canonical\" href=\"https:\/\/www.iplay.com\/es\/games\/gnomes-garden-return-of-the-queen-collectors-edition\/\" \/>\n<meta property=\"og:locale\" content=\"es_ES\" \/>\n<meta property=\"og:type\" content=\"article\" \/>\n<meta property=\"og:title\" content=\"Gnomes Garden - Return Of The Queen Collector&#039;s Edition\" \/>\n<meta property=\"og:description\" content=\"Gnomes Garden Return of the Queen Collector&#039;s Edition: \u00a1tus devotos sujetos requieren tu ayuda!\" \/>\n<meta property=\"og:url\" content=\"https:\/\/www.iplay.com\/es\/games\/gnomes-garden-return-of-the-queen-collectors-edition\/\" \/>\n<meta property=\"og:site_name\" content=\"IPlay\" \/>\n<meta property=\"og:image\" content=\"https:\/\/www.iplay.com\/wp-content\/uploads\/2023\/12\/large_square_tile_image-2629.jpg\" \/>\n\t<meta property=\"og:image:width\" content=\"310\" \/>\n\t<meta property=\"og:image:height\" content=\"310\" \/>\n\t<meta property=\"og:image:type\" content=\"image\/jpeg\" \/>\n<meta name=\"twitter:card\" content=\"summary_large_image\" \/>\n<meta name=\"twitter:label1\" content=\"Est. reading time\" \/>\n\t<meta name=\"twitter:data1\" content=\"1 minuto\" \/>\n<script type=\"application\/ld+json\" class=\"yoast-schema-graph\">{\"@context\":\"https:\/\/schema.org\",\"@graph\":[{\"@type\":\"WebPage\",\"@id\":\"https:\/\/www.iplay.com\/es\/games\/gnomes-garden-return-of-the-queen-collectors-edition\/\",\"url\":\"https:\/\/www.iplay.com\/es\/games\/gnomes-garden-return-of-the-queen-collectors-edition\/\",\"name\":\"Gnomes Garden - Return Of The Queen Collector's Edition - Los s\u00fabditos leales buscan ayuda en Gnomes Garden: Return of the Queen\",\"isPartOf\":{\"@id\":\"https:\/\/www.iplay.com\/en\/#website\"},\"primaryImageOfPage\":{\"@id\":\"https:\/\/www.iplay.com\/es\/games\/gnomes-garden-return-of-the-queen-collectors-edition\/#primaryimage\"},\"image\":{\"@id\":\"https:\/\/www.iplay.com\/es\/games\/gnomes-garden-return-of-the-queen-collectors-edition\/#primaryimage\"},\"thumbnailUrl\":\"https:\/\/www.iplay.com\/wp-content\/uploads\/2023\/12\/large_square_tile_image-2629.jpg\",\"datePublished\":\"2020-10-05T00:00:00+00:00\",\"description\":\"Gnomes Garden Return of the Queen Collector's Edition: \u00a1tus devotos sujetos requieren tu ayuda!\",\"breadcrumb\":{\"@id\":\"https:\/\/www.iplay.com\/es\/games\/gnomes-garden-return-of-the-queen-collectors-edition\/#breadcrumb\"},\"inLanguage\":\"es\",\"potentialAction\":[{\"@type\":\"ReadAction\",\"target\":[\"https:\/\/www.iplay.com\/es\/games\/gnomes-garden-return-of-the-queen-collectors-edition\/\"]}]},{\"@type\":\"ImageObject\",\"inLanguage\":\"es\",\"@id\":\"https:\/\/www.iplay.com\/es\/games\/gnomes-garden-return-of-the-queen-collectors-edition\/#primaryimage\",\"url\":\"https:\/\/www.iplay.com\/wp-content\/uploads\/2023\/12\/large_square_tile_image-2629.jpg\",\"contentUrl\":\"https:\/\/www.iplay.com\/wp-content\/uploads\/2023\/12\/large_square_tile_image-2629.jpg\",\"width\":310,\"height\":310},{\"@type\":\"BreadcrumbList\",\"@id\":\"https:\/\/www.iplay.com\/es\/games\/gnomes-garden-return-of-the-queen-collectors-edition\/#breadcrumb\",\"itemListElement\":[{\"@type\":\"ListItem\",\"position\":1,\"name\":\"Home\",\"item\":\"https:\/\/www.iplay.com\/es\/home-page-2\/\"},{\"@type\":\"ListItem\",\"position\":2,\"name\":\"Shop\",\"item\":\"https:\/\/www.iplay.com\/en\/shop\/\"},{\"@type\":\"ListItem\",\"position\":3,\"name\":\"Gnomes Garden &#8211; Return Of The Queen Collector&#8217;s Edition\"}]},{\"@type\":\"WebSite\",\"@id\":\"https:\/\/www.iplay.com\/en\/#website\",\"url\":\"https:\/\/www.iplay.com\/en\/\",\"name\":\"IPlay\",\"description\":\"The Best Casual Games!\",\"publisher\":{\"@id\":\"https:\/\/www.iplay.com\/en\/#organization\"},\"potentialAction\":[{\"@type\":\"SearchAction\",\"target\":{\"@type\":\"EntryPoint\",\"urlTemplate\":\"https:\/\/www.iplay.com\/en\/?s={search_term_string}\"},\"query-input\":{\"@type\":\"PropertyValueSpecification\",\"valueRequired\":true,\"valueName\":\"search_term_string\"}}],\"inLanguage\":\"es\"},{\"@type\":\"Organization\",\"@id\":\"https:\/\/www.iplay.com\/en\/#organization\",\"name\":\"IPlay\",\"url\":\"https:\/\/www.iplay.com\/en\/\",\"logo\":{\"@type\":\"ImageObject\",\"inLanguage\":\"es\",\"@id\":\"https:\/\/www.iplay.com\/en\/#\/schema\/logo\/image\/\",\"url\":\"https:\/\/www.iplay.com\/wp-content\/uploads\/2023\/11\/Group-6100.svg\",\"contentUrl\":\"https:\/\/www.iplay.com\/wp-content\/uploads\/2023\/11\/Group-6100.svg\",\"width\":98,\"height\":25,\"caption\":\"IPlay\"},\"image\":{\"@id\":\"https:\/\/www.iplay.com\/en\/#\/schema\/logo\/image\/\"}}]}<\/script>\n<!-- \/ Yoast SEO Premium plugin. -->","yoast_head_json":{"title":"Gnomes Garden - Return Of The Queen Collector's Edition - Los s\u00fabditos leales buscan ayuda en Gnomes Garden: Return of the Queen","description":"Gnomes Garden Return of the Queen Collector's Edition: \u00a1tus devotos sujetos requieren tu ayuda!","robots":{"index":"index","follow":"follow","max-snippet":"max-snippet:-1","max-image-preview":"max-image-preview:large","max-video-preview":"max-video-preview:-1"},"canonical":"https:\/\/www.iplay.com\/es\/games\/gnomes-garden-return-of-the-queen-collectors-edition\/","og_locale":"es_ES","og_type":"article","og_title":"Gnomes Garden - Return Of The Queen Collector's Edition","og_description":"Gnomes Garden Return of the Queen Collector's Edition: \u00a1tus devotos sujetos requieren tu ayuda!","og_url":"https:\/\/www.iplay.com\/es\/games\/gnomes-garden-return-of-the-queen-collectors-edition\/","og_site_name":"IPlay","og_image":[{"width":310,"height":310,"url":"https:\/\/www.iplay.com\/wp-content\/uploads\/2023\/12\/large_square_tile_image-2629.jpg","type":"image\/jpeg"}],"twitter_card":"summary_large_image","twitter_misc":{"Est. reading time":"1 minuto"},"schema":{"@context":"https:\/\/schema.org","@graph":[{"@type":"WebPage","@id":"https:\/\/www.iplay.com\/es\/games\/gnomes-garden-return-of-the-queen-collectors-edition\/","url":"https:\/\/www.iplay.com\/es\/games\/gnomes-garden-return-of-the-queen-collectors-edition\/","name":"Gnomes Garden - Return Of The Queen Collector's Edition - Los s\u00fabditos leales buscan ayuda en Gnomes Garden: Return of the Queen","isPartOf":{"@id":"https:\/\/www.iplay.com\/en\/#website"},"primaryImageOfPage":{"@id":"https:\/\/www.iplay.com\/es\/games\/gnomes-garden-return-of-the-queen-collectors-edition\/#primaryimage"},"image":{"@id":"https:\/\/www.iplay.com\/es\/games\/gnomes-garden-return-of-the-queen-collectors-edition\/#primaryimage"},"thumbnailUrl":"https:\/\/www.iplay.com\/wp-content\/uploads\/2023\/12\/large_square_tile_image-2629.jpg","datePublished":"2020-10-05T00:00:00+00:00","description":"Gnomes Garden Return of the Queen Collector's Edition: \u00a1tus devotos sujetos requieren tu ayuda!","breadcrumb":{"@id":"https:\/\/www.iplay.com\/es\/games\/gnomes-garden-return-of-the-queen-collectors-edition\/#breadcrumb"},"inLanguage":"es","potentialAction":[{"@type":"ReadAction","target":["https:\/\/www.iplay.com\/es\/games\/gnomes-garden-return-of-the-queen-collectors-edition\/"]}]},{"@type":"ImageObject","inLanguage":"es","@id":"https:\/\/www.iplay.com\/es\/games\/gnomes-garden-return-of-the-queen-collectors-edition\/#primaryimage","url":"https:\/\/www.iplay.com\/wp-content\/uploads\/2023\/12\/large_square_tile_image-2629.jpg","contentUrl":"https:\/\/www.iplay.com\/wp-content\/uploads\/2023\/12\/large_square_tile_image-2629.jpg","width":310,"height":310},{"@type":"BreadcrumbList","@id":"https:\/\/www.iplay.com\/es\/games\/gnomes-garden-return-of-the-queen-collectors-edition\/#breadcrumb","itemListElement":[{"@type":"ListItem","position":1,"name":"Home","item":"https:\/\/www.iplay.com\/es\/home-page-2\/"},{"@type":"ListItem","position":2,"name":"Shop","item":"https:\/\/www.iplay.com\/en\/shop\/"},{"@type":"ListItem","position":3,"name":"Gnomes Garden &#8211; Return Of The Queen Collector&#8217;s Edition"}]},{"@type":"WebSite","@id":"https:\/\/www.iplay.com\/en\/#website","url":"https:\/\/www.iplay.com\/en\/","name":"IPlay","description":"The Best Casual Games!","publisher":{"@id":"https:\/\/www.iplay.com\/en\/#organization"},"potentialAction":[{"@type":"SearchAction","target":{"@type":"EntryPoint","urlTemplate":"https:\/\/www.iplay.com\/en\/?s={search_term_string}"},"query-input":{"@type":"PropertyValueSpecification","valueRequired":true,"valueName":"search_term_string"}}],"inLanguage":"es"},{"@type":"Organization","@id":"https:\/\/www.iplay.com\/en\/#organization","name":"IPlay","url":"https:\/\/www.iplay.com\/en\/","logo":{"@type":"ImageObject","inLanguage":"es","@id":"https:\/\/www.iplay.com\/en\/#\/schema\/logo\/image\/","url":"https:\/\/www.iplay.com\/wp-content\/uploads\/2023\/11\/Group-6100.svg","contentUrl":"https:\/\/www.iplay.com\/wp-content\/uploads\/2023\/11\/Group-6100.svg","width":98,"height":25,"caption":"IPlay"},"image":{"@id":"https:\/\/www.iplay.com\/en\/#\/schema\/logo\/image\/"}}]}},"_links":{"self":[{"href":"https:\/\/www.iplay.com\/es\/wp-json\/wp\/v2\/product\/135452","targetHints":{"allow":["GET"]}}],"collection":[{"href":"https:\/\/www.iplay.com\/es\/wp-json\/wp\/v2\/product"}],"about":[{"href":"https:\/\/www.iplay.com\/es\/wp-json\/wp\/v2\/types\/product"}],"author":[{"embeddable":true,"href":"https:\/\/www.iplay.com\/es\/wp-json\/wp\/v2\/users\/13"}],"replies":[{"embeddable":true,"href":"https:\/\/www.iplay.com\/es\/wp-json\/wp\/v2\/comments?post=135452"}],"wp:featuredmedia":[{"embeddable":true,"href":"https:\/\/www.iplay.com\/es\/wp-json\/wp\/v2\/media\/81973"}],"wp:attachment":[{"href":"https:\/\/www.iplay.com\/es\/wp-json\/wp\/v2\/media?parent=135452"}],"wp:term":[{"taxonomy":"product_brand","embeddable":true,"href":"https:\/\/www.iplay.com\/es\/wp-json\/wp\/v2\/product_brand?post=135452"},{"taxonomy":"product_cat","embeddable":true,"href":"https:\/\/www.iplay.com\/es\/wp-json\/wp\/v2\/product_cat?post=135452"},{"taxonomy":"product_tag","embeddable":true,"href":"https:\/\/www.iplay.com\/es\/wp-json\/wp\/v2\/product_tag?post=135452"}],"curies":[{"name":"wp","href":"https:\/\/api.w.org\/{rel}","templated":true}]}}