{"id":135386,"date":"2021-11-03T00:00:00","date_gmt":"2021-11-03T00:00:00","guid":{"rendered":"https:\/\/www.iplay.com\/games\/robin-hood-4-spring-of-life-collectors-edition\/"},"modified":"2021-11-03T00:00:00","modified_gmt":"2021-11-03T00:00:00","slug":"robin-hood-4-spring-of-life-collectors-edition","status":"publish","type":"product","link":"https:\/\/www.iplay.com\/es\/games\/robin-hood-4-spring-of-life-collectors-edition\/","title":{"rendered":"Robin Hood 4: Spring of Life Collector&#8217;s Edition"},"content":{"rendered":"<p>Para ayudar al corredor de BMX a moverse m\u00e1s r\u00e1pido y saltar m\u00e1s alto en los circuitos de carreras, controle su fuerza y cansancio. Los jinetes conocidos como Sataur y Drawster no tienen l\u00edmites y est\u00e1n dispuestos a asumir cualquier desaf\u00edo para demostrar su dominio y lograr los mejores resultados. A medida que superes obst\u00e1culos y desarrolles tus habilidades, gana medallas RM. Para lograr resultados \u00f3ptimos, debe controlar su velocidad, saltos y resistencia.   <\/p>\n<p>&nbsp;<\/p>\n<p>&nbsp;<\/p>\n<p><strong>Funciones:<\/strong><\/p>\n<p>&nbsp;<\/p>\n<p>&#8211; Acci\u00f3n<br \/>\n de BMX de ritmo r\u00e1pido: \u00bfqu\u00e9 tan lejos puedes recorrer? \u00a1Hay dos bicicletas BMX diferentes disponibles!<\/p>\n","protected":false},"excerpt":{"rendered":"<p>\u00a1Ven con el infame ladr\u00f3n y su pandilla de alegres forajidos! En Robin Hood: La leyenda de la vida primaveral CE <\/p>\n","protected":false},"author":8,"featured_media":78571,"comment_status":"open","ping_status":"closed","template":"","meta":{"_acf_changed":false,"inline_featured_image":false},"product_brand":[],"product_cat":[212],"product_tag":[288],"class_list":{"0":"post-135386","1":"product","2":"type-product","3":"status-publish","4":"has-post-thumbnail","6":"product_cat-time-management-es","7":"product_tag-play-on-pc-es","9":"first","10":"instock","11":"shipping-taxable","12":"purchasable","13":"product-type-simple"},"acf":[],"yoast_head":"<!-- This site is optimized with the Yoast SEO Premium plugin v25.2 (Yoast SEO v25.2) - https:\/\/yoast.com\/wordpress\/plugins\/seo\/ -->\n<title>Robin Hood 4: Spring of Life Collector&#039;s Edition - \u00danete a la pandilla de Robin Hood en Spring of Life - CE<\/title>\n<meta name=\"description\" content=\"\u00a1Ven con el infame ladr\u00f3n y su pandilla de alegres forajidos! En Robin Hood: La leyenda de la vida primaveral CE\" \/>\n<meta name=\"robots\" content=\"index, follow, max-snippet:-1, max-image-preview:large, max-video-preview:-1\" \/>\n<link rel=\"canonical\" href=\"https:\/\/www.iplay.com\/es\/games\/robin-hood-4-spring-of-life-collectors-edition\/\" \/>\n<meta property=\"og:locale\" content=\"es_ES\" \/>\n<meta property=\"og:type\" content=\"article\" \/>\n<meta property=\"og:title\" content=\"Robin Hood 4: Spring of Life Collector&#039;s Edition\" \/>\n<meta property=\"og:description\" content=\"\u00a1Ven con el infame ladr\u00f3n y su pandilla de alegres forajidos! En Robin Hood: La leyenda de la vida primaveral CE\" \/>\n<meta property=\"og:url\" content=\"https:\/\/www.iplay.com\/es\/games\/robin-hood-4-spring-of-life-collectors-edition\/\" \/>\n<meta property=\"og:site_name\" content=\"IPlay\" \/>\n<meta property=\"og:image\" content=\"https:\/\/www.iplay.com\/wp-content\/uploads\/2023\/12\/large_square_tile_image-2411.jpg\" \/>\n\t<meta property=\"og:image:width\" content=\"310\" \/>\n\t<meta property=\"og:image:height\" content=\"310\" \/>\n\t<meta property=\"og:image:type\" content=\"image\/jpeg\" \/>\n<meta name=\"twitter:card\" content=\"summary_large_image\" \/>\n<meta name=\"twitter:label1\" content=\"Est. reading time\" \/>\n\t<meta name=\"twitter:data1\" content=\"1 minuto\" \/>\n<script type=\"application\/ld+json\" class=\"yoast-schema-graph\">{\"@context\":\"https:\/\/schema.org\",\"@graph\":[{\"@type\":\"WebPage\",\"@id\":\"https:\/\/www.iplay.com\/es\/games\/robin-hood-4-spring-of-life-collectors-edition\/\",\"url\":\"https:\/\/www.iplay.com\/es\/games\/robin-hood-4-spring-of-life-collectors-edition\/\",\"name\":\"Robin Hood 4: Spring of Life Collector's Edition - \u00danete a la pandilla de Robin Hood en Spring of Life - CE\",\"isPartOf\":{\"@id\":\"https:\/\/www.iplay.com\/en\/#website\"},\"primaryImageOfPage\":{\"@id\":\"https:\/\/www.iplay.com\/es\/games\/robin-hood-4-spring-of-life-collectors-edition\/#primaryimage\"},\"image\":{\"@id\":\"https:\/\/www.iplay.com\/es\/games\/robin-hood-4-spring-of-life-collectors-edition\/#primaryimage\"},\"thumbnailUrl\":\"https:\/\/www.iplay.com\/wp-content\/uploads\/2023\/12\/large_square_tile_image-2411.jpg\",\"datePublished\":\"2021-11-03T00:00:00+00:00\",\"description\":\"\u00a1Ven con el infame ladr\u00f3n y su pandilla de alegres forajidos! En Robin Hood: La leyenda de la vida primaveral CE\",\"breadcrumb\":{\"@id\":\"https:\/\/www.iplay.com\/es\/games\/robin-hood-4-spring-of-life-collectors-edition\/#breadcrumb\"},\"inLanguage\":\"es\",\"potentialAction\":[{\"@type\":\"ReadAction\",\"target\":[\"https:\/\/www.iplay.com\/es\/games\/robin-hood-4-spring-of-life-collectors-edition\/\"]}]},{\"@type\":\"ImageObject\",\"inLanguage\":\"es\",\"@id\":\"https:\/\/www.iplay.com\/es\/games\/robin-hood-4-spring-of-life-collectors-edition\/#primaryimage\",\"url\":\"https:\/\/www.iplay.com\/wp-content\/uploads\/2023\/12\/large_square_tile_image-2411.jpg\",\"contentUrl\":\"https:\/\/www.iplay.com\/wp-content\/uploads\/2023\/12\/large_square_tile_image-2411.jpg\",\"width\":310,\"height\":310},{\"@type\":\"BreadcrumbList\",\"@id\":\"https:\/\/www.iplay.com\/es\/games\/robin-hood-4-spring-of-life-collectors-edition\/#breadcrumb\",\"itemListElement\":[{\"@type\":\"ListItem\",\"position\":1,\"name\":\"Home\",\"item\":\"https:\/\/www.iplay.com\/es\/home-page-2\/\"},{\"@type\":\"ListItem\",\"position\":2,\"name\":\"Shop\",\"item\":\"https:\/\/www.iplay.com\/en\/shop\/\"},{\"@type\":\"ListItem\",\"position\":3,\"name\":\"Robin Hood 4: Spring of Life Collector&#8217;s Edition\"}]},{\"@type\":\"WebSite\",\"@id\":\"https:\/\/www.iplay.com\/en\/#website\",\"url\":\"https:\/\/www.iplay.com\/en\/\",\"name\":\"IPlay\",\"description\":\"The Best Casual Games!\",\"publisher\":{\"@id\":\"https:\/\/www.iplay.com\/en\/#organization\"},\"potentialAction\":[{\"@type\":\"SearchAction\",\"target\":{\"@type\":\"EntryPoint\",\"urlTemplate\":\"https:\/\/www.iplay.com\/en\/?s={search_term_string}\"},\"query-input\":{\"@type\":\"PropertyValueSpecification\",\"valueRequired\":true,\"valueName\":\"search_term_string\"}}],\"inLanguage\":\"es\"},{\"@type\":\"Organization\",\"@id\":\"https:\/\/www.iplay.com\/en\/#organization\",\"name\":\"IPlay\",\"url\":\"https:\/\/www.iplay.com\/en\/\",\"logo\":{\"@type\":\"ImageObject\",\"inLanguage\":\"es\",\"@id\":\"https:\/\/www.iplay.com\/en\/#\/schema\/logo\/image\/\",\"url\":\"https:\/\/www.iplay.com\/wp-content\/uploads\/2023\/11\/Group-6100.svg\",\"contentUrl\":\"https:\/\/www.iplay.com\/wp-content\/uploads\/2023\/11\/Group-6100.svg\",\"width\":98,\"height\":25,\"caption\":\"IPlay\"},\"image\":{\"@id\":\"https:\/\/www.iplay.com\/en\/#\/schema\/logo\/image\/\"}}]}<\/script>\n<!-- \/ Yoast SEO Premium plugin. -->","yoast_head_json":{"title":"Robin Hood 4: Spring of Life Collector's Edition - \u00danete a la pandilla de Robin Hood en Spring of Life - CE","description":"\u00a1Ven con el infame ladr\u00f3n y su pandilla de alegres forajidos! En Robin Hood: La leyenda de la vida primaveral CE","robots":{"index":"index","follow":"follow","max-snippet":"max-snippet:-1","max-image-preview":"max-image-preview:large","max-video-preview":"max-video-preview:-1"},"canonical":"https:\/\/www.iplay.com\/es\/games\/robin-hood-4-spring-of-life-collectors-edition\/","og_locale":"es_ES","og_type":"article","og_title":"Robin Hood 4: Spring of Life Collector's Edition","og_description":"\u00a1Ven con el infame ladr\u00f3n y su pandilla de alegres forajidos! En Robin Hood: La leyenda de la vida primaveral CE","og_url":"https:\/\/www.iplay.com\/es\/games\/robin-hood-4-spring-of-life-collectors-edition\/","og_site_name":"IPlay","og_image":[{"width":310,"height":310,"url":"https:\/\/www.iplay.com\/wp-content\/uploads\/2023\/12\/large_square_tile_image-2411.jpg","type":"image\/jpeg"}],"twitter_card":"summary_large_image","twitter_misc":{"Est. reading time":"1 minuto"},"schema":{"@context":"https:\/\/schema.org","@graph":[{"@type":"WebPage","@id":"https:\/\/www.iplay.com\/es\/games\/robin-hood-4-spring-of-life-collectors-edition\/","url":"https:\/\/www.iplay.com\/es\/games\/robin-hood-4-spring-of-life-collectors-edition\/","name":"Robin Hood 4: Spring of Life Collector's Edition - \u00danete a la pandilla de Robin Hood en Spring of Life - CE","isPartOf":{"@id":"https:\/\/www.iplay.com\/en\/#website"},"primaryImageOfPage":{"@id":"https:\/\/www.iplay.com\/es\/games\/robin-hood-4-spring-of-life-collectors-edition\/#primaryimage"},"image":{"@id":"https:\/\/www.iplay.com\/es\/games\/robin-hood-4-spring-of-life-collectors-edition\/#primaryimage"},"thumbnailUrl":"https:\/\/www.iplay.com\/wp-content\/uploads\/2023\/12\/large_square_tile_image-2411.jpg","datePublished":"2021-11-03T00:00:00+00:00","description":"\u00a1Ven con el infame ladr\u00f3n y su pandilla de alegres forajidos! En Robin Hood: La leyenda de la vida primaveral CE","breadcrumb":{"@id":"https:\/\/www.iplay.com\/es\/games\/robin-hood-4-spring-of-life-collectors-edition\/#breadcrumb"},"inLanguage":"es","potentialAction":[{"@type":"ReadAction","target":["https:\/\/www.iplay.com\/es\/games\/robin-hood-4-spring-of-life-collectors-edition\/"]}]},{"@type":"ImageObject","inLanguage":"es","@id":"https:\/\/www.iplay.com\/es\/games\/robin-hood-4-spring-of-life-collectors-edition\/#primaryimage","url":"https:\/\/www.iplay.com\/wp-content\/uploads\/2023\/12\/large_square_tile_image-2411.jpg","contentUrl":"https:\/\/www.iplay.com\/wp-content\/uploads\/2023\/12\/large_square_tile_image-2411.jpg","width":310,"height":310},{"@type":"BreadcrumbList","@id":"https:\/\/www.iplay.com\/es\/games\/robin-hood-4-spring-of-life-collectors-edition\/#breadcrumb","itemListElement":[{"@type":"ListItem","position":1,"name":"Home","item":"https:\/\/www.iplay.com\/es\/home-page-2\/"},{"@type":"ListItem","position":2,"name":"Shop","item":"https:\/\/www.iplay.com\/en\/shop\/"},{"@type":"ListItem","position":3,"name":"Robin Hood 4: Spring of Life Collector&#8217;s Edition"}]},{"@type":"WebSite","@id":"https:\/\/www.iplay.com\/en\/#website","url":"https:\/\/www.iplay.com\/en\/","name":"IPlay","description":"The Best Casual Games!","publisher":{"@id":"https:\/\/www.iplay.com\/en\/#organization"},"potentialAction":[{"@type":"SearchAction","target":{"@type":"EntryPoint","urlTemplate":"https:\/\/www.iplay.com\/en\/?s={search_term_string}"},"query-input":{"@type":"PropertyValueSpecification","valueRequired":true,"valueName":"search_term_string"}}],"inLanguage":"es"},{"@type":"Organization","@id":"https:\/\/www.iplay.com\/en\/#organization","name":"IPlay","url":"https:\/\/www.iplay.com\/en\/","logo":{"@type":"ImageObject","inLanguage":"es","@id":"https:\/\/www.iplay.com\/en\/#\/schema\/logo\/image\/","url":"https:\/\/www.iplay.com\/wp-content\/uploads\/2023\/11\/Group-6100.svg","contentUrl":"https:\/\/www.iplay.com\/wp-content\/uploads\/2023\/11\/Group-6100.svg","width":98,"height":25,"caption":"IPlay"},"image":{"@id":"https:\/\/www.iplay.com\/en\/#\/schema\/logo\/image\/"}}]}},"_links":{"self":[{"href":"https:\/\/www.iplay.com\/es\/wp-json\/wp\/v2\/product\/135386","targetHints":{"allow":["GET"]}}],"collection":[{"href":"https:\/\/www.iplay.com\/es\/wp-json\/wp\/v2\/product"}],"about":[{"href":"https:\/\/www.iplay.com\/es\/wp-json\/wp\/v2\/types\/product"}],"author":[{"embeddable":true,"href":"https:\/\/www.iplay.com\/es\/wp-json\/wp\/v2\/users\/8"}],"replies":[{"embeddable":true,"href":"https:\/\/www.iplay.com\/es\/wp-json\/wp\/v2\/comments?post=135386"}],"wp:featuredmedia":[{"embeddable":true,"href":"https:\/\/www.iplay.com\/es\/wp-json\/wp\/v2\/media\/78571"}],"wp:attachment":[{"href":"https:\/\/www.iplay.com\/es\/wp-json\/wp\/v2\/media?parent=135386"}],"wp:term":[{"taxonomy":"product_brand","embeddable":true,"href":"https:\/\/www.iplay.com\/es\/wp-json\/wp\/v2\/product_brand?post=135386"},{"taxonomy":"product_cat","embeddable":true,"href":"https:\/\/www.iplay.com\/es\/wp-json\/wp\/v2\/product_cat?post=135386"},{"taxonomy":"product_tag","embeddable":true,"href":"https:\/\/www.iplay.com\/es\/wp-json\/wp\/v2\/product_tag?post=135386"}],"curies":[{"name":"wp","href":"https:\/\/api.w.org\/{rel}","templated":true}]}}