{"id":135380,"date":"2021-10-03T00:00:00","date_gmt":"2021-10-03T00:00:00","guid":{"rendered":"https:\/\/www.iplay.com\/games\/baking-bustle-2-ashleys-dream-collectors-edition\/"},"modified":"2021-10-03T00:00:00","modified_gmt":"2021-10-03T00:00:00","slug":"baking-bustle-2-ashleys-dream-collectors-edition","status":"publish","type":"product","link":"https:\/\/www.iplay.com\/es\/games\/baking-bustle-2-ashleys-dream-collectors-edition\/","title":{"rendered":"Baking Bustle 2: Ashley&#8217;s Dream Collector&#8217;s Edition"},"content":{"rendered":"<p>\u00a1Convierta un solo restaurante en una franquicia de restaurantes de renombre mundial! \u00a1No hay l\u00edmites para las delicias culinarias que puedes producir, ni para la medida en que puedes desarrollar tu imperio! \u00a1No hay l\u00edmites para las delicias culinarias que puedes producir, y no hay l\u00edmites para lo lejos que puede extenderse tu imperio! \u00a1Desde asar a la parrilla las mejores hamburguesas de la ciudad hasta construir lasa\u00f1a que har\u00eda llorar de alegr\u00eda a un italiano de pura sangre! Ayuda a Ashely y Scott a enfrentar este desaf\u00edo gourmet un d\u00eda a la vez, alimentando a los comensales hambrientos, abasteci\u00e9ndose de suministros y ganando dinero para desarrollar su restaurante. Para mantener las cosas en movimiento y ganar grandes propinas, deber\u00e1 descubrir las preferencias de cada cliente, desde el c\u00f3mico hasta la anciana quisquillosa.     <\/p>\n<p>&nbsp;<\/p>\n<p>&nbsp;<\/p>\n<p><strong>Funciones:<\/strong><\/p>\n<p>&nbsp;<\/p>\n<p>&#8211; 48 emocionantes niveles para completar.<br \/>\n&#8211; Administre y actualice cuatro restaurantes<br \/>\n: modos de juego con y sin temporizadores.<br \/>\n&#8211; Trucos de cocina reales ocultos en pegatinas.<br \/>\n&#8211; Logros desafiantes para ganar<\/p>\n<p>&nbsp;<\/p>\n<p>&nbsp;<\/p>\n<p><strong>La Edici\u00f3n Coleccionista incluye:<\/strong><\/p>\n<p>&nbsp;<\/p>\n<p>&#8211; Un cap\u00edtulo extra con 12 niveles<br \/>\n&#8211; Banda sonora<br \/>\n pegadiza descargable- Fondos de pantalla de escritorio brillantes<br \/>\n&#8211; Pegatina<br \/>\n gratis- Logro extra<\/p>\n","protected":false},"excerpt":{"rendered":"<p>\u00a1Convierta un solo restaurante en una franquicia de restaurantes de renombre mundial!<\/p>\n","protected":false},"author":8,"featured_media":78891,"comment_status":"open","ping_status":"closed","template":"","meta":{"_acf_changed":false,"inline_featured_image":false},"product_brand":[],"product_cat":[212],"product_tag":[288],"class_list":{"0":"post-135380","1":"product","2":"type-product","3":"status-publish","4":"has-post-thumbnail","6":"product_cat-time-management-es","7":"product_tag-play-on-pc-es","9":"first","10":"instock","11":"shipping-taxable","12":"purchasable","13":"product-type-simple"},"acf":[],"yoast_head":"<!-- This site is optimized with the Yoast SEO Premium plugin v25.2 (Yoast SEO v25.2) - https:\/\/yoast.com\/wordpress\/plugins\/seo\/ -->\n<title>Baking Bustle 2: Ashley&#039;s Dream Collector&#039;s Edition - Cultiva una reconocida franquicia de restaurantes hasta la grandeza<\/title>\n<meta name=\"description\" content=\"\u00a1Convierta un solo restaurante en una franquicia de restaurantes de renombre mundial!\" \/>\n<meta name=\"robots\" content=\"index, follow, max-snippet:-1, max-image-preview:large, max-video-preview:-1\" \/>\n<link rel=\"canonical\" href=\"https:\/\/www.iplay.com\/es\/games\/baking-bustle-2-ashleys-dream-collectors-edition\/\" \/>\n<meta property=\"og:locale\" content=\"es_ES\" \/>\n<meta property=\"og:type\" content=\"article\" \/>\n<meta property=\"og:title\" content=\"Baking Bustle 2: Ashley&#039;s Dream Collector&#039;s Edition\" \/>\n<meta property=\"og:description\" content=\"\u00a1Convierta un solo restaurante en una franquicia de restaurantes de renombre mundial!\" \/>\n<meta property=\"og:url\" content=\"https:\/\/www.iplay.com\/es\/games\/baking-bustle-2-ashleys-dream-collectors-edition\/\" \/>\n<meta property=\"og:site_name\" content=\"IPlay\" \/>\n<meta property=\"og:image\" content=\"https:\/\/www.iplay.com\/wp-content\/uploads\/2023\/12\/large_square_tile_image-2431.jpg\" \/>\n\t<meta property=\"og:image:width\" content=\"310\" \/>\n\t<meta property=\"og:image:height\" content=\"310\" \/>\n\t<meta property=\"og:image:type\" content=\"image\/jpeg\" \/>\n<meta name=\"twitter:card\" content=\"summary_large_image\" \/>\n<meta name=\"twitter:label1\" content=\"Est. reading time\" \/>\n\t<meta name=\"twitter:data1\" content=\"1 minuto\" \/>\n<script type=\"application\/ld+json\" class=\"yoast-schema-graph\">{\"@context\":\"https:\/\/schema.org\",\"@graph\":[{\"@type\":\"WebPage\",\"@id\":\"https:\/\/www.iplay.com\/es\/games\/baking-bustle-2-ashleys-dream-collectors-edition\/\",\"url\":\"https:\/\/www.iplay.com\/es\/games\/baking-bustle-2-ashleys-dream-collectors-edition\/\",\"name\":\"Baking Bustle 2: Ashley's Dream Collector's Edition - Cultiva una reconocida franquicia de restaurantes hasta la grandeza\",\"isPartOf\":{\"@id\":\"https:\/\/www.iplay.com\/en\/#website\"},\"primaryImageOfPage\":{\"@id\":\"https:\/\/www.iplay.com\/es\/games\/baking-bustle-2-ashleys-dream-collectors-edition\/#primaryimage\"},\"image\":{\"@id\":\"https:\/\/www.iplay.com\/es\/games\/baking-bustle-2-ashleys-dream-collectors-edition\/#primaryimage\"},\"thumbnailUrl\":\"https:\/\/www.iplay.com\/wp-content\/uploads\/2023\/12\/large_square_tile_image-2431.jpg\",\"datePublished\":\"2021-10-03T00:00:00+00:00\",\"description\":\"\u00a1Convierta un solo restaurante en una franquicia de restaurantes de renombre mundial!\",\"breadcrumb\":{\"@id\":\"https:\/\/www.iplay.com\/es\/games\/baking-bustle-2-ashleys-dream-collectors-edition\/#breadcrumb\"},\"inLanguage\":\"es\",\"potentialAction\":[{\"@type\":\"ReadAction\",\"target\":[\"https:\/\/www.iplay.com\/es\/games\/baking-bustle-2-ashleys-dream-collectors-edition\/\"]}]},{\"@type\":\"ImageObject\",\"inLanguage\":\"es\",\"@id\":\"https:\/\/www.iplay.com\/es\/games\/baking-bustle-2-ashleys-dream-collectors-edition\/#primaryimage\",\"url\":\"https:\/\/www.iplay.com\/wp-content\/uploads\/2023\/12\/large_square_tile_image-2431.jpg\",\"contentUrl\":\"https:\/\/www.iplay.com\/wp-content\/uploads\/2023\/12\/large_square_tile_image-2431.jpg\",\"width\":310,\"height\":310},{\"@type\":\"BreadcrumbList\",\"@id\":\"https:\/\/www.iplay.com\/es\/games\/baking-bustle-2-ashleys-dream-collectors-edition\/#breadcrumb\",\"itemListElement\":[{\"@type\":\"ListItem\",\"position\":1,\"name\":\"Home\",\"item\":\"https:\/\/www.iplay.com\/es\/home-page-2\/\"},{\"@type\":\"ListItem\",\"position\":2,\"name\":\"Shop\",\"item\":\"https:\/\/www.iplay.com\/en\/shop\/\"},{\"@type\":\"ListItem\",\"position\":3,\"name\":\"Baking Bustle 2: Ashley&#8217;s Dream Collector&#8217;s Edition\"}]},{\"@type\":\"WebSite\",\"@id\":\"https:\/\/www.iplay.com\/en\/#website\",\"url\":\"https:\/\/www.iplay.com\/en\/\",\"name\":\"IPlay\",\"description\":\"The Best Casual Games!\",\"publisher\":{\"@id\":\"https:\/\/www.iplay.com\/en\/#organization\"},\"potentialAction\":[{\"@type\":\"SearchAction\",\"target\":{\"@type\":\"EntryPoint\",\"urlTemplate\":\"https:\/\/www.iplay.com\/en\/?s={search_term_string}\"},\"query-input\":{\"@type\":\"PropertyValueSpecification\",\"valueRequired\":true,\"valueName\":\"search_term_string\"}}],\"inLanguage\":\"es\"},{\"@type\":\"Organization\",\"@id\":\"https:\/\/www.iplay.com\/en\/#organization\",\"name\":\"IPlay\",\"url\":\"https:\/\/www.iplay.com\/en\/\",\"logo\":{\"@type\":\"ImageObject\",\"inLanguage\":\"es\",\"@id\":\"https:\/\/www.iplay.com\/en\/#\/schema\/logo\/image\/\",\"url\":\"https:\/\/www.iplay.com\/wp-content\/uploads\/2023\/11\/Group-6100.svg\",\"contentUrl\":\"https:\/\/www.iplay.com\/wp-content\/uploads\/2023\/11\/Group-6100.svg\",\"width\":98,\"height\":25,\"caption\":\"IPlay\"},\"image\":{\"@id\":\"https:\/\/www.iplay.com\/en\/#\/schema\/logo\/image\/\"}}]}<\/script>\n<!-- \/ Yoast SEO Premium plugin. -->","yoast_head_json":{"title":"Baking Bustle 2: Ashley's Dream Collector's Edition - Cultiva una reconocida franquicia de restaurantes hasta la grandeza","description":"\u00a1Convierta un solo restaurante en una franquicia de restaurantes de renombre mundial!","robots":{"index":"index","follow":"follow","max-snippet":"max-snippet:-1","max-image-preview":"max-image-preview:large","max-video-preview":"max-video-preview:-1"},"canonical":"https:\/\/www.iplay.com\/es\/games\/baking-bustle-2-ashleys-dream-collectors-edition\/","og_locale":"es_ES","og_type":"article","og_title":"Baking Bustle 2: Ashley's Dream Collector's Edition","og_description":"\u00a1Convierta un solo restaurante en una franquicia de restaurantes de renombre mundial!","og_url":"https:\/\/www.iplay.com\/es\/games\/baking-bustle-2-ashleys-dream-collectors-edition\/","og_site_name":"IPlay","og_image":[{"width":310,"height":310,"url":"https:\/\/www.iplay.com\/wp-content\/uploads\/2023\/12\/large_square_tile_image-2431.jpg","type":"image\/jpeg"}],"twitter_card":"summary_large_image","twitter_misc":{"Est. reading time":"1 minuto"},"schema":{"@context":"https:\/\/schema.org","@graph":[{"@type":"WebPage","@id":"https:\/\/www.iplay.com\/es\/games\/baking-bustle-2-ashleys-dream-collectors-edition\/","url":"https:\/\/www.iplay.com\/es\/games\/baking-bustle-2-ashleys-dream-collectors-edition\/","name":"Baking Bustle 2: Ashley's Dream Collector's Edition - Cultiva una reconocida franquicia de restaurantes hasta la grandeza","isPartOf":{"@id":"https:\/\/www.iplay.com\/en\/#website"},"primaryImageOfPage":{"@id":"https:\/\/www.iplay.com\/es\/games\/baking-bustle-2-ashleys-dream-collectors-edition\/#primaryimage"},"image":{"@id":"https:\/\/www.iplay.com\/es\/games\/baking-bustle-2-ashleys-dream-collectors-edition\/#primaryimage"},"thumbnailUrl":"https:\/\/www.iplay.com\/wp-content\/uploads\/2023\/12\/large_square_tile_image-2431.jpg","datePublished":"2021-10-03T00:00:00+00:00","description":"\u00a1Convierta un solo restaurante en una franquicia de restaurantes de renombre mundial!","breadcrumb":{"@id":"https:\/\/www.iplay.com\/es\/games\/baking-bustle-2-ashleys-dream-collectors-edition\/#breadcrumb"},"inLanguage":"es","potentialAction":[{"@type":"ReadAction","target":["https:\/\/www.iplay.com\/es\/games\/baking-bustle-2-ashleys-dream-collectors-edition\/"]}]},{"@type":"ImageObject","inLanguage":"es","@id":"https:\/\/www.iplay.com\/es\/games\/baking-bustle-2-ashleys-dream-collectors-edition\/#primaryimage","url":"https:\/\/www.iplay.com\/wp-content\/uploads\/2023\/12\/large_square_tile_image-2431.jpg","contentUrl":"https:\/\/www.iplay.com\/wp-content\/uploads\/2023\/12\/large_square_tile_image-2431.jpg","width":310,"height":310},{"@type":"BreadcrumbList","@id":"https:\/\/www.iplay.com\/es\/games\/baking-bustle-2-ashleys-dream-collectors-edition\/#breadcrumb","itemListElement":[{"@type":"ListItem","position":1,"name":"Home","item":"https:\/\/www.iplay.com\/es\/home-page-2\/"},{"@type":"ListItem","position":2,"name":"Shop","item":"https:\/\/www.iplay.com\/en\/shop\/"},{"@type":"ListItem","position":3,"name":"Baking Bustle 2: Ashley&#8217;s Dream Collector&#8217;s Edition"}]},{"@type":"WebSite","@id":"https:\/\/www.iplay.com\/en\/#website","url":"https:\/\/www.iplay.com\/en\/","name":"IPlay","description":"The Best Casual Games!","publisher":{"@id":"https:\/\/www.iplay.com\/en\/#organization"},"potentialAction":[{"@type":"SearchAction","target":{"@type":"EntryPoint","urlTemplate":"https:\/\/www.iplay.com\/en\/?s={search_term_string}"},"query-input":{"@type":"PropertyValueSpecification","valueRequired":true,"valueName":"search_term_string"}}],"inLanguage":"es"},{"@type":"Organization","@id":"https:\/\/www.iplay.com\/en\/#organization","name":"IPlay","url":"https:\/\/www.iplay.com\/en\/","logo":{"@type":"ImageObject","inLanguage":"es","@id":"https:\/\/www.iplay.com\/en\/#\/schema\/logo\/image\/","url":"https:\/\/www.iplay.com\/wp-content\/uploads\/2023\/11\/Group-6100.svg","contentUrl":"https:\/\/www.iplay.com\/wp-content\/uploads\/2023\/11\/Group-6100.svg","width":98,"height":25,"caption":"IPlay"},"image":{"@id":"https:\/\/www.iplay.com\/en\/#\/schema\/logo\/image\/"}}]}},"_links":{"self":[{"href":"https:\/\/www.iplay.com\/es\/wp-json\/wp\/v2\/product\/135380","targetHints":{"allow":["GET"]}}],"collection":[{"href":"https:\/\/www.iplay.com\/es\/wp-json\/wp\/v2\/product"}],"about":[{"href":"https:\/\/www.iplay.com\/es\/wp-json\/wp\/v2\/types\/product"}],"author":[{"embeddable":true,"href":"https:\/\/www.iplay.com\/es\/wp-json\/wp\/v2\/users\/8"}],"replies":[{"embeddable":true,"href":"https:\/\/www.iplay.com\/es\/wp-json\/wp\/v2\/comments?post=135380"}],"wp:featuredmedia":[{"embeddable":true,"href":"https:\/\/www.iplay.com\/es\/wp-json\/wp\/v2\/media\/78891"}],"wp:attachment":[{"href":"https:\/\/www.iplay.com\/es\/wp-json\/wp\/v2\/media?parent=135380"}],"wp:term":[{"taxonomy":"product_brand","embeddable":true,"href":"https:\/\/www.iplay.com\/es\/wp-json\/wp\/v2\/product_brand?post=135380"},{"taxonomy":"product_cat","embeddable":true,"href":"https:\/\/www.iplay.com\/es\/wp-json\/wp\/v2\/product_cat?post=135380"},{"taxonomy":"product_tag","embeddable":true,"href":"https:\/\/www.iplay.com\/es\/wp-json\/wp\/v2\/product_tag?post=135380"}],"curies":[{"name":"wp","href":"https:\/\/api.w.org\/{rel}","templated":true}]}}