{"id":135372,"date":"2022-01-28T00:00:00","date_gmt":"2022-01-28T00:00:00","guid":{"rendered":"https:\/\/www.iplay.com\/games\/alices-wonderland-cast-in-shadow-collectors-edition\/"},"modified":"2022-01-28T00:00:00","modified_gmt":"2022-01-28T00:00:00","slug":"alices-wonderland-cast-in-shadow-collectors-edition","status":"publish","type":"product","link":"https:\/\/www.iplay.com\/es\/games\/alices-wonderland-cast-in-shadow-collectors-edition\/","title":{"rendered":"Alices Wonderland &#8211; Cast In Shadow Collector&#8217;s Edition"},"content":{"rendered":"<p>Si\u00e9ntete como en casa en el Pa\u00eds de las Maravillas, t\u00f3mate una taza de t\u00e9 y una galleta&#8230; Espera un segundo; No hay tiempo suficiente. \u00a1Debemos darnos prisa porque la aventura nos espera! Alicia ha aterrizado en el Pa\u00eds de las Maravillas y necesita desesperadamente tu ayuda. \u00a1\u00danete a ella en un viaje extraordinario! Descubre hasta d\u00f3nde se puede golpear a un erizo en el croquet, qu\u00e9 le molesta al Sr. Oruga y qu\u00e9 sucede cuando la Liebre de Marzo prueba un poco de caf\u00e9. \u00a1Por no hablar del Maestro de las Cadenas, que quiere apoderarse del Pa\u00eds de las Maravillas y llevarse toda la diversi\u00f3n! Debes elegir una de las dos tazas de t\u00e9 llenas. La historia termina si bebes el t\u00e9 de lim\u00f3n y te despiertas pensando que todo fue un sue\u00f1o. \u00a1La expedici\u00f3n comienza con un fant\u00e1stico descenso por la madriguera del conejo si tienes t\u00e9 de menta!         <\/p>\n<p>&nbsp;<\/p>\n<p>&nbsp;<\/p>\n<p><strong>  Funciones:<\/strong><\/p>\n<p>&nbsp;<\/p>\n<p>&#8211; Un nuevo tipo de aventura en el Pa\u00eds de las Maravillas<\/p>\n<p>&#8211; Conoce a los personajes de las historias del Pa\u00eds de las Maravillas<\/p>\n<p>&#8211; Consigue logros<\/p>\n<p>&nbsp;<\/p>\n<p>&nbsp;<\/p>\n<p><strong>  Caracter\u00edsticas de la Edici\u00f3n Coleccionista:<\/strong><\/p>\n<p>&nbsp;<\/p>\n<p>&#8211; 12 niveles a\u00f1adidos<\/p>\n<p>&#8211; Minijuegos adicionales<\/p>\n<p>&#8211; Misiones suplementarias<\/p>\n<p>&#8211; 7 nuevos logros<\/p>\n<p>&#8211; \u00a1Fondos de pantalla, arte conceptual y banda sonora digital!<\/p>\n","protected":false},"excerpt":{"rendered":"<p>Si\u00e9ntese en Wonderland, tome un croissant y una taza de t\u00e9.<\/p>\n","protected":false},"author":53,"featured_media":78011,"comment_status":"open","ping_status":"closed","template":"","meta":{"_acf_changed":false,"inline_featured_image":false},"product_brand":[],"product_cat":[212],"product_tag":[288],"class_list":{"0":"post-135372","1":"product","2":"type-product","3":"status-publish","4":"has-post-thumbnail","6":"product_cat-time-management-es","7":"product_tag-play-on-pc-es","9":"first","10":"instock","11":"shipping-taxable","12":"purchasable","13":"product-type-simple"},"acf":[],"yoast_head":"<!-- This site is optimized with the Yoast SEO Premium plugin v25.2 (Yoast SEO v25.2) - https:\/\/yoast.com\/wordpress\/plugins\/seo\/ -->\n<title>Alices Wonderland - Cast In Shadow Collector&#039;s Edition - Si\u00e9ntete como en casa en el Pa\u00eds de las Maravillas con t\u00e9 y una galleta<\/title>\n<meta name=\"description\" content=\"Si\u00e9ntese en Wonderland, tome un croissant y una taza de t\u00e9.\" \/>\n<meta name=\"robots\" content=\"index, follow, max-snippet:-1, max-image-preview:large, max-video-preview:-1\" \/>\n<link rel=\"canonical\" href=\"https:\/\/www.iplay.com\/es\/games\/alices-wonderland-cast-in-shadow-collectors-edition\/\" \/>\n<meta property=\"og:locale\" content=\"es_ES\" \/>\n<meta property=\"og:type\" content=\"article\" \/>\n<meta property=\"og:title\" content=\"Alices Wonderland - Cast In Shadow Collector&#039;s Edition\" \/>\n<meta property=\"og:description\" content=\"Si\u00e9ntese en Wonderland, tome un croissant y una taza de t\u00e9.\" \/>\n<meta property=\"og:url\" content=\"https:\/\/www.iplay.com\/es\/games\/alices-wonderland-cast-in-shadow-collectors-edition\/\" \/>\n<meta property=\"og:site_name\" content=\"IPlay\" \/>\n<meta property=\"og:image\" content=\"https:\/\/www.iplay.com\/wp-content\/uploads\/2023\/12\/large_square_tile_image-2373.jpg\" \/>\n\t<meta property=\"og:image:width\" content=\"310\" \/>\n\t<meta property=\"og:image:height\" content=\"310\" \/>\n\t<meta property=\"og:image:type\" content=\"image\/jpeg\" \/>\n<meta name=\"twitter:card\" content=\"summary_large_image\" \/>\n<meta name=\"twitter:label1\" content=\"Est. reading time\" \/>\n\t<meta name=\"twitter:data1\" content=\"1 minuto\" \/>\n<script type=\"application\/ld+json\" class=\"yoast-schema-graph\">{\"@context\":\"https:\/\/schema.org\",\"@graph\":[{\"@type\":\"WebPage\",\"@id\":\"https:\/\/www.iplay.com\/es\/games\/alices-wonderland-cast-in-shadow-collectors-edition\/\",\"url\":\"https:\/\/www.iplay.com\/es\/games\/alices-wonderland-cast-in-shadow-collectors-edition\/\",\"name\":\"Alices Wonderland - Cast In Shadow Collector's Edition - Si\u00e9ntete como en casa en el Pa\u00eds de las Maravillas con t\u00e9 y una galleta\",\"isPartOf\":{\"@id\":\"https:\/\/www.iplay.com\/en\/#website\"},\"primaryImageOfPage\":{\"@id\":\"https:\/\/www.iplay.com\/es\/games\/alices-wonderland-cast-in-shadow-collectors-edition\/#primaryimage\"},\"image\":{\"@id\":\"https:\/\/www.iplay.com\/es\/games\/alices-wonderland-cast-in-shadow-collectors-edition\/#primaryimage\"},\"thumbnailUrl\":\"https:\/\/www.iplay.com\/wp-content\/uploads\/2023\/12\/large_square_tile_image-2373.jpg\",\"datePublished\":\"2022-01-28T00:00:00+00:00\",\"description\":\"Si\u00e9ntese en Wonderland, tome un croissant y una taza de t\u00e9.\",\"breadcrumb\":{\"@id\":\"https:\/\/www.iplay.com\/es\/games\/alices-wonderland-cast-in-shadow-collectors-edition\/#breadcrumb\"},\"inLanguage\":\"es\",\"potentialAction\":[{\"@type\":\"ReadAction\",\"target\":[\"https:\/\/www.iplay.com\/es\/games\/alices-wonderland-cast-in-shadow-collectors-edition\/\"]}]},{\"@type\":\"ImageObject\",\"inLanguage\":\"es\",\"@id\":\"https:\/\/www.iplay.com\/es\/games\/alices-wonderland-cast-in-shadow-collectors-edition\/#primaryimage\",\"url\":\"https:\/\/www.iplay.com\/wp-content\/uploads\/2023\/12\/large_square_tile_image-2373.jpg\",\"contentUrl\":\"https:\/\/www.iplay.com\/wp-content\/uploads\/2023\/12\/large_square_tile_image-2373.jpg\",\"width\":310,\"height\":310},{\"@type\":\"BreadcrumbList\",\"@id\":\"https:\/\/www.iplay.com\/es\/games\/alices-wonderland-cast-in-shadow-collectors-edition\/#breadcrumb\",\"itemListElement\":[{\"@type\":\"ListItem\",\"position\":1,\"name\":\"Home\",\"item\":\"https:\/\/www.iplay.com\/es\/home-page-2\/\"},{\"@type\":\"ListItem\",\"position\":2,\"name\":\"Shop\",\"item\":\"https:\/\/www.iplay.com\/en\/shop\/\"},{\"@type\":\"ListItem\",\"position\":3,\"name\":\"Alices Wonderland &#8211; Cast In Shadow Collector&#8217;s Edition\"}]},{\"@type\":\"WebSite\",\"@id\":\"https:\/\/www.iplay.com\/en\/#website\",\"url\":\"https:\/\/www.iplay.com\/en\/\",\"name\":\"IPlay\",\"description\":\"The Best Casual Games!\",\"publisher\":{\"@id\":\"https:\/\/www.iplay.com\/en\/#organization\"},\"potentialAction\":[{\"@type\":\"SearchAction\",\"target\":{\"@type\":\"EntryPoint\",\"urlTemplate\":\"https:\/\/www.iplay.com\/en\/?s={search_term_string}\"},\"query-input\":{\"@type\":\"PropertyValueSpecification\",\"valueRequired\":true,\"valueName\":\"search_term_string\"}}],\"inLanguage\":\"es\"},{\"@type\":\"Organization\",\"@id\":\"https:\/\/www.iplay.com\/en\/#organization\",\"name\":\"IPlay\",\"url\":\"https:\/\/www.iplay.com\/en\/\",\"logo\":{\"@type\":\"ImageObject\",\"inLanguage\":\"es\",\"@id\":\"https:\/\/www.iplay.com\/en\/#\/schema\/logo\/image\/\",\"url\":\"https:\/\/www.iplay.com\/wp-content\/uploads\/2023\/11\/Group-6100.svg\",\"contentUrl\":\"https:\/\/www.iplay.com\/wp-content\/uploads\/2023\/11\/Group-6100.svg\",\"width\":98,\"height\":25,\"caption\":\"IPlay\"},\"image\":{\"@id\":\"https:\/\/www.iplay.com\/en\/#\/schema\/logo\/image\/\"}}]}<\/script>\n<!-- \/ Yoast SEO Premium plugin. -->","yoast_head_json":{"title":"Alices Wonderland - Cast In Shadow Collector's Edition - Si\u00e9ntete como en casa en el Pa\u00eds de las Maravillas con t\u00e9 y una galleta","description":"Si\u00e9ntese en Wonderland, tome un croissant y una taza de t\u00e9.","robots":{"index":"index","follow":"follow","max-snippet":"max-snippet:-1","max-image-preview":"max-image-preview:large","max-video-preview":"max-video-preview:-1"},"canonical":"https:\/\/www.iplay.com\/es\/games\/alices-wonderland-cast-in-shadow-collectors-edition\/","og_locale":"es_ES","og_type":"article","og_title":"Alices Wonderland - Cast In Shadow Collector's Edition","og_description":"Si\u00e9ntese en Wonderland, tome un croissant y una taza de t\u00e9.","og_url":"https:\/\/www.iplay.com\/es\/games\/alices-wonderland-cast-in-shadow-collectors-edition\/","og_site_name":"IPlay","og_image":[{"width":310,"height":310,"url":"https:\/\/www.iplay.com\/wp-content\/uploads\/2023\/12\/large_square_tile_image-2373.jpg","type":"image\/jpeg"}],"twitter_card":"summary_large_image","twitter_misc":{"Est. reading time":"1 minuto"},"schema":{"@context":"https:\/\/schema.org","@graph":[{"@type":"WebPage","@id":"https:\/\/www.iplay.com\/es\/games\/alices-wonderland-cast-in-shadow-collectors-edition\/","url":"https:\/\/www.iplay.com\/es\/games\/alices-wonderland-cast-in-shadow-collectors-edition\/","name":"Alices Wonderland - Cast In Shadow Collector's Edition - Si\u00e9ntete como en casa en el Pa\u00eds de las Maravillas con t\u00e9 y una galleta","isPartOf":{"@id":"https:\/\/www.iplay.com\/en\/#website"},"primaryImageOfPage":{"@id":"https:\/\/www.iplay.com\/es\/games\/alices-wonderland-cast-in-shadow-collectors-edition\/#primaryimage"},"image":{"@id":"https:\/\/www.iplay.com\/es\/games\/alices-wonderland-cast-in-shadow-collectors-edition\/#primaryimage"},"thumbnailUrl":"https:\/\/www.iplay.com\/wp-content\/uploads\/2023\/12\/large_square_tile_image-2373.jpg","datePublished":"2022-01-28T00:00:00+00:00","description":"Si\u00e9ntese en Wonderland, tome un croissant y una taza de t\u00e9.","breadcrumb":{"@id":"https:\/\/www.iplay.com\/es\/games\/alices-wonderland-cast-in-shadow-collectors-edition\/#breadcrumb"},"inLanguage":"es","potentialAction":[{"@type":"ReadAction","target":["https:\/\/www.iplay.com\/es\/games\/alices-wonderland-cast-in-shadow-collectors-edition\/"]}]},{"@type":"ImageObject","inLanguage":"es","@id":"https:\/\/www.iplay.com\/es\/games\/alices-wonderland-cast-in-shadow-collectors-edition\/#primaryimage","url":"https:\/\/www.iplay.com\/wp-content\/uploads\/2023\/12\/large_square_tile_image-2373.jpg","contentUrl":"https:\/\/www.iplay.com\/wp-content\/uploads\/2023\/12\/large_square_tile_image-2373.jpg","width":310,"height":310},{"@type":"BreadcrumbList","@id":"https:\/\/www.iplay.com\/es\/games\/alices-wonderland-cast-in-shadow-collectors-edition\/#breadcrumb","itemListElement":[{"@type":"ListItem","position":1,"name":"Home","item":"https:\/\/www.iplay.com\/es\/home-page-2\/"},{"@type":"ListItem","position":2,"name":"Shop","item":"https:\/\/www.iplay.com\/en\/shop\/"},{"@type":"ListItem","position":3,"name":"Alices Wonderland &#8211; Cast In Shadow Collector&#8217;s Edition"}]},{"@type":"WebSite","@id":"https:\/\/www.iplay.com\/en\/#website","url":"https:\/\/www.iplay.com\/en\/","name":"IPlay","description":"The Best Casual Games!","publisher":{"@id":"https:\/\/www.iplay.com\/en\/#organization"},"potentialAction":[{"@type":"SearchAction","target":{"@type":"EntryPoint","urlTemplate":"https:\/\/www.iplay.com\/en\/?s={search_term_string}"},"query-input":{"@type":"PropertyValueSpecification","valueRequired":true,"valueName":"search_term_string"}}],"inLanguage":"es"},{"@type":"Organization","@id":"https:\/\/www.iplay.com\/en\/#organization","name":"IPlay","url":"https:\/\/www.iplay.com\/en\/","logo":{"@type":"ImageObject","inLanguage":"es","@id":"https:\/\/www.iplay.com\/en\/#\/schema\/logo\/image\/","url":"https:\/\/www.iplay.com\/wp-content\/uploads\/2023\/11\/Group-6100.svg","contentUrl":"https:\/\/www.iplay.com\/wp-content\/uploads\/2023\/11\/Group-6100.svg","width":98,"height":25,"caption":"IPlay"},"image":{"@id":"https:\/\/www.iplay.com\/en\/#\/schema\/logo\/image\/"}}]}},"_links":{"self":[{"href":"https:\/\/www.iplay.com\/es\/wp-json\/wp\/v2\/product\/135372","targetHints":{"allow":["GET"]}}],"collection":[{"href":"https:\/\/www.iplay.com\/es\/wp-json\/wp\/v2\/product"}],"about":[{"href":"https:\/\/www.iplay.com\/es\/wp-json\/wp\/v2\/types\/product"}],"author":[{"embeddable":true,"href":"https:\/\/www.iplay.com\/es\/wp-json\/wp\/v2\/users\/53"}],"replies":[{"embeddable":true,"href":"https:\/\/www.iplay.com\/es\/wp-json\/wp\/v2\/comments?post=135372"}],"wp:featuredmedia":[{"embeddable":true,"href":"https:\/\/www.iplay.com\/es\/wp-json\/wp\/v2\/media\/78011"}],"wp:attachment":[{"href":"https:\/\/www.iplay.com\/es\/wp-json\/wp\/v2\/media?parent=135372"}],"wp:term":[{"taxonomy":"product_brand","embeddable":true,"href":"https:\/\/www.iplay.com\/es\/wp-json\/wp\/v2\/product_brand?post=135372"},{"taxonomy":"product_cat","embeddable":true,"href":"https:\/\/www.iplay.com\/es\/wp-json\/wp\/v2\/product_cat?post=135372"},{"taxonomy":"product_tag","embeddable":true,"href":"https:\/\/www.iplay.com\/es\/wp-json\/wp\/v2\/product_tag?post=135372"}],"curies":[{"name":"wp","href":"https:\/\/api.w.org\/{rel}","templated":true}]}}