{"id":135341,"date":"2022-04-29T00:00:00","date_gmt":"2022-04-29T00:00:00","guid":{"rendered":"https:\/\/www.iplay.com\/games\/alices-wonderland-4-festive-craze-ce\/"},"modified":"2022-04-29T00:00:00","modified_gmt":"2022-04-29T00:00:00","slug":"alices-wonderland-4-festive-craze-ce","status":"publish","type":"product","link":"https:\/\/www.iplay.com\/es\/games\/alices-wonderland-4-festive-craze-ce\/","title":{"rendered":"Alices Wonderland 4 &#8211; Festive Craze CE"},"content":{"rendered":"<p>Las vacaciones se acercan r\u00e1pidamente y el Pa\u00eds de las Maravillas est\u00e1 destrozado. Un lado quiere centrarse en una fiesta de Halloween, mientras que el otro quiere centrarse en los preparativos navide\u00f1os. Los preparativos de Halloween avanzaron hasta la creaci\u00f3n de disfraces antes de detenerse. Los jardines de calabazas no han dado la cosecha habitual, \u00a1y nadie ha decorado un \u00e1rbol de Navidad ni ha comenzado a preparar delicias navide\u00f1as! Pero Alicia est\u00e1 lista para llenar el Pa\u00eds de las Maravillas con ruidos festivos y fragancias, uniendo las dos partes en el esp\u00edritu navide\u00f1o, \u00a1incluso si son ambas fiestas! \u00bfPuedes ayudar a Alicia a reunir a Wonderland a tiempo para la celebraci\u00f3n? \u00a1Desc\u00fabrelo en este nuevo juego de gesti\u00f3n del tiempo con tem\u00e1tica navide\u00f1a!      <\/p>\n<p>&nbsp;<\/p>\n<p>&nbsp;<\/p>\n<p><strong>  Funciones:<\/strong><\/p>\n<p>&nbsp;<\/p>\n<p>&#8211; \u00a120 niveles de bonificaci\u00f3n de ritmo r\u00e1pido!<\/p>\n<p>&#8211; \u00a1Rompecabezas y minijuegos de objetos ocultos!<\/p>\n<p>&#8211; \u00a1Fondos de pantalla descargables y arte conceptual!<\/p>\n<p>&#8211; \u00a1Misiones de bonificaci\u00f3n con di\u00e1logos divertidos y 4 nuevos logros!<\/p>\n","protected":false},"excerpt":{"rendered":"<p>Con las vacaciones acerc\u00e1ndose r\u00e1pidamente, el Pa\u00eds de las Maravillas se divide. \u00bfPodr\u00eda, por favor, cerrar la brecha? <\/p>\n","protected":false},"author":53,"featured_media":77275,"comment_status":"open","ping_status":"closed","template":"","meta":{"_acf_changed":false,"inline_featured_image":false},"product_brand":[],"product_cat":[212],"product_tag":[288],"class_list":{"0":"post-135341","1":"product","2":"type-product","3":"status-publish","4":"has-post-thumbnail","6":"product_cat-time-management-es","7":"product_tag-play-on-pc-es","9":"first","10":"instock","11":"shipping-taxable","12":"purchasable","13":"product-type-simple"},"acf":[],"yoast_head":"<!-- This site is optimized with the Yoast SEO Premium plugin v25.2 (Yoast SEO v25.2) - https:\/\/yoast.com\/wordpress\/plugins\/seo\/ -->\n<title>Alices Wonderland 4 - Festive Craze CE - Wonderland est\u00e1 dividido. \u00bfPuedes reparar la divisi\u00f3n?<\/title>\n<meta name=\"description\" content=\"Con las vacaciones acerc\u00e1ndose r\u00e1pidamente, el Pa\u00eds de las Maravillas se divide. \u00bfPodr\u00eda, por favor, cerrar la brecha?\" \/>\n<meta name=\"robots\" content=\"index, follow, max-snippet:-1, max-image-preview:large, max-video-preview:-1\" \/>\n<link rel=\"canonical\" href=\"https:\/\/www.iplay.com\/es\/games\/alices-wonderland-4-festive-craze-ce\/\" \/>\n<meta property=\"og:locale\" content=\"es_ES\" \/>\n<meta property=\"og:type\" content=\"article\" \/>\n<meta property=\"og:title\" content=\"Alices Wonderland 4 - Festive Craze CE\" \/>\n<meta property=\"og:description\" content=\"Con las vacaciones acerc\u00e1ndose r\u00e1pidamente, el Pa\u00eds de las Maravillas se divide. \u00bfPodr\u00eda, por favor, cerrar la brecha?\" \/>\n<meta property=\"og:url\" content=\"https:\/\/www.iplay.com\/es\/games\/alices-wonderland-4-festive-craze-ce\/\" \/>\n<meta property=\"og:site_name\" content=\"IPlay\" \/>\n<meta property=\"og:image\" content=\"https:\/\/www.iplay.com\/wp-content\/uploads\/2023\/12\/large_square_tile_image-2327.jpg\" \/>\n\t<meta property=\"og:image:width\" content=\"310\" \/>\n\t<meta property=\"og:image:height\" content=\"310\" \/>\n\t<meta property=\"og:image:type\" content=\"image\/jpeg\" \/>\n<meta name=\"twitter:card\" content=\"summary_large_image\" \/>\n<meta name=\"twitter:label1\" content=\"Est. reading time\" \/>\n\t<meta name=\"twitter:data1\" content=\"1 minuto\" \/>\n<script type=\"application\/ld+json\" class=\"yoast-schema-graph\">{\"@context\":\"https:\/\/schema.org\",\"@graph\":[{\"@type\":\"WebPage\",\"@id\":\"https:\/\/www.iplay.com\/es\/games\/alices-wonderland-4-festive-craze-ce\/\",\"url\":\"https:\/\/www.iplay.com\/es\/games\/alices-wonderland-4-festive-craze-ce\/\",\"name\":\"Alices Wonderland 4 - Festive Craze CE - Wonderland est\u00e1 dividido. \u00bfPuedes reparar la divisi\u00f3n?\",\"isPartOf\":{\"@id\":\"https:\/\/www.iplay.com\/en\/#website\"},\"primaryImageOfPage\":{\"@id\":\"https:\/\/www.iplay.com\/es\/games\/alices-wonderland-4-festive-craze-ce\/#primaryimage\"},\"image\":{\"@id\":\"https:\/\/www.iplay.com\/es\/games\/alices-wonderland-4-festive-craze-ce\/#primaryimage\"},\"thumbnailUrl\":\"https:\/\/www.iplay.com\/wp-content\/uploads\/2023\/12\/large_square_tile_image-2327.jpg\",\"datePublished\":\"2022-04-29T00:00:00+00:00\",\"description\":\"Con las vacaciones acerc\u00e1ndose r\u00e1pidamente, el Pa\u00eds de las Maravillas se divide. \u00bfPodr\u00eda, por favor, cerrar la brecha?\",\"breadcrumb\":{\"@id\":\"https:\/\/www.iplay.com\/es\/games\/alices-wonderland-4-festive-craze-ce\/#breadcrumb\"},\"inLanguage\":\"es\",\"potentialAction\":[{\"@type\":\"ReadAction\",\"target\":[\"https:\/\/www.iplay.com\/es\/games\/alices-wonderland-4-festive-craze-ce\/\"]}]},{\"@type\":\"ImageObject\",\"inLanguage\":\"es\",\"@id\":\"https:\/\/www.iplay.com\/es\/games\/alices-wonderland-4-festive-craze-ce\/#primaryimage\",\"url\":\"https:\/\/www.iplay.com\/wp-content\/uploads\/2023\/12\/large_square_tile_image-2327.jpg\",\"contentUrl\":\"https:\/\/www.iplay.com\/wp-content\/uploads\/2023\/12\/large_square_tile_image-2327.jpg\",\"width\":310,\"height\":310},{\"@type\":\"BreadcrumbList\",\"@id\":\"https:\/\/www.iplay.com\/es\/games\/alices-wonderland-4-festive-craze-ce\/#breadcrumb\",\"itemListElement\":[{\"@type\":\"ListItem\",\"position\":1,\"name\":\"Home\",\"item\":\"https:\/\/www.iplay.com\/es\/home-page-2\/\"},{\"@type\":\"ListItem\",\"position\":2,\"name\":\"Shop\",\"item\":\"https:\/\/www.iplay.com\/en\/shop\/\"},{\"@type\":\"ListItem\",\"position\":3,\"name\":\"Alices Wonderland 4 &#8211; Festive Craze CE\"}]},{\"@type\":\"WebSite\",\"@id\":\"https:\/\/www.iplay.com\/en\/#website\",\"url\":\"https:\/\/www.iplay.com\/en\/\",\"name\":\"IPlay\",\"description\":\"The Best Casual Games!\",\"publisher\":{\"@id\":\"https:\/\/www.iplay.com\/en\/#organization\"},\"potentialAction\":[{\"@type\":\"SearchAction\",\"target\":{\"@type\":\"EntryPoint\",\"urlTemplate\":\"https:\/\/www.iplay.com\/en\/?s={search_term_string}\"},\"query-input\":{\"@type\":\"PropertyValueSpecification\",\"valueRequired\":true,\"valueName\":\"search_term_string\"}}],\"inLanguage\":\"es\"},{\"@type\":\"Organization\",\"@id\":\"https:\/\/www.iplay.com\/en\/#organization\",\"name\":\"IPlay\",\"url\":\"https:\/\/www.iplay.com\/en\/\",\"logo\":{\"@type\":\"ImageObject\",\"inLanguage\":\"es\",\"@id\":\"https:\/\/www.iplay.com\/en\/#\/schema\/logo\/image\/\",\"url\":\"https:\/\/www.iplay.com\/wp-content\/uploads\/2023\/11\/Group-6100.svg\",\"contentUrl\":\"https:\/\/www.iplay.com\/wp-content\/uploads\/2023\/11\/Group-6100.svg\",\"width\":98,\"height\":25,\"caption\":\"IPlay\"},\"image\":{\"@id\":\"https:\/\/www.iplay.com\/en\/#\/schema\/logo\/image\/\"}}]}<\/script>\n<!-- \/ Yoast SEO Premium plugin. -->","yoast_head_json":{"title":"Alices Wonderland 4 - Festive Craze CE - Wonderland est\u00e1 dividido. \u00bfPuedes reparar la divisi\u00f3n?","description":"Con las vacaciones acerc\u00e1ndose r\u00e1pidamente, el Pa\u00eds de las Maravillas se divide. \u00bfPodr\u00eda, por favor, cerrar la brecha?","robots":{"index":"index","follow":"follow","max-snippet":"max-snippet:-1","max-image-preview":"max-image-preview:large","max-video-preview":"max-video-preview:-1"},"canonical":"https:\/\/www.iplay.com\/es\/games\/alices-wonderland-4-festive-craze-ce\/","og_locale":"es_ES","og_type":"article","og_title":"Alices Wonderland 4 - Festive Craze CE","og_description":"Con las vacaciones acerc\u00e1ndose r\u00e1pidamente, el Pa\u00eds de las Maravillas se divide. \u00bfPodr\u00eda, por favor, cerrar la brecha?","og_url":"https:\/\/www.iplay.com\/es\/games\/alices-wonderland-4-festive-craze-ce\/","og_site_name":"IPlay","og_image":[{"width":310,"height":310,"url":"https:\/\/www.iplay.com\/wp-content\/uploads\/2023\/12\/large_square_tile_image-2327.jpg","type":"image\/jpeg"}],"twitter_card":"summary_large_image","twitter_misc":{"Est. reading time":"1 minuto"},"schema":{"@context":"https:\/\/schema.org","@graph":[{"@type":"WebPage","@id":"https:\/\/www.iplay.com\/es\/games\/alices-wonderland-4-festive-craze-ce\/","url":"https:\/\/www.iplay.com\/es\/games\/alices-wonderland-4-festive-craze-ce\/","name":"Alices Wonderland 4 - Festive Craze CE - Wonderland est\u00e1 dividido. \u00bfPuedes reparar la divisi\u00f3n?","isPartOf":{"@id":"https:\/\/www.iplay.com\/en\/#website"},"primaryImageOfPage":{"@id":"https:\/\/www.iplay.com\/es\/games\/alices-wonderland-4-festive-craze-ce\/#primaryimage"},"image":{"@id":"https:\/\/www.iplay.com\/es\/games\/alices-wonderland-4-festive-craze-ce\/#primaryimage"},"thumbnailUrl":"https:\/\/www.iplay.com\/wp-content\/uploads\/2023\/12\/large_square_tile_image-2327.jpg","datePublished":"2022-04-29T00:00:00+00:00","description":"Con las vacaciones acerc\u00e1ndose r\u00e1pidamente, el Pa\u00eds de las Maravillas se divide. \u00bfPodr\u00eda, por favor, cerrar la brecha?","breadcrumb":{"@id":"https:\/\/www.iplay.com\/es\/games\/alices-wonderland-4-festive-craze-ce\/#breadcrumb"},"inLanguage":"es","potentialAction":[{"@type":"ReadAction","target":["https:\/\/www.iplay.com\/es\/games\/alices-wonderland-4-festive-craze-ce\/"]}]},{"@type":"ImageObject","inLanguage":"es","@id":"https:\/\/www.iplay.com\/es\/games\/alices-wonderland-4-festive-craze-ce\/#primaryimage","url":"https:\/\/www.iplay.com\/wp-content\/uploads\/2023\/12\/large_square_tile_image-2327.jpg","contentUrl":"https:\/\/www.iplay.com\/wp-content\/uploads\/2023\/12\/large_square_tile_image-2327.jpg","width":310,"height":310},{"@type":"BreadcrumbList","@id":"https:\/\/www.iplay.com\/es\/games\/alices-wonderland-4-festive-craze-ce\/#breadcrumb","itemListElement":[{"@type":"ListItem","position":1,"name":"Home","item":"https:\/\/www.iplay.com\/es\/home-page-2\/"},{"@type":"ListItem","position":2,"name":"Shop","item":"https:\/\/www.iplay.com\/en\/shop\/"},{"@type":"ListItem","position":3,"name":"Alices Wonderland 4 &#8211; Festive Craze CE"}]},{"@type":"WebSite","@id":"https:\/\/www.iplay.com\/en\/#website","url":"https:\/\/www.iplay.com\/en\/","name":"IPlay","description":"The Best Casual Games!","publisher":{"@id":"https:\/\/www.iplay.com\/en\/#organization"},"potentialAction":[{"@type":"SearchAction","target":{"@type":"EntryPoint","urlTemplate":"https:\/\/www.iplay.com\/en\/?s={search_term_string}"},"query-input":{"@type":"PropertyValueSpecification","valueRequired":true,"valueName":"search_term_string"}}],"inLanguage":"es"},{"@type":"Organization","@id":"https:\/\/www.iplay.com\/en\/#organization","name":"IPlay","url":"https:\/\/www.iplay.com\/en\/","logo":{"@type":"ImageObject","inLanguage":"es","@id":"https:\/\/www.iplay.com\/en\/#\/schema\/logo\/image\/","url":"https:\/\/www.iplay.com\/wp-content\/uploads\/2023\/11\/Group-6100.svg","contentUrl":"https:\/\/www.iplay.com\/wp-content\/uploads\/2023\/11\/Group-6100.svg","width":98,"height":25,"caption":"IPlay"},"image":{"@id":"https:\/\/www.iplay.com\/en\/#\/schema\/logo\/image\/"}}]}},"_links":{"self":[{"href":"https:\/\/www.iplay.com\/es\/wp-json\/wp\/v2\/product\/135341","targetHints":{"allow":["GET"]}}],"collection":[{"href":"https:\/\/www.iplay.com\/es\/wp-json\/wp\/v2\/product"}],"about":[{"href":"https:\/\/www.iplay.com\/es\/wp-json\/wp\/v2\/types\/product"}],"author":[{"embeddable":true,"href":"https:\/\/www.iplay.com\/es\/wp-json\/wp\/v2\/users\/53"}],"replies":[{"embeddable":true,"href":"https:\/\/www.iplay.com\/es\/wp-json\/wp\/v2\/comments?post=135341"}],"wp:featuredmedia":[{"embeddable":true,"href":"https:\/\/www.iplay.com\/es\/wp-json\/wp\/v2\/media\/77275"}],"wp:attachment":[{"href":"https:\/\/www.iplay.com\/es\/wp-json\/wp\/v2\/media?parent=135341"}],"wp:term":[{"taxonomy":"product_brand","embeddable":true,"href":"https:\/\/www.iplay.com\/es\/wp-json\/wp\/v2\/product_brand?post=135341"},{"taxonomy":"product_cat","embeddable":true,"href":"https:\/\/www.iplay.com\/es\/wp-json\/wp\/v2\/product_cat?post=135341"},{"taxonomy":"product_tag","embeddable":true,"href":"https:\/\/www.iplay.com\/es\/wp-json\/wp\/v2\/product_tag?post=135341"}],"curies":[{"name":"wp","href":"https:\/\/api.w.org\/{rel}","templated":true}]}}