{"id":135281,"date":"2019-12-05T00:00:00","date_gmt":"2019-12-05T00:00:00","guid":{"rendered":"https:\/\/www.iplay.com\/games\/yuletide-legends-who-framed-santa-claus-collectors-edition\/"},"modified":"2019-12-05T00:00:00","modified_gmt":"2019-12-05T00:00:00","slug":"yuletide-legends-who-framed-santa-claus-collectors-edition","status":"publish","type":"product","link":"https:\/\/www.iplay.com\/es\/games\/yuletide-legends-who-framed-santa-claus-collectors-edition\/","title":{"rendered":"Yuletide Legends: Who Framed Santa Claus Collector&#8217;s Edition"},"content":{"rendered":"<p>Despu\u00e9s de que los regalos de Navidad fueron tomados de debajo del \u00e1rbol en el centro comercial Big City, Santa Claus fue detenido. Brigitte Woolf, una conocida investigadora de Navidad, es asignada por la Sra. Claus para ayudar a Pap\u00e1 Noel ya que perdi\u00f3 la voz y es incapaz de defenderse. Para preservar la Navidad, PC tiene que rastrear al ofensor, recuperar la voz de Pap\u00e1 Noel e ir hasta el norte helado en busca de un solo art\u00edculo que detenga moment\u00e1neamente el tiempo para que los regalos se puedan dar seg\u00fan lo previsto. \u00a1Explora m\u00e1s de 35 lugares impresionantemente pintados!   <\/p>\n<p>&nbsp;<\/p>\n<p>&nbsp;<\/p>\n<p><strong>Funciones:<\/strong><\/p>\n<p>&nbsp;<\/p>\n<p>&#8211; \u00a1Juega durante horas para convertirte en el mejor detective con m\u00e1s de 50 acertijos y secuencias de objetos ocultos!<br \/>\n&#8211; \u00a1Descubre personajes fascinantes para Navidad!<br \/>\n&#8211; \u00a1Convi\u00e9rtete en el Maestro de la Bondad!<br \/>\n&#8211; \u00a1\u00c1brete camino a trav\u00e9s de los escenarios de objetos ocultos para resolver el crimen navide\u00f1o y liberar a los humanos y los juguetes del mal!<br \/>\n&#8211; \u00a1Juega la fant\u00e1stica aventura extra!<br \/>\n&#8211; \u00a1En el juego extra, cura a Pap\u00e1 Noel para salvar la Navidad!<br \/>\n&#8211; \u00a1Aprovecha el arte conceptual especial, la m\u00fasica, los fondos de pantalla y mucho m\u00e1s!<br \/>\n&#8211; Juega a tus minijuegos favoritos y revive la derrota de Krampus y el oso malvado.<br \/>\n&#8211; \u00a1Mientras juegas, obt\u00e9n logros y coleccionables de tus personajes favoritos!<br \/>\n&#8211; \u00a1Usa la gu\u00eda de estrategia para no perderte nunca!<\/p>\n","protected":false},"excerpt":{"rendered":"<p>En Yuletide Legends: Who Framed Santa Claus Collector&#8217;s Edition, ayuda a Brigitte Woolf a rescatar la Navidad.<\/p>\n","protected":false},"author":118,"featured_media":92071,"comment_status":"open","ping_status":"closed","template":"","meta":{"_acf_changed":false,"inline_featured_image":false},"product_brand":[],"product_cat":[166,199],"product_tag":[288],"class_list":{"0":"post-135281","1":"product","2":"type-product","3":"status-publish","4":"has-post-thumbnail","6":"product_cat-hidden-object-es","7":"product_cat-removed-content-es","8":"product_tag-play-on-pc-es","10":"first","11":"instock","12":"shipping-taxable","13":"purchasable","14":"product-type-simple"},"acf":[],"yoast_head":"<!-- This site is optimized with the Yoast SEO Premium plugin v25.2 (Yoast SEO v25.2) - https:\/\/yoast.com\/wordpress\/plugins\/seo\/ -->\n<title>Yuletide Legends: \u00bfQui\u00e9n enga\u00f1\u00f3 a Santa Claus? Edici\u00f3n Coleccionista - Salva la Navidad en Yuletide Legends: \u00bfQui\u00e9n enga\u00f1\u00f3 a Santa Claus CE?<\/title>\n<meta name=\"description\" content=\"En Yuletide Legends: Who Framed Santa Claus Collector&#039;s Edition, ayuda a Brigitte Woolf a rescatar la Navidad.\" \/>\n<meta name=\"robots\" content=\"index, follow, max-snippet:-1, max-image-preview:large, max-video-preview:-1\" \/>\n<link rel=\"canonical\" href=\"https:\/\/www.iplay.com\/es\/games\/yuletide-legends-who-framed-santa-claus-collectors-edition\/\" \/>\n<meta property=\"og:locale\" content=\"es_ES\" \/>\n<meta property=\"og:type\" content=\"article\" \/>\n<meta property=\"og:title\" content=\"Yuletide Legends: Who Framed Santa Claus Collector&#039;s Edition\" \/>\n<meta property=\"og:description\" content=\"En Yuletide Legends: Who Framed Santa Claus Collector&#039;s Edition, ayuda a Brigitte Woolf a rescatar la Navidad.\" \/>\n<meta property=\"og:url\" content=\"https:\/\/www.iplay.com\/es\/games\/yuletide-legends-who-framed-santa-claus-collectors-edition\/\" \/>\n<meta property=\"og:site_name\" content=\"IPlay\" \/>\n<meta property=\"og:image\" content=\"https:\/\/www.iplay.com\/wp-content\/uploads\/2023\/12\/large_square_tile_image-3270.jpg\" \/>\n\t<meta property=\"og:image:width\" content=\"310\" \/>\n\t<meta property=\"og:image:height\" content=\"310\" \/>\n\t<meta property=\"og:image:type\" content=\"image\/jpeg\" \/>\n<meta name=\"twitter:card\" content=\"summary_large_image\" \/>\n<meta name=\"twitter:label1\" content=\"Est. reading time\" \/>\n\t<meta name=\"twitter:data1\" content=\"1 minuto\" \/>\n<script type=\"application\/ld+json\" class=\"yoast-schema-graph\">{\"@context\":\"https:\/\/schema.org\",\"@graph\":[{\"@type\":\"WebPage\",\"@id\":\"https:\/\/www.iplay.com\/es\/games\/yuletide-legends-who-framed-santa-claus-collectors-edition\/\",\"url\":\"https:\/\/www.iplay.com\/es\/games\/yuletide-legends-who-framed-santa-claus-collectors-edition\/\",\"name\":\"Yuletide Legends: \u00bfQui\u00e9n enga\u00f1\u00f3 a Santa Claus? Edici\u00f3n Coleccionista - Salva la Navidad en Yuletide Legends: \u00bfQui\u00e9n enga\u00f1\u00f3 a Santa Claus CE?\",\"isPartOf\":{\"@id\":\"https:\/\/www.iplay.com\/en\/#website\"},\"primaryImageOfPage\":{\"@id\":\"https:\/\/www.iplay.com\/es\/games\/yuletide-legends-who-framed-santa-claus-collectors-edition\/#primaryimage\"},\"image\":{\"@id\":\"https:\/\/www.iplay.com\/es\/games\/yuletide-legends-who-framed-santa-claus-collectors-edition\/#primaryimage\"},\"thumbnailUrl\":\"https:\/\/www.iplay.com\/wp-content\/uploads\/2023\/12\/large_square_tile_image-3270.jpg\",\"datePublished\":\"2019-12-05T00:00:00+00:00\",\"description\":\"En Yuletide Legends: Who Framed Santa Claus Collector's Edition, ayuda a Brigitte Woolf a rescatar la Navidad.\",\"breadcrumb\":{\"@id\":\"https:\/\/www.iplay.com\/es\/games\/yuletide-legends-who-framed-santa-claus-collectors-edition\/#breadcrumb\"},\"inLanguage\":\"es\",\"potentialAction\":[{\"@type\":\"ReadAction\",\"target\":[\"https:\/\/www.iplay.com\/es\/games\/yuletide-legends-who-framed-santa-claus-collectors-edition\/\"]}]},{\"@type\":\"ImageObject\",\"inLanguage\":\"es\",\"@id\":\"https:\/\/www.iplay.com\/es\/games\/yuletide-legends-who-framed-santa-claus-collectors-edition\/#primaryimage\",\"url\":\"https:\/\/www.iplay.com\/wp-content\/uploads\/2023\/12\/large_square_tile_image-3270.jpg\",\"contentUrl\":\"https:\/\/www.iplay.com\/wp-content\/uploads\/2023\/12\/large_square_tile_image-3270.jpg\",\"width\":310,\"height\":310},{\"@type\":\"BreadcrumbList\",\"@id\":\"https:\/\/www.iplay.com\/es\/games\/yuletide-legends-who-framed-santa-claus-collectors-edition\/#breadcrumb\",\"itemListElement\":[{\"@type\":\"ListItem\",\"position\":1,\"name\":\"Home\",\"item\":\"https:\/\/www.iplay.com\/es\/home-page-2\/\"},{\"@type\":\"ListItem\",\"position\":2,\"name\":\"Shop\",\"item\":\"https:\/\/www.iplay.com\/en\/shop\/\"},{\"@type\":\"ListItem\",\"position\":3,\"name\":\"Yuletide Legends: Who Framed Santa Claus Collector&#8217;s Edition\"}]},{\"@type\":\"WebSite\",\"@id\":\"https:\/\/www.iplay.com\/en\/#website\",\"url\":\"https:\/\/www.iplay.com\/en\/\",\"name\":\"IPlay\",\"description\":\"The Best Casual Games!\",\"publisher\":{\"@id\":\"https:\/\/www.iplay.com\/en\/#organization\"},\"potentialAction\":[{\"@type\":\"SearchAction\",\"target\":{\"@type\":\"EntryPoint\",\"urlTemplate\":\"https:\/\/www.iplay.com\/en\/?s={search_term_string}\"},\"query-input\":{\"@type\":\"PropertyValueSpecification\",\"valueRequired\":true,\"valueName\":\"search_term_string\"}}],\"inLanguage\":\"es\"},{\"@type\":\"Organization\",\"@id\":\"https:\/\/www.iplay.com\/en\/#organization\",\"name\":\"IPlay\",\"url\":\"https:\/\/www.iplay.com\/en\/\",\"logo\":{\"@type\":\"ImageObject\",\"inLanguage\":\"es\",\"@id\":\"https:\/\/www.iplay.com\/en\/#\/schema\/logo\/image\/\",\"url\":\"https:\/\/www.iplay.com\/wp-content\/uploads\/2023\/11\/Group-6100.svg\",\"contentUrl\":\"https:\/\/www.iplay.com\/wp-content\/uploads\/2023\/11\/Group-6100.svg\",\"width\":98,\"height\":25,\"caption\":\"IPlay\"},\"image\":{\"@id\":\"https:\/\/www.iplay.com\/en\/#\/schema\/logo\/image\/\"}}]}<\/script>\n<!-- \/ Yoast SEO Premium plugin. -->","yoast_head_json":{"title":"Yuletide Legends: \u00bfQui\u00e9n enga\u00f1\u00f3 a Santa Claus? Edici\u00f3n Coleccionista - Salva la Navidad en Yuletide Legends: \u00bfQui\u00e9n enga\u00f1\u00f3 a Santa Claus CE?","description":"En Yuletide Legends: Who Framed Santa Claus Collector's Edition, ayuda a Brigitte Woolf a rescatar la Navidad.","robots":{"index":"index","follow":"follow","max-snippet":"max-snippet:-1","max-image-preview":"max-image-preview:large","max-video-preview":"max-video-preview:-1"},"canonical":"https:\/\/www.iplay.com\/es\/games\/yuletide-legends-who-framed-santa-claus-collectors-edition\/","og_locale":"es_ES","og_type":"article","og_title":"Yuletide Legends: Who Framed Santa Claus Collector's Edition","og_description":"En Yuletide Legends: Who Framed Santa Claus Collector's Edition, ayuda a Brigitte Woolf a rescatar la Navidad.","og_url":"https:\/\/www.iplay.com\/es\/games\/yuletide-legends-who-framed-santa-claus-collectors-edition\/","og_site_name":"IPlay","og_image":[{"width":310,"height":310,"url":"https:\/\/www.iplay.com\/wp-content\/uploads\/2023\/12\/large_square_tile_image-3270.jpg","type":"image\/jpeg"}],"twitter_card":"summary_large_image","twitter_misc":{"Est. reading time":"1 minuto"},"schema":{"@context":"https:\/\/schema.org","@graph":[{"@type":"WebPage","@id":"https:\/\/www.iplay.com\/es\/games\/yuletide-legends-who-framed-santa-claus-collectors-edition\/","url":"https:\/\/www.iplay.com\/es\/games\/yuletide-legends-who-framed-santa-claus-collectors-edition\/","name":"Yuletide Legends: \u00bfQui\u00e9n enga\u00f1\u00f3 a Santa Claus? Edici\u00f3n Coleccionista - Salva la Navidad en Yuletide Legends: \u00bfQui\u00e9n enga\u00f1\u00f3 a Santa Claus CE?","isPartOf":{"@id":"https:\/\/www.iplay.com\/en\/#website"},"primaryImageOfPage":{"@id":"https:\/\/www.iplay.com\/es\/games\/yuletide-legends-who-framed-santa-claus-collectors-edition\/#primaryimage"},"image":{"@id":"https:\/\/www.iplay.com\/es\/games\/yuletide-legends-who-framed-santa-claus-collectors-edition\/#primaryimage"},"thumbnailUrl":"https:\/\/www.iplay.com\/wp-content\/uploads\/2023\/12\/large_square_tile_image-3270.jpg","datePublished":"2019-12-05T00:00:00+00:00","description":"En Yuletide Legends: Who Framed Santa Claus Collector's Edition, ayuda a Brigitte Woolf a rescatar la Navidad.","breadcrumb":{"@id":"https:\/\/www.iplay.com\/es\/games\/yuletide-legends-who-framed-santa-claus-collectors-edition\/#breadcrumb"},"inLanguage":"es","potentialAction":[{"@type":"ReadAction","target":["https:\/\/www.iplay.com\/es\/games\/yuletide-legends-who-framed-santa-claus-collectors-edition\/"]}]},{"@type":"ImageObject","inLanguage":"es","@id":"https:\/\/www.iplay.com\/es\/games\/yuletide-legends-who-framed-santa-claus-collectors-edition\/#primaryimage","url":"https:\/\/www.iplay.com\/wp-content\/uploads\/2023\/12\/large_square_tile_image-3270.jpg","contentUrl":"https:\/\/www.iplay.com\/wp-content\/uploads\/2023\/12\/large_square_tile_image-3270.jpg","width":310,"height":310},{"@type":"BreadcrumbList","@id":"https:\/\/www.iplay.com\/es\/games\/yuletide-legends-who-framed-santa-claus-collectors-edition\/#breadcrumb","itemListElement":[{"@type":"ListItem","position":1,"name":"Home","item":"https:\/\/www.iplay.com\/es\/home-page-2\/"},{"@type":"ListItem","position":2,"name":"Shop","item":"https:\/\/www.iplay.com\/en\/shop\/"},{"@type":"ListItem","position":3,"name":"Yuletide Legends: Who Framed Santa Claus Collector&#8217;s Edition"}]},{"@type":"WebSite","@id":"https:\/\/www.iplay.com\/en\/#website","url":"https:\/\/www.iplay.com\/en\/","name":"IPlay","description":"The Best Casual Games!","publisher":{"@id":"https:\/\/www.iplay.com\/en\/#organization"},"potentialAction":[{"@type":"SearchAction","target":{"@type":"EntryPoint","urlTemplate":"https:\/\/www.iplay.com\/en\/?s={search_term_string}"},"query-input":{"@type":"PropertyValueSpecification","valueRequired":true,"valueName":"search_term_string"}}],"inLanguage":"es"},{"@type":"Organization","@id":"https:\/\/www.iplay.com\/en\/#organization","name":"IPlay","url":"https:\/\/www.iplay.com\/en\/","logo":{"@type":"ImageObject","inLanguage":"es","@id":"https:\/\/www.iplay.com\/en\/#\/schema\/logo\/image\/","url":"https:\/\/www.iplay.com\/wp-content\/uploads\/2023\/11\/Group-6100.svg","contentUrl":"https:\/\/www.iplay.com\/wp-content\/uploads\/2023\/11\/Group-6100.svg","width":98,"height":25,"caption":"IPlay"},"image":{"@id":"https:\/\/www.iplay.com\/en\/#\/schema\/logo\/image\/"}}]}},"_links":{"self":[{"href":"https:\/\/www.iplay.com\/es\/wp-json\/wp\/v2\/product\/135281","targetHints":{"allow":["GET"]}}],"collection":[{"href":"https:\/\/www.iplay.com\/es\/wp-json\/wp\/v2\/product"}],"about":[{"href":"https:\/\/www.iplay.com\/es\/wp-json\/wp\/v2\/types\/product"}],"author":[{"embeddable":true,"href":"https:\/\/www.iplay.com\/es\/wp-json\/wp\/v2\/users\/118"}],"replies":[{"embeddable":true,"href":"https:\/\/www.iplay.com\/es\/wp-json\/wp\/v2\/comments?post=135281"}],"wp:featuredmedia":[{"embeddable":true,"href":"https:\/\/www.iplay.com\/es\/wp-json\/wp\/v2\/media\/92071"}],"wp:attachment":[{"href":"https:\/\/www.iplay.com\/es\/wp-json\/wp\/v2\/media?parent=135281"}],"wp:term":[{"taxonomy":"product_brand","embeddable":true,"href":"https:\/\/www.iplay.com\/es\/wp-json\/wp\/v2\/product_brand?post=135281"},{"taxonomy":"product_cat","embeddable":true,"href":"https:\/\/www.iplay.com\/es\/wp-json\/wp\/v2\/product_cat?post=135281"},{"taxonomy":"product_tag","embeddable":true,"href":"https:\/\/www.iplay.com\/es\/wp-json\/wp\/v2\/product_tag?post=135281"}],"curies":[{"name":"wp","href":"https:\/\/api.w.org\/{rel}","templated":true}]}}