{"id":135266,"date":"2019-12-17T00:00:00","date_gmt":"2019-12-17T00:00:00","guid":{"rendered":"https:\/\/www.iplay.com\/games\/myths-of-the-world-under-the-surface-collectors-edition\/"},"modified":"2019-12-17T00:00:00","modified_gmt":"2019-12-17T00:00:00","slug":"myths-of-the-world-under-the-surface-collectors-edition","status":"publish","type":"product","link":"https:\/\/www.iplay.com\/es\/games\/myths-of-the-world-under-the-surface-collectors-edition\/","title":{"rendered":"Myths of the World: Under the Surface Collector&#8217;s Edition"},"content":{"rendered":"<p>\u00a1Saborea el cap\u00edtulo encantado m\u00e1s reciente de la serie <em>Mitos del Mundo<\/em> ! \u00a1Te vas a aventurar por la campi\u00f1a escocesa! Vas a realizar una emocionante expedici\u00f3n con tu profesor para aprender m\u00e1s sobre los mitos que rodean a una antigua especie acu\u00e1tica. Sin embargo, su instrucci\u00f3n se ve interrumpida cuando una oscuridad debajo del lago ataca su bote. Adem\u00e1s, las historias de una peligrosa magia suelta y las desapariciones son comunes en el campo cercano. Antes de que sea demasiado tarde, \u00bfpodr\u00e1s descubrir la verdad detr\u00e1s de las leyendas y preservar la tierra? \u00a1En esta emocionante aventura de rompecabezas de objetos ocultos, desc\u00fabrelo!      <\/p>\n<p>&nbsp;<\/p>\n<p>&nbsp;<\/p>\n<p><strong>Funciones:<\/strong><\/p>\n<p>&#8211; \u00a1Participa en la caza de la potente y peligrosa Piedra de Gormire!<\/p>\n<p>&#8211; \u00a1Encuentra lugares que sean m\u00e1gicos! \u00a1Descubre la incre\u00edble relaci\u00f3n que existe entre la criatura acu\u00e1tica del lago y el aprendiz de Morgan le Fay! <\/p>\n<p>&#8211; \u00a1Vuelve a jugar a tus minijuegos y saltos favoritos para desbloquear a\u00fan m\u00e1s logros!<\/p>\n<p>&#8211; \u00a1Busca objetos cambiantes, recuerdos astutos y letreros de b\u00fahos sabios!<\/p>\n<p>&#8211; A continuaci\u00f3n, \u00a1echa un vistazo a tu alijo de Extras!<\/p>\n<p>&#8211; \u00a1Aprovecha los fondos de pantalla \u00fanicos, protectores de pantalla, m\u00fasica, arte conceptual y mucho m\u00e1s!<\/p>\n<p>&#8211; \u00a1Af\u00e9rrate a tus favoritos!<br \/>\n&#8211; \u00a1Usa la gu\u00eda de estrategia para mantener tu viaje en curso!<\/p>\n","protected":false},"excerpt":{"rendered":"<p>\u00a1La leyenda del lago perdura! En la edici\u00f3n de coleccionista de Mitos del mundo: bajo la superficie <\/p>\n","protected":false},"author":17,"featured_media":83999,"comment_status":"open","ping_status":"closed","template":"","meta":{"_acf_changed":false,"inline_featured_image":false},"product_brand":[],"product_cat":[166],"product_tag":[288],"class_list":{"0":"post-135266","1":"product","2":"type-product","3":"status-publish","4":"has-post-thumbnail","6":"product_cat-hidden-object-es","7":"product_tag-play-on-pc-es","9":"first","10":"instock","11":"shipping-taxable","12":"purchasable","13":"product-type-simple"},"acf":[],"yoast_head":"<!-- This site is optimized with the Yoast SEO Premium plugin v25.2 (Yoast SEO v25.2) - https:\/\/yoast.com\/wordpress\/plugins\/seo\/ -->\n<title>Myths of the World: Under the Surface Collector&#039;s Edition - Explora la leyenda del lago. \u00bfQu\u00e9 hay debajo de la superficie?<\/title>\n<meta name=\"description\" content=\"\u00a1La leyenda del lago perdura! En la edici\u00f3n de coleccionista de Mitos del mundo: bajo la superficie\" \/>\n<meta name=\"robots\" content=\"index, follow, max-snippet:-1, max-image-preview:large, max-video-preview:-1\" \/>\n<link rel=\"canonical\" href=\"https:\/\/www.iplay.com\/es\/games\/myths-of-the-world-under-the-surface-collectors-edition\/\" \/>\n<meta property=\"og:locale\" content=\"es_ES\" \/>\n<meta property=\"og:type\" content=\"article\" \/>\n<meta property=\"og:title\" content=\"Myths of the World: Under the Surface Collector&#039;s Edition\" \/>\n<meta property=\"og:description\" content=\"\u00a1La leyenda del lago perdura! En la edici\u00f3n de coleccionista de Mitos del mundo: bajo la superficie\" \/>\n<meta property=\"og:url\" content=\"https:\/\/www.iplay.com\/es\/games\/myths-of-the-world-under-the-surface-collectors-edition\/\" \/>\n<meta property=\"og:site_name\" content=\"IPlay\" \/>\n<meta property=\"og:image\" content=\"https:\/\/www.iplay.com\/wp-content\/uploads\/2023\/12\/large_square_tile_image-2759.jpg\" \/>\n\t<meta property=\"og:image:width\" content=\"310\" \/>\n\t<meta property=\"og:image:height\" content=\"310\" \/>\n\t<meta property=\"og:image:type\" content=\"image\/jpeg\" \/>\n<meta name=\"twitter:card\" content=\"summary_large_image\" \/>\n<meta name=\"twitter:label1\" content=\"Est. reading time\" \/>\n\t<meta name=\"twitter:data1\" content=\"1 minuto\" \/>\n<script type=\"application\/ld+json\" class=\"yoast-schema-graph\">{\"@context\":\"https:\/\/schema.org\",\"@graph\":[{\"@type\":\"WebPage\",\"@id\":\"https:\/\/www.iplay.com\/es\/games\/myths-of-the-world-under-the-surface-collectors-edition\/\",\"url\":\"https:\/\/www.iplay.com\/es\/games\/myths-of-the-world-under-the-surface-collectors-edition\/\",\"name\":\"Myths of the World: Under the Surface Collector's Edition - Explora la leyenda del lago. \u00bfQu\u00e9 hay debajo de la superficie?\",\"isPartOf\":{\"@id\":\"https:\/\/www.iplay.com\/en\/#website\"},\"primaryImageOfPage\":{\"@id\":\"https:\/\/www.iplay.com\/es\/games\/myths-of-the-world-under-the-surface-collectors-edition\/#primaryimage\"},\"image\":{\"@id\":\"https:\/\/www.iplay.com\/es\/games\/myths-of-the-world-under-the-surface-collectors-edition\/#primaryimage\"},\"thumbnailUrl\":\"https:\/\/www.iplay.com\/wp-content\/uploads\/2023\/12\/large_square_tile_image-2759.jpg\",\"datePublished\":\"2019-12-17T00:00:00+00:00\",\"description\":\"\u00a1La leyenda del lago perdura! En la edici\u00f3n de coleccionista de Mitos del mundo: bajo la superficie\",\"breadcrumb\":{\"@id\":\"https:\/\/www.iplay.com\/es\/games\/myths-of-the-world-under-the-surface-collectors-edition\/#breadcrumb\"},\"inLanguage\":\"es\",\"potentialAction\":[{\"@type\":\"ReadAction\",\"target\":[\"https:\/\/www.iplay.com\/es\/games\/myths-of-the-world-under-the-surface-collectors-edition\/\"]}]},{\"@type\":\"ImageObject\",\"inLanguage\":\"es\",\"@id\":\"https:\/\/www.iplay.com\/es\/games\/myths-of-the-world-under-the-surface-collectors-edition\/#primaryimage\",\"url\":\"https:\/\/www.iplay.com\/wp-content\/uploads\/2023\/12\/large_square_tile_image-2759.jpg\",\"contentUrl\":\"https:\/\/www.iplay.com\/wp-content\/uploads\/2023\/12\/large_square_tile_image-2759.jpg\",\"width\":310,\"height\":310},{\"@type\":\"BreadcrumbList\",\"@id\":\"https:\/\/www.iplay.com\/es\/games\/myths-of-the-world-under-the-surface-collectors-edition\/#breadcrumb\",\"itemListElement\":[{\"@type\":\"ListItem\",\"position\":1,\"name\":\"Home\",\"item\":\"https:\/\/www.iplay.com\/es\/home-page-2\/\"},{\"@type\":\"ListItem\",\"position\":2,\"name\":\"Shop\",\"item\":\"https:\/\/www.iplay.com\/en\/shop\/\"},{\"@type\":\"ListItem\",\"position\":3,\"name\":\"Myths of the World: Under the Surface Collector&#8217;s Edition\"}]},{\"@type\":\"WebSite\",\"@id\":\"https:\/\/www.iplay.com\/en\/#website\",\"url\":\"https:\/\/www.iplay.com\/en\/\",\"name\":\"IPlay\",\"description\":\"The Best Casual Games!\",\"publisher\":{\"@id\":\"https:\/\/www.iplay.com\/en\/#organization\"},\"potentialAction\":[{\"@type\":\"SearchAction\",\"target\":{\"@type\":\"EntryPoint\",\"urlTemplate\":\"https:\/\/www.iplay.com\/en\/?s={search_term_string}\"},\"query-input\":{\"@type\":\"PropertyValueSpecification\",\"valueRequired\":true,\"valueName\":\"search_term_string\"}}],\"inLanguage\":\"es\"},{\"@type\":\"Organization\",\"@id\":\"https:\/\/www.iplay.com\/en\/#organization\",\"name\":\"IPlay\",\"url\":\"https:\/\/www.iplay.com\/en\/\",\"logo\":{\"@type\":\"ImageObject\",\"inLanguage\":\"es\",\"@id\":\"https:\/\/www.iplay.com\/en\/#\/schema\/logo\/image\/\",\"url\":\"https:\/\/www.iplay.com\/wp-content\/uploads\/2023\/11\/Group-6100.svg\",\"contentUrl\":\"https:\/\/www.iplay.com\/wp-content\/uploads\/2023\/11\/Group-6100.svg\",\"width\":98,\"height\":25,\"caption\":\"IPlay\"},\"image\":{\"@id\":\"https:\/\/www.iplay.com\/en\/#\/schema\/logo\/image\/\"}}]}<\/script>\n<!-- \/ Yoast SEO Premium plugin. -->","yoast_head_json":{"title":"Myths of the World: Under the Surface Collector's Edition - Explora la leyenda del lago. \u00bfQu\u00e9 hay debajo de la superficie?","description":"\u00a1La leyenda del lago perdura! En la edici\u00f3n de coleccionista de Mitos del mundo: bajo la superficie","robots":{"index":"index","follow":"follow","max-snippet":"max-snippet:-1","max-image-preview":"max-image-preview:large","max-video-preview":"max-video-preview:-1"},"canonical":"https:\/\/www.iplay.com\/es\/games\/myths-of-the-world-under-the-surface-collectors-edition\/","og_locale":"es_ES","og_type":"article","og_title":"Myths of the World: Under the Surface Collector's Edition","og_description":"\u00a1La leyenda del lago perdura! En la edici\u00f3n de coleccionista de Mitos del mundo: bajo la superficie","og_url":"https:\/\/www.iplay.com\/es\/games\/myths-of-the-world-under-the-surface-collectors-edition\/","og_site_name":"IPlay","og_image":[{"width":310,"height":310,"url":"https:\/\/www.iplay.com\/wp-content\/uploads\/2023\/12\/large_square_tile_image-2759.jpg","type":"image\/jpeg"}],"twitter_card":"summary_large_image","twitter_misc":{"Est. reading time":"1 minuto"},"schema":{"@context":"https:\/\/schema.org","@graph":[{"@type":"WebPage","@id":"https:\/\/www.iplay.com\/es\/games\/myths-of-the-world-under-the-surface-collectors-edition\/","url":"https:\/\/www.iplay.com\/es\/games\/myths-of-the-world-under-the-surface-collectors-edition\/","name":"Myths of the World: Under the Surface Collector's Edition - Explora la leyenda del lago. \u00bfQu\u00e9 hay debajo de la superficie?","isPartOf":{"@id":"https:\/\/www.iplay.com\/en\/#website"},"primaryImageOfPage":{"@id":"https:\/\/www.iplay.com\/es\/games\/myths-of-the-world-under-the-surface-collectors-edition\/#primaryimage"},"image":{"@id":"https:\/\/www.iplay.com\/es\/games\/myths-of-the-world-under-the-surface-collectors-edition\/#primaryimage"},"thumbnailUrl":"https:\/\/www.iplay.com\/wp-content\/uploads\/2023\/12\/large_square_tile_image-2759.jpg","datePublished":"2019-12-17T00:00:00+00:00","description":"\u00a1La leyenda del lago perdura! En la edici\u00f3n de coleccionista de Mitos del mundo: bajo la superficie","breadcrumb":{"@id":"https:\/\/www.iplay.com\/es\/games\/myths-of-the-world-under-the-surface-collectors-edition\/#breadcrumb"},"inLanguage":"es","potentialAction":[{"@type":"ReadAction","target":["https:\/\/www.iplay.com\/es\/games\/myths-of-the-world-under-the-surface-collectors-edition\/"]}]},{"@type":"ImageObject","inLanguage":"es","@id":"https:\/\/www.iplay.com\/es\/games\/myths-of-the-world-under-the-surface-collectors-edition\/#primaryimage","url":"https:\/\/www.iplay.com\/wp-content\/uploads\/2023\/12\/large_square_tile_image-2759.jpg","contentUrl":"https:\/\/www.iplay.com\/wp-content\/uploads\/2023\/12\/large_square_tile_image-2759.jpg","width":310,"height":310},{"@type":"BreadcrumbList","@id":"https:\/\/www.iplay.com\/es\/games\/myths-of-the-world-under-the-surface-collectors-edition\/#breadcrumb","itemListElement":[{"@type":"ListItem","position":1,"name":"Home","item":"https:\/\/www.iplay.com\/es\/home-page-2\/"},{"@type":"ListItem","position":2,"name":"Shop","item":"https:\/\/www.iplay.com\/en\/shop\/"},{"@type":"ListItem","position":3,"name":"Myths of the World: Under the Surface Collector&#8217;s Edition"}]},{"@type":"WebSite","@id":"https:\/\/www.iplay.com\/en\/#website","url":"https:\/\/www.iplay.com\/en\/","name":"IPlay","description":"The Best Casual Games!","publisher":{"@id":"https:\/\/www.iplay.com\/en\/#organization"},"potentialAction":[{"@type":"SearchAction","target":{"@type":"EntryPoint","urlTemplate":"https:\/\/www.iplay.com\/en\/?s={search_term_string}"},"query-input":{"@type":"PropertyValueSpecification","valueRequired":true,"valueName":"search_term_string"}}],"inLanguage":"es"},{"@type":"Organization","@id":"https:\/\/www.iplay.com\/en\/#organization","name":"IPlay","url":"https:\/\/www.iplay.com\/en\/","logo":{"@type":"ImageObject","inLanguage":"es","@id":"https:\/\/www.iplay.com\/en\/#\/schema\/logo\/image\/","url":"https:\/\/www.iplay.com\/wp-content\/uploads\/2023\/11\/Group-6100.svg","contentUrl":"https:\/\/www.iplay.com\/wp-content\/uploads\/2023\/11\/Group-6100.svg","width":98,"height":25,"caption":"IPlay"},"image":{"@id":"https:\/\/www.iplay.com\/en\/#\/schema\/logo\/image\/"}}]}},"_links":{"self":[{"href":"https:\/\/www.iplay.com\/es\/wp-json\/wp\/v2\/product\/135266","targetHints":{"allow":["GET"]}}],"collection":[{"href":"https:\/\/www.iplay.com\/es\/wp-json\/wp\/v2\/product"}],"about":[{"href":"https:\/\/www.iplay.com\/es\/wp-json\/wp\/v2\/types\/product"}],"author":[{"embeddable":true,"href":"https:\/\/www.iplay.com\/es\/wp-json\/wp\/v2\/users\/17"}],"replies":[{"embeddable":true,"href":"https:\/\/www.iplay.com\/es\/wp-json\/wp\/v2\/comments?post=135266"}],"wp:featuredmedia":[{"embeddable":true,"href":"https:\/\/www.iplay.com\/es\/wp-json\/wp\/v2\/media\/83999"}],"wp:attachment":[{"href":"https:\/\/www.iplay.com\/es\/wp-json\/wp\/v2\/media?parent=135266"}],"wp:term":[{"taxonomy":"product_brand","embeddable":true,"href":"https:\/\/www.iplay.com\/es\/wp-json\/wp\/v2\/product_brand?post=135266"},{"taxonomy":"product_cat","embeddable":true,"href":"https:\/\/www.iplay.com\/es\/wp-json\/wp\/v2\/product_cat?post=135266"},{"taxonomy":"product_tag","embeddable":true,"href":"https:\/\/www.iplay.com\/es\/wp-json\/wp\/v2\/product_tag?post=135266"}],"curies":[{"name":"wp","href":"https:\/\/api.w.org\/{rel}","templated":true}]}}