{"id":135195,"date":"2020-02-26T00:00:00","date_gmt":"2020-02-26T00:00:00","guid":{"rendered":"https:\/\/www.iplay.com\/games\/grim-tales-guest-from-the-future-collectors-edition\/"},"modified":"2020-02-26T00:00:00","modified_gmt":"2020-02-26T00:00:00","slug":"grim-tales-guest-from-the-future-collectors-edition","status":"publish","type":"product","link":"https:\/\/www.iplay.com\/es\/games\/grim-tales-guest-from-the-future-collectors-edition\/","title":{"rendered":"Grim Tales: Guest From The Future Collector&#8217;s Edition"},"content":{"rendered":"<p>\u00a1Disfruta de una sombr\u00eda historia futura en su ic\u00f3nica serie Grim Tales! \u00a1Su hija adolescente Alice necesita su ayuda para determinar la causa de una tragedia que amenaza con terminar con la l\u00ednea familiar Gray para siempre! Varios Grises ya han muerto como consecuencia de una dolencia desconocida, y cualquiera de ellos podr\u00eda ser el siguiente. \u00bfEst\u00e1s dispuesto a investigar c\u00f3mo y, lo que es m\u00e1s importante, por qu\u00e9 comenz\u00f3? \u00a1En este intrigante juego de aventuras y rompecabezas de objetos ocultos, las cosas pueden no ser tan simples como parecen!    <\/p>\n<p>&nbsp;<\/p>\n<p>&nbsp;<\/p>\n<p><strong>Funciones:<\/strong><\/p>\n<p>&nbsp;<\/p>\n<p>&#8211; \u00a1En el juego de bonificaci\u00f3n, salva a la madre de Alice!<\/p>\n<p>&#8211; \u00a1Gana logros mientras juegas!<\/p>\n<p>&#8211; Colecciona retratos familiares de Gray coleccionables.<\/p>\n<p>&#8211; \u00a1Con la gu\u00eda de estrategia, nunca te perder\u00e1s!<\/p>\n","protected":false},"excerpt":{"rendered":"<p>\u00bfLa era de los Grises est\u00e1 llegando a su fin? Descubre la respuesta en Grim Tales: Guest From The Future Collector&#8217;s Edition. <\/p>\n","protected":false},"author":17,"featured_media":91559,"comment_status":"open","ping_status":"closed","template":"","meta":{"_acf_changed":false,"inline_featured_image":false},"product_brand":[],"product_cat":[166],"product_tag":[288],"class_list":{"0":"post-135195","1":"product","2":"type-product","3":"status-publish","4":"has-post-thumbnail","6":"product_cat-hidden-object-es","7":"product_tag-play-on-pc-es","9":"first","10":"instock","11":"shipping-taxable","12":"purchasable","13":"product-type-simple"},"acf":[],"yoast_head":"<!-- This site is optimized with the Yoast SEO Premium plugin v25.2 (Yoast SEO v25.2) - https:\/\/yoast.com\/wordpress\/plugins\/seo\/ -->\n<title>Grim Tales: Invitado de la Futura Edici\u00f3n Coleccionista - \u00bfEs este el final de la familia Gray? Desc\u00fabrelo<\/title>\n<meta name=\"description\" content=\"\u00bfLa era de los Grises est\u00e1 llegando a su fin? Descubre la respuesta en Grim Tales: Guest From The Future Collector&#039;s Edition.\" \/>\n<meta name=\"robots\" content=\"index, follow, max-snippet:-1, max-image-preview:large, max-video-preview:-1\" \/>\n<link rel=\"canonical\" href=\"https:\/\/www.iplay.com\/es\/games\/grim-tales-guest-from-the-future-collectors-edition\/\" \/>\n<meta property=\"og:locale\" content=\"es_ES\" \/>\n<meta property=\"og:type\" content=\"article\" \/>\n<meta property=\"og:title\" content=\"Grim Tales: Guest From The Future Collector&#039;s Edition\" \/>\n<meta property=\"og:description\" content=\"\u00bfLa era de los Grises est\u00e1 llegando a su fin? Descubre la respuesta en Grim Tales: Guest From The Future Collector&#039;s Edition.\" \/>\n<meta property=\"og:url\" content=\"https:\/\/www.iplay.com\/es\/games\/grim-tales-guest-from-the-future-collectors-edition\/\" \/>\n<meta property=\"og:site_name\" content=\"IPlay\" \/>\n<meta property=\"og:image\" content=\"https:\/\/www.iplay.com\/wp-content\/uploads\/2023\/12\/large_square_tile_image-3237.jpg\" \/>\n\t<meta property=\"og:image:width\" content=\"310\" \/>\n\t<meta property=\"og:image:height\" content=\"310\" \/>\n\t<meta property=\"og:image:type\" content=\"image\/jpeg\" \/>\n<meta name=\"twitter:card\" content=\"summary_large_image\" \/>\n<meta name=\"twitter:label1\" content=\"Est. reading time\" \/>\n\t<meta name=\"twitter:data1\" content=\"1 minuto\" \/>\n<script type=\"application\/ld+json\" class=\"yoast-schema-graph\">{\"@context\":\"https:\/\/schema.org\",\"@graph\":[{\"@type\":\"WebPage\",\"@id\":\"https:\/\/www.iplay.com\/es\/games\/grim-tales-guest-from-the-future-collectors-edition\/\",\"url\":\"https:\/\/www.iplay.com\/es\/games\/grim-tales-guest-from-the-future-collectors-edition\/\",\"name\":\"Grim Tales: Invitado de la Futura Edici\u00f3n Coleccionista - \u00bfEs este el final de la familia Gray? Desc\u00fabrelo\",\"isPartOf\":{\"@id\":\"https:\/\/www.iplay.com\/en\/#website\"},\"primaryImageOfPage\":{\"@id\":\"https:\/\/www.iplay.com\/es\/games\/grim-tales-guest-from-the-future-collectors-edition\/#primaryimage\"},\"image\":{\"@id\":\"https:\/\/www.iplay.com\/es\/games\/grim-tales-guest-from-the-future-collectors-edition\/#primaryimage\"},\"thumbnailUrl\":\"https:\/\/www.iplay.com\/wp-content\/uploads\/2023\/12\/large_square_tile_image-3237.jpg\",\"datePublished\":\"2020-02-26T00:00:00+00:00\",\"description\":\"\u00bfLa era de los Grises est\u00e1 llegando a su fin? Descubre la respuesta en Grim Tales: Guest From The Future Collector's Edition.\",\"breadcrumb\":{\"@id\":\"https:\/\/www.iplay.com\/es\/games\/grim-tales-guest-from-the-future-collectors-edition\/#breadcrumb\"},\"inLanguage\":\"es\",\"potentialAction\":[{\"@type\":\"ReadAction\",\"target\":[\"https:\/\/www.iplay.com\/es\/games\/grim-tales-guest-from-the-future-collectors-edition\/\"]}]},{\"@type\":\"ImageObject\",\"inLanguage\":\"es\",\"@id\":\"https:\/\/www.iplay.com\/es\/games\/grim-tales-guest-from-the-future-collectors-edition\/#primaryimage\",\"url\":\"https:\/\/www.iplay.com\/wp-content\/uploads\/2023\/12\/large_square_tile_image-3237.jpg\",\"contentUrl\":\"https:\/\/www.iplay.com\/wp-content\/uploads\/2023\/12\/large_square_tile_image-3237.jpg\",\"width\":310,\"height\":310},{\"@type\":\"BreadcrumbList\",\"@id\":\"https:\/\/www.iplay.com\/es\/games\/grim-tales-guest-from-the-future-collectors-edition\/#breadcrumb\",\"itemListElement\":[{\"@type\":\"ListItem\",\"position\":1,\"name\":\"Home\",\"item\":\"https:\/\/www.iplay.com\/es\/home-page-2\/\"},{\"@type\":\"ListItem\",\"position\":2,\"name\":\"Shop\",\"item\":\"https:\/\/www.iplay.com\/en\/shop\/\"},{\"@type\":\"ListItem\",\"position\":3,\"name\":\"Grim Tales: Guest From The Future Collector&#8217;s Edition\"}]},{\"@type\":\"WebSite\",\"@id\":\"https:\/\/www.iplay.com\/en\/#website\",\"url\":\"https:\/\/www.iplay.com\/en\/\",\"name\":\"IPlay\",\"description\":\"The Best Casual Games!\",\"publisher\":{\"@id\":\"https:\/\/www.iplay.com\/en\/#organization\"},\"potentialAction\":[{\"@type\":\"SearchAction\",\"target\":{\"@type\":\"EntryPoint\",\"urlTemplate\":\"https:\/\/www.iplay.com\/en\/?s={search_term_string}\"},\"query-input\":{\"@type\":\"PropertyValueSpecification\",\"valueRequired\":true,\"valueName\":\"search_term_string\"}}],\"inLanguage\":\"es\"},{\"@type\":\"Organization\",\"@id\":\"https:\/\/www.iplay.com\/en\/#organization\",\"name\":\"IPlay\",\"url\":\"https:\/\/www.iplay.com\/en\/\",\"logo\":{\"@type\":\"ImageObject\",\"inLanguage\":\"es\",\"@id\":\"https:\/\/www.iplay.com\/en\/#\/schema\/logo\/image\/\",\"url\":\"https:\/\/www.iplay.com\/wp-content\/uploads\/2023\/11\/Group-6100.svg\",\"contentUrl\":\"https:\/\/www.iplay.com\/wp-content\/uploads\/2023\/11\/Group-6100.svg\",\"width\":98,\"height\":25,\"caption\":\"IPlay\"},\"image\":{\"@id\":\"https:\/\/www.iplay.com\/en\/#\/schema\/logo\/image\/\"}}]}<\/script>\n<!-- \/ Yoast SEO Premium plugin. -->","yoast_head_json":{"title":"Grim Tales: Invitado de la Futura Edici\u00f3n Coleccionista - \u00bfEs este el final de la familia Gray? Desc\u00fabrelo","description":"\u00bfLa era de los Grises est\u00e1 llegando a su fin? Descubre la respuesta en Grim Tales: Guest From The Future Collector's Edition.","robots":{"index":"index","follow":"follow","max-snippet":"max-snippet:-1","max-image-preview":"max-image-preview:large","max-video-preview":"max-video-preview:-1"},"canonical":"https:\/\/www.iplay.com\/es\/games\/grim-tales-guest-from-the-future-collectors-edition\/","og_locale":"es_ES","og_type":"article","og_title":"Grim Tales: Guest From The Future Collector's Edition","og_description":"\u00bfLa era de los Grises est\u00e1 llegando a su fin? Descubre la respuesta en Grim Tales: Guest From The Future Collector's Edition.","og_url":"https:\/\/www.iplay.com\/es\/games\/grim-tales-guest-from-the-future-collectors-edition\/","og_site_name":"IPlay","og_image":[{"width":310,"height":310,"url":"https:\/\/www.iplay.com\/wp-content\/uploads\/2023\/12\/large_square_tile_image-3237.jpg","type":"image\/jpeg"}],"twitter_card":"summary_large_image","twitter_misc":{"Est. reading time":"1 minuto"},"schema":{"@context":"https:\/\/schema.org","@graph":[{"@type":"WebPage","@id":"https:\/\/www.iplay.com\/es\/games\/grim-tales-guest-from-the-future-collectors-edition\/","url":"https:\/\/www.iplay.com\/es\/games\/grim-tales-guest-from-the-future-collectors-edition\/","name":"Grim Tales: Invitado de la Futura Edici\u00f3n Coleccionista - \u00bfEs este el final de la familia Gray? Desc\u00fabrelo","isPartOf":{"@id":"https:\/\/www.iplay.com\/en\/#website"},"primaryImageOfPage":{"@id":"https:\/\/www.iplay.com\/es\/games\/grim-tales-guest-from-the-future-collectors-edition\/#primaryimage"},"image":{"@id":"https:\/\/www.iplay.com\/es\/games\/grim-tales-guest-from-the-future-collectors-edition\/#primaryimage"},"thumbnailUrl":"https:\/\/www.iplay.com\/wp-content\/uploads\/2023\/12\/large_square_tile_image-3237.jpg","datePublished":"2020-02-26T00:00:00+00:00","description":"\u00bfLa era de los Grises est\u00e1 llegando a su fin? Descubre la respuesta en Grim Tales: Guest From The Future Collector's Edition.","breadcrumb":{"@id":"https:\/\/www.iplay.com\/es\/games\/grim-tales-guest-from-the-future-collectors-edition\/#breadcrumb"},"inLanguage":"es","potentialAction":[{"@type":"ReadAction","target":["https:\/\/www.iplay.com\/es\/games\/grim-tales-guest-from-the-future-collectors-edition\/"]}]},{"@type":"ImageObject","inLanguage":"es","@id":"https:\/\/www.iplay.com\/es\/games\/grim-tales-guest-from-the-future-collectors-edition\/#primaryimage","url":"https:\/\/www.iplay.com\/wp-content\/uploads\/2023\/12\/large_square_tile_image-3237.jpg","contentUrl":"https:\/\/www.iplay.com\/wp-content\/uploads\/2023\/12\/large_square_tile_image-3237.jpg","width":310,"height":310},{"@type":"BreadcrumbList","@id":"https:\/\/www.iplay.com\/es\/games\/grim-tales-guest-from-the-future-collectors-edition\/#breadcrumb","itemListElement":[{"@type":"ListItem","position":1,"name":"Home","item":"https:\/\/www.iplay.com\/es\/home-page-2\/"},{"@type":"ListItem","position":2,"name":"Shop","item":"https:\/\/www.iplay.com\/en\/shop\/"},{"@type":"ListItem","position":3,"name":"Grim Tales: Guest From The Future Collector&#8217;s Edition"}]},{"@type":"WebSite","@id":"https:\/\/www.iplay.com\/en\/#website","url":"https:\/\/www.iplay.com\/en\/","name":"IPlay","description":"The Best Casual Games!","publisher":{"@id":"https:\/\/www.iplay.com\/en\/#organization"},"potentialAction":[{"@type":"SearchAction","target":{"@type":"EntryPoint","urlTemplate":"https:\/\/www.iplay.com\/en\/?s={search_term_string}"},"query-input":{"@type":"PropertyValueSpecification","valueRequired":true,"valueName":"search_term_string"}}],"inLanguage":"es"},{"@type":"Organization","@id":"https:\/\/www.iplay.com\/en\/#organization","name":"IPlay","url":"https:\/\/www.iplay.com\/en\/","logo":{"@type":"ImageObject","inLanguage":"es","@id":"https:\/\/www.iplay.com\/en\/#\/schema\/logo\/image\/","url":"https:\/\/www.iplay.com\/wp-content\/uploads\/2023\/11\/Group-6100.svg","contentUrl":"https:\/\/www.iplay.com\/wp-content\/uploads\/2023\/11\/Group-6100.svg","width":98,"height":25,"caption":"IPlay"},"image":{"@id":"https:\/\/www.iplay.com\/en\/#\/schema\/logo\/image\/"}}]}},"_links":{"self":[{"href":"https:\/\/www.iplay.com\/es\/wp-json\/wp\/v2\/product\/135195","targetHints":{"allow":["GET"]}}],"collection":[{"href":"https:\/\/www.iplay.com\/es\/wp-json\/wp\/v2\/product"}],"about":[{"href":"https:\/\/www.iplay.com\/es\/wp-json\/wp\/v2\/types\/product"}],"author":[{"embeddable":true,"href":"https:\/\/www.iplay.com\/es\/wp-json\/wp\/v2\/users\/17"}],"replies":[{"embeddable":true,"href":"https:\/\/www.iplay.com\/es\/wp-json\/wp\/v2\/comments?post=135195"}],"wp:featuredmedia":[{"embeddable":true,"href":"https:\/\/www.iplay.com\/es\/wp-json\/wp\/v2\/media\/91559"}],"wp:attachment":[{"href":"https:\/\/www.iplay.com\/es\/wp-json\/wp\/v2\/media?parent=135195"}],"wp:term":[{"taxonomy":"product_brand","embeddable":true,"href":"https:\/\/www.iplay.com\/es\/wp-json\/wp\/v2\/product_brand?post=135195"},{"taxonomy":"product_cat","embeddable":true,"href":"https:\/\/www.iplay.com\/es\/wp-json\/wp\/v2\/product_cat?post=135195"},{"taxonomy":"product_tag","embeddable":true,"href":"https:\/\/www.iplay.com\/es\/wp-json\/wp\/v2\/product_tag?post=135195"}],"curies":[{"name":"wp","href":"https:\/\/api.w.org\/{rel}","templated":true}]}}