{"id":135191,"date":"2020-02-28T00:00:00","date_gmt":"2020-02-28T00:00:00","guid":{"rendered":"https:\/\/www.iplay.com\/games\/memoirs-of-murder-behind-the-scenes-collectors-edition\/"},"modified":"2020-02-28T00:00:00","modified_gmt":"2020-02-28T00:00:00","slug":"memoirs-of-murder-behind-the-scenes-collectors-edition","status":"publish","type":"product","link":"https:\/\/www.iplay.com\/es\/games\/memoirs-of-murder-behind-the-scenes-collectors-edition\/","title":{"rendered":"Memoirs of Murder: Behind the Scenes Collector&#8217;s Edition"},"content":{"rendered":"<p>\u00a1Emb\u00e1rcate en un nuevo viaje con el equipo <em>de detectives retirados en Memoirs of Murder<\/em>! Un agradable viaje a un set de filmaci\u00f3n de cr\u00edmenes reales da un giro terrible cuando se sospecha que el primo de Aaron, Kevin, mat\u00f3 a la actriz principal. Aunque Aaron y Mary creen que Kevin est\u00e1 siendo enga\u00f1ado para asumir la culpa, todos en esta peque\u00f1a comunidad est\u00e1n seguros de que \u00e9l es el asesino. \u00bfEs posible demostrar la inocencia de Kevin o enfrentar\u00e1 las consecuencias de un crimen que no cometi\u00f3? \u00a1Juega a este emocionante juego de aventuras y rompecabezas de objetos ocultos para descubrirlo! \u00a1En el juego de bonificaci\u00f3n, investiga una desaparici\u00f3n y resuelve un \u00faltimo misterio!    <\/p>\n<p>&nbsp;<\/p>\n<p>&nbsp;<\/p>\n<p><strong>Funciones:<\/strong><\/p>\n<p>&nbsp;<\/p>\n<p>&#8211; \u00a1Revive tus mejores minijuegos y HOPs para desbloquear logros!<\/p>\n<p>&#8211; \u00a1Hay un mont\u00f3n de artefactos y recuerdos disponibles!<\/p>\n<p>&#8211; \u00a1Aprovecha las pel\u00edculas, la m\u00fasica, el arte conceptual y los fondos de pantalla \u00fanicos!<br \/>\n&#8211; \u00a1Usa la gu\u00eda de estrategia para no perderte nunca!<\/p>\n","protected":false},"excerpt":{"rendered":"<p>\u00a1Recortar! \u00a1Escena del crimen en escena! En Memoirs of Murder: Behind the Scenes CE, ayuda a resolver el crimen  <\/p>\n","protected":false},"author":17,"featured_media":83615,"comment_status":"open","ping_status":"closed","template":"","meta":{"_acf_changed":false,"inline_featured_image":false},"product_brand":[],"product_cat":[166],"product_tag":[288],"class_list":{"0":"post-135191","1":"product","2":"type-product","3":"status-publish","4":"has-post-thumbnail","6":"product_cat-hidden-object-es","7":"product_tag-play-on-pc-es","9":"first","10":"instock","11":"shipping-taxable","12":"purchasable","13":"product-type-simple"},"acf":[],"yoast_head":"<!-- This site is optimized with the Yoast SEO Premium plugin v25.2 (Yoast SEO v25.2) - https:\/\/yoast.com\/wordpress\/plugins\/seo\/ -->\n<title>Memoirs of Murder: Behind the Scenes Collector&#039;s Edition - Resuelve el crimen trabajando detr\u00e1s de las escenas<\/title>\n<meta name=\"description\" content=\"\u00a1Recortar! \u00a1Escena del crimen en escena! En Memoirs of Murder: Behind the Scenes CE, ayuda a resolver el crimen\" \/>\n<meta name=\"robots\" content=\"index, follow, max-snippet:-1, max-image-preview:large, max-video-preview:-1\" \/>\n<link rel=\"canonical\" href=\"https:\/\/www.iplay.com\/es\/games\/memoirs-of-murder-behind-the-scenes-collectors-edition\/\" \/>\n<meta property=\"og:locale\" content=\"es_ES\" \/>\n<meta property=\"og:type\" content=\"article\" \/>\n<meta property=\"og:title\" content=\"Memoirs of Murder: Behind the Scenes Collector&#039;s Edition\" \/>\n<meta property=\"og:description\" content=\"\u00a1Recortar! \u00a1Escena del crimen en escena! En Memoirs of Murder: Behind the Scenes CE, ayuda a resolver el crimen\" \/>\n<meta property=\"og:url\" content=\"https:\/\/www.iplay.com\/es\/games\/memoirs-of-murder-behind-the-scenes-collectors-edition\/\" \/>\n<meta property=\"og:site_name\" content=\"IPlay\" \/>\n<meta property=\"og:image\" content=\"https:\/\/www.iplay.com\/wp-content\/uploads\/2023\/12\/large_square_tile_image-2735.jpg\" \/>\n\t<meta property=\"og:image:width\" content=\"310\" \/>\n\t<meta property=\"og:image:height\" content=\"310\" \/>\n\t<meta property=\"og:image:type\" content=\"image\/jpeg\" \/>\n<meta name=\"twitter:card\" content=\"summary_large_image\" \/>\n<meta name=\"twitter:label1\" content=\"Est. reading time\" \/>\n\t<meta name=\"twitter:data1\" content=\"1 minuto\" \/>\n<script type=\"application\/ld+json\" class=\"yoast-schema-graph\">{\"@context\":\"https:\/\/schema.org\",\"@graph\":[{\"@type\":\"WebPage\",\"@id\":\"https:\/\/www.iplay.com\/es\/games\/memoirs-of-murder-behind-the-scenes-collectors-edition\/\",\"url\":\"https:\/\/www.iplay.com\/es\/games\/memoirs-of-murder-behind-the-scenes-collectors-edition\/\",\"name\":\"Memoirs of Murder: Behind the Scenes Collector's Edition - Resuelve el crimen trabajando detr\u00e1s de las escenas\",\"isPartOf\":{\"@id\":\"https:\/\/www.iplay.com\/en\/#website\"},\"primaryImageOfPage\":{\"@id\":\"https:\/\/www.iplay.com\/es\/games\/memoirs-of-murder-behind-the-scenes-collectors-edition\/#primaryimage\"},\"image\":{\"@id\":\"https:\/\/www.iplay.com\/es\/games\/memoirs-of-murder-behind-the-scenes-collectors-edition\/#primaryimage\"},\"thumbnailUrl\":\"https:\/\/www.iplay.com\/wp-content\/uploads\/2023\/12\/large_square_tile_image-2735.jpg\",\"datePublished\":\"2020-02-28T00:00:00+00:00\",\"description\":\"\u00a1Recortar! \u00a1Escena del crimen en escena! En Memoirs of Murder: Behind the Scenes CE, ayuda a resolver el crimen\",\"breadcrumb\":{\"@id\":\"https:\/\/www.iplay.com\/es\/games\/memoirs-of-murder-behind-the-scenes-collectors-edition\/#breadcrumb\"},\"inLanguage\":\"es\",\"potentialAction\":[{\"@type\":\"ReadAction\",\"target\":[\"https:\/\/www.iplay.com\/es\/games\/memoirs-of-murder-behind-the-scenes-collectors-edition\/\"]}]},{\"@type\":\"ImageObject\",\"inLanguage\":\"es\",\"@id\":\"https:\/\/www.iplay.com\/es\/games\/memoirs-of-murder-behind-the-scenes-collectors-edition\/#primaryimage\",\"url\":\"https:\/\/www.iplay.com\/wp-content\/uploads\/2023\/12\/large_square_tile_image-2735.jpg\",\"contentUrl\":\"https:\/\/www.iplay.com\/wp-content\/uploads\/2023\/12\/large_square_tile_image-2735.jpg\",\"width\":310,\"height\":310},{\"@type\":\"BreadcrumbList\",\"@id\":\"https:\/\/www.iplay.com\/es\/games\/memoirs-of-murder-behind-the-scenes-collectors-edition\/#breadcrumb\",\"itemListElement\":[{\"@type\":\"ListItem\",\"position\":1,\"name\":\"Home\",\"item\":\"https:\/\/www.iplay.com\/es\/home-page-2\/\"},{\"@type\":\"ListItem\",\"position\":2,\"name\":\"Shop\",\"item\":\"https:\/\/www.iplay.com\/en\/shop\/\"},{\"@type\":\"ListItem\",\"position\":3,\"name\":\"Memoirs of Murder: Behind the Scenes Collector&#8217;s Edition\"}]},{\"@type\":\"WebSite\",\"@id\":\"https:\/\/www.iplay.com\/en\/#website\",\"url\":\"https:\/\/www.iplay.com\/en\/\",\"name\":\"IPlay\",\"description\":\"The Best Casual Games!\",\"publisher\":{\"@id\":\"https:\/\/www.iplay.com\/en\/#organization\"},\"potentialAction\":[{\"@type\":\"SearchAction\",\"target\":{\"@type\":\"EntryPoint\",\"urlTemplate\":\"https:\/\/www.iplay.com\/en\/?s={search_term_string}\"},\"query-input\":{\"@type\":\"PropertyValueSpecification\",\"valueRequired\":true,\"valueName\":\"search_term_string\"}}],\"inLanguage\":\"es\"},{\"@type\":\"Organization\",\"@id\":\"https:\/\/www.iplay.com\/en\/#organization\",\"name\":\"IPlay\",\"url\":\"https:\/\/www.iplay.com\/en\/\",\"logo\":{\"@type\":\"ImageObject\",\"inLanguage\":\"es\",\"@id\":\"https:\/\/www.iplay.com\/en\/#\/schema\/logo\/image\/\",\"url\":\"https:\/\/www.iplay.com\/wp-content\/uploads\/2023\/11\/Group-6100.svg\",\"contentUrl\":\"https:\/\/www.iplay.com\/wp-content\/uploads\/2023\/11\/Group-6100.svg\",\"width\":98,\"height\":25,\"caption\":\"IPlay\"},\"image\":{\"@id\":\"https:\/\/www.iplay.com\/en\/#\/schema\/logo\/image\/\"}}]}<\/script>\n<!-- \/ Yoast SEO Premium plugin. -->","yoast_head_json":{"title":"Memoirs of Murder: Behind the Scenes Collector's Edition - Resuelve el crimen trabajando detr\u00e1s de las escenas","description":"\u00a1Recortar! \u00a1Escena del crimen en escena! En Memoirs of Murder: Behind the Scenes CE, ayuda a resolver el crimen","robots":{"index":"index","follow":"follow","max-snippet":"max-snippet:-1","max-image-preview":"max-image-preview:large","max-video-preview":"max-video-preview:-1"},"canonical":"https:\/\/www.iplay.com\/es\/games\/memoirs-of-murder-behind-the-scenes-collectors-edition\/","og_locale":"es_ES","og_type":"article","og_title":"Memoirs of Murder: Behind the Scenes Collector's Edition","og_description":"\u00a1Recortar! \u00a1Escena del crimen en escena! En Memoirs of Murder: Behind the Scenes CE, ayuda a resolver el crimen","og_url":"https:\/\/www.iplay.com\/es\/games\/memoirs-of-murder-behind-the-scenes-collectors-edition\/","og_site_name":"IPlay","og_image":[{"width":310,"height":310,"url":"https:\/\/www.iplay.com\/wp-content\/uploads\/2023\/12\/large_square_tile_image-2735.jpg","type":"image\/jpeg"}],"twitter_card":"summary_large_image","twitter_misc":{"Est. reading time":"1 minuto"},"schema":{"@context":"https:\/\/schema.org","@graph":[{"@type":"WebPage","@id":"https:\/\/www.iplay.com\/es\/games\/memoirs-of-murder-behind-the-scenes-collectors-edition\/","url":"https:\/\/www.iplay.com\/es\/games\/memoirs-of-murder-behind-the-scenes-collectors-edition\/","name":"Memoirs of Murder: Behind the Scenes Collector's Edition - Resuelve el crimen trabajando detr\u00e1s de las escenas","isPartOf":{"@id":"https:\/\/www.iplay.com\/en\/#website"},"primaryImageOfPage":{"@id":"https:\/\/www.iplay.com\/es\/games\/memoirs-of-murder-behind-the-scenes-collectors-edition\/#primaryimage"},"image":{"@id":"https:\/\/www.iplay.com\/es\/games\/memoirs-of-murder-behind-the-scenes-collectors-edition\/#primaryimage"},"thumbnailUrl":"https:\/\/www.iplay.com\/wp-content\/uploads\/2023\/12\/large_square_tile_image-2735.jpg","datePublished":"2020-02-28T00:00:00+00:00","description":"\u00a1Recortar! \u00a1Escena del crimen en escena! En Memoirs of Murder: Behind the Scenes CE, ayuda a resolver el crimen","breadcrumb":{"@id":"https:\/\/www.iplay.com\/es\/games\/memoirs-of-murder-behind-the-scenes-collectors-edition\/#breadcrumb"},"inLanguage":"es","potentialAction":[{"@type":"ReadAction","target":["https:\/\/www.iplay.com\/es\/games\/memoirs-of-murder-behind-the-scenes-collectors-edition\/"]}]},{"@type":"ImageObject","inLanguage":"es","@id":"https:\/\/www.iplay.com\/es\/games\/memoirs-of-murder-behind-the-scenes-collectors-edition\/#primaryimage","url":"https:\/\/www.iplay.com\/wp-content\/uploads\/2023\/12\/large_square_tile_image-2735.jpg","contentUrl":"https:\/\/www.iplay.com\/wp-content\/uploads\/2023\/12\/large_square_tile_image-2735.jpg","width":310,"height":310},{"@type":"BreadcrumbList","@id":"https:\/\/www.iplay.com\/es\/games\/memoirs-of-murder-behind-the-scenes-collectors-edition\/#breadcrumb","itemListElement":[{"@type":"ListItem","position":1,"name":"Home","item":"https:\/\/www.iplay.com\/es\/home-page-2\/"},{"@type":"ListItem","position":2,"name":"Shop","item":"https:\/\/www.iplay.com\/en\/shop\/"},{"@type":"ListItem","position":3,"name":"Memoirs of Murder: Behind the Scenes Collector&#8217;s Edition"}]},{"@type":"WebSite","@id":"https:\/\/www.iplay.com\/en\/#website","url":"https:\/\/www.iplay.com\/en\/","name":"IPlay","description":"The Best Casual Games!","publisher":{"@id":"https:\/\/www.iplay.com\/en\/#organization"},"potentialAction":[{"@type":"SearchAction","target":{"@type":"EntryPoint","urlTemplate":"https:\/\/www.iplay.com\/en\/?s={search_term_string}"},"query-input":{"@type":"PropertyValueSpecification","valueRequired":true,"valueName":"search_term_string"}}],"inLanguage":"es"},{"@type":"Organization","@id":"https:\/\/www.iplay.com\/en\/#organization","name":"IPlay","url":"https:\/\/www.iplay.com\/en\/","logo":{"@type":"ImageObject","inLanguage":"es","@id":"https:\/\/www.iplay.com\/en\/#\/schema\/logo\/image\/","url":"https:\/\/www.iplay.com\/wp-content\/uploads\/2023\/11\/Group-6100.svg","contentUrl":"https:\/\/www.iplay.com\/wp-content\/uploads\/2023\/11\/Group-6100.svg","width":98,"height":25,"caption":"IPlay"},"image":{"@id":"https:\/\/www.iplay.com\/en\/#\/schema\/logo\/image\/"}}]}},"_links":{"self":[{"href":"https:\/\/www.iplay.com\/es\/wp-json\/wp\/v2\/product\/135191","targetHints":{"allow":["GET"]}}],"collection":[{"href":"https:\/\/www.iplay.com\/es\/wp-json\/wp\/v2\/product"}],"about":[{"href":"https:\/\/www.iplay.com\/es\/wp-json\/wp\/v2\/types\/product"}],"author":[{"embeddable":true,"href":"https:\/\/www.iplay.com\/es\/wp-json\/wp\/v2\/users\/17"}],"replies":[{"embeddable":true,"href":"https:\/\/www.iplay.com\/es\/wp-json\/wp\/v2\/comments?post=135191"}],"wp:featuredmedia":[{"embeddable":true,"href":"https:\/\/www.iplay.com\/es\/wp-json\/wp\/v2\/media\/83615"}],"wp:attachment":[{"href":"https:\/\/www.iplay.com\/es\/wp-json\/wp\/v2\/media?parent=135191"}],"wp:term":[{"taxonomy":"product_brand","embeddable":true,"href":"https:\/\/www.iplay.com\/es\/wp-json\/wp\/v2\/product_brand?post=135191"},{"taxonomy":"product_cat","embeddable":true,"href":"https:\/\/www.iplay.com\/es\/wp-json\/wp\/v2\/product_cat?post=135191"},{"taxonomy":"product_tag","embeddable":true,"href":"https:\/\/www.iplay.com\/es\/wp-json\/wp\/v2\/product_tag?post=135191"}],"curies":[{"name":"wp","href":"https:\/\/api.w.org\/{rel}","templated":true}]}}