{"id":135186,"date":"2020-03-20T00:00:00","date_gmt":"2020-03-20T00:00:00","guid":{"rendered":"https:\/\/www.iplay.com\/games\/cadenza-the-following-collectors-edition\/"},"modified":"2020-03-20T00:00:00","modified_gmt":"2020-03-20T00:00:00","slug":"cadenza-the-following-collectors-edition","status":"publish","type":"product","link":"https:\/\/www.iplay.com\/es\/games\/cadenza-the-following-collectors-edition\/","title":{"rendered":"Cadenza: The Following Collector&#8217;s Edition"},"content":{"rendered":"<p>No todos los d\u00edas una de las mejores bandas de rock se re\u00fane para una gira de reuni\u00f3n, y t\u00fa eres el afortunado escritor con un boleto de primera fila para entrevistarlos en el festival de m\u00fasica m\u00e1s grande del mundo. Cuando el autob\u00fas tur\u00edstico se desv\u00eda inesperadamente a una comunidad encerrada en una pesadilla, lo que comienza como una entrevista directa toma un giro oscuro. \u00bfPodr\u00e1s salvar a los miembros de la banda y salir con vida de esta extra\u00f1a ciudad, o te convertir\u00e1s en el pr\u00f3ximo residente perpetuo de la ciudad? \u00a1Descubre la respuesta en este emocionante juego de aventuras y rompecabezas de objetos ocultos!   <\/p>\n<p>&nbsp;<\/p>\n<p>&nbsp;<\/p>\n<p><strong>Funciones:<\/strong><\/p>\n<p>&nbsp;<\/p>\n<p>&#8211; \u00a1Salva la \u00faltima herencia musical que ha quedado atrapada en el otro mundo!<br \/>\n&#8211; \u00a1Juega con tus HOP favoritos una y otra vez para ganar premios!<br \/>\n&#8211; \u00a1Hay montones de coleccionables y objetos de transformaci\u00f3n por descubrir!<br \/>\n&#8211; \u00a1Aprovecha el arte conceptual y la m\u00fasica especiales!<br \/>\n&#8211; \u00a1Con la gu\u00eda de estrategia, nunca te perder\u00e1s!<\/p>\n","protected":false},"excerpt":{"rendered":"<p>\u00a1Una reuni\u00f3n de una banda de rock se convierte en una pesadilla! Cadenza: La pr\u00f3xima edici\u00f3n de coleccionista <\/p>\n","protected":false},"author":17,"featured_media":91399,"comment_status":"open","ping_status":"closed","template":"","meta":{"_acf_changed":false,"inline_featured_image":false},"product_brand":[],"product_cat":[166],"product_tag":[288],"class_list":{"0":"post-135186","1":"product","2":"type-product","3":"status-publish","4":"has-post-thumbnail","6":"product_cat-hidden-object-es","7":"product_tag-play-on-pc-es","9":"first","10":"instock","11":"shipping-taxable","12":"purchasable","13":"product-type-simple"},"acf":[],"yoast_head":"<!-- This site is optimized with the Yoast SEO Premium plugin v25.2 (Yoast SEO v25.2) - https:\/\/yoast.com\/wordpress\/plugins\/seo\/ -->\n<title>Cadenza: The Following Collector&#039;s Edition - Desv\u00edo mortal en Cadenza: The Following Collector&#039;s Ed<\/title>\n<meta name=\"description\" content=\"\u00a1Una reuni\u00f3n de una banda de rock se convierte en una pesadilla! Cadenza: La pr\u00f3xima edici\u00f3n de coleccionista\" \/>\n<meta name=\"robots\" content=\"index, follow, max-snippet:-1, max-image-preview:large, max-video-preview:-1\" \/>\n<link rel=\"canonical\" href=\"https:\/\/www.iplay.com\/es\/games\/cadenza-the-following-collectors-edition\/\" \/>\n<meta property=\"og:locale\" content=\"es_ES\" \/>\n<meta property=\"og:type\" content=\"article\" \/>\n<meta property=\"og:title\" content=\"Cadenza: The Following Collector&#039;s Edition\" \/>\n<meta property=\"og:description\" content=\"\u00a1Una reuni\u00f3n de una banda de rock se convierte en una pesadilla! Cadenza: La pr\u00f3xima edici\u00f3n de coleccionista\" \/>\n<meta property=\"og:url\" content=\"https:\/\/www.iplay.com\/es\/games\/cadenza-the-following-collectors-edition\/\" \/>\n<meta property=\"og:site_name\" content=\"IPlay\" \/>\n<meta property=\"og:image\" content=\"https:\/\/www.iplay.com\/wp-content\/uploads\/2023\/12\/large_square_tile_image-3227.jpg\" \/>\n\t<meta property=\"og:image:width\" content=\"310\" \/>\n\t<meta property=\"og:image:height\" content=\"310\" \/>\n\t<meta property=\"og:image:type\" content=\"image\/jpeg\" \/>\n<meta name=\"twitter:card\" content=\"summary_large_image\" \/>\n<meta name=\"twitter:label1\" content=\"Est. reading time\" \/>\n\t<meta name=\"twitter:data1\" content=\"1 minuto\" \/>\n<script type=\"application\/ld+json\" class=\"yoast-schema-graph\">{\"@context\":\"https:\/\/schema.org\",\"@graph\":[{\"@type\":\"WebPage\",\"@id\":\"https:\/\/www.iplay.com\/es\/games\/cadenza-the-following-collectors-edition\/\",\"url\":\"https:\/\/www.iplay.com\/es\/games\/cadenza-the-following-collectors-edition\/\",\"name\":\"Cadenza: The Following Collector's Edition - Desv\u00edo mortal en Cadenza: The Following Collector's Ed\",\"isPartOf\":{\"@id\":\"https:\/\/www.iplay.com\/en\/#website\"},\"primaryImageOfPage\":{\"@id\":\"https:\/\/www.iplay.com\/es\/games\/cadenza-the-following-collectors-edition\/#primaryimage\"},\"image\":{\"@id\":\"https:\/\/www.iplay.com\/es\/games\/cadenza-the-following-collectors-edition\/#primaryimage\"},\"thumbnailUrl\":\"https:\/\/www.iplay.com\/wp-content\/uploads\/2023\/12\/large_square_tile_image-3227.jpg\",\"datePublished\":\"2020-03-20T00:00:00+00:00\",\"description\":\"\u00a1Una reuni\u00f3n de una banda de rock se convierte en una pesadilla! Cadenza: La pr\u00f3xima edici\u00f3n de coleccionista\",\"breadcrumb\":{\"@id\":\"https:\/\/www.iplay.com\/es\/games\/cadenza-the-following-collectors-edition\/#breadcrumb\"},\"inLanguage\":\"es\",\"potentialAction\":[{\"@type\":\"ReadAction\",\"target\":[\"https:\/\/www.iplay.com\/es\/games\/cadenza-the-following-collectors-edition\/\"]}]},{\"@type\":\"ImageObject\",\"inLanguage\":\"es\",\"@id\":\"https:\/\/www.iplay.com\/es\/games\/cadenza-the-following-collectors-edition\/#primaryimage\",\"url\":\"https:\/\/www.iplay.com\/wp-content\/uploads\/2023\/12\/large_square_tile_image-3227.jpg\",\"contentUrl\":\"https:\/\/www.iplay.com\/wp-content\/uploads\/2023\/12\/large_square_tile_image-3227.jpg\",\"width\":310,\"height\":310},{\"@type\":\"BreadcrumbList\",\"@id\":\"https:\/\/www.iplay.com\/es\/games\/cadenza-the-following-collectors-edition\/#breadcrumb\",\"itemListElement\":[{\"@type\":\"ListItem\",\"position\":1,\"name\":\"Home\",\"item\":\"https:\/\/www.iplay.com\/es\/home-page-2\/\"},{\"@type\":\"ListItem\",\"position\":2,\"name\":\"Shop\",\"item\":\"https:\/\/www.iplay.com\/en\/shop\/\"},{\"@type\":\"ListItem\",\"position\":3,\"name\":\"Cadenza: The Following Collector&#8217;s Edition\"}]},{\"@type\":\"WebSite\",\"@id\":\"https:\/\/www.iplay.com\/en\/#website\",\"url\":\"https:\/\/www.iplay.com\/en\/\",\"name\":\"IPlay\",\"description\":\"The Best Casual Games!\",\"publisher\":{\"@id\":\"https:\/\/www.iplay.com\/en\/#organization\"},\"potentialAction\":[{\"@type\":\"SearchAction\",\"target\":{\"@type\":\"EntryPoint\",\"urlTemplate\":\"https:\/\/www.iplay.com\/en\/?s={search_term_string}\"},\"query-input\":{\"@type\":\"PropertyValueSpecification\",\"valueRequired\":true,\"valueName\":\"search_term_string\"}}],\"inLanguage\":\"es\"},{\"@type\":\"Organization\",\"@id\":\"https:\/\/www.iplay.com\/en\/#organization\",\"name\":\"IPlay\",\"url\":\"https:\/\/www.iplay.com\/en\/\",\"logo\":{\"@type\":\"ImageObject\",\"inLanguage\":\"es\",\"@id\":\"https:\/\/www.iplay.com\/en\/#\/schema\/logo\/image\/\",\"url\":\"https:\/\/www.iplay.com\/wp-content\/uploads\/2023\/11\/Group-6100.svg\",\"contentUrl\":\"https:\/\/www.iplay.com\/wp-content\/uploads\/2023\/11\/Group-6100.svg\",\"width\":98,\"height\":25,\"caption\":\"IPlay\"},\"image\":{\"@id\":\"https:\/\/www.iplay.com\/en\/#\/schema\/logo\/image\/\"}}]}<\/script>\n<!-- \/ Yoast SEO Premium plugin. -->","yoast_head_json":{"title":"Cadenza: The Following Collector's Edition - Desv\u00edo mortal en Cadenza: The Following Collector's Ed","description":"\u00a1Una reuni\u00f3n de una banda de rock se convierte en una pesadilla! Cadenza: La pr\u00f3xima edici\u00f3n de coleccionista","robots":{"index":"index","follow":"follow","max-snippet":"max-snippet:-1","max-image-preview":"max-image-preview:large","max-video-preview":"max-video-preview:-1"},"canonical":"https:\/\/www.iplay.com\/es\/games\/cadenza-the-following-collectors-edition\/","og_locale":"es_ES","og_type":"article","og_title":"Cadenza: The Following Collector's Edition","og_description":"\u00a1Una reuni\u00f3n de una banda de rock se convierte en una pesadilla! Cadenza: La pr\u00f3xima edici\u00f3n de coleccionista","og_url":"https:\/\/www.iplay.com\/es\/games\/cadenza-the-following-collectors-edition\/","og_site_name":"IPlay","og_image":[{"width":310,"height":310,"url":"https:\/\/www.iplay.com\/wp-content\/uploads\/2023\/12\/large_square_tile_image-3227.jpg","type":"image\/jpeg"}],"twitter_card":"summary_large_image","twitter_misc":{"Est. reading time":"1 minuto"},"schema":{"@context":"https:\/\/schema.org","@graph":[{"@type":"WebPage","@id":"https:\/\/www.iplay.com\/es\/games\/cadenza-the-following-collectors-edition\/","url":"https:\/\/www.iplay.com\/es\/games\/cadenza-the-following-collectors-edition\/","name":"Cadenza: The Following Collector's Edition - Desv\u00edo mortal en Cadenza: The Following Collector's Ed","isPartOf":{"@id":"https:\/\/www.iplay.com\/en\/#website"},"primaryImageOfPage":{"@id":"https:\/\/www.iplay.com\/es\/games\/cadenza-the-following-collectors-edition\/#primaryimage"},"image":{"@id":"https:\/\/www.iplay.com\/es\/games\/cadenza-the-following-collectors-edition\/#primaryimage"},"thumbnailUrl":"https:\/\/www.iplay.com\/wp-content\/uploads\/2023\/12\/large_square_tile_image-3227.jpg","datePublished":"2020-03-20T00:00:00+00:00","description":"\u00a1Una reuni\u00f3n de una banda de rock se convierte en una pesadilla! Cadenza: La pr\u00f3xima edici\u00f3n de coleccionista","breadcrumb":{"@id":"https:\/\/www.iplay.com\/es\/games\/cadenza-the-following-collectors-edition\/#breadcrumb"},"inLanguage":"es","potentialAction":[{"@type":"ReadAction","target":["https:\/\/www.iplay.com\/es\/games\/cadenza-the-following-collectors-edition\/"]}]},{"@type":"ImageObject","inLanguage":"es","@id":"https:\/\/www.iplay.com\/es\/games\/cadenza-the-following-collectors-edition\/#primaryimage","url":"https:\/\/www.iplay.com\/wp-content\/uploads\/2023\/12\/large_square_tile_image-3227.jpg","contentUrl":"https:\/\/www.iplay.com\/wp-content\/uploads\/2023\/12\/large_square_tile_image-3227.jpg","width":310,"height":310},{"@type":"BreadcrumbList","@id":"https:\/\/www.iplay.com\/es\/games\/cadenza-the-following-collectors-edition\/#breadcrumb","itemListElement":[{"@type":"ListItem","position":1,"name":"Home","item":"https:\/\/www.iplay.com\/es\/home-page-2\/"},{"@type":"ListItem","position":2,"name":"Shop","item":"https:\/\/www.iplay.com\/en\/shop\/"},{"@type":"ListItem","position":3,"name":"Cadenza: The Following Collector&#8217;s Edition"}]},{"@type":"WebSite","@id":"https:\/\/www.iplay.com\/en\/#website","url":"https:\/\/www.iplay.com\/en\/","name":"IPlay","description":"The Best Casual Games!","publisher":{"@id":"https:\/\/www.iplay.com\/en\/#organization"},"potentialAction":[{"@type":"SearchAction","target":{"@type":"EntryPoint","urlTemplate":"https:\/\/www.iplay.com\/en\/?s={search_term_string}"},"query-input":{"@type":"PropertyValueSpecification","valueRequired":true,"valueName":"search_term_string"}}],"inLanguage":"es"},{"@type":"Organization","@id":"https:\/\/www.iplay.com\/en\/#organization","name":"IPlay","url":"https:\/\/www.iplay.com\/en\/","logo":{"@type":"ImageObject","inLanguage":"es","@id":"https:\/\/www.iplay.com\/en\/#\/schema\/logo\/image\/","url":"https:\/\/www.iplay.com\/wp-content\/uploads\/2023\/11\/Group-6100.svg","contentUrl":"https:\/\/www.iplay.com\/wp-content\/uploads\/2023\/11\/Group-6100.svg","width":98,"height":25,"caption":"IPlay"},"image":{"@id":"https:\/\/www.iplay.com\/en\/#\/schema\/logo\/image\/"}}]}},"_links":{"self":[{"href":"https:\/\/www.iplay.com\/es\/wp-json\/wp\/v2\/product\/135186","targetHints":{"allow":["GET"]}}],"collection":[{"href":"https:\/\/www.iplay.com\/es\/wp-json\/wp\/v2\/product"}],"about":[{"href":"https:\/\/www.iplay.com\/es\/wp-json\/wp\/v2\/types\/product"}],"author":[{"embeddable":true,"href":"https:\/\/www.iplay.com\/es\/wp-json\/wp\/v2\/users\/17"}],"replies":[{"embeddable":true,"href":"https:\/\/www.iplay.com\/es\/wp-json\/wp\/v2\/comments?post=135186"}],"wp:featuredmedia":[{"embeddable":true,"href":"https:\/\/www.iplay.com\/es\/wp-json\/wp\/v2\/media\/91399"}],"wp:attachment":[{"href":"https:\/\/www.iplay.com\/es\/wp-json\/wp\/v2\/media?parent=135186"}],"wp:term":[{"taxonomy":"product_brand","embeddable":true,"href":"https:\/\/www.iplay.com\/es\/wp-json\/wp\/v2\/product_brand?post=135186"},{"taxonomy":"product_cat","embeddable":true,"href":"https:\/\/www.iplay.com\/es\/wp-json\/wp\/v2\/product_cat?post=135186"},{"taxonomy":"product_tag","embeddable":true,"href":"https:\/\/www.iplay.com\/es\/wp-json\/wp\/v2\/product_tag?post=135186"}],"curies":[{"name":"wp","href":"https:\/\/api.w.org\/{rel}","templated":true}]}}