{"id":135173,"date":"2020-03-29T00:00:00","date_gmt":"2020-03-29T00:00:00","guid":{"rendered":"https:\/\/www.iplay.com\/games\/summer-adventure-americas-insight\/"},"modified":"2020-03-29T00:00:00","modified_gmt":"2020-03-29T00:00:00","slug":"summer-adventure-americas-insight","status":"publish","type":"product","link":"https:\/\/www.iplay.com\/es\/games\/summer-adventure-americas-insight\/","title":{"rendered":"Summer Adventure &#8211; America&#8217;s Insight"},"content":{"rendered":"<p>\u00a1Descubre Am\u00e9rica! Mientras te lo pasas en grande visitando diferentes ciudades e islas americanas, tambi\u00e9n explorar\u00e1s su esp\u00edritu y cultura. Puedes coleccionar \u00e1lbumes con fotos de animales para tus recuerdos. En cada nivel, hay dos lugares para visitar. Hay diez minijuegos diferentes. Hay dos juegos de cartas: el de memoria y el de solitario. Debes despejar el tablero en el juego de mahjong; encontrar 15 diferencias en la escena; Juega al juego del desorden. Debes encontrar un camino de un extremo al otro, explorar nuevos lugares diferentes resolviendo rompecabezas, desbloquear baldosas de madera en el incre\u00edble juego Match 2 para ver las pr\u00f3ximas ubicaciones, encontrar colecciones de diferentes grupos de animales, encontrar dos objetos coincidentes para limpiar el tablero, rotar los elementos del rompecabezas para explorar nuevas ubicaciones.       <\/p>\n<p>&nbsp;<\/p>\n<p>&nbsp;<\/p>\n<p><strong>Funciones:<\/strong><\/p>\n<p>&nbsp;<\/p>\n<p>&#8211; \u00a1Explora Am\u00e9rica!<br \/>\n&#8211; Re\u00fane colecciones incre\u00edbles<br \/>\n&#8211; Disfruta de hermosos gr\u00e1ficos y emocionantes minijuegos<br \/>\n&#8211; Encuentra las diferencias en la escena<br \/>\n&#8211; Juega desafiantes<br \/>\n rompecabezas de mahjong- Limpia el desorden<br \/>\n&#8211; Explora nuevos lugares diferentes resolviendo el rompecabezas<br \/>\n&#8211; Resuelve el incre\u00edble juego<br \/>\n de Match 2- Repite los niveles y minijuegos favoritos<\/p>\n","protected":false},"excerpt":{"rendered":"<p>\u00a1Descubre Am\u00e9rica! Y explora para conocer su cultura y esp\u00edritu. <\/p>\n","protected":false},"author":119,"featured_media":91335,"comment_status":"open","ping_status":"closed","template":"","meta":{"_acf_changed":false,"inline_featured_image":false},"product_brand":[],"product_cat":[166],"product_tag":[288],"class_list":{"0":"post-135173","1":"product","2":"type-product","3":"status-publish","4":"has-post-thumbnail","6":"product_cat-hidden-object-es","7":"product_tag-play-on-pc-es","9":"first","10":"instock","11":"shipping-taxable","12":"purchasable","13":"product-type-simple"},"acf":[],"yoast_head":"<!-- This site is optimized with the Yoast SEO Premium plugin v25.2 (Yoast SEO v25.2) - https:\/\/yoast.com\/wordpress\/plugins\/seo\/ -->\n<title>Aventura de Verano - American Voyage - Descubra el esp\u00edritu de Am\u00e9rica en Summer Adventure - American Voyage<\/title>\n<meta name=\"description\" content=\"\u00a1Descubre Am\u00e9rica! Y explora para conocer su cultura y esp\u00edritu.\" \/>\n<meta name=\"robots\" content=\"index, follow, max-snippet:-1, max-image-preview:large, max-video-preview:-1\" \/>\n<link rel=\"canonical\" href=\"https:\/\/www.iplay.com\/es\/games\/summer-adventure-americas-insight\/\" \/>\n<meta property=\"og:locale\" content=\"es_ES\" \/>\n<meta property=\"og:type\" content=\"article\" \/>\n<meta property=\"og:title\" content=\"Summer Adventure - America&#039;s Insight\" \/>\n<meta property=\"og:description\" content=\"\u00a1Descubre Am\u00e9rica! Y explora para conocer su cultura y esp\u00edritu.\" \/>\n<meta property=\"og:url\" content=\"https:\/\/www.iplay.com\/es\/games\/summer-adventure-americas-insight\/\" \/>\n<meta property=\"og:site_name\" content=\"IPlay\" \/>\n<meta property=\"og:image\" content=\"https:\/\/www.iplay.com\/wp-content\/uploads\/2023\/12\/large_square_tile_image-3223.jpg\" \/>\n\t<meta property=\"og:image:width\" content=\"310\" \/>\n\t<meta property=\"og:image:height\" content=\"310\" \/>\n\t<meta property=\"og:image:type\" content=\"image\/jpeg\" \/>\n<meta name=\"twitter:card\" content=\"summary_large_image\" \/>\n<meta name=\"twitter:label1\" content=\"Est. reading time\" \/>\n\t<meta name=\"twitter:data1\" content=\"1 minuto\" \/>\n<script type=\"application\/ld+json\" class=\"yoast-schema-graph\">{\"@context\":\"https:\/\/schema.org\",\"@graph\":[{\"@type\":\"WebPage\",\"@id\":\"https:\/\/www.iplay.com\/es\/games\/summer-adventure-americas-insight\/\",\"url\":\"https:\/\/www.iplay.com\/es\/games\/summer-adventure-americas-insight\/\",\"name\":\"Aventura de Verano - American Voyage - Descubra el esp\u00edritu de Am\u00e9rica en Summer Adventure - American Voyage\",\"isPartOf\":{\"@id\":\"https:\/\/www.iplay.com\/en\/#website\"},\"primaryImageOfPage\":{\"@id\":\"https:\/\/www.iplay.com\/es\/games\/summer-adventure-americas-insight\/#primaryimage\"},\"image\":{\"@id\":\"https:\/\/www.iplay.com\/es\/games\/summer-adventure-americas-insight\/#primaryimage\"},\"thumbnailUrl\":\"https:\/\/www.iplay.com\/wp-content\/uploads\/2023\/12\/large_square_tile_image-3223.jpg\",\"datePublished\":\"2020-03-29T00:00:00+00:00\",\"description\":\"\u00a1Descubre Am\u00e9rica! Y explora para conocer su cultura y esp\u00edritu.\",\"breadcrumb\":{\"@id\":\"https:\/\/www.iplay.com\/es\/games\/summer-adventure-americas-insight\/#breadcrumb\"},\"inLanguage\":\"es\",\"potentialAction\":[{\"@type\":\"ReadAction\",\"target\":[\"https:\/\/www.iplay.com\/es\/games\/summer-adventure-americas-insight\/\"]}]},{\"@type\":\"ImageObject\",\"inLanguage\":\"es\",\"@id\":\"https:\/\/www.iplay.com\/es\/games\/summer-adventure-americas-insight\/#primaryimage\",\"url\":\"https:\/\/www.iplay.com\/wp-content\/uploads\/2023\/12\/large_square_tile_image-3223.jpg\",\"contentUrl\":\"https:\/\/www.iplay.com\/wp-content\/uploads\/2023\/12\/large_square_tile_image-3223.jpg\",\"width\":310,\"height\":310},{\"@type\":\"BreadcrumbList\",\"@id\":\"https:\/\/www.iplay.com\/es\/games\/summer-adventure-americas-insight\/#breadcrumb\",\"itemListElement\":[{\"@type\":\"ListItem\",\"position\":1,\"name\":\"Home\",\"item\":\"https:\/\/www.iplay.com\/es\/home-page-2\/\"},{\"@type\":\"ListItem\",\"position\":2,\"name\":\"Shop\",\"item\":\"https:\/\/www.iplay.com\/en\/shop\/\"},{\"@type\":\"ListItem\",\"position\":3,\"name\":\"Summer Adventure &#8211; America&#8217;s Insight\"}]},{\"@type\":\"WebSite\",\"@id\":\"https:\/\/www.iplay.com\/en\/#website\",\"url\":\"https:\/\/www.iplay.com\/en\/\",\"name\":\"IPlay\",\"description\":\"The Best Casual Games!\",\"publisher\":{\"@id\":\"https:\/\/www.iplay.com\/en\/#organization\"},\"potentialAction\":[{\"@type\":\"SearchAction\",\"target\":{\"@type\":\"EntryPoint\",\"urlTemplate\":\"https:\/\/www.iplay.com\/en\/?s={search_term_string}\"},\"query-input\":{\"@type\":\"PropertyValueSpecification\",\"valueRequired\":true,\"valueName\":\"search_term_string\"}}],\"inLanguage\":\"es\"},{\"@type\":\"Organization\",\"@id\":\"https:\/\/www.iplay.com\/en\/#organization\",\"name\":\"IPlay\",\"url\":\"https:\/\/www.iplay.com\/en\/\",\"logo\":{\"@type\":\"ImageObject\",\"inLanguage\":\"es\",\"@id\":\"https:\/\/www.iplay.com\/en\/#\/schema\/logo\/image\/\",\"url\":\"https:\/\/www.iplay.com\/wp-content\/uploads\/2023\/11\/Group-6100.svg\",\"contentUrl\":\"https:\/\/www.iplay.com\/wp-content\/uploads\/2023\/11\/Group-6100.svg\",\"width\":98,\"height\":25,\"caption\":\"IPlay\"},\"image\":{\"@id\":\"https:\/\/www.iplay.com\/en\/#\/schema\/logo\/image\/\"}}]}<\/script>\n<!-- \/ Yoast SEO Premium plugin. -->","yoast_head_json":{"title":"Aventura de Verano - American Voyage - Descubra el esp\u00edritu de Am\u00e9rica en Summer Adventure - American Voyage","description":"\u00a1Descubre Am\u00e9rica! Y explora para conocer su cultura y esp\u00edritu.","robots":{"index":"index","follow":"follow","max-snippet":"max-snippet:-1","max-image-preview":"max-image-preview:large","max-video-preview":"max-video-preview:-1"},"canonical":"https:\/\/www.iplay.com\/es\/games\/summer-adventure-americas-insight\/","og_locale":"es_ES","og_type":"article","og_title":"Summer Adventure - America's Insight","og_description":"\u00a1Descubre Am\u00e9rica! Y explora para conocer su cultura y esp\u00edritu.","og_url":"https:\/\/www.iplay.com\/es\/games\/summer-adventure-americas-insight\/","og_site_name":"IPlay","og_image":[{"width":310,"height":310,"url":"https:\/\/www.iplay.com\/wp-content\/uploads\/2023\/12\/large_square_tile_image-3223.jpg","type":"image\/jpeg"}],"twitter_card":"summary_large_image","twitter_misc":{"Est. reading time":"1 minuto"},"schema":{"@context":"https:\/\/schema.org","@graph":[{"@type":"WebPage","@id":"https:\/\/www.iplay.com\/es\/games\/summer-adventure-americas-insight\/","url":"https:\/\/www.iplay.com\/es\/games\/summer-adventure-americas-insight\/","name":"Aventura de Verano - American Voyage - Descubra el esp\u00edritu de Am\u00e9rica en Summer Adventure - American Voyage","isPartOf":{"@id":"https:\/\/www.iplay.com\/en\/#website"},"primaryImageOfPage":{"@id":"https:\/\/www.iplay.com\/es\/games\/summer-adventure-americas-insight\/#primaryimage"},"image":{"@id":"https:\/\/www.iplay.com\/es\/games\/summer-adventure-americas-insight\/#primaryimage"},"thumbnailUrl":"https:\/\/www.iplay.com\/wp-content\/uploads\/2023\/12\/large_square_tile_image-3223.jpg","datePublished":"2020-03-29T00:00:00+00:00","description":"\u00a1Descubre Am\u00e9rica! Y explora para conocer su cultura y esp\u00edritu.","breadcrumb":{"@id":"https:\/\/www.iplay.com\/es\/games\/summer-adventure-americas-insight\/#breadcrumb"},"inLanguage":"es","potentialAction":[{"@type":"ReadAction","target":["https:\/\/www.iplay.com\/es\/games\/summer-adventure-americas-insight\/"]}]},{"@type":"ImageObject","inLanguage":"es","@id":"https:\/\/www.iplay.com\/es\/games\/summer-adventure-americas-insight\/#primaryimage","url":"https:\/\/www.iplay.com\/wp-content\/uploads\/2023\/12\/large_square_tile_image-3223.jpg","contentUrl":"https:\/\/www.iplay.com\/wp-content\/uploads\/2023\/12\/large_square_tile_image-3223.jpg","width":310,"height":310},{"@type":"BreadcrumbList","@id":"https:\/\/www.iplay.com\/es\/games\/summer-adventure-americas-insight\/#breadcrumb","itemListElement":[{"@type":"ListItem","position":1,"name":"Home","item":"https:\/\/www.iplay.com\/es\/home-page-2\/"},{"@type":"ListItem","position":2,"name":"Shop","item":"https:\/\/www.iplay.com\/en\/shop\/"},{"@type":"ListItem","position":3,"name":"Summer Adventure &#8211; America&#8217;s Insight"}]},{"@type":"WebSite","@id":"https:\/\/www.iplay.com\/en\/#website","url":"https:\/\/www.iplay.com\/en\/","name":"IPlay","description":"The Best Casual Games!","publisher":{"@id":"https:\/\/www.iplay.com\/en\/#organization"},"potentialAction":[{"@type":"SearchAction","target":{"@type":"EntryPoint","urlTemplate":"https:\/\/www.iplay.com\/en\/?s={search_term_string}"},"query-input":{"@type":"PropertyValueSpecification","valueRequired":true,"valueName":"search_term_string"}}],"inLanguage":"es"},{"@type":"Organization","@id":"https:\/\/www.iplay.com\/en\/#organization","name":"IPlay","url":"https:\/\/www.iplay.com\/en\/","logo":{"@type":"ImageObject","inLanguage":"es","@id":"https:\/\/www.iplay.com\/en\/#\/schema\/logo\/image\/","url":"https:\/\/www.iplay.com\/wp-content\/uploads\/2023\/11\/Group-6100.svg","contentUrl":"https:\/\/www.iplay.com\/wp-content\/uploads\/2023\/11\/Group-6100.svg","width":98,"height":25,"caption":"IPlay"},"image":{"@id":"https:\/\/www.iplay.com\/en\/#\/schema\/logo\/image\/"}}]}},"_links":{"self":[{"href":"https:\/\/www.iplay.com\/es\/wp-json\/wp\/v2\/product\/135173","targetHints":{"allow":["GET"]}}],"collection":[{"href":"https:\/\/www.iplay.com\/es\/wp-json\/wp\/v2\/product"}],"about":[{"href":"https:\/\/www.iplay.com\/es\/wp-json\/wp\/v2\/types\/product"}],"author":[{"embeddable":true,"href":"https:\/\/www.iplay.com\/es\/wp-json\/wp\/v2\/users\/119"}],"replies":[{"embeddable":true,"href":"https:\/\/www.iplay.com\/es\/wp-json\/wp\/v2\/comments?post=135173"}],"wp:featuredmedia":[{"embeddable":true,"href":"https:\/\/www.iplay.com\/es\/wp-json\/wp\/v2\/media\/91335"}],"wp:attachment":[{"href":"https:\/\/www.iplay.com\/es\/wp-json\/wp\/v2\/media?parent=135173"}],"wp:term":[{"taxonomy":"product_brand","embeddable":true,"href":"https:\/\/www.iplay.com\/es\/wp-json\/wp\/v2\/product_brand?post=135173"},{"taxonomy":"product_cat","embeddable":true,"href":"https:\/\/www.iplay.com\/es\/wp-json\/wp\/v2\/product_cat?post=135173"},{"taxonomy":"product_tag","embeddable":true,"href":"https:\/\/www.iplay.com\/es\/wp-json\/wp\/v2\/product_tag?post=135173"}],"curies":[{"name":"wp","href":"https:\/\/api.w.org\/{rel}","templated":true}]}}