{"id":135157,"date":"2020-04-10T00:00:00","date_gmt":"2020-04-10T00:00:00","guid":{"rendered":"https:\/\/www.iplay.com\/games\/haunted-manor-remembrance-collectors-edition\/"},"modified":"2020-04-10T00:00:00","modified_gmt":"2020-04-10T00:00:00","slug":"haunted-manor-remembrance-collectors-edition","status":"publish","type":"product","link":"https:\/\/www.iplay.com\/es\/games\/haunted-manor-remembrance-collectors-edition\/","title":{"rendered":"Haunted Manor: Remembrance Collector&#8217;s Edition"},"content":{"rendered":"<p>\u00a1Disfruta del nuevo y emocionante cap\u00edtulo de la serie <em>Haunted Manor<\/em> , <em>Haunted Manor: Remembrance<\/em>!<\/p>\n<p>Tu amiga Joanne, decidida a descubrir m\u00e1s sobre su problem\u00e1tica historia, regresa a los restos de la casa de su infancia despu\u00e9s de evitarla durante muchos a\u00f1os. Est\u00e1s ah\u00ed para brindar apoyo emocional, pero cuando un accidente te deja solo con el diario de su madre, la realidad se disipa y te asombrar\u00e1s con lo que se revela. \u00bfQu\u00e9 es simplemente un producto de los recuerdos fragmentados de Joanne y qu\u00e9 es real? \u00bfPuedes mantener los pies en la tierra el tiempo suficiente para descubrir la verdad que se esconde detr\u00e1s de la locura?   <\/p>\n<p>&nbsp;<\/p>\n<p>&nbsp;<\/p>\n<p><strong>Funciones:<\/strong><\/p>\n<p>&nbsp;<\/p>\n<p>&#8211; \u00a1Juega el juego extra para conocer tus enigm\u00e1ticos or\u00edgenes!<\/p>\n<p>&#8211; \u00a1Vuelve a jugar tus minijuegos favoritos y re\u00fane m\u00e1s recuerdos!<\/p>\n<p>&#8211; \u00a1Hay un mont\u00f3n de objetos de colecci\u00f3n de vidrieras y objetos de transformaci\u00f3n por descubrir!<\/p>\n<p>&#8211; \u00a1Aprovecha el arte conceptual exclusivo, la m\u00fasica, los fondos de pantalla y mucho m\u00e1s!<\/p>\n<p>&#8211; \u00a1Evita perderte usando la gu\u00eda de estrategia!<\/p>\n","protected":false},"excerpt":{"rendered":"<p>\u00a1Una visita a la casa de la juventud revela recuerdos asombrosos! En Haunted Manor: Honrando el pasado CE <\/p>\n","protected":false},"author":17,"featured_media":83370,"comment_status":"open","ping_status":"closed","template":"","meta":{"_acf_changed":false,"inline_featured_image":false},"product_brand":[],"product_cat":[166],"product_tag":[288],"class_list":{"0":"post-135157","1":"product","2":"type-product","3":"status-publish","4":"has-post-thumbnail","6":"product_cat-hidden-object-es","7":"product_tag-play-on-pc-es","9":"first","10":"instock","11":"shipping-taxable","12":"purchasable","13":"product-type-simple"},"acf":[],"yoast_head":"<!-- This site is optimized with the Yoast SEO Premium plugin v25.2 (Yoast SEO v25.2) - https:\/\/yoast.com\/wordpress\/plugins\/seo\/ -->\n<title>Haunted Manor: Remembrance Collector&#039;s Edition - Una visita a la casa de tu infancia descubre recuerdos irreales<\/title>\n<meta name=\"description\" content=\"\u00a1Una visita a la casa de la juventud revela recuerdos asombrosos! En Haunted Manor: Honrando el pasado CE\" \/>\n<meta name=\"robots\" content=\"index, follow, max-snippet:-1, max-image-preview:large, max-video-preview:-1\" \/>\n<link rel=\"canonical\" href=\"https:\/\/www.iplay.com\/es\/games\/haunted-manor-remembrance-collectors-edition\/\" \/>\n<meta property=\"og:locale\" content=\"es_ES\" \/>\n<meta property=\"og:type\" content=\"article\" \/>\n<meta property=\"og:title\" content=\"Haunted Manor: Remembrance Collector&#039;s Edition\" \/>\n<meta property=\"og:description\" content=\"\u00a1Una visita a la casa de la juventud revela recuerdos asombrosos! En Haunted Manor: Honrando el pasado CE\" \/>\n<meta property=\"og:url\" content=\"https:\/\/www.iplay.com\/es\/games\/haunted-manor-remembrance-collectors-edition\/\" \/>\n<meta property=\"og:site_name\" content=\"IPlay\" \/>\n<meta property=\"og:image\" content=\"https:\/\/www.iplay.com\/wp-content\/uploads\/2023\/12\/large_square_tile_image-2720.jpg\" \/>\n\t<meta property=\"og:image:width\" content=\"310\" \/>\n\t<meta property=\"og:image:height\" content=\"310\" \/>\n\t<meta property=\"og:image:type\" content=\"image\/jpeg\" \/>\n<meta name=\"twitter:card\" content=\"summary_large_image\" \/>\n<meta name=\"twitter:label1\" content=\"Est. reading time\" \/>\n\t<meta name=\"twitter:data1\" content=\"1 minuto\" \/>\n<script type=\"application\/ld+json\" class=\"yoast-schema-graph\">{\"@context\":\"https:\/\/schema.org\",\"@graph\":[{\"@type\":\"WebPage\",\"@id\":\"https:\/\/www.iplay.com\/es\/games\/haunted-manor-remembrance-collectors-edition\/\",\"url\":\"https:\/\/www.iplay.com\/es\/games\/haunted-manor-remembrance-collectors-edition\/\",\"name\":\"Haunted Manor: Remembrance Collector's Edition - Una visita a la casa de tu infancia descubre recuerdos irreales\",\"isPartOf\":{\"@id\":\"https:\/\/www.iplay.com\/en\/#website\"},\"primaryImageOfPage\":{\"@id\":\"https:\/\/www.iplay.com\/es\/games\/haunted-manor-remembrance-collectors-edition\/#primaryimage\"},\"image\":{\"@id\":\"https:\/\/www.iplay.com\/es\/games\/haunted-manor-remembrance-collectors-edition\/#primaryimage\"},\"thumbnailUrl\":\"https:\/\/www.iplay.com\/wp-content\/uploads\/2023\/12\/large_square_tile_image-2720.jpg\",\"datePublished\":\"2020-04-10T00:00:00+00:00\",\"description\":\"\u00a1Una visita a la casa de la juventud revela recuerdos asombrosos! En Haunted Manor: Honrando el pasado CE\",\"breadcrumb\":{\"@id\":\"https:\/\/www.iplay.com\/es\/games\/haunted-manor-remembrance-collectors-edition\/#breadcrumb\"},\"inLanguage\":\"es\",\"potentialAction\":[{\"@type\":\"ReadAction\",\"target\":[\"https:\/\/www.iplay.com\/es\/games\/haunted-manor-remembrance-collectors-edition\/\"]}]},{\"@type\":\"ImageObject\",\"inLanguage\":\"es\",\"@id\":\"https:\/\/www.iplay.com\/es\/games\/haunted-manor-remembrance-collectors-edition\/#primaryimage\",\"url\":\"https:\/\/www.iplay.com\/wp-content\/uploads\/2023\/12\/large_square_tile_image-2720.jpg\",\"contentUrl\":\"https:\/\/www.iplay.com\/wp-content\/uploads\/2023\/12\/large_square_tile_image-2720.jpg\",\"width\":310,\"height\":310},{\"@type\":\"BreadcrumbList\",\"@id\":\"https:\/\/www.iplay.com\/es\/games\/haunted-manor-remembrance-collectors-edition\/#breadcrumb\",\"itemListElement\":[{\"@type\":\"ListItem\",\"position\":1,\"name\":\"Home\",\"item\":\"https:\/\/www.iplay.com\/es\/home-page-2\/\"},{\"@type\":\"ListItem\",\"position\":2,\"name\":\"Shop\",\"item\":\"https:\/\/www.iplay.com\/en\/shop\/\"},{\"@type\":\"ListItem\",\"position\":3,\"name\":\"Haunted Manor: Remembrance Collector&#8217;s Edition\"}]},{\"@type\":\"WebSite\",\"@id\":\"https:\/\/www.iplay.com\/en\/#website\",\"url\":\"https:\/\/www.iplay.com\/en\/\",\"name\":\"IPlay\",\"description\":\"The Best Casual Games!\",\"publisher\":{\"@id\":\"https:\/\/www.iplay.com\/en\/#organization\"},\"potentialAction\":[{\"@type\":\"SearchAction\",\"target\":{\"@type\":\"EntryPoint\",\"urlTemplate\":\"https:\/\/www.iplay.com\/en\/?s={search_term_string}\"},\"query-input\":{\"@type\":\"PropertyValueSpecification\",\"valueRequired\":true,\"valueName\":\"search_term_string\"}}],\"inLanguage\":\"es\"},{\"@type\":\"Organization\",\"@id\":\"https:\/\/www.iplay.com\/en\/#organization\",\"name\":\"IPlay\",\"url\":\"https:\/\/www.iplay.com\/en\/\",\"logo\":{\"@type\":\"ImageObject\",\"inLanguage\":\"es\",\"@id\":\"https:\/\/www.iplay.com\/en\/#\/schema\/logo\/image\/\",\"url\":\"https:\/\/www.iplay.com\/wp-content\/uploads\/2023\/11\/Group-6100.svg\",\"contentUrl\":\"https:\/\/www.iplay.com\/wp-content\/uploads\/2023\/11\/Group-6100.svg\",\"width\":98,\"height\":25,\"caption\":\"IPlay\"},\"image\":{\"@id\":\"https:\/\/www.iplay.com\/en\/#\/schema\/logo\/image\/\"}}]}<\/script>\n<!-- \/ Yoast SEO Premium plugin. -->","yoast_head_json":{"title":"Haunted Manor: Remembrance Collector's Edition - Una visita a la casa de tu infancia descubre recuerdos irreales","description":"\u00a1Una visita a la casa de la juventud revela recuerdos asombrosos! En Haunted Manor: Honrando el pasado CE","robots":{"index":"index","follow":"follow","max-snippet":"max-snippet:-1","max-image-preview":"max-image-preview:large","max-video-preview":"max-video-preview:-1"},"canonical":"https:\/\/www.iplay.com\/es\/games\/haunted-manor-remembrance-collectors-edition\/","og_locale":"es_ES","og_type":"article","og_title":"Haunted Manor: Remembrance Collector's Edition","og_description":"\u00a1Una visita a la casa de la juventud revela recuerdos asombrosos! En Haunted Manor: Honrando el pasado CE","og_url":"https:\/\/www.iplay.com\/es\/games\/haunted-manor-remembrance-collectors-edition\/","og_site_name":"IPlay","og_image":[{"width":310,"height":310,"url":"https:\/\/www.iplay.com\/wp-content\/uploads\/2023\/12\/large_square_tile_image-2720.jpg","type":"image\/jpeg"}],"twitter_card":"summary_large_image","twitter_misc":{"Est. reading time":"1 minuto"},"schema":{"@context":"https:\/\/schema.org","@graph":[{"@type":"WebPage","@id":"https:\/\/www.iplay.com\/es\/games\/haunted-manor-remembrance-collectors-edition\/","url":"https:\/\/www.iplay.com\/es\/games\/haunted-manor-remembrance-collectors-edition\/","name":"Haunted Manor: Remembrance Collector's Edition - Una visita a la casa de tu infancia descubre recuerdos irreales","isPartOf":{"@id":"https:\/\/www.iplay.com\/en\/#website"},"primaryImageOfPage":{"@id":"https:\/\/www.iplay.com\/es\/games\/haunted-manor-remembrance-collectors-edition\/#primaryimage"},"image":{"@id":"https:\/\/www.iplay.com\/es\/games\/haunted-manor-remembrance-collectors-edition\/#primaryimage"},"thumbnailUrl":"https:\/\/www.iplay.com\/wp-content\/uploads\/2023\/12\/large_square_tile_image-2720.jpg","datePublished":"2020-04-10T00:00:00+00:00","description":"\u00a1Una visita a la casa de la juventud revela recuerdos asombrosos! En Haunted Manor: Honrando el pasado CE","breadcrumb":{"@id":"https:\/\/www.iplay.com\/es\/games\/haunted-manor-remembrance-collectors-edition\/#breadcrumb"},"inLanguage":"es","potentialAction":[{"@type":"ReadAction","target":["https:\/\/www.iplay.com\/es\/games\/haunted-manor-remembrance-collectors-edition\/"]}]},{"@type":"ImageObject","inLanguage":"es","@id":"https:\/\/www.iplay.com\/es\/games\/haunted-manor-remembrance-collectors-edition\/#primaryimage","url":"https:\/\/www.iplay.com\/wp-content\/uploads\/2023\/12\/large_square_tile_image-2720.jpg","contentUrl":"https:\/\/www.iplay.com\/wp-content\/uploads\/2023\/12\/large_square_tile_image-2720.jpg","width":310,"height":310},{"@type":"BreadcrumbList","@id":"https:\/\/www.iplay.com\/es\/games\/haunted-manor-remembrance-collectors-edition\/#breadcrumb","itemListElement":[{"@type":"ListItem","position":1,"name":"Home","item":"https:\/\/www.iplay.com\/es\/home-page-2\/"},{"@type":"ListItem","position":2,"name":"Shop","item":"https:\/\/www.iplay.com\/en\/shop\/"},{"@type":"ListItem","position":3,"name":"Haunted Manor: Remembrance Collector&#8217;s Edition"}]},{"@type":"WebSite","@id":"https:\/\/www.iplay.com\/en\/#website","url":"https:\/\/www.iplay.com\/en\/","name":"IPlay","description":"The Best Casual Games!","publisher":{"@id":"https:\/\/www.iplay.com\/en\/#organization"},"potentialAction":[{"@type":"SearchAction","target":{"@type":"EntryPoint","urlTemplate":"https:\/\/www.iplay.com\/en\/?s={search_term_string}"},"query-input":{"@type":"PropertyValueSpecification","valueRequired":true,"valueName":"search_term_string"}}],"inLanguage":"es"},{"@type":"Organization","@id":"https:\/\/www.iplay.com\/en\/#organization","name":"IPlay","url":"https:\/\/www.iplay.com\/en\/","logo":{"@type":"ImageObject","inLanguage":"es","@id":"https:\/\/www.iplay.com\/en\/#\/schema\/logo\/image\/","url":"https:\/\/www.iplay.com\/wp-content\/uploads\/2023\/11\/Group-6100.svg","contentUrl":"https:\/\/www.iplay.com\/wp-content\/uploads\/2023\/11\/Group-6100.svg","width":98,"height":25,"caption":"IPlay"},"image":{"@id":"https:\/\/www.iplay.com\/en\/#\/schema\/logo\/image\/"}}]}},"_links":{"self":[{"href":"https:\/\/www.iplay.com\/es\/wp-json\/wp\/v2\/product\/135157","targetHints":{"allow":["GET"]}}],"collection":[{"href":"https:\/\/www.iplay.com\/es\/wp-json\/wp\/v2\/product"}],"about":[{"href":"https:\/\/www.iplay.com\/es\/wp-json\/wp\/v2\/types\/product"}],"author":[{"embeddable":true,"href":"https:\/\/www.iplay.com\/es\/wp-json\/wp\/v2\/users\/17"}],"replies":[{"embeddable":true,"href":"https:\/\/www.iplay.com\/es\/wp-json\/wp\/v2\/comments?post=135157"}],"wp:featuredmedia":[{"embeddable":true,"href":"https:\/\/www.iplay.com\/es\/wp-json\/wp\/v2\/media\/83370"}],"wp:attachment":[{"href":"https:\/\/www.iplay.com\/es\/wp-json\/wp\/v2\/media?parent=135157"}],"wp:term":[{"taxonomy":"product_brand","embeddable":true,"href":"https:\/\/www.iplay.com\/es\/wp-json\/wp\/v2\/product_brand?post=135157"},{"taxonomy":"product_cat","embeddable":true,"href":"https:\/\/www.iplay.com\/es\/wp-json\/wp\/v2\/product_cat?post=135157"},{"taxonomy":"product_tag","embeddable":true,"href":"https:\/\/www.iplay.com\/es\/wp-json\/wp\/v2\/product_tag?post=135157"}],"curies":[{"name":"wp","href":"https:\/\/api.w.org\/{rel}","templated":true}]}}