{"id":135084,"date":"2020-11-27T00:00:00","date_gmt":"2020-11-27T00:00:00","guid":{"rendered":"https:\/\/www.iplay.com\/games\/enchanted-kingdom-the-secret-of-the-golden-lamp-collectors-edition\/"},"modified":"2020-11-27T00:00:00","modified_gmt":"2020-11-27T00:00:00","slug":"enchanted-kingdom-the-secret-of-the-golden-lamp-collectors-edition","status":"publish","type":"product","link":"https:\/\/www.iplay.com\/es\/games\/enchanted-kingdom-the-secret-of-the-golden-lamp-collectors-edition\/","title":{"rendered":"Enchanted Kingdom: The Secret of the Golden Lamp Collector&#8217;s Edition"},"content":{"rendered":"<p>\u00a1Disfruta del emocionante viaje m\u00e1s reciente de la serie <em>Enchanted Kingdom<\/em> ! El texto dice: Aunque convertirse en un Guardi\u00e1n del Bosque requiere mucho trabajo, est\u00e1s encantado de tener a tu pap\u00e1 como tu tutor. \u00a1Es decir, hasta que tu pap\u00e1 es secuestrado a una dimensi\u00f3n diferente por un genio aterrador! A medida que aprendes sobre un aspecto misterioso de los antecedentes de tu padre que nunca podr\u00edas haber imaginado, uno que alterar\u00e1 permanentemente tu vida, pronto te das cuenta de que es m\u00e1s que una simple coincidencia. Antes de que sea demasiado tarde, \u00bfpodr\u00e1s evitar que un genio rencoroso destruya tu planeta y salvar a tu padre? \u00a1Descubre m\u00e1s en este incre\u00edble viaje de rompecabezas de objetos ocultos!     <\/p>\n<p>&nbsp;<\/p>\n<p>&nbsp;<\/p>\n<p><strong>Funciones:<\/strong><\/p>\n<p>&nbsp;<\/p>\n<p>&#8211; \u00a1En el cap\u00edtulo extra, enfr\u00e9ntate al genio m\u00e1s grande de todos los tiempos!<\/p>\n<p>&#8211; \u00a1Haz mezclas y pociones encantadas!<\/p>\n<p>&#8211; Para descubrir m\u00e1s sobre el mundo, re\u00fane huellas de animales, l\u00e1mparas m\u00e1gicas y otros objetos.<\/p>\n<p>&#8211; \u00a1Aprovecha el arte conceptual \u00fanico, las bandas sonoras, los fondos de pantalla y mucho m\u00e1s!<\/p>\n<p>&#8211; \u00a1Gu\u00eda de estrategia detallada suministrada en su totalidad!<\/p>\n","protected":false},"excerpt":{"rendered":"<p>En Enchanted Kingdom: The Secret of the Golden Lamp CE, evita que un genio destruya todo tu planeta.<\/p>\n","protected":false},"author":17,"featured_media":81445,"comment_status":"open","ping_status":"closed","template":"","meta":{"_acf_changed":false,"inline_featured_image":false},"product_brand":[],"product_cat":[166],"product_tag":[288],"class_list":{"0":"post-135084","1":"product","2":"type-product","3":"status-publish","4":"has-post-thumbnail","6":"product_cat-hidden-object-es","7":"product_tag-play-on-pc-es","9":"first","10":"instock","11":"shipping-taxable","12":"purchasable","13":"product-type-simple"},"acf":[],"yoast_head":"<!-- This site is optimized with the Yoast SEO Premium plugin v25.2 (Yoast SEO v25.2) - https:\/\/yoast.com\/wordpress\/plugins\/seo\/ -->\n<title>Enchanted Kingdom: The Secret of the Golden Lamp Collector&#039;s Edition - Det\u00e9n los estragos de un genio en los Reinos Encantados<\/title>\n<meta name=\"description\" content=\"En Enchanted Kingdom: The Secret of the Golden Lamp CE, evita que un genio destruya todo tu planeta.\" \/>\n<meta name=\"robots\" content=\"index, follow, max-snippet:-1, max-image-preview:large, max-video-preview:-1\" \/>\n<link rel=\"canonical\" href=\"https:\/\/www.iplay.com\/es\/games\/enchanted-kingdom-the-secret-of-the-golden-lamp-collectors-edition\/\" \/>\n<meta property=\"og:locale\" content=\"es_ES\" \/>\n<meta property=\"og:type\" content=\"article\" \/>\n<meta property=\"og:title\" content=\"Enchanted Kingdom: The Secret of the Golden Lamp Collector&#039;s Edition\" \/>\n<meta property=\"og:description\" content=\"En Enchanted Kingdom: The Secret of the Golden Lamp CE, evita que un genio destruya todo tu planeta.\" \/>\n<meta property=\"og:url\" content=\"https:\/\/www.iplay.com\/es\/games\/enchanted-kingdom-the-secret-of-the-golden-lamp-collectors-edition\/\" \/>\n<meta property=\"og:site_name\" content=\"IPlay\" \/>\n<meta property=\"og:image\" content=\"https:\/\/www.iplay.com\/wp-content\/uploads\/2023\/12\/large_square_tile_image-2596.jpg\" \/>\n\t<meta property=\"og:image:width\" content=\"310\" \/>\n\t<meta property=\"og:image:height\" content=\"310\" \/>\n\t<meta property=\"og:image:type\" content=\"image\/jpeg\" \/>\n<meta name=\"twitter:card\" content=\"summary_large_image\" \/>\n<meta name=\"twitter:label1\" content=\"Est. reading time\" \/>\n\t<meta name=\"twitter:data1\" content=\"1 minuto\" \/>\n<script type=\"application\/ld+json\" class=\"yoast-schema-graph\">{\"@context\":\"https:\/\/schema.org\",\"@graph\":[{\"@type\":\"WebPage\",\"@id\":\"https:\/\/www.iplay.com\/es\/games\/enchanted-kingdom-the-secret-of-the-golden-lamp-collectors-edition\/\",\"url\":\"https:\/\/www.iplay.com\/es\/games\/enchanted-kingdom-the-secret-of-the-golden-lamp-collectors-edition\/\",\"name\":\"Enchanted Kingdom: The Secret of the Golden Lamp Collector's Edition - Det\u00e9n los estragos de un genio en los Reinos Encantados\",\"isPartOf\":{\"@id\":\"https:\/\/www.iplay.com\/en\/#website\"},\"primaryImageOfPage\":{\"@id\":\"https:\/\/www.iplay.com\/es\/games\/enchanted-kingdom-the-secret-of-the-golden-lamp-collectors-edition\/#primaryimage\"},\"image\":{\"@id\":\"https:\/\/www.iplay.com\/es\/games\/enchanted-kingdom-the-secret-of-the-golden-lamp-collectors-edition\/#primaryimage\"},\"thumbnailUrl\":\"https:\/\/www.iplay.com\/wp-content\/uploads\/2023\/12\/large_square_tile_image-2596.jpg\",\"datePublished\":\"2020-11-27T00:00:00+00:00\",\"description\":\"En Enchanted Kingdom: The Secret of the Golden Lamp CE, evita que un genio destruya todo tu planeta.\",\"breadcrumb\":{\"@id\":\"https:\/\/www.iplay.com\/es\/games\/enchanted-kingdom-the-secret-of-the-golden-lamp-collectors-edition\/#breadcrumb\"},\"inLanguage\":\"es\",\"potentialAction\":[{\"@type\":\"ReadAction\",\"target\":[\"https:\/\/www.iplay.com\/es\/games\/enchanted-kingdom-the-secret-of-the-golden-lamp-collectors-edition\/\"]}]},{\"@type\":\"ImageObject\",\"inLanguage\":\"es\",\"@id\":\"https:\/\/www.iplay.com\/es\/games\/enchanted-kingdom-the-secret-of-the-golden-lamp-collectors-edition\/#primaryimage\",\"url\":\"https:\/\/www.iplay.com\/wp-content\/uploads\/2023\/12\/large_square_tile_image-2596.jpg\",\"contentUrl\":\"https:\/\/www.iplay.com\/wp-content\/uploads\/2023\/12\/large_square_tile_image-2596.jpg\",\"width\":310,\"height\":310},{\"@type\":\"BreadcrumbList\",\"@id\":\"https:\/\/www.iplay.com\/es\/games\/enchanted-kingdom-the-secret-of-the-golden-lamp-collectors-edition\/#breadcrumb\",\"itemListElement\":[{\"@type\":\"ListItem\",\"position\":1,\"name\":\"Home\",\"item\":\"https:\/\/www.iplay.com\/es\/home-page-2\/\"},{\"@type\":\"ListItem\",\"position\":2,\"name\":\"Shop\",\"item\":\"https:\/\/www.iplay.com\/en\/shop\/\"},{\"@type\":\"ListItem\",\"position\":3,\"name\":\"Enchanted Kingdom: The Secret of the Golden Lamp Collector&#8217;s Edition\"}]},{\"@type\":\"WebSite\",\"@id\":\"https:\/\/www.iplay.com\/en\/#website\",\"url\":\"https:\/\/www.iplay.com\/en\/\",\"name\":\"IPlay\",\"description\":\"The Best Casual Games!\",\"publisher\":{\"@id\":\"https:\/\/www.iplay.com\/en\/#organization\"},\"potentialAction\":[{\"@type\":\"SearchAction\",\"target\":{\"@type\":\"EntryPoint\",\"urlTemplate\":\"https:\/\/www.iplay.com\/en\/?s={search_term_string}\"},\"query-input\":{\"@type\":\"PropertyValueSpecification\",\"valueRequired\":true,\"valueName\":\"search_term_string\"}}],\"inLanguage\":\"es\"},{\"@type\":\"Organization\",\"@id\":\"https:\/\/www.iplay.com\/en\/#organization\",\"name\":\"IPlay\",\"url\":\"https:\/\/www.iplay.com\/en\/\",\"logo\":{\"@type\":\"ImageObject\",\"inLanguage\":\"es\",\"@id\":\"https:\/\/www.iplay.com\/en\/#\/schema\/logo\/image\/\",\"url\":\"https:\/\/www.iplay.com\/wp-content\/uploads\/2023\/11\/Group-6100.svg\",\"contentUrl\":\"https:\/\/www.iplay.com\/wp-content\/uploads\/2023\/11\/Group-6100.svg\",\"width\":98,\"height\":25,\"caption\":\"IPlay\"},\"image\":{\"@id\":\"https:\/\/www.iplay.com\/en\/#\/schema\/logo\/image\/\"}}]}<\/script>\n<!-- \/ Yoast SEO Premium plugin. -->","yoast_head_json":{"title":"Enchanted Kingdom: The Secret of the Golden Lamp Collector's Edition - Det\u00e9n los estragos de un genio en los Reinos Encantados","description":"En Enchanted Kingdom: The Secret of the Golden Lamp CE, evita que un genio destruya todo tu planeta.","robots":{"index":"index","follow":"follow","max-snippet":"max-snippet:-1","max-image-preview":"max-image-preview:large","max-video-preview":"max-video-preview:-1"},"canonical":"https:\/\/www.iplay.com\/es\/games\/enchanted-kingdom-the-secret-of-the-golden-lamp-collectors-edition\/","og_locale":"es_ES","og_type":"article","og_title":"Enchanted Kingdom: The Secret of the Golden Lamp Collector's Edition","og_description":"En Enchanted Kingdom: The Secret of the Golden Lamp CE, evita que un genio destruya todo tu planeta.","og_url":"https:\/\/www.iplay.com\/es\/games\/enchanted-kingdom-the-secret-of-the-golden-lamp-collectors-edition\/","og_site_name":"IPlay","og_image":[{"width":310,"height":310,"url":"https:\/\/www.iplay.com\/wp-content\/uploads\/2023\/12\/large_square_tile_image-2596.jpg","type":"image\/jpeg"}],"twitter_card":"summary_large_image","twitter_misc":{"Est. reading time":"1 minuto"},"schema":{"@context":"https:\/\/schema.org","@graph":[{"@type":"WebPage","@id":"https:\/\/www.iplay.com\/es\/games\/enchanted-kingdom-the-secret-of-the-golden-lamp-collectors-edition\/","url":"https:\/\/www.iplay.com\/es\/games\/enchanted-kingdom-the-secret-of-the-golden-lamp-collectors-edition\/","name":"Enchanted Kingdom: The Secret of the Golden Lamp Collector's Edition - Det\u00e9n los estragos de un genio en los Reinos Encantados","isPartOf":{"@id":"https:\/\/www.iplay.com\/en\/#website"},"primaryImageOfPage":{"@id":"https:\/\/www.iplay.com\/es\/games\/enchanted-kingdom-the-secret-of-the-golden-lamp-collectors-edition\/#primaryimage"},"image":{"@id":"https:\/\/www.iplay.com\/es\/games\/enchanted-kingdom-the-secret-of-the-golden-lamp-collectors-edition\/#primaryimage"},"thumbnailUrl":"https:\/\/www.iplay.com\/wp-content\/uploads\/2023\/12\/large_square_tile_image-2596.jpg","datePublished":"2020-11-27T00:00:00+00:00","description":"En Enchanted Kingdom: The Secret of the Golden Lamp CE, evita que un genio destruya todo tu planeta.","breadcrumb":{"@id":"https:\/\/www.iplay.com\/es\/games\/enchanted-kingdom-the-secret-of-the-golden-lamp-collectors-edition\/#breadcrumb"},"inLanguage":"es","potentialAction":[{"@type":"ReadAction","target":["https:\/\/www.iplay.com\/es\/games\/enchanted-kingdom-the-secret-of-the-golden-lamp-collectors-edition\/"]}]},{"@type":"ImageObject","inLanguage":"es","@id":"https:\/\/www.iplay.com\/es\/games\/enchanted-kingdom-the-secret-of-the-golden-lamp-collectors-edition\/#primaryimage","url":"https:\/\/www.iplay.com\/wp-content\/uploads\/2023\/12\/large_square_tile_image-2596.jpg","contentUrl":"https:\/\/www.iplay.com\/wp-content\/uploads\/2023\/12\/large_square_tile_image-2596.jpg","width":310,"height":310},{"@type":"BreadcrumbList","@id":"https:\/\/www.iplay.com\/es\/games\/enchanted-kingdom-the-secret-of-the-golden-lamp-collectors-edition\/#breadcrumb","itemListElement":[{"@type":"ListItem","position":1,"name":"Home","item":"https:\/\/www.iplay.com\/es\/home-page-2\/"},{"@type":"ListItem","position":2,"name":"Shop","item":"https:\/\/www.iplay.com\/en\/shop\/"},{"@type":"ListItem","position":3,"name":"Enchanted Kingdom: The Secret of the Golden Lamp Collector&#8217;s Edition"}]},{"@type":"WebSite","@id":"https:\/\/www.iplay.com\/en\/#website","url":"https:\/\/www.iplay.com\/en\/","name":"IPlay","description":"The Best Casual Games!","publisher":{"@id":"https:\/\/www.iplay.com\/en\/#organization"},"potentialAction":[{"@type":"SearchAction","target":{"@type":"EntryPoint","urlTemplate":"https:\/\/www.iplay.com\/en\/?s={search_term_string}"},"query-input":{"@type":"PropertyValueSpecification","valueRequired":true,"valueName":"search_term_string"}}],"inLanguage":"es"},{"@type":"Organization","@id":"https:\/\/www.iplay.com\/en\/#organization","name":"IPlay","url":"https:\/\/www.iplay.com\/en\/","logo":{"@type":"ImageObject","inLanguage":"es","@id":"https:\/\/www.iplay.com\/en\/#\/schema\/logo\/image\/","url":"https:\/\/www.iplay.com\/wp-content\/uploads\/2023\/11\/Group-6100.svg","contentUrl":"https:\/\/www.iplay.com\/wp-content\/uploads\/2023\/11\/Group-6100.svg","width":98,"height":25,"caption":"IPlay"},"image":{"@id":"https:\/\/www.iplay.com\/en\/#\/schema\/logo\/image\/"}}]}},"_links":{"self":[{"href":"https:\/\/www.iplay.com\/es\/wp-json\/wp\/v2\/product\/135084","targetHints":{"allow":["GET"]}}],"collection":[{"href":"https:\/\/www.iplay.com\/es\/wp-json\/wp\/v2\/product"}],"about":[{"href":"https:\/\/www.iplay.com\/es\/wp-json\/wp\/v2\/types\/product"}],"author":[{"embeddable":true,"href":"https:\/\/www.iplay.com\/es\/wp-json\/wp\/v2\/users\/17"}],"replies":[{"embeddable":true,"href":"https:\/\/www.iplay.com\/es\/wp-json\/wp\/v2\/comments?post=135084"}],"wp:featuredmedia":[{"embeddable":true,"href":"https:\/\/www.iplay.com\/es\/wp-json\/wp\/v2\/media\/81445"}],"wp:attachment":[{"href":"https:\/\/www.iplay.com\/es\/wp-json\/wp\/v2\/media?parent=135084"}],"wp:term":[{"taxonomy":"product_brand","embeddable":true,"href":"https:\/\/www.iplay.com\/es\/wp-json\/wp\/v2\/product_brand?post=135084"},{"taxonomy":"product_cat","embeddable":true,"href":"https:\/\/www.iplay.com\/es\/wp-json\/wp\/v2\/product_cat?post=135084"},{"taxonomy":"product_tag","embeddable":true,"href":"https:\/\/www.iplay.com\/es\/wp-json\/wp\/v2\/product_tag?post=135084"}],"curies":[{"name":"wp","href":"https:\/\/api.w.org\/{rel}","templated":true}]}}