{"id":135050,"date":"2020-08-14T00:00:00","date_gmt":"2020-08-14T00:00:00","guid":{"rendered":"https:\/\/www.iplay.com\/games\/immortal-love-stone-beauty-collectors-edition\/"},"modified":"2020-08-14T00:00:00","modified_gmt":"2020-08-14T00:00:00","slug":"immortal-love-stone-beauty-collectors-edition","status":"publish","type":"product","link":"https:\/\/www.iplay.com\/es\/games\/immortal-love-stone-beauty-collectors-edition\/","title":{"rendered":"Immortal Love: Stone Beauty Collector&#8217;s Edition"},"content":{"rendered":"<p>\u00a1Divi\u00e9rtete con la s\u00e9ptima parte de la serie em&gt;Immortal Love\/em&gt; ! \u00a1Por fin has vuelto con tu amada! Es hora de establecerse con la mujer de sus sue\u00f1os despu\u00e9s de una vida en el mar como capit\u00e1n de la marina. \u00a1Pero tu alegr\u00eda dura poco, ya que regresas para descubrir que se ha ido! Nadie la ha visto desde que gan\u00f3 un concurso de belleza para escultores, y tu investigaci\u00f3n te lleva r\u00e1pidamente a una serie de desapariciones y personas transformadas en piedra. \u00bfPuedes detener a un perfeccionista peligroso antes de que sea demasiado tarde? \u00a1Descubre la respuesta en esta emocionante aventura de rompecabezas de objetos ocultos! \u00a1En el juego de bonificaci\u00f3n, descubre qui\u00e9n est\u00e1 utilizando la magia para dar vida a los Golems!       <\/p>\n<p>&nbsp;<\/p>\n<p>&nbsp;<\/p>\n<p><strong>Funciones:<\/strong><\/p>\n<p>&nbsp;<\/p>\n<p>&#8211; \u00a1Consigue logros volviendo a jugar tus HOPs y minijuegos favoritos!<\/p>\n<p>&#8211; \u00a1Completar tu colecci\u00f3n de animales te dar\u00e1 acceso a un rompecabezas de objetos ocultos adicional!<\/p>\n<p>&#8211; \u00a1Obt\u00e9n acceso a fondos de pantalla \u00fanicos, protectores de pantalla, arte conceptual, pel\u00edculas y otras golosinas!<\/p>\n<p>&#8211; \u00a1Con la gu\u00eda de estrategia, nunca te perder\u00e1s!<\/p>\n","protected":false},"excerpt":{"rendered":"<p>La b\u00fasqueda de la perfecci\u00f3n tiene repercusiones letales. Edici\u00f3n Coleccionista de Immortal Love: Stone Beauty<\/p>\n","protected":false},"author":17,"featured_media":82437,"comment_status":"open","ping_status":"closed","template":"","meta":{"_acf_changed":false,"inline_featured_image":false},"product_brand":[],"product_cat":[166],"product_tag":[288],"class_list":{"0":"post-135050","1":"product","2":"type-product","3":"status-publish","4":"has-post-thumbnail","6":"product_cat-hidden-object-es","7":"product_tag-play-on-pc-es","9":"first","10":"instock","11":"shipping-taxable","12":"purchasable","13":"product-type-simple"},"acf":[],"yoast_head":"<!-- This site is optimized with the Yoast SEO Premium plugin v25.2 (Yoast SEO v25.2) - https:\/\/yoast.com\/wordpress\/plugins\/seo\/ -->\n<title>Immortal Love: Stone Beauty Collector&#039;s Edition - La b\u00fasqueda de la perfecci\u00f3n tiene consecuencias mortales<\/title>\n<meta name=\"description\" content=\"La b\u00fasqueda de la perfecci\u00f3n tiene repercusiones letales. Edici\u00f3n Coleccionista de Immortal Love: Stone Beauty\" \/>\n<meta name=\"robots\" content=\"index, follow, max-snippet:-1, max-image-preview:large, max-video-preview:-1\" \/>\n<link rel=\"canonical\" href=\"https:\/\/www.iplay.com\/es\/games\/immortal-love-stone-beauty-collectors-edition\/\" \/>\n<meta property=\"og:locale\" content=\"es_ES\" \/>\n<meta property=\"og:type\" content=\"article\" \/>\n<meta property=\"og:title\" content=\"Immortal Love: Stone Beauty Collector&#039;s Edition\" \/>\n<meta property=\"og:description\" content=\"La b\u00fasqueda de la perfecci\u00f3n tiene repercusiones letales. Edici\u00f3n Coleccionista de Immortal Love: Stone Beauty\" \/>\n<meta property=\"og:url\" content=\"https:\/\/www.iplay.com\/es\/games\/immortal-love-stone-beauty-collectors-edition\/\" \/>\n<meta property=\"og:site_name\" content=\"IPlay\" \/>\n<meta property=\"og:image\" content=\"https:\/\/www.iplay.com\/wp-content\/uploads\/2023\/12\/large_square_tile_image-2659.jpg\" \/>\n\t<meta property=\"og:image:width\" content=\"310\" \/>\n\t<meta property=\"og:image:height\" content=\"310\" \/>\n\t<meta property=\"og:image:type\" content=\"image\/jpeg\" \/>\n<meta name=\"twitter:card\" content=\"summary_large_image\" \/>\n<meta name=\"twitter:label1\" content=\"Est. reading time\" \/>\n\t<meta name=\"twitter:data1\" content=\"1 minuto\" \/>\n<script type=\"application\/ld+json\" class=\"yoast-schema-graph\">{\"@context\":\"https:\/\/schema.org\",\"@graph\":[{\"@type\":\"WebPage\",\"@id\":\"https:\/\/www.iplay.com\/es\/games\/immortal-love-stone-beauty-collectors-edition\/\",\"url\":\"https:\/\/www.iplay.com\/es\/games\/immortal-love-stone-beauty-collectors-edition\/\",\"name\":\"Immortal Love: Stone Beauty Collector's Edition - La b\u00fasqueda de la perfecci\u00f3n tiene consecuencias mortales\",\"isPartOf\":{\"@id\":\"https:\/\/www.iplay.com\/en\/#website\"},\"primaryImageOfPage\":{\"@id\":\"https:\/\/www.iplay.com\/es\/games\/immortal-love-stone-beauty-collectors-edition\/#primaryimage\"},\"image\":{\"@id\":\"https:\/\/www.iplay.com\/es\/games\/immortal-love-stone-beauty-collectors-edition\/#primaryimage\"},\"thumbnailUrl\":\"https:\/\/www.iplay.com\/wp-content\/uploads\/2023\/12\/large_square_tile_image-2659.jpg\",\"datePublished\":\"2020-08-14T00:00:00+00:00\",\"description\":\"La b\u00fasqueda de la perfecci\u00f3n tiene repercusiones letales. Edici\u00f3n Coleccionista de Immortal Love: Stone Beauty\",\"breadcrumb\":{\"@id\":\"https:\/\/www.iplay.com\/es\/games\/immortal-love-stone-beauty-collectors-edition\/#breadcrumb\"},\"inLanguage\":\"es\",\"potentialAction\":[{\"@type\":\"ReadAction\",\"target\":[\"https:\/\/www.iplay.com\/es\/games\/immortal-love-stone-beauty-collectors-edition\/\"]}]},{\"@type\":\"ImageObject\",\"inLanguage\":\"es\",\"@id\":\"https:\/\/www.iplay.com\/es\/games\/immortal-love-stone-beauty-collectors-edition\/#primaryimage\",\"url\":\"https:\/\/www.iplay.com\/wp-content\/uploads\/2023\/12\/large_square_tile_image-2659.jpg\",\"contentUrl\":\"https:\/\/www.iplay.com\/wp-content\/uploads\/2023\/12\/large_square_tile_image-2659.jpg\",\"width\":310,\"height\":310},{\"@type\":\"BreadcrumbList\",\"@id\":\"https:\/\/www.iplay.com\/es\/games\/immortal-love-stone-beauty-collectors-edition\/#breadcrumb\",\"itemListElement\":[{\"@type\":\"ListItem\",\"position\":1,\"name\":\"Home\",\"item\":\"https:\/\/www.iplay.com\/es\/home-page-2\/\"},{\"@type\":\"ListItem\",\"position\":2,\"name\":\"Shop\",\"item\":\"https:\/\/www.iplay.com\/en\/shop\/\"},{\"@type\":\"ListItem\",\"position\":3,\"name\":\"Immortal Love: Stone Beauty Collector&#8217;s Edition\"}]},{\"@type\":\"WebSite\",\"@id\":\"https:\/\/www.iplay.com\/en\/#website\",\"url\":\"https:\/\/www.iplay.com\/en\/\",\"name\":\"IPlay\",\"description\":\"The Best Casual Games!\",\"publisher\":{\"@id\":\"https:\/\/www.iplay.com\/en\/#organization\"},\"potentialAction\":[{\"@type\":\"SearchAction\",\"target\":{\"@type\":\"EntryPoint\",\"urlTemplate\":\"https:\/\/www.iplay.com\/en\/?s={search_term_string}\"},\"query-input\":{\"@type\":\"PropertyValueSpecification\",\"valueRequired\":true,\"valueName\":\"search_term_string\"}}],\"inLanguage\":\"es\"},{\"@type\":\"Organization\",\"@id\":\"https:\/\/www.iplay.com\/en\/#organization\",\"name\":\"IPlay\",\"url\":\"https:\/\/www.iplay.com\/en\/\",\"logo\":{\"@type\":\"ImageObject\",\"inLanguage\":\"es\",\"@id\":\"https:\/\/www.iplay.com\/en\/#\/schema\/logo\/image\/\",\"url\":\"https:\/\/www.iplay.com\/wp-content\/uploads\/2023\/11\/Group-6100.svg\",\"contentUrl\":\"https:\/\/www.iplay.com\/wp-content\/uploads\/2023\/11\/Group-6100.svg\",\"width\":98,\"height\":25,\"caption\":\"IPlay\"},\"image\":{\"@id\":\"https:\/\/www.iplay.com\/en\/#\/schema\/logo\/image\/\"}}]}<\/script>\n<!-- \/ Yoast SEO Premium plugin. -->","yoast_head_json":{"title":"Immortal Love: Stone Beauty Collector's Edition - La b\u00fasqueda de la perfecci\u00f3n tiene consecuencias mortales","description":"La b\u00fasqueda de la perfecci\u00f3n tiene repercusiones letales. Edici\u00f3n Coleccionista de Immortal Love: Stone Beauty","robots":{"index":"index","follow":"follow","max-snippet":"max-snippet:-1","max-image-preview":"max-image-preview:large","max-video-preview":"max-video-preview:-1"},"canonical":"https:\/\/www.iplay.com\/es\/games\/immortal-love-stone-beauty-collectors-edition\/","og_locale":"es_ES","og_type":"article","og_title":"Immortal Love: Stone Beauty Collector's Edition","og_description":"La b\u00fasqueda de la perfecci\u00f3n tiene repercusiones letales. Edici\u00f3n Coleccionista de Immortal Love: Stone Beauty","og_url":"https:\/\/www.iplay.com\/es\/games\/immortal-love-stone-beauty-collectors-edition\/","og_site_name":"IPlay","og_image":[{"width":310,"height":310,"url":"https:\/\/www.iplay.com\/wp-content\/uploads\/2023\/12\/large_square_tile_image-2659.jpg","type":"image\/jpeg"}],"twitter_card":"summary_large_image","twitter_misc":{"Est. reading time":"1 minuto"},"schema":{"@context":"https:\/\/schema.org","@graph":[{"@type":"WebPage","@id":"https:\/\/www.iplay.com\/es\/games\/immortal-love-stone-beauty-collectors-edition\/","url":"https:\/\/www.iplay.com\/es\/games\/immortal-love-stone-beauty-collectors-edition\/","name":"Immortal Love: Stone Beauty Collector's Edition - La b\u00fasqueda de la perfecci\u00f3n tiene consecuencias mortales","isPartOf":{"@id":"https:\/\/www.iplay.com\/en\/#website"},"primaryImageOfPage":{"@id":"https:\/\/www.iplay.com\/es\/games\/immortal-love-stone-beauty-collectors-edition\/#primaryimage"},"image":{"@id":"https:\/\/www.iplay.com\/es\/games\/immortal-love-stone-beauty-collectors-edition\/#primaryimage"},"thumbnailUrl":"https:\/\/www.iplay.com\/wp-content\/uploads\/2023\/12\/large_square_tile_image-2659.jpg","datePublished":"2020-08-14T00:00:00+00:00","description":"La b\u00fasqueda de la perfecci\u00f3n tiene repercusiones letales. Edici\u00f3n Coleccionista de Immortal Love: Stone Beauty","breadcrumb":{"@id":"https:\/\/www.iplay.com\/es\/games\/immortal-love-stone-beauty-collectors-edition\/#breadcrumb"},"inLanguage":"es","potentialAction":[{"@type":"ReadAction","target":["https:\/\/www.iplay.com\/es\/games\/immortal-love-stone-beauty-collectors-edition\/"]}]},{"@type":"ImageObject","inLanguage":"es","@id":"https:\/\/www.iplay.com\/es\/games\/immortal-love-stone-beauty-collectors-edition\/#primaryimage","url":"https:\/\/www.iplay.com\/wp-content\/uploads\/2023\/12\/large_square_tile_image-2659.jpg","contentUrl":"https:\/\/www.iplay.com\/wp-content\/uploads\/2023\/12\/large_square_tile_image-2659.jpg","width":310,"height":310},{"@type":"BreadcrumbList","@id":"https:\/\/www.iplay.com\/es\/games\/immortal-love-stone-beauty-collectors-edition\/#breadcrumb","itemListElement":[{"@type":"ListItem","position":1,"name":"Home","item":"https:\/\/www.iplay.com\/es\/home-page-2\/"},{"@type":"ListItem","position":2,"name":"Shop","item":"https:\/\/www.iplay.com\/en\/shop\/"},{"@type":"ListItem","position":3,"name":"Immortal Love: Stone Beauty Collector&#8217;s Edition"}]},{"@type":"WebSite","@id":"https:\/\/www.iplay.com\/en\/#website","url":"https:\/\/www.iplay.com\/en\/","name":"IPlay","description":"The Best Casual Games!","publisher":{"@id":"https:\/\/www.iplay.com\/en\/#organization"},"potentialAction":[{"@type":"SearchAction","target":{"@type":"EntryPoint","urlTemplate":"https:\/\/www.iplay.com\/en\/?s={search_term_string}"},"query-input":{"@type":"PropertyValueSpecification","valueRequired":true,"valueName":"search_term_string"}}],"inLanguage":"es"},{"@type":"Organization","@id":"https:\/\/www.iplay.com\/en\/#organization","name":"IPlay","url":"https:\/\/www.iplay.com\/en\/","logo":{"@type":"ImageObject","inLanguage":"es","@id":"https:\/\/www.iplay.com\/en\/#\/schema\/logo\/image\/","url":"https:\/\/www.iplay.com\/wp-content\/uploads\/2023\/11\/Group-6100.svg","contentUrl":"https:\/\/www.iplay.com\/wp-content\/uploads\/2023\/11\/Group-6100.svg","width":98,"height":25,"caption":"IPlay"},"image":{"@id":"https:\/\/www.iplay.com\/en\/#\/schema\/logo\/image\/"}}]}},"_links":{"self":[{"href":"https:\/\/www.iplay.com\/es\/wp-json\/wp\/v2\/product\/135050","targetHints":{"allow":["GET"]}}],"collection":[{"href":"https:\/\/www.iplay.com\/es\/wp-json\/wp\/v2\/product"}],"about":[{"href":"https:\/\/www.iplay.com\/es\/wp-json\/wp\/v2\/types\/product"}],"author":[{"embeddable":true,"href":"https:\/\/www.iplay.com\/es\/wp-json\/wp\/v2\/users\/17"}],"replies":[{"embeddable":true,"href":"https:\/\/www.iplay.com\/es\/wp-json\/wp\/v2\/comments?post=135050"}],"wp:featuredmedia":[{"embeddable":true,"href":"https:\/\/www.iplay.com\/es\/wp-json\/wp\/v2\/media\/82437"}],"wp:attachment":[{"href":"https:\/\/www.iplay.com\/es\/wp-json\/wp\/v2\/media?parent=135050"}],"wp:term":[{"taxonomy":"product_brand","embeddable":true,"href":"https:\/\/www.iplay.com\/es\/wp-json\/wp\/v2\/product_brand?post=135050"},{"taxonomy":"product_cat","embeddable":true,"href":"https:\/\/www.iplay.com\/es\/wp-json\/wp\/v2\/product_cat?post=135050"},{"taxonomy":"product_tag","embeddable":true,"href":"https:\/\/www.iplay.com\/es\/wp-json\/wp\/v2\/product_tag?post=135050"}],"curies":[{"name":"wp","href":"https:\/\/api.w.org\/{rel}","templated":true}]}}