{"id":135032,"date":"2020-07-31T00:00:00","date_gmt":"2020-07-31T00:00:00","guid":{"rendered":"https:\/\/www.iplay.com\/games\/living-legends-the-crystal-tear-collectors-edition\/"},"modified":"2020-07-31T00:00:00","modified_gmt":"2020-07-31T00:00:00","slug":"living-legends-the-crystal-tear-collectors-edition","status":"publish","type":"product","link":"https:\/\/www.iplay.com\/es\/games\/living-legends-the-crystal-tear-collectors-edition\/","title":{"rendered":"Living Legends: The Crystal Tear Collector&#8217;s Edition"},"content":{"rendered":"<p>\u00a1Experimenta un nuevo y apasionante viaje con <em>Living Legends: The Crystal Tear<\/em>!<\/p>\n<p>\u00a1Has sido invitado al Reino de Cristal para celebrar el compromiso de tu mejor amigo con el pr\u00edncipe! Llegas con ganas de bailar toda la noche, pero cuando llega la medianoche, \u00a1el castillo y su gente se consumen en cristales! Tal magia prohibida solo puede provenir de la \u00fanica Hada Madrina, la m\u00edtica hechicera. Con la maldici\u00f3n amenazando a todo tu mundo, \u00bfpodr\u00e1s desentra\u00f1ar la oscura narrativa detr\u00e1s de la zapatilla de cristal original y salvar a las personas que amas a tiempo? \u00a1Desc\u00fabrelo en esta intrigante aventura de rompecabezas de objetos ocultos!    <\/p>\n<p>&nbsp;<\/p>\n<p>&nbsp;<\/p>\n<p><strong>Funciones:<\/strong><\/p>\n<p>&nbsp;<\/p>\n<p>&#8211; \u00a1En el juego de bonificaci\u00f3n, usa la magia para salvar a tu hermana!<br \/>\n&#8211; \u00a1Recoge ratones ocultos y cosas cambiantes mientras juegas!<br \/>\n&#8211; \u00a1Disfruta de fondos de pantalla, m\u00fasica, arte conceptual y m\u00e1s \u00fanicos!<br \/>\n&#8211; \u00a1Usa la gu\u00eda de estrategia para no perderte nunca!<\/p>\n","protected":false},"excerpt":{"rendered":"<p>\u00a1El palacio est\u00e1 consumido por magia prohibida! Within Living Legends: La edici\u00f3n de coleccionista de Crystal Tear <\/p>\n","protected":false},"author":17,"featured_media":89607,"comment_status":"open","ping_status":"closed","template":"","meta":{"_acf_changed":false,"inline_featured_image":false},"product_brand":[],"product_cat":[166],"product_tag":[288],"class_list":{"0":"post-135032","1":"product","2":"type-product","3":"status-publish","4":"has-post-thumbnail","6":"product_cat-hidden-object-es","7":"product_tag-play-on-pc-es","9":"first","10":"instock","11":"shipping-taxable","12":"purchasable","13":"product-type-simple"},"acf":[],"yoast_head":"<!-- This site is optimized with the Yoast SEO Premium plugin v25.2 (Yoast SEO v25.2) - https:\/\/yoast.com\/wordpress\/plugins\/seo\/ -->\n<title>Living Legends: The Crystal Tear Collector&#039;s Edition - Ten cuidado con la magia prohibida que consume el castillo<\/title>\n<meta name=\"description\" content=\"\u00a1El palacio est\u00e1 consumido por magia prohibida! Within Living Legends: La edici\u00f3n de coleccionista de Crystal Tear\" \/>\n<meta name=\"robots\" content=\"index, follow, max-snippet:-1, max-image-preview:large, max-video-preview:-1\" \/>\n<link rel=\"canonical\" href=\"https:\/\/www.iplay.com\/es\/games\/living-legends-the-crystal-tear-collectors-edition\/\" \/>\n<meta property=\"og:locale\" content=\"es_ES\" \/>\n<meta property=\"og:type\" content=\"article\" \/>\n<meta property=\"og:title\" content=\"Living Legends: The Crystal Tear Collector&#039;s Edition\" \/>\n<meta property=\"og:description\" content=\"\u00a1El palacio est\u00e1 consumido por magia prohibida! Within Living Legends: La edici\u00f3n de coleccionista de Crystal Tear\" \/>\n<meta property=\"og:url\" content=\"https:\/\/www.iplay.com\/es\/games\/living-legends-the-crystal-tear-collectors-edition\/\" \/>\n<meta property=\"og:site_name\" content=\"IPlay\" \/>\n<meta property=\"og:image\" content=\"https:\/\/www.iplay.com\/wp-content\/uploads\/2023\/12\/large_square_tile_image-3112.jpg\" \/>\n\t<meta property=\"og:image:width\" content=\"310\" \/>\n\t<meta property=\"og:image:height\" content=\"310\" \/>\n\t<meta property=\"og:image:type\" content=\"image\/jpeg\" \/>\n<meta name=\"twitter:card\" content=\"summary_large_image\" \/>\n<meta name=\"twitter:label1\" content=\"Est. reading time\" \/>\n\t<meta name=\"twitter:data1\" content=\"1 minuto\" \/>\n<script type=\"application\/ld+json\" class=\"yoast-schema-graph\">{\"@context\":\"https:\/\/schema.org\",\"@graph\":[{\"@type\":\"WebPage\",\"@id\":\"https:\/\/www.iplay.com\/es\/games\/living-legends-the-crystal-tear-collectors-edition\/\",\"url\":\"https:\/\/www.iplay.com\/es\/games\/living-legends-the-crystal-tear-collectors-edition\/\",\"name\":\"Living Legends: The Crystal Tear Collector's Edition - Ten cuidado con la magia prohibida que consume el castillo\",\"isPartOf\":{\"@id\":\"https:\/\/www.iplay.com\/en\/#website\"},\"primaryImageOfPage\":{\"@id\":\"https:\/\/www.iplay.com\/es\/games\/living-legends-the-crystal-tear-collectors-edition\/#primaryimage\"},\"image\":{\"@id\":\"https:\/\/www.iplay.com\/es\/games\/living-legends-the-crystal-tear-collectors-edition\/#primaryimage\"},\"thumbnailUrl\":\"https:\/\/www.iplay.com\/wp-content\/uploads\/2023\/12\/large_square_tile_image-3112.jpg\",\"datePublished\":\"2020-07-31T00:00:00+00:00\",\"description\":\"\u00a1El palacio est\u00e1 consumido por magia prohibida! Within Living Legends: La edici\u00f3n de coleccionista de Crystal Tear\",\"breadcrumb\":{\"@id\":\"https:\/\/www.iplay.com\/es\/games\/living-legends-the-crystal-tear-collectors-edition\/#breadcrumb\"},\"inLanguage\":\"es\",\"potentialAction\":[{\"@type\":\"ReadAction\",\"target\":[\"https:\/\/www.iplay.com\/es\/games\/living-legends-the-crystal-tear-collectors-edition\/\"]}]},{\"@type\":\"ImageObject\",\"inLanguage\":\"es\",\"@id\":\"https:\/\/www.iplay.com\/es\/games\/living-legends-the-crystal-tear-collectors-edition\/#primaryimage\",\"url\":\"https:\/\/www.iplay.com\/wp-content\/uploads\/2023\/12\/large_square_tile_image-3112.jpg\",\"contentUrl\":\"https:\/\/www.iplay.com\/wp-content\/uploads\/2023\/12\/large_square_tile_image-3112.jpg\",\"width\":310,\"height\":310},{\"@type\":\"BreadcrumbList\",\"@id\":\"https:\/\/www.iplay.com\/es\/games\/living-legends-the-crystal-tear-collectors-edition\/#breadcrumb\",\"itemListElement\":[{\"@type\":\"ListItem\",\"position\":1,\"name\":\"Home\",\"item\":\"https:\/\/www.iplay.com\/es\/home-page-2\/\"},{\"@type\":\"ListItem\",\"position\":2,\"name\":\"Shop\",\"item\":\"https:\/\/www.iplay.com\/en\/shop\/\"},{\"@type\":\"ListItem\",\"position\":3,\"name\":\"Living Legends: The Crystal Tear Collector&#8217;s Edition\"}]},{\"@type\":\"WebSite\",\"@id\":\"https:\/\/www.iplay.com\/en\/#website\",\"url\":\"https:\/\/www.iplay.com\/en\/\",\"name\":\"IPlay\",\"description\":\"The Best Casual Games!\",\"publisher\":{\"@id\":\"https:\/\/www.iplay.com\/en\/#organization\"},\"potentialAction\":[{\"@type\":\"SearchAction\",\"target\":{\"@type\":\"EntryPoint\",\"urlTemplate\":\"https:\/\/www.iplay.com\/en\/?s={search_term_string}\"},\"query-input\":{\"@type\":\"PropertyValueSpecification\",\"valueRequired\":true,\"valueName\":\"search_term_string\"}}],\"inLanguage\":\"es\"},{\"@type\":\"Organization\",\"@id\":\"https:\/\/www.iplay.com\/en\/#organization\",\"name\":\"IPlay\",\"url\":\"https:\/\/www.iplay.com\/en\/\",\"logo\":{\"@type\":\"ImageObject\",\"inLanguage\":\"es\",\"@id\":\"https:\/\/www.iplay.com\/en\/#\/schema\/logo\/image\/\",\"url\":\"https:\/\/www.iplay.com\/wp-content\/uploads\/2023\/11\/Group-6100.svg\",\"contentUrl\":\"https:\/\/www.iplay.com\/wp-content\/uploads\/2023\/11\/Group-6100.svg\",\"width\":98,\"height\":25,\"caption\":\"IPlay\"},\"image\":{\"@id\":\"https:\/\/www.iplay.com\/en\/#\/schema\/logo\/image\/\"}}]}<\/script>\n<!-- \/ Yoast SEO Premium plugin. -->","yoast_head_json":{"title":"Living Legends: The Crystal Tear Collector's Edition - Ten cuidado con la magia prohibida que consume el castillo","description":"\u00a1El palacio est\u00e1 consumido por magia prohibida! Within Living Legends: La edici\u00f3n de coleccionista de Crystal Tear","robots":{"index":"index","follow":"follow","max-snippet":"max-snippet:-1","max-image-preview":"max-image-preview:large","max-video-preview":"max-video-preview:-1"},"canonical":"https:\/\/www.iplay.com\/es\/games\/living-legends-the-crystal-tear-collectors-edition\/","og_locale":"es_ES","og_type":"article","og_title":"Living Legends: The Crystal Tear Collector's Edition","og_description":"\u00a1El palacio est\u00e1 consumido por magia prohibida! Within Living Legends: La edici\u00f3n de coleccionista de Crystal Tear","og_url":"https:\/\/www.iplay.com\/es\/games\/living-legends-the-crystal-tear-collectors-edition\/","og_site_name":"IPlay","og_image":[{"width":310,"height":310,"url":"https:\/\/www.iplay.com\/wp-content\/uploads\/2023\/12\/large_square_tile_image-3112.jpg","type":"image\/jpeg"}],"twitter_card":"summary_large_image","twitter_misc":{"Est. reading time":"1 minuto"},"schema":{"@context":"https:\/\/schema.org","@graph":[{"@type":"WebPage","@id":"https:\/\/www.iplay.com\/es\/games\/living-legends-the-crystal-tear-collectors-edition\/","url":"https:\/\/www.iplay.com\/es\/games\/living-legends-the-crystal-tear-collectors-edition\/","name":"Living Legends: The Crystal Tear Collector's Edition - Ten cuidado con la magia prohibida que consume el castillo","isPartOf":{"@id":"https:\/\/www.iplay.com\/en\/#website"},"primaryImageOfPage":{"@id":"https:\/\/www.iplay.com\/es\/games\/living-legends-the-crystal-tear-collectors-edition\/#primaryimage"},"image":{"@id":"https:\/\/www.iplay.com\/es\/games\/living-legends-the-crystal-tear-collectors-edition\/#primaryimage"},"thumbnailUrl":"https:\/\/www.iplay.com\/wp-content\/uploads\/2023\/12\/large_square_tile_image-3112.jpg","datePublished":"2020-07-31T00:00:00+00:00","description":"\u00a1El palacio est\u00e1 consumido por magia prohibida! Within Living Legends: La edici\u00f3n de coleccionista de Crystal Tear","breadcrumb":{"@id":"https:\/\/www.iplay.com\/es\/games\/living-legends-the-crystal-tear-collectors-edition\/#breadcrumb"},"inLanguage":"es","potentialAction":[{"@type":"ReadAction","target":["https:\/\/www.iplay.com\/es\/games\/living-legends-the-crystal-tear-collectors-edition\/"]}]},{"@type":"ImageObject","inLanguage":"es","@id":"https:\/\/www.iplay.com\/es\/games\/living-legends-the-crystal-tear-collectors-edition\/#primaryimage","url":"https:\/\/www.iplay.com\/wp-content\/uploads\/2023\/12\/large_square_tile_image-3112.jpg","contentUrl":"https:\/\/www.iplay.com\/wp-content\/uploads\/2023\/12\/large_square_tile_image-3112.jpg","width":310,"height":310},{"@type":"BreadcrumbList","@id":"https:\/\/www.iplay.com\/es\/games\/living-legends-the-crystal-tear-collectors-edition\/#breadcrumb","itemListElement":[{"@type":"ListItem","position":1,"name":"Home","item":"https:\/\/www.iplay.com\/es\/home-page-2\/"},{"@type":"ListItem","position":2,"name":"Shop","item":"https:\/\/www.iplay.com\/en\/shop\/"},{"@type":"ListItem","position":3,"name":"Living Legends: The Crystal Tear Collector&#8217;s Edition"}]},{"@type":"WebSite","@id":"https:\/\/www.iplay.com\/en\/#website","url":"https:\/\/www.iplay.com\/en\/","name":"IPlay","description":"The Best Casual Games!","publisher":{"@id":"https:\/\/www.iplay.com\/en\/#organization"},"potentialAction":[{"@type":"SearchAction","target":{"@type":"EntryPoint","urlTemplate":"https:\/\/www.iplay.com\/en\/?s={search_term_string}"},"query-input":{"@type":"PropertyValueSpecification","valueRequired":true,"valueName":"search_term_string"}}],"inLanguage":"es"},{"@type":"Organization","@id":"https:\/\/www.iplay.com\/en\/#organization","name":"IPlay","url":"https:\/\/www.iplay.com\/en\/","logo":{"@type":"ImageObject","inLanguage":"es","@id":"https:\/\/www.iplay.com\/en\/#\/schema\/logo\/image\/","url":"https:\/\/www.iplay.com\/wp-content\/uploads\/2023\/11\/Group-6100.svg","contentUrl":"https:\/\/www.iplay.com\/wp-content\/uploads\/2023\/11\/Group-6100.svg","width":98,"height":25,"caption":"IPlay"},"image":{"@id":"https:\/\/www.iplay.com\/en\/#\/schema\/logo\/image\/"}}]}},"_links":{"self":[{"href":"https:\/\/www.iplay.com\/es\/wp-json\/wp\/v2\/product\/135032","targetHints":{"allow":["GET"]}}],"collection":[{"href":"https:\/\/www.iplay.com\/es\/wp-json\/wp\/v2\/product"}],"about":[{"href":"https:\/\/www.iplay.com\/es\/wp-json\/wp\/v2\/types\/product"}],"author":[{"embeddable":true,"href":"https:\/\/www.iplay.com\/es\/wp-json\/wp\/v2\/users\/17"}],"replies":[{"embeddable":true,"href":"https:\/\/www.iplay.com\/es\/wp-json\/wp\/v2\/comments?post=135032"}],"wp:featuredmedia":[{"embeddable":true,"href":"https:\/\/www.iplay.com\/es\/wp-json\/wp\/v2\/media\/89607"}],"wp:attachment":[{"href":"https:\/\/www.iplay.com\/es\/wp-json\/wp\/v2\/media?parent=135032"}],"wp:term":[{"taxonomy":"product_brand","embeddable":true,"href":"https:\/\/www.iplay.com\/es\/wp-json\/wp\/v2\/product_brand?post=135032"},{"taxonomy":"product_cat","embeddable":true,"href":"https:\/\/www.iplay.com\/es\/wp-json\/wp\/v2\/product_cat?post=135032"},{"taxonomy":"product_tag","embeddable":true,"href":"https:\/\/www.iplay.com\/es\/wp-json\/wp\/v2\/product_tag?post=135032"}],"curies":[{"name":"wp","href":"https:\/\/api.w.org\/{rel}","templated":true}]}}