{"id":134978,"date":"2020-10-04T00:00:00","date_gmt":"2020-10-04T00:00:00","guid":{"rendered":"https:\/\/www.iplay.com\/games\/dark-city-dublin-collectors-edition\/"},"modified":"2020-10-04T00:00:00","modified_gmt":"2020-10-04T00:00:00","slug":"dark-city-dublin-collectors-edition","status":"publish","type":"product","link":"https:\/\/www.iplay.com\/es\/games\/dark-city-dublin-collectors-edition\/","title":{"rendered":"Dark City: Dublin Collector&#8217;s Edition"},"content":{"rendered":"<p>\u00a1Saborea un nuevo y enigm\u00e1tico rompecabezas en <em>Dark City: Dublin<\/em>! Acerc\u00e1ndose el D\u00eda de San Patricio, las festividades de Dubl\u00edn podr\u00edan verse arruinadas por una serie de cr\u00edmenes inexplicables. Los testigos afirman que el culpable es un duende astuto en lugar de una persona com\u00fan. Hay m\u00e1s en sus afirmaciones que solo an\u00e9cdotas cuando se profundiza. \u00bfEs posible identificar al culpable y salvar las vacaciones a tiempo cuando una presencia inexplicable te sigue? \u00a1Descubre m\u00e1s en este incre\u00edble viaje de rompecabezas de objetos ocultos!    <\/p>\n<p>&nbsp;<\/p>\n<p><strong>Funciones:<\/strong><\/p>\n<ul>\n<li>Ayuda al alguacil McDonnell de Dubl\u00edn a encontrar al enigm\u00e1tico Banshee que est\u00e1 atacando a personas indefensas.<\/li>\n<li>Busca objetos que puedan transformarse y recogerse en cada escena. Cuando los consigas todos, \u00a1obtendr\u00e1s un bono! <\/li>\n<li>\u00a1Vuelve a jugar a tus minijuegos y HOPs favoritos para aumentar tus premios por logros!<\/li>\n<li>Mira y descarga m\u00fasica, fondos de pantalla, arte conceptual y protectores de pantalla.<\/li>\n<li>\u00a1Usa la gu\u00eda de estrategia para mantener tu viaje en curso!<\/li>\n<\/ul>\n<p>&nbsp;<\/p>\n<p>Contin\u00faa tu exploraci\u00f3n de las Ciudades Oscuras del mundo, viendo todos los t\u00edtulos de la serie Ciudades Oscuras <a href=\"https:\/\/www.iplay.com\/es\/product-tag\/dark-city-series-es\/\"><strong>AQU\u00cd<\/strong><\/a><\/p>\n","protected":false},"excerpt":{"rendered":"<p>En Dark City: Dublin Collector&#8217;s Edition, la suerte de Dubl\u00edn se est\u00e1 acabando.<\/p>\n","protected":false},"author":17,"featured_media":81989,"comment_status":"open","ping_status":"closed","template":"","meta":{"_acf_changed":false,"inline_featured_image":false},"product_brand":[],"product_cat":[166],"product_tag":[254,288],"class_list":{"0":"post-134978","1":"product","2":"type-product","3":"status-publish","4":"has-post-thumbnail","6":"product_cat-hidden-object-es","7":"product_tag-dark-city-series-es","8":"product_tag-play-on-pc-es","10":"first","11":"instock","12":"shipping-taxable","13":"purchasable","14":"product-type-simple"},"acf":[],"yoast_head":"<!-- This site is optimized with the Yoast SEO Premium plugin v25.2 (Yoast SEO v25.2) - https:\/\/yoast.com\/wordpress\/plugins\/seo\/ -->\n<title>Dark City: Dublin Collector&#039;s Edition - La suerte de Dubl\u00edn se acaba<\/title>\n<meta name=\"description\" content=\"En Dark City: Dublin Collector&#039;s Edition, la suerte de Dubl\u00edn se est\u00e1 acabando.\" \/>\n<meta name=\"robots\" content=\"index, follow, max-snippet:-1, max-image-preview:large, max-video-preview:-1\" \/>\n<link rel=\"canonical\" href=\"https:\/\/www.iplay.com\/es\/games\/dark-city-dublin-collectors-edition\/\" \/>\n<meta property=\"og:locale\" content=\"es_ES\" \/>\n<meta property=\"og:type\" content=\"article\" \/>\n<meta property=\"og:title\" content=\"Dark City: Dublin Collector&#039;s Edition\" \/>\n<meta property=\"og:description\" content=\"En Dark City: Dublin Collector&#039;s Edition, la suerte de Dubl\u00edn se est\u00e1 acabando.\" \/>\n<meta property=\"og:url\" content=\"https:\/\/www.iplay.com\/es\/games\/dark-city-dublin-collectors-edition\/\" \/>\n<meta property=\"og:site_name\" content=\"IPlay\" \/>\n<meta property=\"og:image\" content=\"https:\/\/www.iplay.com\/wp-content\/uploads\/2023\/12\/large_square_tile_image-2630.jpg\" \/>\n\t<meta property=\"og:image:width\" content=\"310\" \/>\n\t<meta property=\"og:image:height\" content=\"310\" \/>\n\t<meta property=\"og:image:type\" content=\"image\/jpeg\" \/>\n<meta name=\"twitter:card\" content=\"summary_large_image\" \/>\n<meta name=\"twitter:label1\" content=\"Est. reading time\" \/>\n\t<meta name=\"twitter:data1\" content=\"1 minuto\" \/>\n<script type=\"application\/ld+json\" class=\"yoast-schema-graph\">{\"@context\":\"https:\/\/schema.org\",\"@graph\":[{\"@type\":\"WebPage\",\"@id\":\"https:\/\/www.iplay.com\/es\/games\/dark-city-dublin-collectors-edition\/\",\"url\":\"https:\/\/www.iplay.com\/es\/games\/dark-city-dublin-collectors-edition\/\",\"name\":\"Dark City: Dublin Collector's Edition - La suerte de Dubl\u00edn se acaba\",\"isPartOf\":{\"@id\":\"https:\/\/www.iplay.com\/en\/#website\"},\"primaryImageOfPage\":{\"@id\":\"https:\/\/www.iplay.com\/es\/games\/dark-city-dublin-collectors-edition\/#primaryimage\"},\"image\":{\"@id\":\"https:\/\/www.iplay.com\/es\/games\/dark-city-dublin-collectors-edition\/#primaryimage\"},\"thumbnailUrl\":\"https:\/\/www.iplay.com\/wp-content\/uploads\/2023\/12\/large_square_tile_image-2630.jpg\",\"datePublished\":\"2020-10-04T00:00:00+00:00\",\"description\":\"En Dark City: Dublin Collector's Edition, la suerte de Dubl\u00edn se est\u00e1 acabando.\",\"breadcrumb\":{\"@id\":\"https:\/\/www.iplay.com\/es\/games\/dark-city-dublin-collectors-edition\/#breadcrumb\"},\"inLanguage\":\"es\",\"potentialAction\":[{\"@type\":\"ReadAction\",\"target\":[\"https:\/\/www.iplay.com\/es\/games\/dark-city-dublin-collectors-edition\/\"]}]},{\"@type\":\"ImageObject\",\"inLanguage\":\"es\",\"@id\":\"https:\/\/www.iplay.com\/es\/games\/dark-city-dublin-collectors-edition\/#primaryimage\",\"url\":\"https:\/\/www.iplay.com\/wp-content\/uploads\/2023\/12\/large_square_tile_image-2630.jpg\",\"contentUrl\":\"https:\/\/www.iplay.com\/wp-content\/uploads\/2023\/12\/large_square_tile_image-2630.jpg\",\"width\":310,\"height\":310},{\"@type\":\"BreadcrumbList\",\"@id\":\"https:\/\/www.iplay.com\/es\/games\/dark-city-dublin-collectors-edition\/#breadcrumb\",\"itemListElement\":[{\"@type\":\"ListItem\",\"position\":1,\"name\":\"Home\",\"item\":\"https:\/\/www.iplay.com\/es\/home-page-2\/\"},{\"@type\":\"ListItem\",\"position\":2,\"name\":\"Shop\",\"item\":\"https:\/\/www.iplay.com\/en\/shop\/\"},{\"@type\":\"ListItem\",\"position\":3,\"name\":\"Dark City: Dublin Collector&#8217;s Edition\"}]},{\"@type\":\"WebSite\",\"@id\":\"https:\/\/www.iplay.com\/en\/#website\",\"url\":\"https:\/\/www.iplay.com\/en\/\",\"name\":\"IPlay\",\"description\":\"The Best Casual Games!\",\"publisher\":{\"@id\":\"https:\/\/www.iplay.com\/en\/#organization\"},\"potentialAction\":[{\"@type\":\"SearchAction\",\"target\":{\"@type\":\"EntryPoint\",\"urlTemplate\":\"https:\/\/www.iplay.com\/en\/?s={search_term_string}\"},\"query-input\":{\"@type\":\"PropertyValueSpecification\",\"valueRequired\":true,\"valueName\":\"search_term_string\"}}],\"inLanguage\":\"es\"},{\"@type\":\"Organization\",\"@id\":\"https:\/\/www.iplay.com\/en\/#organization\",\"name\":\"IPlay\",\"url\":\"https:\/\/www.iplay.com\/en\/\",\"logo\":{\"@type\":\"ImageObject\",\"inLanguage\":\"es\",\"@id\":\"https:\/\/www.iplay.com\/en\/#\/schema\/logo\/image\/\",\"url\":\"https:\/\/www.iplay.com\/wp-content\/uploads\/2023\/11\/Group-6100.svg\",\"contentUrl\":\"https:\/\/www.iplay.com\/wp-content\/uploads\/2023\/11\/Group-6100.svg\",\"width\":98,\"height\":25,\"caption\":\"IPlay\"},\"image\":{\"@id\":\"https:\/\/www.iplay.com\/en\/#\/schema\/logo\/image\/\"}}]}<\/script>\n<!-- \/ Yoast SEO Premium plugin. -->","yoast_head_json":{"title":"Dark City: Dublin Collector's Edition - La suerte de Dubl\u00edn se acaba","description":"En Dark City: Dublin Collector's Edition, la suerte de Dubl\u00edn se est\u00e1 acabando.","robots":{"index":"index","follow":"follow","max-snippet":"max-snippet:-1","max-image-preview":"max-image-preview:large","max-video-preview":"max-video-preview:-1"},"canonical":"https:\/\/www.iplay.com\/es\/games\/dark-city-dublin-collectors-edition\/","og_locale":"es_ES","og_type":"article","og_title":"Dark City: Dublin Collector's Edition","og_description":"En Dark City: Dublin Collector's Edition, la suerte de Dubl\u00edn se est\u00e1 acabando.","og_url":"https:\/\/www.iplay.com\/es\/games\/dark-city-dublin-collectors-edition\/","og_site_name":"IPlay","og_image":[{"width":310,"height":310,"url":"https:\/\/www.iplay.com\/wp-content\/uploads\/2023\/12\/large_square_tile_image-2630.jpg","type":"image\/jpeg"}],"twitter_card":"summary_large_image","twitter_misc":{"Est. reading time":"1 minuto"},"schema":{"@context":"https:\/\/schema.org","@graph":[{"@type":"WebPage","@id":"https:\/\/www.iplay.com\/es\/games\/dark-city-dublin-collectors-edition\/","url":"https:\/\/www.iplay.com\/es\/games\/dark-city-dublin-collectors-edition\/","name":"Dark City: Dublin Collector's Edition - La suerte de Dubl\u00edn se acaba","isPartOf":{"@id":"https:\/\/www.iplay.com\/en\/#website"},"primaryImageOfPage":{"@id":"https:\/\/www.iplay.com\/es\/games\/dark-city-dublin-collectors-edition\/#primaryimage"},"image":{"@id":"https:\/\/www.iplay.com\/es\/games\/dark-city-dublin-collectors-edition\/#primaryimage"},"thumbnailUrl":"https:\/\/www.iplay.com\/wp-content\/uploads\/2023\/12\/large_square_tile_image-2630.jpg","datePublished":"2020-10-04T00:00:00+00:00","description":"En Dark City: Dublin Collector's Edition, la suerte de Dubl\u00edn se est\u00e1 acabando.","breadcrumb":{"@id":"https:\/\/www.iplay.com\/es\/games\/dark-city-dublin-collectors-edition\/#breadcrumb"},"inLanguage":"es","potentialAction":[{"@type":"ReadAction","target":["https:\/\/www.iplay.com\/es\/games\/dark-city-dublin-collectors-edition\/"]}]},{"@type":"ImageObject","inLanguage":"es","@id":"https:\/\/www.iplay.com\/es\/games\/dark-city-dublin-collectors-edition\/#primaryimage","url":"https:\/\/www.iplay.com\/wp-content\/uploads\/2023\/12\/large_square_tile_image-2630.jpg","contentUrl":"https:\/\/www.iplay.com\/wp-content\/uploads\/2023\/12\/large_square_tile_image-2630.jpg","width":310,"height":310},{"@type":"BreadcrumbList","@id":"https:\/\/www.iplay.com\/es\/games\/dark-city-dublin-collectors-edition\/#breadcrumb","itemListElement":[{"@type":"ListItem","position":1,"name":"Home","item":"https:\/\/www.iplay.com\/es\/home-page-2\/"},{"@type":"ListItem","position":2,"name":"Shop","item":"https:\/\/www.iplay.com\/en\/shop\/"},{"@type":"ListItem","position":3,"name":"Dark City: Dublin Collector&#8217;s Edition"}]},{"@type":"WebSite","@id":"https:\/\/www.iplay.com\/en\/#website","url":"https:\/\/www.iplay.com\/en\/","name":"IPlay","description":"The Best Casual Games!","publisher":{"@id":"https:\/\/www.iplay.com\/en\/#organization"},"potentialAction":[{"@type":"SearchAction","target":{"@type":"EntryPoint","urlTemplate":"https:\/\/www.iplay.com\/en\/?s={search_term_string}"},"query-input":{"@type":"PropertyValueSpecification","valueRequired":true,"valueName":"search_term_string"}}],"inLanguage":"es"},{"@type":"Organization","@id":"https:\/\/www.iplay.com\/en\/#organization","name":"IPlay","url":"https:\/\/www.iplay.com\/en\/","logo":{"@type":"ImageObject","inLanguage":"es","@id":"https:\/\/www.iplay.com\/en\/#\/schema\/logo\/image\/","url":"https:\/\/www.iplay.com\/wp-content\/uploads\/2023\/11\/Group-6100.svg","contentUrl":"https:\/\/www.iplay.com\/wp-content\/uploads\/2023\/11\/Group-6100.svg","width":98,"height":25,"caption":"IPlay"},"image":{"@id":"https:\/\/www.iplay.com\/en\/#\/schema\/logo\/image\/"}}]}},"_links":{"self":[{"href":"https:\/\/www.iplay.com\/es\/wp-json\/wp\/v2\/product\/134978","targetHints":{"allow":["GET"]}}],"collection":[{"href":"https:\/\/www.iplay.com\/es\/wp-json\/wp\/v2\/product"}],"about":[{"href":"https:\/\/www.iplay.com\/es\/wp-json\/wp\/v2\/types\/product"}],"author":[{"embeddable":true,"href":"https:\/\/www.iplay.com\/es\/wp-json\/wp\/v2\/users\/17"}],"replies":[{"embeddable":true,"href":"https:\/\/www.iplay.com\/es\/wp-json\/wp\/v2\/comments?post=134978"}],"wp:featuredmedia":[{"embeddable":true,"href":"https:\/\/www.iplay.com\/es\/wp-json\/wp\/v2\/media\/81989"}],"wp:attachment":[{"href":"https:\/\/www.iplay.com\/es\/wp-json\/wp\/v2\/media?parent=134978"}],"wp:term":[{"taxonomy":"product_brand","embeddable":true,"href":"https:\/\/www.iplay.com\/es\/wp-json\/wp\/v2\/product_brand?post=134978"},{"taxonomy":"product_cat","embeddable":true,"href":"https:\/\/www.iplay.com\/es\/wp-json\/wp\/v2\/product_cat?post=134978"},{"taxonomy":"product_tag","embeddable":true,"href":"https:\/\/www.iplay.com\/es\/wp-json\/wp\/v2\/product_tag?post=134978"}],"curies":[{"name":"wp","href":"https:\/\/api.w.org\/{rel}","templated":true}]}}