{"id":134967,"date":"2020-10-23T00:00:00","date_gmt":"2020-10-23T00:00:00","guid":{"rendered":"https:\/\/www.iplay.com\/games\/halloween-stories-horror-movie-collectors-edition\/"},"modified":"2020-10-23T00:00:00","modified_gmt":"2020-10-23T00:00:00","slug":"halloween-stories-horror-movie-collectors-edition","status":"publish","type":"product","link":"https:\/\/www.iplay.com\/es\/games\/halloween-stories-horror-movie-collectors-edition\/","title":{"rendered":"Halloween Stories: Horror Movie Collector&#8217;s Edition"},"content":{"rendered":"<p>\u00a1Otra historia aterradora para agregar a la pesadilla! <em>\u00a1Visita Halloween Stories: Horror Movie<\/em> para obtener m\u00e1s informaci\u00f3n! El texto dice: Cuando Ellie y sus tres amigas m\u00e1s cercanas se vieron involucradas en una pel\u00edcula de terror embrujada en la noche de Halloween, nadie crey\u00f3 en su palabra. Sin embargo, la cinta infernal ha reaparecido exactamente dos a\u00f1os despu\u00e9s, y Ellie ahora debe salvar a sus amigos perdidos hace mucho tiempo y sobrevivir a los fantasmas, escalofr\u00edos y slashers reales que acechan debajo de la magia de la pel\u00edcula. \u00bfPuedes reunir el coraje para guiar a Ellie a trav\u00e9s de tres pel\u00edculas aterradoras donde el peligro acecha en cada esquina? \u00a1Solo hay una forma de aprender la respuesta!     <\/p>\n<p>&nbsp;<\/p>\n<p>&nbsp;<\/p>\n<p><strong>Funciones:<\/strong><\/p>\n<p>&nbsp;<\/p>\n<p>&#8211; Ayudar a la detective Jessica Holmes a investigar las actividades extra\u00f1as que est\u00e1n ocurriendo en la escuela secundaria cercana.<\/p>\n<p>&#8211; Busca espeluznantes objetos que se transforman, piezas de rompecabezas y figuras ocultas.<\/p>\n<p>&#8211; \u00a1Sum\u00e9rgete en la habitaci\u00f3n oculta!<\/p>\n<p>&#8211; \u00a1Vuelve a jugar tus minijuegos y SALTOS favoritos para aumentar tus puntos de logro!<\/p>\n<p>&#8211; \u00a1Recuerda los puntos \u00e1lgidos del juego!<\/p>\n<p>&#8211; La m\u00fasica, el arte conceptual y los fondos se pueden guardar y disfrutar.<\/p>\n<p>&#8211; \u00a1Usa la gu\u00eda de estrategia para mantener el rumbo en tu viaje!<\/p>\n","protected":false},"excerpt":{"rendered":"<p>Es solo una pel\u00edcula&#8230; \u00bfCorrecto? Saborea la edici\u00f3n de coleccionista de Halloween Stories: Horror Movie  <\/p>\n","protected":false},"author":17,"featured_media":81765,"comment_status":"open","ping_status":"closed","template":"","meta":{"_acf_changed":false,"inline_featured_image":false},"product_brand":[],"product_cat":[166],"product_tag":[288],"class_list":{"0":"post-134967","1":"product","2":"type-product","3":"status-publish","4":"has-post-thumbnail","6":"product_cat-hidden-object-es","7":"product_tag-play-on-pc-es","9":"first","10":"instock","11":"shipping-taxable","12":"purchasable","13":"product-type-simple"},"acf":[],"yoast_head":"<!-- This site is optimized with the Yoast SEO Premium plugin v25.2 (Yoast SEO v25.2) - https:\/\/yoast.com\/wordpress\/plugins\/seo\/ -->\n<title>Historias de Halloween: Edici\u00f3n Coleccionista de Pel\u00edculas de Terror<\/title>\n<meta name=\"description\" content=\"Es solo una pel\u00edcula... \u00bfCorrecto? Saborea la edici\u00f3n de coleccionista de Halloween Stories: Horror Movie\" \/>\n<meta name=\"robots\" content=\"index, follow, max-snippet:-1, max-image-preview:large, max-video-preview:-1\" \/>\n<link rel=\"canonical\" href=\"https:\/\/www.iplay.com\/es\/games\/halloween-stories-horror-movie-collectors-edition\/\" \/>\n<meta property=\"og:locale\" content=\"es_ES\" \/>\n<meta property=\"og:type\" content=\"article\" \/>\n<meta property=\"og:title\" content=\"Halloween Stories: Horror Movie Collector&#039;s Edition\" \/>\n<meta property=\"og:description\" content=\"Es solo una pel\u00edcula... \u00bfCorrecto? Saborea la edici\u00f3n de coleccionista de Halloween Stories: Horror Movie\" \/>\n<meta property=\"og:url\" content=\"https:\/\/www.iplay.com\/es\/games\/halloween-stories-horror-movie-collectors-edition\/\" \/>\n<meta property=\"og:site_name\" content=\"IPlay\" \/>\n<meta property=\"og:image\" content=\"https:\/\/www.iplay.com\/wp-content\/uploads\/2023\/12\/large_square_tile_image-2616.jpg\" \/>\n\t<meta property=\"og:image:width\" content=\"310\" \/>\n\t<meta property=\"og:image:height\" content=\"310\" \/>\n\t<meta property=\"og:image:type\" content=\"image\/jpeg\" \/>\n<meta name=\"twitter:card\" content=\"summary_large_image\" \/>\n<meta name=\"twitter:label1\" content=\"Est. reading time\" \/>\n\t<meta name=\"twitter:data1\" content=\"1 minuto\" \/>\n<script type=\"application\/ld+json\" class=\"yoast-schema-graph\">{\"@context\":\"https:\/\/schema.org\",\"@graph\":[{\"@type\":\"WebPage\",\"@id\":\"https:\/\/www.iplay.com\/es\/games\/halloween-stories-horror-movie-collectors-edition\/\",\"url\":\"https:\/\/www.iplay.com\/es\/games\/halloween-stories-horror-movie-collectors-edition\/\",\"name\":\"Historias de Halloween: Edici\u00f3n Coleccionista de Pel\u00edculas de Terror\",\"isPartOf\":{\"@id\":\"https:\/\/www.iplay.com\/en\/#website\"},\"primaryImageOfPage\":{\"@id\":\"https:\/\/www.iplay.com\/es\/games\/halloween-stories-horror-movie-collectors-edition\/#primaryimage\"},\"image\":{\"@id\":\"https:\/\/www.iplay.com\/es\/games\/halloween-stories-horror-movie-collectors-edition\/#primaryimage\"},\"thumbnailUrl\":\"https:\/\/www.iplay.com\/wp-content\/uploads\/2023\/12\/large_square_tile_image-2616.jpg\",\"datePublished\":\"2020-10-23T00:00:00+00:00\",\"description\":\"Es solo una pel\u00edcula... \u00bfCorrecto? Saborea la edici\u00f3n de coleccionista de Halloween Stories: Horror Movie\",\"breadcrumb\":{\"@id\":\"https:\/\/www.iplay.com\/es\/games\/halloween-stories-horror-movie-collectors-edition\/#breadcrumb\"},\"inLanguage\":\"es\",\"potentialAction\":[{\"@type\":\"ReadAction\",\"target\":[\"https:\/\/www.iplay.com\/es\/games\/halloween-stories-horror-movie-collectors-edition\/\"]}]},{\"@type\":\"ImageObject\",\"inLanguage\":\"es\",\"@id\":\"https:\/\/www.iplay.com\/es\/games\/halloween-stories-horror-movie-collectors-edition\/#primaryimage\",\"url\":\"https:\/\/www.iplay.com\/wp-content\/uploads\/2023\/12\/large_square_tile_image-2616.jpg\",\"contentUrl\":\"https:\/\/www.iplay.com\/wp-content\/uploads\/2023\/12\/large_square_tile_image-2616.jpg\",\"width\":310,\"height\":310},{\"@type\":\"BreadcrumbList\",\"@id\":\"https:\/\/www.iplay.com\/es\/games\/halloween-stories-horror-movie-collectors-edition\/#breadcrumb\",\"itemListElement\":[{\"@type\":\"ListItem\",\"position\":1,\"name\":\"Home\",\"item\":\"https:\/\/www.iplay.com\/es\/home-page-2\/\"},{\"@type\":\"ListItem\",\"position\":2,\"name\":\"Shop\",\"item\":\"https:\/\/www.iplay.com\/en\/shop\/\"},{\"@type\":\"ListItem\",\"position\":3,\"name\":\"Halloween Stories: Horror Movie Collector&#8217;s Edition\"}]},{\"@type\":\"WebSite\",\"@id\":\"https:\/\/www.iplay.com\/en\/#website\",\"url\":\"https:\/\/www.iplay.com\/en\/\",\"name\":\"IPlay\",\"description\":\"The Best Casual Games!\",\"publisher\":{\"@id\":\"https:\/\/www.iplay.com\/en\/#organization\"},\"potentialAction\":[{\"@type\":\"SearchAction\",\"target\":{\"@type\":\"EntryPoint\",\"urlTemplate\":\"https:\/\/www.iplay.com\/en\/?s={search_term_string}\"},\"query-input\":{\"@type\":\"PropertyValueSpecification\",\"valueRequired\":true,\"valueName\":\"search_term_string\"}}],\"inLanguage\":\"es\"},{\"@type\":\"Organization\",\"@id\":\"https:\/\/www.iplay.com\/en\/#organization\",\"name\":\"IPlay\",\"url\":\"https:\/\/www.iplay.com\/en\/\",\"logo\":{\"@type\":\"ImageObject\",\"inLanguage\":\"es\",\"@id\":\"https:\/\/www.iplay.com\/en\/#\/schema\/logo\/image\/\",\"url\":\"https:\/\/www.iplay.com\/wp-content\/uploads\/2023\/11\/Group-6100.svg\",\"contentUrl\":\"https:\/\/www.iplay.com\/wp-content\/uploads\/2023\/11\/Group-6100.svg\",\"width\":98,\"height\":25,\"caption\":\"IPlay\"},\"image\":{\"@id\":\"https:\/\/www.iplay.com\/en\/#\/schema\/logo\/image\/\"}}]}<\/script>\n<!-- \/ Yoast SEO Premium plugin. -->","yoast_head_json":{"title":"Historias de Halloween: Edici\u00f3n Coleccionista de Pel\u00edculas de Terror","description":"Es solo una pel\u00edcula... \u00bfCorrecto? Saborea la edici\u00f3n de coleccionista de Halloween Stories: Horror Movie","robots":{"index":"index","follow":"follow","max-snippet":"max-snippet:-1","max-image-preview":"max-image-preview:large","max-video-preview":"max-video-preview:-1"},"canonical":"https:\/\/www.iplay.com\/es\/games\/halloween-stories-horror-movie-collectors-edition\/","og_locale":"es_ES","og_type":"article","og_title":"Halloween Stories: Horror Movie Collector's Edition","og_description":"Es solo una pel\u00edcula... \u00bfCorrecto? Saborea la edici\u00f3n de coleccionista de Halloween Stories: Horror Movie","og_url":"https:\/\/www.iplay.com\/es\/games\/halloween-stories-horror-movie-collectors-edition\/","og_site_name":"IPlay","og_image":[{"width":310,"height":310,"url":"https:\/\/www.iplay.com\/wp-content\/uploads\/2023\/12\/large_square_tile_image-2616.jpg","type":"image\/jpeg"}],"twitter_card":"summary_large_image","twitter_misc":{"Est. reading time":"1 minuto"},"schema":{"@context":"https:\/\/schema.org","@graph":[{"@type":"WebPage","@id":"https:\/\/www.iplay.com\/es\/games\/halloween-stories-horror-movie-collectors-edition\/","url":"https:\/\/www.iplay.com\/es\/games\/halloween-stories-horror-movie-collectors-edition\/","name":"Historias de Halloween: Edici\u00f3n Coleccionista de Pel\u00edculas de Terror","isPartOf":{"@id":"https:\/\/www.iplay.com\/en\/#website"},"primaryImageOfPage":{"@id":"https:\/\/www.iplay.com\/es\/games\/halloween-stories-horror-movie-collectors-edition\/#primaryimage"},"image":{"@id":"https:\/\/www.iplay.com\/es\/games\/halloween-stories-horror-movie-collectors-edition\/#primaryimage"},"thumbnailUrl":"https:\/\/www.iplay.com\/wp-content\/uploads\/2023\/12\/large_square_tile_image-2616.jpg","datePublished":"2020-10-23T00:00:00+00:00","description":"Es solo una pel\u00edcula... \u00bfCorrecto? Saborea la edici\u00f3n de coleccionista de Halloween Stories: Horror Movie","breadcrumb":{"@id":"https:\/\/www.iplay.com\/es\/games\/halloween-stories-horror-movie-collectors-edition\/#breadcrumb"},"inLanguage":"es","potentialAction":[{"@type":"ReadAction","target":["https:\/\/www.iplay.com\/es\/games\/halloween-stories-horror-movie-collectors-edition\/"]}]},{"@type":"ImageObject","inLanguage":"es","@id":"https:\/\/www.iplay.com\/es\/games\/halloween-stories-horror-movie-collectors-edition\/#primaryimage","url":"https:\/\/www.iplay.com\/wp-content\/uploads\/2023\/12\/large_square_tile_image-2616.jpg","contentUrl":"https:\/\/www.iplay.com\/wp-content\/uploads\/2023\/12\/large_square_tile_image-2616.jpg","width":310,"height":310},{"@type":"BreadcrumbList","@id":"https:\/\/www.iplay.com\/es\/games\/halloween-stories-horror-movie-collectors-edition\/#breadcrumb","itemListElement":[{"@type":"ListItem","position":1,"name":"Home","item":"https:\/\/www.iplay.com\/es\/home-page-2\/"},{"@type":"ListItem","position":2,"name":"Shop","item":"https:\/\/www.iplay.com\/en\/shop\/"},{"@type":"ListItem","position":3,"name":"Halloween Stories: Horror Movie Collector&#8217;s Edition"}]},{"@type":"WebSite","@id":"https:\/\/www.iplay.com\/en\/#website","url":"https:\/\/www.iplay.com\/en\/","name":"IPlay","description":"The Best Casual Games!","publisher":{"@id":"https:\/\/www.iplay.com\/en\/#organization"},"potentialAction":[{"@type":"SearchAction","target":{"@type":"EntryPoint","urlTemplate":"https:\/\/www.iplay.com\/en\/?s={search_term_string}"},"query-input":{"@type":"PropertyValueSpecification","valueRequired":true,"valueName":"search_term_string"}}],"inLanguage":"es"},{"@type":"Organization","@id":"https:\/\/www.iplay.com\/en\/#organization","name":"IPlay","url":"https:\/\/www.iplay.com\/en\/","logo":{"@type":"ImageObject","inLanguage":"es","@id":"https:\/\/www.iplay.com\/en\/#\/schema\/logo\/image\/","url":"https:\/\/www.iplay.com\/wp-content\/uploads\/2023\/11\/Group-6100.svg","contentUrl":"https:\/\/www.iplay.com\/wp-content\/uploads\/2023\/11\/Group-6100.svg","width":98,"height":25,"caption":"IPlay"},"image":{"@id":"https:\/\/www.iplay.com\/en\/#\/schema\/logo\/image\/"}}]}},"_links":{"self":[{"href":"https:\/\/www.iplay.com\/es\/wp-json\/wp\/v2\/product\/134967","targetHints":{"allow":["GET"]}}],"collection":[{"href":"https:\/\/www.iplay.com\/es\/wp-json\/wp\/v2\/product"}],"about":[{"href":"https:\/\/www.iplay.com\/es\/wp-json\/wp\/v2\/types\/product"}],"author":[{"embeddable":true,"href":"https:\/\/www.iplay.com\/es\/wp-json\/wp\/v2\/users\/17"}],"replies":[{"embeddable":true,"href":"https:\/\/www.iplay.com\/es\/wp-json\/wp\/v2\/comments?post=134967"}],"wp:featuredmedia":[{"embeddable":true,"href":"https:\/\/www.iplay.com\/es\/wp-json\/wp\/v2\/media\/81765"}],"wp:attachment":[{"href":"https:\/\/www.iplay.com\/es\/wp-json\/wp\/v2\/media?parent=134967"}],"wp:term":[{"taxonomy":"product_brand","embeddable":true,"href":"https:\/\/www.iplay.com\/es\/wp-json\/wp\/v2\/product_brand?post=134967"},{"taxonomy":"product_cat","embeddable":true,"href":"https:\/\/www.iplay.com\/es\/wp-json\/wp\/v2\/product_cat?post=134967"},{"taxonomy":"product_tag","embeddable":true,"href":"https:\/\/www.iplay.com\/es\/wp-json\/wp\/v2\/product_tag?post=134967"}],"curies":[{"name":"wp","href":"https:\/\/api.w.org\/{rel}","templated":true}]}}